{"id":18764,"date":"2024-01-05T18:27:27","date_gmt":"2024-01-05T16:27:27","guid":{"rendered":"https:\/\/arcticexcursions.com\/?post_type=product&#038;p=18764"},"modified":"2025-07-15T13:04:23","modified_gmt":"2025-07-15T11:04:23","slug":"camping-trips-out-to-the-russell-glacier","status":"publish","type":"product","link":"https:\/\/arcticexcursions.com\/da\/udflugter\/camping-trips-out-to-the-russell-glacier\/","title":{"rendered":"Campingtur til Russel Gletsjer"},"content":{"rendered":"<p>Et af de f\u00e5 steder i Gr\u00f8nland, hvor en minivan, en Toyota Landcuiser, kan navigere i det udfordrende terr\u00e6n, er Kangerlussuaq.<\/p>\n<p>Du skal dog tilbringe natten med at sove p\u00e5 den t\u00e5rnh\u00f8je isv\u00e6g, der fungerer som en barriere mellem land og is. <\/p>\n<p>Afh\u00e6ngigt af stien vil det tage os et par hundrede meter eller 1,5 kilometer at komme dertil, hvor vi sl\u00e5r lejr, mens vi lytter til gletsjeren, der k\u00e6lver, og elven, der bruser forbi. Og, hvis der ikke er s\u00e6rlige arrangementer, hvor jeg vil tage af sted n\u00e6ste dag. <\/p>\n<p>Hold sikker afstand til iskolosserne og smeltevandsfloden, som begge har potentiale til at kollapse pludseligt. Det er vigtigt hele tiden at have det i baghovedet.<\/p>\n<p><b>Varighed:<\/b> 1 dag <\/p>\n<p><b>Minimum:<\/b> 2 personer<\/p>\n<p><b>Maksimum:<\/b> 6 personer<\/p>\n","protected":false},"excerpt":{"rendered":"<p>Oplev at v\u00e6re p\u00e5 telttur ved Russel Gletsjer!<\/p>\n","protected":false},"featured_media":32121,"comment_status":"open","ping_status":"closed","template":"","meta":{"_acf_changed":false},"product_brand":[],"product_cat":[101,170],"product_tag":[],"class_list":{"0":"post-18764","1":"product","2":"type-product","3":"status-publish","4":"has-post-thumbnail","6":"product_cat-tour","7":"product_cat-udflugt","8":"pa_dato-902","9":"pa_dato-1141","10":"pa_dato-1028","11":"pa_dato-5882","12":"pa_tidspunkt-40","13":"pa_tidspunkt-190","14":"pa_tidspunkt-308","15":"tour_location-kangerlussuaq-da","16":"tour_type-outdoor-da","17":"tour_tickettype-arctic_excursions","18":"tour_operator-arctic-ice-tours","20":"first","21":"outofstock","22":"shipping-taxable","23":"product-type-variable"},"acf":[],"yoast_head":"<!-- This site is optimized with the Yoast SEO plugin v23.6 - https:\/\/yoast.com\/wordpress\/plugins\/seo\/ -->\n<title>Arctic Excursions<\/title>\n<meta name=\"robots\" content=\"index, follow, max-snippet:-1, max-image-preview:large, max-video-preview:-1\" \/>\n<link rel=\"canonical\" href=\"https:\/\/arcticexcursions.com\/udflugter\/camping-trips-out-to-the-russell-glacier\/\" \/>\n<meta property=\"og:locale\" content=\"da_DK\" \/>\n<meta property=\"og:type\" content=\"article\" \/>\n<meta property=\"og:title\" content=\"Campingtur til Russel Gletsjer - Arctic Excursions\" \/>\n<meta property=\"og:description\" content=\"Oplev at v\u00e6re p\u00e5 telttur ved Russel Gletsjer!\" \/>\n<meta property=\"og:url\" content=\"https:\/\/arcticexcursions.com\/udflugter\/camping-trips-out-to-the-russell-glacier\/\" \/>\n<meta property=\"og:site_name\" content=\"Arctic Excursions\" \/>\n<meta property=\"article:modified_time\" content=\"2025-07-15T11:04:23+00:00\" \/>\n<meta property=\"og:image\" content=\"https:\/\/arcticexcursions.com\/wp-content\/uploads\/2024\/02\/420720979_1057887135441402_8858912853488916000_n.jpg\" \/>\n\t<meta property=\"og:image:width\" content=\"1179\" \/>\n\t<meta property=\"og:image:height\" content=\"884\" \/>\n\t<meta property=\"og:image:type\" content=\"image\/jpeg\" \/>\n<meta name=\"twitter:card\" content=\"summary_large_image\" \/>\n<meta name=\"twitter:label1\" content=\"Estimeret l\u00e6setid\" \/>\n\t<meta name=\"twitter:data1\" content=\"1 minut\" \/>\n<script type=\"application\/ld+json\" class=\"yoast-schema-graph\">{\"@context\":\"https:\/\/schema.org\",\"@graph\":[{\"@type\":\"WebPage\",\"@id\":\"https:\/\/arcticexcursions.com\/udflugter\/camping-trips-out-to-the-russell-glacier\/\",\"url\":\"https:\/\/arcticexcursions.com\/udflugter\/camping-trips-out-to-the-russell-glacier\/\",\"name\":\"Campingtur til Russel Gletsjer - Arctic Excursions\",\"isPartOf\":{\"@id\":\"https:\/\/arcticexcursions.com\/#website\"},\"primaryImageOfPage\":{\"@id\":\"https:\/\/arcticexcursions.com\/udflugter\/camping-trips-out-to-the-russell-glacier\/#primaryimage\"},\"image\":{\"@id\":\"https:\/\/arcticexcursions.com\/udflugter\/camping-trips-out-to-the-russell-glacier\/#primaryimage\"},\"thumbnailUrl\":\"https:\/\/arcticexcursions.com\/wp-content\/uploads\/2024\/02\/420720979_1057887135441402_8858912853488916000_n.jpg\",\"datePublished\":\"2024-01-05T16:27:27+00:00\",\"dateModified\":\"2025-07-15T11:04:23+00:00\",\"breadcrumb\":{\"@id\":\"https:\/\/arcticexcursions.com\/udflugter\/camping-trips-out-to-the-russell-glacier\/#breadcrumb\"},\"inLanguage\":\"da-DK\",\"potentialAction\":[{\"@type\":\"ReadAction\",\"target\":[\"https:\/\/arcticexcursions.com\/udflugter\/camping-trips-out-to-the-russell-glacier\/\"]}]},{\"@type\":\"ImageObject\",\"inLanguage\":\"da-DK\",\"@id\":\"https:\/\/arcticexcursions.com\/udflugter\/camping-trips-out-to-the-russell-glacier\/#primaryimage\",\"url\":\"https:\/\/arcticexcursions.com\/wp-content\/uploads\/2024\/02\/420720979_1057887135441402_8858912853488916000_n.jpg\",\"contentUrl\":\"https:\/\/arcticexcursions.com\/wp-content\/uploads\/2024\/02\/420720979_1057887135441402_8858912853488916000_n.jpg\",\"width\":1179,\"height\":884},{\"@type\":\"BreadcrumbList\",\"@id\":\"https:\/\/arcticexcursions.com\/udflugter\/camping-trips-out-to-the-russell-glacier\/#breadcrumb\",\"itemListElement\":[{\"@type\":\"ListItem\",\"position\":1,\"name\":\"Home\",\"item\":\"https:\/\/arcticexcursions.com\/da\/\"},{\"@type\":\"ListItem\",\"position\":2,\"name\":\"Udflugter i Gr\u00f8nland\",\"item\":\"https:\/\/arcticexcursions.com\/da\/udflugter\/\"},{\"@type\":\"ListItem\",\"position\":3,\"name\":\"Campingtur til Russel Gletsjer\"}]},{\"@type\":\"WebSite\",\"@id\":\"https:\/\/arcticexcursions.com\/#website\",\"url\":\"https:\/\/arcticexcursions.com\/\",\"name\":\"Arctic Excursions\",\"description\":\"New adventures. Every day.\",\"publisher\":{\"@id\":\"https:\/\/arcticexcursions.com\/#organization\"},\"potentialAction\":[{\"@type\":\"SearchAction\",\"target\":{\"@type\":\"EntryPoint\",\"urlTemplate\":\"https:\/\/arcticexcursions.com\/?s={search_term_string}\"},\"query-input\":{\"@type\":\"PropertyValueSpecification\",\"valueRequired\":true,\"valueName\":\"search_term_string\"}}],\"inLanguage\":\"da-DK\"},{\"@type\":\"Organization\",\"@id\":\"https:\/\/arcticexcursions.com\/#organization\",\"name\":\"Arctic Excursions\",\"url\":\"https:\/\/arcticexcursions.com\/\",\"logo\":{\"@type\":\"ImageObject\",\"inLanguage\":\"da-DK\",\"@id\":\"https:\/\/arcticexcursions.com\/#\/schema\/logo\/image\/\",\"url\":\"https:\/\/arcticexcursions.com\/wp-content\/uploads\/2022\/11\/fb-logo.png\",\"contentUrl\":\"https:\/\/arcticexcursions.com\/wp-content\/uploads\/2022\/11\/fb-logo.png\",\"width\":523,\"height\":523,\"caption\":\"Arctic Excursions\"},\"image\":{\"@id\":\"https:\/\/arcticexcursions.com\/#\/schema\/logo\/image\/\"}}]}<\/script>\n<!-- \/ Yoast SEO plugin. -->","yoast_head_json":{"title":"Arctic Excursions","robots":{"index":"index","follow":"follow","max-snippet":"max-snippet:-1","max-image-preview":"max-image-preview:large","max-video-preview":"max-video-preview:-1"},"canonical":"https:\/\/arcticexcursions.com\/udflugter\/camping-trips-out-to-the-russell-glacier\/","og_locale":"da_DK","og_type":"article","og_title":"Campingtur til Russel Gletsjer - Arctic Excursions","og_description":"Oplev at v\u00e6re p\u00e5 telttur ved Russel Gletsjer!","og_url":"https:\/\/arcticexcursions.com\/udflugter\/camping-trips-out-to-the-russell-glacier\/","og_site_name":"Arctic Excursions","article_modified_time":"2025-07-15T11:04:23+00:00","og_image":[{"width":1179,"height":884,"url":"https:\/\/arcticexcursions.com\/wp-content\/uploads\/2024\/02\/420720979_1057887135441402_8858912853488916000_n.jpg","type":"image\/jpeg"}],"twitter_card":"summary_large_image","twitter_misc":{"Estimeret l\u00e6setid":"1 minut"},"schema":{"@context":"https:\/\/schema.org","@graph":[{"@type":"WebPage","@id":"https:\/\/arcticexcursions.com\/udflugter\/camping-trips-out-to-the-russell-glacier\/","url":"https:\/\/arcticexcursions.com\/udflugter\/camping-trips-out-to-the-russell-glacier\/","name":"Campingtur til Russel Gletsjer - Arctic Excursions","isPartOf":{"@id":"https:\/\/arcticexcursions.com\/#website"},"primaryImageOfPage":{"@id":"https:\/\/arcticexcursions.com\/udflugter\/camping-trips-out-to-the-russell-glacier\/#primaryimage"},"image":{"@id":"https:\/\/arcticexcursions.com\/udflugter\/camping-trips-out-to-the-russell-glacier\/#primaryimage"},"thumbnailUrl":"https:\/\/arcticexcursions.com\/wp-content\/uploads\/2024\/02\/420720979_1057887135441402_8858912853488916000_n.jpg","datePublished":"2024-01-05T16:27:27+00:00","dateModified":"2025-07-15T11:04:23+00:00","breadcrumb":{"@id":"https:\/\/arcticexcursions.com\/udflugter\/camping-trips-out-to-the-russell-glacier\/#breadcrumb"},"inLanguage":"da-DK","potentialAction":[{"@type":"ReadAction","target":["https:\/\/arcticexcursions.com\/udflugter\/camping-trips-out-to-the-russell-glacier\/"]}]},{"@type":"ImageObject","inLanguage":"da-DK","@id":"https:\/\/arcticexcursions.com\/udflugter\/camping-trips-out-to-the-russell-glacier\/#primaryimage","url":"https:\/\/arcticexcursions.com\/wp-content\/uploads\/2024\/02\/420720979_1057887135441402_8858912853488916000_n.jpg","contentUrl":"https:\/\/arcticexcursions.com\/wp-content\/uploads\/2024\/02\/420720979_1057887135441402_8858912853488916000_n.jpg","width":1179,"height":884},{"@type":"BreadcrumbList","@id":"https:\/\/arcticexcursions.com\/udflugter\/camping-trips-out-to-the-russell-glacier\/#breadcrumb","itemListElement":[{"@type":"ListItem","position":1,"name":"Home","item":"https:\/\/arcticexcursions.com\/da\/"},{"@type":"ListItem","position":2,"name":"Udflugter i Gr\u00f8nland","item":"https:\/\/arcticexcursions.com\/da\/udflugter\/"},{"@type":"ListItem","position":3,"name":"Campingtur til Russel Gletsjer"}]},{"@type":"WebSite","@id":"https:\/\/arcticexcursions.com\/#website","url":"https:\/\/arcticexcursions.com\/","name":"Arctic Excursions","description":"New adventures. Every day.","publisher":{"@id":"https:\/\/arcticexcursions.com\/#organization"},"potentialAction":[{"@type":"SearchAction","target":{"@type":"EntryPoint","urlTemplate":"https:\/\/arcticexcursions.com\/?s={search_term_string}"},"query-input":{"@type":"PropertyValueSpecification","valueRequired":true,"valueName":"search_term_string"}}],"inLanguage":"da-DK"},{"@type":"Organization","@id":"https:\/\/arcticexcursions.com\/#organization","name":"Arctic Excursions","url":"https:\/\/arcticexcursions.com\/","logo":{"@type":"ImageObject","inLanguage":"da-DK","@id":"https:\/\/arcticexcursions.com\/#\/schema\/logo\/image\/","url":"https:\/\/arcticexcursions.com\/wp-content\/uploads\/2022\/11\/fb-logo.png","contentUrl":"https:\/\/arcticexcursions.com\/wp-content\/uploads\/2022\/11\/fb-logo.png","width":523,"height":523,"caption":"Arctic Excursions"},"image":{"@id":"https:\/\/arcticexcursions.com\/#\/schema\/logo\/image\/"}}]}},"_links":{"self":[{"href":"https:\/\/arcticexcursions.com\/da\/wp-json\/wp\/v2\/product\/18764"}],"collection":[{"href":"https:\/\/arcticexcursions.com\/da\/wp-json\/wp\/v2\/product"}],"about":[{"href":"https:\/\/arcticexcursions.com\/da\/wp-json\/wp\/v2\/types\/product"}],"replies":[{"embeddable":true,"href":"https:\/\/arcticexcursions.com\/da\/wp-json\/wp\/v2\/comments?post=18764"}],"wp:featuredmedia":[{"embeddable":true,"href":"https:\/\/arcticexcursions.com\/da\/wp-json\/wp\/v2\/media\/32121"}],"wp:attachment":[{"href":"https:\/\/arcticexcursions.com\/da\/wp-json\/wp\/v2\/media?parent=18764"}],"wp:term":[{"taxonomy":"product_brand","embeddable":true,"href":"https:\/\/arcticexcursions.com\/da\/wp-json\/wp\/v2\/product_brand?post=18764"},{"taxonomy":"product_cat","embeddable":true,"href":"https:\/\/arcticexcursions.com\/da\/wp-json\/wp\/v2\/product_cat?post=18764"},{"taxonomy":"product_tag","embeddable":true,"href":"https:\/\/arcticexcursions.com\/da\/wp-json\/wp\/v2\/product_tag?post=18764"}],"curies":[{"name":"wp","href":"https:\/\/api.w.org\/{rel}","templated":true}]}}