{"id":19050,"date":"2023-08-01T12:34:25","date_gmt":"2023-08-01T10:34:25","guid":{"rendered":"https:\/\/arcticexcursions.com\/?post_type=product&#038;p=19050"},"modified":"2025-11-03T15:15:36","modified_gmt":"2025-11-03T13:15:36","slug":"old-city-walk","status":"publish","type":"product","link":"https:\/\/arcticexcursions.com\/da\/udflugter\/old-city-walk\/","title":{"rendered":"Old City Walk"},"content":{"rendered":"<p>Denne tur giver en god introduktion til en af de mindste storbyer i verdenen!<br \/>\nNuuk er en by, hvor gammel og moderne kultur m\u00f8des og trives godt sammen.<\/p>\n<p>Turen starter nede ved kolonihavnen, t\u00e6t p\u00e5 nationalmuseet, som du m\u00e5ske kunne t\u00e6nke dig at bes\u00f8ge. Det er et meget popul\u00e6rt omr\u00e5de.<br \/>\nP\u00e5 byvandringen g\u00e5r vi forbi historiske bygninger, monumenter og statuer, f.eks. Hans Egedes hus, hvilket er den \u00e6ldste bevaret hus i Gr\u00f8nland og en af de f\u00f8rste kirker i Gr\u00f8nland. Vi tager et kort stop ved \u201cHavets moder\u201d statuen, og h\u00f8rer om myten bag hendes historie. Vi kommer ogs\u00e5 til at se den gamle hospital fra ca. 1930\u2019erne.<\/p>\n<p>Derfra g\u00e5r vi videre og stopper ved Gr\u00f8nlands katedral (Vor frelser kirke) og h\u00f8re historien om kirken. Selvf\u00f8lgelig tager vi ogs\u00e5 op til \u201cQaqqaq\u201d hvor den ber\u00f8mte Hans Egede statuen er.<\/p>\n<p>Derefter tager vi et hurtigt kig forbi fiskemarkedet, hvor man kan se de forskellige fisk og dyr de s\u00e6lger, (kommer an p\u00e5 s\u00e6son \u2013 \u201cde lokale fangere g\u00e5r p\u00e5 jagt efter s\u00e6son\u201d, s\u00e5 man kunne se: Rensdyr, torsk, stenbiderrogn, forskellige b\u00e6r, hvaler osv. ) <\/p>\n<p>Til sidst g\u00e5r vi ind til den moderne del af Nuuk, hvor parlament bygningen ligger og turen slutter n\u00e5r vi ankommer til \u201cKatuaq\u201d \u2013 Kultur huset.<\/p>\n<p>Der vil v\u00e6re sm\u00e5 anekdoter undervejs p\u00e5 turen.<\/p>\n<p><b>Varighed:<\/b> 1 timer<\/p>\n<p><b>Deltagere:<\/b> Bem\u00e6rk venligst, at udflugten kun gennemf\u00f8res, hvis der er mindst 2 bookede billetter i alt. Hvis du for eksempel booker 1 billet, skal der s\u00e6lges mindst 1 yderligere billet til andre kunder, f\u00f8r turen kan finde sted. Der vil deltage maksimalt 12 personer.<\/p>\n<p><b>Sprog:<\/b> Guiden taler dansk, engelsk og gr\u00f8nlandsk.<\/p>\n<p><b>Sv\u00e6rhedsgrad:<\/b> Alle der kan g\u00e5 i roligt tempo med pauser ved sev\u00e6rdighederne, kan deltage i denne tur.<\/p>\n<p><b>Anbefalet p\u00e5kl\u00e6dning:<\/b> Praktiske sko og varmt t\u00f8j hvis temperaturen er lav. Solbriller og solcreme om sommeren.<\/p>\n","protected":false},"excerpt":{"rendered":"<p>Oplev historien om den gamle kolonihavn ved at g\u00e5 med os.<\/p>\n","protected":false},"featured_media":19035,"comment_status":"open","ping_status":"closed","template":"","meta":{"_acf_changed":false},"product_brand":[],"product_cat":[101,170],"product_tag":[],"class_list":{"0":"post-19050","1":"product","2":"type-product","3":"status-publish","4":"has-post-thumbnail","6":"product_cat-tour","7":"product_cat-udflugt","8":"pa_dato-559","9":"pa_dato-588","10":"pa_dato-589","11":"pa_dato-590","12":"pa_dato-735","13":"pa_dato-591","14":"pa_dato-592","15":"pa_dato-593","16":"pa_dato-594","17":"pa_dato-736","18":"pa_dato-596","19":"pa_dato-513","20":"pa_dato-512","21":"pa_dato-695","22":"pa_dato-737","23":"pa_dato-597","24":"pa_dato-598","25":"pa_dato-599","26":"pa_dato-739","27":"pa_dato-740","28":"pa_dato-738","29":"pa_dato-601","30":"pa_dato-602","31":"pa_dato-603","32":"pa_dato-604","33":"pa_dato-1101","34":"pa_dato-1128","35":"pa_dato-1028","36":"pa_dato-1146","37":"pa_dato-6043","38":"pa_dato-6072","39":"pa_dato-6075","40":"pa_dato-6018","41":"pa_tidspunkt-189","42":"pa_tidspunkt-72","43":"pa_tidspunkt-38","44":"pa_tidspunkt-40","45":"pa_tidspunkt-304","46":"pa_tidspunkt-77","47":"pa_tidspunkt-177","48":"pa_tidspunkt-314","49":"pa_tidspunkt-308","50":"pa_tidspunkt-27","51":"pa_tidspunkt-61","52":"pa_tidspunkt-60","53":"pa_tidspunkt-426","54":"pa_tidspunkt-110","55":"pa_tidspunkt-69","56":"pa_tidspunkt-205","57":"pa_tidspunkt-770","58":"pa_tidspunkt-255","59":"pa_tidspunkt-828","60":"pa_tidspunkt-86","61":"pa_tidspunkt-231","62":"tour_location-nuuk-da","63":"tour_type-byvandring","64":"tour_tickettype-arctic_excursions","65":"tour_operator-inuit-navigate","67":"first","68":"outofstock","69":"shipping-taxable","70":"product-type-variable"},"acf":[],"yoast_head":"<!-- This site is optimized with the Yoast SEO plugin v23.6 - https:\/\/yoast.com\/wordpress\/plugins\/seo\/ -->\n<title>Arctic Excursions<\/title>\n<meta name=\"robots\" content=\"index, follow, max-snippet:-1, max-image-preview:large, max-video-preview:-1\" \/>\n<link rel=\"canonical\" href=\"https:\/\/arcticexcursions.com\/da\/udflugter\/old-city-walk\/\" \/>\n<meta property=\"og:locale\" content=\"da_DK\" \/>\n<meta property=\"og:type\" content=\"article\" \/>\n<meta property=\"og:title\" content=\"Old City Walk - Arctic Excursions\" \/>\n<meta property=\"og:description\" content=\"Oplev historien om den gamle kolonihavn ved at g\u00e5 med os.\" \/>\n<meta property=\"og:url\" content=\"https:\/\/arcticexcursions.com\/da\/udflugter\/old-city-walk\/\" \/>\n<meta property=\"og:site_name\" content=\"Arctic Excursions\" \/>\n<meta property=\"article:modified_time\" content=\"2025-11-03T13:15:36+00:00\" \/>\n<meta property=\"og:image\" content=\"https:\/\/arcticexcursions.com\/wp-content\/uploads\/2023\/07\/old-colonial-harbour-1.jpg\" \/>\n\t<meta property=\"og:image:width\" content=\"1512\" \/>\n\t<meta property=\"og:image:height\" content=\"2016\" \/>\n\t<meta property=\"og:image:type\" content=\"image\/jpeg\" \/>\n<meta name=\"twitter:card\" content=\"summary_large_image\" \/>\n<meta name=\"twitter:label1\" content=\"Estimeret l\u00e6setid\" \/>\n\t<meta name=\"twitter:data1\" content=\"2 minutter\" \/>\n<script type=\"application\/ld+json\" class=\"yoast-schema-graph\">{\"@context\":\"https:\/\/schema.org\",\"@graph\":[{\"@type\":\"WebPage\",\"@id\":\"https:\/\/arcticexcursions.com\/da\/udflugter\/old-city-walk\/\",\"url\":\"https:\/\/arcticexcursions.com\/da\/udflugter\/old-city-walk\/\",\"name\":\"Old City Walk - Arctic Excursions\",\"isPartOf\":{\"@id\":\"https:\/\/arcticexcursions.com\/#website\"},\"primaryImageOfPage\":{\"@id\":\"https:\/\/arcticexcursions.com\/da\/udflugter\/old-city-walk\/#primaryimage\"},\"image\":{\"@id\":\"https:\/\/arcticexcursions.com\/da\/udflugter\/old-city-walk\/#primaryimage\"},\"thumbnailUrl\":\"https:\/\/arcticexcursions.com\/wp-content\/uploads\/2023\/07\/old-colonial-harbour-1.jpg\",\"datePublished\":\"2023-08-01T10:34:25+00:00\",\"dateModified\":\"2025-11-03T13:15:36+00:00\",\"breadcrumb\":{\"@id\":\"https:\/\/arcticexcursions.com\/da\/udflugter\/old-city-walk\/#breadcrumb\"},\"inLanguage\":\"da-DK\",\"potentialAction\":[{\"@type\":\"ReadAction\",\"target\":[\"https:\/\/arcticexcursions.com\/da\/udflugter\/old-city-walk\/\"]}]},{\"@type\":\"ImageObject\",\"inLanguage\":\"da-DK\",\"@id\":\"https:\/\/arcticexcursions.com\/da\/udflugter\/old-city-walk\/#primaryimage\",\"url\":\"https:\/\/arcticexcursions.com\/wp-content\/uploads\/2023\/07\/old-colonial-harbour-1.jpg\",\"contentUrl\":\"https:\/\/arcticexcursions.com\/wp-content\/uploads\/2023\/07\/old-colonial-harbour-1.jpg\",\"width\":1512,\"height\":2016},{\"@type\":\"BreadcrumbList\",\"@id\":\"https:\/\/arcticexcursions.com\/da\/udflugter\/old-city-walk\/#breadcrumb\",\"itemListElement\":[{\"@type\":\"ListItem\",\"position\":1,\"name\":\"Home\",\"item\":\"https:\/\/arcticexcursions.com\/da\/\"},{\"@type\":\"ListItem\",\"position\":2,\"name\":\"Udflugter i Gr\u00f8nland\",\"item\":\"https:\/\/arcticexcursions.com\/da\/udflugter\/\"},{\"@type\":\"ListItem\",\"position\":3,\"name\":\"Old City Walk\"}]},{\"@type\":\"WebSite\",\"@id\":\"https:\/\/arcticexcursions.com\/#website\",\"url\":\"https:\/\/arcticexcursions.com\/\",\"name\":\"Arctic Excursions\",\"description\":\"New adventures. Every day.\",\"publisher\":{\"@id\":\"https:\/\/arcticexcursions.com\/#organization\"},\"potentialAction\":[{\"@type\":\"SearchAction\",\"target\":{\"@type\":\"EntryPoint\",\"urlTemplate\":\"https:\/\/arcticexcursions.com\/?s={search_term_string}\"},\"query-input\":{\"@type\":\"PropertyValueSpecification\",\"valueRequired\":true,\"valueName\":\"search_term_string\"}}],\"inLanguage\":\"da-DK\"},{\"@type\":\"Organization\",\"@id\":\"https:\/\/arcticexcursions.com\/#organization\",\"name\":\"Arctic Excursions\",\"url\":\"https:\/\/arcticexcursions.com\/\",\"logo\":{\"@type\":\"ImageObject\",\"inLanguage\":\"da-DK\",\"@id\":\"https:\/\/arcticexcursions.com\/#\/schema\/logo\/image\/\",\"url\":\"https:\/\/arcticexcursions.com\/wp-content\/uploads\/2022\/11\/fb-logo.png\",\"contentUrl\":\"https:\/\/arcticexcursions.com\/wp-content\/uploads\/2022\/11\/fb-logo.png\",\"width\":523,\"height\":523,\"caption\":\"Arctic Excursions\"},\"image\":{\"@id\":\"https:\/\/arcticexcursions.com\/#\/schema\/logo\/image\/\"}}]}<\/script>\n<!-- \/ Yoast SEO plugin. -->","yoast_head_json":{"title":"Arctic Excursions","robots":{"index":"index","follow":"follow","max-snippet":"max-snippet:-1","max-image-preview":"max-image-preview:large","max-video-preview":"max-video-preview:-1"},"canonical":"https:\/\/arcticexcursions.com\/da\/udflugter\/old-city-walk\/","og_locale":"da_DK","og_type":"article","og_title":"Old City Walk - Arctic Excursions","og_description":"Oplev historien om den gamle kolonihavn ved at g\u00e5 med os.","og_url":"https:\/\/arcticexcursions.com\/da\/udflugter\/old-city-walk\/","og_site_name":"Arctic Excursions","article_modified_time":"2025-11-03T13:15:36+00:00","og_image":[{"width":1512,"height":2016,"url":"https:\/\/arcticexcursions.com\/wp-content\/uploads\/2023\/07\/old-colonial-harbour-1.jpg","type":"image\/jpeg"}],"twitter_card":"summary_large_image","twitter_misc":{"Estimeret l\u00e6setid":"2 minutter"},"schema":{"@context":"https:\/\/schema.org","@graph":[{"@type":"WebPage","@id":"https:\/\/arcticexcursions.com\/da\/udflugter\/old-city-walk\/","url":"https:\/\/arcticexcursions.com\/da\/udflugter\/old-city-walk\/","name":"Old City Walk - Arctic Excursions","isPartOf":{"@id":"https:\/\/arcticexcursions.com\/#website"},"primaryImageOfPage":{"@id":"https:\/\/arcticexcursions.com\/da\/udflugter\/old-city-walk\/#primaryimage"},"image":{"@id":"https:\/\/arcticexcursions.com\/da\/udflugter\/old-city-walk\/#primaryimage"},"thumbnailUrl":"https:\/\/arcticexcursions.com\/wp-content\/uploads\/2023\/07\/old-colonial-harbour-1.jpg","datePublished":"2023-08-01T10:34:25+00:00","dateModified":"2025-11-03T13:15:36+00:00","breadcrumb":{"@id":"https:\/\/arcticexcursions.com\/da\/udflugter\/old-city-walk\/#breadcrumb"},"inLanguage":"da-DK","potentialAction":[{"@type":"ReadAction","target":["https:\/\/arcticexcursions.com\/da\/udflugter\/old-city-walk\/"]}]},{"@type":"ImageObject","inLanguage":"da-DK","@id":"https:\/\/arcticexcursions.com\/da\/udflugter\/old-city-walk\/#primaryimage","url":"https:\/\/arcticexcursions.com\/wp-content\/uploads\/2023\/07\/old-colonial-harbour-1.jpg","contentUrl":"https:\/\/arcticexcursions.com\/wp-content\/uploads\/2023\/07\/old-colonial-harbour-1.jpg","width":1512,"height":2016},{"@type":"BreadcrumbList","@id":"https:\/\/arcticexcursions.com\/da\/udflugter\/old-city-walk\/#breadcrumb","itemListElement":[{"@type":"ListItem","position":1,"name":"Home","item":"https:\/\/arcticexcursions.com\/da\/"},{"@type":"ListItem","position":2,"name":"Udflugter i Gr\u00f8nland","item":"https:\/\/arcticexcursions.com\/da\/udflugter\/"},{"@type":"ListItem","position":3,"name":"Old City Walk"}]},{"@type":"WebSite","@id":"https:\/\/arcticexcursions.com\/#website","url":"https:\/\/arcticexcursions.com\/","name":"Arctic Excursions","description":"New adventures. Every day.","publisher":{"@id":"https:\/\/arcticexcursions.com\/#organization"},"potentialAction":[{"@type":"SearchAction","target":{"@type":"EntryPoint","urlTemplate":"https:\/\/arcticexcursions.com\/?s={search_term_string}"},"query-input":{"@type":"PropertyValueSpecification","valueRequired":true,"valueName":"search_term_string"}}],"inLanguage":"da-DK"},{"@type":"Organization","@id":"https:\/\/arcticexcursions.com\/#organization","name":"Arctic Excursions","url":"https:\/\/arcticexcursions.com\/","logo":{"@type":"ImageObject","inLanguage":"da-DK","@id":"https:\/\/arcticexcursions.com\/#\/schema\/logo\/image\/","url":"https:\/\/arcticexcursions.com\/wp-content\/uploads\/2022\/11\/fb-logo.png","contentUrl":"https:\/\/arcticexcursions.com\/wp-content\/uploads\/2022\/11\/fb-logo.png","width":523,"height":523,"caption":"Arctic Excursions"},"image":{"@id":"https:\/\/arcticexcursions.com\/#\/schema\/logo\/image\/"}}]}},"_links":{"self":[{"href":"https:\/\/arcticexcursions.com\/da\/wp-json\/wp\/v2\/product\/19050"}],"collection":[{"href":"https:\/\/arcticexcursions.com\/da\/wp-json\/wp\/v2\/product"}],"about":[{"href":"https:\/\/arcticexcursions.com\/da\/wp-json\/wp\/v2\/types\/product"}],"replies":[{"embeddable":true,"href":"https:\/\/arcticexcursions.com\/da\/wp-json\/wp\/v2\/comments?post=19050"}],"wp:featuredmedia":[{"embeddable":true,"href":"https:\/\/arcticexcursions.com\/da\/wp-json\/wp\/v2\/media\/19035"}],"wp:attachment":[{"href":"https:\/\/arcticexcursions.com\/da\/wp-json\/wp\/v2\/media?parent=19050"}],"wp:term":[{"taxonomy":"product_brand","embeddable":true,"href":"https:\/\/arcticexcursions.com\/da\/wp-json\/wp\/v2\/product_brand?post=19050"},{"taxonomy":"product_cat","embeddable":true,"href":"https:\/\/arcticexcursions.com\/da\/wp-json\/wp\/v2\/product_cat?post=19050"},{"taxonomy":"product_tag","embeddable":true,"href":"https:\/\/arcticexcursions.com\/da\/wp-json\/wp\/v2\/product_tag?post=19050"}],"curies":[{"name":"wp","href":"https:\/\/api.w.org\/{rel}","templated":true}]}}