{"id":19138,"date":"2023-08-01T17:18:06","date_gmt":"2023-08-01T15:18:06","guid":{"rendered":"https:\/\/arcticexcursions.com\/?post_type=product&#038;p=19138"},"modified":"2024-05-08T14:06:55","modified_gmt":"2024-05-08T12:06:55","slug":"vandretur-paa-den-blaa-rute","status":"publish","type":"product","link":"https:\/\/arcticexcursions.com\/da\/udflugter\/vandretur-paa-den-blaa-rute\/","title":{"rendered":"Vandretur p\u00e5 den Bl\u00e5 rute"},"content":{"rendered":"<p>Vi tager dig ud p\u00e5 en fantastisk vandretur p\u00e5 den bl\u00e5 rute. <\/p>\n<p>Vi henter jer ved jeres overnatningssted, hvorefter vi transporterer jer til, hvor turen starter ved Isfjordscentret.<br \/>\nEfter vi er steget af bussen, laver vores lokale guide en lille briefing ang\u00e5ende turen.<br \/>\nDenne vandretur er en fantastisk m\u00e5de at se og opleve de smukke omgivelser, som Ilulissat besidder.<br \/>\nDer vil v\u00e6re nogle stoppesteder, og i f\u00e5r mulighed for at tage nogle gode billeder og nyde stilheden. <\/p>\n<p><b>Varighed:<\/b> 4 timer<\/p>\n<p><b>Inkluderet:<\/b> Transport &#038; madpakke<\/p>\n","protected":false},"excerpt":{"rendered":"<p>Oplev den fantastiske vandretur p\u00e5 den bl\u00e5 rute i Ilulissat. <\/p>\n","protected":false},"featured_media":0,"comment_status":"open","ping_status":"closed","template":"","meta":{"_acf_changed":false},"product_brand":[],"product_cat":[170],"product_tag":[],"class_list":{"0":"post-19138","1":"product","2":"type-product","3":"status-publish","5":"product_cat-udflugt","6":"pa_dato-695","7":"pa_dato-1063","8":"pa_dato-1064","9":"pa_dato-1065","10":"pa_dato-1066","11":"pa_tidspunkt-35","12":"pa_tidspunkt-40","13":"pa_tidspunkt-58","14":"pa_tidspunkt-76","15":"tour_location-ilulissat-da","16":"tour_type-vandreture","17":"tour_tickettype-arctic_excursions","18":"tour_operator-iws-tours","20":"first","21":"outofstock","22":"shipping-taxable","23":"product-type-variable"},"acf":[],"yoast_head":"<!-- This site is optimized with the Yoast SEO plugin v23.6 - https:\/\/yoast.com\/wordpress\/plugins\/seo\/ -->\n<title>Arctic Excursions<\/title>\n<meta name=\"robots\" content=\"index, follow, max-snippet:-1, max-image-preview:large, max-video-preview:-1\" \/>\n<link rel=\"canonical\" href=\"https:\/\/arcticexcursions.com\/udflugter\/vandretur-paa-den-blaa-rute\/\" \/>\n<meta property=\"og:locale\" content=\"da_DK\" \/>\n<meta property=\"og:type\" content=\"article\" \/>\n<meta property=\"og:title\" content=\"Vandretur p\u00e5 den Bl\u00e5 rute - Arctic Excursions\" \/>\n<meta property=\"og:description\" content=\"Oplev den fantastiske vandretur p\u00e5 den bl\u00e5 rute i Ilulissat.\" \/>\n<meta property=\"og:url\" content=\"https:\/\/arcticexcursions.com\/udflugter\/vandretur-paa-den-blaa-rute\/\" \/>\n<meta property=\"og:site_name\" content=\"Arctic Excursions\" \/>\n<meta property=\"article:modified_time\" content=\"2024-05-08T12:06:55+00:00\" \/>\n<meta property=\"og:image\" content=\"https:\/\/arcticexcursions.com\/wp-content\/uploads\/2022\/12\/Two-women-on-the-boardwalk-near-Sermermiut-with-icebergs-in-the-background-in-Ilulissat-in-Greenland-scaled.jpg\" \/>\n\t<meta property=\"og:image:width\" content=\"2560\" \/>\n\t<meta property=\"og:image:height\" content=\"1707\" \/>\n\t<meta property=\"og:image:type\" content=\"image\/jpeg\" \/>\n<meta name=\"twitter:card\" content=\"summary_large_image\" \/>\n<script type=\"application\/ld+json\" class=\"yoast-schema-graph\">{\"@context\":\"https:\/\/schema.org\",\"@graph\":[{\"@type\":\"WebPage\",\"@id\":\"https:\/\/arcticexcursions.com\/udflugter\/vandretur-paa-den-blaa-rute\/\",\"url\":\"https:\/\/arcticexcursions.com\/udflugter\/vandretur-paa-den-blaa-rute\/\",\"name\":\"Vandretur p\u00e5 den Bl\u00e5 rute - Arctic Excursions\",\"isPartOf\":{\"@id\":\"https:\/\/arcticexcursions.com\/#website\"},\"datePublished\":\"2023-08-01T15:18:06+00:00\",\"dateModified\":\"2024-05-08T12:06:55+00:00\",\"breadcrumb\":{\"@id\":\"https:\/\/arcticexcursions.com\/udflugter\/vandretur-paa-den-blaa-rute\/#breadcrumb\"},\"inLanguage\":\"da-DK\",\"potentialAction\":[{\"@type\":\"ReadAction\",\"target\":[\"https:\/\/arcticexcursions.com\/udflugter\/vandretur-paa-den-blaa-rute\/\"]}]},{\"@type\":\"BreadcrumbList\",\"@id\":\"https:\/\/arcticexcursions.com\/udflugter\/vandretur-paa-den-blaa-rute\/#breadcrumb\",\"itemListElement\":[{\"@type\":\"ListItem\",\"position\":1,\"name\":\"Home\",\"item\":\"https:\/\/arcticexcursions.com\/da\/\"},{\"@type\":\"ListItem\",\"position\":2,\"name\":\"Udflugter i Gr\u00f8nland\",\"item\":\"https:\/\/arcticexcursions.com\/da\/udflugter\/\"},{\"@type\":\"ListItem\",\"position\":3,\"name\":\"Vandretur p\u00e5 den Bl\u00e5 rute\"}]},{\"@type\":\"WebSite\",\"@id\":\"https:\/\/arcticexcursions.com\/#website\",\"url\":\"https:\/\/arcticexcursions.com\/\",\"name\":\"Arctic Excursions\",\"description\":\"New adventures. Every day.\",\"publisher\":{\"@id\":\"https:\/\/arcticexcursions.com\/#organization\"},\"potentialAction\":[{\"@type\":\"SearchAction\",\"target\":{\"@type\":\"EntryPoint\",\"urlTemplate\":\"https:\/\/arcticexcursions.com\/?s={search_term_string}\"},\"query-input\":{\"@type\":\"PropertyValueSpecification\",\"valueRequired\":true,\"valueName\":\"search_term_string\"}}],\"inLanguage\":\"da-DK\"},{\"@type\":\"Organization\",\"@id\":\"https:\/\/arcticexcursions.com\/#organization\",\"name\":\"Arctic Excursions\",\"url\":\"https:\/\/arcticexcursions.com\/\",\"logo\":{\"@type\":\"ImageObject\",\"inLanguage\":\"da-DK\",\"@id\":\"https:\/\/arcticexcursions.com\/#\/schema\/logo\/image\/\",\"url\":\"https:\/\/arcticexcursions.com\/wp-content\/uploads\/2022\/11\/fb-logo.png\",\"contentUrl\":\"https:\/\/arcticexcursions.com\/wp-content\/uploads\/2022\/11\/fb-logo.png\",\"width\":523,\"height\":523,\"caption\":\"Arctic Excursions\"},\"image\":{\"@id\":\"https:\/\/arcticexcursions.com\/#\/schema\/logo\/image\/\"}}]}<\/script>\n<!-- \/ Yoast SEO plugin. -->","yoast_head_json":{"title":"Arctic Excursions","robots":{"index":"index","follow":"follow","max-snippet":"max-snippet:-1","max-image-preview":"max-image-preview:large","max-video-preview":"max-video-preview:-1"},"canonical":"https:\/\/arcticexcursions.com\/udflugter\/vandretur-paa-den-blaa-rute\/","og_locale":"da_DK","og_type":"article","og_title":"Vandretur p\u00e5 den Bl\u00e5 rute - Arctic Excursions","og_description":"Oplev den fantastiske vandretur p\u00e5 den bl\u00e5 rute i Ilulissat.","og_url":"https:\/\/arcticexcursions.com\/udflugter\/vandretur-paa-den-blaa-rute\/","og_site_name":"Arctic Excursions","article_modified_time":"2024-05-08T12:06:55+00:00","og_image":[{"width":2560,"height":1707,"url":"https:\/\/arcticexcursions.com\/wp-content\/uploads\/2022\/12\/Two-women-on-the-boardwalk-near-Sermermiut-with-icebergs-in-the-background-in-Ilulissat-in-Greenland-scaled.jpg","type":"image\/jpeg"}],"twitter_card":"summary_large_image","schema":{"@context":"https:\/\/schema.org","@graph":[{"@type":"WebPage","@id":"https:\/\/arcticexcursions.com\/udflugter\/vandretur-paa-den-blaa-rute\/","url":"https:\/\/arcticexcursions.com\/udflugter\/vandretur-paa-den-blaa-rute\/","name":"Vandretur p\u00e5 den Bl\u00e5 rute - Arctic Excursions","isPartOf":{"@id":"https:\/\/arcticexcursions.com\/#website"},"datePublished":"2023-08-01T15:18:06+00:00","dateModified":"2024-05-08T12:06:55+00:00","breadcrumb":{"@id":"https:\/\/arcticexcursions.com\/udflugter\/vandretur-paa-den-blaa-rute\/#breadcrumb"},"inLanguage":"da-DK","potentialAction":[{"@type":"ReadAction","target":["https:\/\/arcticexcursions.com\/udflugter\/vandretur-paa-den-blaa-rute\/"]}]},{"@type":"BreadcrumbList","@id":"https:\/\/arcticexcursions.com\/udflugter\/vandretur-paa-den-blaa-rute\/#breadcrumb","itemListElement":[{"@type":"ListItem","position":1,"name":"Home","item":"https:\/\/arcticexcursions.com\/da\/"},{"@type":"ListItem","position":2,"name":"Udflugter i Gr\u00f8nland","item":"https:\/\/arcticexcursions.com\/da\/udflugter\/"},{"@type":"ListItem","position":3,"name":"Vandretur p\u00e5 den Bl\u00e5 rute"}]},{"@type":"WebSite","@id":"https:\/\/arcticexcursions.com\/#website","url":"https:\/\/arcticexcursions.com\/","name":"Arctic Excursions","description":"New adventures. Every day.","publisher":{"@id":"https:\/\/arcticexcursions.com\/#organization"},"potentialAction":[{"@type":"SearchAction","target":{"@type":"EntryPoint","urlTemplate":"https:\/\/arcticexcursions.com\/?s={search_term_string}"},"query-input":{"@type":"PropertyValueSpecification","valueRequired":true,"valueName":"search_term_string"}}],"inLanguage":"da-DK"},{"@type":"Organization","@id":"https:\/\/arcticexcursions.com\/#organization","name":"Arctic Excursions","url":"https:\/\/arcticexcursions.com\/","logo":{"@type":"ImageObject","inLanguage":"da-DK","@id":"https:\/\/arcticexcursions.com\/#\/schema\/logo\/image\/","url":"https:\/\/arcticexcursions.com\/wp-content\/uploads\/2022\/11\/fb-logo.png","contentUrl":"https:\/\/arcticexcursions.com\/wp-content\/uploads\/2022\/11\/fb-logo.png","width":523,"height":523,"caption":"Arctic Excursions"},"image":{"@id":"https:\/\/arcticexcursions.com\/#\/schema\/logo\/image\/"}}]}},"_links":{"self":[{"href":"https:\/\/arcticexcursions.com\/da\/wp-json\/wp\/v2\/product\/19138"}],"collection":[{"href":"https:\/\/arcticexcursions.com\/da\/wp-json\/wp\/v2\/product"}],"about":[{"href":"https:\/\/arcticexcursions.com\/da\/wp-json\/wp\/v2\/types\/product"}],"replies":[{"embeddable":true,"href":"https:\/\/arcticexcursions.com\/da\/wp-json\/wp\/v2\/comments?post=19138"}],"wp:attachment":[{"href":"https:\/\/arcticexcursions.com\/da\/wp-json\/wp\/v2\/media?parent=19138"}],"wp:term":[{"taxonomy":"product_brand","embeddable":true,"href":"https:\/\/arcticexcursions.com\/da\/wp-json\/wp\/v2\/product_brand?post=19138"},{"taxonomy":"product_cat","embeddable":true,"href":"https:\/\/arcticexcursions.com\/da\/wp-json\/wp\/v2\/product_cat?post=19138"},{"taxonomy":"product_tag","embeddable":true,"href":"https:\/\/arcticexcursions.com\/da\/wp-json\/wp\/v2\/product_tag?post=19138"}],"curies":[{"name":"wp","href":"https:\/\/api.w.org\/{rel}","templated":true}]}}