{"id":19142,"date":"2023-07-27T00:24:21","date_gmt":"2023-07-26T22:24:21","guid":{"rendered":"https:\/\/arcticexcursions.com\/?post_type=product&#038;p=19142"},"modified":"2025-10-29T17:07:58","modified_gmt":"2025-10-29T15:07:58","slug":"eqi-glacier-4","status":"publish","type":"product","link":"https:\/\/arcticexcursions.com\/da\/udflugter\/eqi-glacier-4\/","title":{"rendered":"Eqi gletsjer"},"content":{"rendered":"<p>Vores rejse starter fra den charmerende by Ilulissat, hvor vi begiver os ud p\u00e5 en natursk\u00f8n ekspedition gennem Gr\u00f8nlands uber\u00f8rte farvande. Mens vi sejler, kan du fordybe dig i betagende landskaber og se de majest\u00e6tiske isbjerge, der pryder vores vej.<\/p>\n<p>H\u00f8jdepunktet p\u00e5 vores ekspedition ligger forude, n\u00e5r vi n\u00e6rmer os den majest\u00e6tiske Eqi-gletsjer. Forundr dig over denne t\u00e5rnh\u00f8je mur af is, et syn, der vil efterlade dig forbl\u00f8ffet over Arktis uber\u00f8rte sk\u00f8nhed.<\/p>\n<p>For vores eventyrlystne, der s\u00f8ger mere, tilbyder vi en unik mulighed for at vandre til gletsjerens kant. Bestig de n\u00e6rliggende bjerge for en enest\u00e5ende udsigt over gletsjeren, en virkelig uforglemmelig oplevelse.<\/p>\n<p>Book din plads nu til Eqi gletsjer, og lad os tage dig med p\u00e5 en bem\u00e6rkelsesv\u00e6rdig arktisk rejse. Forbered dig p\u00e5 en rejse fyldt med undren, fortryllelse og chancen for at skabe minder, der vil vare hele livet. Greenland Backcountry er din guide til et helt ekstraordin\u00e6rt eventyr!<\/p>\n<p><b>Varighed:<\/b> 6 timer <\/p>\n<p><b>Sprog:<\/b> Guiden\/kaptajnen taler dansk, engelsk.<\/p>\n<p><b>B\u00e5dtype:<\/b> \u00c5ben b\u00e5d <\/p>\n<p><b>Toiletforhold:<\/b> Der er ikke toilet p\u00e5 b\u00e5den <\/p>\n<p><b>Forplejning:<\/b> Kaffe og te serveres p\u00e5 b\u00e5den <\/p>\n<p><b>Anbefalet p\u00e5kl\u00e6dning:<\/b> Varmt t\u00f8j inkl. hue og handsker hele \u00e5ret. Solbriller. Solcreme om sommeren. <\/p>\n<p><b>Deltagere:<\/b> Bem\u00e6rk venligst, at udflugten kun finder sted, hvis der er bestilt mindst 3 billetter i alt. Hvis du f.eks. bestiller 2 billetter, skal der s\u00e6lges mindst 1 ekstra billetter til andre kunder, for at turen kan gennemf\u00f8res. H\u00f8jst 6 personer kan deltage.<\/p>\n","protected":false},"excerpt":{"rendered":"<p>K\u00e6re rejsende, velkommen til Greenland Backcountry, din indgang til ekstraordin\u00e6re arktiske eventyr! Forbered dig p\u00e5 at blive betaget p\u00e5 vores eksklusive b\u00e5dtur til den \u00e6refrygtindgydende Eqi-gletsjer.<\/p>\n","protected":false},"featured_media":19216,"comment_status":"open","ping_status":"closed","template":"","meta":{"_acf_changed":false},"product_brand":[],"product_cat":[101,170],"product_tag":[],"class_list":{"0":"post-19142","1":"product","2":"type-product","3":"status-publish","4":"has-post-thumbnail","6":"product_cat-tour","7":"product_cat-udflugt","8":"pa_dato-512","9":"pa_dato-604","10":"pa_dato-912","11":"pa_dato-1041","12":"pa_dato-1044","13":"pa_dato-6072","14":"pa_dato-6066","15":"pa_dato-6071","16":"pa_dato-6075","17":"pa_dato-5993","18":"pa_dato-5936","19":"pa_dato-6047","20":"pa_dato-5948","21":"pa_dato-5882","22":"pa_dato-6051","23":"pa_dato-6030","24":"pa_dato-5964","25":"pa_dato-5889","26":"pa_dato-5963","27":"pa_dato-6002","28":"pa_dato-5961","29":"pa_dato-6060","30":"pa_dato-5939","31":"pa_tidspunkt-178","32":"pa_tidspunkt-72","33":"pa_tidspunkt-308","34":"pa_tidspunkt-426","35":"tour_location-ilulissat-da","36":"tour_type-baadture","37":"tour_tickettype-arctic_excursions","38":"tour_operator-greenland-backcountry","40":"first","41":"outofstock","42":"shipping-taxable","43":"product-type-variable"},"acf":[],"yoast_head":"<!-- This site is optimized with the Yoast SEO plugin v23.6 - https:\/\/yoast.com\/wordpress\/plugins\/seo\/ -->\n<title>Arctic Excursions<\/title>\n<meta name=\"robots\" content=\"index, follow, max-snippet:-1, max-image-preview:large, max-video-preview:-1\" \/>\n<link rel=\"canonical\" href=\"https:\/\/arcticexcursions.com\/udflugter\/eqi-glacier-4\/\" \/>\n<meta property=\"og:locale\" content=\"da_DK\" \/>\n<meta property=\"og:type\" content=\"article\" \/>\n<meta property=\"og:title\" content=\"Eqi gletsjer - Arctic Excursions\" \/>\n<meta property=\"og:description\" content=\"K\u00e6re rejsende, velkommen til Greenland Backcountry, din indgang til ekstraordin\u00e6re arktiske eventyr! Forbered dig p\u00e5 at blive betaget p\u00e5 vores eksklusive b\u00e5dtur til den \u00e6refrygtindgydende Eqi-gletsjer.\" \/>\n<meta property=\"og:url\" content=\"https:\/\/arcticexcursions.com\/udflugter\/eqi-glacier-4\/\" \/>\n<meta property=\"og:site_name\" content=\"Arctic Excursions\" \/>\n<meta property=\"article:modified_time\" content=\"2025-10-29T15:07:58+00:00\" \/>\n<meta property=\"og:image\" content=\"https:\/\/arcticexcursions.com\/wp-content\/uploads\/2023\/08\/DJI_0523-scaled.jpg\" \/>\n\t<meta property=\"og:image:width\" content=\"2560\" \/>\n\t<meta property=\"og:image:height\" content=\"1920\" \/>\n\t<meta property=\"og:image:type\" content=\"image\/jpeg\" \/>\n<meta name=\"twitter:card\" content=\"summary_large_image\" \/>\n<meta name=\"twitter:label1\" content=\"Estimeret l\u00e6setid\" \/>\n\t<meta name=\"twitter:data1\" content=\"1 minut\" \/>\n<script type=\"application\/ld+json\" class=\"yoast-schema-graph\">{\"@context\":\"https:\/\/schema.org\",\"@graph\":[{\"@type\":\"WebPage\",\"@id\":\"https:\/\/arcticexcursions.com\/udflugter\/eqi-glacier-4\/\",\"url\":\"https:\/\/arcticexcursions.com\/udflugter\/eqi-glacier-4\/\",\"name\":\"Eqi gletsjer - Arctic Excursions\",\"isPartOf\":{\"@id\":\"https:\/\/arcticexcursions.com\/#website\"},\"primaryImageOfPage\":{\"@id\":\"https:\/\/arcticexcursions.com\/udflugter\/eqi-glacier-4\/#primaryimage\"},\"image\":{\"@id\":\"https:\/\/arcticexcursions.com\/udflugter\/eqi-glacier-4\/#primaryimage\"},\"thumbnailUrl\":\"https:\/\/arcticexcursions.com\/wp-content\/uploads\/2023\/08\/DJI_0523-scaled.jpg\",\"datePublished\":\"2023-07-26T22:24:21+00:00\",\"dateModified\":\"2025-10-29T15:07:58+00:00\",\"breadcrumb\":{\"@id\":\"https:\/\/arcticexcursions.com\/udflugter\/eqi-glacier-4\/#breadcrumb\"},\"inLanguage\":\"da-DK\",\"potentialAction\":[{\"@type\":\"ReadAction\",\"target\":[\"https:\/\/arcticexcursions.com\/udflugter\/eqi-glacier-4\/\"]}]},{\"@type\":\"ImageObject\",\"inLanguage\":\"da-DK\",\"@id\":\"https:\/\/arcticexcursions.com\/udflugter\/eqi-glacier-4\/#primaryimage\",\"url\":\"https:\/\/arcticexcursions.com\/wp-content\/uploads\/2023\/08\/DJI_0523-scaled.jpg\",\"contentUrl\":\"https:\/\/arcticexcursions.com\/wp-content\/uploads\/2023\/08\/DJI_0523-scaled.jpg\",\"width\":2560,\"height\":1920},{\"@type\":\"BreadcrumbList\",\"@id\":\"https:\/\/arcticexcursions.com\/udflugter\/eqi-glacier-4\/#breadcrumb\",\"itemListElement\":[{\"@type\":\"ListItem\",\"position\":1,\"name\":\"Home\",\"item\":\"https:\/\/arcticexcursions.com\/da\/\"},{\"@type\":\"ListItem\",\"position\":2,\"name\":\"Udflugter i Gr\u00f8nland\",\"item\":\"https:\/\/arcticexcursions.com\/da\/udflugter\/\"},{\"@type\":\"ListItem\",\"position\":3,\"name\":\"Eqi gletsjer\"}]},{\"@type\":\"WebSite\",\"@id\":\"https:\/\/arcticexcursions.com\/#website\",\"url\":\"https:\/\/arcticexcursions.com\/\",\"name\":\"Arctic Excursions\",\"description\":\"New adventures. Every day.\",\"publisher\":{\"@id\":\"https:\/\/arcticexcursions.com\/#organization\"},\"potentialAction\":[{\"@type\":\"SearchAction\",\"target\":{\"@type\":\"EntryPoint\",\"urlTemplate\":\"https:\/\/arcticexcursions.com\/?s={search_term_string}\"},\"query-input\":{\"@type\":\"PropertyValueSpecification\",\"valueRequired\":true,\"valueName\":\"search_term_string\"}}],\"inLanguage\":\"da-DK\"},{\"@type\":\"Organization\",\"@id\":\"https:\/\/arcticexcursions.com\/#organization\",\"name\":\"Arctic Excursions\",\"url\":\"https:\/\/arcticexcursions.com\/\",\"logo\":{\"@type\":\"ImageObject\",\"inLanguage\":\"da-DK\",\"@id\":\"https:\/\/arcticexcursions.com\/#\/schema\/logo\/image\/\",\"url\":\"https:\/\/arcticexcursions.com\/wp-content\/uploads\/2022\/11\/fb-logo.png\",\"contentUrl\":\"https:\/\/arcticexcursions.com\/wp-content\/uploads\/2022\/11\/fb-logo.png\",\"width\":523,\"height\":523,\"caption\":\"Arctic Excursions\"},\"image\":{\"@id\":\"https:\/\/arcticexcursions.com\/#\/schema\/logo\/image\/\"}}]}<\/script>\n<!-- \/ Yoast SEO plugin. -->","yoast_head_json":{"title":"Arctic Excursions","robots":{"index":"index","follow":"follow","max-snippet":"max-snippet:-1","max-image-preview":"max-image-preview:large","max-video-preview":"max-video-preview:-1"},"canonical":"https:\/\/arcticexcursions.com\/udflugter\/eqi-glacier-4\/","og_locale":"da_DK","og_type":"article","og_title":"Eqi gletsjer - Arctic Excursions","og_description":"K\u00e6re rejsende, velkommen til Greenland Backcountry, din indgang til ekstraordin\u00e6re arktiske eventyr! Forbered dig p\u00e5 at blive betaget p\u00e5 vores eksklusive b\u00e5dtur til den \u00e6refrygtindgydende Eqi-gletsjer.","og_url":"https:\/\/arcticexcursions.com\/udflugter\/eqi-glacier-4\/","og_site_name":"Arctic Excursions","article_modified_time":"2025-10-29T15:07:58+00:00","og_image":[{"width":2560,"height":1920,"url":"https:\/\/arcticexcursions.com\/wp-content\/uploads\/2023\/08\/DJI_0523-scaled.jpg","type":"image\/jpeg"}],"twitter_card":"summary_large_image","twitter_misc":{"Estimeret l\u00e6setid":"1 minut"},"schema":{"@context":"https:\/\/schema.org","@graph":[{"@type":"WebPage","@id":"https:\/\/arcticexcursions.com\/udflugter\/eqi-glacier-4\/","url":"https:\/\/arcticexcursions.com\/udflugter\/eqi-glacier-4\/","name":"Eqi gletsjer - Arctic Excursions","isPartOf":{"@id":"https:\/\/arcticexcursions.com\/#website"},"primaryImageOfPage":{"@id":"https:\/\/arcticexcursions.com\/udflugter\/eqi-glacier-4\/#primaryimage"},"image":{"@id":"https:\/\/arcticexcursions.com\/udflugter\/eqi-glacier-4\/#primaryimage"},"thumbnailUrl":"https:\/\/arcticexcursions.com\/wp-content\/uploads\/2023\/08\/DJI_0523-scaled.jpg","datePublished":"2023-07-26T22:24:21+00:00","dateModified":"2025-10-29T15:07:58+00:00","breadcrumb":{"@id":"https:\/\/arcticexcursions.com\/udflugter\/eqi-glacier-4\/#breadcrumb"},"inLanguage":"da-DK","potentialAction":[{"@type":"ReadAction","target":["https:\/\/arcticexcursions.com\/udflugter\/eqi-glacier-4\/"]}]},{"@type":"ImageObject","inLanguage":"da-DK","@id":"https:\/\/arcticexcursions.com\/udflugter\/eqi-glacier-4\/#primaryimage","url":"https:\/\/arcticexcursions.com\/wp-content\/uploads\/2023\/08\/DJI_0523-scaled.jpg","contentUrl":"https:\/\/arcticexcursions.com\/wp-content\/uploads\/2023\/08\/DJI_0523-scaled.jpg","width":2560,"height":1920},{"@type":"BreadcrumbList","@id":"https:\/\/arcticexcursions.com\/udflugter\/eqi-glacier-4\/#breadcrumb","itemListElement":[{"@type":"ListItem","position":1,"name":"Home","item":"https:\/\/arcticexcursions.com\/da\/"},{"@type":"ListItem","position":2,"name":"Udflugter i Gr\u00f8nland","item":"https:\/\/arcticexcursions.com\/da\/udflugter\/"},{"@type":"ListItem","position":3,"name":"Eqi gletsjer"}]},{"@type":"WebSite","@id":"https:\/\/arcticexcursions.com\/#website","url":"https:\/\/arcticexcursions.com\/","name":"Arctic Excursions","description":"New adventures. Every day.","publisher":{"@id":"https:\/\/arcticexcursions.com\/#organization"},"potentialAction":[{"@type":"SearchAction","target":{"@type":"EntryPoint","urlTemplate":"https:\/\/arcticexcursions.com\/?s={search_term_string}"},"query-input":{"@type":"PropertyValueSpecification","valueRequired":true,"valueName":"search_term_string"}}],"inLanguage":"da-DK"},{"@type":"Organization","@id":"https:\/\/arcticexcursions.com\/#organization","name":"Arctic Excursions","url":"https:\/\/arcticexcursions.com\/","logo":{"@type":"ImageObject","inLanguage":"da-DK","@id":"https:\/\/arcticexcursions.com\/#\/schema\/logo\/image\/","url":"https:\/\/arcticexcursions.com\/wp-content\/uploads\/2022\/11\/fb-logo.png","contentUrl":"https:\/\/arcticexcursions.com\/wp-content\/uploads\/2022\/11\/fb-logo.png","width":523,"height":523,"caption":"Arctic Excursions"},"image":{"@id":"https:\/\/arcticexcursions.com\/#\/schema\/logo\/image\/"}}]}},"_links":{"self":[{"href":"https:\/\/arcticexcursions.com\/da\/wp-json\/wp\/v2\/product\/19142"}],"collection":[{"href":"https:\/\/arcticexcursions.com\/da\/wp-json\/wp\/v2\/product"}],"about":[{"href":"https:\/\/arcticexcursions.com\/da\/wp-json\/wp\/v2\/types\/product"}],"replies":[{"embeddable":true,"href":"https:\/\/arcticexcursions.com\/da\/wp-json\/wp\/v2\/comments?post=19142"}],"wp:featuredmedia":[{"embeddable":true,"href":"https:\/\/arcticexcursions.com\/da\/wp-json\/wp\/v2\/media\/19216"}],"wp:attachment":[{"href":"https:\/\/arcticexcursions.com\/da\/wp-json\/wp\/v2\/media?parent=19142"}],"wp:term":[{"taxonomy":"product_brand","embeddable":true,"href":"https:\/\/arcticexcursions.com\/da\/wp-json\/wp\/v2\/product_brand?post=19142"},{"taxonomy":"product_cat","embeddable":true,"href":"https:\/\/arcticexcursions.com\/da\/wp-json\/wp\/v2\/product_cat?post=19142"},{"taxonomy":"product_tag","embeddable":true,"href":"https:\/\/arcticexcursions.com\/da\/wp-json\/wp\/v2\/product_tag?post=19142"}],"curies":[{"name":"wp","href":"https:\/\/api.w.org\/{rel}","templated":true}]}}