{"id":19143,"date":"2023-07-27T00:10:48","date_gmt":"2023-07-26T22:10:48","guid":{"rendered":"https:\/\/arcticexcursions.com\/?post_type=product&#038;p=19143"},"modified":"2025-10-29T17:10:24","modified_gmt":"2025-10-29T15:10:24","slug":"whale-watching-tour","status":"publish","type":"product","link":"https:\/\/arcticexcursions.com\/da\/udflugter\/whale-watching-tour\/","title":{"rendered":"Hvalsafari"},"content":{"rendered":"<p>G\u00f8r dig klar til en sp\u00e6ndende oplevelse med Greenland Backcountrys hvalsafari! Forbered dig p\u00e5 at blive overrasket, mens vi tager dig med p\u00e5 en uforglemmelig rejse til Kangia Fjord, et rige af iskolde vidundere, hvor storsl\u00e5ede hvaler yndefuldt krydser de arktiske farvande.<\/p>\n<p>Slut dig til vores ekspertguider, mens de navigerer gennem majest\u00e6tiske isbjerge, der f\u00f8rer dig til hjertet af, hvor disse utrolige v\u00e6sner er kendt for at samles. Se det betagende skue af pukkelhvaler og finhvaler, n\u00e5r de lever af krill i isfjordens utroligt rige vand.<\/p>\n<p>At se disse enorme, men yndefulde skabninger, mens de er omgivet af det uber\u00f8rte gr\u00f8nlandske landskab, er en oplevelse, du ikke vil glemme.<\/p>\n<p><b>Varighed:<\/b> 3 timer <\/p>\n<p><b>Sprog:<\/b> Guiden\/kaptajnen taler dansk, engelsk.<\/p>\n<p><b>B\u00e5dtype:<\/b> \u00c5ben b\u00e5d <\/p>\n<p><b>Toiletforhold:<\/b> Der er ikke toilet p\u00e5 b\u00e5den <\/p>\n<p><b>Forplejning:<\/b> Kaffe og te serveres p\u00e5 b\u00e5den <\/p>\n<p><b>Anbefalet p\u00e5kl\u00e6dning:<\/b> Varmt t\u00f8j inkl. hue og handsker hele \u00e5ret. Solbriller. Solcreme om sommeren. <\/p>\n<p><b>Deltagere:<\/b> Bem\u00e6rk venligst, at udflugten kun finder sted, hvis der er bestilt mindst 3 billetter i alt. Hvis du f.eks. bestiller 2 billetter, skal der s\u00e6lges mindst 1 ekstra billetter til andre kunder, for at turen kan gennemf\u00f8res. H\u00f8jst 6 personer kan deltage.<\/p>\n","protected":false},"excerpt":{"rendered":"<p>Hvalsafari &#8211; Oplev arktiske vidundere med Greenland Backcountry<\/p>\n","protected":false},"featured_media":18889,"comment_status":"open","ping_status":"closed","template":"","meta":{"_acf_changed":false},"product_brand":[],"product_cat":[101,170],"product_tag":[],"class_list":{"0":"post-19143","1":"product","2":"type-product","3":"status-publish","4":"has-post-thumbnail","6":"product_cat-tour","7":"product_cat-udflugt","8":"pa_dato-739","9":"pa_dato-912","10":"pa_dato-1007","11":"pa_dato-1043","12":"pa_dato-1044","13":"pa_dato-1051","14":"pa_dato-6072","15":"pa_dato-6066","16":"pa_dato-6071","17":"pa_dato-5947","18":"pa_dato-6047","19":"pa_dato-5948","20":"pa_dato-5964","21":"pa_dato-5938","22":"pa_dato-5939","23":"pa_tidspunkt-178","24":"pa_tidspunkt-72","25":"pa_tidspunkt-40","26":"pa_tidspunkt-177","27":"pa_tidspunkt-190","28":"pa_tidspunkt-308","29":"pa_tidspunkt-61","30":"tour_location-ilulissat-da","31":"tour_type-hvalsafari","32":"tour_tickettype-arctic_excursions","33":"tour_operator-greenland-backcountry","35":"first","36":"outofstock","37":"shipping-taxable","38":"product-type-variable"},"acf":[],"yoast_head":"<!-- This site is optimized with the Yoast SEO plugin v23.6 - https:\/\/yoast.com\/wordpress\/plugins\/seo\/ -->\n<title>Arctic Excursions<\/title>\n<meta name=\"robots\" content=\"index, follow, max-snippet:-1, max-image-preview:large, max-video-preview:-1\" \/>\n<link rel=\"canonical\" href=\"https:\/\/arcticexcursions.com\/udflugter\/whale-watching-tour\/\" \/>\n<meta property=\"og:locale\" content=\"da_DK\" \/>\n<meta property=\"og:type\" content=\"article\" \/>\n<meta property=\"og:title\" content=\"Hvalsafari - Arctic Excursions\" \/>\n<meta property=\"og:description\" content=\"Hvalsafari - Oplev arktiske vidundere med Greenland Backcountry\" \/>\n<meta property=\"og:url\" content=\"https:\/\/arcticexcursions.com\/udflugter\/whale-watching-tour\/\" \/>\n<meta property=\"og:site_name\" content=\"Arctic Excursions\" \/>\n<meta property=\"article:modified_time\" content=\"2025-10-29T15:10:24+00:00\" \/>\n<meta property=\"og:image\" content=\"https:\/\/arcticexcursions.com\/wp-content\/uploads\/2023\/07\/BOAT-FINAL-2-1.jpg\" \/>\n\t<meta property=\"og:image:width\" content=\"2048\" \/>\n\t<meta property=\"og:image:height\" content=\"1365\" \/>\n\t<meta property=\"og:image:type\" content=\"image\/jpeg\" \/>\n<meta name=\"twitter:card\" content=\"summary_large_image\" \/>\n<meta name=\"twitter:label1\" content=\"Estimeret l\u00e6setid\" \/>\n\t<meta name=\"twitter:data1\" content=\"1 minut\" \/>\n<script type=\"application\/ld+json\" class=\"yoast-schema-graph\">{\"@context\":\"https:\/\/schema.org\",\"@graph\":[{\"@type\":\"WebPage\",\"@id\":\"https:\/\/arcticexcursions.com\/udflugter\/whale-watching-tour\/\",\"url\":\"https:\/\/arcticexcursions.com\/udflugter\/whale-watching-tour\/\",\"name\":\"Hvalsafari - Arctic Excursions\",\"isPartOf\":{\"@id\":\"https:\/\/arcticexcursions.com\/#website\"},\"primaryImageOfPage\":{\"@id\":\"https:\/\/arcticexcursions.com\/udflugter\/whale-watching-tour\/#primaryimage\"},\"image\":{\"@id\":\"https:\/\/arcticexcursions.com\/udflugter\/whale-watching-tour\/#primaryimage\"},\"thumbnailUrl\":\"https:\/\/arcticexcursions.com\/wp-content\/uploads\/2023\/07\/BOAT-FINAL-2-1.jpg\",\"datePublished\":\"2023-07-26T22:10:48+00:00\",\"dateModified\":\"2025-10-29T15:10:24+00:00\",\"breadcrumb\":{\"@id\":\"https:\/\/arcticexcursions.com\/udflugter\/whale-watching-tour\/#breadcrumb\"},\"inLanguage\":\"da-DK\",\"potentialAction\":[{\"@type\":\"ReadAction\",\"target\":[\"https:\/\/arcticexcursions.com\/udflugter\/whale-watching-tour\/\"]}]},{\"@type\":\"ImageObject\",\"inLanguage\":\"da-DK\",\"@id\":\"https:\/\/arcticexcursions.com\/udflugter\/whale-watching-tour\/#primaryimage\",\"url\":\"https:\/\/arcticexcursions.com\/wp-content\/uploads\/2023\/07\/BOAT-FINAL-2-1.jpg\",\"contentUrl\":\"https:\/\/arcticexcursions.com\/wp-content\/uploads\/2023\/07\/BOAT-FINAL-2-1.jpg\",\"width\":2048,\"height\":1365},{\"@type\":\"BreadcrumbList\",\"@id\":\"https:\/\/arcticexcursions.com\/udflugter\/whale-watching-tour\/#breadcrumb\",\"itemListElement\":[{\"@type\":\"ListItem\",\"position\":1,\"name\":\"Home\",\"item\":\"https:\/\/arcticexcursions.com\/da\/\"},{\"@type\":\"ListItem\",\"position\":2,\"name\":\"Udflugter i Gr\u00f8nland\",\"item\":\"https:\/\/arcticexcursions.com\/da\/udflugter\/\"},{\"@type\":\"ListItem\",\"position\":3,\"name\":\"Hvalsafari\"}]},{\"@type\":\"WebSite\",\"@id\":\"https:\/\/arcticexcursions.com\/#website\",\"url\":\"https:\/\/arcticexcursions.com\/\",\"name\":\"Arctic Excursions\",\"description\":\"New adventures. Every day.\",\"publisher\":{\"@id\":\"https:\/\/arcticexcursions.com\/#organization\"},\"potentialAction\":[{\"@type\":\"SearchAction\",\"target\":{\"@type\":\"EntryPoint\",\"urlTemplate\":\"https:\/\/arcticexcursions.com\/?s={search_term_string}\"},\"query-input\":{\"@type\":\"PropertyValueSpecification\",\"valueRequired\":true,\"valueName\":\"search_term_string\"}}],\"inLanguage\":\"da-DK\"},{\"@type\":\"Organization\",\"@id\":\"https:\/\/arcticexcursions.com\/#organization\",\"name\":\"Arctic Excursions\",\"url\":\"https:\/\/arcticexcursions.com\/\",\"logo\":{\"@type\":\"ImageObject\",\"inLanguage\":\"da-DK\",\"@id\":\"https:\/\/arcticexcursions.com\/#\/schema\/logo\/image\/\",\"url\":\"https:\/\/arcticexcursions.com\/wp-content\/uploads\/2022\/11\/fb-logo.png\",\"contentUrl\":\"https:\/\/arcticexcursions.com\/wp-content\/uploads\/2022\/11\/fb-logo.png\",\"width\":523,\"height\":523,\"caption\":\"Arctic Excursions\"},\"image\":{\"@id\":\"https:\/\/arcticexcursions.com\/#\/schema\/logo\/image\/\"}}]}<\/script>\n<!-- \/ Yoast SEO plugin. -->","yoast_head_json":{"title":"Arctic Excursions","robots":{"index":"index","follow":"follow","max-snippet":"max-snippet:-1","max-image-preview":"max-image-preview:large","max-video-preview":"max-video-preview:-1"},"canonical":"https:\/\/arcticexcursions.com\/udflugter\/whale-watching-tour\/","og_locale":"da_DK","og_type":"article","og_title":"Hvalsafari - Arctic Excursions","og_description":"Hvalsafari - Oplev arktiske vidundere med Greenland Backcountry","og_url":"https:\/\/arcticexcursions.com\/udflugter\/whale-watching-tour\/","og_site_name":"Arctic Excursions","article_modified_time":"2025-10-29T15:10:24+00:00","og_image":[{"width":2048,"height":1365,"url":"https:\/\/arcticexcursions.com\/wp-content\/uploads\/2023\/07\/BOAT-FINAL-2-1.jpg","type":"image\/jpeg"}],"twitter_card":"summary_large_image","twitter_misc":{"Estimeret l\u00e6setid":"1 minut"},"schema":{"@context":"https:\/\/schema.org","@graph":[{"@type":"WebPage","@id":"https:\/\/arcticexcursions.com\/udflugter\/whale-watching-tour\/","url":"https:\/\/arcticexcursions.com\/udflugter\/whale-watching-tour\/","name":"Hvalsafari - Arctic Excursions","isPartOf":{"@id":"https:\/\/arcticexcursions.com\/#website"},"primaryImageOfPage":{"@id":"https:\/\/arcticexcursions.com\/udflugter\/whale-watching-tour\/#primaryimage"},"image":{"@id":"https:\/\/arcticexcursions.com\/udflugter\/whale-watching-tour\/#primaryimage"},"thumbnailUrl":"https:\/\/arcticexcursions.com\/wp-content\/uploads\/2023\/07\/BOAT-FINAL-2-1.jpg","datePublished":"2023-07-26T22:10:48+00:00","dateModified":"2025-10-29T15:10:24+00:00","breadcrumb":{"@id":"https:\/\/arcticexcursions.com\/udflugter\/whale-watching-tour\/#breadcrumb"},"inLanguage":"da-DK","potentialAction":[{"@type":"ReadAction","target":["https:\/\/arcticexcursions.com\/udflugter\/whale-watching-tour\/"]}]},{"@type":"ImageObject","inLanguage":"da-DK","@id":"https:\/\/arcticexcursions.com\/udflugter\/whale-watching-tour\/#primaryimage","url":"https:\/\/arcticexcursions.com\/wp-content\/uploads\/2023\/07\/BOAT-FINAL-2-1.jpg","contentUrl":"https:\/\/arcticexcursions.com\/wp-content\/uploads\/2023\/07\/BOAT-FINAL-2-1.jpg","width":2048,"height":1365},{"@type":"BreadcrumbList","@id":"https:\/\/arcticexcursions.com\/udflugter\/whale-watching-tour\/#breadcrumb","itemListElement":[{"@type":"ListItem","position":1,"name":"Home","item":"https:\/\/arcticexcursions.com\/da\/"},{"@type":"ListItem","position":2,"name":"Udflugter i Gr\u00f8nland","item":"https:\/\/arcticexcursions.com\/da\/udflugter\/"},{"@type":"ListItem","position":3,"name":"Hvalsafari"}]},{"@type":"WebSite","@id":"https:\/\/arcticexcursions.com\/#website","url":"https:\/\/arcticexcursions.com\/","name":"Arctic Excursions","description":"New adventures. Every day.","publisher":{"@id":"https:\/\/arcticexcursions.com\/#organization"},"potentialAction":[{"@type":"SearchAction","target":{"@type":"EntryPoint","urlTemplate":"https:\/\/arcticexcursions.com\/?s={search_term_string}"},"query-input":{"@type":"PropertyValueSpecification","valueRequired":true,"valueName":"search_term_string"}}],"inLanguage":"da-DK"},{"@type":"Organization","@id":"https:\/\/arcticexcursions.com\/#organization","name":"Arctic Excursions","url":"https:\/\/arcticexcursions.com\/","logo":{"@type":"ImageObject","inLanguage":"da-DK","@id":"https:\/\/arcticexcursions.com\/#\/schema\/logo\/image\/","url":"https:\/\/arcticexcursions.com\/wp-content\/uploads\/2022\/11\/fb-logo.png","contentUrl":"https:\/\/arcticexcursions.com\/wp-content\/uploads\/2022\/11\/fb-logo.png","width":523,"height":523,"caption":"Arctic Excursions"},"image":{"@id":"https:\/\/arcticexcursions.com\/#\/schema\/logo\/image\/"}}]}},"_links":{"self":[{"href":"https:\/\/arcticexcursions.com\/da\/wp-json\/wp\/v2\/product\/19143"}],"collection":[{"href":"https:\/\/arcticexcursions.com\/da\/wp-json\/wp\/v2\/product"}],"about":[{"href":"https:\/\/arcticexcursions.com\/da\/wp-json\/wp\/v2\/types\/product"}],"replies":[{"embeddable":true,"href":"https:\/\/arcticexcursions.com\/da\/wp-json\/wp\/v2\/comments?post=19143"}],"wp:featuredmedia":[{"embeddable":true,"href":"https:\/\/arcticexcursions.com\/da\/wp-json\/wp\/v2\/media\/18889"}],"wp:attachment":[{"href":"https:\/\/arcticexcursions.com\/da\/wp-json\/wp\/v2\/media?parent=19143"}],"wp:term":[{"taxonomy":"product_brand","embeddable":true,"href":"https:\/\/arcticexcursions.com\/da\/wp-json\/wp\/v2\/product_brand?post=19143"},{"taxonomy":"product_cat","embeddable":true,"href":"https:\/\/arcticexcursions.com\/da\/wp-json\/wp\/v2\/product_cat?post=19143"},{"taxonomy":"product_tag","embeddable":true,"href":"https:\/\/arcticexcursions.com\/da\/wp-json\/wp\/v2\/product_tag?post=19143"}],"curies":[{"name":"wp","href":"https:\/\/api.w.org\/{rel}","templated":true}]}}