{"id":19237,"date":"2023-08-18T10:57:47","date_gmt":"2023-08-18T08:57:47","guid":{"rendered":"https:\/\/arcticexcursions.com\/?post_type=product&#038;p=19237"},"modified":"2025-10-29T17:00:38","modified_gmt":"2025-10-29T15:00:38","slug":"ilimanaq-settlement","status":"publish","type":"product","link":"https:\/\/arcticexcursions.com\/da\/udflugter\/ilimanaq-settlement\/","title":{"rendered":"Bes\u00f8g Ilimanaq"},"content":{"rendered":"<p>Tag med os p\u00e5 et ekstraordin\u00e6rt eventyr til den maleriske og afsidesliggende bygd Ilimanaq, der ligger p\u00e5 den anden side af Kangia Isfjord.<\/p>\n<p>Vi tager afsted fra Ilulissat om morgenen og sejler gennem de imponerende isbjerge i Kangia Isfjord, som er p\u00e5 UNESCO&#8217;s verdensarvsliste. Forbered dig p\u00e5 at blive forbl\u00f8ffet over de enorme ist\u00e5rne, buer og h\u00f8jderygge, der rejser sig majest\u00e6tisk fra havet og skaber et fascinerende, iskoldt vidunderland. <\/p>\n<p>Efter at have krydset fjorden ankommer vi til den charmerende landsby Ilimanaq, en fredfyldt oase med en kirke og omkring 50 indbyggere, der bor i vandkanten. Fordyb dig i det enkle og rolige liv i en afsidesliggende bygd som Ilimanaq, og f\u00e5 et unikt indblik i den gr\u00f8nlandske kultur.<\/p>\n<p>Vi tager en pause for at nyde en varm drik og en snack og tanke op midt i det betagende arktiske landskab. Lad de fredelige omgivelser tryllebinde dine sanser, f\u00f8r vi rejser tilbage til Ilulissat og afslutter denne bem\u00e6rkelsesv\u00e6rdige udforskning.<\/p>\n<p>G\u00e5 ikke glip af chancen for at opleve sk\u00f8nheden og charmen ved bygden Ilimanaq. Book din plads nu hos Greenland Backcountry, og lad os guide dig p\u00e5 en uforglemmelig rejse til denne isolerede perle i Gr\u00f8nland.<\/p>\n<p><b>Varighed:<\/b> 4 timer <\/p>\n<p><b>B\u00e5dtype:<\/b> \u00c5ben b\u00e5d <\/p>\n<p><b>Toiletforhold:<\/b> Der er ikke toilet p\u00e5 b\u00e5den <\/p>\n<p><b>Deltagere:<\/b> Bem\u00e6rk venligst, at udflugten kun gennemf\u00f8res, hvis der er mindst 4 bookede billetter i alt. Hvis du for eksempel booker 2 billetter, skal der s\u00e6lges mindst 2 yderligere billetter til andre kunder, f\u00f8r turen kan finde sted. Der vil deltage maksimalt 8 personer. <\/p>\n<p><b>Sprog:<\/b> Guiden taler dansk, engelsk <\/p>\n<p><b>Sv\u00e6rhedsgrad:<\/b> Alle der kan g\u00e5 i roligt tempo med pauser ved sev\u00e6rdighederne, kan deltage i denne tur <\/p>\n<p><b>Forplejning:<\/b> Intet inkluderet, medbring gerne snacks og drikkevarer <\/p>\n<p><b>Anbefalet p\u00e5kl\u00e6dning:<\/b> Praktiske sko og varmt t\u00f8j hvis temperaturen er lav. Solbriller og solcreme om sommeren.<\/p>\n","protected":false},"excerpt":{"rendered":"<p>Ilimanaq Village Discovery &#8211; En rejse til Gr\u00f8nlands isolerede perle<\/p>\n","protected":false},"featured_media":18907,"comment_status":"open","ping_status":"closed","template":"","meta":{"_acf_changed":false},"product_brand":[],"product_cat":[101,170],"product_tag":[],"class_list":{"0":"post-19237","1":"product","2":"type-product","3":"status-publish","4":"has-post-thumbnail","6":"product_cat-tour","7":"product_cat-udflugt","8":"pa_dato-604","9":"pa_dato-912","10":"pa_dato-1040","11":"pa_dato-1012","12":"pa_dato-1041","13":"pa_dato-1050","14":"pa_dato-6066","15":"pa_dato-6071","16":"pa_dato-6075","17":"pa_dato-5993","18":"pa_dato-5936","19":"pa_dato-5966","20":"pa_dato-6030","21":"pa_dato-5928","22":"pa_dato-5963","23":"pa_dato-6002","24":"pa_dato-5961","25":"pa_dato-6060","26":"pa_dato-5939","27":"pa_tidspunkt-178","28":"pa_tidspunkt-72","29":"pa_tidspunkt-40","30":"pa_tidspunkt-177","31":"pa_tidspunkt-190","32":"tour_location-ilulissat-da","33":"tour_type-baadture","34":"tour_tickettype-arctic_excursions","35":"tour_operator-greenland-backcountry","37":"first","38":"outofstock","39":"shipping-taxable","40":"product-type-variable"},"acf":[],"yoast_head":"<!-- This site is optimized with the Yoast SEO plugin v23.6 - https:\/\/yoast.com\/wordpress\/plugins\/seo\/ -->\n<title>Arctic Excursions<\/title>\n<meta name=\"robots\" content=\"index, follow, max-snippet:-1, max-image-preview:large, max-video-preview:-1\" \/>\n<link rel=\"canonical\" href=\"https:\/\/arcticexcursions.com\/udflugter\/ilimanaq-settlement\/\" \/>\n<meta property=\"og:locale\" content=\"da_DK\" \/>\n<meta property=\"og:type\" content=\"article\" \/>\n<meta property=\"og:title\" content=\"Bes\u00f8g Ilimanaq - Arctic Excursions\" \/>\n<meta property=\"og:description\" content=\"Ilimanaq Village Discovery - En rejse til Gr\u00f8nlands isolerede perle\" \/>\n<meta property=\"og:url\" content=\"https:\/\/arcticexcursions.com\/udflugter\/ilimanaq-settlement\/\" \/>\n<meta property=\"og:site_name\" content=\"Arctic Excursions\" \/>\n<meta property=\"article:modified_time\" content=\"2025-10-29T15:00:38+00:00\" \/>\n<meta property=\"og:image\" content=\"https:\/\/arcticexcursions.com\/wp-content\/uploads\/2023\/07\/Settlement-FINAL-1024x768.jpg\" \/>\n\t<meta property=\"og:image:width\" content=\"1024\" \/>\n\t<meta property=\"og:image:height\" content=\"768\" \/>\n\t<meta property=\"og:image:type\" content=\"image\/jpeg\" \/>\n<meta name=\"twitter:card\" content=\"summary_large_image\" \/>\n<meta name=\"twitter:label1\" content=\"Estimeret l\u00e6setid\" \/>\n\t<meta name=\"twitter:data1\" content=\"2 minutter\" \/>\n<script type=\"application\/ld+json\" class=\"yoast-schema-graph\">{\"@context\":\"https:\/\/schema.org\",\"@graph\":[{\"@type\":\"WebPage\",\"@id\":\"https:\/\/arcticexcursions.com\/udflugter\/ilimanaq-settlement\/\",\"url\":\"https:\/\/arcticexcursions.com\/udflugter\/ilimanaq-settlement\/\",\"name\":\"Bes\u00f8g Ilimanaq - Arctic Excursions\",\"isPartOf\":{\"@id\":\"https:\/\/arcticexcursions.com\/#website\"},\"primaryImageOfPage\":{\"@id\":\"https:\/\/arcticexcursions.com\/udflugter\/ilimanaq-settlement\/#primaryimage\"},\"image\":{\"@id\":\"https:\/\/arcticexcursions.com\/udflugter\/ilimanaq-settlement\/#primaryimage\"},\"thumbnailUrl\":\"https:\/\/arcticexcursions.com\/wp-content\/uploads\/2023\/07\/Settlement-FINAL.jpg\",\"datePublished\":\"2023-08-18T08:57:47+00:00\",\"dateModified\":\"2025-10-29T15:00:38+00:00\",\"breadcrumb\":{\"@id\":\"https:\/\/arcticexcursions.com\/udflugter\/ilimanaq-settlement\/#breadcrumb\"},\"inLanguage\":\"da-DK\",\"potentialAction\":[{\"@type\":\"ReadAction\",\"target\":[\"https:\/\/arcticexcursions.com\/udflugter\/ilimanaq-settlement\/\"]}]},{\"@type\":\"ImageObject\",\"inLanguage\":\"da-DK\",\"@id\":\"https:\/\/arcticexcursions.com\/udflugter\/ilimanaq-settlement\/#primaryimage\",\"url\":\"https:\/\/arcticexcursions.com\/wp-content\/uploads\/2023\/07\/Settlement-FINAL.jpg\",\"contentUrl\":\"https:\/\/arcticexcursions.com\/wp-content\/uploads\/2023\/07\/Settlement-FINAL.jpg\",\"width\":7867,\"height\":5900},{\"@type\":\"BreadcrumbList\",\"@id\":\"https:\/\/arcticexcursions.com\/udflugter\/ilimanaq-settlement\/#breadcrumb\",\"itemListElement\":[{\"@type\":\"ListItem\",\"position\":1,\"name\":\"Home\",\"item\":\"https:\/\/arcticexcursions.com\/da\/\"},{\"@type\":\"ListItem\",\"position\":2,\"name\":\"Udflugter i Gr\u00f8nland\",\"item\":\"https:\/\/arcticexcursions.com\/da\/udflugter\/\"},{\"@type\":\"ListItem\",\"position\":3,\"name\":\"Bes\u00f8g Ilimanaq\"}]},{\"@type\":\"WebSite\",\"@id\":\"https:\/\/arcticexcursions.com\/#website\",\"url\":\"https:\/\/arcticexcursions.com\/\",\"name\":\"Arctic Excursions\",\"description\":\"New adventures. Every day.\",\"publisher\":{\"@id\":\"https:\/\/arcticexcursions.com\/#organization\"},\"potentialAction\":[{\"@type\":\"SearchAction\",\"target\":{\"@type\":\"EntryPoint\",\"urlTemplate\":\"https:\/\/arcticexcursions.com\/?s={search_term_string}\"},\"query-input\":{\"@type\":\"PropertyValueSpecification\",\"valueRequired\":true,\"valueName\":\"search_term_string\"}}],\"inLanguage\":\"da-DK\"},{\"@type\":\"Organization\",\"@id\":\"https:\/\/arcticexcursions.com\/#organization\",\"name\":\"Arctic Excursions\",\"url\":\"https:\/\/arcticexcursions.com\/\",\"logo\":{\"@type\":\"ImageObject\",\"inLanguage\":\"da-DK\",\"@id\":\"https:\/\/arcticexcursions.com\/#\/schema\/logo\/image\/\",\"url\":\"https:\/\/arcticexcursions.com\/wp-content\/uploads\/2022\/11\/fb-logo.png\",\"contentUrl\":\"https:\/\/arcticexcursions.com\/wp-content\/uploads\/2022\/11\/fb-logo.png\",\"width\":523,\"height\":523,\"caption\":\"Arctic Excursions\"},\"image\":{\"@id\":\"https:\/\/arcticexcursions.com\/#\/schema\/logo\/image\/\"}}]}<\/script>\n<!-- \/ Yoast SEO plugin. -->","yoast_head_json":{"title":"Arctic Excursions","robots":{"index":"index","follow":"follow","max-snippet":"max-snippet:-1","max-image-preview":"max-image-preview:large","max-video-preview":"max-video-preview:-1"},"canonical":"https:\/\/arcticexcursions.com\/udflugter\/ilimanaq-settlement\/","og_locale":"da_DK","og_type":"article","og_title":"Bes\u00f8g Ilimanaq - Arctic Excursions","og_description":"Ilimanaq Village Discovery - En rejse til Gr\u00f8nlands isolerede perle","og_url":"https:\/\/arcticexcursions.com\/udflugter\/ilimanaq-settlement\/","og_site_name":"Arctic Excursions","article_modified_time":"2025-10-29T15:00:38+00:00","og_image":[{"width":1024,"height":768,"url":"https:\/\/arcticexcursions.com\/wp-content\/uploads\/2023\/07\/Settlement-FINAL-1024x768.jpg","type":"image\/jpeg"}],"twitter_card":"summary_large_image","twitter_misc":{"Estimeret l\u00e6setid":"2 minutter"},"schema":{"@context":"https:\/\/schema.org","@graph":[{"@type":"WebPage","@id":"https:\/\/arcticexcursions.com\/udflugter\/ilimanaq-settlement\/","url":"https:\/\/arcticexcursions.com\/udflugter\/ilimanaq-settlement\/","name":"Bes\u00f8g Ilimanaq - Arctic Excursions","isPartOf":{"@id":"https:\/\/arcticexcursions.com\/#website"},"primaryImageOfPage":{"@id":"https:\/\/arcticexcursions.com\/udflugter\/ilimanaq-settlement\/#primaryimage"},"image":{"@id":"https:\/\/arcticexcursions.com\/udflugter\/ilimanaq-settlement\/#primaryimage"},"thumbnailUrl":"https:\/\/arcticexcursions.com\/wp-content\/uploads\/2023\/07\/Settlement-FINAL.jpg","datePublished":"2023-08-18T08:57:47+00:00","dateModified":"2025-10-29T15:00:38+00:00","breadcrumb":{"@id":"https:\/\/arcticexcursions.com\/udflugter\/ilimanaq-settlement\/#breadcrumb"},"inLanguage":"da-DK","potentialAction":[{"@type":"ReadAction","target":["https:\/\/arcticexcursions.com\/udflugter\/ilimanaq-settlement\/"]}]},{"@type":"ImageObject","inLanguage":"da-DK","@id":"https:\/\/arcticexcursions.com\/udflugter\/ilimanaq-settlement\/#primaryimage","url":"https:\/\/arcticexcursions.com\/wp-content\/uploads\/2023\/07\/Settlement-FINAL.jpg","contentUrl":"https:\/\/arcticexcursions.com\/wp-content\/uploads\/2023\/07\/Settlement-FINAL.jpg","width":7867,"height":5900},{"@type":"BreadcrumbList","@id":"https:\/\/arcticexcursions.com\/udflugter\/ilimanaq-settlement\/#breadcrumb","itemListElement":[{"@type":"ListItem","position":1,"name":"Home","item":"https:\/\/arcticexcursions.com\/da\/"},{"@type":"ListItem","position":2,"name":"Udflugter i Gr\u00f8nland","item":"https:\/\/arcticexcursions.com\/da\/udflugter\/"},{"@type":"ListItem","position":3,"name":"Bes\u00f8g Ilimanaq"}]},{"@type":"WebSite","@id":"https:\/\/arcticexcursions.com\/#website","url":"https:\/\/arcticexcursions.com\/","name":"Arctic Excursions","description":"New adventures. Every day.","publisher":{"@id":"https:\/\/arcticexcursions.com\/#organization"},"potentialAction":[{"@type":"SearchAction","target":{"@type":"EntryPoint","urlTemplate":"https:\/\/arcticexcursions.com\/?s={search_term_string}"},"query-input":{"@type":"PropertyValueSpecification","valueRequired":true,"valueName":"search_term_string"}}],"inLanguage":"da-DK"},{"@type":"Organization","@id":"https:\/\/arcticexcursions.com\/#organization","name":"Arctic Excursions","url":"https:\/\/arcticexcursions.com\/","logo":{"@type":"ImageObject","inLanguage":"da-DK","@id":"https:\/\/arcticexcursions.com\/#\/schema\/logo\/image\/","url":"https:\/\/arcticexcursions.com\/wp-content\/uploads\/2022\/11\/fb-logo.png","contentUrl":"https:\/\/arcticexcursions.com\/wp-content\/uploads\/2022\/11\/fb-logo.png","width":523,"height":523,"caption":"Arctic Excursions"},"image":{"@id":"https:\/\/arcticexcursions.com\/#\/schema\/logo\/image\/"}}]}},"_links":{"self":[{"href":"https:\/\/arcticexcursions.com\/da\/wp-json\/wp\/v2\/product\/19237"}],"collection":[{"href":"https:\/\/arcticexcursions.com\/da\/wp-json\/wp\/v2\/product"}],"about":[{"href":"https:\/\/arcticexcursions.com\/da\/wp-json\/wp\/v2\/types\/product"}],"replies":[{"embeddable":true,"href":"https:\/\/arcticexcursions.com\/da\/wp-json\/wp\/v2\/comments?post=19237"}],"wp:featuredmedia":[{"embeddable":true,"href":"https:\/\/arcticexcursions.com\/da\/wp-json\/wp\/v2\/media\/18907"}],"wp:attachment":[{"href":"https:\/\/arcticexcursions.com\/da\/wp-json\/wp\/v2\/media?parent=19237"}],"wp:term":[{"taxonomy":"product_brand","embeddable":true,"href":"https:\/\/arcticexcursions.com\/da\/wp-json\/wp\/v2\/product_brand?post=19237"},{"taxonomy":"product_cat","embeddable":true,"href":"https:\/\/arcticexcursions.com\/da\/wp-json\/wp\/v2\/product_cat?post=19237"},{"taxonomy":"product_tag","embeddable":true,"href":"https:\/\/arcticexcursions.com\/da\/wp-json\/wp\/v2\/product_tag?post=19237"}],"curies":[{"name":"wp","href":"https:\/\/api.w.org\/{rel}","templated":true}]}}