{"id":19238,"date":"2023-08-14T14:12:20","date_gmt":"2023-08-14T12:12:20","guid":{"rendered":"https:\/\/arcticexcursions.com\/?post_type=product&#038;p=19238"},"modified":"2026-03-22T03:33:06","modified_gmt":"2026-03-22T01:33:06","slug":"kangia-icefjord","status":"publish","type":"product","link":"https:\/\/arcticexcursions.com\/da\/udflugter\/kangia-icefjord\/","title":{"rendered":"Kangia Isfjord &#8211; Det frosne vidunder"},"content":{"rendered":"<p>Vi er glade for at kunne tilbyde ture og ekspeditioner \u00e5ret rundt p\u00e5 vores specialbyggede b\u00e5d, der sikrer din komfort, mens vi udforsker Gr\u00f8nlands uber\u00f8rte farvande. Fordyb dig i de frosne landskaber, og bliv forundret over storheden af den nordlige halvkugles st\u00f8rste isbjerge, lige ved deres kilde.<\/p>\n<p>Vores kaptajn, som er certificeret eventyrguide i Gr\u00f8nland, er ivrig efter at dele sin viden om isbjergenes dannelse og de fascinerende videnskabelige aspekter af dette unikke milj\u00f8. L\u00e6r om gletsjere, isbjerge og det mangfoldige dyreliv, der frekventerer dette omr\u00e5de, og tilf\u00f8j dybde til din oplevelse.<\/p>\n<p>Tr\u00e6d ombord p\u00e5 &#8220;Victor Explorer&#8221;, n\u00e5r vi s\u00e6tter sejl for at \u00e5bne op for vidunderne i Isfjorden Kangia. Forbered dig p\u00e5 at blive betaget af dette gletsjervidunderland, en oplevelse, der bedst v\u00e6rds\u00e6ttes personligt.<\/p>\n<p>Vi kan ikke vente med at byde dig velkommen om bord og dele et uforglemmeligt gr\u00f8nlandsk eventyr. Book din ekspedition nu med Greenland Backcountry, og lad os begive os ud p\u00e5 en rejse til Isfjord Kangias vidundere!<\/p>\n<p><b>Varighed:<\/b> 2 timer <\/p>\n<p><b>Sprog:<\/b> Guiden\/kaptajnen taler dansk, engelsk.<\/p>\n<p><b>B\u00e5dtype:<\/b> \u00c5ben b\u00e5d <\/p>\n<p><b>Toiletforhold:<\/b> Der er ikke toilet p\u00e5 b\u00e5den <\/p>\n<p><b>Forplejning:<\/b> Kaffe og te serveres p\u00e5 b\u00e5den <\/p>\n<p><b>Anbefalet p\u00e5kl\u00e6dning:<\/b> Varmt t\u00f8j inkl. hue og handsker hele \u00e5ret. Solbriller. Solcreme om sommeren. <\/p>\n<p><b>Deltagere:<\/b> Bem\u00e6rk venligst, at udflugten kun finder sted, hvis der er bestilt mindst 3 billetter i alt. Hvis du f.eks. bestiller 2 billetter, skal der s\u00e6lges mindst 1 ekstra billetter til andre kunder, for at turen kan gennemf\u00f8res. H\u00f8jst 6 personer kan deltage.<\/p>\n","protected":false},"excerpt":{"rendered":"<p>Oplev den betagende isfjord Kangia, som er p\u00e5 UNESCO&#8217;s verdensarvsliste og kendt for sine storsl\u00e5ede gletsjerk\u00e6lvninger og store videnskabelige betydning. Tag med os p\u00e5 et sp\u00e6ndende eventyr og oplev dette arktiske vidunder helt t\u00e6t p\u00e5.<\/p>\n","protected":false},"featured_media":18889,"comment_status":"open","ping_status":"closed","template":"","meta":{"_acf_changed":false},"product_brand":[],"product_cat":[101,170],"product_tag":[],"class_list":{"0":"post-19238","1":"product","2":"type-product","3":"status-publish","4":"has-post-thumbnail","6":"product_cat-tour","7":"product_cat-udflugt","8":"pa_dato-603","9":"pa_dato-912","10":"pa_dato-5881","11":"pa_dato-6075","12":"pa_dato-5892","13":"pa_dato-6051","14":"pa_dato-5883","15":"pa_dato-6002","16":"pa_dato-5961","17":"pa_dato-6060","18":"pa_dato-5939","19":"pa_dato-6413","20":"pa_dato-6468","21":"pa_dato-6365","22":"pa_dato-6346","23":"pa_dato-6243","24":"pa_tidspunkt-683","25":"pa_tidspunkt-72","26":"pa_tidspunkt-40","27":"pa_tidspunkt-426","28":"tour_location-ilulissat-da","29":"tour_type-baadture","30":"tour_tickettype-arctic_excursions","31":"tour_operator-greenland-backcountry","33":"first","34":"instock","35":"shipping-taxable","36":"purchasable","37":"product-type-variable"},"acf":[],"yoast_head":"<!-- This site is optimized with the Yoast SEO plugin v23.6 - https:\/\/yoast.com\/wordpress\/plugins\/seo\/ -->\n<title>Arctic Excursions<\/title>\n<meta name=\"robots\" content=\"index, follow, max-snippet:-1, max-image-preview:large, max-video-preview:-1\" \/>\n<link rel=\"canonical\" href=\"https:\/\/arcticexcursions.com\/udflugter\/kangia-icefjord\/\" \/>\n<meta property=\"og:locale\" content=\"da_DK\" \/>\n<meta property=\"og:type\" content=\"article\" \/>\n<meta property=\"og:title\" content=\"Kangia Isfjord - Det frosne vidunder - Arctic Excursions\" \/>\n<meta property=\"og:description\" content=\"Oplev den betagende isfjord Kangia, som er p\u00e5 UNESCO&#039;s verdensarvsliste og kendt for sine storsl\u00e5ede gletsjerk\u00e6lvninger og store videnskabelige betydning. Tag med os p\u00e5 et sp\u00e6ndende eventyr og oplev dette arktiske vidunder helt t\u00e6t p\u00e5.\" \/>\n<meta property=\"og:url\" content=\"https:\/\/arcticexcursions.com\/udflugter\/kangia-icefjord\/\" \/>\n<meta property=\"og:site_name\" content=\"Arctic Excursions\" \/>\n<meta property=\"article:modified_time\" content=\"2026-03-22T01:33:06+00:00\" \/>\n<meta property=\"og:image\" content=\"https:\/\/arcticexcursions.com\/wp-content\/uploads\/2023\/07\/BOAT-FINAL-2-1.jpg\" \/>\n\t<meta property=\"og:image:width\" content=\"2048\" \/>\n\t<meta property=\"og:image:height\" content=\"1365\" \/>\n\t<meta property=\"og:image:type\" content=\"image\/jpeg\" \/>\n<meta name=\"twitter:card\" content=\"summary_large_image\" \/>\n<meta name=\"twitter:label1\" content=\"Estimeret l\u00e6setid\" \/>\n\t<meta name=\"twitter:data1\" content=\"1 minut\" \/>\n<script type=\"application\/ld+json\" class=\"yoast-schema-graph\">{\"@context\":\"https:\/\/schema.org\",\"@graph\":[{\"@type\":\"WebPage\",\"@id\":\"https:\/\/arcticexcursions.com\/udflugter\/kangia-icefjord\/\",\"url\":\"https:\/\/arcticexcursions.com\/udflugter\/kangia-icefjord\/\",\"name\":\"Kangia Isfjord - Det frosne vidunder - Arctic Excursions\",\"isPartOf\":{\"@id\":\"https:\/\/arcticexcursions.com\/#website\"},\"primaryImageOfPage\":{\"@id\":\"https:\/\/arcticexcursions.com\/udflugter\/kangia-icefjord\/#primaryimage\"},\"image\":{\"@id\":\"https:\/\/arcticexcursions.com\/udflugter\/kangia-icefjord\/#primaryimage\"},\"thumbnailUrl\":\"https:\/\/arcticexcursions.com\/wp-content\/uploads\/2023\/07\/BOAT-FINAL-2-1.jpg\",\"datePublished\":\"2023-08-14T12:12:20+00:00\",\"dateModified\":\"2026-03-22T01:33:06+00:00\",\"breadcrumb\":{\"@id\":\"https:\/\/arcticexcursions.com\/udflugter\/kangia-icefjord\/#breadcrumb\"},\"inLanguage\":\"da-DK\",\"potentialAction\":[{\"@type\":\"ReadAction\",\"target\":[\"https:\/\/arcticexcursions.com\/udflugter\/kangia-icefjord\/\"]}]},{\"@type\":\"ImageObject\",\"inLanguage\":\"da-DK\",\"@id\":\"https:\/\/arcticexcursions.com\/udflugter\/kangia-icefjord\/#primaryimage\",\"url\":\"https:\/\/arcticexcursions.com\/wp-content\/uploads\/2023\/07\/BOAT-FINAL-2-1.jpg\",\"contentUrl\":\"https:\/\/arcticexcursions.com\/wp-content\/uploads\/2023\/07\/BOAT-FINAL-2-1.jpg\",\"width\":2048,\"height\":1365},{\"@type\":\"BreadcrumbList\",\"@id\":\"https:\/\/arcticexcursions.com\/udflugter\/kangia-icefjord\/#breadcrumb\",\"itemListElement\":[{\"@type\":\"ListItem\",\"position\":1,\"name\":\"Home\",\"item\":\"https:\/\/arcticexcursions.com\/da\/\"},{\"@type\":\"ListItem\",\"position\":2,\"name\":\"Udflugter i Gr\u00f8nland\",\"item\":\"https:\/\/arcticexcursions.com\/da\/udflugter\/\"},{\"@type\":\"ListItem\",\"position\":3,\"name\":\"Kangia Isfjord &#8211; Det frosne vidunder\"}]},{\"@type\":\"WebSite\",\"@id\":\"https:\/\/arcticexcursions.com\/#website\",\"url\":\"https:\/\/arcticexcursions.com\/\",\"name\":\"Arctic Excursions\",\"description\":\"New adventures. Every day.\",\"publisher\":{\"@id\":\"https:\/\/arcticexcursions.com\/#organization\"},\"potentialAction\":[{\"@type\":\"SearchAction\",\"target\":{\"@type\":\"EntryPoint\",\"urlTemplate\":\"https:\/\/arcticexcursions.com\/?s={search_term_string}\"},\"query-input\":{\"@type\":\"PropertyValueSpecification\",\"valueRequired\":true,\"valueName\":\"search_term_string\"}}],\"inLanguage\":\"da-DK\"},{\"@type\":\"Organization\",\"@id\":\"https:\/\/arcticexcursions.com\/#organization\",\"name\":\"Arctic Excursions\",\"url\":\"https:\/\/arcticexcursions.com\/\",\"logo\":{\"@type\":\"ImageObject\",\"inLanguage\":\"da-DK\",\"@id\":\"https:\/\/arcticexcursions.com\/#\/schema\/logo\/image\/\",\"url\":\"https:\/\/arcticexcursions.com\/wp-content\/uploads\/2022\/11\/fb-logo.png\",\"contentUrl\":\"https:\/\/arcticexcursions.com\/wp-content\/uploads\/2022\/11\/fb-logo.png\",\"width\":523,\"height\":523,\"caption\":\"Arctic Excursions\"},\"image\":{\"@id\":\"https:\/\/arcticexcursions.com\/#\/schema\/logo\/image\/\"}}]}<\/script>\n<!-- \/ Yoast SEO plugin. -->","yoast_head_json":{"title":"Arctic Excursions","robots":{"index":"index","follow":"follow","max-snippet":"max-snippet:-1","max-image-preview":"max-image-preview:large","max-video-preview":"max-video-preview:-1"},"canonical":"https:\/\/arcticexcursions.com\/udflugter\/kangia-icefjord\/","og_locale":"da_DK","og_type":"article","og_title":"Kangia Isfjord - Det frosne vidunder - Arctic Excursions","og_description":"Oplev den betagende isfjord Kangia, som er p\u00e5 UNESCO's verdensarvsliste og kendt for sine storsl\u00e5ede gletsjerk\u00e6lvninger og store videnskabelige betydning. Tag med os p\u00e5 et sp\u00e6ndende eventyr og oplev dette arktiske vidunder helt t\u00e6t p\u00e5.","og_url":"https:\/\/arcticexcursions.com\/udflugter\/kangia-icefjord\/","og_site_name":"Arctic Excursions","article_modified_time":"2026-03-22T01:33:06+00:00","og_image":[{"width":2048,"height":1365,"url":"https:\/\/arcticexcursions.com\/wp-content\/uploads\/2023\/07\/BOAT-FINAL-2-1.jpg","type":"image\/jpeg"}],"twitter_card":"summary_large_image","twitter_misc":{"Estimeret l\u00e6setid":"1 minut"},"schema":{"@context":"https:\/\/schema.org","@graph":[{"@type":"WebPage","@id":"https:\/\/arcticexcursions.com\/udflugter\/kangia-icefjord\/","url":"https:\/\/arcticexcursions.com\/udflugter\/kangia-icefjord\/","name":"Kangia Isfjord - Det frosne vidunder - Arctic Excursions","isPartOf":{"@id":"https:\/\/arcticexcursions.com\/#website"},"primaryImageOfPage":{"@id":"https:\/\/arcticexcursions.com\/udflugter\/kangia-icefjord\/#primaryimage"},"image":{"@id":"https:\/\/arcticexcursions.com\/udflugter\/kangia-icefjord\/#primaryimage"},"thumbnailUrl":"https:\/\/arcticexcursions.com\/wp-content\/uploads\/2023\/07\/BOAT-FINAL-2-1.jpg","datePublished":"2023-08-14T12:12:20+00:00","dateModified":"2026-03-22T01:33:06+00:00","breadcrumb":{"@id":"https:\/\/arcticexcursions.com\/udflugter\/kangia-icefjord\/#breadcrumb"},"inLanguage":"da-DK","potentialAction":[{"@type":"ReadAction","target":["https:\/\/arcticexcursions.com\/udflugter\/kangia-icefjord\/"]}]},{"@type":"ImageObject","inLanguage":"da-DK","@id":"https:\/\/arcticexcursions.com\/udflugter\/kangia-icefjord\/#primaryimage","url":"https:\/\/arcticexcursions.com\/wp-content\/uploads\/2023\/07\/BOAT-FINAL-2-1.jpg","contentUrl":"https:\/\/arcticexcursions.com\/wp-content\/uploads\/2023\/07\/BOAT-FINAL-2-1.jpg","width":2048,"height":1365},{"@type":"BreadcrumbList","@id":"https:\/\/arcticexcursions.com\/udflugter\/kangia-icefjord\/#breadcrumb","itemListElement":[{"@type":"ListItem","position":1,"name":"Home","item":"https:\/\/arcticexcursions.com\/da\/"},{"@type":"ListItem","position":2,"name":"Udflugter i Gr\u00f8nland","item":"https:\/\/arcticexcursions.com\/da\/udflugter\/"},{"@type":"ListItem","position":3,"name":"Kangia Isfjord &#8211; Det frosne vidunder"}]},{"@type":"WebSite","@id":"https:\/\/arcticexcursions.com\/#website","url":"https:\/\/arcticexcursions.com\/","name":"Arctic Excursions","description":"New adventures. Every day.","publisher":{"@id":"https:\/\/arcticexcursions.com\/#organization"},"potentialAction":[{"@type":"SearchAction","target":{"@type":"EntryPoint","urlTemplate":"https:\/\/arcticexcursions.com\/?s={search_term_string}"},"query-input":{"@type":"PropertyValueSpecification","valueRequired":true,"valueName":"search_term_string"}}],"inLanguage":"da-DK"},{"@type":"Organization","@id":"https:\/\/arcticexcursions.com\/#organization","name":"Arctic Excursions","url":"https:\/\/arcticexcursions.com\/","logo":{"@type":"ImageObject","inLanguage":"da-DK","@id":"https:\/\/arcticexcursions.com\/#\/schema\/logo\/image\/","url":"https:\/\/arcticexcursions.com\/wp-content\/uploads\/2022\/11\/fb-logo.png","contentUrl":"https:\/\/arcticexcursions.com\/wp-content\/uploads\/2022\/11\/fb-logo.png","width":523,"height":523,"caption":"Arctic Excursions"},"image":{"@id":"https:\/\/arcticexcursions.com\/#\/schema\/logo\/image\/"}}]}},"_links":{"self":[{"href":"https:\/\/arcticexcursions.com\/da\/wp-json\/wp\/v2\/product\/19238"}],"collection":[{"href":"https:\/\/arcticexcursions.com\/da\/wp-json\/wp\/v2\/product"}],"about":[{"href":"https:\/\/arcticexcursions.com\/da\/wp-json\/wp\/v2\/types\/product"}],"replies":[{"embeddable":true,"href":"https:\/\/arcticexcursions.com\/da\/wp-json\/wp\/v2\/comments?post=19238"}],"wp:featuredmedia":[{"embeddable":true,"href":"https:\/\/arcticexcursions.com\/da\/wp-json\/wp\/v2\/media\/18889"}],"wp:attachment":[{"href":"https:\/\/arcticexcursions.com\/da\/wp-json\/wp\/v2\/media?parent=19238"}],"wp:term":[{"taxonomy":"product_brand","embeddable":true,"href":"https:\/\/arcticexcursions.com\/da\/wp-json\/wp\/v2\/product_brand?post=19238"},{"taxonomy":"product_cat","embeddable":true,"href":"https:\/\/arcticexcursions.com\/da\/wp-json\/wp\/v2\/product_cat?post=19238"},{"taxonomy":"product_tag","embeddable":true,"href":"https:\/\/arcticexcursions.com\/da\/wp-json\/wp\/v2\/product_tag?post=19238"}],"curies":[{"name":"wp","href":"https:\/\/api.w.org\/{rel}","templated":true}]}}