{"id":19239,"date":"2023-08-02T00:18:50","date_gmt":"2023-08-01T22:18:50","guid":{"rendered":"https:\/\/arcticexcursions.com\/?post_type=product&#038;p=19239"},"modified":"2026-04-20T12:18:59","modified_gmt":"2026-04-20T10:18:59","slug":"kayak-tour","status":"publish","type":"product","link":"https:\/\/arcticexcursions.com\/da\/udflugter\/kayak-tour\/","title":{"rendered":"Kajaktur blandt isbjerge"},"content":{"rendered":"<p>Er du klar til at opfylde din dr\u00f8m om at sejle i kajak mellem imponerende isbjerge? Tag med p\u00e5 vores sp\u00e6ndende kajaktur, og oplev Arktis som aldrig f\u00f8r.<\/p>\n<p>Vi starter fra kysten og guider dig gennem en f\u00e6ngslende labyrint af is med de charmerende Ilulissat-huse som en farverig kulisse. Mens vi snor os gennem det iskolde landskab, vil du opleve en r\u00e6kke unikke former og frosne figurer, der skaber en fascinerende oplevelse.<\/p>\n<p>Vores destination er den fantastiske Isfjord, hvor du vil blive overv\u00e6ldet af de t\u00e5rnh\u00f8je isformationer. Glid langs det krystalklare vand, og fordyb dig i den naturlige sk\u00f8nhed, der omgiver dig.<\/p>\n<p>Bem\u00e6rk venligst, at den specifikke rute og potentielle landingssteder kan variere p\u00e5 grund af faktorer som tid, vejr og isforhold. Du kan v\u00e6re sikker p\u00e5, at vores erfarne guider vil s\u00f8rge for et sikkert og mindev\u00e6rdigt kajakeventyr.<\/p>\n<p>G\u00e5 ikke glip af denne utrolige mulighed for at padle blandt de arktiske k\u00e6mper. Book din plads nu hos Greenland Backcountry, og lad os guide dig p\u00e5 en uforglemmelig rejse gennem Gr\u00f8nlands vidunderlige isparadis.<\/p>\n<p><b>Varighed:<\/b> 2 timer <\/p>\n<p><b>Deltagere:<\/b> Bem\u00e6rk venligst, at udflugten kun gennemf\u00f8res, hvis der er mindst 2 bookede billetter i alt. Hvis du for eksempel booker 1 billetter, skal der s\u00e6lges mindst 1 yderligere billetter til andre kunder, f\u00f8r turen kan finde sted. Der vil deltage maksimalt 6 personer. <\/p>\n<p><b>Sprog:<\/b> Instrukt\u00f8ren taler dansk, engelsk. <\/p>\n<p><b>Sv\u00e6rhedsgrad:<\/b> Begyndervenlig tur <\/p>\n<p><b>Anbefalet p\u00e5kl\u00e6dning:<\/b> Varmt, praktisk t\u00f8j. Sikkerhedsudstyr inkluderet.<\/p>\n","protected":false},"excerpt":{"rendered":"<p>Kajakeventyr &#8211; Padl mellem majest\u00e6tiske isbjerge<\/p>\n","protected":false},"featured_media":18903,"comment_status":"open","ping_status":"closed","template":"","meta":{"_acf_changed":false},"product_brand":[],"product_cat":[101,170],"product_tag":[],"class_list":{"0":"post-19239","1":"product","2":"type-product","3":"status-publish","4":"has-post-thumbnail","6":"product_cat-tour","7":"product_cat-udflugt","8":"pa_dato-604","9":"pa_dato-733","10":"pa_dato-773","11":"pa_dato-776","12":"pa_dato-769","13":"pa_dato-1129","14":"pa_dato-1026","15":"pa_dato-6001","16":"pa_dato-5916","17":"pa_dato-5936","18":"pa_dato-5947","19":"pa_dato-6064","20":"pa_dato-6047","21":"pa_dato-5932","22":"pa_dato-5952","23":"pa_dato-6056","24":"pa_dato-5892","25":"pa_dato-5965","26":"pa_dato-6030","27":"pa_dato-6087","28":"pa_dato-5931","29":"pa_dato-5926","30":"pa_dato-5955","31":"pa_dato-5929","32":"pa_dato-5889","33":"pa_dato-5958","34":"pa_dato-5938","35":"pa_dato-6002","36":"pa_dato-5961","37":"pa_dato-6224","38":"pa_dato-6116","39":"pa_dato-6427","40":"pa_dato-6265","41":"pa_dato-6377","42":"pa_dato-6217","43":"pa_dato-6353","44":"pa_dato-6323","45":"pa_dato-6235","46":"pa_dato-6236","47":"pa_dato-6237","48":"pa_dato-6239","49":"pa_dato-6232","50":"pa_tidspunkt-682","51":"pa_tidspunkt-72","52":"pa_tidspunkt-40","53":"pa_tidspunkt-177","54":"pa_tidspunkt-314","55":"pa_tidspunkt-61","56":"pa_tidspunkt-426","57":"pa_tidspunkt-255","58":"tour_location-ilulissat-da","59":"tour_type-vandsport","60":"tour_tickettype-arctic_excursions","61":"tour_operator-greenland-backcountry","63":"first","64":"instock","65":"shipping-taxable","66":"purchasable","67":"product-type-variable"},"acf":[],"yoast_head":"<!-- This site is optimized with the Yoast SEO plugin v23.6 - https:\/\/yoast.com\/wordpress\/plugins\/seo\/ -->\n<title>Arctic Excursions<\/title>\n<meta name=\"robots\" content=\"index, follow, max-snippet:-1, max-image-preview:large, max-video-preview:-1\" \/>\n<link rel=\"canonical\" href=\"https:\/\/arcticexcursions.com\/da\/udflugter\/kayak-tour\/\" \/>\n<meta property=\"og:locale\" content=\"da_DK\" \/>\n<meta property=\"og:type\" content=\"article\" \/>\n<meta property=\"og:title\" content=\"Kajaktur blandt isbjerge - Arctic Excursions\" \/>\n<meta property=\"og:description\" content=\"Kajakeventyr - Padl mellem majest\u00e6tiske isbjerge\" \/>\n<meta property=\"og:url\" content=\"https:\/\/arcticexcursions.com\/da\/udflugter\/kayak-tour\/\" \/>\n<meta property=\"og:site_name\" content=\"Arctic Excursions\" \/>\n<meta property=\"article:modified_time\" content=\"2026-04-20T10:18:59+00:00\" \/>\n<meta property=\"og:image\" content=\"https:\/\/arcticexcursions.com\/wp-content\/uploads\/2023\/07\/KAYAK-FINAL-1-scaled.jpg\" \/>\n\t<meta property=\"og:image:width\" content=\"2560\" \/>\n\t<meta property=\"og:image:height\" content=\"1920\" \/>\n\t<meta property=\"og:image:type\" content=\"image\/jpeg\" \/>\n<meta name=\"twitter:card\" content=\"summary_large_image\" \/>\n<meta name=\"twitter:label1\" content=\"Estimeret l\u00e6setid\" \/>\n\t<meta name=\"twitter:data1\" content=\"1 minut\" \/>\n<script type=\"application\/ld+json\" class=\"yoast-schema-graph\">{\"@context\":\"https:\/\/schema.org\",\"@graph\":[{\"@type\":\"WebPage\",\"@id\":\"https:\/\/arcticexcursions.com\/da\/udflugter\/kayak-tour\/\",\"url\":\"https:\/\/arcticexcursions.com\/da\/udflugter\/kayak-tour\/\",\"name\":\"Kajaktur blandt isbjerge - Arctic Excursions\",\"isPartOf\":{\"@id\":\"https:\/\/arcticexcursions.com\/#website\"},\"primaryImageOfPage\":{\"@id\":\"https:\/\/arcticexcursions.com\/da\/udflugter\/kayak-tour\/#primaryimage\"},\"image\":{\"@id\":\"https:\/\/arcticexcursions.com\/da\/udflugter\/kayak-tour\/#primaryimage\"},\"thumbnailUrl\":\"https:\/\/arcticexcursions.com\/wp-content\/uploads\/2023\/07\/KAYAK-FINAL-1-scaled.jpg\",\"datePublished\":\"2023-08-01T22:18:50+00:00\",\"dateModified\":\"2026-04-20T10:18:59+00:00\",\"breadcrumb\":{\"@id\":\"https:\/\/arcticexcursions.com\/da\/udflugter\/kayak-tour\/#breadcrumb\"},\"inLanguage\":\"da-DK\",\"potentialAction\":[{\"@type\":\"ReadAction\",\"target\":[\"https:\/\/arcticexcursions.com\/da\/udflugter\/kayak-tour\/\"]}]},{\"@type\":\"ImageObject\",\"inLanguage\":\"da-DK\",\"@id\":\"https:\/\/arcticexcursions.com\/da\/udflugter\/kayak-tour\/#primaryimage\",\"url\":\"https:\/\/arcticexcursions.com\/wp-content\/uploads\/2023\/07\/KAYAK-FINAL-1-scaled.jpg\",\"contentUrl\":\"https:\/\/arcticexcursions.com\/wp-content\/uploads\/2023\/07\/KAYAK-FINAL-1-scaled.jpg\",\"width\":2560,\"height\":1920,\"caption\":\"default\"},{\"@type\":\"BreadcrumbList\",\"@id\":\"https:\/\/arcticexcursions.com\/da\/udflugter\/kayak-tour\/#breadcrumb\",\"itemListElement\":[{\"@type\":\"ListItem\",\"position\":1,\"name\":\"Home\",\"item\":\"https:\/\/arcticexcursions.com\/da\/\"},{\"@type\":\"ListItem\",\"position\":2,\"name\":\"Udflugter i Gr\u00f8nland\",\"item\":\"https:\/\/arcticexcursions.com\/da\/udflugter\/\"},{\"@type\":\"ListItem\",\"position\":3,\"name\":\"Kajaktur blandt isbjerge\"}]},{\"@type\":\"WebSite\",\"@id\":\"https:\/\/arcticexcursions.com\/#website\",\"url\":\"https:\/\/arcticexcursions.com\/\",\"name\":\"Arctic Excursions\",\"description\":\"New adventures. Every day.\",\"publisher\":{\"@id\":\"https:\/\/arcticexcursions.com\/#organization\"},\"potentialAction\":[{\"@type\":\"SearchAction\",\"target\":{\"@type\":\"EntryPoint\",\"urlTemplate\":\"https:\/\/arcticexcursions.com\/?s={search_term_string}\"},\"query-input\":{\"@type\":\"PropertyValueSpecification\",\"valueRequired\":true,\"valueName\":\"search_term_string\"}}],\"inLanguage\":\"da-DK\"},{\"@type\":\"Organization\",\"@id\":\"https:\/\/arcticexcursions.com\/#organization\",\"name\":\"Arctic Excursions\",\"url\":\"https:\/\/arcticexcursions.com\/\",\"logo\":{\"@type\":\"ImageObject\",\"inLanguage\":\"da-DK\",\"@id\":\"https:\/\/arcticexcursions.com\/#\/schema\/logo\/image\/\",\"url\":\"https:\/\/arcticexcursions.com\/wp-content\/uploads\/2022\/11\/fb-logo.png\",\"contentUrl\":\"https:\/\/arcticexcursions.com\/wp-content\/uploads\/2022\/11\/fb-logo.png\",\"width\":523,\"height\":523,\"caption\":\"Arctic Excursions\"},\"image\":{\"@id\":\"https:\/\/arcticexcursions.com\/#\/schema\/logo\/image\/\"}}]}<\/script>\n<!-- \/ Yoast SEO plugin. -->","yoast_head_json":{"title":"Arctic Excursions","robots":{"index":"index","follow":"follow","max-snippet":"max-snippet:-1","max-image-preview":"max-image-preview:large","max-video-preview":"max-video-preview:-1"},"canonical":"https:\/\/arcticexcursions.com\/da\/udflugter\/kayak-tour\/","og_locale":"da_DK","og_type":"article","og_title":"Kajaktur blandt isbjerge - Arctic Excursions","og_description":"Kajakeventyr - Padl mellem majest\u00e6tiske isbjerge","og_url":"https:\/\/arcticexcursions.com\/da\/udflugter\/kayak-tour\/","og_site_name":"Arctic Excursions","article_modified_time":"2026-04-20T10:18:59+00:00","og_image":[{"width":2560,"height":1920,"url":"https:\/\/arcticexcursions.com\/wp-content\/uploads\/2023\/07\/KAYAK-FINAL-1-scaled.jpg","type":"image\/jpeg"}],"twitter_card":"summary_large_image","twitter_misc":{"Estimeret l\u00e6setid":"1 minut"},"schema":{"@context":"https:\/\/schema.org","@graph":[{"@type":"WebPage","@id":"https:\/\/arcticexcursions.com\/da\/udflugter\/kayak-tour\/","url":"https:\/\/arcticexcursions.com\/da\/udflugter\/kayak-tour\/","name":"Kajaktur blandt isbjerge - Arctic Excursions","isPartOf":{"@id":"https:\/\/arcticexcursions.com\/#website"},"primaryImageOfPage":{"@id":"https:\/\/arcticexcursions.com\/da\/udflugter\/kayak-tour\/#primaryimage"},"image":{"@id":"https:\/\/arcticexcursions.com\/da\/udflugter\/kayak-tour\/#primaryimage"},"thumbnailUrl":"https:\/\/arcticexcursions.com\/wp-content\/uploads\/2023\/07\/KAYAK-FINAL-1-scaled.jpg","datePublished":"2023-08-01T22:18:50+00:00","dateModified":"2026-04-20T10:18:59+00:00","breadcrumb":{"@id":"https:\/\/arcticexcursions.com\/da\/udflugter\/kayak-tour\/#breadcrumb"},"inLanguage":"da-DK","potentialAction":[{"@type":"ReadAction","target":["https:\/\/arcticexcursions.com\/da\/udflugter\/kayak-tour\/"]}]},{"@type":"ImageObject","inLanguage":"da-DK","@id":"https:\/\/arcticexcursions.com\/da\/udflugter\/kayak-tour\/#primaryimage","url":"https:\/\/arcticexcursions.com\/wp-content\/uploads\/2023\/07\/KAYAK-FINAL-1-scaled.jpg","contentUrl":"https:\/\/arcticexcursions.com\/wp-content\/uploads\/2023\/07\/KAYAK-FINAL-1-scaled.jpg","width":2560,"height":1920,"caption":"default"},{"@type":"BreadcrumbList","@id":"https:\/\/arcticexcursions.com\/da\/udflugter\/kayak-tour\/#breadcrumb","itemListElement":[{"@type":"ListItem","position":1,"name":"Home","item":"https:\/\/arcticexcursions.com\/da\/"},{"@type":"ListItem","position":2,"name":"Udflugter i Gr\u00f8nland","item":"https:\/\/arcticexcursions.com\/da\/udflugter\/"},{"@type":"ListItem","position":3,"name":"Kajaktur blandt isbjerge"}]},{"@type":"WebSite","@id":"https:\/\/arcticexcursions.com\/#website","url":"https:\/\/arcticexcursions.com\/","name":"Arctic Excursions","description":"New adventures. Every day.","publisher":{"@id":"https:\/\/arcticexcursions.com\/#organization"},"potentialAction":[{"@type":"SearchAction","target":{"@type":"EntryPoint","urlTemplate":"https:\/\/arcticexcursions.com\/?s={search_term_string}"},"query-input":{"@type":"PropertyValueSpecification","valueRequired":true,"valueName":"search_term_string"}}],"inLanguage":"da-DK"},{"@type":"Organization","@id":"https:\/\/arcticexcursions.com\/#organization","name":"Arctic Excursions","url":"https:\/\/arcticexcursions.com\/","logo":{"@type":"ImageObject","inLanguage":"da-DK","@id":"https:\/\/arcticexcursions.com\/#\/schema\/logo\/image\/","url":"https:\/\/arcticexcursions.com\/wp-content\/uploads\/2022\/11\/fb-logo.png","contentUrl":"https:\/\/arcticexcursions.com\/wp-content\/uploads\/2022\/11\/fb-logo.png","width":523,"height":523,"caption":"Arctic Excursions"},"image":{"@id":"https:\/\/arcticexcursions.com\/#\/schema\/logo\/image\/"}}]}},"_links":{"self":[{"href":"https:\/\/arcticexcursions.com\/da\/wp-json\/wp\/v2\/product\/19239"}],"collection":[{"href":"https:\/\/arcticexcursions.com\/da\/wp-json\/wp\/v2\/product"}],"about":[{"href":"https:\/\/arcticexcursions.com\/da\/wp-json\/wp\/v2\/types\/product"}],"replies":[{"embeddable":true,"href":"https:\/\/arcticexcursions.com\/da\/wp-json\/wp\/v2\/comments?post=19239"}],"wp:featuredmedia":[{"embeddable":true,"href":"https:\/\/arcticexcursions.com\/da\/wp-json\/wp\/v2\/media\/18903"}],"wp:attachment":[{"href":"https:\/\/arcticexcursions.com\/da\/wp-json\/wp\/v2\/media?parent=19239"}],"wp:term":[{"taxonomy":"product_brand","embeddable":true,"href":"https:\/\/arcticexcursions.com\/da\/wp-json\/wp\/v2\/product_brand?post=19239"},{"taxonomy":"product_cat","embeddable":true,"href":"https:\/\/arcticexcursions.com\/da\/wp-json\/wp\/v2\/product_cat?post=19239"},{"taxonomy":"product_tag","embeddable":true,"href":"https:\/\/arcticexcursions.com\/da\/wp-json\/wp\/v2\/product_tag?post=19239"}],"curies":[{"name":"wp","href":"https:\/\/api.w.org\/{rel}","templated":true}]}}