{"id":19240,"date":"2023-08-18T11:13:51","date_gmt":"2023-08-18T09:13:51","guid":{"rendered":"https:\/\/arcticexcursions.com\/?post_type=product&#038;p=19240"},"modified":"2026-02-22T22:34:05","modified_gmt":"2026-02-22T20:34:05","slug":"midnight-sun-tour","status":"publish","type":"product","link":"https:\/\/arcticexcursions.com\/da\/udflugter\/midnight-sun-tour\/","title":{"rendered":"B\u00e5dtur og midnatssol"},"content":{"rendered":"<p>Tag med p\u00e5 en f\u00e6ngslende b\u00e5dtur ind i Kangia Isfjord, hvor roen p\u00e5 en midsommeraften venter. Forbered dig p\u00e5 en helt unik oplevelse, n\u00e5r vi er vidne til det fortryllende f\u00e6nomen midnatssol, et skue, der kun findes i polaromr\u00e5derne.<\/p>\n<p>N\u00e5r solen elegant n\u00e6rmer sig horisonten, vil du med \u00e6refrygt se, hvordan den legende hopper opad igen og skaber et overjordisk og surrealistisk syn. Det str\u00e5lende orange lys maler omgivelserne med isbjerge, der absorberer de fascinerende farver og forst\u00e6rker magien i dette gr\u00f8nlandske eventyr.<\/p>\n<p>G\u00e5 ikke glip af chancen for at blive omgivet af Arktis&#8217; gl\u00f8dende sk\u00f8nhed, mens du udforsker den betagende Kangia Isfjord. Tag med os p\u00e5 Greenland Backcountry p\u00e5 en uforglemmelig rejse ind i hjertet af dette arktiske vidunderland. Book din plads nu, og fordyb dig i midnatssolens f\u00e6ngslende tiltr\u00e6kningskraft.<\/p>\n<p><b>Varighed:<\/b> 2 timer <\/p>\n<p><b>Sprog:<\/b> Guiden\/kaptajnen taler dansk, engelsk.<\/p>\n<p><b>B\u00e5dtype:<\/b> \u00c5ben b\u00e5d <\/p>\n<p><b>Toiletforhold:<\/b> Der er ikke toilet p\u00e5 b\u00e5den <\/p>\n<p><b>Forplejning:<\/b> Kaffe og te serveres p\u00e5 b\u00e5den <\/p>\n<p><b>Anbefalet p\u00e5kl\u00e6dning:<\/b> Varmt t\u00f8j inkl. hue og handsker hele \u00e5ret. Solbriller. Solcreme om sommeren. <\/p>\n<p><b>Deltagere:<\/b> Bem\u00e6rk venligst, at udflugten kun finder sted, hvis der er bestilt mindst 3 billetter i alt. Hvis du f.eks. bestiller 2 billetter, skal der s\u00e6lges mindst 1 ekstra billetter til andre kunder, for at turen kan gennemf\u00f8res. H\u00f8jst 6 personer kan deltage.<\/p>\n","protected":false},"excerpt":{"rendered":"<p>Magisk midnatssols-b\u00e5dtur &#8211; omfavn den arktiske vidunder <\/p>\n","protected":false},"featured_media":28096,"comment_status":"open","ping_status":"closed","template":"","meta":{"_acf_changed":false},"product_brand":[],"product_cat":[101,170],"product_tag":[],"class_list":{"0":"post-19240","1":"product","2":"type-product","3":"status-publish","4":"has-post-thumbnail","6":"product_cat-tour","7":"product_cat-udflugt","8":"pa_dato-739","9":"pa_dato-912","10":"pa_dato-964","11":"pa_dato-1037","12":"pa_dato-1043","13":"pa_dato-6029","14":"pa_dato-5881","15":"pa_dato-5921","16":"pa_dato-5916","17":"pa_dato-6072","18":"pa_dato-6066","19":"pa_dato-6071","20":"pa_dato-6075","21":"pa_dato-5993","22":"pa_dato-5936","23":"pa_dato-5932","24":"pa_dato-5952","25":"pa_dato-5882","26":"pa_dato-5937","27":"pa_dato-5964","28":"pa_dato-5926","29":"pa_dato-5928","30":"pa_dato-5939","31":"pa_dato-6350","32":"pa_dato-6436","33":"pa_tidspunkt-63","34":"pa_tidspunkt-205","35":"pa_tidspunkt-231","36":"pa_tidspunkt-82","37":"pa_tidspunkt-463","38":"tour_location-ilulissat-da","39":"tour_type-baadture","40":"tour_tickettype-arctic_excursions","41":"tour_operator-greenland-backcountry","43":"first","44":"instock","45":"shipping-taxable","46":"purchasable","47":"product-type-variable"},"acf":[],"yoast_head":"<!-- This site is optimized with the Yoast SEO plugin v23.6 - https:\/\/yoast.com\/wordpress\/plugins\/seo\/ -->\n<title>Arctic Excursions<\/title>\n<meta name=\"robots\" content=\"index, follow, max-snippet:-1, max-image-preview:large, max-video-preview:-1\" \/>\n<link rel=\"canonical\" href=\"https:\/\/arcticexcursions.com\/da\/udflugter\/midnight-sun-tour\/\" \/>\n<meta property=\"og:locale\" content=\"da_DK\" \/>\n<meta property=\"og:type\" content=\"article\" \/>\n<meta property=\"og:title\" content=\"B\u00e5dtur og midnatssol - Arctic Excursions\" \/>\n<meta property=\"og:description\" content=\"Magisk midnatssols-b\u00e5dtur - omfavn den arktiske vidunder\" \/>\n<meta property=\"og:url\" content=\"https:\/\/arcticexcursions.com\/da\/udflugter\/midnight-sun-tour\/\" \/>\n<meta property=\"og:site_name\" content=\"Arctic Excursions\" \/>\n<meta property=\"article:modified_time\" content=\"2026-02-22T20:34:05+00:00\" \/>\n<meta property=\"og:image\" content=\"https:\/\/arcticexcursions.com\/wp-content\/uploads\/2024\/01\/greenland-backcountry.jpg\" \/>\n\t<meta property=\"og:image:width\" content=\"1600\" \/>\n\t<meta property=\"og:image:height\" content=\"1200\" \/>\n\t<meta property=\"og:image:type\" content=\"image\/jpeg\" \/>\n<meta name=\"twitter:card\" content=\"summary_large_image\" \/>\n<meta name=\"twitter:label1\" content=\"Estimeret l\u00e6setid\" \/>\n\t<meta name=\"twitter:data1\" content=\"1 minut\" \/>\n<script type=\"application\/ld+json\" class=\"yoast-schema-graph\">{\"@context\":\"https:\/\/schema.org\",\"@graph\":[{\"@type\":\"WebPage\",\"@id\":\"https:\/\/arcticexcursions.com\/da\/udflugter\/midnight-sun-tour\/\",\"url\":\"https:\/\/arcticexcursions.com\/da\/udflugter\/midnight-sun-tour\/\",\"name\":\"B\u00e5dtur og midnatssol - Arctic Excursions\",\"isPartOf\":{\"@id\":\"https:\/\/arcticexcursions.com\/#website\"},\"primaryImageOfPage\":{\"@id\":\"https:\/\/arcticexcursions.com\/da\/udflugter\/midnight-sun-tour\/#primaryimage\"},\"image\":{\"@id\":\"https:\/\/arcticexcursions.com\/da\/udflugter\/midnight-sun-tour\/#primaryimage\"},\"thumbnailUrl\":\"https:\/\/arcticexcursions.com\/wp-content\/uploads\/2024\/01\/greenland-backcountry.jpg\",\"datePublished\":\"2023-08-18T09:13:51+00:00\",\"dateModified\":\"2026-02-22T20:34:05+00:00\",\"breadcrumb\":{\"@id\":\"https:\/\/arcticexcursions.com\/da\/udflugter\/midnight-sun-tour\/#breadcrumb\"},\"inLanguage\":\"da-DK\",\"potentialAction\":[{\"@type\":\"ReadAction\",\"target\":[\"https:\/\/arcticexcursions.com\/da\/udflugter\/midnight-sun-tour\/\"]}]},{\"@type\":\"ImageObject\",\"inLanguage\":\"da-DK\",\"@id\":\"https:\/\/arcticexcursions.com\/da\/udflugter\/midnight-sun-tour\/#primaryimage\",\"url\":\"https:\/\/arcticexcursions.com\/wp-content\/uploads\/2024\/01\/greenland-backcountry.jpg\",\"contentUrl\":\"https:\/\/arcticexcursions.com\/wp-content\/uploads\/2024\/01\/greenland-backcountry.jpg\",\"width\":1600,\"height\":1200},{\"@type\":\"BreadcrumbList\",\"@id\":\"https:\/\/arcticexcursions.com\/da\/udflugter\/midnight-sun-tour\/#breadcrumb\",\"itemListElement\":[{\"@type\":\"ListItem\",\"position\":1,\"name\":\"Home\",\"item\":\"https:\/\/arcticexcursions.com\/da\/\"},{\"@type\":\"ListItem\",\"position\":2,\"name\":\"Udflugter i Gr\u00f8nland\",\"item\":\"https:\/\/arcticexcursions.com\/da\/udflugter\/\"},{\"@type\":\"ListItem\",\"position\":3,\"name\":\"B\u00e5dtur og midnatssol\"}]},{\"@type\":\"WebSite\",\"@id\":\"https:\/\/arcticexcursions.com\/#website\",\"url\":\"https:\/\/arcticexcursions.com\/\",\"name\":\"Arctic Excursions\",\"description\":\"New adventures. Every day.\",\"publisher\":{\"@id\":\"https:\/\/arcticexcursions.com\/#organization\"},\"potentialAction\":[{\"@type\":\"SearchAction\",\"target\":{\"@type\":\"EntryPoint\",\"urlTemplate\":\"https:\/\/arcticexcursions.com\/?s={search_term_string}\"},\"query-input\":{\"@type\":\"PropertyValueSpecification\",\"valueRequired\":true,\"valueName\":\"search_term_string\"}}],\"inLanguage\":\"da-DK\"},{\"@type\":\"Organization\",\"@id\":\"https:\/\/arcticexcursions.com\/#organization\",\"name\":\"Arctic Excursions\",\"url\":\"https:\/\/arcticexcursions.com\/\",\"logo\":{\"@type\":\"ImageObject\",\"inLanguage\":\"da-DK\",\"@id\":\"https:\/\/arcticexcursions.com\/#\/schema\/logo\/image\/\",\"url\":\"https:\/\/arcticexcursions.com\/wp-content\/uploads\/2022\/11\/fb-logo.png\",\"contentUrl\":\"https:\/\/arcticexcursions.com\/wp-content\/uploads\/2022\/11\/fb-logo.png\",\"width\":523,\"height\":523,\"caption\":\"Arctic Excursions\"},\"image\":{\"@id\":\"https:\/\/arcticexcursions.com\/#\/schema\/logo\/image\/\"}}]}<\/script>\n<!-- \/ Yoast SEO plugin. -->","yoast_head_json":{"title":"Arctic Excursions","robots":{"index":"index","follow":"follow","max-snippet":"max-snippet:-1","max-image-preview":"max-image-preview:large","max-video-preview":"max-video-preview:-1"},"canonical":"https:\/\/arcticexcursions.com\/da\/udflugter\/midnight-sun-tour\/","og_locale":"da_DK","og_type":"article","og_title":"B\u00e5dtur og midnatssol - Arctic Excursions","og_description":"Magisk midnatssols-b\u00e5dtur - omfavn den arktiske vidunder","og_url":"https:\/\/arcticexcursions.com\/da\/udflugter\/midnight-sun-tour\/","og_site_name":"Arctic Excursions","article_modified_time":"2026-02-22T20:34:05+00:00","og_image":[{"width":1600,"height":1200,"url":"https:\/\/arcticexcursions.com\/wp-content\/uploads\/2024\/01\/greenland-backcountry.jpg","type":"image\/jpeg"}],"twitter_card":"summary_large_image","twitter_misc":{"Estimeret l\u00e6setid":"1 minut"},"schema":{"@context":"https:\/\/schema.org","@graph":[{"@type":"WebPage","@id":"https:\/\/arcticexcursions.com\/da\/udflugter\/midnight-sun-tour\/","url":"https:\/\/arcticexcursions.com\/da\/udflugter\/midnight-sun-tour\/","name":"B\u00e5dtur og midnatssol - Arctic Excursions","isPartOf":{"@id":"https:\/\/arcticexcursions.com\/#website"},"primaryImageOfPage":{"@id":"https:\/\/arcticexcursions.com\/da\/udflugter\/midnight-sun-tour\/#primaryimage"},"image":{"@id":"https:\/\/arcticexcursions.com\/da\/udflugter\/midnight-sun-tour\/#primaryimage"},"thumbnailUrl":"https:\/\/arcticexcursions.com\/wp-content\/uploads\/2024\/01\/greenland-backcountry.jpg","datePublished":"2023-08-18T09:13:51+00:00","dateModified":"2026-02-22T20:34:05+00:00","breadcrumb":{"@id":"https:\/\/arcticexcursions.com\/da\/udflugter\/midnight-sun-tour\/#breadcrumb"},"inLanguage":"da-DK","potentialAction":[{"@type":"ReadAction","target":["https:\/\/arcticexcursions.com\/da\/udflugter\/midnight-sun-tour\/"]}]},{"@type":"ImageObject","inLanguage":"da-DK","@id":"https:\/\/arcticexcursions.com\/da\/udflugter\/midnight-sun-tour\/#primaryimage","url":"https:\/\/arcticexcursions.com\/wp-content\/uploads\/2024\/01\/greenland-backcountry.jpg","contentUrl":"https:\/\/arcticexcursions.com\/wp-content\/uploads\/2024\/01\/greenland-backcountry.jpg","width":1600,"height":1200},{"@type":"BreadcrumbList","@id":"https:\/\/arcticexcursions.com\/da\/udflugter\/midnight-sun-tour\/#breadcrumb","itemListElement":[{"@type":"ListItem","position":1,"name":"Home","item":"https:\/\/arcticexcursions.com\/da\/"},{"@type":"ListItem","position":2,"name":"Udflugter i Gr\u00f8nland","item":"https:\/\/arcticexcursions.com\/da\/udflugter\/"},{"@type":"ListItem","position":3,"name":"B\u00e5dtur og midnatssol"}]},{"@type":"WebSite","@id":"https:\/\/arcticexcursions.com\/#website","url":"https:\/\/arcticexcursions.com\/","name":"Arctic Excursions","description":"New adventures. Every day.","publisher":{"@id":"https:\/\/arcticexcursions.com\/#organization"},"potentialAction":[{"@type":"SearchAction","target":{"@type":"EntryPoint","urlTemplate":"https:\/\/arcticexcursions.com\/?s={search_term_string}"},"query-input":{"@type":"PropertyValueSpecification","valueRequired":true,"valueName":"search_term_string"}}],"inLanguage":"da-DK"},{"@type":"Organization","@id":"https:\/\/arcticexcursions.com\/#organization","name":"Arctic Excursions","url":"https:\/\/arcticexcursions.com\/","logo":{"@type":"ImageObject","inLanguage":"da-DK","@id":"https:\/\/arcticexcursions.com\/#\/schema\/logo\/image\/","url":"https:\/\/arcticexcursions.com\/wp-content\/uploads\/2022\/11\/fb-logo.png","contentUrl":"https:\/\/arcticexcursions.com\/wp-content\/uploads\/2022\/11\/fb-logo.png","width":523,"height":523,"caption":"Arctic Excursions"},"image":{"@id":"https:\/\/arcticexcursions.com\/#\/schema\/logo\/image\/"}}]}},"_links":{"self":[{"href":"https:\/\/arcticexcursions.com\/da\/wp-json\/wp\/v2\/product\/19240"}],"collection":[{"href":"https:\/\/arcticexcursions.com\/da\/wp-json\/wp\/v2\/product"}],"about":[{"href":"https:\/\/arcticexcursions.com\/da\/wp-json\/wp\/v2\/types\/product"}],"replies":[{"embeddable":true,"href":"https:\/\/arcticexcursions.com\/da\/wp-json\/wp\/v2\/comments?post=19240"}],"wp:featuredmedia":[{"embeddable":true,"href":"https:\/\/arcticexcursions.com\/da\/wp-json\/wp\/v2\/media\/28096"}],"wp:attachment":[{"href":"https:\/\/arcticexcursions.com\/da\/wp-json\/wp\/v2\/media?parent=19240"}],"wp:term":[{"taxonomy":"product_brand","embeddable":true,"href":"https:\/\/arcticexcursions.com\/da\/wp-json\/wp\/v2\/product_brand?post=19240"},{"taxonomy":"product_cat","embeddable":true,"href":"https:\/\/arcticexcursions.com\/da\/wp-json\/wp\/v2\/product_cat?post=19240"},{"taxonomy":"product_tag","embeddable":true,"href":"https:\/\/arcticexcursions.com\/da\/wp-json\/wp\/v2\/product_tag?post=19240"}],"curies":[{"name":"wp","href":"https:\/\/api.w.org\/{rel}","templated":true}]}}