{"id":19606,"date":"2023-08-18T10:30:05","date_gmt":"2023-08-18T08:30:05","guid":{"rendered":"https:\/\/arcticexcursions.com\/?post_type=product&#038;p=19606"},"modified":"2025-10-29T17:33:42","modified_gmt":"2025-10-29T15:33:42","slug":"blue-trail-hike","status":"publish","type":"product","link":"https:\/\/arcticexcursions.com\/da\/udflugter\/blue-trail-hike\/","title":{"rendered":"Vandretur p\u00e5 den bl\u00e5 rute"},"content":{"rendered":"<p>Begiv dig ud p\u00e5 en bem\u00e6rkelsesv\u00e6rdig vandretur, der f\u00f8rer dig langs den fantastiske Kangia Isfjord og byder p\u00e5 en betagende udsigt over isbjerge og en smagspr\u00f8ve p\u00e5 Gr\u00f8nlands bagland, b\u00e5de sommer og vinter.<\/p>\n<p><b>Varighed:<\/b> 2 timer <\/p>\n<p><b>Deltagere:<\/b> Bem\u00e6rk venligst, at udflugten kun gennemf\u00f8res, hvis der er mindst 4 bookede billetter i alt. Hvis du for eksempel booker 2 billetter, skal der s\u00e6lges mindst 2 yderligere billetter til andre kunder, f\u00f8r turen kan finde sted. Der vil deltage maksimalt 8 personer. <\/p>\n<p><b>Sprog:<\/b> Guiden taler dansk, engelsk.<\/p>\n<p><b>Sv\u00e6rhedsgrad:<\/b> Begyndervenlig tur. Anbefales ikke hvis du har rygproblemer. <\/p>\n<p><b>Forplejning:<\/b> Kaffe og te serveres <\/p>\n<p><b>Anbefalet p\u00e5kl\u00e6dning:<\/b> Varmt, praktisk t\u00f8j og vandresko. <\/p>\n<p><b>Sommer:<\/b><br \/>\nKryds stien med solide vandrest\u00f8vler, udforsk klippeterr\u00e6n og sk\u00f8nne midsommeraftener. Vi starter ved Ilulissats sportshal, g\u00e5r gennem udkanten af byen til containerpladsen og stiger op gennem en klippekl\u00f8ft med panoramaudsigt over isbjerge og Ilulissat. Vi vandrer ved en s\u00f8 indrammet af bjerge og langs en b\u00e6k til stranden. Din ekspertguide vil fort\u00e6lle dig om fjordens dannelse, historie og regionens flora og fauna. Nyd drinks og snacks i det rolige bagland, f\u00f8r du g\u00e5r tilbage og passerer den gamle inuitboplads Sermermuit og slutter ved Isfjordscentret.<\/p>\n<p><b>Vinter:<\/b><br \/>\nG\u00e5 p\u00e5 opdagelse i vinterlandskabet med varme vinterst\u00f8vler i stenet terr\u00e6n og uber\u00f8rt sne. Vi starter ved Ilulissats sportshal, g\u00e5r gennem udkanten af byen til containerpladsen og stiger op gennem en klippekl\u00f8ft, hvorfra der er en fantastisk udsigt over isbjerge og Ilulissat. Vi krydser en frossen s\u00f8 med tyk is og frosne vandl\u00f8b, der f\u00f8rer til stranden. Din ekspertguide deler ud af sin viden om fjordens dannelse, historie og omr\u00e5dets dyreliv om vinteren. Drik varme drikke og nyd snacks i det fredfyldte bagland, inden turen g\u00e5r tilbage forbi den gamle inuitboplads Sermermuit og slutter ved Isfjordscentret.<\/p>\n","protected":false},"excerpt":{"rendered":"<p>Oplev Gr\u00f8nlands ut\u00e6mmede sk\u00f8nhed<\/p>\n","protected":false},"featured_media":19305,"comment_status":"open","ping_status":"closed","template":"","meta":{"_acf_changed":false},"product_brand":[],"product_cat":[101,170],"product_tag":[],"class_list":{"0":"post-19606","1":"product","2":"type-product","3":"status-publish","4":"has-post-thumbnail","6":"product_cat-tour","7":"product_cat-udflugt","8":"pa_dato-604","9":"pa_dato-625","10":"pa_dato-734","11":"pa_dato-774","12":"pa_dato-777","13":"pa_dato-779","14":"pa_dato-1061","15":"pa_dato-1062","16":"pa_dato-1033","17":"pa_dato-1135","18":"pa_dato-1185","19":"pa_dato-1186","20":"pa_dato-1267","21":"pa_dato-1352","22":"pa_dato-1353","23":"pa_dato-1372","24":"pa_dato-1354","25":"pa_dato-5989","26":"pa_dato-5893","27":"pa_tidspunkt-187","28":"pa_tidspunkt-178","29":"pa_tidspunkt-40","30":"pa_tidspunkt-61","31":"tour_location-ilulissat-da","32":"tour_type-vandreture","33":"tour_tickettype-arctic_excursions","34":"tour_operator-greenland-backcountry","36":"first","37":"outofstock","38":"shipping-taxable","39":"product-type-variable"},"acf":[],"yoast_head":"<!-- This site is optimized with the Yoast SEO plugin v23.6 - https:\/\/yoast.com\/wordpress\/plugins\/seo\/ -->\n<title>Arctic Excursions<\/title>\n<meta name=\"robots\" content=\"index, follow, max-snippet:-1, max-image-preview:large, max-video-preview:-1\" \/>\n<link rel=\"canonical\" href=\"https:\/\/arcticexcursions.com\/udflugter\/blue-trail-hike\/\" \/>\n<meta property=\"og:locale\" content=\"da_DK\" \/>\n<meta property=\"og:type\" content=\"article\" \/>\n<meta property=\"og:title\" content=\"Vandretur p\u00e5 den bl\u00e5 rute - Arctic Excursions\" \/>\n<meta property=\"og:description\" content=\"Oplev Gr\u00f8nlands ut\u00e6mmede sk\u00f8nhed\" \/>\n<meta property=\"og:url\" content=\"https:\/\/arcticexcursions.com\/udflugter\/blue-trail-hike\/\" \/>\n<meta property=\"og:site_name\" content=\"Arctic Excursions\" \/>\n<meta property=\"article:modified_time\" content=\"2025-10-29T15:33:42+00:00\" \/>\n<meta property=\"og:image\" content=\"https:\/\/arcticexcursions.com\/wp-content\/uploads\/2023\/08\/blue-trail-scaled.jpg\" \/>\n\t<meta property=\"og:image:width\" content=\"2560\" \/>\n\t<meta property=\"og:image:height\" content=\"1920\" \/>\n\t<meta property=\"og:image:type\" content=\"image\/jpeg\" \/>\n<meta name=\"twitter:card\" content=\"summary_large_image\" \/>\n<meta name=\"twitter:label1\" content=\"Estimeret l\u00e6setid\" \/>\n\t<meta name=\"twitter:data1\" content=\"2 minutter\" \/>\n<script type=\"application\/ld+json\" class=\"yoast-schema-graph\">{\"@context\":\"https:\/\/schema.org\",\"@graph\":[{\"@type\":\"WebPage\",\"@id\":\"https:\/\/arcticexcursions.com\/udflugter\/blue-trail-hike\/\",\"url\":\"https:\/\/arcticexcursions.com\/udflugter\/blue-trail-hike\/\",\"name\":\"Vandretur p\u00e5 den bl\u00e5 rute - Arctic Excursions\",\"isPartOf\":{\"@id\":\"https:\/\/arcticexcursions.com\/#website\"},\"primaryImageOfPage\":{\"@id\":\"https:\/\/arcticexcursions.com\/udflugter\/blue-trail-hike\/#primaryimage\"},\"image\":{\"@id\":\"https:\/\/arcticexcursions.com\/udflugter\/blue-trail-hike\/#primaryimage\"},\"thumbnailUrl\":\"https:\/\/arcticexcursions.com\/wp-content\/uploads\/2023\/08\/blue-trail-scaled.jpg\",\"datePublished\":\"2023-08-18T08:30:05+00:00\",\"dateModified\":\"2025-10-29T15:33:42+00:00\",\"breadcrumb\":{\"@id\":\"https:\/\/arcticexcursions.com\/udflugter\/blue-trail-hike\/#breadcrumb\"},\"inLanguage\":\"da-DK\",\"potentialAction\":[{\"@type\":\"ReadAction\",\"target\":[\"https:\/\/arcticexcursions.com\/udflugter\/blue-trail-hike\/\"]}]},{\"@type\":\"ImageObject\",\"inLanguage\":\"da-DK\",\"@id\":\"https:\/\/arcticexcursions.com\/udflugter\/blue-trail-hike\/#primaryimage\",\"url\":\"https:\/\/arcticexcursions.com\/wp-content\/uploads\/2023\/08\/blue-trail-scaled.jpg\",\"contentUrl\":\"https:\/\/arcticexcursions.com\/wp-content\/uploads\/2023\/08\/blue-trail-scaled.jpg\",\"width\":2560,\"height\":1920},{\"@type\":\"BreadcrumbList\",\"@id\":\"https:\/\/arcticexcursions.com\/udflugter\/blue-trail-hike\/#breadcrumb\",\"itemListElement\":[{\"@type\":\"ListItem\",\"position\":1,\"name\":\"Home\",\"item\":\"https:\/\/arcticexcursions.com\/da\/\"},{\"@type\":\"ListItem\",\"position\":2,\"name\":\"Udflugter i Gr\u00f8nland\",\"item\":\"https:\/\/arcticexcursions.com\/da\/udflugter\/\"},{\"@type\":\"ListItem\",\"position\":3,\"name\":\"Vandretur p\u00e5 den bl\u00e5 rute\"}]},{\"@type\":\"WebSite\",\"@id\":\"https:\/\/arcticexcursions.com\/#website\",\"url\":\"https:\/\/arcticexcursions.com\/\",\"name\":\"Arctic Excursions\",\"description\":\"New adventures. Every day.\",\"publisher\":{\"@id\":\"https:\/\/arcticexcursions.com\/#organization\"},\"potentialAction\":[{\"@type\":\"SearchAction\",\"target\":{\"@type\":\"EntryPoint\",\"urlTemplate\":\"https:\/\/arcticexcursions.com\/?s={search_term_string}\"},\"query-input\":{\"@type\":\"PropertyValueSpecification\",\"valueRequired\":true,\"valueName\":\"search_term_string\"}}],\"inLanguage\":\"da-DK\"},{\"@type\":\"Organization\",\"@id\":\"https:\/\/arcticexcursions.com\/#organization\",\"name\":\"Arctic Excursions\",\"url\":\"https:\/\/arcticexcursions.com\/\",\"logo\":{\"@type\":\"ImageObject\",\"inLanguage\":\"da-DK\",\"@id\":\"https:\/\/arcticexcursions.com\/#\/schema\/logo\/image\/\",\"url\":\"https:\/\/arcticexcursions.com\/wp-content\/uploads\/2022\/11\/fb-logo.png\",\"contentUrl\":\"https:\/\/arcticexcursions.com\/wp-content\/uploads\/2022\/11\/fb-logo.png\",\"width\":523,\"height\":523,\"caption\":\"Arctic Excursions\"},\"image\":{\"@id\":\"https:\/\/arcticexcursions.com\/#\/schema\/logo\/image\/\"}}]}<\/script>\n<!-- \/ Yoast SEO plugin. -->","yoast_head_json":{"title":"Arctic Excursions","robots":{"index":"index","follow":"follow","max-snippet":"max-snippet:-1","max-image-preview":"max-image-preview:large","max-video-preview":"max-video-preview:-1"},"canonical":"https:\/\/arcticexcursions.com\/udflugter\/blue-trail-hike\/","og_locale":"da_DK","og_type":"article","og_title":"Vandretur p\u00e5 den bl\u00e5 rute - Arctic Excursions","og_description":"Oplev Gr\u00f8nlands ut\u00e6mmede sk\u00f8nhed","og_url":"https:\/\/arcticexcursions.com\/udflugter\/blue-trail-hike\/","og_site_name":"Arctic Excursions","article_modified_time":"2025-10-29T15:33:42+00:00","og_image":[{"width":2560,"height":1920,"url":"https:\/\/arcticexcursions.com\/wp-content\/uploads\/2023\/08\/blue-trail-scaled.jpg","type":"image\/jpeg"}],"twitter_card":"summary_large_image","twitter_misc":{"Estimeret l\u00e6setid":"2 minutter"},"schema":{"@context":"https:\/\/schema.org","@graph":[{"@type":"WebPage","@id":"https:\/\/arcticexcursions.com\/udflugter\/blue-trail-hike\/","url":"https:\/\/arcticexcursions.com\/udflugter\/blue-trail-hike\/","name":"Vandretur p\u00e5 den bl\u00e5 rute - Arctic Excursions","isPartOf":{"@id":"https:\/\/arcticexcursions.com\/#website"},"primaryImageOfPage":{"@id":"https:\/\/arcticexcursions.com\/udflugter\/blue-trail-hike\/#primaryimage"},"image":{"@id":"https:\/\/arcticexcursions.com\/udflugter\/blue-trail-hike\/#primaryimage"},"thumbnailUrl":"https:\/\/arcticexcursions.com\/wp-content\/uploads\/2023\/08\/blue-trail-scaled.jpg","datePublished":"2023-08-18T08:30:05+00:00","dateModified":"2025-10-29T15:33:42+00:00","breadcrumb":{"@id":"https:\/\/arcticexcursions.com\/udflugter\/blue-trail-hike\/#breadcrumb"},"inLanguage":"da-DK","potentialAction":[{"@type":"ReadAction","target":["https:\/\/arcticexcursions.com\/udflugter\/blue-trail-hike\/"]}]},{"@type":"ImageObject","inLanguage":"da-DK","@id":"https:\/\/arcticexcursions.com\/udflugter\/blue-trail-hike\/#primaryimage","url":"https:\/\/arcticexcursions.com\/wp-content\/uploads\/2023\/08\/blue-trail-scaled.jpg","contentUrl":"https:\/\/arcticexcursions.com\/wp-content\/uploads\/2023\/08\/blue-trail-scaled.jpg","width":2560,"height":1920},{"@type":"BreadcrumbList","@id":"https:\/\/arcticexcursions.com\/udflugter\/blue-trail-hike\/#breadcrumb","itemListElement":[{"@type":"ListItem","position":1,"name":"Home","item":"https:\/\/arcticexcursions.com\/da\/"},{"@type":"ListItem","position":2,"name":"Udflugter i Gr\u00f8nland","item":"https:\/\/arcticexcursions.com\/da\/udflugter\/"},{"@type":"ListItem","position":3,"name":"Vandretur p\u00e5 den bl\u00e5 rute"}]},{"@type":"WebSite","@id":"https:\/\/arcticexcursions.com\/#website","url":"https:\/\/arcticexcursions.com\/","name":"Arctic Excursions","description":"New adventures. Every day.","publisher":{"@id":"https:\/\/arcticexcursions.com\/#organization"},"potentialAction":[{"@type":"SearchAction","target":{"@type":"EntryPoint","urlTemplate":"https:\/\/arcticexcursions.com\/?s={search_term_string}"},"query-input":{"@type":"PropertyValueSpecification","valueRequired":true,"valueName":"search_term_string"}}],"inLanguage":"da-DK"},{"@type":"Organization","@id":"https:\/\/arcticexcursions.com\/#organization","name":"Arctic Excursions","url":"https:\/\/arcticexcursions.com\/","logo":{"@type":"ImageObject","inLanguage":"da-DK","@id":"https:\/\/arcticexcursions.com\/#\/schema\/logo\/image\/","url":"https:\/\/arcticexcursions.com\/wp-content\/uploads\/2022\/11\/fb-logo.png","contentUrl":"https:\/\/arcticexcursions.com\/wp-content\/uploads\/2022\/11\/fb-logo.png","width":523,"height":523,"caption":"Arctic Excursions"},"image":{"@id":"https:\/\/arcticexcursions.com\/#\/schema\/logo\/image\/"}}]}},"_links":{"self":[{"href":"https:\/\/arcticexcursions.com\/da\/wp-json\/wp\/v2\/product\/19606"}],"collection":[{"href":"https:\/\/arcticexcursions.com\/da\/wp-json\/wp\/v2\/product"}],"about":[{"href":"https:\/\/arcticexcursions.com\/da\/wp-json\/wp\/v2\/types\/product"}],"replies":[{"embeddable":true,"href":"https:\/\/arcticexcursions.com\/da\/wp-json\/wp\/v2\/comments?post=19606"}],"wp:featuredmedia":[{"embeddable":true,"href":"https:\/\/arcticexcursions.com\/da\/wp-json\/wp\/v2\/media\/19305"}],"wp:attachment":[{"href":"https:\/\/arcticexcursions.com\/da\/wp-json\/wp\/v2\/media?parent=19606"}],"wp:term":[{"taxonomy":"product_brand","embeddable":true,"href":"https:\/\/arcticexcursions.com\/da\/wp-json\/wp\/v2\/product_brand?post=19606"},{"taxonomy":"product_cat","embeddable":true,"href":"https:\/\/arcticexcursions.com\/da\/wp-json\/wp\/v2\/product_cat?post=19606"},{"taxonomy":"product_tag","embeddable":true,"href":"https:\/\/arcticexcursions.com\/da\/wp-json\/wp\/v2\/product_tag?post=19606"}],"curies":[{"name":"wp","href":"https:\/\/api.w.org\/{rel}","templated":true}]}}