{"id":19607,"date":"2023-09-28T14:32:01","date_gmt":"2023-09-28T12:32:01","guid":{"rendered":"https:\/\/arcticexcursions.com\/?post_type=product&#038;p=19607"},"modified":"2025-10-29T17:25:42","modified_gmt":"2025-10-29T15:25:42","slug":"dog-sledding","status":"publish","type":"product","link":"https:\/\/arcticexcursions.com\/da\/udflugter\/dog-sledding\/","title":{"rendered":"2 timers hundesl\u00e6dek\u00f8rsel"},"content":{"rendered":"<p>Tag p\u00e5 et autentisk hundesl\u00e6deeventyr, der omfavner Gr\u00f8nlands tidl\u00f8se tradition.<\/p>\n<p><b>2-timers hundesl\u00e6detur:<\/b><br \/>\nP\u00e5 denne sp\u00e6ndende to-timers udflugt f\u00e5r du mulighed for at opleve Gr\u00f8nlands frosne sk\u00f8nhed uden motorens brummen. M\u00e6rk suset, n\u00e5r vores loyale og dygtige sl\u00e6dehunde ivrigt f\u00f8rer dig gennem den uber\u00f8rte vildmark og glider hen over sneen med overraskende hastigheder. Kom i kontakt med naturen, og tag del i den \u00e6ldgamle kunst at k\u00f8re hundesl\u00e6de p\u00e5 en mindev\u00e6rdig og opslugende rejse.<\/p>\n<p><b>Deltagere:<\/b> Bem\u00e6rk venligst, at udflugten kun gennemf\u00f8res, hvis der er mindst 2 bookede billetter i alt. Hvis du for eksempel booker 1 billetter, skal der s\u00e6lges mindst 1 yderligere billetter til andre kunder, f\u00f8r turen kan finde sted. Der vil deltage maksimalt 4 personer. <\/p>\n<p><b>Sprog:<\/b> Guiden taler dansk, engelsk og gr\u00f8nlandsk <\/p>\n<p><b>Praktisk info:<\/b> Anbefales ikke til personer med sv\u00e6re rygproblemer <\/p>\n<p><b>Forplejning:<\/b> Kaffe og te serveres <\/p>\n<p><b>Anbefalet p\u00e5kl\u00e6dning:<\/b> Praktiske sko og varmt t\u00f8j, inkl. hue og handsker <\/p>\n<p>Book nu for at skabe gode minder i dette land med gamle traditioner og naturlig pragt!<\/p>\n","protected":false},"excerpt":{"rendered":"<p>Autentisk hundesl\u00e6deeventyr.<\/p>\n","protected":false},"featured_media":19312,"comment_status":"open","ping_status":"closed","template":"","meta":{"_acf_changed":false},"product_brand":[],"product_cat":[101,170],"product_tag":[],"class_list":{"0":"post-19607","1":"product","2":"type-product","3":"status-publish","4":"has-post-thumbnail","6":"product_cat-tour","7":"product_cat-udflugt","8":"pa_dato-904","9":"pa_dato-855","10":"pa_dato-871","11":"pa_dato-872","12":"pa_dato-873","13":"pa_dato-874","14":"pa_dato-1247","15":"pa_dato-1261","16":"pa_dato-1393","17":"pa_dato-1380","18":"pa_dato-1267","19":"pa_dato-1352","20":"pa_dato-1353","21":"pa_dato-1372","22":"pa_dato-1354","23":"pa_dato-5989","24":"pa_tidspunkt-40","25":"pa_tidspunkt-308","26":"tour_location-ilulissat-da","27":"tour_type-hundeslaede","28":"tour_tickettype-arctic_excursions","29":"tour_operator-greenland-backcountry","31":"first","32":"outofstock","33":"shipping-taxable","34":"product-type-variable"},"acf":[],"yoast_head":"<!-- This site is optimized with the Yoast SEO plugin v23.6 - https:\/\/yoast.com\/wordpress\/plugins\/seo\/ -->\n<title>Arctic Excursions<\/title>\n<meta name=\"robots\" content=\"index, follow, max-snippet:-1, max-image-preview:large, max-video-preview:-1\" \/>\n<link rel=\"canonical\" href=\"https:\/\/arcticexcursions.com\/udflugter\/dog-sledding\/\" \/>\n<meta property=\"og:locale\" content=\"da_DK\" \/>\n<meta property=\"og:type\" content=\"article\" \/>\n<meta property=\"og:title\" content=\"2 timers hundesl\u00e6dek\u00f8rsel - Arctic Excursions\" \/>\n<meta property=\"og:description\" content=\"Autentisk hundesl\u00e6deeventyr.\" \/>\n<meta property=\"og:url\" content=\"https:\/\/arcticexcursions.com\/udflugter\/dog-sledding\/\" \/>\n<meta property=\"og:site_name\" content=\"Arctic Excursions\" \/>\n<meta property=\"article:modified_time\" content=\"2025-10-29T15:25:42+00:00\" \/>\n<meta property=\"og:image\" content=\"https:\/\/arcticexcursions.com\/wp-content\/uploads\/2023\/08\/Sleds-15-scaled.jpg\" \/>\n\t<meta property=\"og:image:width\" content=\"2560\" \/>\n\t<meta property=\"og:image:height\" content=\"1920\" \/>\n\t<meta property=\"og:image:type\" content=\"image\/jpeg\" \/>\n<meta name=\"twitter:card\" content=\"summary_large_image\" \/>\n<meta name=\"twitter:label1\" content=\"Estimeret l\u00e6setid\" \/>\n\t<meta name=\"twitter:data1\" content=\"1 minut\" \/>\n<script type=\"application\/ld+json\" class=\"yoast-schema-graph\">{\"@context\":\"https:\/\/schema.org\",\"@graph\":[{\"@type\":\"WebPage\",\"@id\":\"https:\/\/arcticexcursions.com\/udflugter\/dog-sledding\/\",\"url\":\"https:\/\/arcticexcursions.com\/udflugter\/dog-sledding\/\",\"name\":\"2 timers hundesl\u00e6dek\u00f8rsel - Arctic Excursions\",\"isPartOf\":{\"@id\":\"https:\/\/arcticexcursions.com\/#website\"},\"primaryImageOfPage\":{\"@id\":\"https:\/\/arcticexcursions.com\/udflugter\/dog-sledding\/#primaryimage\"},\"image\":{\"@id\":\"https:\/\/arcticexcursions.com\/udflugter\/dog-sledding\/#primaryimage\"},\"thumbnailUrl\":\"https:\/\/arcticexcursions.com\/wp-content\/uploads\/2023\/08\/Sleds-15-scaled.jpg\",\"datePublished\":\"2023-09-28T12:32:01+00:00\",\"dateModified\":\"2025-10-29T15:25:42+00:00\",\"breadcrumb\":{\"@id\":\"https:\/\/arcticexcursions.com\/udflugter\/dog-sledding\/#breadcrumb\"},\"inLanguage\":\"da-DK\",\"potentialAction\":[{\"@type\":\"ReadAction\",\"target\":[\"https:\/\/arcticexcursions.com\/udflugter\/dog-sledding\/\"]}]},{\"@type\":\"ImageObject\",\"inLanguage\":\"da-DK\",\"@id\":\"https:\/\/arcticexcursions.com\/udflugter\/dog-sledding\/#primaryimage\",\"url\":\"https:\/\/arcticexcursions.com\/wp-content\/uploads\/2023\/08\/Sleds-15-scaled.jpg\",\"contentUrl\":\"https:\/\/arcticexcursions.com\/wp-content\/uploads\/2023\/08\/Sleds-15-scaled.jpg\",\"width\":2560,\"height\":1920},{\"@type\":\"BreadcrumbList\",\"@id\":\"https:\/\/arcticexcursions.com\/udflugter\/dog-sledding\/#breadcrumb\",\"itemListElement\":[{\"@type\":\"ListItem\",\"position\":1,\"name\":\"Home\",\"item\":\"https:\/\/arcticexcursions.com\/da\/\"},{\"@type\":\"ListItem\",\"position\":2,\"name\":\"Udflugter i Gr\u00f8nland\",\"item\":\"https:\/\/arcticexcursions.com\/da\/udflugter\/\"},{\"@type\":\"ListItem\",\"position\":3,\"name\":\"2 timers hundesl\u00e6dek\u00f8rsel\"}]},{\"@type\":\"WebSite\",\"@id\":\"https:\/\/arcticexcursions.com\/#website\",\"url\":\"https:\/\/arcticexcursions.com\/\",\"name\":\"Arctic Excursions\",\"description\":\"New adventures. Every day.\",\"publisher\":{\"@id\":\"https:\/\/arcticexcursions.com\/#organization\"},\"potentialAction\":[{\"@type\":\"SearchAction\",\"target\":{\"@type\":\"EntryPoint\",\"urlTemplate\":\"https:\/\/arcticexcursions.com\/?s={search_term_string}\"},\"query-input\":{\"@type\":\"PropertyValueSpecification\",\"valueRequired\":true,\"valueName\":\"search_term_string\"}}],\"inLanguage\":\"da-DK\"},{\"@type\":\"Organization\",\"@id\":\"https:\/\/arcticexcursions.com\/#organization\",\"name\":\"Arctic Excursions\",\"url\":\"https:\/\/arcticexcursions.com\/\",\"logo\":{\"@type\":\"ImageObject\",\"inLanguage\":\"da-DK\",\"@id\":\"https:\/\/arcticexcursions.com\/#\/schema\/logo\/image\/\",\"url\":\"https:\/\/arcticexcursions.com\/wp-content\/uploads\/2022\/11\/fb-logo.png\",\"contentUrl\":\"https:\/\/arcticexcursions.com\/wp-content\/uploads\/2022\/11\/fb-logo.png\",\"width\":523,\"height\":523,\"caption\":\"Arctic Excursions\"},\"image\":{\"@id\":\"https:\/\/arcticexcursions.com\/#\/schema\/logo\/image\/\"}}]}<\/script>\n<!-- \/ Yoast SEO plugin. -->","yoast_head_json":{"title":"Arctic Excursions","robots":{"index":"index","follow":"follow","max-snippet":"max-snippet:-1","max-image-preview":"max-image-preview:large","max-video-preview":"max-video-preview:-1"},"canonical":"https:\/\/arcticexcursions.com\/udflugter\/dog-sledding\/","og_locale":"da_DK","og_type":"article","og_title":"2 timers hundesl\u00e6dek\u00f8rsel - Arctic Excursions","og_description":"Autentisk hundesl\u00e6deeventyr.","og_url":"https:\/\/arcticexcursions.com\/udflugter\/dog-sledding\/","og_site_name":"Arctic Excursions","article_modified_time":"2025-10-29T15:25:42+00:00","og_image":[{"width":2560,"height":1920,"url":"https:\/\/arcticexcursions.com\/wp-content\/uploads\/2023\/08\/Sleds-15-scaled.jpg","type":"image\/jpeg"}],"twitter_card":"summary_large_image","twitter_misc":{"Estimeret l\u00e6setid":"1 minut"},"schema":{"@context":"https:\/\/schema.org","@graph":[{"@type":"WebPage","@id":"https:\/\/arcticexcursions.com\/udflugter\/dog-sledding\/","url":"https:\/\/arcticexcursions.com\/udflugter\/dog-sledding\/","name":"2 timers hundesl\u00e6dek\u00f8rsel - Arctic Excursions","isPartOf":{"@id":"https:\/\/arcticexcursions.com\/#website"},"primaryImageOfPage":{"@id":"https:\/\/arcticexcursions.com\/udflugter\/dog-sledding\/#primaryimage"},"image":{"@id":"https:\/\/arcticexcursions.com\/udflugter\/dog-sledding\/#primaryimage"},"thumbnailUrl":"https:\/\/arcticexcursions.com\/wp-content\/uploads\/2023\/08\/Sleds-15-scaled.jpg","datePublished":"2023-09-28T12:32:01+00:00","dateModified":"2025-10-29T15:25:42+00:00","breadcrumb":{"@id":"https:\/\/arcticexcursions.com\/udflugter\/dog-sledding\/#breadcrumb"},"inLanguage":"da-DK","potentialAction":[{"@type":"ReadAction","target":["https:\/\/arcticexcursions.com\/udflugter\/dog-sledding\/"]}]},{"@type":"ImageObject","inLanguage":"da-DK","@id":"https:\/\/arcticexcursions.com\/udflugter\/dog-sledding\/#primaryimage","url":"https:\/\/arcticexcursions.com\/wp-content\/uploads\/2023\/08\/Sleds-15-scaled.jpg","contentUrl":"https:\/\/arcticexcursions.com\/wp-content\/uploads\/2023\/08\/Sleds-15-scaled.jpg","width":2560,"height":1920},{"@type":"BreadcrumbList","@id":"https:\/\/arcticexcursions.com\/udflugter\/dog-sledding\/#breadcrumb","itemListElement":[{"@type":"ListItem","position":1,"name":"Home","item":"https:\/\/arcticexcursions.com\/da\/"},{"@type":"ListItem","position":2,"name":"Udflugter i Gr\u00f8nland","item":"https:\/\/arcticexcursions.com\/da\/udflugter\/"},{"@type":"ListItem","position":3,"name":"2 timers hundesl\u00e6dek\u00f8rsel"}]},{"@type":"WebSite","@id":"https:\/\/arcticexcursions.com\/#website","url":"https:\/\/arcticexcursions.com\/","name":"Arctic Excursions","description":"New adventures. Every day.","publisher":{"@id":"https:\/\/arcticexcursions.com\/#organization"},"potentialAction":[{"@type":"SearchAction","target":{"@type":"EntryPoint","urlTemplate":"https:\/\/arcticexcursions.com\/?s={search_term_string}"},"query-input":{"@type":"PropertyValueSpecification","valueRequired":true,"valueName":"search_term_string"}}],"inLanguage":"da-DK"},{"@type":"Organization","@id":"https:\/\/arcticexcursions.com\/#organization","name":"Arctic Excursions","url":"https:\/\/arcticexcursions.com\/","logo":{"@type":"ImageObject","inLanguage":"da-DK","@id":"https:\/\/arcticexcursions.com\/#\/schema\/logo\/image\/","url":"https:\/\/arcticexcursions.com\/wp-content\/uploads\/2022\/11\/fb-logo.png","contentUrl":"https:\/\/arcticexcursions.com\/wp-content\/uploads\/2022\/11\/fb-logo.png","width":523,"height":523,"caption":"Arctic Excursions"},"image":{"@id":"https:\/\/arcticexcursions.com\/#\/schema\/logo\/image\/"}}]}},"_links":{"self":[{"href":"https:\/\/arcticexcursions.com\/da\/wp-json\/wp\/v2\/product\/19607"}],"collection":[{"href":"https:\/\/arcticexcursions.com\/da\/wp-json\/wp\/v2\/product"}],"about":[{"href":"https:\/\/arcticexcursions.com\/da\/wp-json\/wp\/v2\/types\/product"}],"replies":[{"embeddable":true,"href":"https:\/\/arcticexcursions.com\/da\/wp-json\/wp\/v2\/comments?post=19607"}],"wp:featuredmedia":[{"embeddable":true,"href":"https:\/\/arcticexcursions.com\/da\/wp-json\/wp\/v2\/media\/19312"}],"wp:attachment":[{"href":"https:\/\/arcticexcursions.com\/da\/wp-json\/wp\/v2\/media?parent=19607"}],"wp:term":[{"taxonomy":"product_brand","embeddable":true,"href":"https:\/\/arcticexcursions.com\/da\/wp-json\/wp\/v2\/product_brand?post=19607"},{"taxonomy":"product_cat","embeddable":true,"href":"https:\/\/arcticexcursions.com\/da\/wp-json\/wp\/v2\/product_cat?post=19607"},{"taxonomy":"product_tag","embeddable":true,"href":"https:\/\/arcticexcursions.com\/da\/wp-json\/wp\/v2\/product_tag?post=19607"}],"curies":[{"name":"wp","href":"https:\/\/api.w.org\/{rel}","templated":true}]}}