{"id":19608,"date":"2023-08-29T11:01:27","date_gmt":"2023-08-29T09:01:27","guid":{"rendered":"https:\/\/arcticexcursions.com\/?post_type=product&#038;p=19608"},"modified":"2026-03-24T11:23:28","modified_gmt":"2026-03-24T09:23:28","slug":"northern-lights-tour","status":"publish","type":"product","link":"https:\/\/arcticexcursions.com\/da\/udflugter\/northern-lights-tour\/","title":{"rendered":"Nordlys-tur"},"content":{"rendered":"<p>Nordlyset, et fortryllende naturf\u00e6nomen, har i \u00e5rhundreder tryllebundet samfund langt mod nord med sin himmelske dans. Disse dynamiske lys er lige s\u00e5 uforudsigelige, som de er fortryllende, og de bev\u00e6ger sig med deres egen vilje, undviger tidsplaner og efterlader tilskuerne i \u00e6refrygt.<\/p>\n<p><b>Varighed:<\/b> 2 timer <\/p>\n<p><b>Sprog:<\/b> Guiden taler dansk, engelsk.<\/p>\n<p><b>Transporttype:<\/b> Bil eller snescooter. <\/p>\n<p><b>Turens tilg\u00e6ngelighed:<\/b><br \/>\nDenne tur er afh\u00e6ngig af nordlysudsigten. N\u00e5r du har booket, vil du blive underrettet mindst en dag f\u00f8r turens planlagte dato.<\/p>\n<p><b>Oplev den arktiske nat:<\/b><br \/>\nVi starter ved Ilulissats sportshal og k\u00f8rer gennem udkanten af byen til containerpladsen, hvor vi passerer sl\u00e6dehunde p\u00e5 vores vej. Vi stiger op gennem en klippekl\u00f8ft (100 m stigning) og n\u00e5r frem til en frossen s\u00f8. Der, under den arktiske nattehimmel, vil det fascinerende nordlys sno sig, hvirvle rundt og danse, mens det kaster sit lysende sk\u00e6r over den uber\u00f8rte vildmark.<\/p>\n<p><b>Inkluderet i prisen:<\/b><br \/>\nDenne tur inkluderer varme drikke og snacks, s\u00e5 du kan hygge dig under dette himmelske m\u00f8de. Bem\u00e6rk dog, at der ikke medf\u00f8lger varmt t\u00f8j, s\u00e5 s\u00f8rg for at v\u00e6re kl\u00e6dt godt p\u00e5 til den arktiske vinter!<\/p>\n<p><b>Mulighed for snescooter:<\/b><br \/>\nHvis du vil have en bedre mulighed for at se nordlyset, kan du v\u00e6lge vores snescooter. Vores snescootere giver hurtigere adgang til udsigtspunktet, hvilket \u00f8ger dine chancer for at nyde lysene i en l\u00e6ngere periode.<\/p>\n","protected":false},"excerpt":{"rendered":"<p>P\u00e5 jagt efter nordlyset &#8211; oplev naturens hypnotiserende udfoldelser<\/p>\n","protected":false},"featured_media":19308,"comment_status":"open","ping_status":"closed","template":"","meta":{"_acf_changed":false},"product_brand":[],"product_cat":[101,170],"product_tag":[],"class_list":{"0":"post-19608","1":"product","2":"type-product","3":"status-publish","4":"has-post-thumbnail","6":"product_cat-tour","7":"product_cat-udflugt","8":"pa_dato-603","9":"pa_dato-613","10":"pa_dato-734","11":"pa_dato-774","12":"pa_dato-777","13":"pa_dato-779","14":"pa_dato-782","15":"pa_dato-785","16":"pa_dato-6175","17":"pa_dato-6261","18":"pa_dato-6161","19":"pa_dato-6325","20":"pa_dato-6218","21":"pa_dato-6323","22":"pa_dato-6228","23":"pa_tidspunkt-178","24":"pa_tidspunkt-110","25":"pa_tidspunkt-86","26":"pa_tidspunkt-463","27":"pa_tidspunkt-820","28":"tour_location-ilulissat-da","29":"tour_type-nordlys","30":"tour_tickettype-arctic_excursions","31":"tour_operator-greenland-backcountry","33":"first","34":"instock","35":"shipping-taxable","36":"purchasable","37":"product-type-variable"},"acf":[],"yoast_head":"<!-- This site is optimized with the Yoast SEO plugin v23.6 - https:\/\/yoast.com\/wordpress\/plugins\/seo\/ -->\n<title>Arctic Excursions<\/title>\n<meta name=\"robots\" content=\"index, follow, max-snippet:-1, max-image-preview:large, max-video-preview:-1\" \/>\n<link rel=\"canonical\" href=\"https:\/\/arcticexcursions.com\/udflugter\/northern-lights-tour\/\" \/>\n<meta property=\"og:locale\" content=\"da_DK\" \/>\n<meta property=\"og:type\" content=\"article\" \/>\n<meta property=\"og:title\" content=\"Nordlys-tur - Arctic Excursions\" \/>\n<meta property=\"og:description\" content=\"P\u00e5 jagt efter nordlyset - oplev naturens hypnotiserende udfoldelser\" \/>\n<meta property=\"og:url\" content=\"https:\/\/arcticexcursions.com\/udflugter\/northern-lights-tour\/\" \/>\n<meta property=\"og:site_name\" content=\"Arctic Excursions\" \/>\n<meta property=\"article:modified_time\" content=\"2026-03-24T09:23:28+00:00\" \/>\n<meta property=\"og:image\" content=\"https:\/\/arcticexcursions.com\/wp-content\/uploads\/2023\/08\/Northern-lights-ATV-scaled.jpg\" \/>\n\t<meta property=\"og:image:width\" content=\"2560\" \/>\n\t<meta property=\"og:image:height\" content=\"1707\" \/>\n\t<meta property=\"og:image:type\" content=\"image\/jpeg\" \/>\n<meta name=\"twitter:card\" content=\"summary_large_image\" \/>\n<meta name=\"twitter:label1\" content=\"Estimeret l\u00e6setid\" \/>\n\t<meta name=\"twitter:data1\" content=\"1 minut\" \/>\n<script type=\"application\/ld+json\" class=\"yoast-schema-graph\">{\"@context\":\"https:\/\/schema.org\",\"@graph\":[{\"@type\":\"WebPage\",\"@id\":\"https:\/\/arcticexcursions.com\/udflugter\/northern-lights-tour\/\",\"url\":\"https:\/\/arcticexcursions.com\/udflugter\/northern-lights-tour\/\",\"name\":\"Nordlys-tur - Arctic Excursions\",\"isPartOf\":{\"@id\":\"https:\/\/arcticexcursions.com\/#website\"},\"primaryImageOfPage\":{\"@id\":\"https:\/\/arcticexcursions.com\/udflugter\/northern-lights-tour\/#primaryimage\"},\"image\":{\"@id\":\"https:\/\/arcticexcursions.com\/udflugter\/northern-lights-tour\/#primaryimage\"},\"thumbnailUrl\":\"https:\/\/arcticexcursions.com\/wp-content\/uploads\/2023\/08\/Northern-lights-ATV-scaled.jpg\",\"datePublished\":\"2023-08-29T09:01:27+00:00\",\"dateModified\":\"2026-03-24T09:23:28+00:00\",\"breadcrumb\":{\"@id\":\"https:\/\/arcticexcursions.com\/udflugter\/northern-lights-tour\/#breadcrumb\"},\"inLanguage\":\"da-DK\",\"potentialAction\":[{\"@type\":\"ReadAction\",\"target\":[\"https:\/\/arcticexcursions.com\/udflugter\/northern-lights-tour\/\"]}]},{\"@type\":\"ImageObject\",\"inLanguage\":\"da-DK\",\"@id\":\"https:\/\/arcticexcursions.com\/udflugter\/northern-lights-tour\/#primaryimage\",\"url\":\"https:\/\/arcticexcursions.com\/wp-content\/uploads\/2023\/08\/Northern-lights-ATV-scaled.jpg\",\"contentUrl\":\"https:\/\/arcticexcursions.com\/wp-content\/uploads\/2023\/08\/Northern-lights-ATV-scaled.jpg\",\"width\":2560,\"height\":1707},{\"@type\":\"BreadcrumbList\",\"@id\":\"https:\/\/arcticexcursions.com\/udflugter\/northern-lights-tour\/#breadcrumb\",\"itemListElement\":[{\"@type\":\"ListItem\",\"position\":1,\"name\":\"Home\",\"item\":\"https:\/\/arcticexcursions.com\/da\/\"},{\"@type\":\"ListItem\",\"position\":2,\"name\":\"Udflugter i Gr\u00f8nland\",\"item\":\"https:\/\/arcticexcursions.com\/da\/udflugter\/\"},{\"@type\":\"ListItem\",\"position\":3,\"name\":\"Nordlys-tur\"}]},{\"@type\":\"WebSite\",\"@id\":\"https:\/\/arcticexcursions.com\/#website\",\"url\":\"https:\/\/arcticexcursions.com\/\",\"name\":\"Arctic Excursions\",\"description\":\"New adventures. Every day.\",\"publisher\":{\"@id\":\"https:\/\/arcticexcursions.com\/#organization\"},\"potentialAction\":[{\"@type\":\"SearchAction\",\"target\":{\"@type\":\"EntryPoint\",\"urlTemplate\":\"https:\/\/arcticexcursions.com\/?s={search_term_string}\"},\"query-input\":{\"@type\":\"PropertyValueSpecification\",\"valueRequired\":true,\"valueName\":\"search_term_string\"}}],\"inLanguage\":\"da-DK\"},{\"@type\":\"Organization\",\"@id\":\"https:\/\/arcticexcursions.com\/#organization\",\"name\":\"Arctic Excursions\",\"url\":\"https:\/\/arcticexcursions.com\/\",\"logo\":{\"@type\":\"ImageObject\",\"inLanguage\":\"da-DK\",\"@id\":\"https:\/\/arcticexcursions.com\/#\/schema\/logo\/image\/\",\"url\":\"https:\/\/arcticexcursions.com\/wp-content\/uploads\/2022\/11\/fb-logo.png\",\"contentUrl\":\"https:\/\/arcticexcursions.com\/wp-content\/uploads\/2022\/11\/fb-logo.png\",\"width\":523,\"height\":523,\"caption\":\"Arctic Excursions\"},\"image\":{\"@id\":\"https:\/\/arcticexcursions.com\/#\/schema\/logo\/image\/\"}}]}<\/script>\n<!-- \/ Yoast SEO plugin. -->","yoast_head_json":{"title":"Arctic Excursions","robots":{"index":"index","follow":"follow","max-snippet":"max-snippet:-1","max-image-preview":"max-image-preview:large","max-video-preview":"max-video-preview:-1"},"canonical":"https:\/\/arcticexcursions.com\/udflugter\/northern-lights-tour\/","og_locale":"da_DK","og_type":"article","og_title":"Nordlys-tur - Arctic Excursions","og_description":"P\u00e5 jagt efter nordlyset - oplev naturens hypnotiserende udfoldelser","og_url":"https:\/\/arcticexcursions.com\/udflugter\/northern-lights-tour\/","og_site_name":"Arctic Excursions","article_modified_time":"2026-03-24T09:23:28+00:00","og_image":[{"width":2560,"height":1707,"url":"https:\/\/arcticexcursions.com\/wp-content\/uploads\/2023\/08\/Northern-lights-ATV-scaled.jpg","type":"image\/jpeg"}],"twitter_card":"summary_large_image","twitter_misc":{"Estimeret l\u00e6setid":"1 minut"},"schema":{"@context":"https:\/\/schema.org","@graph":[{"@type":"WebPage","@id":"https:\/\/arcticexcursions.com\/udflugter\/northern-lights-tour\/","url":"https:\/\/arcticexcursions.com\/udflugter\/northern-lights-tour\/","name":"Nordlys-tur - Arctic Excursions","isPartOf":{"@id":"https:\/\/arcticexcursions.com\/#website"},"primaryImageOfPage":{"@id":"https:\/\/arcticexcursions.com\/udflugter\/northern-lights-tour\/#primaryimage"},"image":{"@id":"https:\/\/arcticexcursions.com\/udflugter\/northern-lights-tour\/#primaryimage"},"thumbnailUrl":"https:\/\/arcticexcursions.com\/wp-content\/uploads\/2023\/08\/Northern-lights-ATV-scaled.jpg","datePublished":"2023-08-29T09:01:27+00:00","dateModified":"2026-03-24T09:23:28+00:00","breadcrumb":{"@id":"https:\/\/arcticexcursions.com\/udflugter\/northern-lights-tour\/#breadcrumb"},"inLanguage":"da-DK","potentialAction":[{"@type":"ReadAction","target":["https:\/\/arcticexcursions.com\/udflugter\/northern-lights-tour\/"]}]},{"@type":"ImageObject","inLanguage":"da-DK","@id":"https:\/\/arcticexcursions.com\/udflugter\/northern-lights-tour\/#primaryimage","url":"https:\/\/arcticexcursions.com\/wp-content\/uploads\/2023\/08\/Northern-lights-ATV-scaled.jpg","contentUrl":"https:\/\/arcticexcursions.com\/wp-content\/uploads\/2023\/08\/Northern-lights-ATV-scaled.jpg","width":2560,"height":1707},{"@type":"BreadcrumbList","@id":"https:\/\/arcticexcursions.com\/udflugter\/northern-lights-tour\/#breadcrumb","itemListElement":[{"@type":"ListItem","position":1,"name":"Home","item":"https:\/\/arcticexcursions.com\/da\/"},{"@type":"ListItem","position":2,"name":"Udflugter i Gr\u00f8nland","item":"https:\/\/arcticexcursions.com\/da\/udflugter\/"},{"@type":"ListItem","position":3,"name":"Nordlys-tur"}]},{"@type":"WebSite","@id":"https:\/\/arcticexcursions.com\/#website","url":"https:\/\/arcticexcursions.com\/","name":"Arctic Excursions","description":"New adventures. Every day.","publisher":{"@id":"https:\/\/arcticexcursions.com\/#organization"},"potentialAction":[{"@type":"SearchAction","target":{"@type":"EntryPoint","urlTemplate":"https:\/\/arcticexcursions.com\/?s={search_term_string}"},"query-input":{"@type":"PropertyValueSpecification","valueRequired":true,"valueName":"search_term_string"}}],"inLanguage":"da-DK"},{"@type":"Organization","@id":"https:\/\/arcticexcursions.com\/#organization","name":"Arctic Excursions","url":"https:\/\/arcticexcursions.com\/","logo":{"@type":"ImageObject","inLanguage":"da-DK","@id":"https:\/\/arcticexcursions.com\/#\/schema\/logo\/image\/","url":"https:\/\/arcticexcursions.com\/wp-content\/uploads\/2022\/11\/fb-logo.png","contentUrl":"https:\/\/arcticexcursions.com\/wp-content\/uploads\/2022\/11\/fb-logo.png","width":523,"height":523,"caption":"Arctic Excursions"},"image":{"@id":"https:\/\/arcticexcursions.com\/#\/schema\/logo\/image\/"}}]}},"_links":{"self":[{"href":"https:\/\/arcticexcursions.com\/da\/wp-json\/wp\/v2\/product\/19608"}],"collection":[{"href":"https:\/\/arcticexcursions.com\/da\/wp-json\/wp\/v2\/product"}],"about":[{"href":"https:\/\/arcticexcursions.com\/da\/wp-json\/wp\/v2\/types\/product"}],"replies":[{"embeddable":true,"href":"https:\/\/arcticexcursions.com\/da\/wp-json\/wp\/v2\/comments?post=19608"}],"wp:featuredmedia":[{"embeddable":true,"href":"https:\/\/arcticexcursions.com\/da\/wp-json\/wp\/v2\/media\/19308"}],"wp:attachment":[{"href":"https:\/\/arcticexcursions.com\/da\/wp-json\/wp\/v2\/media?parent=19608"}],"wp:term":[{"taxonomy":"product_brand","embeddable":true,"href":"https:\/\/arcticexcursions.com\/da\/wp-json\/wp\/v2\/product_brand?post=19608"},{"taxonomy":"product_cat","embeddable":true,"href":"https:\/\/arcticexcursions.com\/da\/wp-json\/wp\/v2\/product_cat?post=19608"},{"taxonomy":"product_tag","embeddable":true,"href":"https:\/\/arcticexcursions.com\/da\/wp-json\/wp\/v2\/product_tag?post=19608"}],"curies":[{"name":"wp","href":"https:\/\/api.w.org\/{rel}","templated":true}]}}