{"id":19609,"date":"2023-08-29T11:00:57","date_gmt":"2023-08-29T09:00:57","guid":{"rendered":"https:\/\/arcticexcursions.com\/?post_type=product&#038;p=19609"},"modified":"2026-04-13T13:13:10","modified_gmt":"2026-04-13T11:13:10","slug":"snowmobiling","status":"publish","type":"product","link":"https:\/\/arcticexcursions.com\/da\/udflugter\/snowmobiling\/","title":{"rendered":"Snescooterk\u00f8rsel til Jakobshavn glacier fjordudsigt"},"content":{"rendered":"<p>G\u00f8r dig klar til et uforglemmeligt eventyr p\u00e5 en af verdens mest fantastiske destinationer med Greenland Backcountry&#8217;s guidede snescooterture! Tag p\u00e5 en 2-timers tur gennem den uber\u00f8rte arktiske vildmark til et betagende fjordudsigtspunkt med majest\u00e6tisk udsigt over gletsjere og snekl\u00e6dte bjerge.<\/p>\n<p><b>Snescooterk\u00f8rsel til fjordudsigtspunktet: <\/b><br \/>\nVores erfarne guider viser vej, s\u00f8rger for din sikkerhed og giver dig mulighed for at nyde den sp\u00e6ndende oplevelse af at suse gennem sneen. Tag masser af billeder, mens du beundrer de maleriske landskaber. For dem, der s\u00f8ger en anden form for transport, tilbyder vi ogs\u00e5 sp\u00e6ndende ATV-ture til udsigtspunktet ved fjorden, der passer til alle eventyrpr\u00e6ferencer.<\/p>\n<p><b>Oqaatsut Village Experience:<\/b><br \/>\nFordyb dig i landsbylivets puls i Oqaatsut, en charmerende bygd med ca. 40 indbyggere. Sug til dig af den unikke kultur i et t\u00e6t samment\u00f8mret samfund ved havet, hvor fiskerb\u00e5de og snescootere er v\u00e6rdsatte ejendele. Rejs gennem vildmarken, forbi Ilulissats lufthavn og de natursk\u00f8nne Bredebugt-sommerhuse for at n\u00e5 Oqaatsut. Udforsk landsbyen, og oplev den \u00e6gte essens af det gr\u00f8nlandske liv.<\/p>\n<p><b>Udforskning af den frosne fjord:<\/b><br \/>\nOplev vidundere i isfjorden, der er p\u00e5 UNESCOs verdensarvsliste, og f\u00f8lg en gammel hundesl\u00e6derute gennem betagende landskaber i baglandet. G\u00e5 op i ca. 300 meters h\u00f8jde og f\u00e5 en betagende udsigt over den &#8220;d\u00f8de gletsjer&#8221;. G\u00e5 derefter til fods gennem den frosne fjord i en time, hvor du st\u00f8der p\u00e5 isbjerge indlejret i havisen. Se sl\u00e6dehunde transportere fisk, bes\u00f8g fiskehytter, og nyd varme drikke og sm\u00e5kager under denne opslugende tur. Tag fantastiske billeder, og nyd det bem\u00e6rkelsesv\u00e6rdige perspektiv af Ilulissat fra 200 meters h\u00f8jde (hvis vejret tillader det).<\/p>\n<p><b>Varighed:<\/b> Varierer fra tur til tur<br \/>\n<b>Deltagere:<\/b> Bem\u00e6rk venligst, at udflugten kun gennemf\u00f8res, hvis der er mindst 4 bookede billetter i alt. Hvis du for eksempel booker 2 billetter, skal der s\u00e6lges mindst 2 yderligere billetter til andre kunder, f\u00f8r turen kan finde sted.<\/p>\n<p>Book dit ekstraordin\u00e6re snescootereventyr med Greenland Backcountry i dag, og fordyb dig i den ut\u00e6mmede sk\u00f8nhed i Gr\u00f8nlands landskaber. G\u00f8r dig klar til en ekspedition, der vil skabe uforglemmelige minder!<\/p>\n","protected":false},"excerpt":{"rendered":"<p>Kom med os p\u00e5 et sp\u00e6ndende snescootereventyr<\/p>\n","protected":false},"featured_media":18911,"comment_status":"open","ping_status":"closed","template":"","meta":{"_acf_changed":false},"product_brand":[],"product_cat":[101,170],"product_tag":[],"class_list":{"0":"post-19609","1":"product","2":"type-product","3":"status-publish","4":"has-post-thumbnail","6":"product_cat-tour","7":"product_cat-udflugt","8":"pa_dato-600","9":"pa_dato-815","10":"pa_dato-816","11":"pa_dato-1267","12":"pa_dato-1352","13":"pa_dato-1353","14":"pa_dato-1372","15":"pa_dato-1354","16":"pa_dato-5989","17":"pa_dato-6334","18":"pa_dato-6235","19":"pa_tidspunkt-40","20":"pa_tidspunkt-6310","21":"pa_tidspunkt-308","22":"pa_tidspunkt-426","23":"tour_location-ilulissat-da","24":"tour_type-snescooter","25":"tour_state-show_always","26":"tour_tickettype-arctic_excursions","27":"tour_operator-greenland-backcountry","29":"first","30":"instock","31":"shipping-taxable","32":"purchasable","33":"product-type-variable"},"acf":[],"yoast_head":"<!-- This site is optimized with the Yoast SEO plugin v23.6 - https:\/\/yoast.com\/wordpress\/plugins\/seo\/ -->\n<title>Arctic Excursions<\/title>\n<meta name=\"robots\" content=\"index, follow, max-snippet:-1, max-image-preview:large, max-video-preview:-1\" \/>\n<link rel=\"canonical\" href=\"https:\/\/arcticexcursions.com\/da\/udflugter\/snowmobiling\/\" \/>\n<meta property=\"og:locale\" content=\"da_DK\" \/>\n<meta property=\"og:type\" content=\"article\" \/>\n<meta property=\"og:title\" content=\"Snescooterk\u00f8rsel til Jakobshavn glacier fjordudsigt - Arctic Excursions\" \/>\n<meta property=\"og:description\" content=\"Kom med os p\u00e5 et sp\u00e6ndende snescootereventyr\" \/>\n<meta property=\"og:url\" content=\"https:\/\/arcticexcursions.com\/da\/udflugter\/snowmobiling\/\" \/>\n<meta property=\"og:site_name\" content=\"Arctic Excursions\" \/>\n<meta property=\"article:modified_time\" content=\"2026-04-13T11:13:10+00:00\" \/>\n<meta property=\"og:image\" content=\"https:\/\/arcticexcursions.com\/wp-content\/uploads\/2023\/07\/SNOWMOBILING-FINAL-2-scaled.jpg\" \/>\n\t<meta property=\"og:image:width\" content=\"2560\" \/>\n\t<meta property=\"og:image:height\" content=\"1440\" \/>\n\t<meta property=\"og:image:type\" content=\"image\/jpeg\" \/>\n<meta name=\"twitter:card\" content=\"summary_large_image\" \/>\n<meta name=\"twitter:label1\" content=\"Estimeret l\u00e6setid\" \/>\n\t<meta name=\"twitter:data1\" content=\"2 minutter\" \/>\n<script type=\"application\/ld+json\" class=\"yoast-schema-graph\">{\"@context\":\"https:\/\/schema.org\",\"@graph\":[{\"@type\":\"WebPage\",\"@id\":\"https:\/\/arcticexcursions.com\/da\/udflugter\/snowmobiling\/\",\"url\":\"https:\/\/arcticexcursions.com\/da\/udflugter\/snowmobiling\/\",\"name\":\"Snescooterk\u00f8rsel til Jakobshavn glacier fjordudsigt - Arctic Excursions\",\"isPartOf\":{\"@id\":\"https:\/\/arcticexcursions.com\/#website\"},\"primaryImageOfPage\":{\"@id\":\"https:\/\/arcticexcursions.com\/da\/udflugter\/snowmobiling\/#primaryimage\"},\"image\":{\"@id\":\"https:\/\/arcticexcursions.com\/da\/udflugter\/snowmobiling\/#primaryimage\"},\"thumbnailUrl\":\"https:\/\/arcticexcursions.com\/wp-content\/uploads\/2023\/07\/SNOWMOBILING-FINAL-2-scaled.jpg\",\"datePublished\":\"2023-08-29T09:00:57+00:00\",\"dateModified\":\"2026-04-13T11:13:10+00:00\",\"breadcrumb\":{\"@id\":\"https:\/\/arcticexcursions.com\/da\/udflugter\/snowmobiling\/#breadcrumb\"},\"inLanguage\":\"da-DK\",\"potentialAction\":[{\"@type\":\"ReadAction\",\"target\":[\"https:\/\/arcticexcursions.com\/da\/udflugter\/snowmobiling\/\"]}]},{\"@type\":\"ImageObject\",\"inLanguage\":\"da-DK\",\"@id\":\"https:\/\/arcticexcursions.com\/da\/udflugter\/snowmobiling\/#primaryimage\",\"url\":\"https:\/\/arcticexcursions.com\/wp-content\/uploads\/2023\/07\/SNOWMOBILING-FINAL-2-scaled.jpg\",\"contentUrl\":\"https:\/\/arcticexcursions.com\/wp-content\/uploads\/2023\/07\/SNOWMOBILING-FINAL-2-scaled.jpg\",\"width\":2560,\"height\":1440},{\"@type\":\"BreadcrumbList\",\"@id\":\"https:\/\/arcticexcursions.com\/da\/udflugter\/snowmobiling\/#breadcrumb\",\"itemListElement\":[{\"@type\":\"ListItem\",\"position\":1,\"name\":\"Home\",\"item\":\"https:\/\/arcticexcursions.com\/da\/\"},{\"@type\":\"ListItem\",\"position\":2,\"name\":\"Udflugter i Gr\u00f8nland\",\"item\":\"https:\/\/arcticexcursions.com\/da\/udflugter\/\"},{\"@type\":\"ListItem\",\"position\":3,\"name\":\"Snescooterk\u00f8rsel til Jakobshavn glacier fjordudsigt\"}]},{\"@type\":\"WebSite\",\"@id\":\"https:\/\/arcticexcursions.com\/#website\",\"url\":\"https:\/\/arcticexcursions.com\/\",\"name\":\"Arctic Excursions\",\"description\":\"New adventures. Every day.\",\"publisher\":{\"@id\":\"https:\/\/arcticexcursions.com\/#organization\"},\"potentialAction\":[{\"@type\":\"SearchAction\",\"target\":{\"@type\":\"EntryPoint\",\"urlTemplate\":\"https:\/\/arcticexcursions.com\/?s={search_term_string}\"},\"query-input\":{\"@type\":\"PropertyValueSpecification\",\"valueRequired\":true,\"valueName\":\"search_term_string\"}}],\"inLanguage\":\"da-DK\"},{\"@type\":\"Organization\",\"@id\":\"https:\/\/arcticexcursions.com\/#organization\",\"name\":\"Arctic Excursions\",\"url\":\"https:\/\/arcticexcursions.com\/\",\"logo\":{\"@type\":\"ImageObject\",\"inLanguage\":\"da-DK\",\"@id\":\"https:\/\/arcticexcursions.com\/#\/schema\/logo\/image\/\",\"url\":\"https:\/\/arcticexcursions.com\/wp-content\/uploads\/2022\/11\/fb-logo.png\",\"contentUrl\":\"https:\/\/arcticexcursions.com\/wp-content\/uploads\/2022\/11\/fb-logo.png\",\"width\":523,\"height\":523,\"caption\":\"Arctic Excursions\"},\"image\":{\"@id\":\"https:\/\/arcticexcursions.com\/#\/schema\/logo\/image\/\"}}]}<\/script>\n<!-- \/ Yoast SEO plugin. -->","yoast_head_json":{"title":"Arctic Excursions","robots":{"index":"index","follow":"follow","max-snippet":"max-snippet:-1","max-image-preview":"max-image-preview:large","max-video-preview":"max-video-preview:-1"},"canonical":"https:\/\/arcticexcursions.com\/da\/udflugter\/snowmobiling\/","og_locale":"da_DK","og_type":"article","og_title":"Snescooterk\u00f8rsel til Jakobshavn glacier fjordudsigt - Arctic Excursions","og_description":"Kom med os p\u00e5 et sp\u00e6ndende snescootereventyr","og_url":"https:\/\/arcticexcursions.com\/da\/udflugter\/snowmobiling\/","og_site_name":"Arctic Excursions","article_modified_time":"2026-04-13T11:13:10+00:00","og_image":[{"width":2560,"height":1440,"url":"https:\/\/arcticexcursions.com\/wp-content\/uploads\/2023\/07\/SNOWMOBILING-FINAL-2-scaled.jpg","type":"image\/jpeg"}],"twitter_card":"summary_large_image","twitter_misc":{"Estimeret l\u00e6setid":"2 minutter"},"schema":{"@context":"https:\/\/schema.org","@graph":[{"@type":"WebPage","@id":"https:\/\/arcticexcursions.com\/da\/udflugter\/snowmobiling\/","url":"https:\/\/arcticexcursions.com\/da\/udflugter\/snowmobiling\/","name":"Snescooterk\u00f8rsel til Jakobshavn glacier fjordudsigt - Arctic Excursions","isPartOf":{"@id":"https:\/\/arcticexcursions.com\/#website"},"primaryImageOfPage":{"@id":"https:\/\/arcticexcursions.com\/da\/udflugter\/snowmobiling\/#primaryimage"},"image":{"@id":"https:\/\/arcticexcursions.com\/da\/udflugter\/snowmobiling\/#primaryimage"},"thumbnailUrl":"https:\/\/arcticexcursions.com\/wp-content\/uploads\/2023\/07\/SNOWMOBILING-FINAL-2-scaled.jpg","datePublished":"2023-08-29T09:00:57+00:00","dateModified":"2026-04-13T11:13:10+00:00","breadcrumb":{"@id":"https:\/\/arcticexcursions.com\/da\/udflugter\/snowmobiling\/#breadcrumb"},"inLanguage":"da-DK","potentialAction":[{"@type":"ReadAction","target":["https:\/\/arcticexcursions.com\/da\/udflugter\/snowmobiling\/"]}]},{"@type":"ImageObject","inLanguage":"da-DK","@id":"https:\/\/arcticexcursions.com\/da\/udflugter\/snowmobiling\/#primaryimage","url":"https:\/\/arcticexcursions.com\/wp-content\/uploads\/2023\/07\/SNOWMOBILING-FINAL-2-scaled.jpg","contentUrl":"https:\/\/arcticexcursions.com\/wp-content\/uploads\/2023\/07\/SNOWMOBILING-FINAL-2-scaled.jpg","width":2560,"height":1440},{"@type":"BreadcrumbList","@id":"https:\/\/arcticexcursions.com\/da\/udflugter\/snowmobiling\/#breadcrumb","itemListElement":[{"@type":"ListItem","position":1,"name":"Home","item":"https:\/\/arcticexcursions.com\/da\/"},{"@type":"ListItem","position":2,"name":"Udflugter i Gr\u00f8nland","item":"https:\/\/arcticexcursions.com\/da\/udflugter\/"},{"@type":"ListItem","position":3,"name":"Snescooterk\u00f8rsel til Jakobshavn glacier fjordudsigt"}]},{"@type":"WebSite","@id":"https:\/\/arcticexcursions.com\/#website","url":"https:\/\/arcticexcursions.com\/","name":"Arctic Excursions","description":"New adventures. Every day.","publisher":{"@id":"https:\/\/arcticexcursions.com\/#organization"},"potentialAction":[{"@type":"SearchAction","target":{"@type":"EntryPoint","urlTemplate":"https:\/\/arcticexcursions.com\/?s={search_term_string}"},"query-input":{"@type":"PropertyValueSpecification","valueRequired":true,"valueName":"search_term_string"}}],"inLanguage":"da-DK"},{"@type":"Organization","@id":"https:\/\/arcticexcursions.com\/#organization","name":"Arctic Excursions","url":"https:\/\/arcticexcursions.com\/","logo":{"@type":"ImageObject","inLanguage":"da-DK","@id":"https:\/\/arcticexcursions.com\/#\/schema\/logo\/image\/","url":"https:\/\/arcticexcursions.com\/wp-content\/uploads\/2022\/11\/fb-logo.png","contentUrl":"https:\/\/arcticexcursions.com\/wp-content\/uploads\/2022\/11\/fb-logo.png","width":523,"height":523,"caption":"Arctic Excursions"},"image":{"@id":"https:\/\/arcticexcursions.com\/#\/schema\/logo\/image\/"}}]}},"_links":{"self":[{"href":"https:\/\/arcticexcursions.com\/da\/wp-json\/wp\/v2\/product\/19609"}],"collection":[{"href":"https:\/\/arcticexcursions.com\/da\/wp-json\/wp\/v2\/product"}],"about":[{"href":"https:\/\/arcticexcursions.com\/da\/wp-json\/wp\/v2\/types\/product"}],"replies":[{"embeddable":true,"href":"https:\/\/arcticexcursions.com\/da\/wp-json\/wp\/v2\/comments?post=19609"}],"wp:featuredmedia":[{"embeddable":true,"href":"https:\/\/arcticexcursions.com\/da\/wp-json\/wp\/v2\/media\/18911"}],"wp:attachment":[{"href":"https:\/\/arcticexcursions.com\/da\/wp-json\/wp\/v2\/media?parent=19609"}],"wp:term":[{"taxonomy":"product_brand","embeddable":true,"href":"https:\/\/arcticexcursions.com\/da\/wp-json\/wp\/v2\/product_brand?post=19609"},{"taxonomy":"product_cat","embeddable":true,"href":"https:\/\/arcticexcursions.com\/da\/wp-json\/wp\/v2\/product_cat?post=19609"},{"taxonomy":"product_tag","embeddable":true,"href":"https:\/\/arcticexcursions.com\/da\/wp-json\/wp\/v2\/product_tag?post=19609"}],"curies":[{"name":"wp","href":"https:\/\/api.w.org\/{rel}","templated":true}]}}