{"id":19940,"date":"2023-08-28T20:46:38","date_gmt":"2023-08-28T18:46:38","guid":{"rendered":"https:\/\/arcticexcursions.com\/?post_type=product&#038;p=19940"},"modified":"2026-03-30T21:49:06","modified_gmt":"2026-03-30T19:49:06","slug":"qooqqut-nuan","status":"publish","type":"product","link":"https:\/\/arcticexcursions.com\/da\/udflugter\/qooqqut-nuan\/","title":{"rendered":"Qooqqut Nuan"},"content":{"rendered":"<p>Restauranten har en menu med flere gode muligheder. Den popul\u00e6re er \u00bbFish &#038; dish\u00ab, hvor du kan fange din egen fisk (r\u00f8dfisk eller torsk) og f\u00e5 den tilberedt af kokken p\u00e5 restauranten. Mens din mad tilberedes, kan du nyde en kort g\u00e5tur i de smukke omgivelser.<\/p>\n<p>Bem\u00e6rk, at turens pris kun d\u00e6kker selve turen. Omkostningerne til restaurantbes\u00f8get afregnes direkte med Qooqqut Nuan.<\/p>\n<p><b>Varighed:<\/b> Ca. 5 timer (2,5 timer p\u00e5 b\u00e5den \u2013 2,5 timer p\u00e5 land)<\/p>\n<p><b>Deltagere:<\/b> Bem\u00e6rk, at udflugten kun finder sted, hvis der i alt er reserveret mindst 4 billetter. Hvis du f.eks. reserverer 2 billetter, skal der s\u00e6lges mindst 2 yderligere billetter til andre kunder, for at turen kan gennemf\u00f8res. Der kan maksimalt deltage 12 personer.<\/p>\n<p><b>Sprog:<\/b> Guiden\/kaptajnen taler engelsk, dansk og gr\u00f8nlandsk.<\/p>\n<p><b>B\u00e5de:<\/b> Targa 25 (6 personer) med toilet og Arronet 24,5 (6 personer) uden toilet.<\/p>\n<p><b>B\u00e5dtype:<\/b> Lukket b\u00e5d<\/p>\n<p><b>Forplejning:<\/b> Kaffe og te serveres om bord.<\/p>\n<p><b>Anbefalet p\u00e5kl\u00e6dning:<\/b> Varmt t\u00f8j inkl. hue og handsker hele \u00e5ret. Solbriller. Solcreme om sommeren.<\/p>\n<p><b>Bem\u00e6rk:<\/b> Du skal have fiskekort, hvis du ikke er bosiddende i Gr\u00f8nland.<br \/>\nDu kan k\u00f8be fiskekort p\u00e5 posthuset (Tusass).<\/p>\n","protected":false},"excerpt":{"rendered":"<p>Bes\u00f8g Restauranten Qooqqut Nuan inde i Godth\u00e5bsfjorden<\/p>\n","protected":false},"featured_media":19938,"comment_status":"open","ping_status":"closed","template":"","meta":{"_acf_changed":false},"product_brand":[],"product_cat":[101,170],"product_tag":[],"class_list":{"0":"post-19940","1":"product","2":"type-product","3":"status-publish","4":"has-post-thumbnail","6":"product_cat-tour","7":"product_cat-udflugt","8":"pa_dato-742","9":"pa_dato-1114","10":"pa_dato-1115","11":"pa_dato-1116","12":"pa_dato-1117","13":"pa_dato-1118","14":"pa_dato-1119","15":"pa_dato-1120","16":"pa_dato-1233","17":"pa_dato-900","18":"pa_dato-1121","19":"pa_dato-1123","20":"pa_dato-1124","21":"pa_dato-1061","22":"pa_dato-1062","23":"pa_dato-1063","24":"pa_dato-1064","25":"pa_dato-1065","26":"pa_dato-1066","27":"pa_dato-901","28":"pa_dato-898","29":"pa_dato-1067","30":"pa_dato-912","31":"pa_dato-1125","32":"pa_dato-1126","33":"pa_dato-1127","34":"pa_dato-902","35":"pa_dato-1173","36":"pa_dato-1174","37":"pa_dato-963","38":"pa_dato-1128","39":"pa_dato-1129","40":"pa_dato-1130","41":"pa_dato-1141","42":"pa_dato-1023","43":"pa_dato-1024","44":"pa_dato-966","45":"pa_dato-1025","46":"pa_dato-1026","47":"pa_dato-1029","48":"pa_dato-1031","49":"pa_dato-1032","50":"pa_dato-990","51":"pa_dato-989","52":"pa_dato-991","53":"pa_dato-992","54":"pa_dato-1033","55":"pa_dato-993","56":"pa_dato-994","57":"pa_dato-995","58":"pa_dato-1034","59":"pa_dato-996","60":"pa_dato-964","61":"pa_dato-1035","62":"pa_dato-997","63":"pa_dato-1003","64":"pa_dato-1005","65":"pa_dato-1007","66":"pa_dato-1036","67":"pa_dato-1037","68":"pa_dato-1038","69":"pa_dato-1039","70":"pa_dato-1041","71":"pa_dato-6103","72":"pa_dato-1373","73":"pa_dato-5881","74":"pa_dato-5923","75":"pa_dato-5921","76":"pa_dato-6042","77":"pa_dato-5891","78":"pa_dato-6043","79":"pa_dato-5916","80":"pa_dato-6065","81":"pa_dato-6017","82":"pa_dato-6071","83":"pa_dato-5993","84":"pa_dato-5936","85":"pa_dato-6070","86":"pa_dato-6018","87":"pa_dato-6019","88":"pa_dato-5947","89":"pa_dato-6064","90":"pa_dato-6047","91":"pa_dato-5999","92":"pa_dato-6005","93":"pa_dato-5895","94":"pa_dato-5952","95":"pa_dato-5879","96":"pa_dato-6020","97":"pa_dato-5948","98":"pa_dato-5949","99":"pa_dato-5966","100":"pa_dato-5983","101":"pa_dato-5974","102":"pa_dato-6000","103":"pa_dato-5882","104":"pa_dato-5925","105":"pa_dato-5976","106":"pa_dato-6051","107":"pa_dato-6046","108":"pa_dato-6030","109":"pa_dato-5880","110":"pa_dato-6022","111":"pa_dato-6058","112":"pa_dato-6059","113":"pa_dato-5964","114":"pa_dato-6067","115":"pa_dato-6024","116":"pa_dato-5931","117":"pa_dato-5926","118":"pa_dato-6006","119":"pa_dato-6025","120":"pa_dato-5883","121":"pa_dato-5929","122":"pa_dato-5888","123":"pa_dato-5988","124":"pa_dato-5924","125":"pa_dato-5946","126":"pa_dato-5889","127":"pa_dato-5958","128":"pa_dato-5938","129":"pa_dato-5963","130":"pa_dato-5980","131":"pa_dato-5977","132":"pa_dato-6002","133":"pa_dato-5961","134":"pa_dato-6060","135":"pa_dato-5939","136":"pa_dato-5918","137":"pa_dato-5978","138":"pa_dato-5990","139":"pa_dato-6061","140":"pa_dato-5941","141":"pa_dato-6003","142":"pa_dato-6027","143":"pa_dato-5957","144":"pa_dato-5942","145":"pa_dato-5943","146":"pa_dato-6078","147":"pa_dato-5982","148":"pa_dato-6028","149":"pa_dato-6188","150":"pa_dato-6357","151":"pa_dato-6450","152":"pa_tidspunkt-72","153":"pa_tidspunkt-40","154":"pa_tidspunkt-314","155":"pa_tidspunkt-60","156":"pa_tidspunkt-426","157":"pa_tidspunkt-110","158":"pa_tidspunkt-69","159":"pa_tidspunkt-205","160":"tour_location-nuuk-da","161":"tour_type-baadture","162":"tour_tickettype-arctic_excursions","163":"tour_operator-kang-tourism","165":"first","166":"instock","167":"shipping-taxable","168":"purchasable","169":"product-type-variable"},"acf":[],"yoast_head":"<!-- This site is optimized with the Yoast SEO plugin v23.6 - https:\/\/yoast.com\/wordpress\/plugins\/seo\/ -->\n<title>Arctic Excursions<\/title>\n<meta name=\"robots\" content=\"index, follow, max-snippet:-1, max-image-preview:large, max-video-preview:-1\" \/>\n<link rel=\"canonical\" href=\"https:\/\/arcticexcursions.com\/da\/udflugter\/qooqqut-nuan\/\" \/>\n<meta property=\"og:locale\" content=\"da_DK\" \/>\n<meta property=\"og:type\" content=\"article\" \/>\n<meta property=\"og:title\" content=\"Qooqqut Nuan - Arctic Excursions\" \/>\n<meta property=\"og:description\" content=\"Bes\u00f8g Restauranten Qooqqut Nuan inde i Godth\u00e5bsfjorden\" \/>\n<meta property=\"og:url\" content=\"https:\/\/arcticexcursions.com\/da\/udflugter\/qooqqut-nuan\/\" \/>\n<meta property=\"og:site_name\" content=\"Arctic Excursions\" \/>\n<meta property=\"article:modified_time\" content=\"2026-03-30T19:49:06+00:00\" \/>\n<meta property=\"og:image\" content=\"https:\/\/arcticexcursions.com\/wp-content\/uploads\/2023\/08\/1422421_418374771623373_1726516322_n.jpg\" \/>\n\t<meta property=\"og:image:width\" content=\"960\" \/>\n\t<meta property=\"og:image:height\" content=\"640\" \/>\n\t<meta property=\"og:image:type\" content=\"image\/jpeg\" \/>\n<meta name=\"twitter:card\" content=\"summary_large_image\" \/>\n<meta name=\"twitter:label1\" content=\"Estimeret l\u00e6setid\" \/>\n\t<meta name=\"twitter:data1\" content=\"1 minut\" \/>\n<script type=\"application\/ld+json\" class=\"yoast-schema-graph\">{\"@context\":\"https:\/\/schema.org\",\"@graph\":[{\"@type\":\"WebPage\",\"@id\":\"https:\/\/arcticexcursions.com\/da\/udflugter\/qooqqut-nuan\/\",\"url\":\"https:\/\/arcticexcursions.com\/da\/udflugter\/qooqqut-nuan\/\",\"name\":\"Qooqqut Nuan - Arctic Excursions\",\"isPartOf\":{\"@id\":\"https:\/\/arcticexcursions.com\/#website\"},\"primaryImageOfPage\":{\"@id\":\"https:\/\/arcticexcursions.com\/da\/udflugter\/qooqqut-nuan\/#primaryimage\"},\"image\":{\"@id\":\"https:\/\/arcticexcursions.com\/da\/udflugter\/qooqqut-nuan\/#primaryimage\"},\"thumbnailUrl\":\"https:\/\/arcticexcursions.com\/wp-content\/uploads\/2023\/08\/1422421_418374771623373_1726516322_n.jpg\",\"datePublished\":\"2023-08-28T18:46:38+00:00\",\"dateModified\":\"2026-03-30T19:49:06+00:00\",\"breadcrumb\":{\"@id\":\"https:\/\/arcticexcursions.com\/da\/udflugter\/qooqqut-nuan\/#breadcrumb\"},\"inLanguage\":\"da-DK\",\"potentialAction\":[{\"@type\":\"ReadAction\",\"target\":[\"https:\/\/arcticexcursions.com\/da\/udflugter\/qooqqut-nuan\/\"]}]},{\"@type\":\"ImageObject\",\"inLanguage\":\"da-DK\",\"@id\":\"https:\/\/arcticexcursions.com\/da\/udflugter\/qooqqut-nuan\/#primaryimage\",\"url\":\"https:\/\/arcticexcursions.com\/wp-content\/uploads\/2023\/08\/1422421_418374771623373_1726516322_n.jpg\",\"contentUrl\":\"https:\/\/arcticexcursions.com\/wp-content\/uploads\/2023\/08\/1422421_418374771623373_1726516322_n.jpg\",\"width\":960,\"height\":640},{\"@type\":\"BreadcrumbList\",\"@id\":\"https:\/\/arcticexcursions.com\/da\/udflugter\/qooqqut-nuan\/#breadcrumb\",\"itemListElement\":[{\"@type\":\"ListItem\",\"position\":1,\"name\":\"Home\",\"item\":\"https:\/\/arcticexcursions.com\/da\/\"},{\"@type\":\"ListItem\",\"position\":2,\"name\":\"Udflugter i Gr\u00f8nland\",\"item\":\"https:\/\/arcticexcursions.com\/da\/udflugter\/\"},{\"@type\":\"ListItem\",\"position\":3,\"name\":\"Qooqqut Nuan\"}]},{\"@type\":\"WebSite\",\"@id\":\"https:\/\/arcticexcursions.com\/#website\",\"url\":\"https:\/\/arcticexcursions.com\/\",\"name\":\"Arctic Excursions\",\"description\":\"New adventures. Every day.\",\"publisher\":{\"@id\":\"https:\/\/arcticexcursions.com\/#organization\"},\"potentialAction\":[{\"@type\":\"SearchAction\",\"target\":{\"@type\":\"EntryPoint\",\"urlTemplate\":\"https:\/\/arcticexcursions.com\/?s={search_term_string}\"},\"query-input\":{\"@type\":\"PropertyValueSpecification\",\"valueRequired\":true,\"valueName\":\"search_term_string\"}}],\"inLanguage\":\"da-DK\"},{\"@type\":\"Organization\",\"@id\":\"https:\/\/arcticexcursions.com\/#organization\",\"name\":\"Arctic Excursions\",\"url\":\"https:\/\/arcticexcursions.com\/\",\"logo\":{\"@type\":\"ImageObject\",\"inLanguage\":\"da-DK\",\"@id\":\"https:\/\/arcticexcursions.com\/#\/schema\/logo\/image\/\",\"url\":\"https:\/\/arcticexcursions.com\/wp-content\/uploads\/2022\/11\/fb-logo.png\",\"contentUrl\":\"https:\/\/arcticexcursions.com\/wp-content\/uploads\/2022\/11\/fb-logo.png\",\"width\":523,\"height\":523,\"caption\":\"Arctic Excursions\"},\"image\":{\"@id\":\"https:\/\/arcticexcursions.com\/#\/schema\/logo\/image\/\"}}]}<\/script>\n<!-- \/ Yoast SEO plugin. -->","yoast_head_json":{"title":"Arctic Excursions","robots":{"index":"index","follow":"follow","max-snippet":"max-snippet:-1","max-image-preview":"max-image-preview:large","max-video-preview":"max-video-preview:-1"},"canonical":"https:\/\/arcticexcursions.com\/da\/udflugter\/qooqqut-nuan\/","og_locale":"da_DK","og_type":"article","og_title":"Qooqqut Nuan - Arctic Excursions","og_description":"Bes\u00f8g Restauranten Qooqqut Nuan inde i Godth\u00e5bsfjorden","og_url":"https:\/\/arcticexcursions.com\/da\/udflugter\/qooqqut-nuan\/","og_site_name":"Arctic Excursions","article_modified_time":"2026-03-30T19:49:06+00:00","og_image":[{"width":960,"height":640,"url":"https:\/\/arcticexcursions.com\/wp-content\/uploads\/2023\/08\/1422421_418374771623373_1726516322_n.jpg","type":"image\/jpeg"}],"twitter_card":"summary_large_image","twitter_misc":{"Estimeret l\u00e6setid":"1 minut"},"schema":{"@context":"https:\/\/schema.org","@graph":[{"@type":"WebPage","@id":"https:\/\/arcticexcursions.com\/da\/udflugter\/qooqqut-nuan\/","url":"https:\/\/arcticexcursions.com\/da\/udflugter\/qooqqut-nuan\/","name":"Qooqqut Nuan - Arctic Excursions","isPartOf":{"@id":"https:\/\/arcticexcursions.com\/#website"},"primaryImageOfPage":{"@id":"https:\/\/arcticexcursions.com\/da\/udflugter\/qooqqut-nuan\/#primaryimage"},"image":{"@id":"https:\/\/arcticexcursions.com\/da\/udflugter\/qooqqut-nuan\/#primaryimage"},"thumbnailUrl":"https:\/\/arcticexcursions.com\/wp-content\/uploads\/2023\/08\/1422421_418374771623373_1726516322_n.jpg","datePublished":"2023-08-28T18:46:38+00:00","dateModified":"2026-03-30T19:49:06+00:00","breadcrumb":{"@id":"https:\/\/arcticexcursions.com\/da\/udflugter\/qooqqut-nuan\/#breadcrumb"},"inLanguage":"da-DK","potentialAction":[{"@type":"ReadAction","target":["https:\/\/arcticexcursions.com\/da\/udflugter\/qooqqut-nuan\/"]}]},{"@type":"ImageObject","inLanguage":"da-DK","@id":"https:\/\/arcticexcursions.com\/da\/udflugter\/qooqqut-nuan\/#primaryimage","url":"https:\/\/arcticexcursions.com\/wp-content\/uploads\/2023\/08\/1422421_418374771623373_1726516322_n.jpg","contentUrl":"https:\/\/arcticexcursions.com\/wp-content\/uploads\/2023\/08\/1422421_418374771623373_1726516322_n.jpg","width":960,"height":640},{"@type":"BreadcrumbList","@id":"https:\/\/arcticexcursions.com\/da\/udflugter\/qooqqut-nuan\/#breadcrumb","itemListElement":[{"@type":"ListItem","position":1,"name":"Home","item":"https:\/\/arcticexcursions.com\/da\/"},{"@type":"ListItem","position":2,"name":"Udflugter i Gr\u00f8nland","item":"https:\/\/arcticexcursions.com\/da\/udflugter\/"},{"@type":"ListItem","position":3,"name":"Qooqqut Nuan"}]},{"@type":"WebSite","@id":"https:\/\/arcticexcursions.com\/#website","url":"https:\/\/arcticexcursions.com\/","name":"Arctic Excursions","description":"New adventures. Every day.","publisher":{"@id":"https:\/\/arcticexcursions.com\/#organization"},"potentialAction":[{"@type":"SearchAction","target":{"@type":"EntryPoint","urlTemplate":"https:\/\/arcticexcursions.com\/?s={search_term_string}"},"query-input":{"@type":"PropertyValueSpecification","valueRequired":true,"valueName":"search_term_string"}}],"inLanguage":"da-DK"},{"@type":"Organization","@id":"https:\/\/arcticexcursions.com\/#organization","name":"Arctic Excursions","url":"https:\/\/arcticexcursions.com\/","logo":{"@type":"ImageObject","inLanguage":"da-DK","@id":"https:\/\/arcticexcursions.com\/#\/schema\/logo\/image\/","url":"https:\/\/arcticexcursions.com\/wp-content\/uploads\/2022\/11\/fb-logo.png","contentUrl":"https:\/\/arcticexcursions.com\/wp-content\/uploads\/2022\/11\/fb-logo.png","width":523,"height":523,"caption":"Arctic Excursions"},"image":{"@id":"https:\/\/arcticexcursions.com\/#\/schema\/logo\/image\/"}}]}},"_links":{"self":[{"href":"https:\/\/arcticexcursions.com\/da\/wp-json\/wp\/v2\/product\/19940"}],"collection":[{"href":"https:\/\/arcticexcursions.com\/da\/wp-json\/wp\/v2\/product"}],"about":[{"href":"https:\/\/arcticexcursions.com\/da\/wp-json\/wp\/v2\/types\/product"}],"replies":[{"embeddable":true,"href":"https:\/\/arcticexcursions.com\/da\/wp-json\/wp\/v2\/comments?post=19940"}],"wp:featuredmedia":[{"embeddable":true,"href":"https:\/\/arcticexcursions.com\/da\/wp-json\/wp\/v2\/media\/19938"}],"wp:attachment":[{"href":"https:\/\/arcticexcursions.com\/da\/wp-json\/wp\/v2\/media?parent=19940"}],"wp:term":[{"taxonomy":"product_brand","embeddable":true,"href":"https:\/\/arcticexcursions.com\/da\/wp-json\/wp\/v2\/product_brand?post=19940"},{"taxonomy":"product_cat","embeddable":true,"href":"https:\/\/arcticexcursions.com\/da\/wp-json\/wp\/v2\/product_cat?post=19940"},{"taxonomy":"product_tag","embeddable":true,"href":"https:\/\/arcticexcursions.com\/da\/wp-json\/wp\/v2\/product_tag?post=19940"}],"curies":[{"name":"wp","href":"https:\/\/api.w.org\/{rel}","templated":true}]}}