{"id":20128,"date":"2023-09-12T13:42:11","date_gmt":"2023-09-12T11:42:11","guid":{"rendered":"https:\/\/arcticexcursions.com\/?post_type=product&#038;p=20128"},"modified":"2025-08-27T12:00:37","modified_gmt":"2025-08-27T10:00:37","slug":"russell-glacier-summer","status":"publish","type":"product","link":"https:\/\/arcticexcursions.com\/da\/udflugter\/russell-glacier-summer\/","title":{"rendered":"Russell Glacier Sommer"},"content":{"rendered":"<p>Den spektakul\u00e6re indlandsis er et af Gr\u00f8nlands st\u00f8rste tr\u00e6kplastre. <\/p>\n<p>Russell-gletsjerens placering i Aasivissuit-regionen er med god grund optaget p\u00e5 UNESCO&#8217;s verdensarvsliste. <\/p>\n<p>Indlandsisen kan d\u00e6kke op til 80% af Gr\u00f8nland, men hvert \u00e5r mindskes dette omr\u00e5de, da isen smelter uden at blive erstattet af frisk is.<\/p>\n<p>Det eneste sted i hele Gr\u00f8nland, hvor du kan k\u00f8re til indlandsisen, er Kangerlussuaq.<br \/>\nP\u00e5 denne udflugt rejser vi til den storsl\u00e5ede Russell-gletsjer. <\/p>\n<p>Muren, som kan n\u00e5 en h\u00f8jde p\u00e5 70 meter, fungerer som en f\u00e6stning mellem land og is. <\/p>\n<p>Hvis du er heldig, kan du se rensdyr og moskusokser p\u00e5 denne rejse, hvilket giver dig mulighed for at m\u00f8de de fascinerende dyr. Vi starter i en Toyota Landcuiser, et terr\u00e6ng\u00e5ende k\u00f8ret\u00f8j.<\/p>\n<p>Vi fort\u00e6ller dig om omr\u00e5dets rige historie, mens vi k\u00f8rer. <\/p>\n<p>Derudover kan du v\u00e6re vidne til den igangv\u00e6rende smeltning under hele vores sommertur.<\/p>\n<p>Der vil v\u00e6re mulighed for at vandre langs gletsjeren, n\u00e5r vi kommer frem. Her kan du tage billeder og nyde de betagende omgivelser. Den brusende brusen fra smeltevandsfloden er det eneste, der bryder den betagende stilhed.<\/p>\n<p>Vi er oppe imod st\u00e6rke kr\u00e6fter.<br \/>\nDet er mor\u00e6nerne omkring gletsjeren bevis nok p\u00e5. <\/p>\n<p>Kangerlussuaq-fjorden er 160 kilometer lang. <\/p>\n<p>Det kommer omr\u00e5dets navn ogs\u00e5 af. <\/p>\n<p>Navnet &#8220;den lange fjord&#8221; er Kangerlussuaq. <\/p>\n<p>P\u00e5 jorden kan du finde gr\u00e5t silt, som ofte kaldes gletsjermel. <\/p>\n<p>Meget fint sand, ler, sten og grus udg\u00f8r silt. Det kommer fra knust sten, der blev produceret af gletsjere, som langsomt bev\u00e6gede sig over bjergene.<br \/>\nDet er derfor, at den storsl\u00e5ede fjords farve er skabt af dette silt.<\/p>\n<p>Bem\u00e6rk: Hold sikker afstand til iss\u00f8jlerne og smeltevandsfloden, som begge har potentiale til at falde pludseligt. Husk altid p\u00e5, at is er en elastisk substans, der altid er i bev\u00e6gelse. Men fra en sikker afstand kan du stadig tage del i og gl\u00e6de dig over den.<\/p>\n<p><b>Varighed:<\/b> 2 timer og 30 minutter. <\/p>\n<p><b>Minimum:<\/b> 2 deltagere <\/p>\n<p><b>Maksimum:<\/b> 8 deltagere<\/p>\n","protected":false},"excerpt":{"rendered":"<p>Oplev den imponerende isv\u00e6g!<\/p>\n","protected":false},"featured_media":32097,"comment_status":"open","ping_status":"closed","template":"","meta":{"_acf_changed":false},"product_brand":[],"product_cat":[101,170],"product_tag":[],"class_list":{"0":"post-20128","1":"product","2":"type-product","3":"status-publish","4":"has-post-thumbnail","6":"product_cat-tour","7":"product_cat-udflugt","8":"pa_dato-1104","9":"pa_dato-1108","10":"pa_dato-1114","11":"pa_dato-1120","12":"pa_dato-1012","13":"pa_dato-1057","14":"pa_dato-5961","15":"pa_tidspunkt-72","16":"pa_tidspunkt-40","17":"tour_location-kangerlussuaq-da","18":"tour_type-outdoor-da","19":"tour_tickettype-arctic_excursions","20":"tour_operator-arctic-ice-tours","22":"first","23":"outofstock","24":"shipping-taxable","25":"product-type-variable"},"acf":[],"yoast_head":"<!-- This site is optimized with the Yoast SEO plugin v23.6 - https:\/\/yoast.com\/wordpress\/plugins\/seo\/ -->\n<title>Arctic Excursions<\/title>\n<meta name=\"robots\" content=\"index, follow, max-snippet:-1, max-image-preview:large, max-video-preview:-1\" \/>\n<link rel=\"canonical\" href=\"https:\/\/arcticexcursions.com\/da\/udflugter\/russell-glacier-summer\/\" \/>\n<meta property=\"og:locale\" content=\"da_DK\" \/>\n<meta property=\"og:type\" content=\"article\" \/>\n<meta property=\"og:title\" content=\"Russell Glacier Sommer - Arctic Excursions\" \/>\n<meta property=\"og:description\" content=\"Oplev den imponerende isv\u00e6g!\" \/>\n<meta property=\"og:url\" content=\"https:\/\/arcticexcursions.com\/da\/udflugter\/russell-glacier-summer\/\" \/>\n<meta property=\"og:site_name\" content=\"Arctic Excursions\" \/>\n<meta property=\"article:modified_time\" content=\"2025-08-27T10:00:37+00:00\" \/>\n<meta property=\"og:image\" content=\"https:\/\/arcticexcursions.com\/wp-content\/uploads\/2024\/02\/DAA12D07-B364-4295-9967-691655FF3830-scaled.jpg\" \/>\n\t<meta property=\"og:image:width\" content=\"2560\" \/>\n\t<meta property=\"og:image:height\" content=\"1709\" \/>\n\t<meta property=\"og:image:type\" content=\"image\/jpeg\" \/>\n<meta name=\"twitter:card\" content=\"summary_large_image\" \/>\n<meta name=\"twitter:label1\" content=\"Estimeret l\u00e6setid\" \/>\n\t<meta name=\"twitter:data1\" content=\"2 minutter\" \/>\n<script type=\"application\/ld+json\" class=\"yoast-schema-graph\">{\"@context\":\"https:\/\/schema.org\",\"@graph\":[{\"@type\":\"WebPage\",\"@id\":\"https:\/\/arcticexcursions.com\/da\/udflugter\/russell-glacier-summer\/\",\"url\":\"https:\/\/arcticexcursions.com\/da\/udflugter\/russell-glacier-summer\/\",\"name\":\"Russell Glacier Sommer - Arctic Excursions\",\"isPartOf\":{\"@id\":\"https:\/\/arcticexcursions.com\/#website\"},\"primaryImageOfPage\":{\"@id\":\"https:\/\/arcticexcursions.com\/da\/udflugter\/russell-glacier-summer\/#primaryimage\"},\"image\":{\"@id\":\"https:\/\/arcticexcursions.com\/da\/udflugter\/russell-glacier-summer\/#primaryimage\"},\"thumbnailUrl\":\"https:\/\/arcticexcursions.com\/wp-content\/uploads\/2024\/02\/DAA12D07-B364-4295-9967-691655FF3830-scaled.jpg\",\"datePublished\":\"2023-09-12T11:42:11+00:00\",\"dateModified\":\"2025-08-27T10:00:37+00:00\",\"breadcrumb\":{\"@id\":\"https:\/\/arcticexcursions.com\/da\/udflugter\/russell-glacier-summer\/#breadcrumb\"},\"inLanguage\":\"da-DK\",\"potentialAction\":[{\"@type\":\"ReadAction\",\"target\":[\"https:\/\/arcticexcursions.com\/da\/udflugter\/russell-glacier-summer\/\"]}]},{\"@type\":\"ImageObject\",\"inLanguage\":\"da-DK\",\"@id\":\"https:\/\/arcticexcursions.com\/da\/udflugter\/russell-glacier-summer\/#primaryimage\",\"url\":\"https:\/\/arcticexcursions.com\/wp-content\/uploads\/2024\/02\/DAA12D07-B364-4295-9967-691655FF3830-scaled.jpg\",\"contentUrl\":\"https:\/\/arcticexcursions.com\/wp-content\/uploads\/2024\/02\/DAA12D07-B364-4295-9967-691655FF3830-scaled.jpg\",\"width\":2560,\"height\":1709},{\"@type\":\"BreadcrumbList\",\"@id\":\"https:\/\/arcticexcursions.com\/da\/udflugter\/russell-glacier-summer\/#breadcrumb\",\"itemListElement\":[{\"@type\":\"ListItem\",\"position\":1,\"name\":\"Home\",\"item\":\"https:\/\/arcticexcursions.com\/da\/\"},{\"@type\":\"ListItem\",\"position\":2,\"name\":\"Udflugter i Gr\u00f8nland\",\"item\":\"https:\/\/arcticexcursions.com\/da\/udflugter\/\"},{\"@type\":\"ListItem\",\"position\":3,\"name\":\"Russell Glacier Sommer\"}]},{\"@type\":\"WebSite\",\"@id\":\"https:\/\/arcticexcursions.com\/#website\",\"url\":\"https:\/\/arcticexcursions.com\/\",\"name\":\"Arctic Excursions\",\"description\":\"New adventures. Every day.\",\"publisher\":{\"@id\":\"https:\/\/arcticexcursions.com\/#organization\"},\"potentialAction\":[{\"@type\":\"SearchAction\",\"target\":{\"@type\":\"EntryPoint\",\"urlTemplate\":\"https:\/\/arcticexcursions.com\/?s={search_term_string}\"},\"query-input\":{\"@type\":\"PropertyValueSpecification\",\"valueRequired\":true,\"valueName\":\"search_term_string\"}}],\"inLanguage\":\"da-DK\"},{\"@type\":\"Organization\",\"@id\":\"https:\/\/arcticexcursions.com\/#organization\",\"name\":\"Arctic Excursions\",\"url\":\"https:\/\/arcticexcursions.com\/\",\"logo\":{\"@type\":\"ImageObject\",\"inLanguage\":\"da-DK\",\"@id\":\"https:\/\/arcticexcursions.com\/#\/schema\/logo\/image\/\",\"url\":\"https:\/\/arcticexcursions.com\/wp-content\/uploads\/2022\/11\/fb-logo.png\",\"contentUrl\":\"https:\/\/arcticexcursions.com\/wp-content\/uploads\/2022\/11\/fb-logo.png\",\"width\":523,\"height\":523,\"caption\":\"Arctic Excursions\"},\"image\":{\"@id\":\"https:\/\/arcticexcursions.com\/#\/schema\/logo\/image\/\"}}]}<\/script>\n<!-- \/ Yoast SEO plugin. -->","yoast_head_json":{"title":"Arctic Excursions","robots":{"index":"index","follow":"follow","max-snippet":"max-snippet:-1","max-image-preview":"max-image-preview:large","max-video-preview":"max-video-preview:-1"},"canonical":"https:\/\/arcticexcursions.com\/da\/udflugter\/russell-glacier-summer\/","og_locale":"da_DK","og_type":"article","og_title":"Russell Glacier Sommer - Arctic Excursions","og_description":"Oplev den imponerende isv\u00e6g!","og_url":"https:\/\/arcticexcursions.com\/da\/udflugter\/russell-glacier-summer\/","og_site_name":"Arctic Excursions","article_modified_time":"2025-08-27T10:00:37+00:00","og_image":[{"width":2560,"height":1709,"url":"https:\/\/arcticexcursions.com\/wp-content\/uploads\/2024\/02\/DAA12D07-B364-4295-9967-691655FF3830-scaled.jpg","type":"image\/jpeg"}],"twitter_card":"summary_large_image","twitter_misc":{"Estimeret l\u00e6setid":"2 minutter"},"schema":{"@context":"https:\/\/schema.org","@graph":[{"@type":"WebPage","@id":"https:\/\/arcticexcursions.com\/da\/udflugter\/russell-glacier-summer\/","url":"https:\/\/arcticexcursions.com\/da\/udflugter\/russell-glacier-summer\/","name":"Russell Glacier Sommer - Arctic Excursions","isPartOf":{"@id":"https:\/\/arcticexcursions.com\/#website"},"primaryImageOfPage":{"@id":"https:\/\/arcticexcursions.com\/da\/udflugter\/russell-glacier-summer\/#primaryimage"},"image":{"@id":"https:\/\/arcticexcursions.com\/da\/udflugter\/russell-glacier-summer\/#primaryimage"},"thumbnailUrl":"https:\/\/arcticexcursions.com\/wp-content\/uploads\/2024\/02\/DAA12D07-B364-4295-9967-691655FF3830-scaled.jpg","datePublished":"2023-09-12T11:42:11+00:00","dateModified":"2025-08-27T10:00:37+00:00","breadcrumb":{"@id":"https:\/\/arcticexcursions.com\/da\/udflugter\/russell-glacier-summer\/#breadcrumb"},"inLanguage":"da-DK","potentialAction":[{"@type":"ReadAction","target":["https:\/\/arcticexcursions.com\/da\/udflugter\/russell-glacier-summer\/"]}]},{"@type":"ImageObject","inLanguage":"da-DK","@id":"https:\/\/arcticexcursions.com\/da\/udflugter\/russell-glacier-summer\/#primaryimage","url":"https:\/\/arcticexcursions.com\/wp-content\/uploads\/2024\/02\/DAA12D07-B364-4295-9967-691655FF3830-scaled.jpg","contentUrl":"https:\/\/arcticexcursions.com\/wp-content\/uploads\/2024\/02\/DAA12D07-B364-4295-9967-691655FF3830-scaled.jpg","width":2560,"height":1709},{"@type":"BreadcrumbList","@id":"https:\/\/arcticexcursions.com\/da\/udflugter\/russell-glacier-summer\/#breadcrumb","itemListElement":[{"@type":"ListItem","position":1,"name":"Home","item":"https:\/\/arcticexcursions.com\/da\/"},{"@type":"ListItem","position":2,"name":"Udflugter i Gr\u00f8nland","item":"https:\/\/arcticexcursions.com\/da\/udflugter\/"},{"@type":"ListItem","position":3,"name":"Russell Glacier Sommer"}]},{"@type":"WebSite","@id":"https:\/\/arcticexcursions.com\/#website","url":"https:\/\/arcticexcursions.com\/","name":"Arctic Excursions","description":"New adventures. Every day.","publisher":{"@id":"https:\/\/arcticexcursions.com\/#organization"},"potentialAction":[{"@type":"SearchAction","target":{"@type":"EntryPoint","urlTemplate":"https:\/\/arcticexcursions.com\/?s={search_term_string}"},"query-input":{"@type":"PropertyValueSpecification","valueRequired":true,"valueName":"search_term_string"}}],"inLanguage":"da-DK"},{"@type":"Organization","@id":"https:\/\/arcticexcursions.com\/#organization","name":"Arctic Excursions","url":"https:\/\/arcticexcursions.com\/","logo":{"@type":"ImageObject","inLanguage":"da-DK","@id":"https:\/\/arcticexcursions.com\/#\/schema\/logo\/image\/","url":"https:\/\/arcticexcursions.com\/wp-content\/uploads\/2022\/11\/fb-logo.png","contentUrl":"https:\/\/arcticexcursions.com\/wp-content\/uploads\/2022\/11\/fb-logo.png","width":523,"height":523,"caption":"Arctic Excursions"},"image":{"@id":"https:\/\/arcticexcursions.com\/#\/schema\/logo\/image\/"}}]}},"_links":{"self":[{"href":"https:\/\/arcticexcursions.com\/da\/wp-json\/wp\/v2\/product\/20128"}],"collection":[{"href":"https:\/\/arcticexcursions.com\/da\/wp-json\/wp\/v2\/product"}],"about":[{"href":"https:\/\/arcticexcursions.com\/da\/wp-json\/wp\/v2\/types\/product"}],"replies":[{"embeddable":true,"href":"https:\/\/arcticexcursions.com\/da\/wp-json\/wp\/v2\/comments?post=20128"}],"wp:featuredmedia":[{"embeddable":true,"href":"https:\/\/arcticexcursions.com\/da\/wp-json\/wp\/v2\/media\/32097"}],"wp:attachment":[{"href":"https:\/\/arcticexcursions.com\/da\/wp-json\/wp\/v2\/media?parent=20128"}],"wp:term":[{"taxonomy":"product_brand","embeddable":true,"href":"https:\/\/arcticexcursions.com\/da\/wp-json\/wp\/v2\/product_brand?post=20128"},{"taxonomy":"product_cat","embeddable":true,"href":"https:\/\/arcticexcursions.com\/da\/wp-json\/wp\/v2\/product_cat?post=20128"},{"taxonomy":"product_tag","embeddable":true,"href":"https:\/\/arcticexcursions.com\/da\/wp-json\/wp\/v2\/product_tag?post=20128"}],"curies":[{"name":"wp","href":"https:\/\/api.w.org\/{rel}","templated":true}]}}