{"id":20130,"date":"2024-10-04T13:57:08","date_gmt":"2024-10-04T11:57:08","guid":{"rendered":"https:\/\/arcticexcursions.com\/?post_type=product&#038;p=20130"},"modified":"2024-10-04T14:10:20","modified_gmt":"2024-10-04T12:10:20","slug":"ice-fishing-by-the-fjord","status":"publish","type":"product","link":"https:\/\/arcticexcursions.com\/da\/udflugter\/ice-fishing-by-the-fjord\/","title":{"rendered":"Isfiskeri ved fjorden"},"content":{"rendered":"<p>Den store fjord fryser til hver vinter. <\/p>\n<p>S\u00e5 er det tid til isfiskeri, en af lokalbefolkningens foretrukne vinterbesk\u00e6ftigelser. <\/p>\n<p>Vi rejser p\u00e5 isen til fiskestedet fra havnen. <\/p>\n<p>Selvom vejret typisk vil v\u00e6re stille og koldt, er det stadig vigtigt at have passende overt\u00f8j p\u00e5.<\/p>\n<p>Du f\u00e5r mange muligheder for at indsnuse den spr\u00f8de, kolde luft i l\u00f8bet af dagens fisketur. <\/p>\n<p>Fjorden fungerer som en livline for sejlere is\u00e6r om sommeren, men er lige s\u00e5 afg\u00f8rende om vinteren. <\/p>\n<p>Her tilbyder den et stabilt fundament for sl\u00e6der og snescootere.<\/p>\n<p>Vi tager et isbor med p\u00e5 turen for at sk\u00e6re igennem den tunge fjordis. <\/p>\n<p>S\u00e5 er det bare at s\u00e6tte line og krog op og begynde at fiske. <\/p>\n<p>Normalt vil der v\u00e6re en masse fisk, der napper p\u00e5 krogen, is\u00e6r fjordtorsk og almindelig torsk. Vi giver dig en varm drik og interessante fiskehistorier, mens vi venter p\u00e5 dagens fangst.<\/p>\n<p>Varighed: 2 timer<\/p>\n","protected":false},"excerpt":{"rendered":"<p>Deltag i en popul\u00e6r lokal vinteraktivitet!<\/p>\n","protected":false},"featured_media":41324,"comment_status":"open","ping_status":"closed","template":"","meta":{"_acf_changed":false},"product_brand":[],"product_cat":[101,170],"product_tag":[],"class_list":{"0":"post-20130","1":"product","2":"type-product","3":"status-publish","4":"has-post-thumbnail","6":"product_cat-tour","7":"product_cat-udflugt","8":"tour_location-kangerlussuaq-da","9":"tour_type-outdoor-da","10":"tour_tickettype-arctic_excursions","11":"tour_operator-arctic-ice-tours","13":"first","14":"outofstock","15":"shipping-taxable","16":"product-type-variable"},"acf":[],"yoast_head":"<!-- This site is optimized with the Yoast SEO plugin v23.6 - https:\/\/yoast.com\/wordpress\/plugins\/seo\/ -->\n<title>Arctic Excursions<\/title>\n<meta name=\"robots\" content=\"index, follow, max-snippet:-1, max-image-preview:large, max-video-preview:-1\" \/>\n<link rel=\"canonical\" href=\"https:\/\/arcticexcursions.com\/udflugter\/ice-fishing-by-the-fjord\/\" \/>\n<meta property=\"og:locale\" content=\"da_DK\" \/>\n<meta property=\"og:type\" content=\"article\" \/>\n<meta property=\"og:title\" content=\"Isfiskeri ved fjorden - Arctic Excursions\" \/>\n<meta property=\"og:description\" content=\"Deltag i en popul\u00e6r lokal vinteraktivitet!\" \/>\n<meta property=\"og:url\" content=\"https:\/\/arcticexcursions.com\/udflugter\/ice-fishing-by-the-fjord\/\" \/>\n<meta property=\"og:site_name\" content=\"Arctic Excursions\" \/>\n<meta property=\"article:modified_time\" content=\"2024-10-04T12:10:20+00:00\" \/>\n<meta property=\"og:image\" content=\"https:\/\/arcticexcursions.com\/wp-content\/uploads\/2024\/10\/billede-11-1.png\" \/>\n\t<meta property=\"og:image:width\" content=\"324\" \/>\n\t<meta property=\"og:image:height\" content=\"433\" \/>\n\t<meta property=\"og:image:type\" content=\"image\/png\" \/>\n<meta name=\"twitter:card\" content=\"summary_large_image\" \/>\n<meta name=\"twitter:label1\" content=\"Estimeret l\u00e6setid\" \/>\n\t<meta name=\"twitter:data1\" content=\"1 minut\" \/>\n<script type=\"application\/ld+json\" class=\"yoast-schema-graph\">{\"@context\":\"https:\/\/schema.org\",\"@graph\":[{\"@type\":\"WebPage\",\"@id\":\"https:\/\/arcticexcursions.com\/udflugter\/ice-fishing-by-the-fjord\/\",\"url\":\"https:\/\/arcticexcursions.com\/udflugter\/ice-fishing-by-the-fjord\/\",\"name\":\"Isfiskeri ved fjorden - Arctic Excursions\",\"isPartOf\":{\"@id\":\"https:\/\/arcticexcursions.com\/#website\"},\"primaryImageOfPage\":{\"@id\":\"https:\/\/arcticexcursions.com\/udflugter\/ice-fishing-by-the-fjord\/#primaryimage\"},\"image\":{\"@id\":\"https:\/\/arcticexcursions.com\/udflugter\/ice-fishing-by-the-fjord\/#primaryimage\"},\"thumbnailUrl\":\"https:\/\/arcticexcursions.com\/wp-content\/uploads\/2024\/10\/billede-11-1.png\",\"datePublished\":\"2024-10-04T11:57:08+00:00\",\"dateModified\":\"2024-10-04T12:10:20+00:00\",\"breadcrumb\":{\"@id\":\"https:\/\/arcticexcursions.com\/udflugter\/ice-fishing-by-the-fjord\/#breadcrumb\"},\"inLanguage\":\"da-DK\",\"potentialAction\":[{\"@type\":\"ReadAction\",\"target\":[\"https:\/\/arcticexcursions.com\/udflugter\/ice-fishing-by-the-fjord\/\"]}]},{\"@type\":\"ImageObject\",\"inLanguage\":\"da-DK\",\"@id\":\"https:\/\/arcticexcursions.com\/udflugter\/ice-fishing-by-the-fjord\/#primaryimage\",\"url\":\"https:\/\/arcticexcursions.com\/wp-content\/uploads\/2024\/10\/billede-11-1.png\",\"contentUrl\":\"https:\/\/arcticexcursions.com\/wp-content\/uploads\/2024\/10\/billede-11-1.png\",\"width\":324,\"height\":433},{\"@type\":\"BreadcrumbList\",\"@id\":\"https:\/\/arcticexcursions.com\/udflugter\/ice-fishing-by-the-fjord\/#breadcrumb\",\"itemListElement\":[{\"@type\":\"ListItem\",\"position\":1,\"name\":\"Home\",\"item\":\"https:\/\/arcticexcursions.com\/da\/\"},{\"@type\":\"ListItem\",\"position\":2,\"name\":\"Udflugter i Gr\u00f8nland\",\"item\":\"https:\/\/arcticexcursions.com\/da\/udflugter\/\"},{\"@type\":\"ListItem\",\"position\":3,\"name\":\"Isfiskeri ved fjorden\"}]},{\"@type\":\"WebSite\",\"@id\":\"https:\/\/arcticexcursions.com\/#website\",\"url\":\"https:\/\/arcticexcursions.com\/\",\"name\":\"Arctic Excursions\",\"description\":\"New adventures. Every day.\",\"publisher\":{\"@id\":\"https:\/\/arcticexcursions.com\/#organization\"},\"potentialAction\":[{\"@type\":\"SearchAction\",\"target\":{\"@type\":\"EntryPoint\",\"urlTemplate\":\"https:\/\/arcticexcursions.com\/?s={search_term_string}\"},\"query-input\":{\"@type\":\"PropertyValueSpecification\",\"valueRequired\":true,\"valueName\":\"search_term_string\"}}],\"inLanguage\":\"da-DK\"},{\"@type\":\"Organization\",\"@id\":\"https:\/\/arcticexcursions.com\/#organization\",\"name\":\"Arctic Excursions\",\"url\":\"https:\/\/arcticexcursions.com\/\",\"logo\":{\"@type\":\"ImageObject\",\"inLanguage\":\"da-DK\",\"@id\":\"https:\/\/arcticexcursions.com\/#\/schema\/logo\/image\/\",\"url\":\"https:\/\/arcticexcursions.com\/wp-content\/uploads\/2022\/11\/fb-logo.png\",\"contentUrl\":\"https:\/\/arcticexcursions.com\/wp-content\/uploads\/2022\/11\/fb-logo.png\",\"width\":523,\"height\":523,\"caption\":\"Arctic Excursions\"},\"image\":{\"@id\":\"https:\/\/arcticexcursions.com\/#\/schema\/logo\/image\/\"}}]}<\/script>\n<!-- \/ Yoast SEO plugin. -->","yoast_head_json":{"title":"Arctic Excursions","robots":{"index":"index","follow":"follow","max-snippet":"max-snippet:-1","max-image-preview":"max-image-preview:large","max-video-preview":"max-video-preview:-1"},"canonical":"https:\/\/arcticexcursions.com\/udflugter\/ice-fishing-by-the-fjord\/","og_locale":"da_DK","og_type":"article","og_title":"Isfiskeri ved fjorden - Arctic Excursions","og_description":"Deltag i en popul\u00e6r lokal vinteraktivitet!","og_url":"https:\/\/arcticexcursions.com\/udflugter\/ice-fishing-by-the-fjord\/","og_site_name":"Arctic Excursions","article_modified_time":"2024-10-04T12:10:20+00:00","og_image":[{"width":324,"height":433,"url":"https:\/\/arcticexcursions.com\/wp-content\/uploads\/2024\/10\/billede-11-1.png","type":"image\/png"}],"twitter_card":"summary_large_image","twitter_misc":{"Estimeret l\u00e6setid":"1 minut"},"schema":{"@context":"https:\/\/schema.org","@graph":[{"@type":"WebPage","@id":"https:\/\/arcticexcursions.com\/udflugter\/ice-fishing-by-the-fjord\/","url":"https:\/\/arcticexcursions.com\/udflugter\/ice-fishing-by-the-fjord\/","name":"Isfiskeri ved fjorden - Arctic Excursions","isPartOf":{"@id":"https:\/\/arcticexcursions.com\/#website"},"primaryImageOfPage":{"@id":"https:\/\/arcticexcursions.com\/udflugter\/ice-fishing-by-the-fjord\/#primaryimage"},"image":{"@id":"https:\/\/arcticexcursions.com\/udflugter\/ice-fishing-by-the-fjord\/#primaryimage"},"thumbnailUrl":"https:\/\/arcticexcursions.com\/wp-content\/uploads\/2024\/10\/billede-11-1.png","datePublished":"2024-10-04T11:57:08+00:00","dateModified":"2024-10-04T12:10:20+00:00","breadcrumb":{"@id":"https:\/\/arcticexcursions.com\/udflugter\/ice-fishing-by-the-fjord\/#breadcrumb"},"inLanguage":"da-DK","potentialAction":[{"@type":"ReadAction","target":["https:\/\/arcticexcursions.com\/udflugter\/ice-fishing-by-the-fjord\/"]}]},{"@type":"ImageObject","inLanguage":"da-DK","@id":"https:\/\/arcticexcursions.com\/udflugter\/ice-fishing-by-the-fjord\/#primaryimage","url":"https:\/\/arcticexcursions.com\/wp-content\/uploads\/2024\/10\/billede-11-1.png","contentUrl":"https:\/\/arcticexcursions.com\/wp-content\/uploads\/2024\/10\/billede-11-1.png","width":324,"height":433},{"@type":"BreadcrumbList","@id":"https:\/\/arcticexcursions.com\/udflugter\/ice-fishing-by-the-fjord\/#breadcrumb","itemListElement":[{"@type":"ListItem","position":1,"name":"Home","item":"https:\/\/arcticexcursions.com\/da\/"},{"@type":"ListItem","position":2,"name":"Udflugter i Gr\u00f8nland","item":"https:\/\/arcticexcursions.com\/da\/udflugter\/"},{"@type":"ListItem","position":3,"name":"Isfiskeri ved fjorden"}]},{"@type":"WebSite","@id":"https:\/\/arcticexcursions.com\/#website","url":"https:\/\/arcticexcursions.com\/","name":"Arctic Excursions","description":"New adventures. Every day.","publisher":{"@id":"https:\/\/arcticexcursions.com\/#organization"},"potentialAction":[{"@type":"SearchAction","target":{"@type":"EntryPoint","urlTemplate":"https:\/\/arcticexcursions.com\/?s={search_term_string}"},"query-input":{"@type":"PropertyValueSpecification","valueRequired":true,"valueName":"search_term_string"}}],"inLanguage":"da-DK"},{"@type":"Organization","@id":"https:\/\/arcticexcursions.com\/#organization","name":"Arctic Excursions","url":"https:\/\/arcticexcursions.com\/","logo":{"@type":"ImageObject","inLanguage":"da-DK","@id":"https:\/\/arcticexcursions.com\/#\/schema\/logo\/image\/","url":"https:\/\/arcticexcursions.com\/wp-content\/uploads\/2022\/11\/fb-logo.png","contentUrl":"https:\/\/arcticexcursions.com\/wp-content\/uploads\/2022\/11\/fb-logo.png","width":523,"height":523,"caption":"Arctic Excursions"},"image":{"@id":"https:\/\/arcticexcursions.com\/#\/schema\/logo\/image\/"}}]}},"_links":{"self":[{"href":"https:\/\/arcticexcursions.com\/da\/wp-json\/wp\/v2\/product\/20130"}],"collection":[{"href":"https:\/\/arcticexcursions.com\/da\/wp-json\/wp\/v2\/product"}],"about":[{"href":"https:\/\/arcticexcursions.com\/da\/wp-json\/wp\/v2\/types\/product"}],"replies":[{"embeddable":true,"href":"https:\/\/arcticexcursions.com\/da\/wp-json\/wp\/v2\/comments?post=20130"}],"wp:featuredmedia":[{"embeddable":true,"href":"https:\/\/arcticexcursions.com\/da\/wp-json\/wp\/v2\/media\/41324"}],"wp:attachment":[{"href":"https:\/\/arcticexcursions.com\/da\/wp-json\/wp\/v2\/media?parent=20130"}],"wp:term":[{"taxonomy":"product_brand","embeddable":true,"href":"https:\/\/arcticexcursions.com\/da\/wp-json\/wp\/v2\/product_brand?post=20130"},{"taxonomy":"product_cat","embeddable":true,"href":"https:\/\/arcticexcursions.com\/da\/wp-json\/wp\/v2\/product_cat?post=20130"},{"taxonomy":"product_tag","embeddable":true,"href":"https:\/\/arcticexcursions.com\/da\/wp-json\/wp\/v2\/product_tag?post=20130"}],"curies":[{"name":"wp","href":"https:\/\/api.w.org\/{rel}","templated":true}]}}