{"id":20132,"date":"2023-09-12T14:00:12","date_gmt":"2023-09-12T12:00:12","guid":{"rendered":"https:\/\/arcticexcursions.com\/?post_type=product&#038;p=20132"},"modified":"2025-07-29T13:04:43","modified_gmt":"2025-07-29T11:04:43","slug":"the-waterfall","status":"publish","type":"product","link":"https:\/\/arcticexcursions.com\/da\/udflugter\/the-waterfall\/","title":{"rendered":"Vandfaldet"},"content":{"rendered":"<p>Du kan rejse til et fantastisk og storsl\u00e5et vandfald fra Kangerlussuaq. <\/p>\n<p>At st\u00e5 p\u00e5 toppen af vandfaldet og nyde den betagende panoramaudsigt over omgivelserne vil markere afslutningen p\u00e5 denne rejse.<\/p>\n<p>Vi bev\u00e6ger os i et passende moderat tempo p\u00e5 vej mod vandfaldet, s\u00e5 du har masser af tid til at nyde de fantastiske omgivelser. <\/p>\n<p>L\u00e6g is\u00e6r m\u00e6rke til vegetationen i Arktis og det omkringliggende landskab, som er blevet formet af den enorme indlandsis, der har skabt sp\u00e6ndende kratere mellem bjergene. <\/p>\n<p>Der vil v\u00e6re mange chancer for at tage billeder af de sev\u00e6rdigheder, vi passerer undervejs.<\/p>\n<p>Hvis vi er heldige, f\u00e5r vi m\u00e5ske ogs\u00e5 set nogle af de mange forskellige arter, som omr\u00e5det har at byde p\u00e5. <\/p>\n<p>Hold \u00f8je med polarharer, moskusokser, rensdyr og polarr\u00e6ve. Alle, der \u00f8nsker at l\u00e6re mere om det arktiske landskab, b\u00f8r tage med p\u00e5 denne tur. <\/p>\n<p>Vi giver dig grundig vejledning hele vejen rundt.<\/p>\n<p><b>Varighed:<\/b> 2 timer<\/p>\n","protected":false},"excerpt":{"rendered":"<p>Se en panoramaudsigt over de mest fantastiske \u00f8rkenlignende omgivelser.<\/p>\n","protected":false},"featured_media":32107,"comment_status":"open","ping_status":"closed","template":"","meta":{"_acf_changed":false},"product_brand":[],"product_cat":[170,101],"product_tag":[],"class_list":{"0":"post-20132","1":"product","2":"type-product","3":"status-publish","4":"has-post-thumbnail","6":"product_cat-udflugt","7":"product_cat-tour","8":"pa_dato-1121","9":"pa_dato-1123","10":"pa_dato-1064","11":"pa_dato-1125","12":"pa_dato-1128","13":"pa_dato-1025","14":"pa_dato-1049","15":"pa_dato-6058","16":"pa_tidspunkt-72","17":"pa_tidspunkt-40","18":"pa_tidspunkt-177","19":"tour_location-kangerlussuaq-da","20":"tour_type-outdoor-da","21":"tour_tickettype-arctic_excursions","22":"tour_operator-arctic-ice-tours","24":"first","25":"outofstock","26":"shipping-taxable","27":"product-type-variable"},"acf":[],"yoast_head":"<!-- This site is optimized with the Yoast SEO plugin v23.6 - https:\/\/yoast.com\/wordpress\/plugins\/seo\/ -->\n<title>Arctic Excursions<\/title>\n<meta name=\"robots\" content=\"index, follow, max-snippet:-1, max-image-preview:large, max-video-preview:-1\" \/>\n<link rel=\"canonical\" href=\"https:\/\/arcticexcursions.com\/da\/udflugter\/the-waterfall\/\" \/>\n<meta property=\"og:locale\" content=\"da_DK\" \/>\n<meta property=\"og:type\" content=\"article\" \/>\n<meta property=\"og:title\" content=\"Vandfaldet - Arctic Excursions\" \/>\n<meta property=\"og:description\" content=\"Se en panoramaudsigt over de mest fantastiske \u00f8rkenlignende omgivelser.\" \/>\n<meta property=\"og:url\" content=\"https:\/\/arcticexcursions.com\/da\/udflugter\/the-waterfall\/\" \/>\n<meta property=\"og:site_name\" content=\"Arctic Excursions\" \/>\n<meta property=\"article:modified_time\" content=\"2025-07-29T11:04:43+00:00\" \/>\n<meta property=\"og:image\" content=\"https:\/\/arcticexcursions.com\/wp-content\/uploads\/2024\/02\/F2B23BDF-D93E-4A96-B5C1-3B153E2F7BA4-scaled.jpg\" \/>\n\t<meta property=\"og:image:width\" content=\"2560\" \/>\n\t<meta property=\"og:image:height\" content=\"1709\" \/>\n\t<meta property=\"og:image:type\" content=\"image\/jpeg\" \/>\n<meta name=\"twitter:card\" content=\"summary_large_image\" \/>\n<meta name=\"twitter:label1\" content=\"Estimeret l\u00e6setid\" \/>\n\t<meta name=\"twitter:data1\" content=\"1 minut\" \/>\n<script type=\"application\/ld+json\" class=\"yoast-schema-graph\">{\"@context\":\"https:\/\/schema.org\",\"@graph\":[{\"@type\":\"WebPage\",\"@id\":\"https:\/\/arcticexcursions.com\/da\/udflugter\/the-waterfall\/\",\"url\":\"https:\/\/arcticexcursions.com\/da\/udflugter\/the-waterfall\/\",\"name\":\"Vandfaldet - Arctic Excursions\",\"isPartOf\":{\"@id\":\"https:\/\/arcticexcursions.com\/#website\"},\"primaryImageOfPage\":{\"@id\":\"https:\/\/arcticexcursions.com\/da\/udflugter\/the-waterfall\/#primaryimage\"},\"image\":{\"@id\":\"https:\/\/arcticexcursions.com\/da\/udflugter\/the-waterfall\/#primaryimage\"},\"thumbnailUrl\":\"https:\/\/arcticexcursions.com\/wp-content\/uploads\/2024\/02\/F2B23BDF-D93E-4A96-B5C1-3B153E2F7BA4-scaled.jpg\",\"datePublished\":\"2023-09-12T12:00:12+00:00\",\"dateModified\":\"2025-07-29T11:04:43+00:00\",\"breadcrumb\":{\"@id\":\"https:\/\/arcticexcursions.com\/da\/udflugter\/the-waterfall\/#breadcrumb\"},\"inLanguage\":\"da-DK\",\"potentialAction\":[{\"@type\":\"ReadAction\",\"target\":[\"https:\/\/arcticexcursions.com\/da\/udflugter\/the-waterfall\/\"]}]},{\"@type\":\"ImageObject\",\"inLanguage\":\"da-DK\",\"@id\":\"https:\/\/arcticexcursions.com\/da\/udflugter\/the-waterfall\/#primaryimage\",\"url\":\"https:\/\/arcticexcursions.com\/wp-content\/uploads\/2024\/02\/F2B23BDF-D93E-4A96-B5C1-3B153E2F7BA4-scaled.jpg\",\"contentUrl\":\"https:\/\/arcticexcursions.com\/wp-content\/uploads\/2024\/02\/F2B23BDF-D93E-4A96-B5C1-3B153E2F7BA4-scaled.jpg\",\"width\":2560,\"height\":1709},{\"@type\":\"BreadcrumbList\",\"@id\":\"https:\/\/arcticexcursions.com\/da\/udflugter\/the-waterfall\/#breadcrumb\",\"itemListElement\":[{\"@type\":\"ListItem\",\"position\":1,\"name\":\"Home\",\"item\":\"https:\/\/arcticexcursions.com\/da\/\"},{\"@type\":\"ListItem\",\"position\":2,\"name\":\"Udflugter i Gr\u00f8nland\",\"item\":\"https:\/\/arcticexcursions.com\/da\/udflugter\/\"},{\"@type\":\"ListItem\",\"position\":3,\"name\":\"Vandfaldet\"}]},{\"@type\":\"WebSite\",\"@id\":\"https:\/\/arcticexcursions.com\/#website\",\"url\":\"https:\/\/arcticexcursions.com\/\",\"name\":\"Arctic Excursions\",\"description\":\"New adventures. Every day.\",\"publisher\":{\"@id\":\"https:\/\/arcticexcursions.com\/#organization\"},\"potentialAction\":[{\"@type\":\"SearchAction\",\"target\":{\"@type\":\"EntryPoint\",\"urlTemplate\":\"https:\/\/arcticexcursions.com\/?s={search_term_string}\"},\"query-input\":{\"@type\":\"PropertyValueSpecification\",\"valueRequired\":true,\"valueName\":\"search_term_string\"}}],\"inLanguage\":\"da-DK\"},{\"@type\":\"Organization\",\"@id\":\"https:\/\/arcticexcursions.com\/#organization\",\"name\":\"Arctic Excursions\",\"url\":\"https:\/\/arcticexcursions.com\/\",\"logo\":{\"@type\":\"ImageObject\",\"inLanguage\":\"da-DK\",\"@id\":\"https:\/\/arcticexcursions.com\/#\/schema\/logo\/image\/\",\"url\":\"https:\/\/arcticexcursions.com\/wp-content\/uploads\/2022\/11\/fb-logo.png\",\"contentUrl\":\"https:\/\/arcticexcursions.com\/wp-content\/uploads\/2022\/11\/fb-logo.png\",\"width\":523,\"height\":523,\"caption\":\"Arctic Excursions\"},\"image\":{\"@id\":\"https:\/\/arcticexcursions.com\/#\/schema\/logo\/image\/\"}}]}<\/script>\n<!-- \/ Yoast SEO plugin. -->","yoast_head_json":{"title":"Arctic Excursions","robots":{"index":"index","follow":"follow","max-snippet":"max-snippet:-1","max-image-preview":"max-image-preview:large","max-video-preview":"max-video-preview:-1"},"canonical":"https:\/\/arcticexcursions.com\/da\/udflugter\/the-waterfall\/","og_locale":"da_DK","og_type":"article","og_title":"Vandfaldet - Arctic Excursions","og_description":"Se en panoramaudsigt over de mest fantastiske \u00f8rkenlignende omgivelser.","og_url":"https:\/\/arcticexcursions.com\/da\/udflugter\/the-waterfall\/","og_site_name":"Arctic Excursions","article_modified_time":"2025-07-29T11:04:43+00:00","og_image":[{"width":2560,"height":1709,"url":"https:\/\/arcticexcursions.com\/wp-content\/uploads\/2024\/02\/F2B23BDF-D93E-4A96-B5C1-3B153E2F7BA4-scaled.jpg","type":"image\/jpeg"}],"twitter_card":"summary_large_image","twitter_misc":{"Estimeret l\u00e6setid":"1 minut"},"schema":{"@context":"https:\/\/schema.org","@graph":[{"@type":"WebPage","@id":"https:\/\/arcticexcursions.com\/da\/udflugter\/the-waterfall\/","url":"https:\/\/arcticexcursions.com\/da\/udflugter\/the-waterfall\/","name":"Vandfaldet - Arctic Excursions","isPartOf":{"@id":"https:\/\/arcticexcursions.com\/#website"},"primaryImageOfPage":{"@id":"https:\/\/arcticexcursions.com\/da\/udflugter\/the-waterfall\/#primaryimage"},"image":{"@id":"https:\/\/arcticexcursions.com\/da\/udflugter\/the-waterfall\/#primaryimage"},"thumbnailUrl":"https:\/\/arcticexcursions.com\/wp-content\/uploads\/2024\/02\/F2B23BDF-D93E-4A96-B5C1-3B153E2F7BA4-scaled.jpg","datePublished":"2023-09-12T12:00:12+00:00","dateModified":"2025-07-29T11:04:43+00:00","breadcrumb":{"@id":"https:\/\/arcticexcursions.com\/da\/udflugter\/the-waterfall\/#breadcrumb"},"inLanguage":"da-DK","potentialAction":[{"@type":"ReadAction","target":["https:\/\/arcticexcursions.com\/da\/udflugter\/the-waterfall\/"]}]},{"@type":"ImageObject","inLanguage":"da-DK","@id":"https:\/\/arcticexcursions.com\/da\/udflugter\/the-waterfall\/#primaryimage","url":"https:\/\/arcticexcursions.com\/wp-content\/uploads\/2024\/02\/F2B23BDF-D93E-4A96-B5C1-3B153E2F7BA4-scaled.jpg","contentUrl":"https:\/\/arcticexcursions.com\/wp-content\/uploads\/2024\/02\/F2B23BDF-D93E-4A96-B5C1-3B153E2F7BA4-scaled.jpg","width":2560,"height":1709},{"@type":"BreadcrumbList","@id":"https:\/\/arcticexcursions.com\/da\/udflugter\/the-waterfall\/#breadcrumb","itemListElement":[{"@type":"ListItem","position":1,"name":"Home","item":"https:\/\/arcticexcursions.com\/da\/"},{"@type":"ListItem","position":2,"name":"Udflugter i Gr\u00f8nland","item":"https:\/\/arcticexcursions.com\/da\/udflugter\/"},{"@type":"ListItem","position":3,"name":"Vandfaldet"}]},{"@type":"WebSite","@id":"https:\/\/arcticexcursions.com\/#website","url":"https:\/\/arcticexcursions.com\/","name":"Arctic Excursions","description":"New adventures. Every day.","publisher":{"@id":"https:\/\/arcticexcursions.com\/#organization"},"potentialAction":[{"@type":"SearchAction","target":{"@type":"EntryPoint","urlTemplate":"https:\/\/arcticexcursions.com\/?s={search_term_string}"},"query-input":{"@type":"PropertyValueSpecification","valueRequired":true,"valueName":"search_term_string"}}],"inLanguage":"da-DK"},{"@type":"Organization","@id":"https:\/\/arcticexcursions.com\/#organization","name":"Arctic Excursions","url":"https:\/\/arcticexcursions.com\/","logo":{"@type":"ImageObject","inLanguage":"da-DK","@id":"https:\/\/arcticexcursions.com\/#\/schema\/logo\/image\/","url":"https:\/\/arcticexcursions.com\/wp-content\/uploads\/2022\/11\/fb-logo.png","contentUrl":"https:\/\/arcticexcursions.com\/wp-content\/uploads\/2022\/11\/fb-logo.png","width":523,"height":523,"caption":"Arctic Excursions"},"image":{"@id":"https:\/\/arcticexcursions.com\/#\/schema\/logo\/image\/"}}]}},"_links":{"self":[{"href":"https:\/\/arcticexcursions.com\/da\/wp-json\/wp\/v2\/product\/20132"}],"collection":[{"href":"https:\/\/arcticexcursions.com\/da\/wp-json\/wp\/v2\/product"}],"about":[{"href":"https:\/\/arcticexcursions.com\/da\/wp-json\/wp\/v2\/types\/product"}],"replies":[{"embeddable":true,"href":"https:\/\/arcticexcursions.com\/da\/wp-json\/wp\/v2\/comments?post=20132"}],"wp:featuredmedia":[{"embeddable":true,"href":"https:\/\/arcticexcursions.com\/da\/wp-json\/wp\/v2\/media\/32107"}],"wp:attachment":[{"href":"https:\/\/arcticexcursions.com\/da\/wp-json\/wp\/v2\/media?parent=20132"}],"wp:term":[{"taxonomy":"product_brand","embeddable":true,"href":"https:\/\/arcticexcursions.com\/da\/wp-json\/wp\/v2\/product_brand?post=20132"},{"taxonomy":"product_cat","embeddable":true,"href":"https:\/\/arcticexcursions.com\/da\/wp-json\/wp\/v2\/product_cat?post=20132"},{"taxonomy":"product_tag","embeddable":true,"href":"https:\/\/arcticexcursions.com\/da\/wp-json\/wp\/v2\/product_tag?post=20132"}],"curies":[{"name":"wp","href":"https:\/\/api.w.org\/{rel}","templated":true}]}}