{"id":20134,"date":"2023-09-12T14:10:16","date_gmt":"2023-09-12T12:10:16","guid":{"rendered":"https:\/\/arcticexcursions.com\/?post_type=product&#038;p=20134"},"modified":"2025-04-13T13:03:38","modified_gmt":"2025-04-13T11:03:38","slug":"hiking-on-the-inland-ice-point-660","status":"publish","type":"product","link":"https:\/\/arcticexcursions.com\/da\/udflugter\/hiking-on-the-inland-ice-point-660\/","title":{"rendered":"Vandring p\u00e5 indlandsisen &#8211; Punkt 660"},"content":{"rendered":"<p>Tag med os p\u00e5 denne rejse, og g\u00e5 ombord p\u00e5 isen, der har v\u00e6ret frosset i tusind \u00e5r, til et eventyr, du kun oplever \u00e9n gang i livet. Et milj\u00f8, der for nogle kan virke statisk, men som faktisk udvikler sig dagligt.<\/p>\n<p>Langs den gr\u00f8nlandske kyst kan man se den massive is flere steder. N\u00e5r du g\u00e5r p\u00e5 isen, som har en tykkelse p\u00e5 mere end tre kilometer, breder der sig en voldsom kulde under dig. En enest\u00e5ende og fantastisk oplevelse er at rejse ud p\u00e5 den spektakul\u00e6re indlandsis.<\/p>\n<p>Langs den gr\u00f8nlandske kyst kan man se den massive is flere steder. N\u00e5r man g\u00e5r p\u00e5 isen, som har en tykkelse p\u00e5 mere end tre kilometer, m\u00e6rker man en st\u00e6rk kulde under sig. Det er en enest\u00e5ende og fantastisk oplevelse at rejse ud p\u00e5 den spektakul\u00e6re indlandsis.<\/p>\n<p>Vi f\u00f8lger den langstrakte Sandflugtsdal og den smukt brusende smeltevandsflod, mens vi n\u00e6rmer os punkt 660. Kangerlussuaq golfbane er det f\u00f8rste landem\u00e6rke, vi passerer, efterfulgt af en lille n\u00e5leskov og den 400 meter h\u00f8je klippeformation Sukkertoppen, der har form som en kegle.<\/p>\n<p>Ruten g\u00e5r derefter gennem et landskab med skiftende s\u00f8er, frodige fjeldheder og t\u00e6tte pilekrat, som kortvarigt afl\u00f8ses af store str\u00e6kninger med t\u00f8rre sandklitter og n\u00f8gne fjelde.<br \/>\nDette er kendt som et moderat landskab med en ret forskelligartet flora i Gr\u00f8nland. <\/p>\n<p>P\u00e5 trods af det t\u00f8rre klima er der stadig en del s\u00f8er. Det skyldes, at permafrosten forhindrer vandet i at blive trukket ned i undergrunden. Saltvandss\u00f8er, som ligner \u00f8rkens\u00f8er, opst\u00e5r ogs\u00e5 p\u00e5 grund af det t\u00f8rre klima.<\/p>\n<p>Vi k\u00f8rer en omvej og klatrer op ad bakkerne mod Point 660 et par kilometer, f\u00f8r vi n\u00e5r Russell-gletsjeren, indlandsisens fjerneste fremspring. Et af de mest uds\u00f8gte islandskaber findes i Gr\u00f8nland. <\/p>\n<p>Den spektakul\u00e6re indlandsis, der dominerer baggrunden, og endel\u00f8se r\u00e6kker af gletsjerudl\u00f8b, b\u00e5de mod nord og syd, hilser dig velkommen p\u00e5 dette sted. Vi parkerer vores bil ved iskanten og forts\u00e6tter ind p\u00e5 selve indlandsisen.<\/p>\n<p><b>Bem\u00e6rk:<\/b> P\u00e5 turen skal du selv forcere et par af de isbakker, der er dannet naturligt. Silt og mor\u00e6negrus vil delvist d\u00e6kke disse. Du b\u00f8r blive informeret om, at der er forberedt en sti, men bare rolig, din guide har vandrestave og pigge med. Stien kan ogs\u00e5 v\u00e6re glat nogle steder.<\/p>\n<p><b>Varighed:<\/b> 3 timer<\/p>\n","protected":false},"excerpt":{"rendered":"<p>Tag med os p\u00e5 den gr\u00f8nlandske indlandsis<\/p>\n","protected":false},"featured_media":32113,"comment_status":"open","ping_status":"closed","template":"","meta":{"_acf_changed":false},"product_brand":[],"product_cat":[101,170],"product_tag":[],"class_list":{"0":"post-20134","1":"product","2":"type-product","3":"status-publish","4":"has-post-thumbnail","6":"product_cat-tour","7":"product_cat-udflugt","8":"pa_dato-888","9":"pa_dato-876","10":"pa_dato-1078","11":"pa_dato-879","12":"pa_dato-1079","13":"pa_dato-1115","14":"pa_dato-900","15":"pa_dato-1063","16":"pa_dato-912","17":"pa_dato-963","18":"pa_dato-966","19":"pa_dato-1009","20":"pa_dato-6014","21":"pa_dato-1361","22":"pa_tidspunkt-40","23":"pa_tidspunkt-177","24":"tour_location-kangerlussuaq-da","25":"tour_type-vandreture","26":"tour_type-outdoor-da","27":"tour_tickettype-arctic_excursions","28":"tour_operator-arctic-ice-tours","30":"first","31":"outofstock","32":"shipping-taxable","33":"product-type-variable"},"acf":[],"yoast_head":"<!-- This site is optimized with the Yoast SEO plugin v23.6 - https:\/\/yoast.com\/wordpress\/plugins\/seo\/ -->\n<title>Arctic Excursions<\/title>\n<meta name=\"robots\" content=\"index, follow, max-snippet:-1, max-image-preview:large, max-video-preview:-1\" \/>\n<link rel=\"canonical\" href=\"https:\/\/arcticexcursions.com\/da\/udflugter\/hiking-on-the-inland-ice-point-660\/\" \/>\n<meta property=\"og:locale\" content=\"da_DK\" \/>\n<meta property=\"og:type\" content=\"article\" \/>\n<meta property=\"og:title\" content=\"Vandring p\u00e5 indlandsisen - Punkt 660 - Arctic Excursions\" \/>\n<meta property=\"og:description\" content=\"Tag med os p\u00e5 den gr\u00f8nlandske indlandsis\" \/>\n<meta property=\"og:url\" content=\"https:\/\/arcticexcursions.com\/da\/udflugter\/hiking-on-the-inland-ice-point-660\/\" \/>\n<meta property=\"og:site_name\" content=\"Arctic Excursions\" \/>\n<meta property=\"article:modified_time\" content=\"2025-04-13T11:03:38+00:00\" \/>\n<meta property=\"og:image\" content=\"https:\/\/arcticexcursions.com\/wp-content\/uploads\/2024\/02\/FB315E0E-D79A-4C00-8DCF-F727679D429B-scaled.jpg\" \/>\n\t<meta property=\"og:image:width\" content=\"2560\" \/>\n\t<meta property=\"og:image:height\" content=\"1709\" \/>\n\t<meta property=\"og:image:type\" content=\"image\/jpeg\" \/>\n<meta name=\"twitter:card\" content=\"summary_large_image\" \/>\n<meta name=\"twitter:label1\" content=\"Estimeret l\u00e6setid\" \/>\n\t<meta name=\"twitter:data1\" content=\"2 minutter\" \/>\n<script type=\"application\/ld+json\" class=\"yoast-schema-graph\">{\"@context\":\"https:\/\/schema.org\",\"@graph\":[{\"@type\":\"WebPage\",\"@id\":\"https:\/\/arcticexcursions.com\/da\/udflugter\/hiking-on-the-inland-ice-point-660\/\",\"url\":\"https:\/\/arcticexcursions.com\/da\/udflugter\/hiking-on-the-inland-ice-point-660\/\",\"name\":\"Vandring p\u00e5 indlandsisen - Punkt 660 - Arctic Excursions\",\"isPartOf\":{\"@id\":\"https:\/\/arcticexcursions.com\/#website\"},\"primaryImageOfPage\":{\"@id\":\"https:\/\/arcticexcursions.com\/da\/udflugter\/hiking-on-the-inland-ice-point-660\/#primaryimage\"},\"image\":{\"@id\":\"https:\/\/arcticexcursions.com\/da\/udflugter\/hiking-on-the-inland-ice-point-660\/#primaryimage\"},\"thumbnailUrl\":\"https:\/\/arcticexcursions.com\/wp-content\/uploads\/2024\/02\/FB315E0E-D79A-4C00-8DCF-F727679D429B-scaled.jpg\",\"datePublished\":\"2023-09-12T12:10:16+00:00\",\"dateModified\":\"2025-04-13T11:03:38+00:00\",\"breadcrumb\":{\"@id\":\"https:\/\/arcticexcursions.com\/da\/udflugter\/hiking-on-the-inland-ice-point-660\/#breadcrumb\"},\"inLanguage\":\"da-DK\",\"potentialAction\":[{\"@type\":\"ReadAction\",\"target\":[\"https:\/\/arcticexcursions.com\/da\/udflugter\/hiking-on-the-inland-ice-point-660\/\"]}]},{\"@type\":\"ImageObject\",\"inLanguage\":\"da-DK\",\"@id\":\"https:\/\/arcticexcursions.com\/da\/udflugter\/hiking-on-the-inland-ice-point-660\/#primaryimage\",\"url\":\"https:\/\/arcticexcursions.com\/wp-content\/uploads\/2024\/02\/FB315E0E-D79A-4C00-8DCF-F727679D429B-scaled.jpg\",\"contentUrl\":\"https:\/\/arcticexcursions.com\/wp-content\/uploads\/2024\/02\/FB315E0E-D79A-4C00-8DCF-F727679D429B-scaled.jpg\",\"width\":2560,\"height\":1709},{\"@type\":\"BreadcrumbList\",\"@id\":\"https:\/\/arcticexcursions.com\/da\/udflugter\/hiking-on-the-inland-ice-point-660\/#breadcrumb\",\"itemListElement\":[{\"@type\":\"ListItem\",\"position\":1,\"name\":\"Home\",\"item\":\"https:\/\/arcticexcursions.com\/da\/\"},{\"@type\":\"ListItem\",\"position\":2,\"name\":\"Udflugter i Gr\u00f8nland\",\"item\":\"https:\/\/arcticexcursions.com\/da\/udflugter\/\"},{\"@type\":\"ListItem\",\"position\":3,\"name\":\"Vandring p\u00e5 indlandsisen &#8211; Punkt 660\"}]},{\"@type\":\"WebSite\",\"@id\":\"https:\/\/arcticexcursions.com\/#website\",\"url\":\"https:\/\/arcticexcursions.com\/\",\"name\":\"Arctic Excursions\",\"description\":\"New adventures. Every day.\",\"publisher\":{\"@id\":\"https:\/\/arcticexcursions.com\/#organization\"},\"potentialAction\":[{\"@type\":\"SearchAction\",\"target\":{\"@type\":\"EntryPoint\",\"urlTemplate\":\"https:\/\/arcticexcursions.com\/?s={search_term_string}\"},\"query-input\":{\"@type\":\"PropertyValueSpecification\",\"valueRequired\":true,\"valueName\":\"search_term_string\"}}],\"inLanguage\":\"da-DK\"},{\"@type\":\"Organization\",\"@id\":\"https:\/\/arcticexcursions.com\/#organization\",\"name\":\"Arctic Excursions\",\"url\":\"https:\/\/arcticexcursions.com\/\",\"logo\":{\"@type\":\"ImageObject\",\"inLanguage\":\"da-DK\",\"@id\":\"https:\/\/arcticexcursions.com\/#\/schema\/logo\/image\/\",\"url\":\"https:\/\/arcticexcursions.com\/wp-content\/uploads\/2022\/11\/fb-logo.png\",\"contentUrl\":\"https:\/\/arcticexcursions.com\/wp-content\/uploads\/2022\/11\/fb-logo.png\",\"width\":523,\"height\":523,\"caption\":\"Arctic Excursions\"},\"image\":{\"@id\":\"https:\/\/arcticexcursions.com\/#\/schema\/logo\/image\/\"}}]}<\/script>\n<!-- \/ Yoast SEO plugin. -->","yoast_head_json":{"title":"Arctic Excursions","robots":{"index":"index","follow":"follow","max-snippet":"max-snippet:-1","max-image-preview":"max-image-preview:large","max-video-preview":"max-video-preview:-1"},"canonical":"https:\/\/arcticexcursions.com\/da\/udflugter\/hiking-on-the-inland-ice-point-660\/","og_locale":"da_DK","og_type":"article","og_title":"Vandring p\u00e5 indlandsisen - Punkt 660 - Arctic Excursions","og_description":"Tag med os p\u00e5 den gr\u00f8nlandske indlandsis","og_url":"https:\/\/arcticexcursions.com\/da\/udflugter\/hiking-on-the-inland-ice-point-660\/","og_site_name":"Arctic Excursions","article_modified_time":"2025-04-13T11:03:38+00:00","og_image":[{"width":2560,"height":1709,"url":"https:\/\/arcticexcursions.com\/wp-content\/uploads\/2024\/02\/FB315E0E-D79A-4C00-8DCF-F727679D429B-scaled.jpg","type":"image\/jpeg"}],"twitter_card":"summary_large_image","twitter_misc":{"Estimeret l\u00e6setid":"2 minutter"},"schema":{"@context":"https:\/\/schema.org","@graph":[{"@type":"WebPage","@id":"https:\/\/arcticexcursions.com\/da\/udflugter\/hiking-on-the-inland-ice-point-660\/","url":"https:\/\/arcticexcursions.com\/da\/udflugter\/hiking-on-the-inland-ice-point-660\/","name":"Vandring p\u00e5 indlandsisen - Punkt 660 - Arctic Excursions","isPartOf":{"@id":"https:\/\/arcticexcursions.com\/#website"},"primaryImageOfPage":{"@id":"https:\/\/arcticexcursions.com\/da\/udflugter\/hiking-on-the-inland-ice-point-660\/#primaryimage"},"image":{"@id":"https:\/\/arcticexcursions.com\/da\/udflugter\/hiking-on-the-inland-ice-point-660\/#primaryimage"},"thumbnailUrl":"https:\/\/arcticexcursions.com\/wp-content\/uploads\/2024\/02\/FB315E0E-D79A-4C00-8DCF-F727679D429B-scaled.jpg","datePublished":"2023-09-12T12:10:16+00:00","dateModified":"2025-04-13T11:03:38+00:00","breadcrumb":{"@id":"https:\/\/arcticexcursions.com\/da\/udflugter\/hiking-on-the-inland-ice-point-660\/#breadcrumb"},"inLanguage":"da-DK","potentialAction":[{"@type":"ReadAction","target":["https:\/\/arcticexcursions.com\/da\/udflugter\/hiking-on-the-inland-ice-point-660\/"]}]},{"@type":"ImageObject","inLanguage":"da-DK","@id":"https:\/\/arcticexcursions.com\/da\/udflugter\/hiking-on-the-inland-ice-point-660\/#primaryimage","url":"https:\/\/arcticexcursions.com\/wp-content\/uploads\/2024\/02\/FB315E0E-D79A-4C00-8DCF-F727679D429B-scaled.jpg","contentUrl":"https:\/\/arcticexcursions.com\/wp-content\/uploads\/2024\/02\/FB315E0E-D79A-4C00-8DCF-F727679D429B-scaled.jpg","width":2560,"height":1709},{"@type":"BreadcrumbList","@id":"https:\/\/arcticexcursions.com\/da\/udflugter\/hiking-on-the-inland-ice-point-660\/#breadcrumb","itemListElement":[{"@type":"ListItem","position":1,"name":"Home","item":"https:\/\/arcticexcursions.com\/da\/"},{"@type":"ListItem","position":2,"name":"Udflugter i Gr\u00f8nland","item":"https:\/\/arcticexcursions.com\/da\/udflugter\/"},{"@type":"ListItem","position":3,"name":"Vandring p\u00e5 indlandsisen &#8211; Punkt 660"}]},{"@type":"WebSite","@id":"https:\/\/arcticexcursions.com\/#website","url":"https:\/\/arcticexcursions.com\/","name":"Arctic Excursions","description":"New adventures. Every day.","publisher":{"@id":"https:\/\/arcticexcursions.com\/#organization"},"potentialAction":[{"@type":"SearchAction","target":{"@type":"EntryPoint","urlTemplate":"https:\/\/arcticexcursions.com\/?s={search_term_string}"},"query-input":{"@type":"PropertyValueSpecification","valueRequired":true,"valueName":"search_term_string"}}],"inLanguage":"da-DK"},{"@type":"Organization","@id":"https:\/\/arcticexcursions.com\/#organization","name":"Arctic Excursions","url":"https:\/\/arcticexcursions.com\/","logo":{"@type":"ImageObject","inLanguage":"da-DK","@id":"https:\/\/arcticexcursions.com\/#\/schema\/logo\/image\/","url":"https:\/\/arcticexcursions.com\/wp-content\/uploads\/2022\/11\/fb-logo.png","contentUrl":"https:\/\/arcticexcursions.com\/wp-content\/uploads\/2022\/11\/fb-logo.png","width":523,"height":523,"caption":"Arctic Excursions"},"image":{"@id":"https:\/\/arcticexcursions.com\/#\/schema\/logo\/image\/"}}]}},"_links":{"self":[{"href":"https:\/\/arcticexcursions.com\/da\/wp-json\/wp\/v2\/product\/20134"}],"collection":[{"href":"https:\/\/arcticexcursions.com\/da\/wp-json\/wp\/v2\/product"}],"about":[{"href":"https:\/\/arcticexcursions.com\/da\/wp-json\/wp\/v2\/types\/product"}],"replies":[{"embeddable":true,"href":"https:\/\/arcticexcursions.com\/da\/wp-json\/wp\/v2\/comments?post=20134"}],"wp:featuredmedia":[{"embeddable":true,"href":"https:\/\/arcticexcursions.com\/da\/wp-json\/wp\/v2\/media\/32113"}],"wp:attachment":[{"href":"https:\/\/arcticexcursions.com\/da\/wp-json\/wp\/v2\/media?parent=20134"}],"wp:term":[{"taxonomy":"product_brand","embeddable":true,"href":"https:\/\/arcticexcursions.com\/da\/wp-json\/wp\/v2\/product_brand?post=20134"},{"taxonomy":"product_cat","embeddable":true,"href":"https:\/\/arcticexcursions.com\/da\/wp-json\/wp\/v2\/product_cat?post=20134"},{"taxonomy":"product_tag","embeddable":true,"href":"https:\/\/arcticexcursions.com\/da\/wp-json\/wp\/v2\/product_tag?post=20134"}],"curies":[{"name":"wp","href":"https:\/\/api.w.org\/{rel}","templated":true}]}}