{"id":20167,"date":"2023-09-28T14:36:02","date_gmt":"2023-09-28T12:36:02","guid":{"rendered":"https:\/\/arcticexcursions.com\/?post_type=product&#038;p=20167"},"modified":"2026-04-13T13:13:32","modified_gmt":"2026-04-13T11:13:32","slug":"snowmobiling-frozen-fjord","status":"publish","type":"product","link":"https:\/\/arcticexcursions.com\/da\/udflugter\/snowmobiling-frozen-fjord\/","title":{"rendered":"Snescooterk\u00f8rsel\/ATV p\u00e5 tracks ved frossen fjord"},"content":{"rendered":"<p>Dit eventyr begynder med en sp\u00e6ndende snescootertur\/ATV, der varer ca. 1 time og 30 minutter og stiger til en h\u00f8jde p\u00e5 omkring 300 meter. Fra dette udsigtspunkt kan du p\u00e5 solrige dage nyde en klar udsigt over den storsl\u00e5ede &#8220;Dead Glacier&#8221;. N\u00e5r du n\u00e6rmer dig fjorden, efterlader du snescooterne\/ATV og begiver dig ud p\u00e5 en fortryllende g\u00e5tur p\u00e5 en time p\u00e5 tv\u00e6rs af fjordens frosne vidder. <\/p>\n<p>Her vil du st\u00f8de p\u00e5 isbjerge, der er fanget i havisen, hvilket giver et intimt og fascinerende m\u00f8de. L\u00e6r de h\u00e5rdtarbejdende sl\u00e6dehunde at kende, som er ansvarlige for at fragte fisk fra fjorden til byen, og udforsk hytterne, hvor fiskerne tilbringer deres n\u00e6tter, f\u00f8r de begiver sig ud p\u00e5 den frosne fjord p\u00e5 deres iskolde fiskeekspeditioner. Under hele turen kan du nyde varme drikke og l\u00e6kre sm\u00e5kager, som g\u00f8r din rejse mere behagelig og behagelig.<\/p>\n<p>Efter turen vender du tilbage til snescooterne\/ATV og k\u00f8rer tilbage til byen, hvor du har mulighed for at se Ilulissat fra en imponerende h\u00f8jde p\u00e5 200 meter, hvis vejret tillader det.<\/p>\n<p><b>Varighed:<\/b> Cirka 4 timer<\/p>\n<p><b>Deltagere:<\/b> Bem\u00e6rk venligst, at udflugten kun gennemf\u00f8res, hvis der er mindst 2 bookede billetter i alt. Hvis du for eksempel booker 1 billetter, skal der s\u00e6lges mindst 1 yderligere billetter til andre kunder, f\u00f8r turen kan finde sted. Der vil deltage maksimalt 4 personer. <\/p>\n<p><b>Sprog:<\/b> Guiden taler dansk og engelsk.<\/p>\n<p><b>Type af tur:<\/b> Guiden k\u00f8rer snescooteren\/ATV. Deltagerne er passagerer eller k\u00f8rer. <\/p>\n<p><b>Forplejning:<\/b> Kaffe og te serveres <\/p>\n<p><b>Anbefalet p\u00e5kl\u00e6dning:<\/b> Varmt t\u00f8j inkl. hue og handsker. Hjelm og varm dragt inkluderet. <\/p>\n<p>Rejs tilbage i tiden, og nyd den tidl\u00f8se sk\u00f8nhed i Gr\u00f8nlands Isfjord med Greenland Backcountry. Bestil din tur i dag og skab minder, der vil vare hele livet!<\/p>\n","protected":false},"excerpt":{"rendered":"<p>Snescooter\/ATV udforskning af UNESCO-isfjorden &#8211; en rejse gennem tiden!<\/p>\n","protected":false},"featured_media":20077,"comment_status":"open","ping_status":"closed","template":"","meta":{"_acf_changed":false},"product_brand":[],"product_cat":[101,170],"product_tag":[],"class_list":{"0":"post-20167","1":"product","2":"type-product","3":"status-publish","4":"has-post-thumbnail","6":"product_cat-tour","7":"product_cat-udflugt","8":"pa_dato-811","9":"pa_dato-812","10":"pa_dato-813","11":"pa_dato-929","12":"pa_dato-885","13":"pa_dato-930","14":"pa_dato-1319","15":"pa_dato-1267","16":"pa_dato-1352","17":"pa_dato-1353","18":"pa_dato-1372","19":"pa_dato-1354","20":"pa_dato-5989","21":"pa_dato-6214","22":"pa_dato-6118","23":"pa_dato-6265","24":"pa_dato-6377","25":"pa_dato-6217","26":"pa_dato-6300","27":"pa_tidspunkt-40","28":"pa_tidspunkt-314","29":"pa_tidspunkt-308","30":"tour_location-ilulissat-da","31":"tour_type-snescooter","32":"tour_tickettype-arctic_excursions","33":"tour_operator-greenland-backcountry","35":"first","36":"instock","37":"shipping-taxable","38":"purchasable","39":"product-type-variable"},"acf":[],"yoast_head":"<!-- This site is optimized with the Yoast SEO plugin v23.6 - https:\/\/yoast.com\/wordpress\/plugins\/seo\/ -->\n<title>Arctic Excursions<\/title>\n<meta name=\"robots\" content=\"index, follow, max-snippet:-1, max-image-preview:large, max-video-preview:-1\" \/>\n<link rel=\"canonical\" href=\"https:\/\/arcticexcursions.com\/da\/udflugter\/snowmobiling-frozen-fjord\/\" \/>\n<meta property=\"og:locale\" content=\"da_DK\" \/>\n<meta property=\"og:type\" content=\"article\" \/>\n<meta property=\"og:title\" content=\"Snescooterk\u00f8rsel\/ATV p\u00e5 tracks ved frossen fjord - Arctic Excursions\" \/>\n<meta property=\"og:description\" content=\"Snescooter\/ATV udforskning af UNESCO-isfjorden - en rejse gennem tiden!\" \/>\n<meta property=\"og:url\" content=\"https:\/\/arcticexcursions.com\/da\/udflugter\/snowmobiling-frozen-fjord\/\" \/>\n<meta property=\"og:site_name\" content=\"Arctic Excursions\" \/>\n<meta property=\"article:modified_time\" content=\"2026-04-13T11:13:32+00:00\" \/>\n<meta property=\"og:image\" content=\"https:\/\/arcticexcursions.com\/wp-content\/uploads\/2023\/09\/IMG_8878-copy-scaled.jpg\" \/>\n\t<meta property=\"og:image:width\" content=\"2560\" \/>\n\t<meta property=\"og:image:height\" content=\"1440\" \/>\n\t<meta property=\"og:image:type\" content=\"image\/jpeg\" \/>\n<meta name=\"twitter:card\" content=\"summary_large_image\" \/>\n<meta name=\"twitter:label1\" content=\"Estimeret l\u00e6setid\" \/>\n\t<meta name=\"twitter:data1\" content=\"2 minutter\" \/>\n<script type=\"application\/ld+json\" class=\"yoast-schema-graph\">{\"@context\":\"https:\/\/schema.org\",\"@graph\":[{\"@type\":\"WebPage\",\"@id\":\"https:\/\/arcticexcursions.com\/da\/udflugter\/snowmobiling-frozen-fjord\/\",\"url\":\"https:\/\/arcticexcursions.com\/da\/udflugter\/snowmobiling-frozen-fjord\/\",\"name\":\"Snescooterk\u00f8rsel\/ATV p\u00e5 tracks ved frossen fjord - Arctic Excursions\",\"isPartOf\":{\"@id\":\"https:\/\/arcticexcursions.com\/#website\"},\"primaryImageOfPage\":{\"@id\":\"https:\/\/arcticexcursions.com\/da\/udflugter\/snowmobiling-frozen-fjord\/#primaryimage\"},\"image\":{\"@id\":\"https:\/\/arcticexcursions.com\/da\/udflugter\/snowmobiling-frozen-fjord\/#primaryimage\"},\"thumbnailUrl\":\"https:\/\/arcticexcursions.com\/wp-content\/uploads\/2023\/09\/IMG_8878-copy-scaled.jpg\",\"datePublished\":\"2023-09-28T12:36:02+00:00\",\"dateModified\":\"2026-04-13T11:13:32+00:00\",\"breadcrumb\":{\"@id\":\"https:\/\/arcticexcursions.com\/da\/udflugter\/snowmobiling-frozen-fjord\/#breadcrumb\"},\"inLanguage\":\"da-DK\",\"potentialAction\":[{\"@type\":\"ReadAction\",\"target\":[\"https:\/\/arcticexcursions.com\/da\/udflugter\/snowmobiling-frozen-fjord\/\"]}]},{\"@type\":\"ImageObject\",\"inLanguage\":\"da-DK\",\"@id\":\"https:\/\/arcticexcursions.com\/da\/udflugter\/snowmobiling-frozen-fjord\/#primaryimage\",\"url\":\"https:\/\/arcticexcursions.com\/wp-content\/uploads\/2023\/09\/IMG_8878-copy-scaled.jpg\",\"contentUrl\":\"https:\/\/arcticexcursions.com\/wp-content\/uploads\/2023\/09\/IMG_8878-copy-scaled.jpg\",\"width\":2560,\"height\":1440},{\"@type\":\"BreadcrumbList\",\"@id\":\"https:\/\/arcticexcursions.com\/da\/udflugter\/snowmobiling-frozen-fjord\/#breadcrumb\",\"itemListElement\":[{\"@type\":\"ListItem\",\"position\":1,\"name\":\"Home\",\"item\":\"https:\/\/arcticexcursions.com\/da\/\"},{\"@type\":\"ListItem\",\"position\":2,\"name\":\"Udflugter i Gr\u00f8nland\",\"item\":\"https:\/\/arcticexcursions.com\/da\/udflugter\/\"},{\"@type\":\"ListItem\",\"position\":3,\"name\":\"Snescooterk\u00f8rsel\/ATV p\u00e5 tracks ved frossen fjord\"}]},{\"@type\":\"WebSite\",\"@id\":\"https:\/\/arcticexcursions.com\/#website\",\"url\":\"https:\/\/arcticexcursions.com\/\",\"name\":\"Arctic Excursions\",\"description\":\"New adventures. Every day.\",\"publisher\":{\"@id\":\"https:\/\/arcticexcursions.com\/#organization\"},\"potentialAction\":[{\"@type\":\"SearchAction\",\"target\":{\"@type\":\"EntryPoint\",\"urlTemplate\":\"https:\/\/arcticexcursions.com\/?s={search_term_string}\"},\"query-input\":{\"@type\":\"PropertyValueSpecification\",\"valueRequired\":true,\"valueName\":\"search_term_string\"}}],\"inLanguage\":\"da-DK\"},{\"@type\":\"Organization\",\"@id\":\"https:\/\/arcticexcursions.com\/#organization\",\"name\":\"Arctic Excursions\",\"url\":\"https:\/\/arcticexcursions.com\/\",\"logo\":{\"@type\":\"ImageObject\",\"inLanguage\":\"da-DK\",\"@id\":\"https:\/\/arcticexcursions.com\/#\/schema\/logo\/image\/\",\"url\":\"https:\/\/arcticexcursions.com\/wp-content\/uploads\/2022\/11\/fb-logo.png\",\"contentUrl\":\"https:\/\/arcticexcursions.com\/wp-content\/uploads\/2022\/11\/fb-logo.png\",\"width\":523,\"height\":523,\"caption\":\"Arctic Excursions\"},\"image\":{\"@id\":\"https:\/\/arcticexcursions.com\/#\/schema\/logo\/image\/\"}}]}<\/script>\n<!-- \/ Yoast SEO plugin. -->","yoast_head_json":{"title":"Arctic Excursions","robots":{"index":"index","follow":"follow","max-snippet":"max-snippet:-1","max-image-preview":"max-image-preview:large","max-video-preview":"max-video-preview:-1"},"canonical":"https:\/\/arcticexcursions.com\/da\/udflugter\/snowmobiling-frozen-fjord\/","og_locale":"da_DK","og_type":"article","og_title":"Snescooterk\u00f8rsel\/ATV p\u00e5 tracks ved frossen fjord - Arctic Excursions","og_description":"Snescooter\/ATV udforskning af UNESCO-isfjorden - en rejse gennem tiden!","og_url":"https:\/\/arcticexcursions.com\/da\/udflugter\/snowmobiling-frozen-fjord\/","og_site_name":"Arctic Excursions","article_modified_time":"2026-04-13T11:13:32+00:00","og_image":[{"width":2560,"height":1440,"url":"https:\/\/arcticexcursions.com\/wp-content\/uploads\/2023\/09\/IMG_8878-copy-scaled.jpg","type":"image\/jpeg"}],"twitter_card":"summary_large_image","twitter_misc":{"Estimeret l\u00e6setid":"2 minutter"},"schema":{"@context":"https:\/\/schema.org","@graph":[{"@type":"WebPage","@id":"https:\/\/arcticexcursions.com\/da\/udflugter\/snowmobiling-frozen-fjord\/","url":"https:\/\/arcticexcursions.com\/da\/udflugter\/snowmobiling-frozen-fjord\/","name":"Snescooterk\u00f8rsel\/ATV p\u00e5 tracks ved frossen fjord - Arctic Excursions","isPartOf":{"@id":"https:\/\/arcticexcursions.com\/#website"},"primaryImageOfPage":{"@id":"https:\/\/arcticexcursions.com\/da\/udflugter\/snowmobiling-frozen-fjord\/#primaryimage"},"image":{"@id":"https:\/\/arcticexcursions.com\/da\/udflugter\/snowmobiling-frozen-fjord\/#primaryimage"},"thumbnailUrl":"https:\/\/arcticexcursions.com\/wp-content\/uploads\/2023\/09\/IMG_8878-copy-scaled.jpg","datePublished":"2023-09-28T12:36:02+00:00","dateModified":"2026-04-13T11:13:32+00:00","breadcrumb":{"@id":"https:\/\/arcticexcursions.com\/da\/udflugter\/snowmobiling-frozen-fjord\/#breadcrumb"},"inLanguage":"da-DK","potentialAction":[{"@type":"ReadAction","target":["https:\/\/arcticexcursions.com\/da\/udflugter\/snowmobiling-frozen-fjord\/"]}]},{"@type":"ImageObject","inLanguage":"da-DK","@id":"https:\/\/arcticexcursions.com\/da\/udflugter\/snowmobiling-frozen-fjord\/#primaryimage","url":"https:\/\/arcticexcursions.com\/wp-content\/uploads\/2023\/09\/IMG_8878-copy-scaled.jpg","contentUrl":"https:\/\/arcticexcursions.com\/wp-content\/uploads\/2023\/09\/IMG_8878-copy-scaled.jpg","width":2560,"height":1440},{"@type":"BreadcrumbList","@id":"https:\/\/arcticexcursions.com\/da\/udflugter\/snowmobiling-frozen-fjord\/#breadcrumb","itemListElement":[{"@type":"ListItem","position":1,"name":"Home","item":"https:\/\/arcticexcursions.com\/da\/"},{"@type":"ListItem","position":2,"name":"Udflugter i Gr\u00f8nland","item":"https:\/\/arcticexcursions.com\/da\/udflugter\/"},{"@type":"ListItem","position":3,"name":"Snescooterk\u00f8rsel\/ATV p\u00e5 tracks ved frossen fjord"}]},{"@type":"WebSite","@id":"https:\/\/arcticexcursions.com\/#website","url":"https:\/\/arcticexcursions.com\/","name":"Arctic Excursions","description":"New adventures. Every day.","publisher":{"@id":"https:\/\/arcticexcursions.com\/#organization"},"potentialAction":[{"@type":"SearchAction","target":{"@type":"EntryPoint","urlTemplate":"https:\/\/arcticexcursions.com\/?s={search_term_string}"},"query-input":{"@type":"PropertyValueSpecification","valueRequired":true,"valueName":"search_term_string"}}],"inLanguage":"da-DK"},{"@type":"Organization","@id":"https:\/\/arcticexcursions.com\/#organization","name":"Arctic Excursions","url":"https:\/\/arcticexcursions.com\/","logo":{"@type":"ImageObject","inLanguage":"da-DK","@id":"https:\/\/arcticexcursions.com\/#\/schema\/logo\/image\/","url":"https:\/\/arcticexcursions.com\/wp-content\/uploads\/2022\/11\/fb-logo.png","contentUrl":"https:\/\/arcticexcursions.com\/wp-content\/uploads\/2022\/11\/fb-logo.png","width":523,"height":523,"caption":"Arctic Excursions"},"image":{"@id":"https:\/\/arcticexcursions.com\/#\/schema\/logo\/image\/"}}]}},"_links":{"self":[{"href":"https:\/\/arcticexcursions.com\/da\/wp-json\/wp\/v2\/product\/20167"}],"collection":[{"href":"https:\/\/arcticexcursions.com\/da\/wp-json\/wp\/v2\/product"}],"about":[{"href":"https:\/\/arcticexcursions.com\/da\/wp-json\/wp\/v2\/types\/product"}],"replies":[{"embeddable":true,"href":"https:\/\/arcticexcursions.com\/da\/wp-json\/wp\/v2\/comments?post=20167"}],"wp:featuredmedia":[{"embeddable":true,"href":"https:\/\/arcticexcursions.com\/da\/wp-json\/wp\/v2\/media\/20077"}],"wp:attachment":[{"href":"https:\/\/arcticexcursions.com\/da\/wp-json\/wp\/v2\/media?parent=20167"}],"wp:term":[{"taxonomy":"product_brand","embeddable":true,"href":"https:\/\/arcticexcursions.com\/da\/wp-json\/wp\/v2\/product_brand?post=20167"},{"taxonomy":"product_cat","embeddable":true,"href":"https:\/\/arcticexcursions.com\/da\/wp-json\/wp\/v2\/product_cat?post=20167"},{"taxonomy":"product_tag","embeddable":true,"href":"https:\/\/arcticexcursions.com\/da\/wp-json\/wp\/v2\/product_tag?post=20167"}],"curies":[{"name":"wp","href":"https:\/\/api.w.org\/{rel}","templated":true}]}}