{"id":20168,"date":"2023-09-02T12:26:37","date_gmt":"2023-09-02T10:26:37","guid":{"rendered":"https:\/\/arcticexcursions.com\/?post_type=product&#038;p=20168"},"modified":"2026-04-13T16:05:23","modified_gmt":"2026-04-13T14:05:23","slug":"snowmobiling-to-oqaatsut","status":"publish","type":"product","link":"https:\/\/arcticexcursions.com\/da\/udflugter\/snowmobiling-to-oqaatsut\/","title":{"rendered":"Snescooterk\u00f8rsel\/ATV p\u00e5 tracks til Oqaatsut"},"content":{"rendered":"<p>Din rejse begynder med en natursk\u00f8n k\u00f8retur forbi Ilulissats lufthavn, der til sidst f\u00f8rer dig ud i den store vildmark. Undervejs m\u00f8der du Bredebugt, hvor lokale inuitter fra Ilulissat har deres sommerhuse. Disse afsidesliggende boliger er et fredfyldt tilflugtssted, hvor man kan fordybe sig i naturen og nyde den betagende udsigt over Disco Bay.<\/p>\n<p>Hvis vejret tillader det, tager du p\u00e5 en sp\u00e6ndende snescootertur hen over havisens overflade. Skulle forholdene vise sig at v\u00e6re mindre gunstige, rejser du over land, krydser frosne s\u00f8er og navigerer i det fascinerende bjerglandskab. N\u00e5r du n\u00e5r frem til bygden Oqaatsut, f\u00e5r du mulighed for at udforske dette unikke kystsamfund og komme i kontakt med dets kultur og det pulserende liv i bygderne i Gr\u00f8nland.<\/p>\n<p><b>Varighed:<\/b> Cirka 4 timer<\/p>\n<p><b>Deltagere:<\/b> Bem\u00e6rk venligst, at udflugten kun gennemf\u00f8res, hvis der er mindst 4 bookede billetter i alt. Hvis du for eksempel booker 2 billetter, skal der s\u00e6lges mindst 2 yderligere billetter til andre kunder, f\u00f8r turen kan finde sted.<\/p>\n<p><b>Sprog:<\/b> Guiden taler dansk, engelsk.<\/p>\n<p><b>Type af tur:<\/b> Guiden k\u00f8rer snescooteren. Deltagerne er passagerer. <\/p>\n<p><b>Forplejning:<\/b> Kaffe og te serveres <\/p>\n<p><b>Anbefalet p\u00e5kl\u00e6dning:<\/b> Varmt t\u00f8j inkl. hue og handsker. Hjelm og varm dragt inkluderet. <\/p>\n<p>F\u00e5 mulighed for at dykke ned i det autentiske kystliv i den gr\u00f8nlandske bygd Oqaatsut. Book din ekspedition med Greenland Backcountry, og fordyb dig i den f\u00e6ngslende kultur i denne charmerende bygd, hvor havet, sneen og samfundet smelter sammen og skaber en enest\u00e5ende oplevelse.<\/p>\n","protected":false},"excerpt":{"rendered":"<p>Oplevelser i bygden Oqaatsut<\/p>\n","protected":false},"featured_media":20072,"comment_status":"open","ping_status":"closed","template":"","meta":{"_acf_changed":false},"product_brand":[],"product_cat":[101,170],"product_tag":[],"class_list":{"0":"post-20168","1":"product","2":"type-product","3":"status-publish","4":"has-post-thumbnail","6":"product_cat-tour","7":"product_cat-udflugt","8":"pa_dato-814","9":"pa_dato-903","10":"pa_dato-6288","11":"pa_dato-6319","12":"pa_dato-6117","13":"pa_dato-6377","14":"pa_dato-6217","15":"pa_dato-6426","16":"pa_tidspunkt-40","17":"pa_tidspunkt-177","18":"tour_location-ilulissat-da","19":"tour_type-snescooter","20":"tour_tickettype-arctic_excursions","21":"tour_operator-greenland-backcountry","23":"first","24":"instock","25":"shipping-taxable","26":"purchasable","27":"product-type-variable"},"acf":[],"yoast_head":"<!-- This site is optimized with the Yoast SEO plugin v23.6 - https:\/\/yoast.com\/wordpress\/plugins\/seo\/ -->\n<title>Arctic Excursions<\/title>\n<meta name=\"robots\" content=\"index, follow, max-snippet:-1, max-image-preview:large, max-video-preview:-1\" \/>\n<link rel=\"canonical\" href=\"https:\/\/arcticexcursions.com\/da\/udflugter\/snowmobiling-to-oqaatsut\/\" \/>\n<meta property=\"og:locale\" content=\"da_DK\" \/>\n<meta property=\"og:type\" content=\"article\" \/>\n<meta property=\"og:title\" content=\"Snescooterk\u00f8rsel\/ATV p\u00e5 tracks til Oqaatsut - Arctic Excursions\" \/>\n<meta property=\"og:description\" content=\"Oplevelser i bygden Oqaatsut\" \/>\n<meta property=\"og:url\" content=\"https:\/\/arcticexcursions.com\/da\/udflugter\/snowmobiling-to-oqaatsut\/\" \/>\n<meta property=\"og:site_name\" content=\"Arctic Excursions\" \/>\n<meta property=\"article:modified_time\" content=\"2026-04-13T14:05:23+00:00\" \/>\n<meta property=\"og:image\" content=\"https:\/\/arcticexcursions.com\/wp-content\/uploads\/2023\/09\/IMG_4942-Enhanced-NR-copy-scaled.jpg\" \/>\n\t<meta property=\"og:image:width\" content=\"2560\" \/>\n\t<meta property=\"og:image:height\" content=\"1440\" \/>\n\t<meta property=\"og:image:type\" content=\"image\/jpeg\" \/>\n<meta name=\"twitter:card\" content=\"summary_large_image\" \/>\n<meta name=\"twitter:label1\" content=\"Estimeret l\u00e6setid\" \/>\n\t<meta name=\"twitter:data1\" content=\"1 minut\" \/>\n<script type=\"application\/ld+json\" class=\"yoast-schema-graph\">{\"@context\":\"https:\/\/schema.org\",\"@graph\":[{\"@type\":\"WebPage\",\"@id\":\"https:\/\/arcticexcursions.com\/da\/udflugter\/snowmobiling-to-oqaatsut\/\",\"url\":\"https:\/\/arcticexcursions.com\/da\/udflugter\/snowmobiling-to-oqaatsut\/\",\"name\":\"Snescooterk\u00f8rsel\/ATV p\u00e5 tracks til Oqaatsut - Arctic Excursions\",\"isPartOf\":{\"@id\":\"https:\/\/arcticexcursions.com\/#website\"},\"primaryImageOfPage\":{\"@id\":\"https:\/\/arcticexcursions.com\/da\/udflugter\/snowmobiling-to-oqaatsut\/#primaryimage\"},\"image\":{\"@id\":\"https:\/\/arcticexcursions.com\/da\/udflugter\/snowmobiling-to-oqaatsut\/#primaryimage\"},\"thumbnailUrl\":\"https:\/\/arcticexcursions.com\/wp-content\/uploads\/2023\/09\/IMG_4942-Enhanced-NR-copy-scaled.jpg\",\"datePublished\":\"2023-09-02T10:26:37+00:00\",\"dateModified\":\"2026-04-13T14:05:23+00:00\",\"breadcrumb\":{\"@id\":\"https:\/\/arcticexcursions.com\/da\/udflugter\/snowmobiling-to-oqaatsut\/#breadcrumb\"},\"inLanguage\":\"da-DK\",\"potentialAction\":[{\"@type\":\"ReadAction\",\"target\":[\"https:\/\/arcticexcursions.com\/da\/udflugter\/snowmobiling-to-oqaatsut\/\"]}]},{\"@type\":\"ImageObject\",\"inLanguage\":\"da-DK\",\"@id\":\"https:\/\/arcticexcursions.com\/da\/udflugter\/snowmobiling-to-oqaatsut\/#primaryimage\",\"url\":\"https:\/\/arcticexcursions.com\/wp-content\/uploads\/2023\/09\/IMG_4942-Enhanced-NR-copy-scaled.jpg\",\"contentUrl\":\"https:\/\/arcticexcursions.com\/wp-content\/uploads\/2023\/09\/IMG_4942-Enhanced-NR-copy-scaled.jpg\",\"width\":2560,\"height\":1440},{\"@type\":\"BreadcrumbList\",\"@id\":\"https:\/\/arcticexcursions.com\/da\/udflugter\/snowmobiling-to-oqaatsut\/#breadcrumb\",\"itemListElement\":[{\"@type\":\"ListItem\",\"position\":1,\"name\":\"Home\",\"item\":\"https:\/\/arcticexcursions.com\/da\/\"},{\"@type\":\"ListItem\",\"position\":2,\"name\":\"Udflugter i Gr\u00f8nland\",\"item\":\"https:\/\/arcticexcursions.com\/da\/udflugter\/\"},{\"@type\":\"ListItem\",\"position\":3,\"name\":\"Snescooterk\u00f8rsel\/ATV p\u00e5 tracks til Oqaatsut\"}]},{\"@type\":\"WebSite\",\"@id\":\"https:\/\/arcticexcursions.com\/#website\",\"url\":\"https:\/\/arcticexcursions.com\/\",\"name\":\"Arctic Excursions\",\"description\":\"New adventures. Every day.\",\"publisher\":{\"@id\":\"https:\/\/arcticexcursions.com\/#organization\"},\"potentialAction\":[{\"@type\":\"SearchAction\",\"target\":{\"@type\":\"EntryPoint\",\"urlTemplate\":\"https:\/\/arcticexcursions.com\/?s={search_term_string}\"},\"query-input\":{\"@type\":\"PropertyValueSpecification\",\"valueRequired\":true,\"valueName\":\"search_term_string\"}}],\"inLanguage\":\"da-DK\"},{\"@type\":\"Organization\",\"@id\":\"https:\/\/arcticexcursions.com\/#organization\",\"name\":\"Arctic Excursions\",\"url\":\"https:\/\/arcticexcursions.com\/\",\"logo\":{\"@type\":\"ImageObject\",\"inLanguage\":\"da-DK\",\"@id\":\"https:\/\/arcticexcursions.com\/#\/schema\/logo\/image\/\",\"url\":\"https:\/\/arcticexcursions.com\/wp-content\/uploads\/2022\/11\/fb-logo.png\",\"contentUrl\":\"https:\/\/arcticexcursions.com\/wp-content\/uploads\/2022\/11\/fb-logo.png\",\"width\":523,\"height\":523,\"caption\":\"Arctic Excursions\"},\"image\":{\"@id\":\"https:\/\/arcticexcursions.com\/#\/schema\/logo\/image\/\"}}]}<\/script>\n<!-- \/ Yoast SEO plugin. -->","yoast_head_json":{"title":"Arctic Excursions","robots":{"index":"index","follow":"follow","max-snippet":"max-snippet:-1","max-image-preview":"max-image-preview:large","max-video-preview":"max-video-preview:-1"},"canonical":"https:\/\/arcticexcursions.com\/da\/udflugter\/snowmobiling-to-oqaatsut\/","og_locale":"da_DK","og_type":"article","og_title":"Snescooterk\u00f8rsel\/ATV p\u00e5 tracks til Oqaatsut - Arctic Excursions","og_description":"Oplevelser i bygden Oqaatsut","og_url":"https:\/\/arcticexcursions.com\/da\/udflugter\/snowmobiling-to-oqaatsut\/","og_site_name":"Arctic Excursions","article_modified_time":"2026-04-13T14:05:23+00:00","og_image":[{"width":2560,"height":1440,"url":"https:\/\/arcticexcursions.com\/wp-content\/uploads\/2023\/09\/IMG_4942-Enhanced-NR-copy-scaled.jpg","type":"image\/jpeg"}],"twitter_card":"summary_large_image","twitter_misc":{"Estimeret l\u00e6setid":"1 minut"},"schema":{"@context":"https:\/\/schema.org","@graph":[{"@type":"WebPage","@id":"https:\/\/arcticexcursions.com\/da\/udflugter\/snowmobiling-to-oqaatsut\/","url":"https:\/\/arcticexcursions.com\/da\/udflugter\/snowmobiling-to-oqaatsut\/","name":"Snescooterk\u00f8rsel\/ATV p\u00e5 tracks til Oqaatsut - Arctic Excursions","isPartOf":{"@id":"https:\/\/arcticexcursions.com\/#website"},"primaryImageOfPage":{"@id":"https:\/\/arcticexcursions.com\/da\/udflugter\/snowmobiling-to-oqaatsut\/#primaryimage"},"image":{"@id":"https:\/\/arcticexcursions.com\/da\/udflugter\/snowmobiling-to-oqaatsut\/#primaryimage"},"thumbnailUrl":"https:\/\/arcticexcursions.com\/wp-content\/uploads\/2023\/09\/IMG_4942-Enhanced-NR-copy-scaled.jpg","datePublished":"2023-09-02T10:26:37+00:00","dateModified":"2026-04-13T14:05:23+00:00","breadcrumb":{"@id":"https:\/\/arcticexcursions.com\/da\/udflugter\/snowmobiling-to-oqaatsut\/#breadcrumb"},"inLanguage":"da-DK","potentialAction":[{"@type":"ReadAction","target":["https:\/\/arcticexcursions.com\/da\/udflugter\/snowmobiling-to-oqaatsut\/"]}]},{"@type":"ImageObject","inLanguage":"da-DK","@id":"https:\/\/arcticexcursions.com\/da\/udflugter\/snowmobiling-to-oqaatsut\/#primaryimage","url":"https:\/\/arcticexcursions.com\/wp-content\/uploads\/2023\/09\/IMG_4942-Enhanced-NR-copy-scaled.jpg","contentUrl":"https:\/\/arcticexcursions.com\/wp-content\/uploads\/2023\/09\/IMG_4942-Enhanced-NR-copy-scaled.jpg","width":2560,"height":1440},{"@type":"BreadcrumbList","@id":"https:\/\/arcticexcursions.com\/da\/udflugter\/snowmobiling-to-oqaatsut\/#breadcrumb","itemListElement":[{"@type":"ListItem","position":1,"name":"Home","item":"https:\/\/arcticexcursions.com\/da\/"},{"@type":"ListItem","position":2,"name":"Udflugter i Gr\u00f8nland","item":"https:\/\/arcticexcursions.com\/da\/udflugter\/"},{"@type":"ListItem","position":3,"name":"Snescooterk\u00f8rsel\/ATV p\u00e5 tracks til Oqaatsut"}]},{"@type":"WebSite","@id":"https:\/\/arcticexcursions.com\/#website","url":"https:\/\/arcticexcursions.com\/","name":"Arctic Excursions","description":"New adventures. Every day.","publisher":{"@id":"https:\/\/arcticexcursions.com\/#organization"},"potentialAction":[{"@type":"SearchAction","target":{"@type":"EntryPoint","urlTemplate":"https:\/\/arcticexcursions.com\/?s={search_term_string}"},"query-input":{"@type":"PropertyValueSpecification","valueRequired":true,"valueName":"search_term_string"}}],"inLanguage":"da-DK"},{"@type":"Organization","@id":"https:\/\/arcticexcursions.com\/#organization","name":"Arctic Excursions","url":"https:\/\/arcticexcursions.com\/","logo":{"@type":"ImageObject","inLanguage":"da-DK","@id":"https:\/\/arcticexcursions.com\/#\/schema\/logo\/image\/","url":"https:\/\/arcticexcursions.com\/wp-content\/uploads\/2022\/11\/fb-logo.png","contentUrl":"https:\/\/arcticexcursions.com\/wp-content\/uploads\/2022\/11\/fb-logo.png","width":523,"height":523,"caption":"Arctic Excursions"},"image":{"@id":"https:\/\/arcticexcursions.com\/#\/schema\/logo\/image\/"}}]}},"_links":{"self":[{"href":"https:\/\/arcticexcursions.com\/da\/wp-json\/wp\/v2\/product\/20168"}],"collection":[{"href":"https:\/\/arcticexcursions.com\/da\/wp-json\/wp\/v2\/product"}],"about":[{"href":"https:\/\/arcticexcursions.com\/da\/wp-json\/wp\/v2\/types\/product"}],"replies":[{"embeddable":true,"href":"https:\/\/arcticexcursions.com\/da\/wp-json\/wp\/v2\/comments?post=20168"}],"wp:featuredmedia":[{"embeddable":true,"href":"https:\/\/arcticexcursions.com\/da\/wp-json\/wp\/v2\/media\/20072"}],"wp:attachment":[{"href":"https:\/\/arcticexcursions.com\/da\/wp-json\/wp\/v2\/media?parent=20168"}],"wp:term":[{"taxonomy":"product_brand","embeddable":true,"href":"https:\/\/arcticexcursions.com\/da\/wp-json\/wp\/v2\/product_brand?post=20168"},{"taxonomy":"product_cat","embeddable":true,"href":"https:\/\/arcticexcursions.com\/da\/wp-json\/wp\/v2\/product_cat?post=20168"},{"taxonomy":"product_tag","embeddable":true,"href":"https:\/\/arcticexcursions.com\/da\/wp-json\/wp\/v2\/product_tag?post=20168"}],"curies":[{"name":"wp","href":"https:\/\/api.w.org\/{rel}","templated":true}]}}