{"id":20498,"date":"2023-10-04T15:34:19","date_gmt":"2023-10-04T13:34:19","guid":{"rendered":"https:\/\/arcticexcursions.com\/?post_type=product&#038;p=20498"},"modified":"2025-10-23T16:40:23","modified_gmt":"2025-10-23T14:40:23","slug":"baadtur-til-uunartoq","status":"publish","type":"product","link":"https:\/\/arcticexcursions.com\/da\/udflugter\/baadtur-til-uunartoq\/","title":{"rendered":"B\u00e5dtur til Uunartoq"},"content":{"rendered":"<p>Vandet i Uunartoq er kendt for at v\u00e6re dejlige 38 grader Celsius (100 grader Fahrenheit) \u00e5ret rundt. Inuit-navnet for de varme kilder er Uunartoq, som betyder &#8220;det varme sted&#8221;. <\/p>\n<p>Bassinerne er beliggende p\u00e5 en \u00f8 ikke langt fra landsbyen Alluitsup Paa, som ligger omkring 65 km syd for Qaqortoq. <\/p>\n<p>Selvom der er et offentligt hus, hvor du kan skifte om, anbefaler vi, at du medbringer varmt t\u00f8j, da det kan blive k\u00f8ligt, n\u00e5r du forlader poolen. <\/p>\n<p>Nyd at slappe af i de varme kilder, mens isbjerge passerer forbi i nabofjorden, der er omkranset af h\u00f8je bjerge.<\/p>\n<p>Hver gang vi rejser med b\u00e5d, hvilket tager omkring to timer, ses der ofte enorme isbjerge. <\/p>\n<p>Hold \u00f8jnene \u00e5bne, for der er utallige muligheder for at observere hvaler undervejs.<\/p>\n<p><b>Varighed:<\/b> 5 timer<\/p>\n<p><b>Deltagere:<\/b> Bem\u00e6rk venligst, at udflugten kun gennemf\u00f8res, hvis der er mindst 4 bookede billetter i alt. Hvis du for eksempel booker 2 billetter, skal der s\u00e6lges mindst 2 yderligere billetter til andre kunder, f\u00f8r turen kan finde sted. Der vil deltage maksimalt 7 personer.<\/p>\n<p><b>Sprog:<\/b> Guiden\/kaptajnen taler dansk, engelsk og gr\u00f8nlandsk<\/p>\n<p><b>B\u00e5dtype:<\/b> lukket b\u00e5d<\/p>\n<p><b>Toiletforhold:<\/b> Der er toilet p\u00e5 b\u00e5den<\/p>\n<p><b>Forplejning:<\/b> Kaffe og te serveres p\u00e5 b\u00e5den<\/p>\n<p><b>Anbefalet p\u00e5kl\u00e6dning:<\/b> Varmt t\u00f8j inkl. hue og handsker hele \u00e5ret. Solbriller. Solcreme om sommeren.<\/p>\n","protected":false},"excerpt":{"rendered":"<p>Oplev en af Sydgr\u00f8nlands perler: de varme kilder i Uunartoq<\/p>\n","protected":false},"featured_media":20501,"comment_status":"open","ping_status":"closed","template":"","meta":{"_acf_changed":false},"product_brand":[],"product_cat":[170],"product_tag":[],"class_list":{"0":"post-20498","1":"product","2":"type-product","3":"status-publish","4":"has-post-thumbnail","6":"product_cat-udflugt","7":"pa_dato-863","8":"pa_dato-918","9":"pa_dato-998","10":"pa_dato-1012","11":"pa_dato-1013","12":"pa_dato-1017","13":"pa_dato-1042","14":"pa_dato-1051","15":"pa_dato-5960","16":"pa_dato-6079","17":"pa_dato-6031","18":"pa_dato-6038","19":"pa_dato-5917","20":"pa_dato-1373","21":"pa_dato-5881","22":"pa_dato-6064","23":"pa_dato-5966","24":"pa_dato-5882","25":"pa_dato-5953","26":"pa_dato-6051","27":"pa_dato-6046","28":"pa_dato-6087","29":"pa_dato-5889","30":"pa_tidspunkt-35","31":"pa_tidspunkt-72","32":"pa_tidspunkt-37","33":"pa_tidspunkt-40","34":"tour_location-qaqortoq-da","35":"tour_type-baadture","36":"tour_tickettype-arctic_excursions","37":"tour_operator-garder-charter","39":"first","40":"outofstock","41":"shipping-taxable","42":"product-type-variable"},"acf":[],"yoast_head":"<!-- This site is optimized with the Yoast SEO plugin v23.6 - https:\/\/yoast.com\/wordpress\/plugins\/seo\/ -->\n<title>Arctic Excursions<\/title>\n<meta name=\"robots\" content=\"index, follow, max-snippet:-1, max-image-preview:large, max-video-preview:-1\" \/>\n<link rel=\"canonical\" href=\"https:\/\/arcticexcursions.com\/da\/udflugter\/baadtur-til-uunartoq\/\" \/>\n<meta property=\"og:locale\" content=\"da_DK\" \/>\n<meta property=\"og:type\" content=\"article\" \/>\n<meta property=\"og:title\" content=\"B\u00e5dtur til Uunartoq - Arctic Excursions\" \/>\n<meta property=\"og:description\" content=\"Oplev en af Sydgr\u00f8nlands perler: de varme kilder i Uunartoq\" \/>\n<meta property=\"og:url\" content=\"https:\/\/arcticexcursions.com\/da\/udflugter\/baadtur-til-uunartoq\/\" \/>\n<meta property=\"og:site_name\" content=\"Arctic Excursions\" \/>\n<meta property=\"article:modified_time\" content=\"2025-10-23T14:40:23+00:00\" \/>\n<meta property=\"og:image\" content=\"https:\/\/arcticexcursions.com\/wp-content\/uploads\/2023\/10\/Uunartoq-2.jpg\" \/>\n\t<meta property=\"og:image:width\" content=\"640\" \/>\n\t<meta property=\"og:image:height\" content=\"480\" \/>\n\t<meta property=\"og:image:type\" content=\"image\/jpeg\" \/>\n<meta name=\"twitter:card\" content=\"summary_large_image\" \/>\n<meta name=\"twitter:label1\" content=\"Estimeret l\u00e6setid\" \/>\n\t<meta name=\"twitter:data1\" content=\"1 minut\" \/>\n<script type=\"application\/ld+json\" class=\"yoast-schema-graph\">{\"@context\":\"https:\/\/schema.org\",\"@graph\":[{\"@type\":\"WebPage\",\"@id\":\"https:\/\/arcticexcursions.com\/da\/udflugter\/baadtur-til-uunartoq\/\",\"url\":\"https:\/\/arcticexcursions.com\/da\/udflugter\/baadtur-til-uunartoq\/\",\"name\":\"B\u00e5dtur til Uunartoq - Arctic Excursions\",\"isPartOf\":{\"@id\":\"https:\/\/arcticexcursions.com\/#website\"},\"primaryImageOfPage\":{\"@id\":\"https:\/\/arcticexcursions.com\/da\/udflugter\/baadtur-til-uunartoq\/#primaryimage\"},\"image\":{\"@id\":\"https:\/\/arcticexcursions.com\/da\/udflugter\/baadtur-til-uunartoq\/#primaryimage\"},\"thumbnailUrl\":\"https:\/\/arcticexcursions.com\/wp-content\/uploads\/2023\/10\/Uunartoq-2.jpg\",\"datePublished\":\"2023-10-04T13:34:19+00:00\",\"dateModified\":\"2025-10-23T14:40:23+00:00\",\"breadcrumb\":{\"@id\":\"https:\/\/arcticexcursions.com\/da\/udflugter\/baadtur-til-uunartoq\/#breadcrumb\"},\"inLanguage\":\"da-DK\",\"potentialAction\":[{\"@type\":\"ReadAction\",\"target\":[\"https:\/\/arcticexcursions.com\/da\/udflugter\/baadtur-til-uunartoq\/\"]}]},{\"@type\":\"ImageObject\",\"inLanguage\":\"da-DK\",\"@id\":\"https:\/\/arcticexcursions.com\/da\/udflugter\/baadtur-til-uunartoq\/#primaryimage\",\"url\":\"https:\/\/arcticexcursions.com\/wp-content\/uploads\/2023\/10\/Uunartoq-2.jpg\",\"contentUrl\":\"https:\/\/arcticexcursions.com\/wp-content\/uploads\/2023\/10\/Uunartoq-2.jpg\",\"width\":640,\"height\":480},{\"@type\":\"BreadcrumbList\",\"@id\":\"https:\/\/arcticexcursions.com\/da\/udflugter\/baadtur-til-uunartoq\/#breadcrumb\",\"itemListElement\":[{\"@type\":\"ListItem\",\"position\":1,\"name\":\"Home\",\"item\":\"https:\/\/arcticexcursions.com\/da\/\"},{\"@type\":\"ListItem\",\"position\":2,\"name\":\"Udflugter i Gr\u00f8nland\",\"item\":\"https:\/\/arcticexcursions.com\/da\/udflugter\/\"},{\"@type\":\"ListItem\",\"position\":3,\"name\":\"B\u00e5dtur til Uunartoq\"}]},{\"@type\":\"WebSite\",\"@id\":\"https:\/\/arcticexcursions.com\/#website\",\"url\":\"https:\/\/arcticexcursions.com\/\",\"name\":\"Arctic Excursions\",\"description\":\"New adventures. Every day.\",\"publisher\":{\"@id\":\"https:\/\/arcticexcursions.com\/#organization\"},\"potentialAction\":[{\"@type\":\"SearchAction\",\"target\":{\"@type\":\"EntryPoint\",\"urlTemplate\":\"https:\/\/arcticexcursions.com\/?s={search_term_string}\"},\"query-input\":{\"@type\":\"PropertyValueSpecification\",\"valueRequired\":true,\"valueName\":\"search_term_string\"}}],\"inLanguage\":\"da-DK\"},{\"@type\":\"Organization\",\"@id\":\"https:\/\/arcticexcursions.com\/#organization\",\"name\":\"Arctic Excursions\",\"url\":\"https:\/\/arcticexcursions.com\/\",\"logo\":{\"@type\":\"ImageObject\",\"inLanguage\":\"da-DK\",\"@id\":\"https:\/\/arcticexcursions.com\/#\/schema\/logo\/image\/\",\"url\":\"https:\/\/arcticexcursions.com\/wp-content\/uploads\/2022\/11\/fb-logo.png\",\"contentUrl\":\"https:\/\/arcticexcursions.com\/wp-content\/uploads\/2022\/11\/fb-logo.png\",\"width\":523,\"height\":523,\"caption\":\"Arctic Excursions\"},\"image\":{\"@id\":\"https:\/\/arcticexcursions.com\/#\/schema\/logo\/image\/\"}}]}<\/script>\n<!-- \/ Yoast SEO plugin. -->","yoast_head_json":{"title":"Arctic Excursions","robots":{"index":"index","follow":"follow","max-snippet":"max-snippet:-1","max-image-preview":"max-image-preview:large","max-video-preview":"max-video-preview:-1"},"canonical":"https:\/\/arcticexcursions.com\/da\/udflugter\/baadtur-til-uunartoq\/","og_locale":"da_DK","og_type":"article","og_title":"B\u00e5dtur til Uunartoq - Arctic Excursions","og_description":"Oplev en af Sydgr\u00f8nlands perler: de varme kilder i Uunartoq","og_url":"https:\/\/arcticexcursions.com\/da\/udflugter\/baadtur-til-uunartoq\/","og_site_name":"Arctic Excursions","article_modified_time":"2025-10-23T14:40:23+00:00","og_image":[{"width":640,"height":480,"url":"https:\/\/arcticexcursions.com\/wp-content\/uploads\/2023\/10\/Uunartoq-2.jpg","type":"image\/jpeg"}],"twitter_card":"summary_large_image","twitter_misc":{"Estimeret l\u00e6setid":"1 minut"},"schema":{"@context":"https:\/\/schema.org","@graph":[{"@type":"WebPage","@id":"https:\/\/arcticexcursions.com\/da\/udflugter\/baadtur-til-uunartoq\/","url":"https:\/\/arcticexcursions.com\/da\/udflugter\/baadtur-til-uunartoq\/","name":"B\u00e5dtur til Uunartoq - Arctic Excursions","isPartOf":{"@id":"https:\/\/arcticexcursions.com\/#website"},"primaryImageOfPage":{"@id":"https:\/\/arcticexcursions.com\/da\/udflugter\/baadtur-til-uunartoq\/#primaryimage"},"image":{"@id":"https:\/\/arcticexcursions.com\/da\/udflugter\/baadtur-til-uunartoq\/#primaryimage"},"thumbnailUrl":"https:\/\/arcticexcursions.com\/wp-content\/uploads\/2023\/10\/Uunartoq-2.jpg","datePublished":"2023-10-04T13:34:19+00:00","dateModified":"2025-10-23T14:40:23+00:00","breadcrumb":{"@id":"https:\/\/arcticexcursions.com\/da\/udflugter\/baadtur-til-uunartoq\/#breadcrumb"},"inLanguage":"da-DK","potentialAction":[{"@type":"ReadAction","target":["https:\/\/arcticexcursions.com\/da\/udflugter\/baadtur-til-uunartoq\/"]}]},{"@type":"ImageObject","inLanguage":"da-DK","@id":"https:\/\/arcticexcursions.com\/da\/udflugter\/baadtur-til-uunartoq\/#primaryimage","url":"https:\/\/arcticexcursions.com\/wp-content\/uploads\/2023\/10\/Uunartoq-2.jpg","contentUrl":"https:\/\/arcticexcursions.com\/wp-content\/uploads\/2023\/10\/Uunartoq-2.jpg","width":640,"height":480},{"@type":"BreadcrumbList","@id":"https:\/\/arcticexcursions.com\/da\/udflugter\/baadtur-til-uunartoq\/#breadcrumb","itemListElement":[{"@type":"ListItem","position":1,"name":"Home","item":"https:\/\/arcticexcursions.com\/da\/"},{"@type":"ListItem","position":2,"name":"Udflugter i Gr\u00f8nland","item":"https:\/\/arcticexcursions.com\/da\/udflugter\/"},{"@type":"ListItem","position":3,"name":"B\u00e5dtur til Uunartoq"}]},{"@type":"WebSite","@id":"https:\/\/arcticexcursions.com\/#website","url":"https:\/\/arcticexcursions.com\/","name":"Arctic Excursions","description":"New adventures. Every day.","publisher":{"@id":"https:\/\/arcticexcursions.com\/#organization"},"potentialAction":[{"@type":"SearchAction","target":{"@type":"EntryPoint","urlTemplate":"https:\/\/arcticexcursions.com\/?s={search_term_string}"},"query-input":{"@type":"PropertyValueSpecification","valueRequired":true,"valueName":"search_term_string"}}],"inLanguage":"da-DK"},{"@type":"Organization","@id":"https:\/\/arcticexcursions.com\/#organization","name":"Arctic Excursions","url":"https:\/\/arcticexcursions.com\/","logo":{"@type":"ImageObject","inLanguage":"da-DK","@id":"https:\/\/arcticexcursions.com\/#\/schema\/logo\/image\/","url":"https:\/\/arcticexcursions.com\/wp-content\/uploads\/2022\/11\/fb-logo.png","contentUrl":"https:\/\/arcticexcursions.com\/wp-content\/uploads\/2022\/11\/fb-logo.png","width":523,"height":523,"caption":"Arctic Excursions"},"image":{"@id":"https:\/\/arcticexcursions.com\/#\/schema\/logo\/image\/"}}]}},"_links":{"self":[{"href":"https:\/\/arcticexcursions.com\/da\/wp-json\/wp\/v2\/product\/20498"}],"collection":[{"href":"https:\/\/arcticexcursions.com\/da\/wp-json\/wp\/v2\/product"}],"about":[{"href":"https:\/\/arcticexcursions.com\/da\/wp-json\/wp\/v2\/types\/product"}],"replies":[{"embeddable":true,"href":"https:\/\/arcticexcursions.com\/da\/wp-json\/wp\/v2\/comments?post=20498"}],"wp:featuredmedia":[{"embeddable":true,"href":"https:\/\/arcticexcursions.com\/da\/wp-json\/wp\/v2\/media\/20501"}],"wp:attachment":[{"href":"https:\/\/arcticexcursions.com\/da\/wp-json\/wp\/v2\/media?parent=20498"}],"wp:term":[{"taxonomy":"product_brand","embeddable":true,"href":"https:\/\/arcticexcursions.com\/da\/wp-json\/wp\/v2\/product_brand?post=20498"},{"taxonomy":"product_cat","embeddable":true,"href":"https:\/\/arcticexcursions.com\/da\/wp-json\/wp\/v2\/product_cat?post=20498"},{"taxonomy":"product_tag","embeddable":true,"href":"https:\/\/arcticexcursions.com\/da\/wp-json\/wp\/v2\/product_tag?post=20498"}],"curies":[{"name":"wp","href":"https:\/\/api.w.org\/{rel}","templated":true}]}}