{"id":20506,"date":"2023-10-02T13:38:08","date_gmt":"2023-10-02T11:38:08","guid":{"rendered":"https:\/\/arcticexcursions.com\/?post_type=product&#038;p=20506"},"modified":"2025-10-23T16:41:26","modified_gmt":"2025-10-23T14:41:26","slug":"icecap","status":"publish","type":"product","link":"https:\/\/arcticexcursions.com\/da\/udflugter\/icecap\/","title":{"rendered":"Bes\u00f8g Sydgr\u00f8nlands Indlandsis"},"content":{"rendered":"<p>Sermersuaq er gr\u00f8nlandsk for &#8220;indlandsis&#8221;, og efterh\u00e5nden som bekymringerne for klimaforandringerne er blevet mere udbredte, er den gr\u00f8nlandske indlandsis kommet til at f\u00e5 stor opm\u00e6rksomhed.<\/p>\n<p>P\u00e5 denne tur rejser vi til &#8220;Tvillingebr\u00e6en&#8221;, som ligger t\u00e6t p\u00e5 byen Narsaq.<\/p>\n<p>Hvis der er havis, sejler vi op til kysten, og du kan g\u00e5 p\u00e5 land. Her kan du r\u00f8re ved selve indlandsisen, mens du m\u00e6rker, hvor lille du f\u00f8ler dig i forhold til denne massive indlandsis, der d\u00e6kker 80 procent af Gr\u00f8nland.<\/p>\n<p>Du vil m\u00e5ske \u00f8nske at medbringe en flaske whisky p\u00e5 denne tur, s\u00e5 du kan nyde landskabet og den karakteristiske knaldende lyd fra isterninger, der er blevet plukket fra gletsjeren.<\/p>\n<p>Utallige luftbobler, der har v\u00e6ret holdt p\u00e5 plads i utallige \u00e5r, frigives, efterh\u00e5nden som isen smelter i dit glas.<\/p>\n<p><b>Varighed:<\/b> 4 timer<\/p>\n<p><b>Deltagere:<\/b> Bem\u00e6rk venligst, at udflugten kun gennemf\u00f8res, hvis der er mindst 4 bookede billetter i alt. Hvis du for eksempel booker 2 billetter, skal der s\u00e6lges mindst 2 yderligere billetter til andre kunder, f\u00f8r turen kan finde sted. Der vil deltage maksimalt 8 personer.<\/p>\n<p><b>Sprog:<\/b> Guiden\/kaptajnen taler dansk, engelsk og gr\u00f8nlandsk<\/p>\n<p><b>B\u00e5dtype:<\/b> lukket b\u00e5d<\/p>\n<p><b>Toiletforhold:<\/b> Der er toilet p\u00e5 b\u00e5den<\/p>\n<p><b>Forplejning:<\/b> Kaffe og te serveres p\u00e5 b\u00e5den<\/p>\n<p><b>Anbefalet p\u00e5kl\u00e6dning:<\/b> Varmt t\u00f8j inkl. hue og handsker hele \u00e5ret. Solbriller. Solcreme om sommeren.<\/p>\n","protected":false},"excerpt":{"rendered":"<p>Oplev Sydgr\u00f8nlands Indlandsis!<\/p>\n","protected":false},"featured_media":20509,"comment_status":"open","ping_status":"closed","template":"","meta":{"_acf_changed":false},"product_brand":[],"product_cat":[170],"product_tag":[],"class_list":{"0":"post-20506","1":"product","2":"type-product","3":"status-publish","4":"has-post-thumbnail","6":"product_cat-udflugt","7":"pa_dato-919","8":"pa_dato-867","9":"pa_dato-1032","10":"pa_dato-1012","11":"pa_dato-1013","12":"pa_dato-1022","13":"pa_dato-1042","14":"pa_dato-1044","15":"pa_dato-1049","16":"pa_dato-5921","17":"pa_dato-5947","18":"pa_dato-5952","19":"pa_dato-5974","20":"pa_dato-6087","21":"pa_dato-5958","22":"pa_tidspunkt-70","23":"pa_tidspunkt-35","24":"pa_tidspunkt-72","25":"pa_tidspunkt-40","26":"tour_location-qaqortoq-da","27":"tour_type-baadture","28":"tour_tickettype-arctic_excursions","29":"tour_operator-garder-charter","31":"first","32":"outofstock","33":"shipping-taxable","34":"product-type-variable"},"acf":[],"yoast_head":"<!-- This site is optimized with the Yoast SEO plugin v23.6 - https:\/\/yoast.com\/wordpress\/plugins\/seo\/ -->\n<title>Arctic Excursions<\/title>\n<meta name=\"robots\" content=\"index, follow, max-snippet:-1, max-image-preview:large, max-video-preview:-1\" \/>\n<link rel=\"canonical\" href=\"https:\/\/arcticexcursions.com\/udflugter\/icecap\/\" \/>\n<meta property=\"og:locale\" content=\"da_DK\" \/>\n<meta property=\"og:type\" content=\"article\" \/>\n<meta property=\"og:title\" content=\"Bes\u00f8g Sydgr\u00f8nlands Indlandsis - Arctic Excursions\" \/>\n<meta property=\"og:description\" content=\"Oplev Sydgr\u00f8nlands Indlandsis!\" \/>\n<meta property=\"og:url\" content=\"https:\/\/arcticexcursions.com\/udflugter\/icecap\/\" \/>\n<meta property=\"og:site_name\" content=\"Arctic Excursions\" \/>\n<meta property=\"article:modified_time\" content=\"2025-10-23T14:41:26+00:00\" \/>\n<meta property=\"og:image\" content=\"https:\/\/arcticexcursions.com\/wp-content\/uploads\/2023\/10\/Icecap.jpg\" \/>\n\t<meta property=\"og:image:width\" content=\"640\" \/>\n\t<meta property=\"og:image:height\" content=\"480\" \/>\n\t<meta property=\"og:image:type\" content=\"image\/jpeg\" \/>\n<meta name=\"twitter:card\" content=\"summary_large_image\" \/>\n<meta name=\"twitter:label1\" content=\"Estimeret l\u00e6setid\" \/>\n\t<meta name=\"twitter:data1\" content=\"1 minut\" \/>\n<script type=\"application\/ld+json\" class=\"yoast-schema-graph\">{\"@context\":\"https:\/\/schema.org\",\"@graph\":[{\"@type\":\"WebPage\",\"@id\":\"https:\/\/arcticexcursions.com\/udflugter\/icecap\/\",\"url\":\"https:\/\/arcticexcursions.com\/udflugter\/icecap\/\",\"name\":\"Bes\u00f8g Sydgr\u00f8nlands Indlandsis - Arctic Excursions\",\"isPartOf\":{\"@id\":\"https:\/\/arcticexcursions.com\/#website\"},\"primaryImageOfPage\":{\"@id\":\"https:\/\/arcticexcursions.com\/udflugter\/icecap\/#primaryimage\"},\"image\":{\"@id\":\"https:\/\/arcticexcursions.com\/udflugter\/icecap\/#primaryimage\"},\"thumbnailUrl\":\"https:\/\/arcticexcursions.com\/wp-content\/uploads\/2023\/10\/Icecap.jpg\",\"datePublished\":\"2023-10-02T11:38:08+00:00\",\"dateModified\":\"2025-10-23T14:41:26+00:00\",\"breadcrumb\":{\"@id\":\"https:\/\/arcticexcursions.com\/udflugter\/icecap\/#breadcrumb\"},\"inLanguage\":\"da-DK\",\"potentialAction\":[{\"@type\":\"ReadAction\",\"target\":[\"https:\/\/arcticexcursions.com\/udflugter\/icecap\/\"]}]},{\"@type\":\"ImageObject\",\"inLanguage\":\"da-DK\",\"@id\":\"https:\/\/arcticexcursions.com\/udflugter\/icecap\/#primaryimage\",\"url\":\"https:\/\/arcticexcursions.com\/wp-content\/uploads\/2023\/10\/Icecap.jpg\",\"contentUrl\":\"https:\/\/arcticexcursions.com\/wp-content\/uploads\/2023\/10\/Icecap.jpg\",\"width\":640,\"height\":480},{\"@type\":\"BreadcrumbList\",\"@id\":\"https:\/\/arcticexcursions.com\/udflugter\/icecap\/#breadcrumb\",\"itemListElement\":[{\"@type\":\"ListItem\",\"position\":1,\"name\":\"Home\",\"item\":\"https:\/\/arcticexcursions.com\/da\/\"},{\"@type\":\"ListItem\",\"position\":2,\"name\":\"Udflugter i Gr\u00f8nland\",\"item\":\"https:\/\/arcticexcursions.com\/da\/udflugter\/\"},{\"@type\":\"ListItem\",\"position\":3,\"name\":\"Bes\u00f8g Sydgr\u00f8nlands Indlandsis\"}]},{\"@type\":\"WebSite\",\"@id\":\"https:\/\/arcticexcursions.com\/#website\",\"url\":\"https:\/\/arcticexcursions.com\/\",\"name\":\"Arctic Excursions\",\"description\":\"New adventures. Every day.\",\"publisher\":{\"@id\":\"https:\/\/arcticexcursions.com\/#organization\"},\"potentialAction\":[{\"@type\":\"SearchAction\",\"target\":{\"@type\":\"EntryPoint\",\"urlTemplate\":\"https:\/\/arcticexcursions.com\/?s={search_term_string}\"},\"query-input\":{\"@type\":\"PropertyValueSpecification\",\"valueRequired\":true,\"valueName\":\"search_term_string\"}}],\"inLanguage\":\"da-DK\"},{\"@type\":\"Organization\",\"@id\":\"https:\/\/arcticexcursions.com\/#organization\",\"name\":\"Arctic Excursions\",\"url\":\"https:\/\/arcticexcursions.com\/\",\"logo\":{\"@type\":\"ImageObject\",\"inLanguage\":\"da-DK\",\"@id\":\"https:\/\/arcticexcursions.com\/#\/schema\/logo\/image\/\",\"url\":\"https:\/\/arcticexcursions.com\/wp-content\/uploads\/2022\/11\/fb-logo.png\",\"contentUrl\":\"https:\/\/arcticexcursions.com\/wp-content\/uploads\/2022\/11\/fb-logo.png\",\"width\":523,\"height\":523,\"caption\":\"Arctic Excursions\"},\"image\":{\"@id\":\"https:\/\/arcticexcursions.com\/#\/schema\/logo\/image\/\"}}]}<\/script>\n<!-- \/ Yoast SEO plugin. -->","yoast_head_json":{"title":"Arctic Excursions","robots":{"index":"index","follow":"follow","max-snippet":"max-snippet:-1","max-image-preview":"max-image-preview:large","max-video-preview":"max-video-preview:-1"},"canonical":"https:\/\/arcticexcursions.com\/udflugter\/icecap\/","og_locale":"da_DK","og_type":"article","og_title":"Bes\u00f8g Sydgr\u00f8nlands Indlandsis - Arctic Excursions","og_description":"Oplev Sydgr\u00f8nlands Indlandsis!","og_url":"https:\/\/arcticexcursions.com\/udflugter\/icecap\/","og_site_name":"Arctic Excursions","article_modified_time":"2025-10-23T14:41:26+00:00","og_image":[{"width":640,"height":480,"url":"https:\/\/arcticexcursions.com\/wp-content\/uploads\/2023\/10\/Icecap.jpg","type":"image\/jpeg"}],"twitter_card":"summary_large_image","twitter_misc":{"Estimeret l\u00e6setid":"1 minut"},"schema":{"@context":"https:\/\/schema.org","@graph":[{"@type":"WebPage","@id":"https:\/\/arcticexcursions.com\/udflugter\/icecap\/","url":"https:\/\/arcticexcursions.com\/udflugter\/icecap\/","name":"Bes\u00f8g Sydgr\u00f8nlands Indlandsis - Arctic Excursions","isPartOf":{"@id":"https:\/\/arcticexcursions.com\/#website"},"primaryImageOfPage":{"@id":"https:\/\/arcticexcursions.com\/udflugter\/icecap\/#primaryimage"},"image":{"@id":"https:\/\/arcticexcursions.com\/udflugter\/icecap\/#primaryimage"},"thumbnailUrl":"https:\/\/arcticexcursions.com\/wp-content\/uploads\/2023\/10\/Icecap.jpg","datePublished":"2023-10-02T11:38:08+00:00","dateModified":"2025-10-23T14:41:26+00:00","breadcrumb":{"@id":"https:\/\/arcticexcursions.com\/udflugter\/icecap\/#breadcrumb"},"inLanguage":"da-DK","potentialAction":[{"@type":"ReadAction","target":["https:\/\/arcticexcursions.com\/udflugter\/icecap\/"]}]},{"@type":"ImageObject","inLanguage":"da-DK","@id":"https:\/\/arcticexcursions.com\/udflugter\/icecap\/#primaryimage","url":"https:\/\/arcticexcursions.com\/wp-content\/uploads\/2023\/10\/Icecap.jpg","contentUrl":"https:\/\/arcticexcursions.com\/wp-content\/uploads\/2023\/10\/Icecap.jpg","width":640,"height":480},{"@type":"BreadcrumbList","@id":"https:\/\/arcticexcursions.com\/udflugter\/icecap\/#breadcrumb","itemListElement":[{"@type":"ListItem","position":1,"name":"Home","item":"https:\/\/arcticexcursions.com\/da\/"},{"@type":"ListItem","position":2,"name":"Udflugter i Gr\u00f8nland","item":"https:\/\/arcticexcursions.com\/da\/udflugter\/"},{"@type":"ListItem","position":3,"name":"Bes\u00f8g Sydgr\u00f8nlands Indlandsis"}]},{"@type":"WebSite","@id":"https:\/\/arcticexcursions.com\/#website","url":"https:\/\/arcticexcursions.com\/","name":"Arctic Excursions","description":"New adventures. Every day.","publisher":{"@id":"https:\/\/arcticexcursions.com\/#organization"},"potentialAction":[{"@type":"SearchAction","target":{"@type":"EntryPoint","urlTemplate":"https:\/\/arcticexcursions.com\/?s={search_term_string}"},"query-input":{"@type":"PropertyValueSpecification","valueRequired":true,"valueName":"search_term_string"}}],"inLanguage":"da-DK"},{"@type":"Organization","@id":"https:\/\/arcticexcursions.com\/#organization","name":"Arctic Excursions","url":"https:\/\/arcticexcursions.com\/","logo":{"@type":"ImageObject","inLanguage":"da-DK","@id":"https:\/\/arcticexcursions.com\/#\/schema\/logo\/image\/","url":"https:\/\/arcticexcursions.com\/wp-content\/uploads\/2022\/11\/fb-logo.png","contentUrl":"https:\/\/arcticexcursions.com\/wp-content\/uploads\/2022\/11\/fb-logo.png","width":523,"height":523,"caption":"Arctic Excursions"},"image":{"@id":"https:\/\/arcticexcursions.com\/#\/schema\/logo\/image\/"}}]}},"_links":{"self":[{"href":"https:\/\/arcticexcursions.com\/da\/wp-json\/wp\/v2\/product\/20506"}],"collection":[{"href":"https:\/\/arcticexcursions.com\/da\/wp-json\/wp\/v2\/product"}],"about":[{"href":"https:\/\/arcticexcursions.com\/da\/wp-json\/wp\/v2\/types\/product"}],"replies":[{"embeddable":true,"href":"https:\/\/arcticexcursions.com\/da\/wp-json\/wp\/v2\/comments?post=20506"}],"wp:featuredmedia":[{"embeddable":true,"href":"https:\/\/arcticexcursions.com\/da\/wp-json\/wp\/v2\/media\/20509"}],"wp:attachment":[{"href":"https:\/\/arcticexcursions.com\/da\/wp-json\/wp\/v2\/media?parent=20506"}],"wp:term":[{"taxonomy":"product_brand","embeddable":true,"href":"https:\/\/arcticexcursions.com\/da\/wp-json\/wp\/v2\/product_brand?post=20506"},{"taxonomy":"product_cat","embeddable":true,"href":"https:\/\/arcticexcursions.com\/da\/wp-json\/wp\/v2\/product_cat?post=20506"},{"taxonomy":"product_tag","embeddable":true,"href":"https:\/\/arcticexcursions.com\/da\/wp-json\/wp\/v2\/product_tag?post=20506"}],"curies":[{"name":"wp","href":"https:\/\/api.w.org\/{rel}","templated":true}]}}