{"id":20576,"date":"2023-10-04T19:23:55","date_gmt":"2023-10-04T17:23:55","guid":{"rendered":"https:\/\/arcticexcursions.com\/?post_type=product&#038;p=20576"},"modified":"2026-04-01T14:54:35","modified_gmt":"2026-04-01T12:54:35","slug":"kaffemik-i-nannas-smukke-hjem","status":"publish","type":"product","link":"https:\/\/arcticexcursions.com\/da\/udflugter\/kaffemik-i-nannas-smukke-hjem\/","title":{"rendered":"Kaffemik i Nannas smukke hjem"},"content":{"rendered":"<p>Bordet er d\u00e6kket til kaffemik, n\u00e5r Nanna serverer en kop kaffe\/te og et par stykker kage og fort\u00e6ller om sit liv, sit hjem eller hvad snakken end falder ind p\u00e5.<\/p>\n<p>Kaffemik er en gr\u00f8nlandsk tradition, som bliver brugt til m\u00e6rkedage som f\u00f8dselsdage, bryllupsdage, f\u00f8rste skoledag og andre begivenheder, som skal fejres. <\/p>\n<p>Familie og venner kommer for at \u00f8nske tillykke og giver en lille ting til den\/de, der fejres. Folk ankommer, n\u00e5r de har tid i l\u00f8bet af dagen. Det svarer lidt til en reception i Danmark, hvor man kommer og g\u00e5r inden for et givent tidsrum.<\/p>\n<p>Nanna er kreativ og laver kunst i drivt\u00f8mmer, som hun finder i naturen, n\u00e5r hun er ude og sejle med sin mand. <\/p>\n<p>Tr\u00e6, sten og hvad der nu kan bruges, bliver udsmykket i hendes helt egen stil. Det er muligt at k\u00f8be hendes kreationer i hendes hjem.<\/p>\n<p><b>Varighed:<\/b> 1 time &#038; 30 min.<\/p>\n<p><b>Deltagere:<\/b> Bem\u00e6rk venligst, at udflugten kun gennemf\u00f8res, hvis der er mindst 6 bookede billetter i alt. Hvis du for eksempel booker 2 billetter, skal der s\u00e6lges mindst 4 yderligere billetter til andre kunder, f\u00f8r turen kan finde sted. Der vil deltage maksimalt 18 personer.<\/p>\n<p><b>Sprog:<\/b> V\u00e6rten taler dansk, engelsk og gr\u00f8nlandsk<\/p>\n<p><b>Forplejning:<\/b> Kaffe, Te og Kage serveres<\/p>\n","protected":false},"excerpt":{"rendered":"<p>Oplev en rigtig Kaffemik hos Nanna<\/p>\n","protected":false},"featured_media":20568,"comment_status":"open","ping_status":"closed","template":"","meta":{"_acf_changed":false},"product_brand":[],"product_cat":[170],"product_tag":[],"class_list":{"0":"post-20576","1":"product","2":"type-product","3":"status-publish","4":"has-post-thumbnail","6":"product_cat-udflugt","7":"pa_dato-788","8":"pa_dato-789","9":"pa_dato-916","10":"pa_dato-925","11":"pa_dato-926","12":"pa_dato-790","13":"pa_dato-791","14":"pa_dato-792","15":"pa_dato-940","16":"pa_dato-1166","17":"pa_dato-814","18":"pa_dato-906","19":"pa_dato-855","20":"pa_dato-929","21":"pa_dato-885","22":"pa_dato-930","23":"pa_dato-1233","24":"pa_dato-1062","25":"pa_dato-1126","26":"pa_dato-1173","27":"pa_dato-1174","28":"pa_dato-963","29":"pa_dato-1128","30":"pa_dato-1026","31":"pa_dato-1027","32":"pa_dato-1030","33":"pa_dato-1032","34":"pa_dato-988","35":"pa_dato-990","36":"pa_dato-991","37":"pa_dato-992","38":"pa_dato-993","39":"pa_dato-995","40":"pa_dato-996","41":"pa_dato-964","42":"pa_dato-998","43":"pa_dato-1000","44":"pa_dato-1001","45":"pa_dato-1002","46":"pa_dato-1003","47":"pa_dato-1005","48":"pa_dato-1007","49":"pa_dato-1036","50":"pa_dato-1040","51":"pa_dato-1008","52":"pa_dato-1012","53":"pa_dato-1014","54":"pa_dato-1016","55":"pa_dato-1041","56":"pa_dato-1017","57":"pa_dato-1018","58":"pa_dato-1019","59":"pa_dato-1020","60":"pa_dato-1021","61":"pa_dato-1022","62":"pa_dato-1042","63":"pa_dato-1044","64":"pa_dato-1045","65":"pa_dato-899","66":"pa_dato-1046","67":"pa_dato-1047","68":"pa_dato-1048","69":"pa_dato-1051","70":"pa_dato-1055","71":"pa_dato-1058","72":"pa_dato-1144","73":"pa_dato-1132","74":"pa_dato-1185","75":"pa_dato-1186","76":"pa_dato-1136","77":"pa_dato-1140","78":"pa_dato-1160","79":"pa_dato-1161","80":"pa_dato-5895","81":"pa_dato-5952","82":"pa_dato-1193","83":"pa_dato-5963","84":"pa_dato-5956","85":"pa_dato-5978","86":"pa_dato-6345","87":"pa_dato-6287","88":"pa_dato-6412","89":"pa_dato-6417","90":"pa_dato-6276","91":"pa_dato-6449","92":"pa_dato-6484","93":"pa_dato-6346","94":"pa_dato-6399","95":"pa_dato-6385","96":"pa_tidspunkt-70","97":"pa_tidspunkt-189","98":"pa_tidspunkt-35","99":"pa_tidspunkt-72","100":"pa_tidspunkt-40","101":"pa_tidspunkt-76","102":"pa_tidspunkt-304","103":"pa_tidspunkt-77","104":"pa_tidspunkt-177","105":"pa_tidspunkt-190","106":"pa_tidspunkt-229","107":"pa_tidspunkt-314","108":"pa_tidspunkt-317","109":"pa_tidspunkt-308","110":"pa_tidspunkt-27","111":"pa_tidspunkt-61","112":"pa_tidspunkt-60","113":"pa_tidspunkt-426","114":"pa_tidspunkt-57","115":"pa_tidspunkt-110","116":"pa_tidspunkt-69","117":"pa_tidspunkt-205","118":"tour_location-qaqortoq-da","119":"tour_type-kultur","120":"tour_tickettype-arctic_excursions","121":"tour_operator-by-nanna","123":"first","124":"instock","125":"shipping-taxable","126":"purchasable","127":"product-type-variable"},"acf":[],"yoast_head":"<!-- This site is optimized with the Yoast SEO plugin v23.6 - https:\/\/yoast.com\/wordpress\/plugins\/seo\/ -->\n<title>Arctic Excursions<\/title>\n<meta name=\"robots\" content=\"index, follow, max-snippet:-1, max-image-preview:large, max-video-preview:-1\" \/>\n<link rel=\"canonical\" href=\"https:\/\/arcticexcursions.com\/udflugter\/kaffemik-i-nannas-smukke-hjem\/\" \/>\n<meta property=\"og:locale\" content=\"da_DK\" \/>\n<meta property=\"og:type\" content=\"article\" \/>\n<meta property=\"og:title\" content=\"Kaffemik i Nannas smukke hjem - Arctic Excursions\" \/>\n<meta property=\"og:description\" content=\"Oplev en rigtig Kaffemik hos Nanna\" \/>\n<meta property=\"og:url\" content=\"https:\/\/arcticexcursions.com\/udflugter\/kaffemik-i-nannas-smukke-hjem\/\" \/>\n<meta property=\"og:site_name\" content=\"Arctic Excursions\" \/>\n<meta property=\"article:modified_time\" content=\"2026-04-01T12:54:35+00:00\" \/>\n<meta property=\"og:image\" content=\"https:\/\/arcticexcursions.com\/wp-content\/uploads\/2023\/10\/IMG_2003-1-scaled.jpg\" \/>\n\t<meta property=\"og:image:width\" content=\"2560\" \/>\n\t<meta property=\"og:image:height\" content=\"1912\" \/>\n\t<meta property=\"og:image:type\" content=\"image\/jpeg\" \/>\n<meta name=\"twitter:card\" content=\"summary_large_image\" \/>\n<meta name=\"twitter:label1\" content=\"Estimeret l\u00e6setid\" \/>\n\t<meta name=\"twitter:data1\" content=\"1 minut\" \/>\n<script type=\"application\/ld+json\" class=\"yoast-schema-graph\">{\"@context\":\"https:\/\/schema.org\",\"@graph\":[{\"@type\":\"WebPage\",\"@id\":\"https:\/\/arcticexcursions.com\/udflugter\/kaffemik-i-nannas-smukke-hjem\/\",\"url\":\"https:\/\/arcticexcursions.com\/udflugter\/kaffemik-i-nannas-smukke-hjem\/\",\"name\":\"Kaffemik i Nannas smukke hjem - Arctic Excursions\",\"isPartOf\":{\"@id\":\"https:\/\/arcticexcursions.com\/#website\"},\"primaryImageOfPage\":{\"@id\":\"https:\/\/arcticexcursions.com\/udflugter\/kaffemik-i-nannas-smukke-hjem\/#primaryimage\"},\"image\":{\"@id\":\"https:\/\/arcticexcursions.com\/udflugter\/kaffemik-i-nannas-smukke-hjem\/#primaryimage\"},\"thumbnailUrl\":\"https:\/\/arcticexcursions.com\/wp-content\/uploads\/2023\/10\/IMG_2003-1-scaled.jpg\",\"datePublished\":\"2023-10-04T17:23:55+00:00\",\"dateModified\":\"2026-04-01T12:54:35+00:00\",\"breadcrumb\":{\"@id\":\"https:\/\/arcticexcursions.com\/udflugter\/kaffemik-i-nannas-smukke-hjem\/#breadcrumb\"},\"inLanguage\":\"da-DK\",\"potentialAction\":[{\"@type\":\"ReadAction\",\"target\":[\"https:\/\/arcticexcursions.com\/udflugter\/kaffemik-i-nannas-smukke-hjem\/\"]}]},{\"@type\":\"ImageObject\",\"inLanguage\":\"da-DK\",\"@id\":\"https:\/\/arcticexcursions.com\/udflugter\/kaffemik-i-nannas-smukke-hjem\/#primaryimage\",\"url\":\"https:\/\/arcticexcursions.com\/wp-content\/uploads\/2023\/10\/IMG_2003-1-scaled.jpg\",\"contentUrl\":\"https:\/\/arcticexcursions.com\/wp-content\/uploads\/2023\/10\/IMG_2003-1-scaled.jpg\",\"width\":2560,\"height\":1912},{\"@type\":\"BreadcrumbList\",\"@id\":\"https:\/\/arcticexcursions.com\/udflugter\/kaffemik-i-nannas-smukke-hjem\/#breadcrumb\",\"itemListElement\":[{\"@type\":\"ListItem\",\"position\":1,\"name\":\"Home\",\"item\":\"https:\/\/arcticexcursions.com\/da\/\"},{\"@type\":\"ListItem\",\"position\":2,\"name\":\"Udflugter i Gr\u00f8nland\",\"item\":\"https:\/\/arcticexcursions.com\/da\/udflugter\/\"},{\"@type\":\"ListItem\",\"position\":3,\"name\":\"Kaffemik i Nannas smukke hjem\"}]},{\"@type\":\"WebSite\",\"@id\":\"https:\/\/arcticexcursions.com\/#website\",\"url\":\"https:\/\/arcticexcursions.com\/\",\"name\":\"Arctic Excursions\",\"description\":\"New adventures. Every day.\",\"publisher\":{\"@id\":\"https:\/\/arcticexcursions.com\/#organization\"},\"potentialAction\":[{\"@type\":\"SearchAction\",\"target\":{\"@type\":\"EntryPoint\",\"urlTemplate\":\"https:\/\/arcticexcursions.com\/?s={search_term_string}\"},\"query-input\":{\"@type\":\"PropertyValueSpecification\",\"valueRequired\":true,\"valueName\":\"search_term_string\"}}],\"inLanguage\":\"da-DK\"},{\"@type\":\"Organization\",\"@id\":\"https:\/\/arcticexcursions.com\/#organization\",\"name\":\"Arctic Excursions\",\"url\":\"https:\/\/arcticexcursions.com\/\",\"logo\":{\"@type\":\"ImageObject\",\"inLanguage\":\"da-DK\",\"@id\":\"https:\/\/arcticexcursions.com\/#\/schema\/logo\/image\/\",\"url\":\"https:\/\/arcticexcursions.com\/wp-content\/uploads\/2022\/11\/fb-logo.png\",\"contentUrl\":\"https:\/\/arcticexcursions.com\/wp-content\/uploads\/2022\/11\/fb-logo.png\",\"width\":523,\"height\":523,\"caption\":\"Arctic Excursions\"},\"image\":{\"@id\":\"https:\/\/arcticexcursions.com\/#\/schema\/logo\/image\/\"}}]}<\/script>\n<!-- \/ Yoast SEO plugin. -->","yoast_head_json":{"title":"Arctic Excursions","robots":{"index":"index","follow":"follow","max-snippet":"max-snippet:-1","max-image-preview":"max-image-preview:large","max-video-preview":"max-video-preview:-1"},"canonical":"https:\/\/arcticexcursions.com\/udflugter\/kaffemik-i-nannas-smukke-hjem\/","og_locale":"da_DK","og_type":"article","og_title":"Kaffemik i Nannas smukke hjem - Arctic Excursions","og_description":"Oplev en rigtig Kaffemik hos Nanna","og_url":"https:\/\/arcticexcursions.com\/udflugter\/kaffemik-i-nannas-smukke-hjem\/","og_site_name":"Arctic Excursions","article_modified_time":"2026-04-01T12:54:35+00:00","og_image":[{"width":2560,"height":1912,"url":"https:\/\/arcticexcursions.com\/wp-content\/uploads\/2023\/10\/IMG_2003-1-scaled.jpg","type":"image\/jpeg"}],"twitter_card":"summary_large_image","twitter_misc":{"Estimeret l\u00e6setid":"1 minut"},"schema":{"@context":"https:\/\/schema.org","@graph":[{"@type":"WebPage","@id":"https:\/\/arcticexcursions.com\/udflugter\/kaffemik-i-nannas-smukke-hjem\/","url":"https:\/\/arcticexcursions.com\/udflugter\/kaffemik-i-nannas-smukke-hjem\/","name":"Kaffemik i Nannas smukke hjem - Arctic Excursions","isPartOf":{"@id":"https:\/\/arcticexcursions.com\/#website"},"primaryImageOfPage":{"@id":"https:\/\/arcticexcursions.com\/udflugter\/kaffemik-i-nannas-smukke-hjem\/#primaryimage"},"image":{"@id":"https:\/\/arcticexcursions.com\/udflugter\/kaffemik-i-nannas-smukke-hjem\/#primaryimage"},"thumbnailUrl":"https:\/\/arcticexcursions.com\/wp-content\/uploads\/2023\/10\/IMG_2003-1-scaled.jpg","datePublished":"2023-10-04T17:23:55+00:00","dateModified":"2026-04-01T12:54:35+00:00","breadcrumb":{"@id":"https:\/\/arcticexcursions.com\/udflugter\/kaffemik-i-nannas-smukke-hjem\/#breadcrumb"},"inLanguage":"da-DK","potentialAction":[{"@type":"ReadAction","target":["https:\/\/arcticexcursions.com\/udflugter\/kaffemik-i-nannas-smukke-hjem\/"]}]},{"@type":"ImageObject","inLanguage":"da-DK","@id":"https:\/\/arcticexcursions.com\/udflugter\/kaffemik-i-nannas-smukke-hjem\/#primaryimage","url":"https:\/\/arcticexcursions.com\/wp-content\/uploads\/2023\/10\/IMG_2003-1-scaled.jpg","contentUrl":"https:\/\/arcticexcursions.com\/wp-content\/uploads\/2023\/10\/IMG_2003-1-scaled.jpg","width":2560,"height":1912},{"@type":"BreadcrumbList","@id":"https:\/\/arcticexcursions.com\/udflugter\/kaffemik-i-nannas-smukke-hjem\/#breadcrumb","itemListElement":[{"@type":"ListItem","position":1,"name":"Home","item":"https:\/\/arcticexcursions.com\/da\/"},{"@type":"ListItem","position":2,"name":"Udflugter i Gr\u00f8nland","item":"https:\/\/arcticexcursions.com\/da\/udflugter\/"},{"@type":"ListItem","position":3,"name":"Kaffemik i Nannas smukke hjem"}]},{"@type":"WebSite","@id":"https:\/\/arcticexcursions.com\/#website","url":"https:\/\/arcticexcursions.com\/","name":"Arctic Excursions","description":"New adventures. Every day.","publisher":{"@id":"https:\/\/arcticexcursions.com\/#organization"},"potentialAction":[{"@type":"SearchAction","target":{"@type":"EntryPoint","urlTemplate":"https:\/\/arcticexcursions.com\/?s={search_term_string}"},"query-input":{"@type":"PropertyValueSpecification","valueRequired":true,"valueName":"search_term_string"}}],"inLanguage":"da-DK"},{"@type":"Organization","@id":"https:\/\/arcticexcursions.com\/#organization","name":"Arctic Excursions","url":"https:\/\/arcticexcursions.com\/","logo":{"@type":"ImageObject","inLanguage":"da-DK","@id":"https:\/\/arcticexcursions.com\/#\/schema\/logo\/image\/","url":"https:\/\/arcticexcursions.com\/wp-content\/uploads\/2022\/11\/fb-logo.png","contentUrl":"https:\/\/arcticexcursions.com\/wp-content\/uploads\/2022\/11\/fb-logo.png","width":523,"height":523,"caption":"Arctic Excursions"},"image":{"@id":"https:\/\/arcticexcursions.com\/#\/schema\/logo\/image\/"}}]}},"_links":{"self":[{"href":"https:\/\/arcticexcursions.com\/da\/wp-json\/wp\/v2\/product\/20576"}],"collection":[{"href":"https:\/\/arcticexcursions.com\/da\/wp-json\/wp\/v2\/product"}],"about":[{"href":"https:\/\/arcticexcursions.com\/da\/wp-json\/wp\/v2\/types\/product"}],"replies":[{"embeddable":true,"href":"https:\/\/arcticexcursions.com\/da\/wp-json\/wp\/v2\/comments?post=20576"}],"wp:featuredmedia":[{"embeddable":true,"href":"https:\/\/arcticexcursions.com\/da\/wp-json\/wp\/v2\/media\/20568"}],"wp:attachment":[{"href":"https:\/\/arcticexcursions.com\/da\/wp-json\/wp\/v2\/media?parent=20576"}],"wp:term":[{"taxonomy":"product_brand","embeddable":true,"href":"https:\/\/arcticexcursions.com\/da\/wp-json\/wp\/v2\/product_brand?post=20576"},{"taxonomy":"product_cat","embeddable":true,"href":"https:\/\/arcticexcursions.com\/da\/wp-json\/wp\/v2\/product_cat?post=20576"},{"taxonomy":"product_tag","embeddable":true,"href":"https:\/\/arcticexcursions.com\/da\/wp-json\/wp\/v2\/product_tag?post=20576"}],"curies":[{"name":"wp","href":"https:\/\/api.w.org\/{rel}","templated":true}]}}