{"id":20719,"date":"2023-10-04T13:43:23","date_gmt":"2023-10-04T11:43:23","guid":{"rendered":"https:\/\/arcticexcursions.com\/?post_type=product&#038;p=20719"},"modified":"2024-03-27T18:02:20","modified_gmt":"2024-03-27T16:02:20","slug":"1-times-hundeslaedetur","status":"publish","type":"product","link":"https:\/\/arcticexcursions.com\/da\/udflugter\/1-times-hundeslaedetur\/","title":{"rendered":"Rundt om verden &#8211; 1 times hundesl\u00e6detur"},"content":{"rendered":"<p>Et af de mest ikoniske symboler for Gr\u00f8nland er hundesl\u00e6den, en inuit-skik, der g\u00e5r 2000 \u00e5r tilbage.<br \/>\nF\u00e5 transportformer har holdt s\u00e5 l\u00e6nge, \u200b\u200bmen den grundl\u00e6ggende id\u00e9 er stadig den samme, som den var f\u00f8r vikingetiden.<\/p>\n<p>Der blev brugt en simpel tr\u00e6sl\u00e6de med nogle hunde fastgjort i seler.<\/p>\n<p>Den fuldst\u00e6ndige stilhed brydes af medernes fl\u00f8jten mod den sammenpressede sne og de kn\u00e6kkende surringer, mens sl\u00e6den drejer med terr\u00e6net. Oplevelsen skal haves for fuldt ud at forst\u00e5 den.<\/p>\n<p>Betingelserne p\u00e5 dagen vil bestemme den pr\u00e6cise vej.<br \/>\nDag til dag og \u00e5rstid til \u00e5rstid varierer vejret. Til tider vil sneen v\u00e6re dybere, mens  terr\u00e6net andre gange vil v\u00e6re mere iset og stenet.<\/p>\n<p>Museren taler m\u00e5ske ikke altid godt engelsk eller dansk, men vi kommunikerer med h\u00e5ndbev\u00e6gelser og positiv energi.<\/p>\n<p>Vi anbefaler varmt t\u00f8j!<\/p>\n<p><b>Varighed:<\/b> 1 time<\/p>\n","protected":false},"excerpt":{"rendered":"<p>Oplev en hundesl\u00e6detur p\u00e5 1 time i Ilulissatomr\u00e5det!<\/p>\n","protected":false},"featured_media":20717,"comment_status":"open","ping_status":"closed","template":"","meta":{"_acf_changed":false},"product_brand":[],"product_cat":[170],"product_tag":[],"class_list":{"0":"post-20719","1":"product","2":"type-product","3":"status-publish","4":"has-post-thumbnail","6":"product_cat-udflugt","7":"pa_dato-779","8":"pa_dato-780","9":"pa_dato-852","10":"pa_dato-843","11":"pa_dato-844","12":"pa_dato-781","13":"pa_dato-974","14":"pa_dato-782","15":"pa_dato-783","16":"pa_dato-913","17":"pa_dato-975","18":"pa_dato-969","19":"pa_dato-784","20":"pa_dato-1068","21":"pa_dato-785","22":"pa_dato-786","23":"pa_dato-915","24":"pa_dato-976","25":"pa_dato-978","26":"pa_dato-787","27":"pa_dato-979","28":"pa_dato-788","29":"pa_dato-789","30":"pa_dato-916","31":"pa_dato-925","32":"pa_dato-926","33":"pa_dato-790","34":"pa_dato-980","35":"pa_dato-791","36":"pa_dato-792","37":"pa_dato-914","38":"pa_dato-977","39":"pa_dato-970","40":"pa_dato-793","41":"pa_dato-841","42":"pa_dato-794","43":"pa_dato-795","44":"pa_dato-931","45":"pa_dato-981","46":"pa_dato-971","47":"pa_dato-796","48":"pa_dato-984","49":"pa_dato-797","50":"pa_dato-798","51":"pa_dato-932","52":"pa_dato-937","53":"pa_dato-938","54":"pa_dato-799","55":"pa_dato-939","56":"pa_dato-800","57":"pa_dato-801","58":"pa_dato-933","59":"pa_dato-982","60":"pa_dato-983","61":"pa_dato-802","62":"pa_dato-1069","63":"pa_dato-1077","64":"pa_dato-1167","65":"pa_dato-810","66":"pa_dato-811","67":"pa_dato-812","68":"pa_dato-813","69":"pa_dato-814","70":"pa_dato-903","71":"pa_dato-905","72":"pa_dato-815","73":"pa_dato-816","74":"pa_dato-944","75":"pa_dato-907","76":"pa_dato-906","77":"pa_dato-854","78":"pa_dato-869","79":"pa_dato-946","80":"pa_dato-1145","81":"pa_dato-945","82":"pa_dato-904","83":"pa_dato-857","84":"pa_dato-955","85":"pa_dato-872","86":"pa_dato-956","87":"pa_dato-885","88":"pa_dato-889","89":"pa_dato-1191","90":"pa_dato-880","91":"pa_dato-1157","92":"pa_tidspunkt-40","93":"pa_tidspunkt-314","94":"pa_tidspunkt-308","95":"tour_location-ilulissat-da","96":"tour_type-hundeslaede","97":"tour_tickettype-arctic_excursions","98":"tour_operator-kaffemik-by-qimussi","100":"first","101":"outofstock","102":"shipping-taxable","103":"product-type-variable"},"acf":[],"yoast_head":"<!-- This site is optimized with the Yoast SEO plugin v23.6 - https:\/\/yoast.com\/wordpress\/plugins\/seo\/ -->\n<title>Arctic Excursions<\/title>\n<meta name=\"robots\" content=\"index, follow, max-snippet:-1, max-image-preview:large, max-video-preview:-1\" \/>\n<link rel=\"canonical\" href=\"https:\/\/arcticexcursions.com\/udflugter\/1-times-hundeslaedetur\/\" \/>\n<meta property=\"og:locale\" content=\"da_DK\" \/>\n<meta property=\"og:type\" content=\"article\" \/>\n<meta property=\"og:title\" content=\"Rundt om verden - 1 times hundesl\u00e6detur - Arctic Excursions\" \/>\n<meta property=\"og:description\" content=\"Oplev en hundesl\u00e6detur p\u00e5 1 time i Ilulissatomr\u00e5det!\" \/>\n<meta property=\"og:url\" content=\"https:\/\/arcticexcursions.com\/udflugter\/1-times-hundeslaedetur\/\" \/>\n<meta property=\"og:site_name\" content=\"Arctic Excursions\" \/>\n<meta property=\"article:modified_time\" content=\"2024-03-27T16:02:20+00:00\" \/>\n<meta property=\"og:image\" content=\"https:\/\/arcticexcursions.com\/wp-content\/uploads\/2023\/10\/20200419_145517-1-scaled.jpg\" \/>\n\t<meta property=\"og:image:width\" content=\"2560\" \/>\n\t<meta property=\"og:image:height\" content=\"1920\" \/>\n\t<meta property=\"og:image:type\" content=\"image\/jpeg\" \/>\n<meta name=\"twitter:card\" content=\"summary_large_image\" \/>\n<meta name=\"twitter:label1\" content=\"Estimeret l\u00e6setid\" \/>\n\t<meta name=\"twitter:data1\" content=\"1 minut\" \/>\n<script type=\"application\/ld+json\" class=\"yoast-schema-graph\">{\"@context\":\"https:\/\/schema.org\",\"@graph\":[{\"@type\":\"WebPage\",\"@id\":\"https:\/\/arcticexcursions.com\/udflugter\/1-times-hundeslaedetur\/\",\"url\":\"https:\/\/arcticexcursions.com\/udflugter\/1-times-hundeslaedetur\/\",\"name\":\"Rundt om verden - 1 times hundesl\u00e6detur - Arctic Excursions\",\"isPartOf\":{\"@id\":\"https:\/\/arcticexcursions.com\/#website\"},\"primaryImageOfPage\":{\"@id\":\"https:\/\/arcticexcursions.com\/udflugter\/1-times-hundeslaedetur\/#primaryimage\"},\"image\":{\"@id\":\"https:\/\/arcticexcursions.com\/udflugter\/1-times-hundeslaedetur\/#primaryimage\"},\"thumbnailUrl\":\"https:\/\/arcticexcursions.com\/wp-content\/uploads\/2023\/10\/20200419_145517-1-scaled.jpg\",\"datePublished\":\"2023-10-04T11:43:23+00:00\",\"dateModified\":\"2024-03-27T16:02:20+00:00\",\"breadcrumb\":{\"@id\":\"https:\/\/arcticexcursions.com\/udflugter\/1-times-hundeslaedetur\/#breadcrumb\"},\"inLanguage\":\"da-DK\",\"potentialAction\":[{\"@type\":\"ReadAction\",\"target\":[\"https:\/\/arcticexcursions.com\/udflugter\/1-times-hundeslaedetur\/\"]}]},{\"@type\":\"ImageObject\",\"inLanguage\":\"da-DK\",\"@id\":\"https:\/\/arcticexcursions.com\/udflugter\/1-times-hundeslaedetur\/#primaryimage\",\"url\":\"https:\/\/arcticexcursions.com\/wp-content\/uploads\/2023\/10\/20200419_145517-1-scaled.jpg\",\"contentUrl\":\"https:\/\/arcticexcursions.com\/wp-content\/uploads\/2023\/10\/20200419_145517-1-scaled.jpg\",\"width\":2560,\"height\":1920},{\"@type\":\"BreadcrumbList\",\"@id\":\"https:\/\/arcticexcursions.com\/udflugter\/1-times-hundeslaedetur\/#breadcrumb\",\"itemListElement\":[{\"@type\":\"ListItem\",\"position\":1,\"name\":\"Home\",\"item\":\"https:\/\/arcticexcursions.com\/da\/\"},{\"@type\":\"ListItem\",\"position\":2,\"name\":\"Udflugter i Gr\u00f8nland\",\"item\":\"https:\/\/arcticexcursions.com\/da\/udflugter\/\"},{\"@type\":\"ListItem\",\"position\":3,\"name\":\"Rundt om verden &#8211; 1 times hundesl\u00e6detur\"}]},{\"@type\":\"WebSite\",\"@id\":\"https:\/\/arcticexcursions.com\/#website\",\"url\":\"https:\/\/arcticexcursions.com\/\",\"name\":\"Arctic Excursions\",\"description\":\"New adventures. Every day.\",\"publisher\":{\"@id\":\"https:\/\/arcticexcursions.com\/#organization\"},\"potentialAction\":[{\"@type\":\"SearchAction\",\"target\":{\"@type\":\"EntryPoint\",\"urlTemplate\":\"https:\/\/arcticexcursions.com\/?s={search_term_string}\"},\"query-input\":{\"@type\":\"PropertyValueSpecification\",\"valueRequired\":true,\"valueName\":\"search_term_string\"}}],\"inLanguage\":\"da-DK\"},{\"@type\":\"Organization\",\"@id\":\"https:\/\/arcticexcursions.com\/#organization\",\"name\":\"Arctic Excursions\",\"url\":\"https:\/\/arcticexcursions.com\/\",\"logo\":{\"@type\":\"ImageObject\",\"inLanguage\":\"da-DK\",\"@id\":\"https:\/\/arcticexcursions.com\/#\/schema\/logo\/image\/\",\"url\":\"https:\/\/arcticexcursions.com\/wp-content\/uploads\/2022\/11\/fb-logo.png\",\"contentUrl\":\"https:\/\/arcticexcursions.com\/wp-content\/uploads\/2022\/11\/fb-logo.png\",\"width\":523,\"height\":523,\"caption\":\"Arctic Excursions\"},\"image\":{\"@id\":\"https:\/\/arcticexcursions.com\/#\/schema\/logo\/image\/\"}}]}<\/script>\n<!-- \/ Yoast SEO plugin. -->","yoast_head_json":{"title":"Arctic Excursions","robots":{"index":"index","follow":"follow","max-snippet":"max-snippet:-1","max-image-preview":"max-image-preview:large","max-video-preview":"max-video-preview:-1"},"canonical":"https:\/\/arcticexcursions.com\/udflugter\/1-times-hundeslaedetur\/","og_locale":"da_DK","og_type":"article","og_title":"Rundt om verden - 1 times hundesl\u00e6detur - Arctic Excursions","og_description":"Oplev en hundesl\u00e6detur p\u00e5 1 time i Ilulissatomr\u00e5det!","og_url":"https:\/\/arcticexcursions.com\/udflugter\/1-times-hundeslaedetur\/","og_site_name":"Arctic Excursions","article_modified_time":"2024-03-27T16:02:20+00:00","og_image":[{"width":2560,"height":1920,"url":"https:\/\/arcticexcursions.com\/wp-content\/uploads\/2023\/10\/20200419_145517-1-scaled.jpg","type":"image\/jpeg"}],"twitter_card":"summary_large_image","twitter_misc":{"Estimeret l\u00e6setid":"1 minut"},"schema":{"@context":"https:\/\/schema.org","@graph":[{"@type":"WebPage","@id":"https:\/\/arcticexcursions.com\/udflugter\/1-times-hundeslaedetur\/","url":"https:\/\/arcticexcursions.com\/udflugter\/1-times-hundeslaedetur\/","name":"Rundt om verden - 1 times hundesl\u00e6detur - Arctic Excursions","isPartOf":{"@id":"https:\/\/arcticexcursions.com\/#website"},"primaryImageOfPage":{"@id":"https:\/\/arcticexcursions.com\/udflugter\/1-times-hundeslaedetur\/#primaryimage"},"image":{"@id":"https:\/\/arcticexcursions.com\/udflugter\/1-times-hundeslaedetur\/#primaryimage"},"thumbnailUrl":"https:\/\/arcticexcursions.com\/wp-content\/uploads\/2023\/10\/20200419_145517-1-scaled.jpg","datePublished":"2023-10-04T11:43:23+00:00","dateModified":"2024-03-27T16:02:20+00:00","breadcrumb":{"@id":"https:\/\/arcticexcursions.com\/udflugter\/1-times-hundeslaedetur\/#breadcrumb"},"inLanguage":"da-DK","potentialAction":[{"@type":"ReadAction","target":["https:\/\/arcticexcursions.com\/udflugter\/1-times-hundeslaedetur\/"]}]},{"@type":"ImageObject","inLanguage":"da-DK","@id":"https:\/\/arcticexcursions.com\/udflugter\/1-times-hundeslaedetur\/#primaryimage","url":"https:\/\/arcticexcursions.com\/wp-content\/uploads\/2023\/10\/20200419_145517-1-scaled.jpg","contentUrl":"https:\/\/arcticexcursions.com\/wp-content\/uploads\/2023\/10\/20200419_145517-1-scaled.jpg","width":2560,"height":1920},{"@type":"BreadcrumbList","@id":"https:\/\/arcticexcursions.com\/udflugter\/1-times-hundeslaedetur\/#breadcrumb","itemListElement":[{"@type":"ListItem","position":1,"name":"Home","item":"https:\/\/arcticexcursions.com\/da\/"},{"@type":"ListItem","position":2,"name":"Udflugter i Gr\u00f8nland","item":"https:\/\/arcticexcursions.com\/da\/udflugter\/"},{"@type":"ListItem","position":3,"name":"Rundt om verden &#8211; 1 times hundesl\u00e6detur"}]},{"@type":"WebSite","@id":"https:\/\/arcticexcursions.com\/#website","url":"https:\/\/arcticexcursions.com\/","name":"Arctic Excursions","description":"New adventures. Every day.","publisher":{"@id":"https:\/\/arcticexcursions.com\/#organization"},"potentialAction":[{"@type":"SearchAction","target":{"@type":"EntryPoint","urlTemplate":"https:\/\/arcticexcursions.com\/?s={search_term_string}"},"query-input":{"@type":"PropertyValueSpecification","valueRequired":true,"valueName":"search_term_string"}}],"inLanguage":"da-DK"},{"@type":"Organization","@id":"https:\/\/arcticexcursions.com\/#organization","name":"Arctic Excursions","url":"https:\/\/arcticexcursions.com\/","logo":{"@type":"ImageObject","inLanguage":"da-DK","@id":"https:\/\/arcticexcursions.com\/#\/schema\/logo\/image\/","url":"https:\/\/arcticexcursions.com\/wp-content\/uploads\/2022\/11\/fb-logo.png","contentUrl":"https:\/\/arcticexcursions.com\/wp-content\/uploads\/2022\/11\/fb-logo.png","width":523,"height":523,"caption":"Arctic Excursions"},"image":{"@id":"https:\/\/arcticexcursions.com\/#\/schema\/logo\/image\/"}}]}},"_links":{"self":[{"href":"https:\/\/arcticexcursions.com\/da\/wp-json\/wp\/v2\/product\/20719"}],"collection":[{"href":"https:\/\/arcticexcursions.com\/da\/wp-json\/wp\/v2\/product"}],"about":[{"href":"https:\/\/arcticexcursions.com\/da\/wp-json\/wp\/v2\/types\/product"}],"replies":[{"embeddable":true,"href":"https:\/\/arcticexcursions.com\/da\/wp-json\/wp\/v2\/comments?post=20719"}],"wp:featuredmedia":[{"embeddable":true,"href":"https:\/\/arcticexcursions.com\/da\/wp-json\/wp\/v2\/media\/20717"}],"wp:attachment":[{"href":"https:\/\/arcticexcursions.com\/da\/wp-json\/wp\/v2\/media?parent=20719"}],"wp:term":[{"taxonomy":"product_brand","embeddable":true,"href":"https:\/\/arcticexcursions.com\/da\/wp-json\/wp\/v2\/product_brand?post=20719"},{"taxonomy":"product_cat","embeddable":true,"href":"https:\/\/arcticexcursions.com\/da\/wp-json\/wp\/v2\/product_cat?post=20719"},{"taxonomy":"product_tag","embeddable":true,"href":"https:\/\/arcticexcursions.com\/da\/wp-json\/wp\/v2\/product_tag?post=20719"}],"curies":[{"name":"wp","href":"https:\/\/api.w.org\/{rel}","templated":true}]}}