{"id":20733,"date":"2023-10-04T14:08:39","date_gmt":"2023-10-04T12:08:39","guid":{"rendered":"https:\/\/arcticexcursions.com\/?post_type=product&#038;p=20733"},"modified":"2025-02-01T18:01:52","modified_gmt":"2025-02-01T16:01:52","slug":"jorden-rundt-4-5-timers-hundeslaedetur","status":"publish","type":"product","link":"https:\/\/arcticexcursions.com\/da\/udflugter\/jorden-rundt-4-5-timers-hundeslaedetur\/","title":{"rendered":"Jorden rundt: 4-5 timers hundesl\u00e6detur"},"content":{"rendered":"<p>Et af de mest ikoniske symboler for Gr\u00f8nland er hundesl\u00e6den, en inuit-skik, der g\u00e5r 2000 \u00e5r tilbage.<br \/>\nF\u00e5 transportformer har holdt s\u00e5 l\u00e6nge, \u200b\u200bmen den grundl\u00e6ggende id\u00e9 er stadig den samme, som den var f\u00f8r vikingetiden.<\/p>\n<p>Der blev brugt en simpel tr\u00e6sl\u00e6de med nogle hunde fastgjort i seler.<\/p>\n<p>Den fuldst\u00e6ndige stilhed brydes af medernes fl\u00f8jten mod den sammenpressede sne og de kn\u00e6kkende surringer, mens sl\u00e6den drejer med terr\u00e6net. Oplevelsen skal haves for fuldt ud at forst\u00e5 den.<\/p>\n<p>Betingelserne vil bestemme den pr\u00e6cise vej.<br \/>\nDag til dag og \u00e5rstid til \u00e5rstid varierer vejret. Til tider vil sneen v\u00e6re dybere, mens andre gange vil terr\u00e6net v\u00e6re mere iset og stenet.<\/p>\n<p>Museren taler m\u00e5ske ikke altid godt engelsk eller dansk, men vi kommunikerer med h\u00e5ndbev\u00e6gelser og positiv energi.<\/p>\n<p>Vi anbefaler varmt t\u00f8j!<\/p>\n<p><b>Varighed:<\/b> 4-5 timer<\/p>\n<p><b>Inkluderet:<\/b> Kaffe &#038; te<\/p>\n","protected":false},"excerpt":{"rendered":"<p>Tag med p\u00e5 vores &#8220;Jorden rundt&#8221; 4-5 timers hundesl\u00e6detur! Vi k\u00f8rer i en stor cirkel i det smukke Ilulissatomr\u00e5de. <\/p>\n","protected":false},"featured_media":20727,"comment_status":"open","ping_status":"closed","template":"","meta":{"_acf_changed":false},"product_brand":[],"product_cat":[170],"product_tag":[],"class_list":{"0":"post-20733","1":"product","2":"type-product","3":"status-publish","4":"has-post-thumbnail","6":"product_cat-udflugt","7":"pa_dato-910","8":"pa_dato-911","9":"pa_dato-813","10":"pa_dato-907","11":"pa_dato-856","12":"pa_dato-929","13":"pa_dato-884","14":"pa_dato-956","15":"pa_dato-885","16":"pa_dato-858","17":"pa_dato-987","18":"pa_dato-930","19":"pa_dato-860","20":"pa_dato-947","21":"pa_dato-888","22":"pa_dato-876","23":"pa_dato-879","24":"pa_dato-1079","25":"pa_dato-1341","26":"pa_dato-1264","27":"pa_tidspunkt-40","28":"pa_tidspunkt-314","29":"pa_tidspunkt-308","30":"tour_location-ilulissat-da","31":"tour_type-hundeslaede","32":"tour_tickettype-arctic_excursions","33":"tour_operator-kaffemik-by-qimussi","35":"first","36":"outofstock","37":"shipping-taxable","38":"product-type-variable"},"acf":[],"yoast_head":"<!-- This site is optimized with the Yoast SEO plugin v23.6 - https:\/\/yoast.com\/wordpress\/plugins\/seo\/ -->\n<title>Arctic Excursions<\/title>\n<meta name=\"robots\" content=\"index, follow, max-snippet:-1, max-image-preview:large, max-video-preview:-1\" \/>\n<link rel=\"canonical\" href=\"https:\/\/arcticexcursions.com\/udflugter\/jorden-rundt-4-5-timers-hundeslaedetur\/\" \/>\n<meta property=\"og:locale\" content=\"da_DK\" \/>\n<meta property=\"og:type\" content=\"article\" \/>\n<meta property=\"og:title\" content=\"Jorden rundt: 4-5 timers hundesl\u00e6detur - Arctic Excursions\" \/>\n<meta property=\"og:description\" content=\"Tag med p\u00e5 vores &quot;Jorden rundt&quot; 4-5 timers hundesl\u00e6detur! Vi k\u00f8rer i en stor cirkel i det smukke Ilulissatomr\u00e5de.\" \/>\n<meta property=\"og:url\" content=\"https:\/\/arcticexcursions.com\/udflugter\/jorden-rundt-4-5-timers-hundeslaedetur\/\" \/>\n<meta property=\"og:site_name\" content=\"Arctic Excursions\" \/>\n<meta property=\"article:modified_time\" content=\"2025-02-01T16:01:52+00:00\" \/>\n<meta property=\"og:image\" content=\"https:\/\/arcticexcursions.com\/wp-content\/uploads\/2023\/10\/20201027_195444.jpg\" \/>\n\t<meta property=\"og:image:width\" content=\"449\" \/>\n\t<meta property=\"og:image:height\" content=\"306\" \/>\n\t<meta property=\"og:image:type\" content=\"image\/jpeg\" \/>\n<meta name=\"twitter:card\" content=\"summary_large_image\" \/>\n<meta name=\"twitter:label1\" content=\"Estimeret l\u00e6setid\" \/>\n\t<meta name=\"twitter:data1\" content=\"1 minut\" \/>\n<script type=\"application\/ld+json\" class=\"yoast-schema-graph\">{\"@context\":\"https:\/\/schema.org\",\"@graph\":[{\"@type\":\"WebPage\",\"@id\":\"https:\/\/arcticexcursions.com\/udflugter\/jorden-rundt-4-5-timers-hundeslaedetur\/\",\"url\":\"https:\/\/arcticexcursions.com\/udflugter\/jorden-rundt-4-5-timers-hundeslaedetur\/\",\"name\":\"Jorden rundt: 4-5 timers hundesl\u00e6detur - Arctic Excursions\",\"isPartOf\":{\"@id\":\"https:\/\/arcticexcursions.com\/#website\"},\"primaryImageOfPage\":{\"@id\":\"https:\/\/arcticexcursions.com\/udflugter\/jorden-rundt-4-5-timers-hundeslaedetur\/#primaryimage\"},\"image\":{\"@id\":\"https:\/\/arcticexcursions.com\/udflugter\/jorden-rundt-4-5-timers-hundeslaedetur\/#primaryimage\"},\"thumbnailUrl\":\"https:\/\/arcticexcursions.com\/wp-content\/uploads\/2023\/10\/20201027_195444.jpg\",\"datePublished\":\"2023-10-04T12:08:39+00:00\",\"dateModified\":\"2025-02-01T16:01:52+00:00\",\"breadcrumb\":{\"@id\":\"https:\/\/arcticexcursions.com\/udflugter\/jorden-rundt-4-5-timers-hundeslaedetur\/#breadcrumb\"},\"inLanguage\":\"da-DK\",\"potentialAction\":[{\"@type\":\"ReadAction\",\"target\":[\"https:\/\/arcticexcursions.com\/udflugter\/jorden-rundt-4-5-timers-hundeslaedetur\/\"]}]},{\"@type\":\"ImageObject\",\"inLanguage\":\"da-DK\",\"@id\":\"https:\/\/arcticexcursions.com\/udflugter\/jorden-rundt-4-5-timers-hundeslaedetur\/#primaryimage\",\"url\":\"https:\/\/arcticexcursions.com\/wp-content\/uploads\/2023\/10\/20201027_195444.jpg\",\"contentUrl\":\"https:\/\/arcticexcursions.com\/wp-content\/uploads\/2023\/10\/20201027_195444.jpg\",\"width\":449,\"height\":306},{\"@type\":\"BreadcrumbList\",\"@id\":\"https:\/\/arcticexcursions.com\/udflugter\/jorden-rundt-4-5-timers-hundeslaedetur\/#breadcrumb\",\"itemListElement\":[{\"@type\":\"ListItem\",\"position\":1,\"name\":\"Home\",\"item\":\"https:\/\/arcticexcursions.com\/da\/\"},{\"@type\":\"ListItem\",\"position\":2,\"name\":\"Udflugter i Gr\u00f8nland\",\"item\":\"https:\/\/arcticexcursions.com\/da\/udflugter\/\"},{\"@type\":\"ListItem\",\"position\":3,\"name\":\"Jorden rundt: 4-5 timers hundesl\u00e6detur\"}]},{\"@type\":\"WebSite\",\"@id\":\"https:\/\/arcticexcursions.com\/#website\",\"url\":\"https:\/\/arcticexcursions.com\/\",\"name\":\"Arctic Excursions\",\"description\":\"New adventures. Every day.\",\"publisher\":{\"@id\":\"https:\/\/arcticexcursions.com\/#organization\"},\"potentialAction\":[{\"@type\":\"SearchAction\",\"target\":{\"@type\":\"EntryPoint\",\"urlTemplate\":\"https:\/\/arcticexcursions.com\/?s={search_term_string}\"},\"query-input\":{\"@type\":\"PropertyValueSpecification\",\"valueRequired\":true,\"valueName\":\"search_term_string\"}}],\"inLanguage\":\"da-DK\"},{\"@type\":\"Organization\",\"@id\":\"https:\/\/arcticexcursions.com\/#organization\",\"name\":\"Arctic Excursions\",\"url\":\"https:\/\/arcticexcursions.com\/\",\"logo\":{\"@type\":\"ImageObject\",\"inLanguage\":\"da-DK\",\"@id\":\"https:\/\/arcticexcursions.com\/#\/schema\/logo\/image\/\",\"url\":\"https:\/\/arcticexcursions.com\/wp-content\/uploads\/2022\/11\/fb-logo.png\",\"contentUrl\":\"https:\/\/arcticexcursions.com\/wp-content\/uploads\/2022\/11\/fb-logo.png\",\"width\":523,\"height\":523,\"caption\":\"Arctic Excursions\"},\"image\":{\"@id\":\"https:\/\/arcticexcursions.com\/#\/schema\/logo\/image\/\"}}]}<\/script>\n<!-- \/ Yoast SEO plugin. -->","yoast_head_json":{"title":"Arctic Excursions","robots":{"index":"index","follow":"follow","max-snippet":"max-snippet:-1","max-image-preview":"max-image-preview:large","max-video-preview":"max-video-preview:-1"},"canonical":"https:\/\/arcticexcursions.com\/udflugter\/jorden-rundt-4-5-timers-hundeslaedetur\/","og_locale":"da_DK","og_type":"article","og_title":"Jorden rundt: 4-5 timers hundesl\u00e6detur - Arctic Excursions","og_description":"Tag med p\u00e5 vores \"Jorden rundt\" 4-5 timers hundesl\u00e6detur! Vi k\u00f8rer i en stor cirkel i det smukke Ilulissatomr\u00e5de.","og_url":"https:\/\/arcticexcursions.com\/udflugter\/jorden-rundt-4-5-timers-hundeslaedetur\/","og_site_name":"Arctic Excursions","article_modified_time":"2025-02-01T16:01:52+00:00","og_image":[{"width":449,"height":306,"url":"https:\/\/arcticexcursions.com\/wp-content\/uploads\/2023\/10\/20201027_195444.jpg","type":"image\/jpeg"}],"twitter_card":"summary_large_image","twitter_misc":{"Estimeret l\u00e6setid":"1 minut"},"schema":{"@context":"https:\/\/schema.org","@graph":[{"@type":"WebPage","@id":"https:\/\/arcticexcursions.com\/udflugter\/jorden-rundt-4-5-timers-hundeslaedetur\/","url":"https:\/\/arcticexcursions.com\/udflugter\/jorden-rundt-4-5-timers-hundeslaedetur\/","name":"Jorden rundt: 4-5 timers hundesl\u00e6detur - Arctic Excursions","isPartOf":{"@id":"https:\/\/arcticexcursions.com\/#website"},"primaryImageOfPage":{"@id":"https:\/\/arcticexcursions.com\/udflugter\/jorden-rundt-4-5-timers-hundeslaedetur\/#primaryimage"},"image":{"@id":"https:\/\/arcticexcursions.com\/udflugter\/jorden-rundt-4-5-timers-hundeslaedetur\/#primaryimage"},"thumbnailUrl":"https:\/\/arcticexcursions.com\/wp-content\/uploads\/2023\/10\/20201027_195444.jpg","datePublished":"2023-10-04T12:08:39+00:00","dateModified":"2025-02-01T16:01:52+00:00","breadcrumb":{"@id":"https:\/\/arcticexcursions.com\/udflugter\/jorden-rundt-4-5-timers-hundeslaedetur\/#breadcrumb"},"inLanguage":"da-DK","potentialAction":[{"@type":"ReadAction","target":["https:\/\/arcticexcursions.com\/udflugter\/jorden-rundt-4-5-timers-hundeslaedetur\/"]}]},{"@type":"ImageObject","inLanguage":"da-DK","@id":"https:\/\/arcticexcursions.com\/udflugter\/jorden-rundt-4-5-timers-hundeslaedetur\/#primaryimage","url":"https:\/\/arcticexcursions.com\/wp-content\/uploads\/2023\/10\/20201027_195444.jpg","contentUrl":"https:\/\/arcticexcursions.com\/wp-content\/uploads\/2023\/10\/20201027_195444.jpg","width":449,"height":306},{"@type":"BreadcrumbList","@id":"https:\/\/arcticexcursions.com\/udflugter\/jorden-rundt-4-5-timers-hundeslaedetur\/#breadcrumb","itemListElement":[{"@type":"ListItem","position":1,"name":"Home","item":"https:\/\/arcticexcursions.com\/da\/"},{"@type":"ListItem","position":2,"name":"Udflugter i Gr\u00f8nland","item":"https:\/\/arcticexcursions.com\/da\/udflugter\/"},{"@type":"ListItem","position":3,"name":"Jorden rundt: 4-5 timers hundesl\u00e6detur"}]},{"@type":"WebSite","@id":"https:\/\/arcticexcursions.com\/#website","url":"https:\/\/arcticexcursions.com\/","name":"Arctic Excursions","description":"New adventures. Every day.","publisher":{"@id":"https:\/\/arcticexcursions.com\/#organization"},"potentialAction":[{"@type":"SearchAction","target":{"@type":"EntryPoint","urlTemplate":"https:\/\/arcticexcursions.com\/?s={search_term_string}"},"query-input":{"@type":"PropertyValueSpecification","valueRequired":true,"valueName":"search_term_string"}}],"inLanguage":"da-DK"},{"@type":"Organization","@id":"https:\/\/arcticexcursions.com\/#organization","name":"Arctic Excursions","url":"https:\/\/arcticexcursions.com\/","logo":{"@type":"ImageObject","inLanguage":"da-DK","@id":"https:\/\/arcticexcursions.com\/#\/schema\/logo\/image\/","url":"https:\/\/arcticexcursions.com\/wp-content\/uploads\/2022\/11\/fb-logo.png","contentUrl":"https:\/\/arcticexcursions.com\/wp-content\/uploads\/2022\/11\/fb-logo.png","width":523,"height":523,"caption":"Arctic Excursions"},"image":{"@id":"https:\/\/arcticexcursions.com\/#\/schema\/logo\/image\/"}}]}},"_links":{"self":[{"href":"https:\/\/arcticexcursions.com\/da\/wp-json\/wp\/v2\/product\/20733"}],"collection":[{"href":"https:\/\/arcticexcursions.com\/da\/wp-json\/wp\/v2\/product"}],"about":[{"href":"https:\/\/arcticexcursions.com\/da\/wp-json\/wp\/v2\/types\/product"}],"replies":[{"embeddable":true,"href":"https:\/\/arcticexcursions.com\/da\/wp-json\/wp\/v2\/comments?post=20733"}],"wp:featuredmedia":[{"embeddable":true,"href":"https:\/\/arcticexcursions.com\/da\/wp-json\/wp\/v2\/media\/20727"}],"wp:attachment":[{"href":"https:\/\/arcticexcursions.com\/da\/wp-json\/wp\/v2\/media?parent=20733"}],"wp:term":[{"taxonomy":"product_brand","embeddable":true,"href":"https:\/\/arcticexcursions.com\/da\/wp-json\/wp\/v2\/product_brand?post=20733"},{"taxonomy":"product_cat","embeddable":true,"href":"https:\/\/arcticexcursions.com\/da\/wp-json\/wp\/v2\/product_cat?post=20733"},{"taxonomy":"product_tag","embeddable":true,"href":"https:\/\/arcticexcursions.com\/da\/wp-json\/wp\/v2\/product_tag?post=20733"}],"curies":[{"name":"wp","href":"https:\/\/api.w.org\/{rel}","templated":true}]}}