{"id":20880,"date":"2023-10-09T17:48:25","date_gmt":"2023-10-09T15:48:25","guid":{"rendered":"https:\/\/arcticexcursions.com\/?post_type=product&#038;p=20880"},"modified":"2025-12-01T17:40:31","modified_gmt":"2025-12-01T15:40:31","slug":"heli-hike","status":"publish","type":"product","link":"https:\/\/arcticexcursions.com\/da\/udflugter\/heli-hike\/","title":{"rendered":"Heli Hike"},"content":{"rendered":"<p>Du f\u00e5r en betagende udsigt over det storsl\u00e5ede fjordsystem bag Nuuk p\u00e5 din sp\u00e6ndende flyvetur fra Nuuk Lufthavn, inden du lander 1.100 meter over havets overflade for at starte din vandretur.<\/p>\n<p>Din pilot og guide m\u00f8der dig i lufthavnen, k\u00f8rer dig til helikopterlandingspladsen og hj\u00e6lper dig med at g\u00f8re dig klar til at g\u00e5 ombord i helikopteren. N\u00e5r du g\u00e5r ombord p\u00e5 helikopteren og flyver over det smukke terr\u00e6n, begynder adrenalinniveauet at stige. Dette er din chance for at nyde den fulde panoramaudsigt over fjorden og de n\u00e6rliggende bjerge.<\/p>\n<p>H\u00f8jt oppe p\u00e5 fjeldet, hvor piloten vil lande dig, vil din guide hj\u00e6lpe dig med at g\u00f8re de sidste forberedelser til din snesko-tur, inden du g\u00e5r ud for at udforske det fantastiske Itisooq-fjeld, som rejser sig 1100 meter over havets overflade. Vores kyndige rejseledere f\u00f8rer dig sikkert op ad bjerget. Du kan v\u00e6re sikker p\u00e5, at omgivelserne viser sig for dig p\u00e5 en s\u00e6rlig m\u00e5de.<\/p>\n<p><b>Varighed:<\/b> 4 timer <\/p>\n<p><b>Deltagere:<\/b> Bem\u00e6rk venligst, at udflugten kun gennemf\u00f8res, hvis der er mindst 4 bookede billetter i alt. Hvis du for eksempel booker 2 billetter, skal der s\u00e6lges mindst 2 yderligere billetter til andre kunder, f\u00f8r turen kan finde sted. <\/p>\n<p><b>Sprog:<\/b> Guiden taler dansk, engelsk og gr\u00f8nlandsk <\/p>\n<p><b>Sv\u00e6rhedsgrad:<\/b> \u00d8vede. Anbefales ikke hvis du har rygproblemer. <\/p>\n<p><b>Forplejning:<\/b> Kaffe og te serveres <\/p>\n<p><b>Anbefalet p\u00e5kl\u00e6dning:<\/b> Varmt, praktisk t\u00f8j og vandresko. Sikkerhedsudstyr er inkluderet. Andet udstyr kan lejes. <\/p>\n<p><iframe width=\"560\" height=\"315\" src=\"https:\/\/www.youtube.com\/embed\/o3wciETxcGE?si=RmeHvkvFc1J1vAek&#038;controls=0\" title=\"YouTube video player\" frameborder=\"0\" allow=\"accelerometer; autoplay; clipboard-write; encrypted-media; gyroscope; picture-in-picture; web-share\" allowfullscreen><\/iframe><\/p>\n","protected":false},"excerpt":{"rendered":"<p>Det bedste vandreeventyr! Tag en spektakul\u00e6r helikoptertur til et afsidesliggende sted h\u00f8jt over Itisooq-bugten for at f\u00e5 en guidet vandretur i h\u00f8jalpine omgivelser.<\/p>\n","protected":false},"featured_media":20923,"comment_status":"open","ping_status":"closed","template":"","meta":{"_acf_changed":false},"product_brand":[],"product_cat":[101,170],"product_tag":[],"class_list":{"0":"post-20880","1":"product","2":"type-product","3":"status-publish","4":"has-post-thumbnail","6":"product_cat-tour","7":"product_cat-udflugt","8":"pa_dato-1207","9":"pa_dato-1214","10":"pa_dato-1220","11":"pa_dato-1251","12":"pa_dato-1252","13":"pa_dato-1253","14":"pa_dato-1254","15":"pa_dato-1255","16":"pa_dato-1256","17":"pa_dato-1257","18":"pa_dato-1258","19":"pa_dato-1180","20":"pa_dato-1259","21":"pa_dato-1260","22":"pa_dato-1261","23":"pa_dato-1262","24":"pa_dato-1263","25":"pa_dato-1264","26":"pa_dato-1265","27":"pa_dato-1266","28":"pa_dato-1267","29":"pa_dato-1268","30":"pa_dato-1269","31":"pa_dato-1270","32":"pa_dato-1271","33":"pa_dato-1272","34":"pa_dato-1273","35":"pa_dato-1274","36":"pa_dato-1275","37":"pa_dato-1276","38":"pa_dato-6067","39":"pa_dato-6062","40":"pa_dato-5956","41":"pa_tidspunkt-35","42":"tour_location-nuuk-da","43":"tour_type-outdoor-da","44":"tour_tickettype-arctic_excursions","45":"tour_operator-two-ravens","47":"first","48":"outofstock","49":"shipping-taxable","50":"product-type-variable"},"acf":[],"yoast_head":"<!-- This site is optimized with the Yoast SEO plugin v23.6 - https:\/\/yoast.com\/wordpress\/plugins\/seo\/ -->\n<title>Arctic Excursions<\/title>\n<meta name=\"robots\" content=\"index, follow, max-snippet:-1, max-image-preview:large, max-video-preview:-1\" \/>\n<link rel=\"canonical\" href=\"https:\/\/arcticexcursions.com\/da\/udflugter\/heli-hike\/\" \/>\n<meta property=\"og:locale\" content=\"da_DK\" \/>\n<meta property=\"og:type\" content=\"article\" \/>\n<meta property=\"og:title\" content=\"Heli Hike - Arctic Excursions\" \/>\n<meta property=\"og:description\" content=\"Det bedste vandreeventyr! Tag en spektakul\u00e6r helikoptertur til et afsidesliggende sted h\u00f8jt over Itisooq-bugten for at f\u00e5 en guidet vandretur i h\u00f8jalpine omgivelser.\" \/>\n<meta property=\"og:url\" content=\"https:\/\/arcticexcursions.com\/da\/udflugter\/heli-hike\/\" \/>\n<meta property=\"og:site_name\" content=\"Arctic Excursions\" \/>\n<meta property=\"article:modified_time\" content=\"2025-12-01T15:40:31+00:00\" \/>\n<meta property=\"og:image\" content=\"https:\/\/arcticexcursions.com\/wp-content\/uploads\/2023\/10\/387554958_3485384775061277_6915135098003429433_n.jpg\" \/>\n\t<meta property=\"og:image:width\" content=\"2400\" \/>\n\t<meta property=\"og:image:height\" content=\"1600\" \/>\n\t<meta property=\"og:image:type\" content=\"image\/jpeg\" \/>\n<meta name=\"twitter:card\" content=\"summary_large_image\" \/>\n<meta name=\"twitter:label1\" content=\"Estimeret l\u00e6setid\" \/>\n\t<meta name=\"twitter:data1\" content=\"1 minut\" \/>\n<script type=\"application\/ld+json\" class=\"yoast-schema-graph\">{\"@context\":\"https:\/\/schema.org\",\"@graph\":[{\"@type\":\"WebPage\",\"@id\":\"https:\/\/arcticexcursions.com\/da\/udflugter\/heli-hike\/\",\"url\":\"https:\/\/arcticexcursions.com\/da\/udflugter\/heli-hike\/\",\"name\":\"Heli Hike - Arctic Excursions\",\"isPartOf\":{\"@id\":\"https:\/\/arcticexcursions.com\/#website\"},\"primaryImageOfPage\":{\"@id\":\"https:\/\/arcticexcursions.com\/da\/udflugter\/heli-hike\/#primaryimage\"},\"image\":{\"@id\":\"https:\/\/arcticexcursions.com\/da\/udflugter\/heli-hike\/#primaryimage\"},\"thumbnailUrl\":\"https:\/\/arcticexcursions.com\/wp-content\/uploads\/2023\/10\/387554958_3485384775061277_6915135098003429433_n.jpg\",\"datePublished\":\"2023-10-09T15:48:25+00:00\",\"dateModified\":\"2025-12-01T15:40:31+00:00\",\"breadcrumb\":{\"@id\":\"https:\/\/arcticexcursions.com\/da\/udflugter\/heli-hike\/#breadcrumb\"},\"inLanguage\":\"da-DK\",\"potentialAction\":[{\"@type\":\"ReadAction\",\"target\":[\"https:\/\/arcticexcursions.com\/da\/udflugter\/heli-hike\/\"]}]},{\"@type\":\"ImageObject\",\"inLanguage\":\"da-DK\",\"@id\":\"https:\/\/arcticexcursions.com\/da\/udflugter\/heli-hike\/#primaryimage\",\"url\":\"https:\/\/arcticexcursions.com\/wp-content\/uploads\/2023\/10\/387554958_3485384775061277_6915135098003429433_n.jpg\",\"contentUrl\":\"https:\/\/arcticexcursions.com\/wp-content\/uploads\/2023\/10\/387554958_3485384775061277_6915135098003429433_n.jpg\",\"width\":2400,\"height\":1600},{\"@type\":\"BreadcrumbList\",\"@id\":\"https:\/\/arcticexcursions.com\/da\/udflugter\/heli-hike\/#breadcrumb\",\"itemListElement\":[{\"@type\":\"ListItem\",\"position\":1,\"name\":\"Home\",\"item\":\"https:\/\/arcticexcursions.com\/da\/\"},{\"@type\":\"ListItem\",\"position\":2,\"name\":\"Udflugter i Gr\u00f8nland\",\"item\":\"https:\/\/arcticexcursions.com\/da\/udflugter\/\"},{\"@type\":\"ListItem\",\"position\":3,\"name\":\"Heli Hike\"}]},{\"@type\":\"WebSite\",\"@id\":\"https:\/\/arcticexcursions.com\/#website\",\"url\":\"https:\/\/arcticexcursions.com\/\",\"name\":\"Arctic Excursions\",\"description\":\"New adventures. Every day.\",\"publisher\":{\"@id\":\"https:\/\/arcticexcursions.com\/#organization\"},\"potentialAction\":[{\"@type\":\"SearchAction\",\"target\":{\"@type\":\"EntryPoint\",\"urlTemplate\":\"https:\/\/arcticexcursions.com\/?s={search_term_string}\"},\"query-input\":{\"@type\":\"PropertyValueSpecification\",\"valueRequired\":true,\"valueName\":\"search_term_string\"}}],\"inLanguage\":\"da-DK\"},{\"@type\":\"Organization\",\"@id\":\"https:\/\/arcticexcursions.com\/#organization\",\"name\":\"Arctic Excursions\",\"url\":\"https:\/\/arcticexcursions.com\/\",\"logo\":{\"@type\":\"ImageObject\",\"inLanguage\":\"da-DK\",\"@id\":\"https:\/\/arcticexcursions.com\/#\/schema\/logo\/image\/\",\"url\":\"https:\/\/arcticexcursions.com\/wp-content\/uploads\/2022\/11\/fb-logo.png\",\"contentUrl\":\"https:\/\/arcticexcursions.com\/wp-content\/uploads\/2022\/11\/fb-logo.png\",\"width\":523,\"height\":523,\"caption\":\"Arctic Excursions\"},\"image\":{\"@id\":\"https:\/\/arcticexcursions.com\/#\/schema\/logo\/image\/\"}}]}<\/script>\n<!-- \/ Yoast SEO plugin. -->","yoast_head_json":{"title":"Arctic Excursions","robots":{"index":"index","follow":"follow","max-snippet":"max-snippet:-1","max-image-preview":"max-image-preview:large","max-video-preview":"max-video-preview:-1"},"canonical":"https:\/\/arcticexcursions.com\/da\/udflugter\/heli-hike\/","og_locale":"da_DK","og_type":"article","og_title":"Heli Hike - Arctic Excursions","og_description":"Det bedste vandreeventyr! Tag en spektakul\u00e6r helikoptertur til et afsidesliggende sted h\u00f8jt over Itisooq-bugten for at f\u00e5 en guidet vandretur i h\u00f8jalpine omgivelser.","og_url":"https:\/\/arcticexcursions.com\/da\/udflugter\/heli-hike\/","og_site_name":"Arctic Excursions","article_modified_time":"2025-12-01T15:40:31+00:00","og_image":[{"width":2400,"height":1600,"url":"https:\/\/arcticexcursions.com\/wp-content\/uploads\/2023\/10\/387554958_3485384775061277_6915135098003429433_n.jpg","type":"image\/jpeg"}],"twitter_card":"summary_large_image","twitter_misc":{"Estimeret l\u00e6setid":"1 minut"},"schema":{"@context":"https:\/\/schema.org","@graph":[{"@type":"WebPage","@id":"https:\/\/arcticexcursions.com\/da\/udflugter\/heli-hike\/","url":"https:\/\/arcticexcursions.com\/da\/udflugter\/heli-hike\/","name":"Heli Hike - Arctic Excursions","isPartOf":{"@id":"https:\/\/arcticexcursions.com\/#website"},"primaryImageOfPage":{"@id":"https:\/\/arcticexcursions.com\/da\/udflugter\/heli-hike\/#primaryimage"},"image":{"@id":"https:\/\/arcticexcursions.com\/da\/udflugter\/heli-hike\/#primaryimage"},"thumbnailUrl":"https:\/\/arcticexcursions.com\/wp-content\/uploads\/2023\/10\/387554958_3485384775061277_6915135098003429433_n.jpg","datePublished":"2023-10-09T15:48:25+00:00","dateModified":"2025-12-01T15:40:31+00:00","breadcrumb":{"@id":"https:\/\/arcticexcursions.com\/da\/udflugter\/heli-hike\/#breadcrumb"},"inLanguage":"da-DK","potentialAction":[{"@type":"ReadAction","target":["https:\/\/arcticexcursions.com\/da\/udflugter\/heli-hike\/"]}]},{"@type":"ImageObject","inLanguage":"da-DK","@id":"https:\/\/arcticexcursions.com\/da\/udflugter\/heli-hike\/#primaryimage","url":"https:\/\/arcticexcursions.com\/wp-content\/uploads\/2023\/10\/387554958_3485384775061277_6915135098003429433_n.jpg","contentUrl":"https:\/\/arcticexcursions.com\/wp-content\/uploads\/2023\/10\/387554958_3485384775061277_6915135098003429433_n.jpg","width":2400,"height":1600},{"@type":"BreadcrumbList","@id":"https:\/\/arcticexcursions.com\/da\/udflugter\/heli-hike\/#breadcrumb","itemListElement":[{"@type":"ListItem","position":1,"name":"Home","item":"https:\/\/arcticexcursions.com\/da\/"},{"@type":"ListItem","position":2,"name":"Udflugter i Gr\u00f8nland","item":"https:\/\/arcticexcursions.com\/da\/udflugter\/"},{"@type":"ListItem","position":3,"name":"Heli Hike"}]},{"@type":"WebSite","@id":"https:\/\/arcticexcursions.com\/#website","url":"https:\/\/arcticexcursions.com\/","name":"Arctic Excursions","description":"New adventures. Every day.","publisher":{"@id":"https:\/\/arcticexcursions.com\/#organization"},"potentialAction":[{"@type":"SearchAction","target":{"@type":"EntryPoint","urlTemplate":"https:\/\/arcticexcursions.com\/?s={search_term_string}"},"query-input":{"@type":"PropertyValueSpecification","valueRequired":true,"valueName":"search_term_string"}}],"inLanguage":"da-DK"},{"@type":"Organization","@id":"https:\/\/arcticexcursions.com\/#organization","name":"Arctic Excursions","url":"https:\/\/arcticexcursions.com\/","logo":{"@type":"ImageObject","inLanguage":"da-DK","@id":"https:\/\/arcticexcursions.com\/#\/schema\/logo\/image\/","url":"https:\/\/arcticexcursions.com\/wp-content\/uploads\/2022\/11\/fb-logo.png","contentUrl":"https:\/\/arcticexcursions.com\/wp-content\/uploads\/2022\/11\/fb-logo.png","width":523,"height":523,"caption":"Arctic Excursions"},"image":{"@id":"https:\/\/arcticexcursions.com\/#\/schema\/logo\/image\/"}}]}},"_links":{"self":[{"href":"https:\/\/arcticexcursions.com\/da\/wp-json\/wp\/v2\/product\/20880"}],"collection":[{"href":"https:\/\/arcticexcursions.com\/da\/wp-json\/wp\/v2\/product"}],"about":[{"href":"https:\/\/arcticexcursions.com\/da\/wp-json\/wp\/v2\/types\/product"}],"replies":[{"embeddable":true,"href":"https:\/\/arcticexcursions.com\/da\/wp-json\/wp\/v2\/comments?post=20880"}],"wp:featuredmedia":[{"embeddable":true,"href":"https:\/\/arcticexcursions.com\/da\/wp-json\/wp\/v2\/media\/20923"}],"wp:attachment":[{"href":"https:\/\/arcticexcursions.com\/da\/wp-json\/wp\/v2\/media?parent=20880"}],"wp:term":[{"taxonomy":"product_brand","embeddable":true,"href":"https:\/\/arcticexcursions.com\/da\/wp-json\/wp\/v2\/product_brand?post=20880"},{"taxonomy":"product_cat","embeddable":true,"href":"https:\/\/arcticexcursions.com\/da\/wp-json\/wp\/v2\/product_cat?post=20880"},{"taxonomy":"product_tag","embeddable":true,"href":"https:\/\/arcticexcursions.com\/da\/wp-json\/wp\/v2\/product_tag?post=20880"}],"curies":[{"name":"wp","href":"https:\/\/api.w.org\/{rel}","templated":true}]}}