{"id":20882,"date":"2023-10-09T17:43:34","date_gmt":"2023-10-09T15:43:34","guid":{"rendered":"https:\/\/arcticexcursions.com\/?post_type=product&#038;p=20882"},"modified":"2025-12-01T17:44:47","modified_gmt":"2025-12-01T15:44:47","slug":"exploratory-hiking-by-the-icefiord","status":"publish","type":"product","link":"https:\/\/arcticexcursions.com\/da\/udflugter\/exploratory-hiking-by-the-icefiord\/","title":{"rendered":"Udforskende vandreture ved isfjord"},"content":{"rendered":"<p><b>Dag 1<\/b><br \/>\nEn kabineb\u00e5d tager dig fra Nuuk til Kapisillit. Dette er mere end bare en sejltur &#8211; det er en sejltur gennem det n\u00e6stst\u00f8rste fjordsystem p\u00e5 jorden. Smukke bjerge rejser sig lige op fra vandoverfladen og topper i en h\u00f8jde af omkring 1000 meter. Hvis vi er heldige, f\u00e5r vi m\u00e5ske \u00f8je p\u00e5 hvaler, s\u00e6ler og forskellige havfuglearter. N\u00e5r du krydser fjorden p\u00e5 vej til Kapisillit, er der en masse historie, der skal afsl\u00f8res.<\/p>\n<p>Vi l\u00e6gger til i den indre bugt af Kapisillit (Kangerlupiluk) og vandrer derefter cirka tre kilometer til vores basecamp, som ligger p\u00e5 en halv\u00f8 ved den smukke isfjord (Kangersuneq). Vi sl\u00e5r os ned og nyder naturen resten af dagen.<\/p>\n<p>Samlet distance: 3 km<br \/>\nAntal timers vandring: 1-2 timer<\/p>\n<p><b>Dag 2<\/b><br \/>\nVi begynder dagen med en solid morgenmad, lidt kaffe eller te og en betagende udsigt over de massive bjerge, der rejser sig p\u00e5 hver side af isfjorden, mens vi nyder morgensolen. Vi pakker en dagsrygs\u00e6k og begiver os ud p\u00e5 en behagelig vandretur i retning af bjergmassivet Niggu, som rejser sig til n\u00e6sten 1000 meter over havets overflade. Hvis du har mod p\u00e5 det, kan vi pr\u00f8ve at klatre op til toppen for at f\u00e5 et fugleperspektiv over det omr\u00e5de, vi skal udforske de f\u00f8lgende dage, eller vi kan finde et godt frokoststed l\u00e6ngere oppe ad bjerget, som ogs\u00e5 byder p\u00e5 en fantastisk udsigt.<br \/>\nHvis vi er heldige, ser vi m\u00e5ske nogle dyr som \u00f8rne, r\u00e6ve, sneharer, ryper og rensdyr. Vi anbefaler, at vi tager p\u00e5 fisketur for at fors\u00f8ge at fange aftensmaden og samle nogle lokale b\u00e6r, urter og svampe tilbage i basecampen.<\/p>\n<p>Aftenen vil blive brugt p\u00e5 at g\u00f8re klar til de kommende to dage, som inkluderer en vandretur ind i landet og en overnatning ved s\u00f8en Qajartoriarsuaq.<\/p>\n<p>Afh\u00e6ngigt af hvor h\u00f8jt vi g\u00e5r, vil den samlede distance, vi tilbagel\u00e6gger den dag, v\u00e6re mellem 5 og 10 km.<br \/>\nVandretid: 5-7 timer.<\/p>\n<p><b>Dag 3<\/b><br \/>\nI dag skal vi udforske de indre s\u00f8er til fods i den uber\u00f8rte gr\u00f8nlandske vildmark. Vandreturen vil foreg\u00e5 i forskelligt terr\u00e6n med masser af tid til at nyde landskabet. <\/p>\n<p>Vi sl\u00e5r lejr, n\u00e5r vi n\u00e5r frem til vores lejrplads. Om aftenen er der mulighed for at fiske fjeld\u00f8rred eller, for dem der ikke har noget imod koldt vand, en forfriskende dukkert i s\u00f8en. En anden mulighed er at g\u00e5 en tur langs s\u00f8en i det sene eftermiddags-solskin.<\/p>\n<p>De samlede afstande den dag vil v\u00e6re omkring 5-10 km.<br \/>\nAntal timers vandring: 5-6 timer<\/p>\n<p><b>Dag 4<\/b><br \/>\nN\u00e5r vi har sl\u00e5et lejr, tager vi en lille omvej, f\u00f8r vi vender tilbage mod bjergmassivet og forlader lavlandet. Dagens m\u00e5l er en bjergtop med en kegleformet form, som er en skjult perle af et udsigtspunkt. Her spiser vi ogs\u00e5 frokost. S\u00f8er omgiver det, og der er en god chance for, at bes\u00f8gende vil se noget dyreliv. <\/p>\n<p>Derefter g\u00e5r vi tilbage til basecamp, hvor vi forbereder et festm\u00e5ltid, og hvis du har husket whiskyen, er det en s\u00e6rlig forn\u00f8jelse at f\u00e5 et glas med et stykke is, der er millioner af \u00e5r gammelt. Vi l\u00e6gger os i soveposerne til en god nats s\u00f8vn, klar til at dele vores utrolige oplevelser og fort\u00e6llinger med andre.<\/p>\n<p>De samlede afstande den dag vil v\u00e6re omkring 10-15 km.<\/p>\n<p>Antal timer til fods: 5-6 timer<\/p>\n<p><b>Dag 5<\/b><br \/>\nI de sidste 1000 \u00e5r har vikingerne, ogs\u00e5 kendt som nordboerne, domineret de varmeste fjorde i Syd- og Vestgr\u00f8nland. Og hvor vi skal bo, er der ingen undtagelse fra dette. De kan stadig ses de fleste steder i Nuuk-fjorden. <\/p>\n<p>Planen for i dag er at vandre til en s\u00f8 eller en naturlig pool, hvor nordboerne engang badede om sommeren. Bassinet har en betagende udsigt over bugten og ligger gemt v\u00e6k mellem buske og klipper. Du er velkommen til at tage en kold sv\u00f8mmetur i poolen for at rense hovedet og forestille dig, hvordan livet var for 1.000 \u00e5r siden. <\/p>\n<p>Valgfrit:<br \/>\nDen n\u00e6rmeste f\u00e5reavler, som opdr\u00e6tter f\u00e5r langt mod nord, er i n\u00e6rheden, s\u00e5 det ville v\u00e6re et godt tidspunkt at sige hej og l\u00e6re mere om livet der.    <\/p>\n<p>Dagens samlede kilometertal vil v\u00e6re mellem 7 og 10 km.<\/p>\n<p>Vandretid: 6-7 timer<\/p>\n<p><b>Dag 6<\/b><br \/>\nVi rejser langs nogle nordvestlige ruter, som lokale og rensdyr l\u00e6nge har brugt. De vil f\u00f8re os til et plateau med en r\u00e6kke muligheder for at vove sig ud i det ukendte h\u00f8jere oppe p\u00e5 h\u00f8jere grund. Endnu en gang med en betagende udsigt over isfjorden og en god mulighed for at se dyreliv som sneharer, ryper og rensdyr.<\/p>\n<p>De samlede afstande den dag vil v\u00e6re omkring 7-11 km.<br \/>\nAntal timers vandring: 6-7 timer<\/p>\n<p><b>Dag 7<\/b><br \/>\nVi f\u00f8lger sydsiden af bugten i Kapisillit, indtil vi n\u00e5r floden t\u00e6t p\u00e5 landsbyen Kapisillit, hvor vi afmonterer basecampen, efter at de sidste billeder af vores betagende maleriske lejrplads er blevet taget. Laksene kommer kun op i denne flod i Gr\u00f8nland for at gyde. Vi g\u00f8r et kort stop her for at se, om vi kan pr\u00f8ve at h\u00e5ndfange fjeld\u00f8rred i stedet! Du er i gode h\u00e6nder, for den lokale guide bruger ofte denne teknik.<\/p>\n<p>Efter fiskeriet vandrer vi de sidste par kilometer til Kapisillit for at udforske denne utroligt traditionelle gr\u00f8nlandske landsby. Inden vi bliver hentet og g\u00e5r ombord p\u00e5 b\u00e5den for at vende tilbage til Nuuk, er der tid til at snakke med de lokale. <\/p>\n<p>Den samlede distance den dag vil v\u00e6re omkring 8-10 km<\/p>\n<p>Antal timers vandring: 6-7 timer<\/p>\n<p><b>Sv\u00e6rhedsgrad:<\/b><\/p>\n<p>Der er ingen etablerede stier eller spor at f\u00f8lge; dette er vandretur i vildmarken. bortset fra dyrespor. Dette landskab er stort set uudviklet. Du b\u00f8r v\u00e6re i stand til at tilbagel\u00e6gge 10 til 12 kilometer om dagen i uj\u00e6vnt terr\u00e6n.<\/p>\n<p><b>Prisen best\u00e5r af:<\/b><\/p>\n<p>B\u00e5dtransport mellem Nuuk og Kapisillit<br \/>\nTo bjergbestigere i n\u00e6rheden<br \/>\n6 morgenm\u00e5ltider, 7 frokoster og 6 middage. Der drikkes altid varme drikke.<br \/>\nLeje af telte og madlavnings-\/campingudstyr i pardelte telte. Mod betaling er det muligt at leje et enkelt telt.<\/p>\n<p>Du kan leje et liggeunderlag og en sovepose.<\/p>\n","protected":false},"excerpt":{"rendered":"<p>Du kan komme til Kangersuneq\/Isfjorden fra Nuuk efter en dejlig sejltur og en timelang vandretur. P\u00e5 dette sted m\u00f8der den gr\u00f8nlandske iskappe Nuuk-fjordens bund og fylder den med is, der er tusinder af \u00e5r gammel. Nyd en varm drik lavet over b\u00e5let, mens du sidder ned og lytter til isen smelte. Beroligende og uovertruffent! Omgivelserne inviterer dig p\u00e5 vandreture med udsigter, du aldrig glemmer.<\/p>\n","protected":false},"featured_media":51119,"comment_status":"open","ping_status":"closed","template":"","meta":{"_acf_changed":false},"product_brand":[],"product_cat":[101,170],"product_tag":[],"class_list":{"0":"post-20882","1":"product","2":"type-product","3":"status-publish","4":"has-post-thumbnail","6":"product_cat-tour","7":"product_cat-udflugt","8":"pa_dato-963","9":"pa_dato-964","10":"pa_dato-965","11":"pa_dato-5878","12":"pa_dato-5879","13":"pa_dato-5880","14":"pa_tidspunkt-72","15":"pa_tidspunkt-40","16":"tour_location-nuuk-da","17":"tour_type-outdoor-da","18":"tour_tickettype-arctic_excursions","19":"tour_operator-two-ravens","21":"first","22":"outofstock","23":"shipping-taxable","24":"product-type-variable"},"acf":[],"yoast_head":"<!-- This site is optimized with the Yoast SEO plugin v23.6 - https:\/\/yoast.com\/wordpress\/plugins\/seo\/ -->\n<title>Arctic Excursions<\/title>\n<meta name=\"robots\" content=\"index, follow, max-snippet:-1, max-image-preview:large, max-video-preview:-1\" \/>\n<link rel=\"canonical\" href=\"https:\/\/arcticexcursions.com\/udflugter\/exploratory-hiking-by-the-icefiord\/\" \/>\n<meta property=\"og:locale\" content=\"da_DK\" \/>\n<meta property=\"og:type\" content=\"article\" \/>\n<meta property=\"og:title\" content=\"Udforskende vandreture ved isfjord - Arctic Excursions\" \/>\n<meta property=\"og:description\" content=\"Du kan komme til Kangersuneq\/Isfjorden fra Nuuk efter en dejlig sejltur og en timelang vandretur. P\u00e5 dette sted m\u00f8der den gr\u00f8nlandske iskappe Nuuk-fjordens bund og fylder den med is, der er tusinder af \u00e5r gammel. Nyd en varm drik lavet over b\u00e5let, mens du sidder ned og lytter til isen smelte. Beroligende og uovertruffent! Omgivelserne inviterer dig p\u00e5 vandreture med udsigter, du aldrig glemmer.\" \/>\n<meta property=\"og:url\" content=\"https:\/\/arcticexcursions.com\/udflugter\/exploratory-hiking-by-the-icefiord\/\" \/>\n<meta property=\"og:site_name\" content=\"Arctic Excursions\" \/>\n<meta property=\"article:modified_time\" content=\"2025-12-01T15:44:47+00:00\" \/>\n<meta property=\"og:image\" content=\"https:\/\/arcticexcursions.com\/wp-content\/uploads\/2025\/04\/Kopi-af-IMG_3504-2.jpg\" \/>\n\t<meta property=\"og:image:width\" content=\"2048\" \/>\n\t<meta property=\"og:image:height\" content=\"1536\" \/>\n\t<meta property=\"og:image:type\" content=\"image\/jpeg\" \/>\n<meta name=\"twitter:card\" content=\"summary_large_image\" \/>\n<meta name=\"twitter:label1\" content=\"Estimeret l\u00e6setid\" \/>\n\t<meta name=\"twitter:data1\" content=\"5 minutter\" \/>\n<script type=\"application\/ld+json\" class=\"yoast-schema-graph\">{\"@context\":\"https:\/\/schema.org\",\"@graph\":[{\"@type\":\"WebPage\",\"@id\":\"https:\/\/arcticexcursions.com\/udflugter\/exploratory-hiking-by-the-icefiord\/\",\"url\":\"https:\/\/arcticexcursions.com\/udflugter\/exploratory-hiking-by-the-icefiord\/\",\"name\":\"Udforskende vandreture ved isfjord - Arctic Excursions\",\"isPartOf\":{\"@id\":\"https:\/\/arcticexcursions.com\/#website\"},\"primaryImageOfPage\":{\"@id\":\"https:\/\/arcticexcursions.com\/udflugter\/exploratory-hiking-by-the-icefiord\/#primaryimage\"},\"image\":{\"@id\":\"https:\/\/arcticexcursions.com\/udflugter\/exploratory-hiking-by-the-icefiord\/#primaryimage\"},\"thumbnailUrl\":\"https:\/\/arcticexcursions.com\/wp-content\/uploads\/2025\/04\/Kopi-af-IMG_3504-2.jpg\",\"datePublished\":\"2023-10-09T15:43:34+00:00\",\"dateModified\":\"2025-12-01T15:44:47+00:00\",\"breadcrumb\":{\"@id\":\"https:\/\/arcticexcursions.com\/udflugter\/exploratory-hiking-by-the-icefiord\/#breadcrumb\"},\"inLanguage\":\"da-DK\",\"potentialAction\":[{\"@type\":\"ReadAction\",\"target\":[\"https:\/\/arcticexcursions.com\/udflugter\/exploratory-hiking-by-the-icefiord\/\"]}]},{\"@type\":\"ImageObject\",\"inLanguage\":\"da-DK\",\"@id\":\"https:\/\/arcticexcursions.com\/udflugter\/exploratory-hiking-by-the-icefiord\/#primaryimage\",\"url\":\"https:\/\/arcticexcursions.com\/wp-content\/uploads\/2025\/04\/Kopi-af-IMG_3504-2.jpg\",\"contentUrl\":\"https:\/\/arcticexcursions.com\/wp-content\/uploads\/2025\/04\/Kopi-af-IMG_3504-2.jpg\",\"width\":2048,\"height\":1536},{\"@type\":\"BreadcrumbList\",\"@id\":\"https:\/\/arcticexcursions.com\/udflugter\/exploratory-hiking-by-the-icefiord\/#breadcrumb\",\"itemListElement\":[{\"@type\":\"ListItem\",\"position\":1,\"name\":\"Home\",\"item\":\"https:\/\/arcticexcursions.com\/da\/\"},{\"@type\":\"ListItem\",\"position\":2,\"name\":\"Udflugter i Gr\u00f8nland\",\"item\":\"https:\/\/arcticexcursions.com\/da\/udflugter\/\"},{\"@type\":\"ListItem\",\"position\":3,\"name\":\"Udforskende vandreture ved isfjord\"}]},{\"@type\":\"WebSite\",\"@id\":\"https:\/\/arcticexcursions.com\/#website\",\"url\":\"https:\/\/arcticexcursions.com\/\",\"name\":\"Arctic Excursions\",\"description\":\"New adventures. Every day.\",\"publisher\":{\"@id\":\"https:\/\/arcticexcursions.com\/#organization\"},\"potentialAction\":[{\"@type\":\"SearchAction\",\"target\":{\"@type\":\"EntryPoint\",\"urlTemplate\":\"https:\/\/arcticexcursions.com\/?s={search_term_string}\"},\"query-input\":{\"@type\":\"PropertyValueSpecification\",\"valueRequired\":true,\"valueName\":\"search_term_string\"}}],\"inLanguage\":\"da-DK\"},{\"@type\":\"Organization\",\"@id\":\"https:\/\/arcticexcursions.com\/#organization\",\"name\":\"Arctic Excursions\",\"url\":\"https:\/\/arcticexcursions.com\/\",\"logo\":{\"@type\":\"ImageObject\",\"inLanguage\":\"da-DK\",\"@id\":\"https:\/\/arcticexcursions.com\/#\/schema\/logo\/image\/\",\"url\":\"https:\/\/arcticexcursions.com\/wp-content\/uploads\/2022\/11\/fb-logo.png\",\"contentUrl\":\"https:\/\/arcticexcursions.com\/wp-content\/uploads\/2022\/11\/fb-logo.png\",\"width\":523,\"height\":523,\"caption\":\"Arctic Excursions\"},\"image\":{\"@id\":\"https:\/\/arcticexcursions.com\/#\/schema\/logo\/image\/\"}}]}<\/script>\n<!-- \/ Yoast SEO plugin. -->","yoast_head_json":{"title":"Arctic Excursions","robots":{"index":"index","follow":"follow","max-snippet":"max-snippet:-1","max-image-preview":"max-image-preview:large","max-video-preview":"max-video-preview:-1"},"canonical":"https:\/\/arcticexcursions.com\/udflugter\/exploratory-hiking-by-the-icefiord\/","og_locale":"da_DK","og_type":"article","og_title":"Udforskende vandreture ved isfjord - Arctic Excursions","og_description":"Du kan komme til Kangersuneq\/Isfjorden fra Nuuk efter en dejlig sejltur og en timelang vandretur. P\u00e5 dette sted m\u00f8der den gr\u00f8nlandske iskappe Nuuk-fjordens bund og fylder den med is, der er tusinder af \u00e5r gammel. Nyd en varm drik lavet over b\u00e5let, mens du sidder ned og lytter til isen smelte. Beroligende og uovertruffent! Omgivelserne inviterer dig p\u00e5 vandreture med udsigter, du aldrig glemmer.","og_url":"https:\/\/arcticexcursions.com\/udflugter\/exploratory-hiking-by-the-icefiord\/","og_site_name":"Arctic Excursions","article_modified_time":"2025-12-01T15:44:47+00:00","og_image":[{"width":2048,"height":1536,"url":"https:\/\/arcticexcursions.com\/wp-content\/uploads\/2025\/04\/Kopi-af-IMG_3504-2.jpg","type":"image\/jpeg"}],"twitter_card":"summary_large_image","twitter_misc":{"Estimeret l\u00e6setid":"5 minutter"},"schema":{"@context":"https:\/\/schema.org","@graph":[{"@type":"WebPage","@id":"https:\/\/arcticexcursions.com\/udflugter\/exploratory-hiking-by-the-icefiord\/","url":"https:\/\/arcticexcursions.com\/udflugter\/exploratory-hiking-by-the-icefiord\/","name":"Udforskende vandreture ved isfjord - Arctic Excursions","isPartOf":{"@id":"https:\/\/arcticexcursions.com\/#website"},"primaryImageOfPage":{"@id":"https:\/\/arcticexcursions.com\/udflugter\/exploratory-hiking-by-the-icefiord\/#primaryimage"},"image":{"@id":"https:\/\/arcticexcursions.com\/udflugter\/exploratory-hiking-by-the-icefiord\/#primaryimage"},"thumbnailUrl":"https:\/\/arcticexcursions.com\/wp-content\/uploads\/2025\/04\/Kopi-af-IMG_3504-2.jpg","datePublished":"2023-10-09T15:43:34+00:00","dateModified":"2025-12-01T15:44:47+00:00","breadcrumb":{"@id":"https:\/\/arcticexcursions.com\/udflugter\/exploratory-hiking-by-the-icefiord\/#breadcrumb"},"inLanguage":"da-DK","potentialAction":[{"@type":"ReadAction","target":["https:\/\/arcticexcursions.com\/udflugter\/exploratory-hiking-by-the-icefiord\/"]}]},{"@type":"ImageObject","inLanguage":"da-DK","@id":"https:\/\/arcticexcursions.com\/udflugter\/exploratory-hiking-by-the-icefiord\/#primaryimage","url":"https:\/\/arcticexcursions.com\/wp-content\/uploads\/2025\/04\/Kopi-af-IMG_3504-2.jpg","contentUrl":"https:\/\/arcticexcursions.com\/wp-content\/uploads\/2025\/04\/Kopi-af-IMG_3504-2.jpg","width":2048,"height":1536},{"@type":"BreadcrumbList","@id":"https:\/\/arcticexcursions.com\/udflugter\/exploratory-hiking-by-the-icefiord\/#breadcrumb","itemListElement":[{"@type":"ListItem","position":1,"name":"Home","item":"https:\/\/arcticexcursions.com\/da\/"},{"@type":"ListItem","position":2,"name":"Udflugter i Gr\u00f8nland","item":"https:\/\/arcticexcursions.com\/da\/udflugter\/"},{"@type":"ListItem","position":3,"name":"Udforskende vandreture ved isfjord"}]},{"@type":"WebSite","@id":"https:\/\/arcticexcursions.com\/#website","url":"https:\/\/arcticexcursions.com\/","name":"Arctic Excursions","description":"New adventures. Every day.","publisher":{"@id":"https:\/\/arcticexcursions.com\/#organization"},"potentialAction":[{"@type":"SearchAction","target":{"@type":"EntryPoint","urlTemplate":"https:\/\/arcticexcursions.com\/?s={search_term_string}"},"query-input":{"@type":"PropertyValueSpecification","valueRequired":true,"valueName":"search_term_string"}}],"inLanguage":"da-DK"},{"@type":"Organization","@id":"https:\/\/arcticexcursions.com\/#organization","name":"Arctic Excursions","url":"https:\/\/arcticexcursions.com\/","logo":{"@type":"ImageObject","inLanguage":"da-DK","@id":"https:\/\/arcticexcursions.com\/#\/schema\/logo\/image\/","url":"https:\/\/arcticexcursions.com\/wp-content\/uploads\/2022\/11\/fb-logo.png","contentUrl":"https:\/\/arcticexcursions.com\/wp-content\/uploads\/2022\/11\/fb-logo.png","width":523,"height":523,"caption":"Arctic Excursions"},"image":{"@id":"https:\/\/arcticexcursions.com\/#\/schema\/logo\/image\/"}}]}},"_links":{"self":[{"href":"https:\/\/arcticexcursions.com\/da\/wp-json\/wp\/v2\/product\/20882"}],"collection":[{"href":"https:\/\/arcticexcursions.com\/da\/wp-json\/wp\/v2\/product"}],"about":[{"href":"https:\/\/arcticexcursions.com\/da\/wp-json\/wp\/v2\/types\/product"}],"replies":[{"embeddable":true,"href":"https:\/\/arcticexcursions.com\/da\/wp-json\/wp\/v2\/comments?post=20882"}],"wp:featuredmedia":[{"embeddable":true,"href":"https:\/\/arcticexcursions.com\/da\/wp-json\/wp\/v2\/media\/51119"}],"wp:attachment":[{"href":"https:\/\/arcticexcursions.com\/da\/wp-json\/wp\/v2\/media?parent=20882"}],"wp:term":[{"taxonomy":"product_brand","embeddable":true,"href":"https:\/\/arcticexcursions.com\/da\/wp-json\/wp\/v2\/product_brand?post=20882"},{"taxonomy":"product_cat","embeddable":true,"href":"https:\/\/arcticexcursions.com\/da\/wp-json\/wp\/v2\/product_cat?post=20882"},{"taxonomy":"product_tag","embeddable":true,"href":"https:\/\/arcticexcursions.com\/da\/wp-json\/wp\/v2\/product_tag?post=20882"}],"curies":[{"name":"wp","href":"https:\/\/api.w.org\/{rel}","templated":true}]}}