{"id":20884,"date":"2023-10-09T17:40:35","date_gmt":"2023-10-09T15:40:35","guid":{"rendered":"https:\/\/arcticexcursions.com\/?post_type=product&#038;p=20884"},"modified":"2025-12-01T17:34:29","modified_gmt":"2025-12-01T15:34:29","slug":"6-days-skitouring-in-itisoq","status":"publish","type":"product","link":"https:\/\/arcticexcursions.com\/da\/udflugter\/6-days-skitouring-in-itisoq\/","title":{"rendered":"7 dages skitouring i Itisoq"},"content":{"rendered":"<p>Dag 1<br \/>\nDenne dag handler prim\u00e6rt om at ankomme til lejren, finde sig til rette og f\u00e5 en fornemmelse af det hele, men den handler ogs\u00e5 om at tage de f\u00f8rste sving p\u00e5 vejen dertil. <\/p>\n<p>Det f\u00f8rste skridt i processen er en b\u00e5dtur fra Nuuk til lejren, som ligger cirka 45 minutter v\u00e6k i en fjord. Vi g\u00f8r et pitstop ved det f\u00f8rste skiomr\u00e5de p\u00e5 vej ind.<br \/>\nOm eftermiddagen vil en b\u00e5d samle gruppen op og sejle dem til en n\u00e6rliggende lejr.<br \/>\nHer sl\u00e5r I parvis jeres telte op og f\u00e5r en orientering om omr\u00e5det og lejrens procedurer.<br \/>\nMiddag p\u00e5 klipperne, efterfulgt af en nat med b\u00e5l.<\/p>\n<p>Dag 2<br \/>\nI baggrunden af vores lejr, den f\u00f8rste dag med egentlig tur.<br \/>\nDen 1120 meter h\u00f8je top sydvest for lejren er det prim\u00e6re m\u00e5l for i dag. N\u00e5r vi kommer h\u00f8jere op p\u00e5 dette bjerg, f\u00e5r vi en bedre udsigt over fjordsystemet og en bedre id\u00e9 om, hvad vi kan forvente i l\u00f8bet af de n\u00e6ste par dage.<br \/>\nEt hold vil sejle ud i bugten p\u00e5 SUP&#8217;er udstyret med fiskeliner, n\u00e5r vi kommer tilbage til lejren for at afg\u00f8re, hvad der skal v\u00e6re til aftensmad. <\/p>\n<p>Hvis du f\u00f8ler dig frisk, kan du sv\u00f8mme i havet og slappe af i saunaen et stykke tid f\u00f8r middagen.<br \/>\nEndnu mere mingling omkring b\u00e5let.<\/p>\n<p>Dag 3<br \/>\nAnden dag p\u00e5 turen til Itisoq-regionen.<br \/>\nVi beslutter som gruppe, hvor vi skal tage hen efter det, der skete i g\u00e5r.  <\/p>\n<p>Der er mange valgmuligheder. Den mere \u00f8stlige side af den foreg\u00e5ende dags skil\u00f8b er det prim\u00e6re m\u00e5l. Pisten var lang og glat, med mindre h\u00f8jde og vinkel.<br \/>\nN\u00e5r du er p\u00e5 tur, skal du v\u00e6re opm\u00e6rksom p\u00e5 omgivelserne. Der er ryper, r\u00e6ve og harer i n\u00e6rheden.<br \/>\nDer vil blive tilberedt en lokal middag i lejren; bare rolig, det bliver ikke alt for lokalt.<br \/>\nDu ved allerede, hvad der sker om aftenen: b\u00e5l!<\/p>\n<p>Dag 4<br \/>\nEfter morgenmaden tager vi af sted p\u00e5 vores tredje skidag i vores basecamps baghave. Der vil v\u00e6re nogle op- og nedstigninger i l\u00f8bet af denne l\u00e6ngere dag. <\/p>\n<p>Nordvest for lejren ligger hovedobjektet. Et omr\u00e5de, der ikke er blevet k\u00f8rt meget p\u00e5 ski, fordi det kr\u00e6ver lidt mere arbejde.<br \/>\nMuligheden for at udforske omr\u00e5det er der altid. Eller hygge sig p\u00e5 slacklinen. nyde stilheden i det mindste.<br \/>\nIgen er saunaen en mulighed, is\u00e6r efter en dag som denne.<br \/>\nOg hvorfor ikke t\u00e6nde op i b\u00e5let og lave s&#8217;mores?<\/p>\n<p>Dag 5<br \/>\nVi blev f\u00e6rdige med at st\u00e5 p\u00e5 ski i vores baghave i dag. I dag bev\u00e6ger vi os nordp\u00e5. Vores udsigt over fjordsystemet bliver ogs\u00e5 \u00e6ndret en smule af en kort zigzag-travers. <\/p>\n<p>Du hj\u00e6lper med madlavningen, n\u00e5r du kommer tilbage til lejren. Renser fisk og vedligeholder b\u00e5let.<br \/>\nVi f\u00e5r det bedste ud af lejrens sidste aften ved at spille forskellige spil og lave sm\u00e5 konkurrencer samt t\u00e6nde b\u00e5let en sidste gang.<\/p>\n<p>Dag 6<br \/>\nEfter en solid morgenmad pakker vi sammen, tager afsked med den charmerende lejr og k\u00f8rer til det sidste skiomr\u00e5de.<br \/>\nSammen v\u00e6lger vi dette sted baseret p\u00e5 vores tidligere skierfaringer, da godt skil\u00f8b kr\u00e6ver gunstige forhold. Men en stor, bl\u00f8d couloir er hovedm\u00e5let. Fra lejren tager det 30 minutter at sejle <\/p>\n<p>P\u00e5 denne dag vender vi tilbage til byen, forh\u00e5bentlig en erfaring rigere og fyldt med nye fascinerende historier, som vi kan dele med familie og venner derhjemme.<\/p>\n<p>Prisen best\u00e5r af:<\/p>\n<p>Mellem Nuuk og Ravens Nest (lejren ved Itisoq) er der b\u00e5dtransport.<br \/>\n7 dage med 2 lokale engelsktalende guider.<br \/>\nMad (6 morgener, 7 frokoster og 6 middage)<br \/>\nOvernatning i telt (6 n\u00e6tter i et delt telt med sovepose og liggeunderlag; et enkelt telt er tilg\u00e6ngeligt mod et ekstra gebyr).<br \/>\nF\u00e6llestelt<br \/>\nAdgang til fiskeudstyr<br \/>\nAdgang til saunatelt<br \/>\nSyv ekstraordin\u00e6re guidede skiudflugter. <\/p>\n<p>Minimum: 5 personer<\/p>\n","protected":false},"excerpt":{"rendered":"<p>P\u00e5 dette skitureventyr med Two Ravens kan du st\u00e5 p\u00e5 ski fra top til fjord og nyde den betagende udsigt.<\/p>\n","protected":false},"featured_media":20931,"comment_status":"open","ping_status":"closed","template":"","meta":{"_acf_changed":false},"product_brand":[],"product_cat":[101,170],"product_tag":[],"class_list":{"0":"post-20884","1":"product","2":"type-product","3":"status-publish","4":"has-post-thumbnail","6":"product_cat-tour","7":"product_cat-udflugt","8":"pa_dato-881","9":"pa_dato-962","10":"pa_dato-5876","11":"pa_dato-5877","12":"pa_dato-5961","13":"pa_dato-6176","14":"pa_dato-6239","15":"pa_dato-6249","16":"pa_tidspunkt-72","17":"pa_tidspunkt-6266","18":"pa_tidspunkt-40","19":"tour_location-nuuk-da","20":"tour_type-outdoor-da","21":"tour_tickettype-arctic_excursions","22":"tour_operator-two-ravens","24":"first","25":"instock","26":"shipping-taxable","27":"purchasable","28":"product-type-variable"},"acf":[],"yoast_head":"<!-- This site is optimized with the Yoast SEO plugin v23.6 - https:\/\/yoast.com\/wordpress\/plugins\/seo\/ -->\n<title>Arctic Excursions<\/title>\n<meta name=\"robots\" content=\"index, follow, max-snippet:-1, max-image-preview:large, max-video-preview:-1\" \/>\n<link rel=\"canonical\" href=\"https:\/\/arcticexcursions.com\/da\/udflugter\/6-days-skitouring-in-itisoq\/\" \/>\n<meta property=\"og:locale\" content=\"da_DK\" \/>\n<meta property=\"og:type\" content=\"article\" \/>\n<meta property=\"og:title\" content=\"7 dages skitouring i Itisoq - Arctic Excursions\" \/>\n<meta property=\"og:description\" content=\"P\u00e5 dette skitureventyr med Two Ravens kan du st\u00e5 p\u00e5 ski fra top til fjord og nyde den betagende udsigt.\" \/>\n<meta property=\"og:url\" content=\"https:\/\/arcticexcursions.com\/da\/udflugter\/6-days-skitouring-in-itisoq\/\" \/>\n<meta property=\"og:site_name\" content=\"Arctic Excursions\" \/>\n<meta property=\"article:modified_time\" content=\"2025-12-01T15:34:29+00:00\" \/>\n<meta property=\"og:image\" content=\"https:\/\/arcticexcursions.com\/wp-content\/uploads\/2023\/10\/387530986_265301049826869_6019268412005843553_n.jpg\" \/>\n\t<meta property=\"og:image:width\" content=\"2400\" \/>\n\t<meta property=\"og:image:height\" content=\"1600\" \/>\n\t<meta property=\"og:image:type\" content=\"image\/jpeg\" \/>\n<meta name=\"twitter:card\" content=\"summary_large_image\" \/>\n<meta name=\"twitter:label1\" content=\"Estimeret l\u00e6setid\" \/>\n\t<meta name=\"twitter:data1\" content=\"3 minutter\" \/>\n<script type=\"application\/ld+json\" class=\"yoast-schema-graph\">{\"@context\":\"https:\/\/schema.org\",\"@graph\":[{\"@type\":\"WebPage\",\"@id\":\"https:\/\/arcticexcursions.com\/da\/udflugter\/6-days-skitouring-in-itisoq\/\",\"url\":\"https:\/\/arcticexcursions.com\/da\/udflugter\/6-days-skitouring-in-itisoq\/\",\"name\":\"7 dages skitouring i Itisoq - Arctic Excursions\",\"isPartOf\":{\"@id\":\"https:\/\/arcticexcursions.com\/#website\"},\"primaryImageOfPage\":{\"@id\":\"https:\/\/arcticexcursions.com\/da\/udflugter\/6-days-skitouring-in-itisoq\/#primaryimage\"},\"image\":{\"@id\":\"https:\/\/arcticexcursions.com\/da\/udflugter\/6-days-skitouring-in-itisoq\/#primaryimage\"},\"thumbnailUrl\":\"https:\/\/arcticexcursions.com\/wp-content\/uploads\/2023\/10\/387530986_265301049826869_6019268412005843553_n.jpg\",\"datePublished\":\"2023-10-09T15:40:35+00:00\",\"dateModified\":\"2025-12-01T15:34:29+00:00\",\"breadcrumb\":{\"@id\":\"https:\/\/arcticexcursions.com\/da\/udflugter\/6-days-skitouring-in-itisoq\/#breadcrumb\"},\"inLanguage\":\"da-DK\",\"potentialAction\":[{\"@type\":\"ReadAction\",\"target\":[\"https:\/\/arcticexcursions.com\/da\/udflugter\/6-days-skitouring-in-itisoq\/\"]}]},{\"@type\":\"ImageObject\",\"inLanguage\":\"da-DK\",\"@id\":\"https:\/\/arcticexcursions.com\/da\/udflugter\/6-days-skitouring-in-itisoq\/#primaryimage\",\"url\":\"https:\/\/arcticexcursions.com\/wp-content\/uploads\/2023\/10\/387530986_265301049826869_6019268412005843553_n.jpg\",\"contentUrl\":\"https:\/\/arcticexcursions.com\/wp-content\/uploads\/2023\/10\/387530986_265301049826869_6019268412005843553_n.jpg\",\"width\":2400,\"height\":1600},{\"@type\":\"BreadcrumbList\",\"@id\":\"https:\/\/arcticexcursions.com\/da\/udflugter\/6-days-skitouring-in-itisoq\/#breadcrumb\",\"itemListElement\":[{\"@type\":\"ListItem\",\"position\":1,\"name\":\"Home\",\"item\":\"https:\/\/arcticexcursions.com\/da\/\"},{\"@type\":\"ListItem\",\"position\":2,\"name\":\"Udflugter i Gr\u00f8nland\",\"item\":\"https:\/\/arcticexcursions.com\/da\/udflugter\/\"},{\"@type\":\"ListItem\",\"position\":3,\"name\":\"7 dages skitouring i Itisoq\"}]},{\"@type\":\"WebSite\",\"@id\":\"https:\/\/arcticexcursions.com\/#website\",\"url\":\"https:\/\/arcticexcursions.com\/\",\"name\":\"Arctic Excursions\",\"description\":\"New adventures. Every day.\",\"publisher\":{\"@id\":\"https:\/\/arcticexcursions.com\/#organization\"},\"potentialAction\":[{\"@type\":\"SearchAction\",\"target\":{\"@type\":\"EntryPoint\",\"urlTemplate\":\"https:\/\/arcticexcursions.com\/?s={search_term_string}\"},\"query-input\":{\"@type\":\"PropertyValueSpecification\",\"valueRequired\":true,\"valueName\":\"search_term_string\"}}],\"inLanguage\":\"da-DK\"},{\"@type\":\"Organization\",\"@id\":\"https:\/\/arcticexcursions.com\/#organization\",\"name\":\"Arctic Excursions\",\"url\":\"https:\/\/arcticexcursions.com\/\",\"logo\":{\"@type\":\"ImageObject\",\"inLanguage\":\"da-DK\",\"@id\":\"https:\/\/arcticexcursions.com\/#\/schema\/logo\/image\/\",\"url\":\"https:\/\/arcticexcursions.com\/wp-content\/uploads\/2022\/11\/fb-logo.png\",\"contentUrl\":\"https:\/\/arcticexcursions.com\/wp-content\/uploads\/2022\/11\/fb-logo.png\",\"width\":523,\"height\":523,\"caption\":\"Arctic Excursions\"},\"image\":{\"@id\":\"https:\/\/arcticexcursions.com\/#\/schema\/logo\/image\/\"}}]}<\/script>\n<!-- \/ Yoast SEO plugin. -->","yoast_head_json":{"title":"Arctic Excursions","robots":{"index":"index","follow":"follow","max-snippet":"max-snippet:-1","max-image-preview":"max-image-preview:large","max-video-preview":"max-video-preview:-1"},"canonical":"https:\/\/arcticexcursions.com\/da\/udflugter\/6-days-skitouring-in-itisoq\/","og_locale":"da_DK","og_type":"article","og_title":"7 dages skitouring i Itisoq - Arctic Excursions","og_description":"P\u00e5 dette skitureventyr med Two Ravens kan du st\u00e5 p\u00e5 ski fra top til fjord og nyde den betagende udsigt.","og_url":"https:\/\/arcticexcursions.com\/da\/udflugter\/6-days-skitouring-in-itisoq\/","og_site_name":"Arctic Excursions","article_modified_time":"2025-12-01T15:34:29+00:00","og_image":[{"width":2400,"height":1600,"url":"https:\/\/arcticexcursions.com\/wp-content\/uploads\/2023\/10\/387530986_265301049826869_6019268412005843553_n.jpg","type":"image\/jpeg"}],"twitter_card":"summary_large_image","twitter_misc":{"Estimeret l\u00e6setid":"3 minutter"},"schema":{"@context":"https:\/\/schema.org","@graph":[{"@type":"WebPage","@id":"https:\/\/arcticexcursions.com\/da\/udflugter\/6-days-skitouring-in-itisoq\/","url":"https:\/\/arcticexcursions.com\/da\/udflugter\/6-days-skitouring-in-itisoq\/","name":"7 dages skitouring i Itisoq - Arctic Excursions","isPartOf":{"@id":"https:\/\/arcticexcursions.com\/#website"},"primaryImageOfPage":{"@id":"https:\/\/arcticexcursions.com\/da\/udflugter\/6-days-skitouring-in-itisoq\/#primaryimage"},"image":{"@id":"https:\/\/arcticexcursions.com\/da\/udflugter\/6-days-skitouring-in-itisoq\/#primaryimage"},"thumbnailUrl":"https:\/\/arcticexcursions.com\/wp-content\/uploads\/2023\/10\/387530986_265301049826869_6019268412005843553_n.jpg","datePublished":"2023-10-09T15:40:35+00:00","dateModified":"2025-12-01T15:34:29+00:00","breadcrumb":{"@id":"https:\/\/arcticexcursions.com\/da\/udflugter\/6-days-skitouring-in-itisoq\/#breadcrumb"},"inLanguage":"da-DK","potentialAction":[{"@type":"ReadAction","target":["https:\/\/arcticexcursions.com\/da\/udflugter\/6-days-skitouring-in-itisoq\/"]}]},{"@type":"ImageObject","inLanguage":"da-DK","@id":"https:\/\/arcticexcursions.com\/da\/udflugter\/6-days-skitouring-in-itisoq\/#primaryimage","url":"https:\/\/arcticexcursions.com\/wp-content\/uploads\/2023\/10\/387530986_265301049826869_6019268412005843553_n.jpg","contentUrl":"https:\/\/arcticexcursions.com\/wp-content\/uploads\/2023\/10\/387530986_265301049826869_6019268412005843553_n.jpg","width":2400,"height":1600},{"@type":"BreadcrumbList","@id":"https:\/\/arcticexcursions.com\/da\/udflugter\/6-days-skitouring-in-itisoq\/#breadcrumb","itemListElement":[{"@type":"ListItem","position":1,"name":"Home","item":"https:\/\/arcticexcursions.com\/da\/"},{"@type":"ListItem","position":2,"name":"Udflugter i Gr\u00f8nland","item":"https:\/\/arcticexcursions.com\/da\/udflugter\/"},{"@type":"ListItem","position":3,"name":"7 dages skitouring i Itisoq"}]},{"@type":"WebSite","@id":"https:\/\/arcticexcursions.com\/#website","url":"https:\/\/arcticexcursions.com\/","name":"Arctic Excursions","description":"New adventures. Every day.","publisher":{"@id":"https:\/\/arcticexcursions.com\/#organization"},"potentialAction":[{"@type":"SearchAction","target":{"@type":"EntryPoint","urlTemplate":"https:\/\/arcticexcursions.com\/?s={search_term_string}"},"query-input":{"@type":"PropertyValueSpecification","valueRequired":true,"valueName":"search_term_string"}}],"inLanguage":"da-DK"},{"@type":"Organization","@id":"https:\/\/arcticexcursions.com\/#organization","name":"Arctic Excursions","url":"https:\/\/arcticexcursions.com\/","logo":{"@type":"ImageObject","inLanguage":"da-DK","@id":"https:\/\/arcticexcursions.com\/#\/schema\/logo\/image\/","url":"https:\/\/arcticexcursions.com\/wp-content\/uploads\/2022\/11\/fb-logo.png","contentUrl":"https:\/\/arcticexcursions.com\/wp-content\/uploads\/2022\/11\/fb-logo.png","width":523,"height":523,"caption":"Arctic Excursions"},"image":{"@id":"https:\/\/arcticexcursions.com\/#\/schema\/logo\/image\/"}}]}},"_links":{"self":[{"href":"https:\/\/arcticexcursions.com\/da\/wp-json\/wp\/v2\/product\/20884"}],"collection":[{"href":"https:\/\/arcticexcursions.com\/da\/wp-json\/wp\/v2\/product"}],"about":[{"href":"https:\/\/arcticexcursions.com\/da\/wp-json\/wp\/v2\/types\/product"}],"replies":[{"embeddable":true,"href":"https:\/\/arcticexcursions.com\/da\/wp-json\/wp\/v2\/comments?post=20884"}],"wp:featuredmedia":[{"embeddable":true,"href":"https:\/\/arcticexcursions.com\/da\/wp-json\/wp\/v2\/media\/20931"}],"wp:attachment":[{"href":"https:\/\/arcticexcursions.com\/da\/wp-json\/wp\/v2\/media?parent=20884"}],"wp:term":[{"taxonomy":"product_brand","embeddable":true,"href":"https:\/\/arcticexcursions.com\/da\/wp-json\/wp\/v2\/product_brand?post=20884"},{"taxonomy":"product_cat","embeddable":true,"href":"https:\/\/arcticexcursions.com\/da\/wp-json\/wp\/v2\/product_cat?post=20884"},{"taxonomy":"product_tag","embeddable":true,"href":"https:\/\/arcticexcursions.com\/da\/wp-json\/wp\/v2\/product_tag?post=20884"}],"curies":[{"name":"wp","href":"https:\/\/api.w.org\/{rel}","templated":true}]}}