{"id":20886,"date":"2023-10-09T13:54:09","date_gmt":"2023-10-09T11:54:09","guid":{"rendered":"https:\/\/arcticexcursions.com\/?post_type=product&#038;p=20886"},"modified":"2025-12-01T17:39:26","modified_gmt":"2025-12-01T15:39:26","slug":"ravens-nest-adventure-camp-5-days","status":"publish","type":"product","link":"https:\/\/arcticexcursions.com\/da\/udflugter\/ravens-nest-adventure-camp-5-days\/","title":{"rendered":"6-dages eventyr til Ravens Nest"},"content":{"rendered":"<p><b>Dag 1<\/b><br \/>\nEnergien er til at tage og f\u00f8le p\u00e5, n\u00e5r du ankommer tidligt om morgenen. I dag handler det om at komme t\u00e6t p\u00e5 naturen og omfavne \u00e5nden i vores lejr. Du f\u00e5r en grundig briefing, mens du finder dig til rette i dine komfortable telte sammen med dine med-eventyrere, og den vil introducere dig til lejren og forklare, hvordan vores aktiviteter vil forl\u00f8be uden problemer.<\/p>\n<p>S\u00e5 snart alle har fundet sig til rette og er blevet introduceret, er det tid til at begynde en f\u00e6ngslende g\u00e5tur til en dragende &#8220;infinity pool&#8221;. P\u00e5 den anden side af \u00f8en, syd\u00f8st for lejren, byder denne skjulte skat p\u00e5 en foryngende dukkert, der vil v\u00e6kke dine sanser og skylle ethvert tilbagev\u00e6rende jetlag v\u00e6k. Du vil blive forbl\u00f8ffet over den betagende panoramaudsigt over det enorme fjordsystem og de t\u00e5rnh\u00f8je k\u00e6mper, der r\u00e6kker 1000 meter op i himlen, mens vi stiger op gennem de maleriske bjerge. Du f\u00e5r en appetitv\u00e6kkende forsmag p\u00e5, hvad der venter dig i de kommende dage fra dette glimt af naturens vidundere.<\/p>\n<p>Vi m\u00f8des, n\u00e5r solen g\u00e5r ned, til en mindev\u00e6rdig aften med spisning p\u00e5 klipperne varmet af et br\u00f8lende b\u00e5l. N\u00e5r m\u00f8rket falder p\u00e5 i lejren, vil denne f\u00e6lles oplevelse knytte varige b\u00e5nd og give masser af chancer for historiefort\u00e6lling og latter.<\/p>\n<p>G\u00f8r dig klar til en ca. 7 km lang vandretur, der tager 4 til 5 timer at gennemf\u00f8re. Stiens sv\u00e6rhedsgrad fra let til medium g\u00f8r det muligt for eventyrere p\u00e5 alle niveauer at nyde naturens pragt undervejs.<\/p>\n<p><b>Dag 2<\/b><br \/>\nVores m\u00e5l er at overnatte lige ved siden af den storsl\u00e5ede Itisoq-gletsjer, som rager op i omkring 750 meters h\u00f8jde, p\u00e5 vores anden dag, hvilket g\u00f8r det til et uforglemmeligt eventyr. Vejret vil afg\u00f8re, om vi bruger telte eller ej (eller sover under stjernerne), hvilket vil tilf\u00f8je sp\u00e6nding og uforudsigelighed til vores rejse. <\/p>\n<p>Efter en afslappet morgen i lejren, hvor vi nyder aromatisk kaffe og en overd\u00e5dig morgenmad, tager vi af sted ved middagstid for at begynde vores opstigning mod gletsjeren. Vores rute vil kombinere halvstejl vandring med alpin vandring (scrambling), hvilket giver en sp\u00e6ndende og energigivende oplevelse. Vores udholdenhed vil blive bel\u00f8nnet, n\u00e5r vi bev\u00e6ger os gennem en f\u00e6ngslende kl\u00f8ft, hvor det vanskelige terr\u00e6n og den betagende udsigt vil bel\u00f8nne os. N\u00e5r vi kommer ud af kl\u00f8ftens \u00f8vre del, vil vi pludselig blive omsluttet af en enorm sk\u00e5l omgivet af ufatteligt h\u00f8je bjerge. Her er vores lejrplads, hvor vi stopper, l\u00e6sser vores oppakning af og, for dem der har mod p\u00e5 det, forts\u00e6tter til toppen i 1100 meters h\u00f8jde. <\/p>\n<p>Vi udnytter chancen for at skabe uvurderlige minder, mens vi s\u00f8ger efter en fascinerende solnedgang, f\u00f8r vi g\u00e5r til ro for natten i vores komfortable soveposer. Vi m\u00f8des alle, n\u00e5r m\u00f8rket falder p\u00e5, for at nyde en velfortjent middag, mens vi omfavner udforsknings\u00e5nden med et k\u00f8kken, der passer til en ekspedition. Denne sammenkomst vil ogs\u00e5 v\u00e6re en god mulighed for os til at komme i kontakt med vores med-eventyrere p\u00e5 et mere personligt plan og dele personlige historier.<br \/>\nVores vandring og opstigning vil d\u00e6kke en samlet distance p\u00e5 omkring 5 kilometer, med en h\u00f8jdefor\u00f8gelse p\u00e5 enten 750 meter i lejren eller 1100 meter p\u00e5 toppen. Vi forventer en hel dag med sp\u00e6ndende aktiviteter, der vil teste dine gr\u00e6nser. Selvom denne ekspedition ikke er for de frygtsomme, lover den at blive en oplevelse, man kun f\u00e5r \u00e9n gang i livet.<\/p>\n<p><b>Dag 3<\/b><br \/>\nVi vil f\u00e5 mest muligt ud af morgenen efter den anstrengende vandretur dagen f\u00f8r. Vi tager os god tid og nyder langsomt det storsl\u00e5ede landskab og bjergene, der omgiver os. Vi f\u00e5r en l\u00e6kker morgenmad og en dampende kop kaffe, inden vi begynder nedstigningen til basecamp, hvilket giver os den ideelle start p\u00e5 dagen. S\u00e5 snart vi ankommer til basecampen, skifter atmosf\u00e6ren til fuldst\u00e6ndig afslapning. Der bliver t\u00e6ndt op i saunateltet, som er et varmt og afslappende tilflugtssted. <\/p>\n<p>Vi har stand-up paddleboards (SUP&#8217;er) til r\u00e5dighed for dem, der leder efter et lille eventyr. Takket v\u00e6re disse boards f\u00e5r du mulighed for at \u00f8ve dig, mens du g\u00f8r dig klar til vores kommende tur. <\/p>\n<p>Den eneste lyd, du h\u00f8rer, er b\u00f8lgernes blide skvulpen, og udsigten er betagende. Som et alternativ kan du pr\u00f8ve at fiske fra kysten. Med en fiskestang i h\u00e5nden har vi en rigtig god chance for at lande et velsmagende tilskud til vores middag. Du kommer uden tvivl til at spille en vigtig rolle i tilberedningen af friskfanget fisk, fugle eller gr\u00f8ntsager. Og bare rolig &#8211; vi skal nok s\u00f8rge for, at k\u00f8kkenet forbliver varieret, s\u00e5 alle kan finde noget, de kan lide. Hvert \u00f8jeblik i Gr\u00f8nland er en mulighed for at fordybe sig i naturens vidundere, og vi vil g\u00f8re alt, hvad der st\u00e5r i vores magt, for at sikre, at din oplevelse bliver intet mindre end ekstraordin\u00e6r. <\/p>\n<p>Samlet tid, opstigning og afstand under vandringen: ca. 5 km. 4 til 5 timer.<\/p>\n<p><b>Dag 4<\/b><br \/>\nVi planl\u00e6gger at vandre langs en h\u00f8jderyg i dag, som vil v\u00e6re indrammet af fantastiske fjorde og enorme, majest\u00e6tiske bjerge. Men f\u00f8rst skal vi ud p\u00e5 endnu en sp\u00e6ndende rejse, denne gang padler vi over bugten p\u00e5 vores p\u00e5lidelige stand-up paddleboards (SUP&#8217;er). Hver gang vi padler gennem det betagende vand, bev\u00e6ger vi os t\u00e6ttere p\u00e5 vores destination, hvilket g\u00f8r landskabet endnu mere betagende. Med billedsk\u00f8nne landskaber rundt om hvert hj\u00f8rne er sk\u00f8nheden i det hele simpelthen ubeskrivelig. Dette er din chance for at opleve naturen i al sin pragt, for at opleve adrenalinsuset, n\u00e5r du klatrer op i h\u00f8jderne og indtager sk\u00f8nheden i disse m\u00e6gtige bjerge og rolige fjorde.<\/p>\n<p><b>Dag 5<\/b><br \/>\nEfter en solid morgenmad tanker vi op til en sidste dag med sp\u00e6ndende udforskning. Denne gang begiver vi os ud p\u00e5 et sp\u00e6ndende eventyr i den nord\u00f8stlige del af vores lejr. Vi bruger vores stand-up paddleboards (SUP&#8217;er) til at padle over den maleriske Itisoq-bugt i ca. 30 minutter (denne distance kan ogs\u00e5 tilbagel\u00e6gges til fods). S\u00e5 snart vi ankommer til kysten, starter vi en sp\u00e6ndende vandretur i retning af et storsl\u00e5et bjerg, som vi i sp\u00f8g kalder &#8220;Hajfinnen&#8221;.<\/p>\n<p>Forbered dig p\u00e5 et forbl\u00f8ffende syn, n\u00e5r du tager den betagende udsigt omkring dig ind. Dine omgivelser vil v\u00e6re den ekspansive, dragende \u00f8stlige del af verdens n\u00e6stst\u00f8rste fjordsystem og betagende bjerge. Vi siger farvel til den forfriskende havbrise og vender tilbage til basecamp for at forberede os p\u00e5 vores b\u00e5dtur tilbage til Nuuk. Vi vender tilbage til byen p\u00e5 denne dag med et v\u00e6ld af uvurderlige minder og utallige historier at fort\u00e6lle vores k\u00e6re derhjemme! <\/p>\n<p>V\u00e6r forberedt p\u00e5 at vandre ca. 6 kilometer og komme 400 h\u00f8jdemeter op.  Regn med 4-5 timer til dette sp\u00e6ndende eventyr.<\/p>\n<p><b>Dag 6<\/b><br \/>\nP\u00e5 den sidste dag af dit eventyr vil vi sejle ind i Kangerluarsunnguaq-omr\u00e5det. Her f\u00e5r du mulighed for at udforske det betagende bjerglandskab og nye fjordudsigter. Fra b\u00e5den f\u00f8lger vi elven og bev\u00e6ger os langsomt op i dalen. Omgivet af h\u00f8je fjeldsider p\u00e5 begge sider, kommer en smuk gletsjer til syne forude, mens vi forts\u00e6tter vores vej mod den.  Denne moderat udfordrende vandretur giver et nyt perspektiv p\u00e5 Gr\u00f8nlands imponerende natur. Nyd roen der breder sig, mens du reflekterer over dine oplevelser, nu hvor eventyret n\u00e5r sin ende og vi s\u00e6tter os tilbage i b\u00e5den mod Nuuk.<\/p>\n<p><b>Minimum:<\/b> 5 personer<\/p>\n","protected":false},"excerpt":{"rendered":"<p>Begiv dig ud p\u00e5 en episk, actionfyldt 6-dages rejse til Ravens Nest Adventure Camp!<\/p>\n","protected":false},"featured_media":51366,"comment_status":"open","ping_status":"closed","template":"","meta":{"_acf_changed":false},"product_brand":[],"product_cat":[101,170],"product_tag":[],"class_list":{"0":"post-20886","1":"product","2":"type-product","3":"status-publish","4":"has-post-thumbnail","6":"product_cat-tour","7":"product_cat-udflugt","8":"pa_dato-966","9":"pa_dato-967","10":"pa_dato-968","11":"pa_dato-5881","12":"pa_dato-5882","13":"pa_dato-5883","14":"pa_dato-6341","15":"pa_dato-6342","16":"pa_dato-6108","17":"pa_dato-6109","18":"pa_dato-6110","19":"pa_tidspunkt-6266","20":"pa_tidspunkt-38","21":"pa_tidspunkt-40","22":"tour_location-nuuk-da","23":"tour_type-outdoor-da","24":"tour_tickettype-arctic_excursions","25":"tour_operator-two-ravens","27":"first","28":"instock","29":"shipping-taxable","30":"purchasable","31":"product-type-variable"},"acf":[],"yoast_head":"<!-- This site is optimized with the Yoast SEO plugin v23.6 - https:\/\/yoast.com\/wordpress\/plugins\/seo\/ -->\n<title>Arctic Excursions<\/title>\n<meta name=\"robots\" content=\"index, follow, max-snippet:-1, max-image-preview:large, max-video-preview:-1\" \/>\n<link rel=\"canonical\" href=\"https:\/\/arcticexcursions.com\/da\/udflugter\/ravens-nest-adventure-camp-5-days\/\" \/>\n<meta property=\"og:locale\" content=\"da_DK\" \/>\n<meta property=\"og:type\" content=\"article\" \/>\n<meta property=\"og:title\" content=\"6-dages eventyr til Ravens Nest - Arctic Excursions\" \/>\n<meta property=\"og:description\" content=\"Begiv dig ud p\u00e5 en episk, actionfyldt 6-dages rejse til Ravens Nest Adventure Camp!\" \/>\n<meta property=\"og:url\" content=\"https:\/\/arcticexcursions.com\/da\/udflugter\/ravens-nest-adventure-camp-5-days\/\" \/>\n<meta property=\"og:site_name\" content=\"Arctic Excursions\" \/>\n<meta property=\"article:modified_time\" content=\"2025-12-01T15:39:26+00:00\" \/>\n<meta property=\"og:image\" content=\"https:\/\/arcticexcursions.com\/wp-content\/uploads\/2025\/04\/G65A7047-3.jpg\" \/>\n\t<meta property=\"og:image:width\" content=\"1024\" \/>\n\t<meta property=\"og:image:height\" content=\"683\" \/>\n\t<meta property=\"og:image:type\" content=\"image\/jpeg\" \/>\n<meta name=\"twitter:card\" content=\"summary_large_image\" \/>\n<meta name=\"twitter:label1\" content=\"Estimeret l\u00e6setid\" \/>\n\t<meta name=\"twitter:data1\" content=\"7 minutter\" \/>\n<script type=\"application\/ld+json\" class=\"yoast-schema-graph\">{\"@context\":\"https:\/\/schema.org\",\"@graph\":[{\"@type\":\"WebPage\",\"@id\":\"https:\/\/arcticexcursions.com\/da\/udflugter\/ravens-nest-adventure-camp-5-days\/\",\"url\":\"https:\/\/arcticexcursions.com\/da\/udflugter\/ravens-nest-adventure-camp-5-days\/\",\"name\":\"6-dages eventyr til Ravens Nest - Arctic Excursions\",\"isPartOf\":{\"@id\":\"https:\/\/arcticexcursions.com\/#website\"},\"primaryImageOfPage\":{\"@id\":\"https:\/\/arcticexcursions.com\/da\/udflugter\/ravens-nest-adventure-camp-5-days\/#primaryimage\"},\"image\":{\"@id\":\"https:\/\/arcticexcursions.com\/da\/udflugter\/ravens-nest-adventure-camp-5-days\/#primaryimage\"},\"thumbnailUrl\":\"https:\/\/arcticexcursions.com\/wp-content\/uploads\/2025\/04\/G65A7047-3.jpg\",\"datePublished\":\"2023-10-09T11:54:09+00:00\",\"dateModified\":\"2025-12-01T15:39:26+00:00\",\"breadcrumb\":{\"@id\":\"https:\/\/arcticexcursions.com\/da\/udflugter\/ravens-nest-adventure-camp-5-days\/#breadcrumb\"},\"inLanguage\":\"da-DK\",\"potentialAction\":[{\"@type\":\"ReadAction\",\"target\":[\"https:\/\/arcticexcursions.com\/da\/udflugter\/ravens-nest-adventure-camp-5-days\/\"]}]},{\"@type\":\"ImageObject\",\"inLanguage\":\"da-DK\",\"@id\":\"https:\/\/arcticexcursions.com\/da\/udflugter\/ravens-nest-adventure-camp-5-days\/#primaryimage\",\"url\":\"https:\/\/arcticexcursions.com\/wp-content\/uploads\/2025\/04\/G65A7047-3.jpg\",\"contentUrl\":\"https:\/\/arcticexcursions.com\/wp-content\/uploads\/2025\/04\/G65A7047-3.jpg\",\"width\":1024,\"height\":683},{\"@type\":\"BreadcrumbList\",\"@id\":\"https:\/\/arcticexcursions.com\/da\/udflugter\/ravens-nest-adventure-camp-5-days\/#breadcrumb\",\"itemListElement\":[{\"@type\":\"ListItem\",\"position\":1,\"name\":\"Home\",\"item\":\"https:\/\/arcticexcursions.com\/da\/\"},{\"@type\":\"ListItem\",\"position\":2,\"name\":\"Udflugter i Gr\u00f8nland\",\"item\":\"https:\/\/arcticexcursions.com\/da\/udflugter\/\"},{\"@type\":\"ListItem\",\"position\":3,\"name\":\"6-dages eventyr til Ravens Nest\"}]},{\"@type\":\"WebSite\",\"@id\":\"https:\/\/arcticexcursions.com\/#website\",\"url\":\"https:\/\/arcticexcursions.com\/\",\"name\":\"Arctic Excursions\",\"description\":\"New adventures. Every day.\",\"publisher\":{\"@id\":\"https:\/\/arcticexcursions.com\/#organization\"},\"potentialAction\":[{\"@type\":\"SearchAction\",\"target\":{\"@type\":\"EntryPoint\",\"urlTemplate\":\"https:\/\/arcticexcursions.com\/?s={search_term_string}\"},\"query-input\":{\"@type\":\"PropertyValueSpecification\",\"valueRequired\":true,\"valueName\":\"search_term_string\"}}],\"inLanguage\":\"da-DK\"},{\"@type\":\"Organization\",\"@id\":\"https:\/\/arcticexcursions.com\/#organization\",\"name\":\"Arctic Excursions\",\"url\":\"https:\/\/arcticexcursions.com\/\",\"logo\":{\"@type\":\"ImageObject\",\"inLanguage\":\"da-DK\",\"@id\":\"https:\/\/arcticexcursions.com\/#\/schema\/logo\/image\/\",\"url\":\"https:\/\/arcticexcursions.com\/wp-content\/uploads\/2022\/11\/fb-logo.png\",\"contentUrl\":\"https:\/\/arcticexcursions.com\/wp-content\/uploads\/2022\/11\/fb-logo.png\",\"width\":523,\"height\":523,\"caption\":\"Arctic Excursions\"},\"image\":{\"@id\":\"https:\/\/arcticexcursions.com\/#\/schema\/logo\/image\/\"}}]}<\/script>\n<!-- \/ Yoast SEO plugin. -->","yoast_head_json":{"title":"Arctic Excursions","robots":{"index":"index","follow":"follow","max-snippet":"max-snippet:-1","max-image-preview":"max-image-preview:large","max-video-preview":"max-video-preview:-1"},"canonical":"https:\/\/arcticexcursions.com\/da\/udflugter\/ravens-nest-adventure-camp-5-days\/","og_locale":"da_DK","og_type":"article","og_title":"6-dages eventyr til Ravens Nest - Arctic Excursions","og_description":"Begiv dig ud p\u00e5 en episk, actionfyldt 6-dages rejse til Ravens Nest Adventure Camp!","og_url":"https:\/\/arcticexcursions.com\/da\/udflugter\/ravens-nest-adventure-camp-5-days\/","og_site_name":"Arctic Excursions","article_modified_time":"2025-12-01T15:39:26+00:00","og_image":[{"width":1024,"height":683,"url":"https:\/\/arcticexcursions.com\/wp-content\/uploads\/2025\/04\/G65A7047-3.jpg","type":"image\/jpeg"}],"twitter_card":"summary_large_image","twitter_misc":{"Estimeret l\u00e6setid":"7 minutter"},"schema":{"@context":"https:\/\/schema.org","@graph":[{"@type":"WebPage","@id":"https:\/\/arcticexcursions.com\/da\/udflugter\/ravens-nest-adventure-camp-5-days\/","url":"https:\/\/arcticexcursions.com\/da\/udflugter\/ravens-nest-adventure-camp-5-days\/","name":"6-dages eventyr til Ravens Nest - Arctic Excursions","isPartOf":{"@id":"https:\/\/arcticexcursions.com\/#website"},"primaryImageOfPage":{"@id":"https:\/\/arcticexcursions.com\/da\/udflugter\/ravens-nest-adventure-camp-5-days\/#primaryimage"},"image":{"@id":"https:\/\/arcticexcursions.com\/da\/udflugter\/ravens-nest-adventure-camp-5-days\/#primaryimage"},"thumbnailUrl":"https:\/\/arcticexcursions.com\/wp-content\/uploads\/2025\/04\/G65A7047-3.jpg","datePublished":"2023-10-09T11:54:09+00:00","dateModified":"2025-12-01T15:39:26+00:00","breadcrumb":{"@id":"https:\/\/arcticexcursions.com\/da\/udflugter\/ravens-nest-adventure-camp-5-days\/#breadcrumb"},"inLanguage":"da-DK","potentialAction":[{"@type":"ReadAction","target":["https:\/\/arcticexcursions.com\/da\/udflugter\/ravens-nest-adventure-camp-5-days\/"]}]},{"@type":"ImageObject","inLanguage":"da-DK","@id":"https:\/\/arcticexcursions.com\/da\/udflugter\/ravens-nest-adventure-camp-5-days\/#primaryimage","url":"https:\/\/arcticexcursions.com\/wp-content\/uploads\/2025\/04\/G65A7047-3.jpg","contentUrl":"https:\/\/arcticexcursions.com\/wp-content\/uploads\/2025\/04\/G65A7047-3.jpg","width":1024,"height":683},{"@type":"BreadcrumbList","@id":"https:\/\/arcticexcursions.com\/da\/udflugter\/ravens-nest-adventure-camp-5-days\/#breadcrumb","itemListElement":[{"@type":"ListItem","position":1,"name":"Home","item":"https:\/\/arcticexcursions.com\/da\/"},{"@type":"ListItem","position":2,"name":"Udflugter i Gr\u00f8nland","item":"https:\/\/arcticexcursions.com\/da\/udflugter\/"},{"@type":"ListItem","position":3,"name":"6-dages eventyr til Ravens Nest"}]},{"@type":"WebSite","@id":"https:\/\/arcticexcursions.com\/#website","url":"https:\/\/arcticexcursions.com\/","name":"Arctic Excursions","description":"New adventures. Every day.","publisher":{"@id":"https:\/\/arcticexcursions.com\/#organization"},"potentialAction":[{"@type":"SearchAction","target":{"@type":"EntryPoint","urlTemplate":"https:\/\/arcticexcursions.com\/?s={search_term_string}"},"query-input":{"@type":"PropertyValueSpecification","valueRequired":true,"valueName":"search_term_string"}}],"inLanguage":"da-DK"},{"@type":"Organization","@id":"https:\/\/arcticexcursions.com\/#organization","name":"Arctic Excursions","url":"https:\/\/arcticexcursions.com\/","logo":{"@type":"ImageObject","inLanguage":"da-DK","@id":"https:\/\/arcticexcursions.com\/#\/schema\/logo\/image\/","url":"https:\/\/arcticexcursions.com\/wp-content\/uploads\/2022\/11\/fb-logo.png","contentUrl":"https:\/\/arcticexcursions.com\/wp-content\/uploads\/2022\/11\/fb-logo.png","width":523,"height":523,"caption":"Arctic Excursions"},"image":{"@id":"https:\/\/arcticexcursions.com\/#\/schema\/logo\/image\/"}}]}},"_links":{"self":[{"href":"https:\/\/arcticexcursions.com\/da\/wp-json\/wp\/v2\/product\/20886"}],"collection":[{"href":"https:\/\/arcticexcursions.com\/da\/wp-json\/wp\/v2\/product"}],"about":[{"href":"https:\/\/arcticexcursions.com\/da\/wp-json\/wp\/v2\/types\/product"}],"replies":[{"embeddable":true,"href":"https:\/\/arcticexcursions.com\/da\/wp-json\/wp\/v2\/comments?post=20886"}],"wp:featuredmedia":[{"embeddable":true,"href":"https:\/\/arcticexcursions.com\/da\/wp-json\/wp\/v2\/media\/51366"}],"wp:attachment":[{"href":"https:\/\/arcticexcursions.com\/da\/wp-json\/wp\/v2\/media?parent=20886"}],"wp:term":[{"taxonomy":"product_brand","embeddable":true,"href":"https:\/\/arcticexcursions.com\/da\/wp-json\/wp\/v2\/product_brand?post=20886"},{"taxonomy":"product_cat","embeddable":true,"href":"https:\/\/arcticexcursions.com\/da\/wp-json\/wp\/v2\/product_cat?post=20886"},{"taxonomy":"product_tag","embeddable":true,"href":"https:\/\/arcticexcursions.com\/da\/wp-json\/wp\/v2\/product_tag?post=20886"}],"curies":[{"name":"wp","href":"https:\/\/api.w.org\/{rel}","templated":true}]}}