{"id":21253,"date":"2023-10-12T09:21:10","date_gmt":"2023-10-12T07:21:10","guid":{"rendered":"https:\/\/arcticexcursions.com\/?post_type=product&#038;p=21253"},"modified":"2024-03-07T13:02:35","modified_gmt":"2024-03-07T11:02:35","slug":"dogsled-multiday-tour","status":"publish","type":"product","link":"https:\/\/arcticexcursions.com\/da\/udflugter\/dogsled-multiday-tour\/","title":{"rendered":"Hundesl\u00e6de Multiday-tur"},"content":{"rendered":"<p>I Pupik finder du en lejr med et servicehus og 5 sm\u00e5 hytter, hvor du skal overnatte. Pupik er et hyggeligt omr\u00e5de, og du har mulighed for at l\u00e5ne snesko og vandre til et n\u00e6rliggende udsigtspunkt med udsigt over Sermilik Isfjord. <\/p>\n<p>Tiniteqilaaq er en bygd i Sermilik Isfjord.  Her skal du bo i et hus sammen med din hundesl\u00e6dekusk. Tiniteqilaaq er beboet af 60 mennesker, og her kan du m\u00e5ske hyre en lokal b\u00e5dejer til at sejle dig rundt i fjorden.<\/p>\n<p>Qerntivativit er stedet, hvor vi isfisker. Her skal du bo i en hyggelig hytte sammen med din musher. Det er et roligt omr\u00e5de, hvor du kan pr\u00f8ve isfiskeri p\u00e5 omkring 200-400 meter efter helleflynder og r\u00f8dfisk. <\/p>\n<p>Vi arrangerer turene p\u00e5 foresp\u00f8rgsel, og du kan selv v\u00e6lge, hvor du vil hen, og hvor mange dage du vil v\u00e6re ude. Prisen vil blive beregnet ud fra antallet af personer og turens varighed. <\/p>\n<p><b>\u00c9n billet er for \u00e9n dag for \u00e9n person. Hvis I er to personer, der vil af sted i to dage, skal I bruge fire billetter.<\/b><\/p>\n","protected":false},"excerpt":{"rendered":"<p>Tag med os p\u00e5 en flerdagstur, du aldrig vil glemme. Vi pakker sl\u00e6den med vores udstyr og krydser den vinterd\u00e6kkede Ammassalik-\u00f8 til et af tre steder. Pupik, Tiniteqilaaq eller Qerntivativit.<\/p>\n","protected":false},"featured_media":10433,"comment_status":"open","ping_status":"closed","template":"","meta":{"_acf_changed":false},"product_brand":[],"product_cat":[101,170],"product_tag":[],"class_list":{"0":"post-21253","1":"product","2":"type-product","3":"status-publish","4":"has-post-thumbnail","6":"product_cat-tour","7":"product_cat-udflugt","8":"pa_dato-904","9":"pa_dato-856","10":"pa_dato-956","11":"pa_dato-987","12":"pa_dato-947","13":"pa_dato-1188","14":"pa_tidspunkt-40","15":"tour_location-tasiilaq-da","16":"tour_type-hundeslaede","17":"tour_tickettype-arctic_excursions","18":"tour_operator-tasiilaq-tours","20":"first","21":"outofstock","22":"shipping-taxable","23":"product-type-variable"},"acf":[],"yoast_head":"<!-- This site is optimized with the Yoast SEO plugin v23.6 - https:\/\/yoast.com\/wordpress\/plugins\/seo\/ -->\n<title>Arctic Excursions<\/title>\n<meta name=\"robots\" content=\"index, follow, max-snippet:-1, max-image-preview:large, max-video-preview:-1\" \/>\n<link rel=\"canonical\" href=\"https:\/\/arcticexcursions.com\/da\/udflugter\/dogsled-multiday-tour\/\" \/>\n<meta property=\"og:locale\" content=\"da_DK\" \/>\n<meta property=\"og:type\" content=\"article\" \/>\n<meta property=\"og:title\" content=\"Hundesl\u00e6de Multiday-tur - Arctic Excursions\" \/>\n<meta property=\"og:description\" content=\"Tag med os p\u00e5 en flerdagstur, du aldrig vil glemme. Vi pakker sl\u00e6den med vores udstyr og krydser den vinterd\u00e6kkede Ammassalik-\u00f8 til et af tre steder. Pupik, Tiniteqilaaq eller Qerntivativit.\" \/>\n<meta property=\"og:url\" content=\"https:\/\/arcticexcursions.com\/da\/udflugter\/dogsled-multiday-tour\/\" \/>\n<meta property=\"og:site_name\" content=\"Arctic Excursions\" \/>\n<meta property=\"article:modified_time\" content=\"2024-03-07T11:02:35+00:00\" \/>\n<meta property=\"og:image\" content=\"https:\/\/arcticexcursions.com\/wp-content\/uploads\/2023\/03\/IMG_20210111_134209-scaled.jpg\" \/>\n\t<meta property=\"og:image:width\" content=\"2560\" \/>\n\t<meta property=\"og:image:height\" content=\"1920\" \/>\n\t<meta property=\"og:image:type\" content=\"image\/jpeg\" \/>\n<meta name=\"twitter:card\" content=\"summary_large_image\" \/>\n<meta name=\"twitter:label1\" content=\"Estimeret l\u00e6setid\" \/>\n\t<meta name=\"twitter:data1\" content=\"1 minut\" \/>\n<script type=\"application\/ld+json\" class=\"yoast-schema-graph\">{\"@context\":\"https:\/\/schema.org\",\"@graph\":[{\"@type\":\"WebPage\",\"@id\":\"https:\/\/arcticexcursions.com\/da\/udflugter\/dogsled-multiday-tour\/\",\"url\":\"https:\/\/arcticexcursions.com\/da\/udflugter\/dogsled-multiday-tour\/\",\"name\":\"Hundesl\u00e6de Multiday-tur - Arctic Excursions\",\"isPartOf\":{\"@id\":\"https:\/\/arcticexcursions.com\/#website\"},\"primaryImageOfPage\":{\"@id\":\"https:\/\/arcticexcursions.com\/da\/udflugter\/dogsled-multiday-tour\/#primaryimage\"},\"image\":{\"@id\":\"https:\/\/arcticexcursions.com\/da\/udflugter\/dogsled-multiday-tour\/#primaryimage\"},\"thumbnailUrl\":\"https:\/\/arcticexcursions.com\/wp-content\/uploads\/2023\/03\/IMG_20210111_134209-scaled.jpg\",\"datePublished\":\"2023-10-12T07:21:10+00:00\",\"dateModified\":\"2024-03-07T11:02:35+00:00\",\"breadcrumb\":{\"@id\":\"https:\/\/arcticexcursions.com\/da\/udflugter\/dogsled-multiday-tour\/#breadcrumb\"},\"inLanguage\":\"da-DK\",\"potentialAction\":[{\"@type\":\"ReadAction\",\"target\":[\"https:\/\/arcticexcursions.com\/da\/udflugter\/dogsled-multiday-tour\/\"]}]},{\"@type\":\"ImageObject\",\"inLanguage\":\"da-DK\",\"@id\":\"https:\/\/arcticexcursions.com\/da\/udflugter\/dogsled-multiday-tour\/#primaryimage\",\"url\":\"https:\/\/arcticexcursions.com\/wp-content\/uploads\/2023\/03\/IMG_20210111_134209-scaled.jpg\",\"contentUrl\":\"https:\/\/arcticexcursions.com\/wp-content\/uploads\/2023\/03\/IMG_20210111_134209-scaled.jpg\",\"width\":2560,\"height\":1920},{\"@type\":\"BreadcrumbList\",\"@id\":\"https:\/\/arcticexcursions.com\/da\/udflugter\/dogsled-multiday-tour\/#breadcrumb\",\"itemListElement\":[{\"@type\":\"ListItem\",\"position\":1,\"name\":\"Home\",\"item\":\"https:\/\/arcticexcursions.com\/da\/\"},{\"@type\":\"ListItem\",\"position\":2,\"name\":\"Udflugter i Gr\u00f8nland\",\"item\":\"https:\/\/arcticexcursions.com\/da\/udflugter\/\"},{\"@type\":\"ListItem\",\"position\":3,\"name\":\"Hundesl\u00e6de Multiday-tur\"}]},{\"@type\":\"WebSite\",\"@id\":\"https:\/\/arcticexcursions.com\/#website\",\"url\":\"https:\/\/arcticexcursions.com\/\",\"name\":\"Arctic Excursions\",\"description\":\"New adventures. Every day.\",\"publisher\":{\"@id\":\"https:\/\/arcticexcursions.com\/#organization\"},\"potentialAction\":[{\"@type\":\"SearchAction\",\"target\":{\"@type\":\"EntryPoint\",\"urlTemplate\":\"https:\/\/arcticexcursions.com\/?s={search_term_string}\"},\"query-input\":{\"@type\":\"PropertyValueSpecification\",\"valueRequired\":true,\"valueName\":\"search_term_string\"}}],\"inLanguage\":\"da-DK\"},{\"@type\":\"Organization\",\"@id\":\"https:\/\/arcticexcursions.com\/#organization\",\"name\":\"Arctic Excursions\",\"url\":\"https:\/\/arcticexcursions.com\/\",\"logo\":{\"@type\":\"ImageObject\",\"inLanguage\":\"da-DK\",\"@id\":\"https:\/\/arcticexcursions.com\/#\/schema\/logo\/image\/\",\"url\":\"https:\/\/arcticexcursions.com\/wp-content\/uploads\/2022\/11\/fb-logo.png\",\"contentUrl\":\"https:\/\/arcticexcursions.com\/wp-content\/uploads\/2022\/11\/fb-logo.png\",\"width\":523,\"height\":523,\"caption\":\"Arctic Excursions\"},\"image\":{\"@id\":\"https:\/\/arcticexcursions.com\/#\/schema\/logo\/image\/\"}}]}<\/script>\n<!-- \/ Yoast SEO plugin. -->","yoast_head_json":{"title":"Arctic Excursions","robots":{"index":"index","follow":"follow","max-snippet":"max-snippet:-1","max-image-preview":"max-image-preview:large","max-video-preview":"max-video-preview:-1"},"canonical":"https:\/\/arcticexcursions.com\/da\/udflugter\/dogsled-multiday-tour\/","og_locale":"da_DK","og_type":"article","og_title":"Hundesl\u00e6de Multiday-tur - Arctic Excursions","og_description":"Tag med os p\u00e5 en flerdagstur, du aldrig vil glemme. Vi pakker sl\u00e6den med vores udstyr og krydser den vinterd\u00e6kkede Ammassalik-\u00f8 til et af tre steder. Pupik, Tiniteqilaaq eller Qerntivativit.","og_url":"https:\/\/arcticexcursions.com\/da\/udflugter\/dogsled-multiday-tour\/","og_site_name":"Arctic Excursions","article_modified_time":"2024-03-07T11:02:35+00:00","og_image":[{"width":2560,"height":1920,"url":"https:\/\/arcticexcursions.com\/wp-content\/uploads\/2023\/03\/IMG_20210111_134209-scaled.jpg","type":"image\/jpeg"}],"twitter_card":"summary_large_image","twitter_misc":{"Estimeret l\u00e6setid":"1 minut"},"schema":{"@context":"https:\/\/schema.org","@graph":[{"@type":"WebPage","@id":"https:\/\/arcticexcursions.com\/da\/udflugter\/dogsled-multiday-tour\/","url":"https:\/\/arcticexcursions.com\/da\/udflugter\/dogsled-multiday-tour\/","name":"Hundesl\u00e6de Multiday-tur - Arctic Excursions","isPartOf":{"@id":"https:\/\/arcticexcursions.com\/#website"},"primaryImageOfPage":{"@id":"https:\/\/arcticexcursions.com\/da\/udflugter\/dogsled-multiday-tour\/#primaryimage"},"image":{"@id":"https:\/\/arcticexcursions.com\/da\/udflugter\/dogsled-multiday-tour\/#primaryimage"},"thumbnailUrl":"https:\/\/arcticexcursions.com\/wp-content\/uploads\/2023\/03\/IMG_20210111_134209-scaled.jpg","datePublished":"2023-10-12T07:21:10+00:00","dateModified":"2024-03-07T11:02:35+00:00","breadcrumb":{"@id":"https:\/\/arcticexcursions.com\/da\/udflugter\/dogsled-multiday-tour\/#breadcrumb"},"inLanguage":"da-DK","potentialAction":[{"@type":"ReadAction","target":["https:\/\/arcticexcursions.com\/da\/udflugter\/dogsled-multiday-tour\/"]}]},{"@type":"ImageObject","inLanguage":"da-DK","@id":"https:\/\/arcticexcursions.com\/da\/udflugter\/dogsled-multiday-tour\/#primaryimage","url":"https:\/\/arcticexcursions.com\/wp-content\/uploads\/2023\/03\/IMG_20210111_134209-scaled.jpg","contentUrl":"https:\/\/arcticexcursions.com\/wp-content\/uploads\/2023\/03\/IMG_20210111_134209-scaled.jpg","width":2560,"height":1920},{"@type":"BreadcrumbList","@id":"https:\/\/arcticexcursions.com\/da\/udflugter\/dogsled-multiday-tour\/#breadcrumb","itemListElement":[{"@type":"ListItem","position":1,"name":"Home","item":"https:\/\/arcticexcursions.com\/da\/"},{"@type":"ListItem","position":2,"name":"Udflugter i Gr\u00f8nland","item":"https:\/\/arcticexcursions.com\/da\/udflugter\/"},{"@type":"ListItem","position":3,"name":"Hundesl\u00e6de Multiday-tur"}]},{"@type":"WebSite","@id":"https:\/\/arcticexcursions.com\/#website","url":"https:\/\/arcticexcursions.com\/","name":"Arctic Excursions","description":"New adventures. Every day.","publisher":{"@id":"https:\/\/arcticexcursions.com\/#organization"},"potentialAction":[{"@type":"SearchAction","target":{"@type":"EntryPoint","urlTemplate":"https:\/\/arcticexcursions.com\/?s={search_term_string}"},"query-input":{"@type":"PropertyValueSpecification","valueRequired":true,"valueName":"search_term_string"}}],"inLanguage":"da-DK"},{"@type":"Organization","@id":"https:\/\/arcticexcursions.com\/#organization","name":"Arctic Excursions","url":"https:\/\/arcticexcursions.com\/","logo":{"@type":"ImageObject","inLanguage":"da-DK","@id":"https:\/\/arcticexcursions.com\/#\/schema\/logo\/image\/","url":"https:\/\/arcticexcursions.com\/wp-content\/uploads\/2022\/11\/fb-logo.png","contentUrl":"https:\/\/arcticexcursions.com\/wp-content\/uploads\/2022\/11\/fb-logo.png","width":523,"height":523,"caption":"Arctic Excursions"},"image":{"@id":"https:\/\/arcticexcursions.com\/#\/schema\/logo\/image\/"}}]}},"_links":{"self":[{"href":"https:\/\/arcticexcursions.com\/da\/wp-json\/wp\/v2\/product\/21253"}],"collection":[{"href":"https:\/\/arcticexcursions.com\/da\/wp-json\/wp\/v2\/product"}],"about":[{"href":"https:\/\/arcticexcursions.com\/da\/wp-json\/wp\/v2\/types\/product"}],"replies":[{"embeddable":true,"href":"https:\/\/arcticexcursions.com\/da\/wp-json\/wp\/v2\/comments?post=21253"}],"wp:featuredmedia":[{"embeddable":true,"href":"https:\/\/arcticexcursions.com\/da\/wp-json\/wp\/v2\/media\/10433"}],"wp:attachment":[{"href":"https:\/\/arcticexcursions.com\/da\/wp-json\/wp\/v2\/media?parent=21253"}],"wp:term":[{"taxonomy":"product_brand","embeddable":true,"href":"https:\/\/arcticexcursions.com\/da\/wp-json\/wp\/v2\/product_brand?post=21253"},{"taxonomy":"product_cat","embeddable":true,"href":"https:\/\/arcticexcursions.com\/da\/wp-json\/wp\/v2\/product_cat?post=21253"},{"taxonomy":"product_tag","embeddable":true,"href":"https:\/\/arcticexcursions.com\/da\/wp-json\/wp\/v2\/product_tag?post=21253"}],"curies":[{"name":"wp","href":"https:\/\/api.w.org\/{rel}","templated":true}]}}