{"id":22357,"date":"2023-10-26T15:22:02","date_gmt":"2023-10-26T13:22:02","guid":{"rendered":"https:\/\/arcticexcursions.com\/?post_type=product&#038;p=22357"},"modified":"2025-11-21T14:06:20","modified_gmt":"2025-11-21T12:06:20","slug":"kapisillit-village-visit","status":"publish","type":"product","link":"https:\/\/arcticexcursions.com\/da\/udflugter\/kapisillit-village-visit\/","title":{"rendered":"Bygden Kapisillit &#038; Isfjorden"},"content":{"rendered":"<p>Rejsende, der nyder sp\u00e6ndingen ved en l\u00e6ngere b\u00e5dtur og Gr\u00f8nlands natursk\u00f8nne vidundere, b\u00f8r tage denne tur.<\/p>\n<p>N\u00e5r du ankommer til Kapisillit, kan du slentre gennem samfundet og nyde den ikoniske kirke og den betagende udsigt over fjorden.<br \/>\nDet er her omkring 40 mennesker bor hvert \u00e5r.<\/p>\n<p>Lokale skoleb\u00f8rn kan forts\u00e6tte deres uddannelse selv her, fordi de modtager undervisning fra Nuuk via en Skype-forbindelse.<\/p>\n<p><b>Varighed:<\/b> 7 timer <\/p>\n<p><b>Deltagere:<\/b> Bem\u00e6rk venligst, at udflugten kun gennemf\u00f8res, hvis der er mindst 4 bookede billetter i alt. Hvis du for eksempel booker 2 billetter, skal der s\u00e6lges mindst 2 yderligere billetter til andre kunder, f\u00f8r turen kan finde sted. Der vil deltage maksimalt 12 personer. <\/p>\n<p><b>Sprog:<\/b> Guiden\/kaptajnen taler dansk, engelsk og gr\u00f8nlandsk <\/p>\n<p><b>B\u00e5dtype:<\/b> Lukket b\u00e5d <\/p>\n<p><b>Toiletforhold:<\/b> Der er toilet p\u00e5 b\u00e5den <\/p>\n<p><b>Forplejning:<\/b> Kaffe og te serveres p\u00e5 b\u00e5den <\/p>\n<p><b>Anbefalet p\u00e5kl\u00e6dning:<\/b> Varmt t\u00f8j inkl. hue og handsker hele \u00e5ret. Solbriller. Solcreme om sommeren.<\/p>\n","protected":false},"excerpt":{"rendered":"<p>Bes\u00f8g bygden Kapisillit og oplev isfjorden!<\/p>\n","protected":false},"featured_media":10487,"comment_status":"open","ping_status":"closed","template":"","meta":{"_acf_changed":false},"product_brand":[],"product_cat":[101,170],"product_tag":[],"class_list":{"0":"post-22357","1":"product","2":"type-product","3":"status-publish","4":"has-post-thumbnail","6":"product_cat-tour","7":"product_cat-udflugt","8":"pa_dato-780","9":"pa_dato-852","10":"pa_dato-783","11":"pa_dato-979","12":"pa_dato-789","13":"pa_dato-916","14":"pa_dato-841","15":"pa_dato-794","16":"pa_dato-795","17":"pa_dato-931","18":"pa_dato-971","19":"pa_dato-797","20":"pa_dato-798","21":"pa_dato-932","22":"pa_dato-800","23":"pa_dato-1341","24":"pa_dato-1380","25":"pa_dato-5968","26":"pa_dato-5973","27":"pa_dato-1266","28":"pa_dato-1351","29":"pa_dato-1267","30":"pa_dato-1344","31":"pa_dato-5871","32":"pa_dato-6012","33":"pa_dato-5893","34":"pa_dato-6013","35":"pa_dato-1158","36":"pa_dato-1273","37":"pa_dato-1357","38":"pa_dato-1275","39":"pa_dato-6008","40":"pa_dato-5960","41":"pa_dato-6077","42":"pa_dato-5877","43":"pa_dato-6107","44":"pa_dato-5923","45":"pa_dato-5916","46":"pa_dato-5932","47":"pa_dato-5999","48":"pa_dato-1193","49":"pa_dato-6056","50":"pa_dato-5892","51":"pa_dato-5879","52":"pa_dato-5933","53":"pa_dato-6000","54":"pa_dato-5882","55":"pa_dato-5925","56":"pa_dato-5953","57":"pa_dato-5965","58":"pa_dato-5975","59":"pa_dato-5976","60":"pa_dato-6021","61":"pa_dato-6087","62":"pa_dato-5954","63":"pa_dato-5880","64":"pa_dato-6022","65":"pa_dato-6058","66":"pa_dato-6059","67":"pa_dato-5937","68":"pa_dato-5964","69":"pa_dato-6006","70":"pa_dato-5955","71":"pa_dato-6062","72":"pa_dato-6025","73":"pa_dato-5928","74":"pa_dato-5888","75":"pa_dato-5988","76":"pa_dato-5924","77":"pa_dato-5889","78":"pa_dato-5958","79":"pa_dato-5956","80":"pa_dato-5980","81":"pa_dato-5961","82":"pa_dato-6060","83":"pa_dato-6061","84":"pa_dato-5940","85":"pa_dato-6027","86":"pa_dato-5957","87":"pa_dato-6081","88":"pa_dato-6080","89":"pa_dato-6169","90":"pa_dato-6153","91":"pa_dato-6157","92":"pa_dato-6158","93":"pa_tidspunkt-40","94":"tour_location-nuuk-da","95":"tour_type-baadture","96":"tour_tickettype-arctic_excursions","97":"tour_operator-greenland-cruises","99":"first","100":"outofstock","101":"shipping-taxable","102":"product-type-variable"},"acf":[],"yoast_head":"<!-- This site is optimized with the Yoast SEO plugin v23.6 - https:\/\/yoast.com\/wordpress\/plugins\/seo\/ -->\n<title>Arctic Excursions<\/title>\n<meta name=\"robots\" content=\"index, follow, max-snippet:-1, max-image-preview:large, max-video-preview:-1\" \/>\n<link rel=\"canonical\" href=\"https:\/\/arcticexcursions.com\/udflugter\/kapisillit-village-visit\/\" \/>\n<meta property=\"og:locale\" content=\"da_DK\" \/>\n<meta property=\"og:type\" content=\"article\" \/>\n<meta property=\"og:title\" content=\"Bygden Kapisillit &amp; Isfjorden - Arctic Excursions\" \/>\n<meta property=\"og:description\" content=\"Bes\u00f8g bygden Kapisillit og oplev isfjorden!\" \/>\n<meta property=\"og:url\" content=\"https:\/\/arcticexcursions.com\/udflugter\/kapisillit-village-visit\/\" \/>\n<meta property=\"og:site_name\" content=\"Arctic Excursions\" \/>\n<meta property=\"article:modified_time\" content=\"2025-11-21T12:06:20+00:00\" \/>\n<meta property=\"og:image\" content=\"https:\/\/arcticexcursions.com\/wp-content\/uploads\/2023\/03\/Mala-Blue.jpg\" \/>\n\t<meta property=\"og:image:width\" content=\"2048\" \/>\n\t<meta property=\"og:image:height\" content=\"1366\" \/>\n\t<meta property=\"og:image:type\" content=\"image\/jpeg\" \/>\n<meta name=\"twitter:card\" content=\"summary_large_image\" \/>\n<meta name=\"twitter:label1\" content=\"Estimeret l\u00e6setid\" \/>\n\t<meta name=\"twitter:data1\" content=\"1 minut\" \/>\n<script type=\"application\/ld+json\" class=\"yoast-schema-graph\">{\"@context\":\"https:\/\/schema.org\",\"@graph\":[{\"@type\":\"WebPage\",\"@id\":\"https:\/\/arcticexcursions.com\/udflugter\/kapisillit-village-visit\/\",\"url\":\"https:\/\/arcticexcursions.com\/udflugter\/kapisillit-village-visit\/\",\"name\":\"Bygden Kapisillit & Isfjorden - Arctic Excursions\",\"isPartOf\":{\"@id\":\"https:\/\/arcticexcursions.com\/#website\"},\"primaryImageOfPage\":{\"@id\":\"https:\/\/arcticexcursions.com\/udflugter\/kapisillit-village-visit\/#primaryimage\"},\"image\":{\"@id\":\"https:\/\/arcticexcursions.com\/udflugter\/kapisillit-village-visit\/#primaryimage\"},\"thumbnailUrl\":\"https:\/\/arcticexcursions.com\/wp-content\/uploads\/2023\/03\/Mala-Blue.jpg\",\"datePublished\":\"2023-10-26T13:22:02+00:00\",\"dateModified\":\"2025-11-21T12:06:20+00:00\",\"breadcrumb\":{\"@id\":\"https:\/\/arcticexcursions.com\/udflugter\/kapisillit-village-visit\/#breadcrumb\"},\"inLanguage\":\"da-DK\",\"potentialAction\":[{\"@type\":\"ReadAction\",\"target\":[\"https:\/\/arcticexcursions.com\/udflugter\/kapisillit-village-visit\/\"]}]},{\"@type\":\"ImageObject\",\"inLanguage\":\"da-DK\",\"@id\":\"https:\/\/arcticexcursions.com\/udflugter\/kapisillit-village-visit\/#primaryimage\",\"url\":\"https:\/\/arcticexcursions.com\/wp-content\/uploads\/2023\/03\/Mala-Blue.jpg\",\"contentUrl\":\"https:\/\/arcticexcursions.com\/wp-content\/uploads\/2023\/03\/Mala-Blue.jpg\",\"width\":2048,\"height\":1366},{\"@type\":\"BreadcrumbList\",\"@id\":\"https:\/\/arcticexcursions.com\/udflugter\/kapisillit-village-visit\/#breadcrumb\",\"itemListElement\":[{\"@type\":\"ListItem\",\"position\":1,\"name\":\"Home\",\"item\":\"https:\/\/arcticexcursions.com\/da\/\"},{\"@type\":\"ListItem\",\"position\":2,\"name\":\"Udflugter i Gr\u00f8nland\",\"item\":\"https:\/\/arcticexcursions.com\/da\/udflugter\/\"},{\"@type\":\"ListItem\",\"position\":3,\"name\":\"Bygden Kapisillit &#038; Isfjorden\"}]},{\"@type\":\"WebSite\",\"@id\":\"https:\/\/arcticexcursions.com\/#website\",\"url\":\"https:\/\/arcticexcursions.com\/\",\"name\":\"Arctic Excursions\",\"description\":\"New adventures. Every day.\",\"publisher\":{\"@id\":\"https:\/\/arcticexcursions.com\/#organization\"},\"potentialAction\":[{\"@type\":\"SearchAction\",\"target\":{\"@type\":\"EntryPoint\",\"urlTemplate\":\"https:\/\/arcticexcursions.com\/?s={search_term_string}\"},\"query-input\":{\"@type\":\"PropertyValueSpecification\",\"valueRequired\":true,\"valueName\":\"search_term_string\"}}],\"inLanguage\":\"da-DK\"},{\"@type\":\"Organization\",\"@id\":\"https:\/\/arcticexcursions.com\/#organization\",\"name\":\"Arctic Excursions\",\"url\":\"https:\/\/arcticexcursions.com\/\",\"logo\":{\"@type\":\"ImageObject\",\"inLanguage\":\"da-DK\",\"@id\":\"https:\/\/arcticexcursions.com\/#\/schema\/logo\/image\/\",\"url\":\"https:\/\/arcticexcursions.com\/wp-content\/uploads\/2022\/11\/fb-logo.png\",\"contentUrl\":\"https:\/\/arcticexcursions.com\/wp-content\/uploads\/2022\/11\/fb-logo.png\",\"width\":523,\"height\":523,\"caption\":\"Arctic Excursions\"},\"image\":{\"@id\":\"https:\/\/arcticexcursions.com\/#\/schema\/logo\/image\/\"}}]}<\/script>\n<!-- \/ Yoast SEO plugin. -->","yoast_head_json":{"title":"Arctic Excursions","robots":{"index":"index","follow":"follow","max-snippet":"max-snippet:-1","max-image-preview":"max-image-preview:large","max-video-preview":"max-video-preview:-1"},"canonical":"https:\/\/arcticexcursions.com\/udflugter\/kapisillit-village-visit\/","og_locale":"da_DK","og_type":"article","og_title":"Bygden Kapisillit & Isfjorden - Arctic Excursions","og_description":"Bes\u00f8g bygden Kapisillit og oplev isfjorden!","og_url":"https:\/\/arcticexcursions.com\/udflugter\/kapisillit-village-visit\/","og_site_name":"Arctic Excursions","article_modified_time":"2025-11-21T12:06:20+00:00","og_image":[{"width":2048,"height":1366,"url":"https:\/\/arcticexcursions.com\/wp-content\/uploads\/2023\/03\/Mala-Blue.jpg","type":"image\/jpeg"}],"twitter_card":"summary_large_image","twitter_misc":{"Estimeret l\u00e6setid":"1 minut"},"schema":{"@context":"https:\/\/schema.org","@graph":[{"@type":"WebPage","@id":"https:\/\/arcticexcursions.com\/udflugter\/kapisillit-village-visit\/","url":"https:\/\/arcticexcursions.com\/udflugter\/kapisillit-village-visit\/","name":"Bygden Kapisillit & Isfjorden - Arctic Excursions","isPartOf":{"@id":"https:\/\/arcticexcursions.com\/#website"},"primaryImageOfPage":{"@id":"https:\/\/arcticexcursions.com\/udflugter\/kapisillit-village-visit\/#primaryimage"},"image":{"@id":"https:\/\/arcticexcursions.com\/udflugter\/kapisillit-village-visit\/#primaryimage"},"thumbnailUrl":"https:\/\/arcticexcursions.com\/wp-content\/uploads\/2023\/03\/Mala-Blue.jpg","datePublished":"2023-10-26T13:22:02+00:00","dateModified":"2025-11-21T12:06:20+00:00","breadcrumb":{"@id":"https:\/\/arcticexcursions.com\/udflugter\/kapisillit-village-visit\/#breadcrumb"},"inLanguage":"da-DK","potentialAction":[{"@type":"ReadAction","target":["https:\/\/arcticexcursions.com\/udflugter\/kapisillit-village-visit\/"]}]},{"@type":"ImageObject","inLanguage":"da-DK","@id":"https:\/\/arcticexcursions.com\/udflugter\/kapisillit-village-visit\/#primaryimage","url":"https:\/\/arcticexcursions.com\/wp-content\/uploads\/2023\/03\/Mala-Blue.jpg","contentUrl":"https:\/\/arcticexcursions.com\/wp-content\/uploads\/2023\/03\/Mala-Blue.jpg","width":2048,"height":1366},{"@type":"BreadcrumbList","@id":"https:\/\/arcticexcursions.com\/udflugter\/kapisillit-village-visit\/#breadcrumb","itemListElement":[{"@type":"ListItem","position":1,"name":"Home","item":"https:\/\/arcticexcursions.com\/da\/"},{"@type":"ListItem","position":2,"name":"Udflugter i Gr\u00f8nland","item":"https:\/\/arcticexcursions.com\/da\/udflugter\/"},{"@type":"ListItem","position":3,"name":"Bygden Kapisillit &#038; Isfjorden"}]},{"@type":"WebSite","@id":"https:\/\/arcticexcursions.com\/#website","url":"https:\/\/arcticexcursions.com\/","name":"Arctic Excursions","description":"New adventures. Every day.","publisher":{"@id":"https:\/\/arcticexcursions.com\/#organization"},"potentialAction":[{"@type":"SearchAction","target":{"@type":"EntryPoint","urlTemplate":"https:\/\/arcticexcursions.com\/?s={search_term_string}"},"query-input":{"@type":"PropertyValueSpecification","valueRequired":true,"valueName":"search_term_string"}}],"inLanguage":"da-DK"},{"@type":"Organization","@id":"https:\/\/arcticexcursions.com\/#organization","name":"Arctic Excursions","url":"https:\/\/arcticexcursions.com\/","logo":{"@type":"ImageObject","inLanguage":"da-DK","@id":"https:\/\/arcticexcursions.com\/#\/schema\/logo\/image\/","url":"https:\/\/arcticexcursions.com\/wp-content\/uploads\/2022\/11\/fb-logo.png","contentUrl":"https:\/\/arcticexcursions.com\/wp-content\/uploads\/2022\/11\/fb-logo.png","width":523,"height":523,"caption":"Arctic Excursions"},"image":{"@id":"https:\/\/arcticexcursions.com\/#\/schema\/logo\/image\/"}}]}},"_links":{"self":[{"href":"https:\/\/arcticexcursions.com\/da\/wp-json\/wp\/v2\/product\/22357"}],"collection":[{"href":"https:\/\/arcticexcursions.com\/da\/wp-json\/wp\/v2\/product"}],"about":[{"href":"https:\/\/arcticexcursions.com\/da\/wp-json\/wp\/v2\/types\/product"}],"replies":[{"embeddable":true,"href":"https:\/\/arcticexcursions.com\/da\/wp-json\/wp\/v2\/comments?post=22357"}],"wp:featuredmedia":[{"embeddable":true,"href":"https:\/\/arcticexcursions.com\/da\/wp-json\/wp\/v2\/media\/10487"}],"wp:attachment":[{"href":"https:\/\/arcticexcursions.com\/da\/wp-json\/wp\/v2\/media?parent=22357"}],"wp:term":[{"taxonomy":"product_brand","embeddable":true,"href":"https:\/\/arcticexcursions.com\/da\/wp-json\/wp\/v2\/product_brand?post=22357"},{"taxonomy":"product_cat","embeddable":true,"href":"https:\/\/arcticexcursions.com\/da\/wp-json\/wp\/v2\/product_cat?post=22357"},{"taxonomy":"product_tag","embeddable":true,"href":"https:\/\/arcticexcursions.com\/da\/wp-json\/wp\/v2\/product_tag?post=22357"}],"curies":[{"name":"wp","href":"https:\/\/api.w.org\/{rel}","templated":true}]}}