{"id":22479,"date":"2023-11-06T20:52:39","date_gmt":"2023-11-06T18:52:39","guid":{"rendered":"https:\/\/arcticexcursions.com\/?post_type=product&#038;p=22479"},"modified":"2025-04-14T14:28:17","modified_gmt":"2025-04-14T12:28:17","slug":"3-naetter-i-qoornoq","status":"publish","type":"product","link":"https:\/\/arcticexcursions.com\/da\/udflugter\/3-naetter-i-qoornoq\/","title":{"rendered":"2 n\u00e6tter i Qoornoq"},"content":{"rendered":"<p>Oplev den Gr\u00f8nlandske natur og overnatte i en hytte, som mange gr\u00f8nlandske familier g\u00f8r om sommeren. <\/p>\n<p>Qoornoq har v\u00e6ret beboet i flere omgange. F\u00f8rst af Inuit siden 2000 \u00e5r f.Kr. og senere af vikinger. Bygden blev nedlagt i 1972, og i dag bliver husene brugt som sommerhuse. <\/p>\n<p>Vores hytte i Qoornoq har plads til 6 personer og har eget k\u00f8kken og toilet. <\/p>\n<p><b>Hvad der er i hytten:<\/b><br \/>\n &#8211; K\u00f8kkenredskaber, (bestik, tallerkner, gryder osv.)<br \/>\n &#8211; Gasgrill<br \/>\n &#8211; Sukker, salt, peber, opvaskes\u00e6be, toiletpapir, kaffefilter,<br \/>\n &#8211; Dyner og puder<br \/>\n &#8211; Gas og petroleum<\/p>\n<p>Prisen inkluderer sejlads til og fra Qoornoq, og overnatning i hytten.<\/p>\n","protected":false},"excerpt":{"rendered":"<p>Nyd stilheden og den friske luft i Qoornoq med isbjerge i baggrunden. <\/p>\n","protected":false},"featured_media":22477,"comment_status":"open","ping_status":"closed","template":"","meta":{"_acf_changed":false},"product_brand":[],"product_cat":[170],"product_tag":[],"class_list":{"0":"post-22479","1":"product","2":"type-product","3":"status-publish","4":"has-post-thumbnail","6":"product_cat-udflugt","7":"pa_dato-1063","8":"pa_dato-1065","9":"pa_dato-912","10":"pa_dato-1126","11":"pa_dato-963","12":"pa_dato-1129","13":"pa_dato-966","14":"pa_dato-1026","15":"pa_dato-1031","16":"pa_dato-988","17":"pa_dato-967","18":"pa_dato-993","19":"pa_dato-964","20":"pa_dato-997","21":"pa_dato-1002","22":"pa_dato-1004","23":"pa_dato-1037","24":"pa_dato-1039","25":"pa_dato-968","26":"pa_dato-1012","27":"pa_dato-965","28":"pa_tidspunkt-61","29":"tour_location-nuuk-da","30":"tour_type-ophold","31":"tour_tickettype-arctic_excursions","32":"tour_operator-kang-tourism","34":"first","35":"outofstock","36":"shipping-taxable","37":"product-type-variable"},"acf":[],"yoast_head":"<!-- This site is optimized with the Yoast SEO plugin v23.6 - https:\/\/yoast.com\/wordpress\/plugins\/seo\/ -->\n<title>Arctic Excursions<\/title>\n<meta name=\"robots\" content=\"index, follow, max-snippet:-1, max-image-preview:large, max-video-preview:-1\" \/>\n<link rel=\"canonical\" href=\"https:\/\/arcticexcursions.com\/da\/udflugter\/3-naetter-i-qoornoq\/\" \/>\n<meta property=\"og:locale\" content=\"da_DK\" \/>\n<meta property=\"og:type\" content=\"article\" \/>\n<meta property=\"og:title\" content=\"2 n\u00e6tter i Qoornoq - Arctic Excursions\" \/>\n<meta property=\"og:description\" content=\"Nyd stilheden og den friske luft i Qoornoq med isbjerge i baggrunden.\" \/>\n<meta property=\"og:url\" content=\"https:\/\/arcticexcursions.com\/da\/udflugter\/3-naetter-i-qoornoq\/\" \/>\n<meta property=\"og:site_name\" content=\"Arctic Excursions\" \/>\n<meta property=\"article:modified_time\" content=\"2025-04-14T12:28:17+00:00\" \/>\n<meta property=\"og:image\" content=\"https:\/\/arcticexcursions.com\/wp-content\/uploads\/2023\/11\/IMG_2965-scaled.jpg\" \/>\n\t<meta property=\"og:image:width\" content=\"2560\" \/>\n\t<meta property=\"og:image:height\" content=\"1920\" \/>\n\t<meta property=\"og:image:type\" content=\"image\/jpeg\" \/>\n<meta name=\"twitter:card\" content=\"summary_large_image\" \/>\n<meta name=\"twitter:label1\" content=\"Estimeret l\u00e6setid\" \/>\n\t<meta name=\"twitter:data1\" content=\"1 minut\" \/>\n<script type=\"application\/ld+json\" class=\"yoast-schema-graph\">{\"@context\":\"https:\/\/schema.org\",\"@graph\":[{\"@type\":\"WebPage\",\"@id\":\"https:\/\/arcticexcursions.com\/da\/udflugter\/3-naetter-i-qoornoq\/\",\"url\":\"https:\/\/arcticexcursions.com\/da\/udflugter\/3-naetter-i-qoornoq\/\",\"name\":\"2 n\u00e6tter i Qoornoq - Arctic Excursions\",\"isPartOf\":{\"@id\":\"https:\/\/arcticexcursions.com\/#website\"},\"primaryImageOfPage\":{\"@id\":\"https:\/\/arcticexcursions.com\/da\/udflugter\/3-naetter-i-qoornoq\/#primaryimage\"},\"image\":{\"@id\":\"https:\/\/arcticexcursions.com\/da\/udflugter\/3-naetter-i-qoornoq\/#primaryimage\"},\"thumbnailUrl\":\"https:\/\/arcticexcursions.com\/wp-content\/uploads\/2023\/11\/IMG_2965-scaled.jpg\",\"datePublished\":\"2023-11-06T18:52:39+00:00\",\"dateModified\":\"2025-04-14T12:28:17+00:00\",\"breadcrumb\":{\"@id\":\"https:\/\/arcticexcursions.com\/da\/udflugter\/3-naetter-i-qoornoq\/#breadcrumb\"},\"inLanguage\":\"da-DK\",\"potentialAction\":[{\"@type\":\"ReadAction\",\"target\":[\"https:\/\/arcticexcursions.com\/da\/udflugter\/3-naetter-i-qoornoq\/\"]}]},{\"@type\":\"ImageObject\",\"inLanguage\":\"da-DK\",\"@id\":\"https:\/\/arcticexcursions.com\/da\/udflugter\/3-naetter-i-qoornoq\/#primaryimage\",\"url\":\"https:\/\/arcticexcursions.com\/wp-content\/uploads\/2023\/11\/IMG_2965-scaled.jpg\",\"contentUrl\":\"https:\/\/arcticexcursions.com\/wp-content\/uploads\/2023\/11\/IMG_2965-scaled.jpg\",\"width\":2560,\"height\":1920},{\"@type\":\"BreadcrumbList\",\"@id\":\"https:\/\/arcticexcursions.com\/da\/udflugter\/3-naetter-i-qoornoq\/#breadcrumb\",\"itemListElement\":[{\"@type\":\"ListItem\",\"position\":1,\"name\":\"Home\",\"item\":\"https:\/\/arcticexcursions.com\/da\/\"},{\"@type\":\"ListItem\",\"position\":2,\"name\":\"Udflugter i Gr\u00f8nland\",\"item\":\"https:\/\/arcticexcursions.com\/da\/udflugter\/\"},{\"@type\":\"ListItem\",\"position\":3,\"name\":\"2 n\u00e6tter i Qoornoq\"}]},{\"@type\":\"WebSite\",\"@id\":\"https:\/\/arcticexcursions.com\/#website\",\"url\":\"https:\/\/arcticexcursions.com\/\",\"name\":\"Arctic Excursions\",\"description\":\"New adventures. Every day.\",\"publisher\":{\"@id\":\"https:\/\/arcticexcursions.com\/#organization\"},\"potentialAction\":[{\"@type\":\"SearchAction\",\"target\":{\"@type\":\"EntryPoint\",\"urlTemplate\":\"https:\/\/arcticexcursions.com\/?s={search_term_string}\"},\"query-input\":{\"@type\":\"PropertyValueSpecification\",\"valueRequired\":true,\"valueName\":\"search_term_string\"}}],\"inLanguage\":\"da-DK\"},{\"@type\":\"Organization\",\"@id\":\"https:\/\/arcticexcursions.com\/#organization\",\"name\":\"Arctic Excursions\",\"url\":\"https:\/\/arcticexcursions.com\/\",\"logo\":{\"@type\":\"ImageObject\",\"inLanguage\":\"da-DK\",\"@id\":\"https:\/\/arcticexcursions.com\/#\/schema\/logo\/image\/\",\"url\":\"https:\/\/arcticexcursions.com\/wp-content\/uploads\/2022\/11\/fb-logo.png\",\"contentUrl\":\"https:\/\/arcticexcursions.com\/wp-content\/uploads\/2022\/11\/fb-logo.png\",\"width\":523,\"height\":523,\"caption\":\"Arctic Excursions\"},\"image\":{\"@id\":\"https:\/\/arcticexcursions.com\/#\/schema\/logo\/image\/\"}}]}<\/script>\n<!-- \/ Yoast SEO plugin. -->","yoast_head_json":{"title":"Arctic Excursions","robots":{"index":"index","follow":"follow","max-snippet":"max-snippet:-1","max-image-preview":"max-image-preview:large","max-video-preview":"max-video-preview:-1"},"canonical":"https:\/\/arcticexcursions.com\/da\/udflugter\/3-naetter-i-qoornoq\/","og_locale":"da_DK","og_type":"article","og_title":"2 n\u00e6tter i Qoornoq - Arctic Excursions","og_description":"Nyd stilheden og den friske luft i Qoornoq med isbjerge i baggrunden.","og_url":"https:\/\/arcticexcursions.com\/da\/udflugter\/3-naetter-i-qoornoq\/","og_site_name":"Arctic Excursions","article_modified_time":"2025-04-14T12:28:17+00:00","og_image":[{"width":2560,"height":1920,"url":"https:\/\/arcticexcursions.com\/wp-content\/uploads\/2023\/11\/IMG_2965-scaled.jpg","type":"image\/jpeg"}],"twitter_card":"summary_large_image","twitter_misc":{"Estimeret l\u00e6setid":"1 minut"},"schema":{"@context":"https:\/\/schema.org","@graph":[{"@type":"WebPage","@id":"https:\/\/arcticexcursions.com\/da\/udflugter\/3-naetter-i-qoornoq\/","url":"https:\/\/arcticexcursions.com\/da\/udflugter\/3-naetter-i-qoornoq\/","name":"2 n\u00e6tter i Qoornoq - Arctic Excursions","isPartOf":{"@id":"https:\/\/arcticexcursions.com\/#website"},"primaryImageOfPage":{"@id":"https:\/\/arcticexcursions.com\/da\/udflugter\/3-naetter-i-qoornoq\/#primaryimage"},"image":{"@id":"https:\/\/arcticexcursions.com\/da\/udflugter\/3-naetter-i-qoornoq\/#primaryimage"},"thumbnailUrl":"https:\/\/arcticexcursions.com\/wp-content\/uploads\/2023\/11\/IMG_2965-scaled.jpg","datePublished":"2023-11-06T18:52:39+00:00","dateModified":"2025-04-14T12:28:17+00:00","breadcrumb":{"@id":"https:\/\/arcticexcursions.com\/da\/udflugter\/3-naetter-i-qoornoq\/#breadcrumb"},"inLanguage":"da-DK","potentialAction":[{"@type":"ReadAction","target":["https:\/\/arcticexcursions.com\/da\/udflugter\/3-naetter-i-qoornoq\/"]}]},{"@type":"ImageObject","inLanguage":"da-DK","@id":"https:\/\/arcticexcursions.com\/da\/udflugter\/3-naetter-i-qoornoq\/#primaryimage","url":"https:\/\/arcticexcursions.com\/wp-content\/uploads\/2023\/11\/IMG_2965-scaled.jpg","contentUrl":"https:\/\/arcticexcursions.com\/wp-content\/uploads\/2023\/11\/IMG_2965-scaled.jpg","width":2560,"height":1920},{"@type":"BreadcrumbList","@id":"https:\/\/arcticexcursions.com\/da\/udflugter\/3-naetter-i-qoornoq\/#breadcrumb","itemListElement":[{"@type":"ListItem","position":1,"name":"Home","item":"https:\/\/arcticexcursions.com\/da\/"},{"@type":"ListItem","position":2,"name":"Udflugter i Gr\u00f8nland","item":"https:\/\/arcticexcursions.com\/da\/udflugter\/"},{"@type":"ListItem","position":3,"name":"2 n\u00e6tter i Qoornoq"}]},{"@type":"WebSite","@id":"https:\/\/arcticexcursions.com\/#website","url":"https:\/\/arcticexcursions.com\/","name":"Arctic Excursions","description":"New adventures. Every day.","publisher":{"@id":"https:\/\/arcticexcursions.com\/#organization"},"potentialAction":[{"@type":"SearchAction","target":{"@type":"EntryPoint","urlTemplate":"https:\/\/arcticexcursions.com\/?s={search_term_string}"},"query-input":{"@type":"PropertyValueSpecification","valueRequired":true,"valueName":"search_term_string"}}],"inLanguage":"da-DK"},{"@type":"Organization","@id":"https:\/\/arcticexcursions.com\/#organization","name":"Arctic Excursions","url":"https:\/\/arcticexcursions.com\/","logo":{"@type":"ImageObject","inLanguage":"da-DK","@id":"https:\/\/arcticexcursions.com\/#\/schema\/logo\/image\/","url":"https:\/\/arcticexcursions.com\/wp-content\/uploads\/2022\/11\/fb-logo.png","contentUrl":"https:\/\/arcticexcursions.com\/wp-content\/uploads\/2022\/11\/fb-logo.png","width":523,"height":523,"caption":"Arctic Excursions"},"image":{"@id":"https:\/\/arcticexcursions.com\/#\/schema\/logo\/image\/"}}]}},"_links":{"self":[{"href":"https:\/\/arcticexcursions.com\/da\/wp-json\/wp\/v2\/product\/22479"}],"collection":[{"href":"https:\/\/arcticexcursions.com\/da\/wp-json\/wp\/v2\/product"}],"about":[{"href":"https:\/\/arcticexcursions.com\/da\/wp-json\/wp\/v2\/types\/product"}],"replies":[{"embeddable":true,"href":"https:\/\/arcticexcursions.com\/da\/wp-json\/wp\/v2\/comments?post=22479"}],"wp:featuredmedia":[{"embeddable":true,"href":"https:\/\/arcticexcursions.com\/da\/wp-json\/wp\/v2\/media\/22477"}],"wp:attachment":[{"href":"https:\/\/arcticexcursions.com\/da\/wp-json\/wp\/v2\/media?parent=22479"}],"wp:term":[{"taxonomy":"product_brand","embeddable":true,"href":"https:\/\/arcticexcursions.com\/da\/wp-json\/wp\/v2\/product_brand?post=22479"},{"taxonomy":"product_cat","embeddable":true,"href":"https:\/\/arcticexcursions.com\/da\/wp-json\/wp\/v2\/product_cat?post=22479"},{"taxonomy":"product_tag","embeddable":true,"href":"https:\/\/arcticexcursions.com\/da\/wp-json\/wp\/v2\/product_tag?post=22479"}],"curies":[{"name":"wp","href":"https:\/\/api.w.org\/{rel}","templated":true}]}}