{"id":22989,"date":"2023-11-15T12:54:50","date_gmt":"2023-11-15T10:54:50","guid":{"rendered":"https:\/\/arcticexcursions.com\/?post_type=product&#038;p=22989"},"modified":"2026-03-17T01:58:01","modified_gmt":"2026-03-16T23:58:01","slug":"privat-kajaktur-ved-isfjorden","status":"publish","type":"product","link":"https:\/\/arcticexcursions.com\/da\/udflugter\/privat-kajaktur-ved-isfjorden\/","title":{"rendered":"Privat kajaktur ved isfjorden"},"content":{"rendered":"<p>Turen starter ved havnen, hvor vi henter dig\/jer med b\u00e5den. Da det er en privat tur vil der ikke v\u00e6re andre med end dig\/jer. Sammen planl\u00e6gger vi turen, s\u00e5 jeres \u00f8nsker og ideer bliver til turen bliver indfriet.<br \/>\nGuiden vil under hele turen v\u00e6re i b\u00e5den og s\u00f8rger for sikkerheden undervejs. <\/p>\n<p>Vi s\u00f8ger for al udstyr til turen, samt lidt varmt at drikke. <\/p>\n<p>Turens indhold er du\/I med til at bestemme. Hvor l\u00e6nge i \u00f8nsker at sejle, ro kajak eller m\u00e5ske noget helt trejde bestemmer du\/I selv. <\/p>\n<p><b>Varighed:<\/b> 2 timer <\/p>\n<p><b>Deltagere:<\/b> Bem\u00e6rk venligst, at udflugten kun gennemf\u00f8res, hvis der er mindst 2 bookede billetter i alt. Hvis du for eksempel booker 1 billetter, skal der s\u00e6lges mindst 1 yderligere billetter til andre kunder, f\u00f8r turen kan finde sted. Der vil deltage maksimalt 8 personer. <\/p>\n<p><b>Sprog:<\/b> Instrukt\u00f8ren taler dansk, engelsk og gr\u00f8nlandsk <\/p>\n<p><b>Sv\u00e6rhedsgrad:<\/b> Begyndervenlig tur <\/p>\n<p><b>Anbefalet p\u00e5kl\u00e6dning:<\/b> Varmt, praktisk t\u00f8j. Sikkerhedsudstyr inkluderet.<\/p>\n","protected":false},"excerpt":{"rendered":"<p>Skr\u00e6ddersyet, privat og intim tur i kajak ved isfjorden. <\/p>\n","protected":false},"featured_media":8063,"comment_status":"open","ping_status":"closed","template":"","meta":{"_acf_changed":false},"product_brand":[],"product_cat":[170],"product_tag":[],"class_list":{"0":"post-22989","1":"product","2":"type-product","3":"status-publish","4":"has-post-thumbnail","6":"product_cat-udflugt","7":"pa_dato-1090","8":"pa_dato-882","9":"pa_dato-896","10":"pa_dato-868","11":"pa_dato-1092","12":"pa_dato-1094","13":"pa_dato-1095","14":"pa_dato-1031","15":"pa_dato-1032","16":"pa_dato-988","17":"pa_dato-990","18":"pa_dato-991","19":"pa_dato-992","20":"pa_dato-6158","21":"pa_dato-6186","22":"pa_dato-6312","23":"pa_dato-6406","24":"pa_dato-6296","25":"pa_dato-6276","26":"pa_tidspunkt-177","27":"pa_tidspunkt-6400","28":"pa_tidspunkt-308","29":"pa_tidspunkt-426","30":"pa_tidspunkt-86","31":"tour_location-ilulissat-da","32":"tour_type-vandsport","33":"tour_tickettype-arctic_excursions","34":"tour_operator-inuk-adventure","36":"first","37":"instock","38":"shipping-taxable","39":"purchasable","40":"product-type-variable"},"acf":[],"yoast_head":"<!-- This site is optimized with the Yoast SEO plugin v23.6 - https:\/\/yoast.com\/wordpress\/plugins\/seo\/ -->\n<title>Arctic Excursions<\/title>\n<meta name=\"robots\" content=\"index, follow, max-snippet:-1, max-image-preview:large, max-video-preview:-1\" \/>\n<link rel=\"canonical\" href=\"https:\/\/arcticexcursions.com\/da\/udflugter\/privat-kajaktur-ved-isfjorden\/\" \/>\n<meta property=\"og:locale\" content=\"da_DK\" \/>\n<meta property=\"og:type\" content=\"article\" \/>\n<meta property=\"og:title\" content=\"Privat kajaktur ved isfjorden - Arctic Excursions\" \/>\n<meta property=\"og:description\" content=\"Skr\u00e6ddersyet, privat og intim tur i kajak ved isfjorden.\" \/>\n<meta property=\"og:url\" content=\"https:\/\/arcticexcursions.com\/da\/udflugter\/privat-kajaktur-ved-isfjorden\/\" \/>\n<meta property=\"og:site_name\" content=\"Arctic Excursions\" \/>\n<meta property=\"article:modified_time\" content=\"2026-03-16T23:58:01+00:00\" \/>\n<meta property=\"og:image\" content=\"https:\/\/arcticexcursions.com\/wp-content\/uploads\/2023\/01\/IMG_0463-2-scaled.jpg\" \/>\n\t<meta property=\"og:image:width\" content=\"2560\" \/>\n\t<meta property=\"og:image:height\" content=\"1920\" \/>\n\t<meta property=\"og:image:type\" content=\"image\/jpeg\" \/>\n<meta name=\"twitter:card\" content=\"summary_large_image\" \/>\n<meta name=\"twitter:label1\" content=\"Estimeret l\u00e6setid\" \/>\n\t<meta name=\"twitter:data1\" content=\"1 minut\" \/>\n<script type=\"application\/ld+json\" class=\"yoast-schema-graph\">{\"@context\":\"https:\/\/schema.org\",\"@graph\":[{\"@type\":\"WebPage\",\"@id\":\"https:\/\/arcticexcursions.com\/da\/udflugter\/privat-kajaktur-ved-isfjorden\/\",\"url\":\"https:\/\/arcticexcursions.com\/da\/udflugter\/privat-kajaktur-ved-isfjorden\/\",\"name\":\"Privat kajaktur ved isfjorden - Arctic Excursions\",\"isPartOf\":{\"@id\":\"https:\/\/arcticexcursions.com\/#website\"},\"primaryImageOfPage\":{\"@id\":\"https:\/\/arcticexcursions.com\/da\/udflugter\/privat-kajaktur-ved-isfjorden\/#primaryimage\"},\"image\":{\"@id\":\"https:\/\/arcticexcursions.com\/da\/udflugter\/privat-kajaktur-ved-isfjorden\/#primaryimage\"},\"thumbnailUrl\":\"https:\/\/arcticexcursions.com\/wp-content\/uploads\/2023\/01\/IMG_0463-2-scaled.jpg\",\"datePublished\":\"2023-11-15T10:54:50+00:00\",\"dateModified\":\"2026-03-16T23:58:01+00:00\",\"breadcrumb\":{\"@id\":\"https:\/\/arcticexcursions.com\/da\/udflugter\/privat-kajaktur-ved-isfjorden\/#breadcrumb\"},\"inLanguage\":\"da-DK\",\"potentialAction\":[{\"@type\":\"ReadAction\",\"target\":[\"https:\/\/arcticexcursions.com\/da\/udflugter\/privat-kajaktur-ved-isfjorden\/\"]}]},{\"@type\":\"ImageObject\",\"inLanguage\":\"da-DK\",\"@id\":\"https:\/\/arcticexcursions.com\/da\/udflugter\/privat-kajaktur-ved-isfjorden\/#primaryimage\",\"url\":\"https:\/\/arcticexcursions.com\/wp-content\/uploads\/2023\/01\/IMG_0463-2-scaled.jpg\",\"contentUrl\":\"https:\/\/arcticexcursions.com\/wp-content\/uploads\/2023\/01\/IMG_0463-2-scaled.jpg\",\"width\":2560,\"height\":1920},{\"@type\":\"BreadcrumbList\",\"@id\":\"https:\/\/arcticexcursions.com\/da\/udflugter\/privat-kajaktur-ved-isfjorden\/#breadcrumb\",\"itemListElement\":[{\"@type\":\"ListItem\",\"position\":1,\"name\":\"Home\",\"item\":\"https:\/\/arcticexcursions.com\/da\/\"},{\"@type\":\"ListItem\",\"position\":2,\"name\":\"Udflugter i Gr\u00f8nland\",\"item\":\"https:\/\/arcticexcursions.com\/da\/udflugter\/\"},{\"@type\":\"ListItem\",\"position\":3,\"name\":\"Privat kajaktur ved isfjorden\"}]},{\"@type\":\"WebSite\",\"@id\":\"https:\/\/arcticexcursions.com\/#website\",\"url\":\"https:\/\/arcticexcursions.com\/\",\"name\":\"Arctic Excursions\",\"description\":\"New adventures. Every day.\",\"publisher\":{\"@id\":\"https:\/\/arcticexcursions.com\/#organization\"},\"potentialAction\":[{\"@type\":\"SearchAction\",\"target\":{\"@type\":\"EntryPoint\",\"urlTemplate\":\"https:\/\/arcticexcursions.com\/?s={search_term_string}\"},\"query-input\":{\"@type\":\"PropertyValueSpecification\",\"valueRequired\":true,\"valueName\":\"search_term_string\"}}],\"inLanguage\":\"da-DK\"},{\"@type\":\"Organization\",\"@id\":\"https:\/\/arcticexcursions.com\/#organization\",\"name\":\"Arctic Excursions\",\"url\":\"https:\/\/arcticexcursions.com\/\",\"logo\":{\"@type\":\"ImageObject\",\"inLanguage\":\"da-DK\",\"@id\":\"https:\/\/arcticexcursions.com\/#\/schema\/logo\/image\/\",\"url\":\"https:\/\/arcticexcursions.com\/wp-content\/uploads\/2022\/11\/fb-logo.png\",\"contentUrl\":\"https:\/\/arcticexcursions.com\/wp-content\/uploads\/2022\/11\/fb-logo.png\",\"width\":523,\"height\":523,\"caption\":\"Arctic Excursions\"},\"image\":{\"@id\":\"https:\/\/arcticexcursions.com\/#\/schema\/logo\/image\/\"}}]}<\/script>\n<!-- \/ Yoast SEO plugin. -->","yoast_head_json":{"title":"Arctic Excursions","robots":{"index":"index","follow":"follow","max-snippet":"max-snippet:-1","max-image-preview":"max-image-preview:large","max-video-preview":"max-video-preview:-1"},"canonical":"https:\/\/arcticexcursions.com\/da\/udflugter\/privat-kajaktur-ved-isfjorden\/","og_locale":"da_DK","og_type":"article","og_title":"Privat kajaktur ved isfjorden - Arctic Excursions","og_description":"Skr\u00e6ddersyet, privat og intim tur i kajak ved isfjorden.","og_url":"https:\/\/arcticexcursions.com\/da\/udflugter\/privat-kajaktur-ved-isfjorden\/","og_site_name":"Arctic Excursions","article_modified_time":"2026-03-16T23:58:01+00:00","og_image":[{"width":2560,"height":1920,"url":"https:\/\/arcticexcursions.com\/wp-content\/uploads\/2023\/01\/IMG_0463-2-scaled.jpg","type":"image\/jpeg"}],"twitter_card":"summary_large_image","twitter_misc":{"Estimeret l\u00e6setid":"1 minut"},"schema":{"@context":"https:\/\/schema.org","@graph":[{"@type":"WebPage","@id":"https:\/\/arcticexcursions.com\/da\/udflugter\/privat-kajaktur-ved-isfjorden\/","url":"https:\/\/arcticexcursions.com\/da\/udflugter\/privat-kajaktur-ved-isfjorden\/","name":"Privat kajaktur ved isfjorden - Arctic Excursions","isPartOf":{"@id":"https:\/\/arcticexcursions.com\/#website"},"primaryImageOfPage":{"@id":"https:\/\/arcticexcursions.com\/da\/udflugter\/privat-kajaktur-ved-isfjorden\/#primaryimage"},"image":{"@id":"https:\/\/arcticexcursions.com\/da\/udflugter\/privat-kajaktur-ved-isfjorden\/#primaryimage"},"thumbnailUrl":"https:\/\/arcticexcursions.com\/wp-content\/uploads\/2023\/01\/IMG_0463-2-scaled.jpg","datePublished":"2023-11-15T10:54:50+00:00","dateModified":"2026-03-16T23:58:01+00:00","breadcrumb":{"@id":"https:\/\/arcticexcursions.com\/da\/udflugter\/privat-kajaktur-ved-isfjorden\/#breadcrumb"},"inLanguage":"da-DK","potentialAction":[{"@type":"ReadAction","target":["https:\/\/arcticexcursions.com\/da\/udflugter\/privat-kajaktur-ved-isfjorden\/"]}]},{"@type":"ImageObject","inLanguage":"da-DK","@id":"https:\/\/arcticexcursions.com\/da\/udflugter\/privat-kajaktur-ved-isfjorden\/#primaryimage","url":"https:\/\/arcticexcursions.com\/wp-content\/uploads\/2023\/01\/IMG_0463-2-scaled.jpg","contentUrl":"https:\/\/arcticexcursions.com\/wp-content\/uploads\/2023\/01\/IMG_0463-2-scaled.jpg","width":2560,"height":1920},{"@type":"BreadcrumbList","@id":"https:\/\/arcticexcursions.com\/da\/udflugter\/privat-kajaktur-ved-isfjorden\/#breadcrumb","itemListElement":[{"@type":"ListItem","position":1,"name":"Home","item":"https:\/\/arcticexcursions.com\/da\/"},{"@type":"ListItem","position":2,"name":"Udflugter i Gr\u00f8nland","item":"https:\/\/arcticexcursions.com\/da\/udflugter\/"},{"@type":"ListItem","position":3,"name":"Privat kajaktur ved isfjorden"}]},{"@type":"WebSite","@id":"https:\/\/arcticexcursions.com\/#website","url":"https:\/\/arcticexcursions.com\/","name":"Arctic Excursions","description":"New adventures. Every day.","publisher":{"@id":"https:\/\/arcticexcursions.com\/#organization"},"potentialAction":[{"@type":"SearchAction","target":{"@type":"EntryPoint","urlTemplate":"https:\/\/arcticexcursions.com\/?s={search_term_string}"},"query-input":{"@type":"PropertyValueSpecification","valueRequired":true,"valueName":"search_term_string"}}],"inLanguage":"da-DK"},{"@type":"Organization","@id":"https:\/\/arcticexcursions.com\/#organization","name":"Arctic Excursions","url":"https:\/\/arcticexcursions.com\/","logo":{"@type":"ImageObject","inLanguage":"da-DK","@id":"https:\/\/arcticexcursions.com\/#\/schema\/logo\/image\/","url":"https:\/\/arcticexcursions.com\/wp-content\/uploads\/2022\/11\/fb-logo.png","contentUrl":"https:\/\/arcticexcursions.com\/wp-content\/uploads\/2022\/11\/fb-logo.png","width":523,"height":523,"caption":"Arctic Excursions"},"image":{"@id":"https:\/\/arcticexcursions.com\/#\/schema\/logo\/image\/"}}]}},"_links":{"self":[{"href":"https:\/\/arcticexcursions.com\/da\/wp-json\/wp\/v2\/product\/22989"}],"collection":[{"href":"https:\/\/arcticexcursions.com\/da\/wp-json\/wp\/v2\/product"}],"about":[{"href":"https:\/\/arcticexcursions.com\/da\/wp-json\/wp\/v2\/types\/product"}],"replies":[{"embeddable":true,"href":"https:\/\/arcticexcursions.com\/da\/wp-json\/wp\/v2\/comments?post=22989"}],"wp:featuredmedia":[{"embeddable":true,"href":"https:\/\/arcticexcursions.com\/da\/wp-json\/wp\/v2\/media\/8063"}],"wp:attachment":[{"href":"https:\/\/arcticexcursions.com\/da\/wp-json\/wp\/v2\/media?parent=22989"}],"wp:term":[{"taxonomy":"product_brand","embeddable":true,"href":"https:\/\/arcticexcursions.com\/da\/wp-json\/wp\/v2\/product_brand?post=22989"},{"taxonomy":"product_cat","embeddable":true,"href":"https:\/\/arcticexcursions.com\/da\/wp-json\/wp\/v2\/product_cat?post=22989"},{"taxonomy":"product_tag","embeddable":true,"href":"https:\/\/arcticexcursions.com\/da\/wp-json\/wp\/v2\/product_tag?post=22989"}],"curies":[{"name":"wp","href":"https:\/\/api.w.org\/{rel}","templated":true}]}}