{"id":23273,"date":"2023-11-06T19:19:52","date_gmt":"2023-11-06T17:19:52","guid":{"rendered":"https:\/\/arcticexcursions.com\/?post_type=product&#038;p=23273"},"modified":"2026-04-06T19:52:54","modified_gmt":"2026-04-06T17:52:54","slug":"dogsledge-tour-around-ilulissat-2-hours","status":"publish","type":"product","link":"https:\/\/arcticexcursions.com\/da\/udflugter\/dogsledge-tour-around-ilulissat-2-hours\/","title":{"rendered":"1,5 timers hundesl\u00e6detur i Ilulissat"},"content":{"rendered":"<p>Denne udflugt giver dig en fantastisk tur i det sned\u00e6kkede terr\u00e6n bag Ilulissat by med en gr\u00f8nlandsk sl\u00e6dehund, eskorteret af en af Ilulissats mange hundesl\u00e6dekuske.<\/p>\n<p>Du vil sent glemme de fredfyldte omgivelser, lyden af hundenes poter i sneen og sl\u00e6dekuskenes interaktion med hundene. Det giver en forst\u00e5else af en verden, der har v\u00e6ret afg\u00f8rende for Gr\u00f8nlands fangere og fiskere i mange \u00e5r, b\u00e5de nu og f\u00f8r i tiden.<\/p>\n<p>Sl\u00e6deturen tager ca. 1,5 timer. Varmt t\u00f8j tilr\u00e5des, is\u00e6r hvis det d\u00e6kker dit ansigt. Selv om det er ret koldt at k\u00f8re p\u00e5 sl\u00e6de, er det en oplevelse, du ikke b\u00f8r g\u00e5 glip af!<\/p>\n<p><b>Varighed:<\/b> 2 timer <\/p>\n<p><b>Sprog:<\/b> Guiden taler dansk, engelsk og gr\u00f8nlandsk<\/p>\n<p><b>Praktisk info:<\/b> Anbefales ikke til personer med sv\u00e6re rygproblemer<\/p>\n<p><b>Forplejning:<\/b> Kaffe og te serveres<\/p>\n<p><b>Anbefalet p\u00e5kl\u00e6dning:<\/b> Praktiske sko og varmt t\u00f8j, inkl. hue og handsker<\/p>\n","protected":false},"excerpt":{"rendered":"<p>Oplev en sp\u00e6ndende hundesl\u00e6dek\u00f8rsel i Ilulissat-omr\u00e5det!<\/p>\n","protected":false},"featured_media":23280,"comment_status":"open","ping_status":"closed","template":"","meta":{"_acf_changed":false},"product_brand":[],"product_cat":[101,170],"product_tag":[],"class_list":{"0":"post-23273","1":"product","2":"type-product","3":"status-publish","4":"has-post-thumbnail","6":"product_cat-tour","7":"product_cat-udflugt","8":"pa_dato-788","9":"pa_dato-789","10":"pa_dato-916","11":"pa_dato-925","12":"pa_dato-926","13":"pa_dato-790","14":"pa_dato-980","15":"pa_dato-791","16":"pa_dato-792","17":"pa_dato-914","18":"pa_dato-977","19":"pa_dato-970","20":"pa_dato-793","21":"pa_dato-841","22":"pa_dato-794","23":"pa_dato-795","24":"pa_dato-931","25":"pa_dato-981","26":"pa_dato-971","27":"pa_dato-796","28":"pa_dato-984","29":"pa_dato-797","30":"pa_dato-798","31":"pa_dato-932","32":"pa_dato-937","33":"pa_dato-938","34":"pa_dato-799","35":"pa_dato-939","36":"pa_dato-800","37":"pa_dato-801","38":"pa_dato-933","39":"pa_dato-982","40":"pa_dato-983","41":"pa_dato-802","42":"pa_dato-1069","43":"pa_dato-1072","44":"pa_dato-806","45":"pa_dato-940","46":"pa_dato-985","47":"pa_dato-1165","48":"pa_dato-941","49":"pa_dato-942","50":"pa_dato-943","51":"pa_dato-911","52":"pa_dato-1166","53":"pa_dato-1077","54":"pa_dato-1167","55":"pa_dato-810","56":"pa_dato-811","57":"pa_dato-812","58":"pa_dato-813","59":"pa_dato-814","60":"pa_dato-903","61":"pa_dato-905","62":"pa_dato-815","63":"pa_dato-816","64":"pa_dato-944","65":"pa_dato-907","66":"pa_dato-906","67":"pa_dato-854","68":"pa_dato-869","69":"pa_dato-946","70":"pa_dato-1145","71":"pa_dato-945","72":"pa_dato-904","73":"pa_dato-855","74":"pa_dato-870","75":"pa_dato-1142","76":"pa_dato-908","77":"pa_dato-883","78":"pa_dato-871","79":"pa_dato-856","80":"pa_dato-929","81":"pa_dato-884","82":"pa_dato-1168","83":"pa_dato-857","84":"pa_dato-955","85":"pa_dato-872","86":"pa_dato-956","87":"pa_dato-885","88":"pa_dato-858","89":"pa_dato-1169","90":"pa_dato-859","91":"pa_dato-886","92":"pa_dato-873","93":"pa_dato-987","94":"pa_dato-930","95":"pa_dato-860","96":"pa_dato-1170","97":"pa_dato-861","98":"pa_dato-887","99":"pa_dato-874","100":"pa_dato-947","101":"pa_dato-948","102":"pa_dato-888","103":"pa_dato-875","104":"pa_dato-863","105":"pa_dato-918","106":"pa_dato-1187","107":"pa_dato-1188","108":"pa_dato-889","109":"pa_dato-876","110":"pa_dato-1189","111":"pa_dato-864","112":"pa_dato-949","113":"pa_dato-1190","114":"pa_dato-891","115":"pa_dato-879","116":"pa_dato-1191","117":"pa_dato-1192","118":"pa_dato-892","119":"pa_dato-880","120":"pa_dato-1181","121":"pa_dato-893","122":"pa_dato-1079","123":"pa_dato-1157","124":"pa_dato-894","125":"pa_dato-950","126":"pa_dato-862","127":"pa_dato-954","128":"pa_dato-866","129":"pa_dato-895","130":"pa_dato-881","131":"pa_dato-919","132":"pa_dato-867","133":"pa_dato-1090","134":"pa_dato-882","135":"pa_dato-896","136":"pa_dato-868","137":"pa_dato-1201","138":"pa_dato-1091","139":"pa_dato-1092","140":"pa_dato-1093","141":"pa_dato-1094","142":"pa_dato-1095","143":"pa_dato-1085","144":"pa_dato-1216","145":"pa_dato-1217","146":"pa_dato-1218","147":"pa_dato-1219","148":"pa_dato-1220","149":"pa_dato-1221","150":"pa_dato-1277","151":"pa_dato-1148","152":"pa_dato-1278","153":"pa_dato-1296","154":"pa_dato-1330","155":"pa_dato-1251","156":"pa_dato-1377","157":"pa_dato-1279","158":"pa_dato-1149","159":"pa_dato-1280","160":"pa_dato-1297","161":"pa_dato-1314","162":"pa_dato-1252","163":"pa_dato-5884","164":"pa_dato-1281","165":"pa_dato-1150","166":"pa_dato-1282","167":"pa_dato-1298","168":"pa_dato-1382","169":"pa_dato-1253","170":"pa_dato-1383","171":"pa_dato-1283","172":"pa_dato-1151","173":"pa_dato-1284","174":"pa_dato-1299","175":"pa_dato-5885","176":"pa_dato-1254","177":"pa_dato-5886","178":"pa_dato-1285","179":"pa_dato-1152","180":"pa_dato-1286","181":"pa_dato-1300","182":"pa_dato-1337","183":"pa_dato-1255","184":"pa_dato-1384","185":"pa_dato-1287","186":"pa_dato-1153","187":"pa_dato-1288","188":"pa_dato-1301","189":"pa_dato-5887","190":"pa_dato-1256","191":"pa_dato-1238","192":"pa_dato-1385","193":"pa_dato-1290","194":"pa_dato-1259","195":"pa_dato-1246","196":"pa_dato-5967","197":"pa_dato-1248","198":"pa_dato-1263","199":"pa_dato-1318","200":"pa_dato-1372","201":"pa_dato-1268","202":"pa_dato-6013","203":"pa_dato-6015","204":"pa_dato-5970","205":"pa_dato-1272","206":"pa_dato-1273","207":"pa_dato-1365","208":"pa_dato-1274","209":"pa_dato-1361","210":"pa_dato-1360","211":"pa_dato-1359","212":"pa_dato-1358","213":"pa_dato-1357","214":"pa_dato-1324","215":"pa_dato-1323","216":"pa_dato-5876","217":"pa_dato-6010","218":"pa_dato-6100","219":"pa_dato-6077","220":"pa_dato-6055","221":"pa_dato-6102","222":"pa_dato-5927","223":"pa_dato-6359","224":"pa_dato-6368","225":"pa_dato-6325","226":"pa_dato-6333","227":"pa_dato-6420","228":"pa_dato-6430","229":"pa_dato-6343","230":"pa_dato-6197","231":"pa_dato-6198","232":"pa_dato-6199","233":"pa_dato-6434","234":"pa_dato-6336","235":"pa_dato-6171","236":"pa_dato-6215","237":"pa_dato-6223","238":"pa_dato-6216","239":"pa_dato-6442","240":"pa_dato-6349","241":"pa_dato-6283","242":"pa_dato-6426","243":"pa_dato-6300","244":"pa_dato-6220","245":"pa_dato-6353","246":"pa_dato-6323","247":"pa_dato-6138","248":"pa_dato-6235","249":"pa_dato-6228","250":"pa_dato-6236","251":"pa_dato-6237","252":"pa_dato-6176","253":"pa_dato-6239","254":"pa_dato-6230","255":"pa_dato-6234","256":"pa_dato-6472","257":"pa_dato-6496","258":"pa_dato-6341","259":"pa_tidspunkt-40","260":"pa_tidspunkt-304","261":"pa_tidspunkt-177","262":"pa_tidspunkt-190","263":"pa_tidspunkt-314","264":"pa_tidspunkt-308","265":"tour_location-ilulissat-da","266":"tour_type-hundeslaede","267":"tour_tickettype-arctic_excursions","268":"tour_tickettype-greenland_travel_tour","269":"tour_tickettype-greenland_travel_team","270":"tour_operator-unique-tours","272":"first","273":"instock","274":"shipping-taxable","275":"purchasable","276":"product-type-variable"},"acf":[],"yoast_head":"<!-- This site is optimized with the Yoast SEO plugin v23.6 - https:\/\/yoast.com\/wordpress\/plugins\/seo\/ -->\n<title>Arctic Excursions<\/title>\n<meta name=\"robots\" content=\"index, follow, max-snippet:-1, max-image-preview:large, max-video-preview:-1\" \/>\n<link rel=\"canonical\" href=\"https:\/\/arcticexcursions.com\/da\/udflugter\/dogsledge-tour-around-ilulissat-2-hours\/\" \/>\n<meta property=\"og:locale\" content=\"da_DK\" \/>\n<meta property=\"og:type\" content=\"article\" \/>\n<meta property=\"og:title\" content=\"1,5 timers hundesl\u00e6detur i Ilulissat - Arctic Excursions\" \/>\n<meta property=\"og:description\" content=\"Oplev en sp\u00e6ndende hundesl\u00e6dek\u00f8rsel i Ilulissat-omr\u00e5det!\" \/>\n<meta property=\"og:url\" content=\"https:\/\/arcticexcursions.com\/da\/udflugter\/dogsledge-tour-around-ilulissat-2-hours\/\" \/>\n<meta property=\"og:site_name\" content=\"Arctic Excursions\" \/>\n<meta property=\"article:modified_time\" content=\"2026-04-06T17:52:54+00:00\" \/>\n<meta property=\"og:image\" content=\"https:\/\/arcticexcursions.com\/wp-content\/uploads\/2023\/11\/Hundslaede-1.jpeg\" \/>\n\t<meta property=\"og:image:width\" content=\"1138\" \/>\n\t<meta property=\"og:image:height\" content=\"750\" \/>\n\t<meta property=\"og:image:type\" content=\"image\/jpeg\" \/>\n<meta name=\"twitter:card\" content=\"summary_large_image\" \/>\n<meta name=\"twitter:label1\" content=\"Estimeret l\u00e6setid\" \/>\n\t<meta name=\"twitter:data1\" content=\"1 minut\" \/>\n<script type=\"application\/ld+json\" class=\"yoast-schema-graph\">{\"@context\":\"https:\/\/schema.org\",\"@graph\":[{\"@type\":\"WebPage\",\"@id\":\"https:\/\/arcticexcursions.com\/da\/udflugter\/dogsledge-tour-around-ilulissat-2-hours\/\",\"url\":\"https:\/\/arcticexcursions.com\/da\/udflugter\/dogsledge-tour-around-ilulissat-2-hours\/\",\"name\":\"1,5 timers hundesl\u00e6detur i Ilulissat - Arctic Excursions\",\"isPartOf\":{\"@id\":\"https:\/\/arcticexcursions.com\/#website\"},\"primaryImageOfPage\":{\"@id\":\"https:\/\/arcticexcursions.com\/da\/udflugter\/dogsledge-tour-around-ilulissat-2-hours\/#primaryimage\"},\"image\":{\"@id\":\"https:\/\/arcticexcursions.com\/da\/udflugter\/dogsledge-tour-around-ilulissat-2-hours\/#primaryimage\"},\"thumbnailUrl\":\"https:\/\/arcticexcursions.com\/wp-content\/uploads\/2023\/11\/Hundslaede-1.jpeg\",\"datePublished\":\"2023-11-06T17:19:52+00:00\",\"dateModified\":\"2026-04-06T17:52:54+00:00\",\"breadcrumb\":{\"@id\":\"https:\/\/arcticexcursions.com\/da\/udflugter\/dogsledge-tour-around-ilulissat-2-hours\/#breadcrumb\"},\"inLanguage\":\"da-DK\",\"potentialAction\":[{\"@type\":\"ReadAction\",\"target\":[\"https:\/\/arcticexcursions.com\/da\/udflugter\/dogsledge-tour-around-ilulissat-2-hours\/\"]}]},{\"@type\":\"ImageObject\",\"inLanguage\":\"da-DK\",\"@id\":\"https:\/\/arcticexcursions.com\/da\/udflugter\/dogsledge-tour-around-ilulissat-2-hours\/#primaryimage\",\"url\":\"https:\/\/arcticexcursions.com\/wp-content\/uploads\/2023\/11\/Hundslaede-1.jpeg\",\"contentUrl\":\"https:\/\/arcticexcursions.com\/wp-content\/uploads\/2023\/11\/Hundslaede-1.jpeg\",\"width\":1138,\"height\":750},{\"@type\":\"BreadcrumbList\",\"@id\":\"https:\/\/arcticexcursions.com\/da\/udflugter\/dogsledge-tour-around-ilulissat-2-hours\/#breadcrumb\",\"itemListElement\":[{\"@type\":\"ListItem\",\"position\":1,\"name\":\"Home\",\"item\":\"https:\/\/arcticexcursions.com\/da\/\"},{\"@type\":\"ListItem\",\"position\":2,\"name\":\"Udflugter i Gr\u00f8nland\",\"item\":\"https:\/\/arcticexcursions.com\/da\/udflugter\/\"},{\"@type\":\"ListItem\",\"position\":3,\"name\":\"1,5 timers hundesl\u00e6detur i Ilulissat\"}]},{\"@type\":\"WebSite\",\"@id\":\"https:\/\/arcticexcursions.com\/#website\",\"url\":\"https:\/\/arcticexcursions.com\/\",\"name\":\"Arctic Excursions\",\"description\":\"New adventures. Every day.\",\"publisher\":{\"@id\":\"https:\/\/arcticexcursions.com\/#organization\"},\"potentialAction\":[{\"@type\":\"SearchAction\",\"target\":{\"@type\":\"EntryPoint\",\"urlTemplate\":\"https:\/\/arcticexcursions.com\/?s={search_term_string}\"},\"query-input\":{\"@type\":\"PropertyValueSpecification\",\"valueRequired\":true,\"valueName\":\"search_term_string\"}}],\"inLanguage\":\"da-DK\"},{\"@type\":\"Organization\",\"@id\":\"https:\/\/arcticexcursions.com\/#organization\",\"name\":\"Arctic Excursions\",\"url\":\"https:\/\/arcticexcursions.com\/\",\"logo\":{\"@type\":\"ImageObject\",\"inLanguage\":\"da-DK\",\"@id\":\"https:\/\/arcticexcursions.com\/#\/schema\/logo\/image\/\",\"url\":\"https:\/\/arcticexcursions.com\/wp-content\/uploads\/2022\/11\/fb-logo.png\",\"contentUrl\":\"https:\/\/arcticexcursions.com\/wp-content\/uploads\/2022\/11\/fb-logo.png\",\"width\":523,\"height\":523,\"caption\":\"Arctic Excursions\"},\"image\":{\"@id\":\"https:\/\/arcticexcursions.com\/#\/schema\/logo\/image\/\"}}]}<\/script>\n<!-- \/ Yoast SEO plugin. -->","yoast_head_json":{"title":"Arctic Excursions","robots":{"index":"index","follow":"follow","max-snippet":"max-snippet:-1","max-image-preview":"max-image-preview:large","max-video-preview":"max-video-preview:-1"},"canonical":"https:\/\/arcticexcursions.com\/da\/udflugter\/dogsledge-tour-around-ilulissat-2-hours\/","og_locale":"da_DK","og_type":"article","og_title":"1,5 timers hundesl\u00e6detur i Ilulissat - Arctic Excursions","og_description":"Oplev en sp\u00e6ndende hundesl\u00e6dek\u00f8rsel i Ilulissat-omr\u00e5det!","og_url":"https:\/\/arcticexcursions.com\/da\/udflugter\/dogsledge-tour-around-ilulissat-2-hours\/","og_site_name":"Arctic Excursions","article_modified_time":"2026-04-06T17:52:54+00:00","og_image":[{"width":1138,"height":750,"url":"https:\/\/arcticexcursions.com\/wp-content\/uploads\/2023\/11\/Hundslaede-1.jpeg","type":"image\/jpeg"}],"twitter_card":"summary_large_image","twitter_misc":{"Estimeret l\u00e6setid":"1 minut"},"schema":{"@context":"https:\/\/schema.org","@graph":[{"@type":"WebPage","@id":"https:\/\/arcticexcursions.com\/da\/udflugter\/dogsledge-tour-around-ilulissat-2-hours\/","url":"https:\/\/arcticexcursions.com\/da\/udflugter\/dogsledge-tour-around-ilulissat-2-hours\/","name":"1,5 timers hundesl\u00e6detur i Ilulissat - Arctic Excursions","isPartOf":{"@id":"https:\/\/arcticexcursions.com\/#website"},"primaryImageOfPage":{"@id":"https:\/\/arcticexcursions.com\/da\/udflugter\/dogsledge-tour-around-ilulissat-2-hours\/#primaryimage"},"image":{"@id":"https:\/\/arcticexcursions.com\/da\/udflugter\/dogsledge-tour-around-ilulissat-2-hours\/#primaryimage"},"thumbnailUrl":"https:\/\/arcticexcursions.com\/wp-content\/uploads\/2023\/11\/Hundslaede-1.jpeg","datePublished":"2023-11-06T17:19:52+00:00","dateModified":"2026-04-06T17:52:54+00:00","breadcrumb":{"@id":"https:\/\/arcticexcursions.com\/da\/udflugter\/dogsledge-tour-around-ilulissat-2-hours\/#breadcrumb"},"inLanguage":"da-DK","potentialAction":[{"@type":"ReadAction","target":["https:\/\/arcticexcursions.com\/da\/udflugter\/dogsledge-tour-around-ilulissat-2-hours\/"]}]},{"@type":"ImageObject","inLanguage":"da-DK","@id":"https:\/\/arcticexcursions.com\/da\/udflugter\/dogsledge-tour-around-ilulissat-2-hours\/#primaryimage","url":"https:\/\/arcticexcursions.com\/wp-content\/uploads\/2023\/11\/Hundslaede-1.jpeg","contentUrl":"https:\/\/arcticexcursions.com\/wp-content\/uploads\/2023\/11\/Hundslaede-1.jpeg","width":1138,"height":750},{"@type":"BreadcrumbList","@id":"https:\/\/arcticexcursions.com\/da\/udflugter\/dogsledge-tour-around-ilulissat-2-hours\/#breadcrumb","itemListElement":[{"@type":"ListItem","position":1,"name":"Home","item":"https:\/\/arcticexcursions.com\/da\/"},{"@type":"ListItem","position":2,"name":"Udflugter i Gr\u00f8nland","item":"https:\/\/arcticexcursions.com\/da\/udflugter\/"},{"@type":"ListItem","position":3,"name":"1,5 timers hundesl\u00e6detur i Ilulissat"}]},{"@type":"WebSite","@id":"https:\/\/arcticexcursions.com\/#website","url":"https:\/\/arcticexcursions.com\/","name":"Arctic Excursions","description":"New adventures. Every day.","publisher":{"@id":"https:\/\/arcticexcursions.com\/#organization"},"potentialAction":[{"@type":"SearchAction","target":{"@type":"EntryPoint","urlTemplate":"https:\/\/arcticexcursions.com\/?s={search_term_string}"},"query-input":{"@type":"PropertyValueSpecification","valueRequired":true,"valueName":"search_term_string"}}],"inLanguage":"da-DK"},{"@type":"Organization","@id":"https:\/\/arcticexcursions.com\/#organization","name":"Arctic Excursions","url":"https:\/\/arcticexcursions.com\/","logo":{"@type":"ImageObject","inLanguage":"da-DK","@id":"https:\/\/arcticexcursions.com\/#\/schema\/logo\/image\/","url":"https:\/\/arcticexcursions.com\/wp-content\/uploads\/2022\/11\/fb-logo.png","contentUrl":"https:\/\/arcticexcursions.com\/wp-content\/uploads\/2022\/11\/fb-logo.png","width":523,"height":523,"caption":"Arctic Excursions"},"image":{"@id":"https:\/\/arcticexcursions.com\/#\/schema\/logo\/image\/"}}]}},"_links":{"self":[{"href":"https:\/\/arcticexcursions.com\/da\/wp-json\/wp\/v2\/product\/23273"}],"collection":[{"href":"https:\/\/arcticexcursions.com\/da\/wp-json\/wp\/v2\/product"}],"about":[{"href":"https:\/\/arcticexcursions.com\/da\/wp-json\/wp\/v2\/types\/product"}],"replies":[{"embeddable":true,"href":"https:\/\/arcticexcursions.com\/da\/wp-json\/wp\/v2\/comments?post=23273"}],"wp:featuredmedia":[{"embeddable":true,"href":"https:\/\/arcticexcursions.com\/da\/wp-json\/wp\/v2\/media\/23280"}],"wp:attachment":[{"href":"https:\/\/arcticexcursions.com\/da\/wp-json\/wp\/v2\/media?parent=23273"}],"wp:term":[{"taxonomy":"product_brand","embeddable":true,"href":"https:\/\/arcticexcursions.com\/da\/wp-json\/wp\/v2\/product_brand?post=23273"},{"taxonomy":"product_cat","embeddable":true,"href":"https:\/\/arcticexcursions.com\/da\/wp-json\/wp\/v2\/product_cat?post=23273"},{"taxonomy":"product_tag","embeddable":true,"href":"https:\/\/arcticexcursions.com\/da\/wp-json\/wp\/v2\/product_tag?post=23273"}],"curies":[{"name":"wp","href":"https:\/\/api.w.org\/{rel}","templated":true}]}}