{"id":23276,"date":"2023-11-06T19:14:07","date_gmt":"2023-11-06T17:14:07","guid":{"rendered":"https:\/\/arcticexcursions.com\/?post_type=product&#038;p=23276"},"modified":"2026-01-26T17:00:52","modified_gmt":"2026-01-26T15:00:52","slug":"unesco-viewpoint-with-snowmobile-2-hours","status":"publish","type":"product","link":"https:\/\/arcticexcursions.com\/da\/udflugter\/unesco-viewpoint-with-snowmobile-2-hours\/","title":{"rendered":"UNESCO-udsigtspunkt med snescooter (2 timer)"},"content":{"rendered":"<p>Oplev UNESCO-udsigtspunktet med snescooter og lokal guide.<\/p>\n<p>Udsigtspunktet i bjergene med udsigt over den storsl\u00e5ede Ilulissat Isfjord.<\/p>\n<p><b>Varighed:<\/b> 2 timer<br \/>\n<b>Inkluderet:<\/b> Te og kaffe<br \/>\n<b>Hjelm:<\/b> Venligst noter \u00f8nskede hjelmst\u00f8rrelser i &#8220;Ordrenoter&#8221;-tekstfeltet p\u00e5 checkout-siden. Tilg\u00e6ngelige st\u00f8rrelser: M, L, XL, XXL.<\/p>\n","protected":false},"excerpt":{"rendered":"<p>Kom med p\u00e5 en fantastisk tur p\u00e5 snescooter til et UNESCO-udsigtspunkt med snescooter! <\/p>\n","protected":false},"featured_media":23277,"comment_status":"open","ping_status":"closed","template":"","meta":{"_acf_changed":false},"product_brand":[],"product_cat":[101,170],"product_tag":[],"class_list":{"0":"post-23276","1":"product","2":"type-product","3":"status-publish","4":"has-post-thumbnail","6":"product_cat-tour","7":"product_cat-udflugt","8":"pa_dato-787","9":"pa_dato-926","10":"pa_dato-792","11":"pa_dato-914","12":"pa_dato-977","13":"pa_dato-970","14":"pa_dato-793","15":"pa_dato-841","16":"pa_dato-794","17":"pa_dato-795","18":"pa_dato-931","19":"pa_dato-981","20":"pa_dato-971","21":"pa_dato-796","22":"pa_dato-984","23":"pa_dato-797","24":"pa_dato-798","25":"pa_dato-932","26":"pa_dato-937","27":"pa_dato-938","28":"pa_dato-799","29":"pa_dato-939","30":"pa_dato-800","31":"pa_dato-801","32":"pa_dato-933","33":"pa_dato-982","34":"pa_dato-983","35":"pa_dato-802","36":"pa_dato-1069","37":"pa_dato-1072","38":"pa_dato-806","39":"pa_dato-940","40":"pa_dato-985","41":"pa_dato-1165","42":"pa_dato-941","43":"pa_dato-942","44":"pa_dato-943","45":"pa_dato-911","46":"pa_dato-1166","47":"pa_dato-1077","48":"pa_dato-1167","49":"pa_dato-810","50":"pa_dato-811","51":"pa_dato-812","52":"pa_dato-813","53":"pa_dato-814","54":"pa_dato-903","55":"pa_dato-905","56":"pa_dato-815","57":"pa_dato-816","58":"pa_dato-944","59":"pa_dato-907","60":"pa_dato-906","61":"pa_dato-854","62":"pa_dato-869","63":"pa_dato-946","64":"pa_dato-1145","65":"pa_dato-945","66":"pa_dato-904","67":"pa_dato-855","68":"pa_dato-870","69":"pa_dato-1142","70":"pa_dato-908","71":"pa_dato-883","72":"pa_dato-871","73":"pa_dato-856","74":"pa_dato-929","75":"pa_dato-884","76":"pa_dato-1168","77":"pa_dato-857","78":"pa_dato-955","79":"pa_dato-872","80":"pa_dato-956","81":"pa_dato-885","82":"pa_dato-858","83":"pa_dato-1169","84":"pa_dato-859","85":"pa_dato-886","86":"pa_dato-873","87":"pa_dato-987","88":"pa_dato-930","89":"pa_dato-860","90":"pa_dato-1170","91":"pa_dato-861","92":"pa_dato-887","93":"pa_dato-874","94":"pa_dato-947","95":"pa_dato-948","96":"pa_dato-888","97":"pa_dato-875","98":"pa_dato-863","99":"pa_dato-918","100":"pa_dato-1187","101":"pa_dato-1188","102":"pa_dato-889","103":"pa_dato-876","104":"pa_dato-1189","105":"pa_dato-864","106":"pa_dato-951","107":"pa_dato-952","108":"pa_dato-877","109":"pa_dato-953","110":"pa_dato-1078","111":"pa_dato-878","112":"pa_dato-865","113":"pa_dato-890","114":"pa_dato-949","115":"pa_dato-1190","116":"pa_dato-891","117":"pa_dato-879","118":"pa_dato-1191","119":"pa_dato-1192","120":"pa_dato-892","121":"pa_dato-880","122":"pa_dato-1181","123":"pa_dato-893","124":"pa_dato-1079","125":"pa_dato-1157","126":"pa_dato-894","127":"pa_dato-950","128":"pa_dato-862","129":"pa_dato-866","130":"pa_dato-895","131":"pa_dato-881","132":"pa_dato-919","133":"pa_dato-867","134":"pa_dato-1090","135":"pa_dato-882","136":"pa_dato-896","137":"pa_dato-868","138":"pa_dato-1201","139":"pa_dato-1091","140":"pa_dato-1092","141":"pa_dato-1093","142":"pa_dato-1094","143":"pa_dato-1095","144":"pa_dato-1085","145":"pa_dato-1202","146":"pa_dato-920","147":"pa_dato-921","148":"pa_dato-1096","149":"pa_dato-1097","150":"pa_dato-1098","151":"pa_dato-1086","152":"pa_dato-1203","153":"pa_dato-1099","154":"pa_dato-1100","155":"pa_dato-1101","156":"pa_dato-1257","157":"pa_dato-1246","158":"pa_dato-1260","159":"pa_dato-1266","160":"pa_dato-6001","161":"pa_dato-6015","162":"pa_dato-1272","163":"pa_dato-1367","164":"pa_dato-1359","165":"pa_dato-6199","166":"pa_dato-6142","167":"pa_dato-6177","168":"pa_tidspunkt-40","169":"pa_tidspunkt-304","170":"pa_tidspunkt-177","171":"pa_tidspunkt-190","172":"pa_tidspunkt-314","173":"tour_location-ilulissat-da","174":"tour_type-snescooter","175":"tour_tickettype-arctic_excursions","176":"tour_operator-unique-tours","178":"first","179":"instock","180":"shipping-taxable","181":"purchasable","182":"product-type-variable"},"acf":[],"yoast_head":"<!-- This site is optimized with the Yoast SEO plugin v23.6 - https:\/\/yoast.com\/wordpress\/plugins\/seo\/ -->\n<title>Arctic Excursions<\/title>\n<meta name=\"robots\" content=\"index, follow, max-snippet:-1, max-image-preview:large, max-video-preview:-1\" \/>\n<link rel=\"canonical\" href=\"https:\/\/arcticexcursions.com\/da\/udflugter\/unesco-viewpoint-with-snowmobile-2-hours\/\" \/>\n<meta property=\"og:locale\" content=\"da_DK\" \/>\n<meta property=\"og:type\" content=\"article\" \/>\n<meta property=\"og:title\" content=\"UNESCO-udsigtspunkt med snescooter (2 timer) - Arctic Excursions\" \/>\n<meta property=\"og:description\" content=\"Kom med p\u00e5 en fantastisk tur p\u00e5 snescooter til et UNESCO-udsigtspunkt med snescooter!\" \/>\n<meta property=\"og:url\" content=\"https:\/\/arcticexcursions.com\/da\/udflugter\/unesco-viewpoint-with-snowmobile-2-hours\/\" \/>\n<meta property=\"og:site_name\" content=\"Arctic Excursions\" \/>\n<meta property=\"article:modified_time\" content=\"2026-01-26T15:00:52+00:00\" \/>\n<meta property=\"og:image\" content=\"https:\/\/arcticexcursions.com\/wp-content\/uploads\/2023\/11\/IMG_9347-2.jpg\" \/>\n\t<meta property=\"og:image:width\" content=\"1536\" \/>\n\t<meta property=\"og:image:height\" content=\"1610\" \/>\n\t<meta property=\"og:image:type\" content=\"image\/jpeg\" \/>\n<meta name=\"twitter:card\" content=\"summary_large_image\" \/>\n<script type=\"application\/ld+json\" class=\"yoast-schema-graph\">{\"@context\":\"https:\/\/schema.org\",\"@graph\":[{\"@type\":\"WebPage\",\"@id\":\"https:\/\/arcticexcursions.com\/da\/udflugter\/unesco-viewpoint-with-snowmobile-2-hours\/\",\"url\":\"https:\/\/arcticexcursions.com\/da\/udflugter\/unesco-viewpoint-with-snowmobile-2-hours\/\",\"name\":\"UNESCO-udsigtspunkt med snescooter (2 timer) - Arctic Excursions\",\"isPartOf\":{\"@id\":\"https:\/\/arcticexcursions.com\/#website\"},\"primaryImageOfPage\":{\"@id\":\"https:\/\/arcticexcursions.com\/da\/udflugter\/unesco-viewpoint-with-snowmobile-2-hours\/#primaryimage\"},\"image\":{\"@id\":\"https:\/\/arcticexcursions.com\/da\/udflugter\/unesco-viewpoint-with-snowmobile-2-hours\/#primaryimage\"},\"thumbnailUrl\":\"https:\/\/arcticexcursions.com\/wp-content\/uploads\/2023\/11\/IMG_9347-2.jpg\",\"datePublished\":\"2023-11-06T17:14:07+00:00\",\"dateModified\":\"2026-01-26T15:00:52+00:00\",\"breadcrumb\":{\"@id\":\"https:\/\/arcticexcursions.com\/da\/udflugter\/unesco-viewpoint-with-snowmobile-2-hours\/#breadcrumb\"},\"inLanguage\":\"da-DK\",\"potentialAction\":[{\"@type\":\"ReadAction\",\"target\":[\"https:\/\/arcticexcursions.com\/da\/udflugter\/unesco-viewpoint-with-snowmobile-2-hours\/\"]}]},{\"@type\":\"ImageObject\",\"inLanguage\":\"da-DK\",\"@id\":\"https:\/\/arcticexcursions.com\/da\/udflugter\/unesco-viewpoint-with-snowmobile-2-hours\/#primaryimage\",\"url\":\"https:\/\/arcticexcursions.com\/wp-content\/uploads\/2023\/11\/IMG_9347-2.jpg\",\"contentUrl\":\"https:\/\/arcticexcursions.com\/wp-content\/uploads\/2023\/11\/IMG_9347-2.jpg\",\"width\":1536,\"height\":1610},{\"@type\":\"BreadcrumbList\",\"@id\":\"https:\/\/arcticexcursions.com\/da\/udflugter\/unesco-viewpoint-with-snowmobile-2-hours\/#breadcrumb\",\"itemListElement\":[{\"@type\":\"ListItem\",\"position\":1,\"name\":\"Home\",\"item\":\"https:\/\/arcticexcursions.com\/da\/\"},{\"@type\":\"ListItem\",\"position\":2,\"name\":\"Udflugter i Gr\u00f8nland\",\"item\":\"https:\/\/arcticexcursions.com\/da\/udflugter\/\"},{\"@type\":\"ListItem\",\"position\":3,\"name\":\"UNESCO-udsigtspunkt med snescooter (2 timer)\"}]},{\"@type\":\"WebSite\",\"@id\":\"https:\/\/arcticexcursions.com\/#website\",\"url\":\"https:\/\/arcticexcursions.com\/\",\"name\":\"Arctic Excursions\",\"description\":\"New adventures. Every day.\",\"publisher\":{\"@id\":\"https:\/\/arcticexcursions.com\/#organization\"},\"potentialAction\":[{\"@type\":\"SearchAction\",\"target\":{\"@type\":\"EntryPoint\",\"urlTemplate\":\"https:\/\/arcticexcursions.com\/?s={search_term_string}\"},\"query-input\":{\"@type\":\"PropertyValueSpecification\",\"valueRequired\":true,\"valueName\":\"search_term_string\"}}],\"inLanguage\":\"da-DK\"},{\"@type\":\"Organization\",\"@id\":\"https:\/\/arcticexcursions.com\/#organization\",\"name\":\"Arctic Excursions\",\"url\":\"https:\/\/arcticexcursions.com\/\",\"logo\":{\"@type\":\"ImageObject\",\"inLanguage\":\"da-DK\",\"@id\":\"https:\/\/arcticexcursions.com\/#\/schema\/logo\/image\/\",\"url\":\"https:\/\/arcticexcursions.com\/wp-content\/uploads\/2022\/11\/fb-logo.png\",\"contentUrl\":\"https:\/\/arcticexcursions.com\/wp-content\/uploads\/2022\/11\/fb-logo.png\",\"width\":523,\"height\":523,\"caption\":\"Arctic Excursions\"},\"image\":{\"@id\":\"https:\/\/arcticexcursions.com\/#\/schema\/logo\/image\/\"}}]}<\/script>\n<!-- \/ Yoast SEO plugin. -->","yoast_head_json":{"title":"Arctic Excursions","robots":{"index":"index","follow":"follow","max-snippet":"max-snippet:-1","max-image-preview":"max-image-preview:large","max-video-preview":"max-video-preview:-1"},"canonical":"https:\/\/arcticexcursions.com\/da\/udflugter\/unesco-viewpoint-with-snowmobile-2-hours\/","og_locale":"da_DK","og_type":"article","og_title":"UNESCO-udsigtspunkt med snescooter (2 timer) - Arctic Excursions","og_description":"Kom med p\u00e5 en fantastisk tur p\u00e5 snescooter til et UNESCO-udsigtspunkt med snescooter!","og_url":"https:\/\/arcticexcursions.com\/da\/udflugter\/unesco-viewpoint-with-snowmobile-2-hours\/","og_site_name":"Arctic Excursions","article_modified_time":"2026-01-26T15:00:52+00:00","og_image":[{"width":1536,"height":1610,"url":"https:\/\/arcticexcursions.com\/wp-content\/uploads\/2023\/11\/IMG_9347-2.jpg","type":"image\/jpeg"}],"twitter_card":"summary_large_image","schema":{"@context":"https:\/\/schema.org","@graph":[{"@type":"WebPage","@id":"https:\/\/arcticexcursions.com\/da\/udflugter\/unesco-viewpoint-with-snowmobile-2-hours\/","url":"https:\/\/arcticexcursions.com\/da\/udflugter\/unesco-viewpoint-with-snowmobile-2-hours\/","name":"UNESCO-udsigtspunkt med snescooter (2 timer) - Arctic Excursions","isPartOf":{"@id":"https:\/\/arcticexcursions.com\/#website"},"primaryImageOfPage":{"@id":"https:\/\/arcticexcursions.com\/da\/udflugter\/unesco-viewpoint-with-snowmobile-2-hours\/#primaryimage"},"image":{"@id":"https:\/\/arcticexcursions.com\/da\/udflugter\/unesco-viewpoint-with-snowmobile-2-hours\/#primaryimage"},"thumbnailUrl":"https:\/\/arcticexcursions.com\/wp-content\/uploads\/2023\/11\/IMG_9347-2.jpg","datePublished":"2023-11-06T17:14:07+00:00","dateModified":"2026-01-26T15:00:52+00:00","breadcrumb":{"@id":"https:\/\/arcticexcursions.com\/da\/udflugter\/unesco-viewpoint-with-snowmobile-2-hours\/#breadcrumb"},"inLanguage":"da-DK","potentialAction":[{"@type":"ReadAction","target":["https:\/\/arcticexcursions.com\/da\/udflugter\/unesco-viewpoint-with-snowmobile-2-hours\/"]}]},{"@type":"ImageObject","inLanguage":"da-DK","@id":"https:\/\/arcticexcursions.com\/da\/udflugter\/unesco-viewpoint-with-snowmobile-2-hours\/#primaryimage","url":"https:\/\/arcticexcursions.com\/wp-content\/uploads\/2023\/11\/IMG_9347-2.jpg","contentUrl":"https:\/\/arcticexcursions.com\/wp-content\/uploads\/2023\/11\/IMG_9347-2.jpg","width":1536,"height":1610},{"@type":"BreadcrumbList","@id":"https:\/\/arcticexcursions.com\/da\/udflugter\/unesco-viewpoint-with-snowmobile-2-hours\/#breadcrumb","itemListElement":[{"@type":"ListItem","position":1,"name":"Home","item":"https:\/\/arcticexcursions.com\/da\/"},{"@type":"ListItem","position":2,"name":"Udflugter i Gr\u00f8nland","item":"https:\/\/arcticexcursions.com\/da\/udflugter\/"},{"@type":"ListItem","position":3,"name":"UNESCO-udsigtspunkt med snescooter (2 timer)"}]},{"@type":"WebSite","@id":"https:\/\/arcticexcursions.com\/#website","url":"https:\/\/arcticexcursions.com\/","name":"Arctic Excursions","description":"New adventures. Every day.","publisher":{"@id":"https:\/\/arcticexcursions.com\/#organization"},"potentialAction":[{"@type":"SearchAction","target":{"@type":"EntryPoint","urlTemplate":"https:\/\/arcticexcursions.com\/?s={search_term_string}"},"query-input":{"@type":"PropertyValueSpecification","valueRequired":true,"valueName":"search_term_string"}}],"inLanguage":"da-DK"},{"@type":"Organization","@id":"https:\/\/arcticexcursions.com\/#organization","name":"Arctic Excursions","url":"https:\/\/arcticexcursions.com\/","logo":{"@type":"ImageObject","inLanguage":"da-DK","@id":"https:\/\/arcticexcursions.com\/#\/schema\/logo\/image\/","url":"https:\/\/arcticexcursions.com\/wp-content\/uploads\/2022\/11\/fb-logo.png","contentUrl":"https:\/\/arcticexcursions.com\/wp-content\/uploads\/2022\/11\/fb-logo.png","width":523,"height":523,"caption":"Arctic Excursions"},"image":{"@id":"https:\/\/arcticexcursions.com\/#\/schema\/logo\/image\/"}}]}},"_links":{"self":[{"href":"https:\/\/arcticexcursions.com\/da\/wp-json\/wp\/v2\/product\/23276"}],"collection":[{"href":"https:\/\/arcticexcursions.com\/da\/wp-json\/wp\/v2\/product"}],"about":[{"href":"https:\/\/arcticexcursions.com\/da\/wp-json\/wp\/v2\/types\/product"}],"replies":[{"embeddable":true,"href":"https:\/\/arcticexcursions.com\/da\/wp-json\/wp\/v2\/comments?post=23276"}],"wp:featuredmedia":[{"embeddable":true,"href":"https:\/\/arcticexcursions.com\/da\/wp-json\/wp\/v2\/media\/23277"}],"wp:attachment":[{"href":"https:\/\/arcticexcursions.com\/da\/wp-json\/wp\/v2\/media?parent=23276"}],"wp:term":[{"taxonomy":"product_brand","embeddable":true,"href":"https:\/\/arcticexcursions.com\/da\/wp-json\/wp\/v2\/product_brand?post=23276"},{"taxonomy":"product_cat","embeddable":true,"href":"https:\/\/arcticexcursions.com\/da\/wp-json\/wp\/v2\/product_cat?post=23276"},{"taxonomy":"product_tag","embeddable":true,"href":"https:\/\/arcticexcursions.com\/da\/wp-json\/wp\/v2\/product_tag?post=23276"}],"curies":[{"name":"wp","href":"https:\/\/api.w.org\/{rel}","templated":true}]}}