{"id":23743,"date":"2024-01-02T14:38:46","date_gmt":"2024-01-02T12:38:46","guid":{"rendered":"https:\/\/arcticexcursions.com\/?post_type=product&#038;p=23743"},"modified":"2026-02-25T15:02:17","modified_gmt":"2026-02-25T13:02:17","slug":"vinter-adventure-snescooter-vandretur-paa-havisen","status":"publish","type":"product","link":"https:\/\/arcticexcursions.com\/da\/udflugter\/vinter-adventure-snescooter-vandretur-paa-havisen\/","title":{"rendered":"Vinter Adventure &#8211; Snescooter &#038; vandretur p\u00e5 havisen"},"content":{"rendered":"<p>Turen g\u00e5r med snescooter op over fjeldet bag byen og videre ud i baglandet. Efter ca. 1 times k\u00f8rsel ankommer til Aattartoq, en fangstplads 25 km inde i isfjorden. <\/p>\n<p>Aattartoq er et unikt sted med fantastisk udsigt over den frosne isfjord, gletsjeren &#8220;Den d\u00f8de br\u00e6&#8221; og de lokale fangers liv. <\/p>\n<p>Vi s\u00e6tter snescooterne og begiver os til fods ned p\u00e5 havisen. Langt v\u00e6k fra byen vil det overraske mange hvor meget liv der er herude. Dette er de lokale fangere\/fiskeres fortrukne fangststed sted om vinteren. Det vil v\u00e6re muligt at g\u00e5 rundt og se hvordan livet foreg\u00e5r derude. Vi vil herefter begive os videre ud p\u00e5 havisen. Vi f\u00f8lger sl\u00e6dernes spor og vil undervejs komme forbi fiskepladser, isfjelde og hundesl\u00e6der. <\/p>\n<p>Vandreturen p\u00e5 havisen vil tage 1,5-2 timer. <\/p>\n<p>Undervejs p\u00e5 turen vil guiden byde p\u00e5 varm kakao og cookies. <\/p>\n<p>Efter vandreturen k\u00f8rer vi med snescooterne retur til byen.<\/p>\n<p>Der vil v\u00e6re mulighed for at benytte snesko under vandreturen p\u00e5 havisen. <\/p>\n<p><b>Varighed:<\/b> 5 timer <\/p>\n<p><b>Deltagere:<\/b> Bem\u00e6rk venligst, at udflugten kun gennemf\u00f8res, hvis der er mindst 2 bookede billetter i alt. Hvis du for eksempel booker 1 billetter, skal der s\u00e6lges mindst 1 yderligere billetter til andre kunder, f\u00f8r turen kan finde sted. Der vil deltage maksimalt 8 personer. <\/p>\n<p><b>Sprog:<\/b> Guiden taler dansk, engelsk og gr\u00f8nlandsk <\/p>\n<p><b>Type af tur:<\/b> Guiden k\u00f8rer snescooteren. Deltagerne er passagerer. <\/p>\n<p><b>Forplejning:<\/b> Kaffe og te serveres <\/p>\n<p><b>Anbefalet p\u00e5kl\u00e6dning:<\/b> Varmt t\u00f8j inkl. hue og handsker. Hjelm og varm dragt inkluderet.<\/p>\n","protected":false},"excerpt":{"rendered":"<p>Snescooter, vandretur p\u00e5 havisen og bes\u00f8g ved Aattartoq (fangstplads 25 km inde i isfjorden)<\/p>\n","protected":false},"featured_media":23741,"comment_status":"open","ping_status":"closed","template":"","meta":{"_acf_changed":false},"product_brand":[],"product_cat":[170],"product_tag":[],"class_list":{"0":"post-23743","1":"product","2":"type-product","3":"status-publish","4":"has-post-thumbnail","6":"product_cat-udflugt","7":"pa_dato-858","8":"pa_dato-1340","9":"pa_dato-5971","10":"pa_dato-5984","11":"pa_dato-6212","12":"pa_dato-6178","13":"pa_dato-6376","14":"pa_dato-6171","15":"pa_dato-6213","16":"pa_dato-6115","17":"pa_dato-6227","18":"pa_tidspunkt-40","19":"pa_tidspunkt-304","20":"pa_tidspunkt-177","21":"pa_tidspunkt-308","22":"tour_location-ilulissat-da","23":"tour_type-snescooter","24":"tour_tickettype-arctic_excursions","25":"tour_operator-inuk-adventure","27":"first","28":"outofstock","29":"shipping-taxable","30":"product-type-variable"},"acf":[],"yoast_head":"<!-- This site is optimized with the Yoast SEO plugin v23.6 - https:\/\/yoast.com\/wordpress\/plugins\/seo\/ -->\n<title>Arctic Excursions<\/title>\n<meta name=\"robots\" content=\"index, follow, max-snippet:-1, max-image-preview:large, max-video-preview:-1\" \/>\n<link rel=\"canonical\" href=\"https:\/\/arcticexcursions.com\/udflugter\/vinter-adventure-snescooter-vandretur-paa-havisen\/\" \/>\n<meta property=\"og:locale\" content=\"da_DK\" \/>\n<meta property=\"og:type\" content=\"article\" \/>\n<meta property=\"og:title\" content=\"Vinter Adventure - Snescooter &amp; vandretur p\u00e5 havisen - Arctic Excursions\" \/>\n<meta property=\"og:description\" content=\"Snescooter, vandretur p\u00e5 havisen og bes\u00f8g ved Aattartoq (fangstplads 25 km inde i isfjorden)\" \/>\n<meta property=\"og:url\" content=\"https:\/\/arcticexcursions.com\/udflugter\/vinter-adventure-snescooter-vandretur-paa-havisen\/\" \/>\n<meta property=\"og:site_name\" content=\"Arctic Excursions\" \/>\n<meta property=\"article:modified_time\" content=\"2026-02-25T13:02:17+00:00\" \/>\n<meta property=\"og:image\" content=\"https:\/\/arcticexcursions.com\/wp-content\/uploads\/2023\/11\/Havis.jpeg\" \/>\n\t<meta property=\"og:image:width\" content=\"1536\" \/>\n\t<meta property=\"og:image:height\" content=\"2048\" \/>\n\t<meta property=\"og:image:type\" content=\"image\/jpeg\" \/>\n<meta name=\"twitter:card\" content=\"summary_large_image\" \/>\n<meta name=\"twitter:label1\" content=\"Estimeret l\u00e6setid\" \/>\n\t<meta name=\"twitter:data1\" content=\"1 minut\" \/>\n<script type=\"application\/ld+json\" class=\"yoast-schema-graph\">{\"@context\":\"https:\/\/schema.org\",\"@graph\":[{\"@type\":\"WebPage\",\"@id\":\"https:\/\/arcticexcursions.com\/udflugter\/vinter-adventure-snescooter-vandretur-paa-havisen\/\",\"url\":\"https:\/\/arcticexcursions.com\/udflugter\/vinter-adventure-snescooter-vandretur-paa-havisen\/\",\"name\":\"Vinter Adventure - Snescooter & vandretur p\u00e5 havisen - Arctic Excursions\",\"isPartOf\":{\"@id\":\"https:\/\/arcticexcursions.com\/#website\"},\"primaryImageOfPage\":{\"@id\":\"https:\/\/arcticexcursions.com\/udflugter\/vinter-adventure-snescooter-vandretur-paa-havisen\/#primaryimage\"},\"image\":{\"@id\":\"https:\/\/arcticexcursions.com\/udflugter\/vinter-adventure-snescooter-vandretur-paa-havisen\/#primaryimage\"},\"thumbnailUrl\":\"https:\/\/arcticexcursions.com\/wp-content\/uploads\/2023\/11\/Havis.jpeg\",\"datePublished\":\"2024-01-02T12:38:46+00:00\",\"dateModified\":\"2026-02-25T13:02:17+00:00\",\"breadcrumb\":{\"@id\":\"https:\/\/arcticexcursions.com\/udflugter\/vinter-adventure-snescooter-vandretur-paa-havisen\/#breadcrumb\"},\"inLanguage\":\"da-DK\",\"potentialAction\":[{\"@type\":\"ReadAction\",\"target\":[\"https:\/\/arcticexcursions.com\/udflugter\/vinter-adventure-snescooter-vandretur-paa-havisen\/\"]}]},{\"@type\":\"ImageObject\",\"inLanguage\":\"da-DK\",\"@id\":\"https:\/\/arcticexcursions.com\/udflugter\/vinter-adventure-snescooter-vandretur-paa-havisen\/#primaryimage\",\"url\":\"https:\/\/arcticexcursions.com\/wp-content\/uploads\/2023\/11\/Havis.jpeg\",\"contentUrl\":\"https:\/\/arcticexcursions.com\/wp-content\/uploads\/2023\/11\/Havis.jpeg\",\"width\":1536,\"height\":2048},{\"@type\":\"BreadcrumbList\",\"@id\":\"https:\/\/arcticexcursions.com\/udflugter\/vinter-adventure-snescooter-vandretur-paa-havisen\/#breadcrumb\",\"itemListElement\":[{\"@type\":\"ListItem\",\"position\":1,\"name\":\"Home\",\"item\":\"https:\/\/arcticexcursions.com\/da\/\"},{\"@type\":\"ListItem\",\"position\":2,\"name\":\"Udflugter i Gr\u00f8nland\",\"item\":\"https:\/\/arcticexcursions.com\/da\/udflugter\/\"},{\"@type\":\"ListItem\",\"position\":3,\"name\":\"Vinter Adventure &#8211; Snescooter &#038; vandretur p\u00e5 havisen\"}]},{\"@type\":\"WebSite\",\"@id\":\"https:\/\/arcticexcursions.com\/#website\",\"url\":\"https:\/\/arcticexcursions.com\/\",\"name\":\"Arctic Excursions\",\"description\":\"New adventures. Every day.\",\"publisher\":{\"@id\":\"https:\/\/arcticexcursions.com\/#organization\"},\"potentialAction\":[{\"@type\":\"SearchAction\",\"target\":{\"@type\":\"EntryPoint\",\"urlTemplate\":\"https:\/\/arcticexcursions.com\/?s={search_term_string}\"},\"query-input\":{\"@type\":\"PropertyValueSpecification\",\"valueRequired\":true,\"valueName\":\"search_term_string\"}}],\"inLanguage\":\"da-DK\"},{\"@type\":\"Organization\",\"@id\":\"https:\/\/arcticexcursions.com\/#organization\",\"name\":\"Arctic Excursions\",\"url\":\"https:\/\/arcticexcursions.com\/\",\"logo\":{\"@type\":\"ImageObject\",\"inLanguage\":\"da-DK\",\"@id\":\"https:\/\/arcticexcursions.com\/#\/schema\/logo\/image\/\",\"url\":\"https:\/\/arcticexcursions.com\/wp-content\/uploads\/2022\/11\/fb-logo.png\",\"contentUrl\":\"https:\/\/arcticexcursions.com\/wp-content\/uploads\/2022\/11\/fb-logo.png\",\"width\":523,\"height\":523,\"caption\":\"Arctic Excursions\"},\"image\":{\"@id\":\"https:\/\/arcticexcursions.com\/#\/schema\/logo\/image\/\"}}]}<\/script>\n<!-- \/ Yoast SEO plugin. -->","yoast_head_json":{"title":"Arctic Excursions","robots":{"index":"index","follow":"follow","max-snippet":"max-snippet:-1","max-image-preview":"max-image-preview:large","max-video-preview":"max-video-preview:-1"},"canonical":"https:\/\/arcticexcursions.com\/udflugter\/vinter-adventure-snescooter-vandretur-paa-havisen\/","og_locale":"da_DK","og_type":"article","og_title":"Vinter Adventure - Snescooter & vandretur p\u00e5 havisen - Arctic Excursions","og_description":"Snescooter, vandretur p\u00e5 havisen og bes\u00f8g ved Aattartoq (fangstplads 25 km inde i isfjorden)","og_url":"https:\/\/arcticexcursions.com\/udflugter\/vinter-adventure-snescooter-vandretur-paa-havisen\/","og_site_name":"Arctic Excursions","article_modified_time":"2026-02-25T13:02:17+00:00","og_image":[{"width":1536,"height":2048,"url":"https:\/\/arcticexcursions.com\/wp-content\/uploads\/2023\/11\/Havis.jpeg","type":"image\/jpeg"}],"twitter_card":"summary_large_image","twitter_misc":{"Estimeret l\u00e6setid":"1 minut"},"schema":{"@context":"https:\/\/schema.org","@graph":[{"@type":"WebPage","@id":"https:\/\/arcticexcursions.com\/udflugter\/vinter-adventure-snescooter-vandretur-paa-havisen\/","url":"https:\/\/arcticexcursions.com\/udflugter\/vinter-adventure-snescooter-vandretur-paa-havisen\/","name":"Vinter Adventure - Snescooter & vandretur p\u00e5 havisen - Arctic Excursions","isPartOf":{"@id":"https:\/\/arcticexcursions.com\/#website"},"primaryImageOfPage":{"@id":"https:\/\/arcticexcursions.com\/udflugter\/vinter-adventure-snescooter-vandretur-paa-havisen\/#primaryimage"},"image":{"@id":"https:\/\/arcticexcursions.com\/udflugter\/vinter-adventure-snescooter-vandretur-paa-havisen\/#primaryimage"},"thumbnailUrl":"https:\/\/arcticexcursions.com\/wp-content\/uploads\/2023\/11\/Havis.jpeg","datePublished":"2024-01-02T12:38:46+00:00","dateModified":"2026-02-25T13:02:17+00:00","breadcrumb":{"@id":"https:\/\/arcticexcursions.com\/udflugter\/vinter-adventure-snescooter-vandretur-paa-havisen\/#breadcrumb"},"inLanguage":"da-DK","potentialAction":[{"@type":"ReadAction","target":["https:\/\/arcticexcursions.com\/udflugter\/vinter-adventure-snescooter-vandretur-paa-havisen\/"]}]},{"@type":"ImageObject","inLanguage":"da-DK","@id":"https:\/\/arcticexcursions.com\/udflugter\/vinter-adventure-snescooter-vandretur-paa-havisen\/#primaryimage","url":"https:\/\/arcticexcursions.com\/wp-content\/uploads\/2023\/11\/Havis.jpeg","contentUrl":"https:\/\/arcticexcursions.com\/wp-content\/uploads\/2023\/11\/Havis.jpeg","width":1536,"height":2048},{"@type":"BreadcrumbList","@id":"https:\/\/arcticexcursions.com\/udflugter\/vinter-adventure-snescooter-vandretur-paa-havisen\/#breadcrumb","itemListElement":[{"@type":"ListItem","position":1,"name":"Home","item":"https:\/\/arcticexcursions.com\/da\/"},{"@type":"ListItem","position":2,"name":"Udflugter i Gr\u00f8nland","item":"https:\/\/arcticexcursions.com\/da\/udflugter\/"},{"@type":"ListItem","position":3,"name":"Vinter Adventure &#8211; Snescooter &#038; vandretur p\u00e5 havisen"}]},{"@type":"WebSite","@id":"https:\/\/arcticexcursions.com\/#website","url":"https:\/\/arcticexcursions.com\/","name":"Arctic Excursions","description":"New adventures. Every day.","publisher":{"@id":"https:\/\/arcticexcursions.com\/#organization"},"potentialAction":[{"@type":"SearchAction","target":{"@type":"EntryPoint","urlTemplate":"https:\/\/arcticexcursions.com\/?s={search_term_string}"},"query-input":{"@type":"PropertyValueSpecification","valueRequired":true,"valueName":"search_term_string"}}],"inLanguage":"da-DK"},{"@type":"Organization","@id":"https:\/\/arcticexcursions.com\/#organization","name":"Arctic Excursions","url":"https:\/\/arcticexcursions.com\/","logo":{"@type":"ImageObject","inLanguage":"da-DK","@id":"https:\/\/arcticexcursions.com\/#\/schema\/logo\/image\/","url":"https:\/\/arcticexcursions.com\/wp-content\/uploads\/2022\/11\/fb-logo.png","contentUrl":"https:\/\/arcticexcursions.com\/wp-content\/uploads\/2022\/11\/fb-logo.png","width":523,"height":523,"caption":"Arctic Excursions"},"image":{"@id":"https:\/\/arcticexcursions.com\/#\/schema\/logo\/image\/"}}]}},"_links":{"self":[{"href":"https:\/\/arcticexcursions.com\/da\/wp-json\/wp\/v2\/product\/23743"}],"collection":[{"href":"https:\/\/arcticexcursions.com\/da\/wp-json\/wp\/v2\/product"}],"about":[{"href":"https:\/\/arcticexcursions.com\/da\/wp-json\/wp\/v2\/types\/product"}],"replies":[{"embeddable":true,"href":"https:\/\/arcticexcursions.com\/da\/wp-json\/wp\/v2\/comments?post=23743"}],"wp:featuredmedia":[{"embeddable":true,"href":"https:\/\/arcticexcursions.com\/da\/wp-json\/wp\/v2\/media\/23741"}],"wp:attachment":[{"href":"https:\/\/arcticexcursions.com\/da\/wp-json\/wp\/v2\/media?parent=23743"}],"wp:term":[{"taxonomy":"product_brand","embeddable":true,"href":"https:\/\/arcticexcursions.com\/da\/wp-json\/wp\/v2\/product_brand?post=23743"},{"taxonomy":"product_cat","embeddable":true,"href":"https:\/\/arcticexcursions.com\/da\/wp-json\/wp\/v2\/product_cat?post=23743"},{"taxonomy":"product_tag","embeddable":true,"href":"https:\/\/arcticexcursions.com\/da\/wp-json\/wp\/v2\/product_tag?post=23743"}],"curies":[{"name":"wp","href":"https:\/\/api.w.org\/{rel}","templated":true}]}}