{"id":23766,"date":"2023-11-15T15:11:49","date_gmt":"2023-11-15T13:11:49","guid":{"rendered":"https:\/\/arcticexcursions.com\/?post_type=product&#038;p=23766"},"modified":"2025-08-16T20:05:16","modified_gmt":"2025-08-16T18:05:16","slug":"wilderness-cabin-by-ilulissat-local-guide","status":"publish","type":"product","link":"https:\/\/arcticexcursions.com\/da\/udflugter\/wilderness-cabin-by-ilulissat-local-guide\/","title":{"rendered":"Vildmarkshytte af Ilulissat Local Guide"},"content":{"rendered":"<p>Vi tilbyder overnatning i vores sommerhus i Diskobugten med isbjerge, der flyder forbi.<\/p>\n<p>Vores hytte er ca. 24 km fra Ilulissat i Akuliarusinnguaq, hvor du kan se landsbyen Oqaatsut (Rodebay) fra hytten, hvorfra du kan lave nogle fantastiske vandreture og lystfiskeri. og hytten er med et lille k\u00f8kkenomr\u00e5de og soveplads til op til 4 personer til deling.<\/p>\n<p>Soveposer og inderposer leveres sammen med en introduktion til hytten og n\u00e6rliggende vandrestier. V\u00e6r opm\u00e6rksom p\u00e5, at du selv skal lave mad i kabinen, og vi anbefaler, at du medbringer al proviant fra Ilulissat.<\/p>\n<p>Hytten er som sagt en traditionel hytte beliggende midt i den arktiske natur.<br \/>\nVi har hverken rindende vand eller installeret el. Der er gas til r\u00e5dighed og et t\u00f8rt toilet.<\/p>\n<p><b>Returtransfer:<\/b><br \/>\nKan bookes gennem Arctic Excursions (Husk at g\u00f8re dette f\u00f8r du rejser)<\/p>\n<p><b>Prisen inkluderer:<\/b><br \/>\nB\u00e5dtransfer: Envejstransfer fra Ilulissat til kahytten med b\u00e5d<br \/>\nSoveposer: Soveposer og inderposer<br \/>\nGas og petroleum<\/p>\n","protected":false},"excerpt":{"rendered":"<p>VILDMARKSHYTTEN Leder du efter en unik oplevelse i den arktiske natur?<\/p>\n","protected":false},"featured_media":23751,"comment_status":"open","ping_status":"closed","template":"","meta":{"_acf_changed":false},"product_brand":[],"product_cat":[101,170],"product_tag":[],"class_list":{"0":"post-23766","1":"product","2":"type-product","3":"status-publish","4":"has-post-thumbnail","6":"product_cat-tour","7":"product_cat-udflugt","8":"pa_dato-926","9":"pa_dato-1124","10":"pa_dato-1061","11":"pa_dato-1063","12":"pa_dato-1064","13":"pa_dato-1065","14":"pa_dato-1066","15":"pa_dato-1067","16":"pa_dato-912","17":"pa_dato-1125","18":"pa_dato-1126","19":"pa_dato-1127","20":"pa_dato-1174","21":"pa_dato-963","22":"pa_dato-1128","23":"pa_dato-1129","24":"pa_dato-1130","25":"pa_dato-1024","26":"pa_dato-966","27":"pa_dato-1025","28":"pa_dato-1026","29":"pa_dato-1027","30":"pa_dato-1030","31":"pa_dato-1031","32":"pa_dato-1032","33":"pa_dato-988","34":"pa_dato-990","35":"pa_dato-992","36":"pa_dato-967","37":"pa_dato-1033","38":"pa_dato-993","39":"pa_dato-994","40":"pa_dato-996","41":"pa_dato-964","42":"pa_dato-1035","43":"pa_dato-997","44":"pa_dato-998","45":"pa_dato-1001","46":"pa_dato-1002","47":"pa_dato-1003","48":"pa_dato-1004","49":"pa_dato-1005","50":"pa_dato-1036","51":"pa_dato-1037","52":"pa_dato-1038","53":"pa_dato-1039","54":"pa_dato-1040","55":"pa_dato-1010","56":"pa_dato-968","57":"pa_dato-1011","58":"pa_dato-1012","59":"pa_dato-1013","60":"pa_dato-1016","61":"pa_dato-965","62":"pa_dato-1041","63":"pa_dato-1017","64":"pa_dato-1018","65":"pa_dato-1021","66":"pa_dato-1022","67":"pa_dato-1042","68":"pa_dato-1044","69":"pa_dato-1046","70":"pa_dato-1047","71":"pa_dato-1048","72":"pa_dato-1049","73":"pa_dato-1050","74":"pa_dato-1052","75":"pa_dato-5988","76":"pa_tidspunkt-177","77":"pa_tidspunkt-308","78":"pa_tidspunkt-110","79":"tour_location-ilulissat-da","80":"tour_type-ophold","81":"tour_tickettype-arctic_excursions","82":"tour_operator-bookilulissatlocalguide-com","84":"first","85":"outofstock","86":"shipping-taxable","87":"product-type-variable"},"acf":[],"yoast_head":"<!-- This site is optimized with the Yoast SEO plugin v23.6 - https:\/\/yoast.com\/wordpress\/plugins\/seo\/ -->\n<title>Arctic Excursions<\/title>\n<meta name=\"robots\" content=\"index, follow, max-snippet:-1, max-image-preview:large, max-video-preview:-1\" \/>\n<link rel=\"canonical\" href=\"https:\/\/arcticexcursions.com\/da\/udflugter\/wilderness-cabin-by-ilulissat-local-guide\/\" \/>\n<meta property=\"og:locale\" content=\"da_DK\" \/>\n<meta property=\"og:type\" content=\"article\" \/>\n<meta property=\"og:title\" content=\"Vildmarkshytte af Ilulissat Local Guide - Arctic Excursions\" \/>\n<meta property=\"og:description\" content=\"VILDMARKSHYTTEN Leder du efter en unik oplevelse i den arktiske natur?\" \/>\n<meta property=\"og:url\" content=\"https:\/\/arcticexcursions.com\/da\/udflugter\/wilderness-cabin-by-ilulissat-local-guide\/\" \/>\n<meta property=\"og:site_name\" content=\"Arctic Excursions\" \/>\n<meta property=\"article:modified_time\" content=\"2025-08-16T18:05:16+00:00\" \/>\n<meta property=\"og:image\" content=\"https:\/\/arcticexcursions.com\/wp-content\/uploads\/2023\/11\/20231001_111002-1-scaled.jpg\" \/>\n\t<meta property=\"og:image:width\" content=\"2560\" \/>\n\t<meta property=\"og:image:height\" content=\"1920\" \/>\n\t<meta property=\"og:image:type\" content=\"image\/jpeg\" \/>\n<meta name=\"twitter:card\" content=\"summary_large_image\" \/>\n<meta name=\"twitter:label1\" content=\"Estimeret l\u00e6setid\" \/>\n\t<meta name=\"twitter:data1\" content=\"1 minut\" \/>\n<script type=\"application\/ld+json\" class=\"yoast-schema-graph\">{\"@context\":\"https:\/\/schema.org\",\"@graph\":[{\"@type\":\"WebPage\",\"@id\":\"https:\/\/arcticexcursions.com\/da\/udflugter\/wilderness-cabin-by-ilulissat-local-guide\/\",\"url\":\"https:\/\/arcticexcursions.com\/da\/udflugter\/wilderness-cabin-by-ilulissat-local-guide\/\",\"name\":\"Vildmarkshytte af Ilulissat Local Guide - Arctic Excursions\",\"isPartOf\":{\"@id\":\"https:\/\/arcticexcursions.com\/#website\"},\"primaryImageOfPage\":{\"@id\":\"https:\/\/arcticexcursions.com\/da\/udflugter\/wilderness-cabin-by-ilulissat-local-guide\/#primaryimage\"},\"image\":{\"@id\":\"https:\/\/arcticexcursions.com\/da\/udflugter\/wilderness-cabin-by-ilulissat-local-guide\/#primaryimage\"},\"thumbnailUrl\":\"https:\/\/arcticexcursions.com\/wp-content\/uploads\/2023\/11\/20231001_111002-1-scaled.jpg\",\"datePublished\":\"2023-11-15T13:11:49+00:00\",\"dateModified\":\"2025-08-16T18:05:16+00:00\",\"breadcrumb\":{\"@id\":\"https:\/\/arcticexcursions.com\/da\/udflugter\/wilderness-cabin-by-ilulissat-local-guide\/#breadcrumb\"},\"inLanguage\":\"da-DK\",\"potentialAction\":[{\"@type\":\"ReadAction\",\"target\":[\"https:\/\/arcticexcursions.com\/da\/udflugter\/wilderness-cabin-by-ilulissat-local-guide\/\"]}]},{\"@type\":\"ImageObject\",\"inLanguage\":\"da-DK\",\"@id\":\"https:\/\/arcticexcursions.com\/da\/udflugter\/wilderness-cabin-by-ilulissat-local-guide\/#primaryimage\",\"url\":\"https:\/\/arcticexcursions.com\/wp-content\/uploads\/2023\/11\/20231001_111002-1-scaled.jpg\",\"contentUrl\":\"https:\/\/arcticexcursions.com\/wp-content\/uploads\/2023\/11\/20231001_111002-1-scaled.jpg\",\"width\":2560,\"height\":1920},{\"@type\":\"BreadcrumbList\",\"@id\":\"https:\/\/arcticexcursions.com\/da\/udflugter\/wilderness-cabin-by-ilulissat-local-guide\/#breadcrumb\",\"itemListElement\":[{\"@type\":\"ListItem\",\"position\":1,\"name\":\"Home\",\"item\":\"https:\/\/arcticexcursions.com\/da\/\"},{\"@type\":\"ListItem\",\"position\":2,\"name\":\"Udflugter i Gr\u00f8nland\",\"item\":\"https:\/\/arcticexcursions.com\/da\/udflugter\/\"},{\"@type\":\"ListItem\",\"position\":3,\"name\":\"Vildmarkshytte af Ilulissat Local Guide\"}]},{\"@type\":\"WebSite\",\"@id\":\"https:\/\/arcticexcursions.com\/#website\",\"url\":\"https:\/\/arcticexcursions.com\/\",\"name\":\"Arctic Excursions\",\"description\":\"New adventures. Every day.\",\"publisher\":{\"@id\":\"https:\/\/arcticexcursions.com\/#organization\"},\"potentialAction\":[{\"@type\":\"SearchAction\",\"target\":{\"@type\":\"EntryPoint\",\"urlTemplate\":\"https:\/\/arcticexcursions.com\/?s={search_term_string}\"},\"query-input\":{\"@type\":\"PropertyValueSpecification\",\"valueRequired\":true,\"valueName\":\"search_term_string\"}}],\"inLanguage\":\"da-DK\"},{\"@type\":\"Organization\",\"@id\":\"https:\/\/arcticexcursions.com\/#organization\",\"name\":\"Arctic Excursions\",\"url\":\"https:\/\/arcticexcursions.com\/\",\"logo\":{\"@type\":\"ImageObject\",\"inLanguage\":\"da-DK\",\"@id\":\"https:\/\/arcticexcursions.com\/#\/schema\/logo\/image\/\",\"url\":\"https:\/\/arcticexcursions.com\/wp-content\/uploads\/2022\/11\/fb-logo.png\",\"contentUrl\":\"https:\/\/arcticexcursions.com\/wp-content\/uploads\/2022\/11\/fb-logo.png\",\"width\":523,\"height\":523,\"caption\":\"Arctic Excursions\"},\"image\":{\"@id\":\"https:\/\/arcticexcursions.com\/#\/schema\/logo\/image\/\"}}]}<\/script>\n<!-- \/ Yoast SEO plugin. -->","yoast_head_json":{"title":"Arctic Excursions","robots":{"index":"index","follow":"follow","max-snippet":"max-snippet:-1","max-image-preview":"max-image-preview:large","max-video-preview":"max-video-preview:-1"},"canonical":"https:\/\/arcticexcursions.com\/da\/udflugter\/wilderness-cabin-by-ilulissat-local-guide\/","og_locale":"da_DK","og_type":"article","og_title":"Vildmarkshytte af Ilulissat Local Guide - Arctic Excursions","og_description":"VILDMARKSHYTTEN Leder du efter en unik oplevelse i den arktiske natur?","og_url":"https:\/\/arcticexcursions.com\/da\/udflugter\/wilderness-cabin-by-ilulissat-local-guide\/","og_site_name":"Arctic Excursions","article_modified_time":"2025-08-16T18:05:16+00:00","og_image":[{"width":2560,"height":1920,"url":"https:\/\/arcticexcursions.com\/wp-content\/uploads\/2023\/11\/20231001_111002-1-scaled.jpg","type":"image\/jpeg"}],"twitter_card":"summary_large_image","twitter_misc":{"Estimeret l\u00e6setid":"1 minut"},"schema":{"@context":"https:\/\/schema.org","@graph":[{"@type":"WebPage","@id":"https:\/\/arcticexcursions.com\/da\/udflugter\/wilderness-cabin-by-ilulissat-local-guide\/","url":"https:\/\/arcticexcursions.com\/da\/udflugter\/wilderness-cabin-by-ilulissat-local-guide\/","name":"Vildmarkshytte af Ilulissat Local Guide - Arctic Excursions","isPartOf":{"@id":"https:\/\/arcticexcursions.com\/#website"},"primaryImageOfPage":{"@id":"https:\/\/arcticexcursions.com\/da\/udflugter\/wilderness-cabin-by-ilulissat-local-guide\/#primaryimage"},"image":{"@id":"https:\/\/arcticexcursions.com\/da\/udflugter\/wilderness-cabin-by-ilulissat-local-guide\/#primaryimage"},"thumbnailUrl":"https:\/\/arcticexcursions.com\/wp-content\/uploads\/2023\/11\/20231001_111002-1-scaled.jpg","datePublished":"2023-11-15T13:11:49+00:00","dateModified":"2025-08-16T18:05:16+00:00","breadcrumb":{"@id":"https:\/\/arcticexcursions.com\/da\/udflugter\/wilderness-cabin-by-ilulissat-local-guide\/#breadcrumb"},"inLanguage":"da-DK","potentialAction":[{"@type":"ReadAction","target":["https:\/\/arcticexcursions.com\/da\/udflugter\/wilderness-cabin-by-ilulissat-local-guide\/"]}]},{"@type":"ImageObject","inLanguage":"da-DK","@id":"https:\/\/arcticexcursions.com\/da\/udflugter\/wilderness-cabin-by-ilulissat-local-guide\/#primaryimage","url":"https:\/\/arcticexcursions.com\/wp-content\/uploads\/2023\/11\/20231001_111002-1-scaled.jpg","contentUrl":"https:\/\/arcticexcursions.com\/wp-content\/uploads\/2023\/11\/20231001_111002-1-scaled.jpg","width":2560,"height":1920},{"@type":"BreadcrumbList","@id":"https:\/\/arcticexcursions.com\/da\/udflugter\/wilderness-cabin-by-ilulissat-local-guide\/#breadcrumb","itemListElement":[{"@type":"ListItem","position":1,"name":"Home","item":"https:\/\/arcticexcursions.com\/da\/"},{"@type":"ListItem","position":2,"name":"Udflugter i Gr\u00f8nland","item":"https:\/\/arcticexcursions.com\/da\/udflugter\/"},{"@type":"ListItem","position":3,"name":"Vildmarkshytte af Ilulissat Local Guide"}]},{"@type":"WebSite","@id":"https:\/\/arcticexcursions.com\/#website","url":"https:\/\/arcticexcursions.com\/","name":"Arctic Excursions","description":"New adventures. Every day.","publisher":{"@id":"https:\/\/arcticexcursions.com\/#organization"},"potentialAction":[{"@type":"SearchAction","target":{"@type":"EntryPoint","urlTemplate":"https:\/\/arcticexcursions.com\/?s={search_term_string}"},"query-input":{"@type":"PropertyValueSpecification","valueRequired":true,"valueName":"search_term_string"}}],"inLanguage":"da-DK"},{"@type":"Organization","@id":"https:\/\/arcticexcursions.com\/#organization","name":"Arctic Excursions","url":"https:\/\/arcticexcursions.com\/","logo":{"@type":"ImageObject","inLanguage":"da-DK","@id":"https:\/\/arcticexcursions.com\/#\/schema\/logo\/image\/","url":"https:\/\/arcticexcursions.com\/wp-content\/uploads\/2022\/11\/fb-logo.png","contentUrl":"https:\/\/arcticexcursions.com\/wp-content\/uploads\/2022\/11\/fb-logo.png","width":523,"height":523,"caption":"Arctic Excursions"},"image":{"@id":"https:\/\/arcticexcursions.com\/#\/schema\/logo\/image\/"}}]}},"_links":{"self":[{"href":"https:\/\/arcticexcursions.com\/da\/wp-json\/wp\/v2\/product\/23766"}],"collection":[{"href":"https:\/\/arcticexcursions.com\/da\/wp-json\/wp\/v2\/product"}],"about":[{"href":"https:\/\/arcticexcursions.com\/da\/wp-json\/wp\/v2\/types\/product"}],"replies":[{"embeddable":true,"href":"https:\/\/arcticexcursions.com\/da\/wp-json\/wp\/v2\/comments?post=23766"}],"wp:featuredmedia":[{"embeddable":true,"href":"https:\/\/arcticexcursions.com\/da\/wp-json\/wp\/v2\/media\/23751"}],"wp:attachment":[{"href":"https:\/\/arcticexcursions.com\/da\/wp-json\/wp\/v2\/media?parent=23766"}],"wp:term":[{"taxonomy":"product_brand","embeddable":true,"href":"https:\/\/arcticexcursions.com\/da\/wp-json\/wp\/v2\/product_brand?post=23766"},{"taxonomy":"product_cat","embeddable":true,"href":"https:\/\/arcticexcursions.com\/da\/wp-json\/wp\/v2\/product_cat?post=23766"},{"taxonomy":"product_tag","embeddable":true,"href":"https:\/\/arcticexcursions.com\/da\/wp-json\/wp\/v2\/product_tag?post=23766"}],"curies":[{"name":"wp","href":"https:\/\/api.w.org\/{rel}","templated":true}]}}