{"id":24505,"date":"2024-01-05T14:54:51","date_gmt":"2024-01-05T12:54:51","guid":{"rendered":"https:\/\/arcticexcursions.com\/?post_type=product&#038;p=24505"},"modified":"2025-04-02T13:02:14","modified_gmt":"2025-04-02T11:02:14","slug":"deep-into-the-arctic","status":"publish","type":"product","link":"https:\/\/arcticexcursions.com\/da\/udflugter\/deep-into-the-arctic\/","title":{"rendered":"Dybt ind i Arktis"},"content":{"rendered":"<p>\u00d8stgr\u00f8nland er nok den mest isolerede del af dette store land, og her holdes gamle traditioner stadig meget i h\u00e6vd.<\/p>\n<p>Om vinteren er jagt og isfiskeri en del af livsstilen, og hundesl\u00e6der bruges til at rejse mellem lokationer og p\u00e5 jagt.<\/p>\n<p>For bes\u00f8gende er hundesl\u00e6dek\u00f8rsel en god m\u00e5de at opleve b\u00e5de det storsl\u00e5ede landskab og naturen i dette isolerede omr\u00e5de og f\u00e5 en fornemmelse af traditionel arktisk livsstil.<\/p>\n<p>P\u00e5 denne tur begiver vi os ud fra Tasiilaq for en rundvisning i Ammassalik \u00d8. Vi vil se Sermilik isfjorden, bes\u00f8ge den lille bygd Tiniteqilaaq, hvor vi spiser med en lokal familie, inden vi vender tilbage gennem midten af \u200b\u200bAmmassalik \u00d8 til Tasiilaq.<\/p>\n<p>Der har vi tid til at bes\u00f8ge byen eller tage p\u00e5 en (valgfri) sneskovandring til blomsterdalen. Dette er en tur, der tager dig dybt ind i den arktiske verden i \u00d8stgr\u00f8nland.<\/p>\n<h2>Rejseprogram<\/h2>\n<p><b>Dag 1:<\/b> Reykjav\u00edk-Kulusuk-Tasiilaq<br \/>\nTuren starter i Tasiilaq lufthavn, hvor en af \u200b\u200bvores guider vil m\u00f8de dig til en kort briefing.<br \/>\nDu bliver m\u00f8dt af vores lokale partnere, som tager dig til din indkvartering. Fri aften i Tasiilaq.<br \/>\nNat i g\u00e6stehus.<\/p>\n<p><b>Dag 2:<\/b> Tasiilaq &#8211; Sermilikkysten<br \/>\nI dag skal vi ud, s\u00e5 g\u00f8r dig klar til det store eventyr! Du bliver hentet p\u00e5 hotellet og<br \/>\ntaget til udkanten af \u200b\u200bTasiilaq, hvor vores hundehold venter. Guiden viser dig de grundl\u00e6ggende ting om hundesl\u00e6dek\u00f8rsel og hvordan man opf\u00f8rer sig med hundene.<\/p>\n<p>Med 2 personer pr. sl\u00e6de skal vi derefter nord over King Oscars Fjord og op til den store s\u00f8 Qordlortq mellem granitbjergk\u00e6derne. Der holder vi en kort pause, inden vi forts\u00e6tter til et sted, der hedder Kaffebaren. Dette er ikke rigtig en butik, dog, men en samling af nogle hytter midt p\u00e5 Ammassalik \u00d8, hvor alle der rejser p\u00e5 hundesl\u00e6de eller snescooter tager en pause, for at drikke en kop kaffe eller f\u00e5 en snack.<\/p>\n<p>Vi drejer vestp\u00e5 i retning af Sermilik-fjorden og begiver os videre gennem det sned\u00e6kkede landskab op til en h\u00f8jde af 500m. Fra denne h\u00f8jde har vi en spektakul\u00e6r udsigt over Sermilik Isfjorden.<\/p>\n<p>Vores hunde tager os derefter ned ad bakke gennem en smuk flodseng til de sm\u00e5 hytter, der vil tjene som vore base for de n\u00e6ste to n\u00e6tter. P\u00e5 kanten af \u200b\u200bIsfjorden vil vi have udsigt over fjorden og isen.<\/p>\n<p>Nat i sovepose i hytte.<\/p>\n<p>Hundesl\u00e6dek\u00f8rsel: 6 timer i alt<\/p>\n<p><b>Dag 3:<\/b> Sermilik-kysten<br \/>\nDagen i dag vil blive afsat til udforskning af det omkringliggende omr\u00e5de og tinder. Vi vil vove os op p\u00e5 en top t\u00e6t p\u00e5 (i ,snesko), i et fors\u00f8g p\u00e5 at f\u00e5 en fantastisk udsigt over Sermilik Isfjorden og den store gr\u00f8nlandske indlandsis p\u00e5 tv\u00e6rs af fjorden i horisonten.<\/p>\n<p>Hvor langt og h\u00f8jt vi vil v\u00e6re i stand til at g\u00e5, afh\u00e6nger af sneforholdene, men ikke desto mindre er denne dag helt sikkert et eventyr!<\/p>\n<p>Nat ved de samme hytter.<\/p>\n<p>Snesko: 4-6 timer<\/p>\n<p><b>Dag 4:<\/b> Sermilikkysten &#8211; Tiniteqilaaq<br \/>\nEfter en solid morgenmad pakker vi vores sl\u00e6der og tager op langs kysten mod nord og til den lille bygd Tiniteqilaaq (ca. 125 indb.). Her har vi tid til at bes\u00f8ge landsbyen og f\u00e5 et indblik i inuitternes levevis under disse barske arktiske forhold.<\/p>\n<p>Vi skal overnatte i sovepose overnatning i et hus i bygden med basale faciliteter (bruser er i det lokale servicehus) og middag vil blive serveret af en lokal familie.<\/p>\n<p>Hundesl\u00e6dek\u00f8rsel: 4 timer<\/p>\n<p><b>Dag 5:<\/b> Tiniteqilaaq &#8211; Pitserpaajik<br \/>\nI dag skal vi tilbage sydp\u00e5. Vi tager over det str\u00e6de, der adskiller Tiniteqilaaq og Ammassalik \u00d8 og drejer lidt mod \u00f8st ind i en dal, der er en flodseng. Turen ned ad denne flodleje er et af \u200b\u200bde smukkeste steder p\u00e5 \u00f8en.<\/p>\n<p>P\u00e5 begge sider er vi omgivet af tinder og gletsjere som vi suser forbi over snefjeldene. Vores rute tager os over en fjord og helt ned til Pitserpaajik halv\u00f8, hvor en hytte venter os.<\/p>\n<p>Nat i en hytte (eller i telte &#8211; som faktisk kan v\u00e6re varmere &#8211; men hytten bruges til klarg\u00f8ring<br \/>\nm\u00e5ltider og spisning).<\/p>\n<p>Hundesl\u00e6dek\u00f8rsel: 6 timer<\/p>\n<p><b>Dag 6:<\/b> Pitserpaajik &#8211; Tasiilaq<br \/>\nFra Pitserpaajik-halv\u00f8en tager vi vestp\u00e5 i retning mod s\u00f8erne. S\u00e5 tager vi over sneen lige gennem Ammassalik \u00d8, indtil vi kommer tilbage til byen Tasiilaq. Derefter forlader sl\u00e6derne og siger farvel til hundeholdene, hvorefter du bliver f\u00f8rt tilbage til din indkvartering.<\/p>\n<p>Nat i et g\u00e6stehus.<\/p>\n<p>Hundesl\u00e6dek\u00f8rsel: 6 timer<\/p>\n<p><b>Dag 7:<\/b> Tasiilaq<br \/>\nFri dag til at udforske byen Tasiilaq eller tage p\u00e5 en valgfri tur p\u00e5 snesko til Blomsterdalen. Byen Tasiilaq er \u00d8stgr\u00f8nlands administrative centrum. Der er en interessant museum og nogle butikker. Over byen byder Blomsterdalen i sin snekl\u00e6dte vinterfrakke en mulighed for at nyde en snevandring i det arktiske milj\u00f8 op til et udsigtspunkt over byen.<\/p>\n<p>Nat i et g\u00e6stehus.<\/p>\n<p><b>Dag 8:<\/b> Farvel<br \/>\nEfter at have sagt farvel, har vi en transfer til Kulusuk, hvor vi stiger p\u00e5 vores fly tilbage til<br \/>\nReykjav\u00edk, hvor turen slutter i lufthavnen.<\/p>\n<p><b>Inkluderet:<\/b><br \/>\n&#8211; Guide<br \/>\n&#8211; 3 n\u00e6tter i Tasiilaq<br \/>\n&#8211; Hundesl\u00e6detur 5 dage<br \/>\n&#8211; Helpension p\u00e5 hundesl\u00e6detur<br \/>\n&#8211; 3 n\u00e6tter i hytter og 1 overnatning i sovepose i hytte i Tiniteqilaaq (du kan tage 10 kg bagage med<br \/>\n&#8211; Snesko<br \/>\n&#8211; Middag ved ankomst og aftensmad sidste aften<\/p>\n","protected":false},"excerpt":{"rendered":"<p>8 dages vintereventyr med 5 dages hundesl\u00e6dek\u00f8rsel p\u00e5 Ammassalik \u00d8<\/p>\n","protected":false},"featured_media":24493,"comment_status":"open","ping_status":"closed","template":"","meta":{"_acf_changed":false},"product_brand":[],"product_cat":[101,170],"product_tag":[],"class_list":{"0":"post-24505","1":"product","2":"type-product","3":"status-publish","4":"has-post-thumbnail","6":"product_cat-tour","7":"product_cat-udflugt","8":"pa_dato-952","9":"pa_dato-949","10":"pa_dato-880","11":"pa_dato-1267","12":"pa_dato-1375","13":"pa_dato-1391","14":"pa_dato-5893","15":"pa_dato-5894","16":"pa_dato-1370","17":"pa_tidspunkt-70","18":"pa_tidspunkt-40","19":"tour_location-tasiilaq-da","20":"tour_type-outdoor-da","21":"tour_tickettype-arctic_excursions","22":"tour_operator-arctic-dream","24":"first","25":"outofstock","26":"shipping-taxable","27":"product-type-variable"},"acf":[],"yoast_head":"<!-- This site is optimized with the Yoast SEO plugin v23.6 - https:\/\/yoast.com\/wordpress\/plugins\/seo\/ -->\n<title>Arctic Excursions<\/title>\n<meta name=\"robots\" content=\"index, follow, max-snippet:-1, max-image-preview:large, max-video-preview:-1\" \/>\n<link rel=\"canonical\" href=\"https:\/\/arcticexcursions.com\/da\/udflugter\/deep-into-the-arctic\/\" \/>\n<meta property=\"og:locale\" content=\"da_DK\" \/>\n<meta property=\"og:type\" content=\"article\" \/>\n<meta property=\"og:title\" content=\"Dybt ind i Arktis - Arctic Excursions\" \/>\n<meta property=\"og:description\" content=\"8 dages vintereventyr med 5 dages hundesl\u00e6dek\u00f8rsel p\u00e5 Ammassalik \u00d8\" \/>\n<meta property=\"og:url\" content=\"https:\/\/arcticexcursions.com\/da\/udflugter\/deep-into-the-arctic\/\" \/>\n<meta property=\"og:site_name\" content=\"Arctic Excursions\" \/>\n<meta property=\"article:modified_time\" content=\"2025-04-02T11:02:14+00:00\" \/>\n<meta property=\"og:image\" content=\"https:\/\/arcticexcursions.com\/wp-content\/uploads\/2023\/11\/DSC00505-scaled.jpg\" \/>\n\t<meta property=\"og:image:width\" content=\"2560\" \/>\n\t<meta property=\"og:image:height\" content=\"1440\" \/>\n\t<meta property=\"og:image:type\" content=\"image\/jpeg\" \/>\n<meta name=\"twitter:card\" content=\"summary_large_image\" \/>\n<meta name=\"twitter:label1\" content=\"Estimeret l\u00e6setid\" \/>\n\t<meta name=\"twitter:data1\" content=\"4 minutter\" \/>\n<script type=\"application\/ld+json\" class=\"yoast-schema-graph\">{\"@context\":\"https:\/\/schema.org\",\"@graph\":[{\"@type\":\"WebPage\",\"@id\":\"https:\/\/arcticexcursions.com\/da\/udflugter\/deep-into-the-arctic\/\",\"url\":\"https:\/\/arcticexcursions.com\/da\/udflugter\/deep-into-the-arctic\/\",\"name\":\"Dybt ind i Arktis - Arctic Excursions\",\"isPartOf\":{\"@id\":\"https:\/\/arcticexcursions.com\/#website\"},\"primaryImageOfPage\":{\"@id\":\"https:\/\/arcticexcursions.com\/da\/udflugter\/deep-into-the-arctic\/#primaryimage\"},\"image\":{\"@id\":\"https:\/\/arcticexcursions.com\/da\/udflugter\/deep-into-the-arctic\/#primaryimage\"},\"thumbnailUrl\":\"https:\/\/arcticexcursions.com\/wp-content\/uploads\/2023\/11\/DSC00505-scaled.jpg\",\"datePublished\":\"2024-01-05T12:54:51+00:00\",\"dateModified\":\"2025-04-02T11:02:14+00:00\",\"breadcrumb\":{\"@id\":\"https:\/\/arcticexcursions.com\/da\/udflugter\/deep-into-the-arctic\/#breadcrumb\"},\"inLanguage\":\"da-DK\",\"potentialAction\":[{\"@type\":\"ReadAction\",\"target\":[\"https:\/\/arcticexcursions.com\/da\/udflugter\/deep-into-the-arctic\/\"]}]},{\"@type\":\"ImageObject\",\"inLanguage\":\"da-DK\",\"@id\":\"https:\/\/arcticexcursions.com\/da\/udflugter\/deep-into-the-arctic\/#primaryimage\",\"url\":\"https:\/\/arcticexcursions.com\/wp-content\/uploads\/2023\/11\/DSC00505-scaled.jpg\",\"contentUrl\":\"https:\/\/arcticexcursions.com\/wp-content\/uploads\/2023\/11\/DSC00505-scaled.jpg\",\"width\":2560,\"height\":1440},{\"@type\":\"BreadcrumbList\",\"@id\":\"https:\/\/arcticexcursions.com\/da\/udflugter\/deep-into-the-arctic\/#breadcrumb\",\"itemListElement\":[{\"@type\":\"ListItem\",\"position\":1,\"name\":\"Home\",\"item\":\"https:\/\/arcticexcursions.com\/da\/\"},{\"@type\":\"ListItem\",\"position\":2,\"name\":\"Udflugter i Gr\u00f8nland\",\"item\":\"https:\/\/arcticexcursions.com\/da\/udflugter\/\"},{\"@type\":\"ListItem\",\"position\":3,\"name\":\"Dybt ind i Arktis\"}]},{\"@type\":\"WebSite\",\"@id\":\"https:\/\/arcticexcursions.com\/#website\",\"url\":\"https:\/\/arcticexcursions.com\/\",\"name\":\"Arctic Excursions\",\"description\":\"New adventures. Every day.\",\"publisher\":{\"@id\":\"https:\/\/arcticexcursions.com\/#organization\"},\"potentialAction\":[{\"@type\":\"SearchAction\",\"target\":{\"@type\":\"EntryPoint\",\"urlTemplate\":\"https:\/\/arcticexcursions.com\/?s={search_term_string}\"},\"query-input\":{\"@type\":\"PropertyValueSpecification\",\"valueRequired\":true,\"valueName\":\"search_term_string\"}}],\"inLanguage\":\"da-DK\"},{\"@type\":\"Organization\",\"@id\":\"https:\/\/arcticexcursions.com\/#organization\",\"name\":\"Arctic Excursions\",\"url\":\"https:\/\/arcticexcursions.com\/\",\"logo\":{\"@type\":\"ImageObject\",\"inLanguage\":\"da-DK\",\"@id\":\"https:\/\/arcticexcursions.com\/#\/schema\/logo\/image\/\",\"url\":\"https:\/\/arcticexcursions.com\/wp-content\/uploads\/2022\/11\/fb-logo.png\",\"contentUrl\":\"https:\/\/arcticexcursions.com\/wp-content\/uploads\/2022\/11\/fb-logo.png\",\"width\":523,\"height\":523,\"caption\":\"Arctic Excursions\"},\"image\":{\"@id\":\"https:\/\/arcticexcursions.com\/#\/schema\/logo\/image\/\"}}]}<\/script>\n<!-- \/ Yoast SEO plugin. -->","yoast_head_json":{"title":"Arctic Excursions","robots":{"index":"index","follow":"follow","max-snippet":"max-snippet:-1","max-image-preview":"max-image-preview:large","max-video-preview":"max-video-preview:-1"},"canonical":"https:\/\/arcticexcursions.com\/da\/udflugter\/deep-into-the-arctic\/","og_locale":"da_DK","og_type":"article","og_title":"Dybt ind i Arktis - Arctic Excursions","og_description":"8 dages vintereventyr med 5 dages hundesl\u00e6dek\u00f8rsel p\u00e5 Ammassalik \u00d8","og_url":"https:\/\/arcticexcursions.com\/da\/udflugter\/deep-into-the-arctic\/","og_site_name":"Arctic Excursions","article_modified_time":"2025-04-02T11:02:14+00:00","og_image":[{"width":2560,"height":1440,"url":"https:\/\/arcticexcursions.com\/wp-content\/uploads\/2023\/11\/DSC00505-scaled.jpg","type":"image\/jpeg"}],"twitter_card":"summary_large_image","twitter_misc":{"Estimeret l\u00e6setid":"4 minutter"},"schema":{"@context":"https:\/\/schema.org","@graph":[{"@type":"WebPage","@id":"https:\/\/arcticexcursions.com\/da\/udflugter\/deep-into-the-arctic\/","url":"https:\/\/arcticexcursions.com\/da\/udflugter\/deep-into-the-arctic\/","name":"Dybt ind i Arktis - Arctic Excursions","isPartOf":{"@id":"https:\/\/arcticexcursions.com\/#website"},"primaryImageOfPage":{"@id":"https:\/\/arcticexcursions.com\/da\/udflugter\/deep-into-the-arctic\/#primaryimage"},"image":{"@id":"https:\/\/arcticexcursions.com\/da\/udflugter\/deep-into-the-arctic\/#primaryimage"},"thumbnailUrl":"https:\/\/arcticexcursions.com\/wp-content\/uploads\/2023\/11\/DSC00505-scaled.jpg","datePublished":"2024-01-05T12:54:51+00:00","dateModified":"2025-04-02T11:02:14+00:00","breadcrumb":{"@id":"https:\/\/arcticexcursions.com\/da\/udflugter\/deep-into-the-arctic\/#breadcrumb"},"inLanguage":"da-DK","potentialAction":[{"@type":"ReadAction","target":["https:\/\/arcticexcursions.com\/da\/udflugter\/deep-into-the-arctic\/"]}]},{"@type":"ImageObject","inLanguage":"da-DK","@id":"https:\/\/arcticexcursions.com\/da\/udflugter\/deep-into-the-arctic\/#primaryimage","url":"https:\/\/arcticexcursions.com\/wp-content\/uploads\/2023\/11\/DSC00505-scaled.jpg","contentUrl":"https:\/\/arcticexcursions.com\/wp-content\/uploads\/2023\/11\/DSC00505-scaled.jpg","width":2560,"height":1440},{"@type":"BreadcrumbList","@id":"https:\/\/arcticexcursions.com\/da\/udflugter\/deep-into-the-arctic\/#breadcrumb","itemListElement":[{"@type":"ListItem","position":1,"name":"Home","item":"https:\/\/arcticexcursions.com\/da\/"},{"@type":"ListItem","position":2,"name":"Udflugter i Gr\u00f8nland","item":"https:\/\/arcticexcursions.com\/da\/udflugter\/"},{"@type":"ListItem","position":3,"name":"Dybt ind i Arktis"}]},{"@type":"WebSite","@id":"https:\/\/arcticexcursions.com\/#website","url":"https:\/\/arcticexcursions.com\/","name":"Arctic Excursions","description":"New adventures. Every day.","publisher":{"@id":"https:\/\/arcticexcursions.com\/#organization"},"potentialAction":[{"@type":"SearchAction","target":{"@type":"EntryPoint","urlTemplate":"https:\/\/arcticexcursions.com\/?s={search_term_string}"},"query-input":{"@type":"PropertyValueSpecification","valueRequired":true,"valueName":"search_term_string"}}],"inLanguage":"da-DK"},{"@type":"Organization","@id":"https:\/\/arcticexcursions.com\/#organization","name":"Arctic Excursions","url":"https:\/\/arcticexcursions.com\/","logo":{"@type":"ImageObject","inLanguage":"da-DK","@id":"https:\/\/arcticexcursions.com\/#\/schema\/logo\/image\/","url":"https:\/\/arcticexcursions.com\/wp-content\/uploads\/2022\/11\/fb-logo.png","contentUrl":"https:\/\/arcticexcursions.com\/wp-content\/uploads\/2022\/11\/fb-logo.png","width":523,"height":523,"caption":"Arctic Excursions"},"image":{"@id":"https:\/\/arcticexcursions.com\/#\/schema\/logo\/image\/"}}]}},"_links":{"self":[{"href":"https:\/\/arcticexcursions.com\/da\/wp-json\/wp\/v2\/product\/24505"}],"collection":[{"href":"https:\/\/arcticexcursions.com\/da\/wp-json\/wp\/v2\/product"}],"about":[{"href":"https:\/\/arcticexcursions.com\/da\/wp-json\/wp\/v2\/types\/product"}],"replies":[{"embeddable":true,"href":"https:\/\/arcticexcursions.com\/da\/wp-json\/wp\/v2\/comments?post=24505"}],"wp:featuredmedia":[{"embeddable":true,"href":"https:\/\/arcticexcursions.com\/da\/wp-json\/wp\/v2\/media\/24493"}],"wp:attachment":[{"href":"https:\/\/arcticexcursions.com\/da\/wp-json\/wp\/v2\/media?parent=24505"}],"wp:term":[{"taxonomy":"product_brand","embeddable":true,"href":"https:\/\/arcticexcursions.com\/da\/wp-json\/wp\/v2\/product_brand?post=24505"},{"taxonomy":"product_cat","embeddable":true,"href":"https:\/\/arcticexcursions.com\/da\/wp-json\/wp\/v2\/product_cat?post=24505"},{"taxonomy":"product_tag","embeddable":true,"href":"https:\/\/arcticexcursions.com\/da\/wp-json\/wp\/v2\/product_tag?post=24505"}],"curies":[{"name":"wp","href":"https:\/\/api.w.org\/{rel}","templated":true}]}}