{"id":24521,"date":"2024-01-05T14:58:13","date_gmt":"2024-01-05T12:58:13","guid":{"rendered":"https:\/\/arcticexcursions.com\/?post_type=product&#038;p=24521"},"modified":"2024-01-08T10:22:22","modified_gmt":"2024-01-08T08:22:22","slug":"greenland-adventure","status":"publish","type":"product","link":"https:\/\/arcticexcursions.com\/da\/udflugter\/greenland-adventure\/","title":{"rendered":"Greenland Adventure"},"content":{"rendered":"<h2>DAG TIL DAG REJSEPLAN<\/h2>\n<p><b>DAG 1<\/b> \u2014 Ankomst til Kulusuk og indkvartering<br \/>\nDu ankommer med fly til Kulusuk lufthavn, hvorfra du bliver k\u00f8rt til Kulusuk hotel. Om<br \/>\naften vil guiden komme og gennemg\u00e5 de n\u00e6ste dages program. P\u00e5 din allerf\u00f8rste dag p\u00e5 dette smukke sted starter dit \u00f8stgr\u00f8nlandske eventyr lige efter en l\u00e6kker morgenmad. Du vil m\u00f8de din guide til en g\u00e5tur til Kulusuk bygd og bes\u00f8ge det lokale museum efter frokost.<\/p>\n<p><b>DAG 2<\/b> &#8211; Et ekstraordin\u00e6rt bes\u00f8g i de f\u00e6nomenale ishuler<br \/>\nVi f\u00f8lger dig til havnen, og sammen tager vi med b\u00e5d til den forbl\u00f8ffende Aputsiaq-gletsjer<br \/>\ni n\u00e6rheden. Ved ankomst til gletsjeren f\u00e5r du omhyggelige instruktioner om sikkerhed og udstyret, inden vi begynder vores g\u00e5 op til isgrotten.<\/p>\n<p>Selve isgrotten er 40 m dyb, og den har de mest fantastiske bl\u00e5 og gr\u00f8nne nuancer. Det f\u00f8les som om du g\u00e5r ind i en magisk portal. Efter cirka 2 timers vandring og udforskning ankommer vi tilbage til b\u00e5den.<\/p>\n<p>Vi sejler til Tasiilaq &#8211; hovedbyen p\u00e5 Gr\u00f8nlands \u00f8stkyst. Det er det mest charmerende sted med omkring 2.000 indbyggere. P\u00e5 vej dertil passerer vi de spektakul\u00e6re isbjerge p\u00e5 begge sider af b\u00e5den. Denne oplevelse er i sig selv betagende og en once in a lifetime oplevelse.<\/p>\n<p>N\u00e5r vi ankommer til Tasiilaq, bliver du f\u00f8rt til dit g\u00e6stehus, som vil v\u00e6re dit hjem de kommende 4 n\u00e6tter. Vi slutter denne dag af med en hyggelig middag med de \u00f8vrige deltagere og et samlet informationsm\u00f8de.<\/p>\n<p><b>DAG 3<\/b> \u2014 Den forbl\u00f8ffende Knud Rasmussen-gletsjer og et bes\u00f8g tilbage til fortiden<br \/>\nDagens udflugt starter fra Tasiilaq havn. Vi skal nordvest ind i den brede Ammassalik<br \/>\nFjord. Efter cirka en times sejlads s\u00e6tter vi kursen ind i de mere smalle og stejle fjorde. Her<br \/>\nvil v\u00e6re i stand til at nyde det betagende landskab med de majest\u00e6tiske bjergtoppe, der omgiver os.<\/p>\n<p>F\u00f8rst vil vi g\u00f8re et stop ved Ikateq &#8211; et fantastisk indblik i fortiden. Her havde USA en flyveplads fra 1942-47 og omr\u00e5det fik kodenavnet Blue East Two (BE-2) under krigstiden. Det blev oprindeligt bygget for at lette transatlantisk lufttrafik, navigation, efters\u00f8gnings- og redningsoperationer og vejrudsigter. Du kan stadig se mange af resterne fra Anden Verdenskrig, s\u00e5som flyvepladsen, rustne br\u00e6ndstoft\u00f8nder, k\u00f8ret\u00f8jer og ruiner.<\/p>\n<p>Vores rejse forts\u00e6tter derefter videre mod nord\u00f8st, indtil vi n\u00e5r den storsl\u00e5ede Sermiligaaq Fjord. Oversat fra gr\u00f8nlandsk, betyder det &#8220;Den smukke gletsjer fjord&#8221; \u2014 et navn denne vandmasse helt bestemt fortjener.<\/p>\n<p>P\u00e5 et bestemt tidspunkt vil du kunne opleve den fantastiske udsigt over to gletsjere, der k\u00e6lver samtidigt &#8211; Karale Glacier p\u00e5 din venstre side og Knud Rasmussen Glacier lige foran dig. Vi kommer s\u00e5 t\u00e6t p\u00e5 Knud Rasmussen-gletsjeren, som situationen tillader os, for derefter at g\u00e5 i land for at nydevores frokost p\u00e5 flodbredden. Efter cirka 1-2 timers udforskning af omr\u00e5det, tager vi tilbage til Tasiilaq.<\/p>\n<p>Varighed: 7-8 timer i alt. Frokost, varme drikke og forfriskninger er inkluderet.<\/p>\n<p>Krav: Varmt t\u00f8j, dundyne tilg\u00e6ngelig hvis n\u00f8dvendigt.<\/p>\n<p><b>DAG 4<\/b> \u2014 Charmerende Tiniteqilaaq og den store Sermilik Isfjord<br \/>\nP\u00e5 denne tur starter vi igen vores eventyr fra Tasiilaq havn. Vi navigerer nordp\u00e5 langs<br \/>\nAmmassalik \u00d8 gennem et virkelig \u00e6refrygtindgydende landskab, hvor flydende isskulpturer passerer os.<\/p>\n<p>Efter 1 \u2013 2 timer med at nyde denne vandige kunstudstilling, ankommer vi til en lille bygd kaldet Tiniteqilaaq \u2014 som oversat fra gr\u00f8nlandsk betyder str\u00e6det, der l\u00f8ber t\u00f8rt ved lavvande. Bygden er lillebitte og kun 113 mennesker bor her permanent (talt i januar 2015).<\/p>\n<p>Bygden har dog den mest spektakul\u00e6re udsigt over Sermilik Isfjorden. Du vil v\u00e6re i stand til at se de kolossale isbjerge, og i horisonten r\u00f8rer Gr\u00f8nlands Isskjold himlen &#8211; et syn, der simpelthen skal opleves. Der vil v\u00e6re tid til at slentre rundt i bygden og udforske p\u00e5 egen h\u00e5nd.<\/p>\n<p>Derefter forts\u00e6tter vi ned til Sermilik Fjorden og nyder vores frokost et sted med udsigt over de gigantiske isbjerge. Og s\u00e5 tager vi sydp\u00e5 og sejler rundt om Ammassalik \u00d8 og passerer endnu flere fantastiske isbjerge p\u00e5 vejen, inden vi vender tilbage til Tasiilaq.<\/p>\n<p>Varighed: 7-8 timer i alt. Frokost, varme drikke og forfriskninger er inkluderet.<\/p>\n<p>Krav: Varmt t\u00f8j, dundyne tilg\u00e6ngelig hvis n\u00f8dvendigt.<\/p>\n<p><b>DAG 5<\/b> \u2014 Nyd Tasiilaq og Blomsterdalen<br \/>\nP\u00e5 din sidste hele dag i Tasiilaq har du morgenen fri til at nyde, hvad du har lyst til. Vi m\u00f8des kl 13:00 til en f\u00e6lles g\u00e5tur gennem byen og til Blomsterdalen. Byvandringen tager os til et v\u00e6rksted hvor lokale kunstnere laver deres ber\u00f8mte og smukke kunsth\u00e5ndv\u00e6rk.<\/p>\n<p>Vi forts\u00e6tter derefter mod havnen og bes\u00f8ger museet beliggende i den gamle kirke bygget i 1903. Museet har mange historiske skatte, og du kan l\u00e6re om \u00d8stgr\u00f8nlands liv og historie.<br \/>\nDerefter forts\u00e6tter vi langs kysten til hospitalet og op til den nye kirke. Ved denne kirke kan du nyde en smuk udsigt over byen.<\/p>\n<p>I dette omr\u00e5de vil du ogs\u00e5 kunne se de \u00e6ldste huse i byen, hvor den f\u00f8rste kolonibestyrer Johann Pedersen og polarforskeren Ejnar Mikkelsen boede. Inden du tager til Blomsterdalen, kan du bes\u00f8ge turistkontoret Sk\u00e6ven. Her vil du kunne investere i alverdens fantastisk kunsth\u00e5ndv\u00e6rk, kort og meget mere.<\/p>\n<p>Selve dalen &#8211; som navnet indikerer &#8211; er fuld af mange forskellige blomster. Du kan finde arktisk timian, arktisk bl\u00e5klokke, arktisk m\u00e6lkeb\u00f8tte, den gr\u00f8nlandske national blomst bredbladet pil urt, og mange andre.<\/p>\n<p>Vi forts\u00e6tter s\u00e5 ned ad den lille buede sti langs floden et par kilometer, indtil vi n\u00e5r et lille vandfald. Vi vil afs\u00e6tte tid til at nyde freden i dette smukke landskab, f\u00f8r vi endelig g\u00e5r tilbage til Tasiilaq.<\/p>\n<p>Varighed: Morgenen er din. Den samlede by- og Blomsterdal-vandring fra kl. 13.00 &#8211; 2-3 timer i alt.<\/p>\n<p>Krav: Byvandringen er nem. Vi anbefaler dog robuste sko til g\u00e5turen i Blomsterdalen. Vi anbefaler, at du tager nogle forfriskninger med.<\/p>\n<p><b>DAG 6<\/b> \u2014 Farvel for nu \u00d8stgr\u00f8nland<br \/>\nP\u00e5 din sjette dag er det tid til at sige farvel for nu. Om morgenen tager du med b\u00e5dtransfer tilbage til Kulusuk lufthavn.<\/p>\n<p>NB: Rejseplanen kan \u00e6ndres i r\u00e6kkef\u00f8lgen af \u200b\u200budflugterne. Indholdet af turen vil forblive det samme<\/p>\n","protected":false},"excerpt":{"rendered":"<p>Oplev et rigtigt Gr\u00f8nlandsk eventyr <\/p>\n","protected":false},"featured_media":24507,"comment_status":"open","ping_status":"closed","template":"","meta":{"_acf_changed":false},"product_brand":[],"product_cat":[101,170],"product_tag":[],"class_list":{"0":"post-24521","1":"product","2":"type-product","3":"status-publish","4":"has-post-thumbnail","6":"product_cat-tour","7":"product_cat-udflugt","8":"tour_location-tasiilaq-da","9":"tour_type-outdoor-da","10":"tour_tickettype-arctic_excursions","11":"tour_operator-arctic-dream","13":"first","14":"outofstock","15":"shipping-taxable","16":"product-type-variable"},"acf":[],"yoast_head":"<!-- This site is optimized with the Yoast SEO plugin v23.6 - https:\/\/yoast.com\/wordpress\/plugins\/seo\/ -->\n<title>Arctic Excursions<\/title>\n<meta name=\"robots\" content=\"index, follow, max-snippet:-1, max-image-preview:large, max-video-preview:-1\" \/>\n<link rel=\"canonical\" href=\"https:\/\/arcticexcursions.com\/da\/udflugter\/greenland-adventure\/\" \/>\n<meta property=\"og:locale\" content=\"da_DK\" \/>\n<meta property=\"og:type\" content=\"article\" \/>\n<meta property=\"og:title\" content=\"Greenland Adventure - Arctic Excursions\" \/>\n<meta property=\"og:description\" content=\"Oplev et rigtigt Gr\u00f8nlandsk eventyr\" \/>\n<meta property=\"og:url\" content=\"https:\/\/arcticexcursions.com\/da\/udflugter\/greenland-adventure\/\" \/>\n<meta property=\"og:site_name\" content=\"Arctic Excursions\" \/>\n<meta property=\"article:modified_time\" content=\"2024-01-08T08:22:22+00:00\" \/>\n<meta property=\"og:image\" content=\"https:\/\/arcticexcursions.com\/wp-content\/uploads\/2023\/11\/7T7A2999-1-scaled.jpg\" \/>\n\t<meta property=\"og:image:width\" content=\"2560\" \/>\n\t<meta property=\"og:image:height\" content=\"1509\" \/>\n\t<meta property=\"og:image:type\" content=\"image\/jpeg\" \/>\n<meta name=\"twitter:card\" content=\"summary_large_image\" \/>\n<meta name=\"twitter:label1\" content=\"Estimeret l\u00e6setid\" \/>\n\t<meta name=\"twitter:data1\" content=\"5 minutter\" \/>\n<script type=\"application\/ld+json\" class=\"yoast-schema-graph\">{\"@context\":\"https:\/\/schema.org\",\"@graph\":[{\"@type\":\"WebPage\",\"@id\":\"https:\/\/arcticexcursions.com\/da\/udflugter\/greenland-adventure\/\",\"url\":\"https:\/\/arcticexcursions.com\/da\/udflugter\/greenland-adventure\/\",\"name\":\"Greenland Adventure - Arctic Excursions\",\"isPartOf\":{\"@id\":\"https:\/\/arcticexcursions.com\/#website\"},\"primaryImageOfPage\":{\"@id\":\"https:\/\/arcticexcursions.com\/da\/udflugter\/greenland-adventure\/#primaryimage\"},\"image\":{\"@id\":\"https:\/\/arcticexcursions.com\/da\/udflugter\/greenland-adventure\/#primaryimage\"},\"thumbnailUrl\":\"https:\/\/arcticexcursions.com\/wp-content\/uploads\/2023\/11\/7T7A2999-1-scaled.jpg\",\"datePublished\":\"2024-01-05T12:58:13+00:00\",\"dateModified\":\"2024-01-08T08:22:22+00:00\",\"breadcrumb\":{\"@id\":\"https:\/\/arcticexcursions.com\/da\/udflugter\/greenland-adventure\/#breadcrumb\"},\"inLanguage\":\"da-DK\",\"potentialAction\":[{\"@type\":\"ReadAction\",\"target\":[\"https:\/\/arcticexcursions.com\/da\/udflugter\/greenland-adventure\/\"]}]},{\"@type\":\"ImageObject\",\"inLanguage\":\"da-DK\",\"@id\":\"https:\/\/arcticexcursions.com\/da\/udflugter\/greenland-adventure\/#primaryimage\",\"url\":\"https:\/\/arcticexcursions.com\/wp-content\/uploads\/2023\/11\/7T7A2999-1-scaled.jpg\",\"contentUrl\":\"https:\/\/arcticexcursions.com\/wp-content\/uploads\/2023\/11\/7T7A2999-1-scaled.jpg\",\"width\":2560,\"height\":1509},{\"@type\":\"BreadcrumbList\",\"@id\":\"https:\/\/arcticexcursions.com\/da\/udflugter\/greenland-adventure\/#breadcrumb\",\"itemListElement\":[{\"@type\":\"ListItem\",\"position\":1,\"name\":\"Home\",\"item\":\"https:\/\/arcticexcursions.com\/da\/\"},{\"@type\":\"ListItem\",\"position\":2,\"name\":\"Udflugter i Gr\u00f8nland\",\"item\":\"https:\/\/arcticexcursions.com\/da\/udflugter\/\"},{\"@type\":\"ListItem\",\"position\":3,\"name\":\"Greenland Adventure\"}]},{\"@type\":\"WebSite\",\"@id\":\"https:\/\/arcticexcursions.com\/#website\",\"url\":\"https:\/\/arcticexcursions.com\/\",\"name\":\"Arctic Excursions\",\"description\":\"New adventures. Every day.\",\"publisher\":{\"@id\":\"https:\/\/arcticexcursions.com\/#organization\"},\"potentialAction\":[{\"@type\":\"SearchAction\",\"target\":{\"@type\":\"EntryPoint\",\"urlTemplate\":\"https:\/\/arcticexcursions.com\/?s={search_term_string}\"},\"query-input\":{\"@type\":\"PropertyValueSpecification\",\"valueRequired\":true,\"valueName\":\"search_term_string\"}}],\"inLanguage\":\"da-DK\"},{\"@type\":\"Organization\",\"@id\":\"https:\/\/arcticexcursions.com\/#organization\",\"name\":\"Arctic Excursions\",\"url\":\"https:\/\/arcticexcursions.com\/\",\"logo\":{\"@type\":\"ImageObject\",\"inLanguage\":\"da-DK\",\"@id\":\"https:\/\/arcticexcursions.com\/#\/schema\/logo\/image\/\",\"url\":\"https:\/\/arcticexcursions.com\/wp-content\/uploads\/2022\/11\/fb-logo.png\",\"contentUrl\":\"https:\/\/arcticexcursions.com\/wp-content\/uploads\/2022\/11\/fb-logo.png\",\"width\":523,\"height\":523,\"caption\":\"Arctic Excursions\"},\"image\":{\"@id\":\"https:\/\/arcticexcursions.com\/#\/schema\/logo\/image\/\"}}]}<\/script>\n<!-- \/ Yoast SEO plugin. -->","yoast_head_json":{"title":"Arctic Excursions","robots":{"index":"index","follow":"follow","max-snippet":"max-snippet:-1","max-image-preview":"max-image-preview:large","max-video-preview":"max-video-preview:-1"},"canonical":"https:\/\/arcticexcursions.com\/da\/udflugter\/greenland-adventure\/","og_locale":"da_DK","og_type":"article","og_title":"Greenland Adventure - Arctic Excursions","og_description":"Oplev et rigtigt Gr\u00f8nlandsk eventyr","og_url":"https:\/\/arcticexcursions.com\/da\/udflugter\/greenland-adventure\/","og_site_name":"Arctic Excursions","article_modified_time":"2024-01-08T08:22:22+00:00","og_image":[{"width":2560,"height":1509,"url":"https:\/\/arcticexcursions.com\/wp-content\/uploads\/2023\/11\/7T7A2999-1-scaled.jpg","type":"image\/jpeg"}],"twitter_card":"summary_large_image","twitter_misc":{"Estimeret l\u00e6setid":"5 minutter"},"schema":{"@context":"https:\/\/schema.org","@graph":[{"@type":"WebPage","@id":"https:\/\/arcticexcursions.com\/da\/udflugter\/greenland-adventure\/","url":"https:\/\/arcticexcursions.com\/da\/udflugter\/greenland-adventure\/","name":"Greenland Adventure - Arctic Excursions","isPartOf":{"@id":"https:\/\/arcticexcursions.com\/#website"},"primaryImageOfPage":{"@id":"https:\/\/arcticexcursions.com\/da\/udflugter\/greenland-adventure\/#primaryimage"},"image":{"@id":"https:\/\/arcticexcursions.com\/da\/udflugter\/greenland-adventure\/#primaryimage"},"thumbnailUrl":"https:\/\/arcticexcursions.com\/wp-content\/uploads\/2023\/11\/7T7A2999-1-scaled.jpg","datePublished":"2024-01-05T12:58:13+00:00","dateModified":"2024-01-08T08:22:22+00:00","breadcrumb":{"@id":"https:\/\/arcticexcursions.com\/da\/udflugter\/greenland-adventure\/#breadcrumb"},"inLanguage":"da-DK","potentialAction":[{"@type":"ReadAction","target":["https:\/\/arcticexcursions.com\/da\/udflugter\/greenland-adventure\/"]}]},{"@type":"ImageObject","inLanguage":"da-DK","@id":"https:\/\/arcticexcursions.com\/da\/udflugter\/greenland-adventure\/#primaryimage","url":"https:\/\/arcticexcursions.com\/wp-content\/uploads\/2023\/11\/7T7A2999-1-scaled.jpg","contentUrl":"https:\/\/arcticexcursions.com\/wp-content\/uploads\/2023\/11\/7T7A2999-1-scaled.jpg","width":2560,"height":1509},{"@type":"BreadcrumbList","@id":"https:\/\/arcticexcursions.com\/da\/udflugter\/greenland-adventure\/#breadcrumb","itemListElement":[{"@type":"ListItem","position":1,"name":"Home","item":"https:\/\/arcticexcursions.com\/da\/"},{"@type":"ListItem","position":2,"name":"Udflugter i Gr\u00f8nland","item":"https:\/\/arcticexcursions.com\/da\/udflugter\/"},{"@type":"ListItem","position":3,"name":"Greenland Adventure"}]},{"@type":"WebSite","@id":"https:\/\/arcticexcursions.com\/#website","url":"https:\/\/arcticexcursions.com\/","name":"Arctic Excursions","description":"New adventures. Every day.","publisher":{"@id":"https:\/\/arcticexcursions.com\/#organization"},"potentialAction":[{"@type":"SearchAction","target":{"@type":"EntryPoint","urlTemplate":"https:\/\/arcticexcursions.com\/?s={search_term_string}"},"query-input":{"@type":"PropertyValueSpecification","valueRequired":true,"valueName":"search_term_string"}}],"inLanguage":"da-DK"},{"@type":"Organization","@id":"https:\/\/arcticexcursions.com\/#organization","name":"Arctic Excursions","url":"https:\/\/arcticexcursions.com\/","logo":{"@type":"ImageObject","inLanguage":"da-DK","@id":"https:\/\/arcticexcursions.com\/#\/schema\/logo\/image\/","url":"https:\/\/arcticexcursions.com\/wp-content\/uploads\/2022\/11\/fb-logo.png","contentUrl":"https:\/\/arcticexcursions.com\/wp-content\/uploads\/2022\/11\/fb-logo.png","width":523,"height":523,"caption":"Arctic Excursions"},"image":{"@id":"https:\/\/arcticexcursions.com\/#\/schema\/logo\/image\/"}}]}},"_links":{"self":[{"href":"https:\/\/arcticexcursions.com\/da\/wp-json\/wp\/v2\/product\/24521"}],"collection":[{"href":"https:\/\/arcticexcursions.com\/da\/wp-json\/wp\/v2\/product"}],"about":[{"href":"https:\/\/arcticexcursions.com\/da\/wp-json\/wp\/v2\/types\/product"}],"replies":[{"embeddable":true,"href":"https:\/\/arcticexcursions.com\/da\/wp-json\/wp\/v2\/comments?post=24521"}],"wp:featuredmedia":[{"embeddable":true,"href":"https:\/\/arcticexcursions.com\/da\/wp-json\/wp\/v2\/media\/24507"}],"wp:attachment":[{"href":"https:\/\/arcticexcursions.com\/da\/wp-json\/wp\/v2\/media?parent=24521"}],"wp:term":[{"taxonomy":"product_brand","embeddable":true,"href":"https:\/\/arcticexcursions.com\/da\/wp-json\/wp\/v2\/product_brand?post=24521"},{"taxonomy":"product_cat","embeddable":true,"href":"https:\/\/arcticexcursions.com\/da\/wp-json\/wp\/v2\/product_cat?post=24521"},{"taxonomy":"product_tag","embeddable":true,"href":"https:\/\/arcticexcursions.com\/da\/wp-json\/wp\/v2\/product_tag?post=24521"}],"curies":[{"name":"wp","href":"https:\/\/api.w.org\/{rel}","templated":true}]}}