{"id":24548,"date":"2024-01-04T10:16:38","date_gmt":"2024-01-04T08:16:38","guid":{"rendered":"https:\/\/arcticexcursions.com\/?post_type=product&#038;p=24548"},"modified":"2025-01-31T14:02:06","modified_gmt":"2025-01-31T12:02:06","slug":"kongeedderfugl-jagt","status":"publish","type":"product","link":"https:\/\/arcticexcursions.com\/da\/udflugter\/kongeedderfugl-jagt\/","title":{"rendered":"Kongeedderfuglejagt"},"content":{"rendered":"<p>Kunne du t\u00e6nkte dig at v\u00e6re med til kongeedderfuglejagt?<\/p>\n<p>S\u00e5 er denne tur lige noget for dig!<\/p>\n<p><b>Jagts\u00e6son:<\/b> 01. december \u2013 31. marts.<\/p>\n<p><b>Inkluderet i prisen:<\/b> Kongeedderfugle jagt med \u00e5ben og godkendt til passager befordring b\u00e5d. Varm flydedragt, redningsvest, frokostpakke, rifler. Turen varer i 3-6 timer. Ekstra chance for jagttur, hvis ikke der fanges p\u00e5 den f\u00f8rste tur.<\/p>\n<p><b>Ekskluderet i prisen:<\/b> Transport til-og fra Qaqortoq. Kost og ophold.<\/p>\n<p><b>Hvad skal kunden tage med:<\/b> Varme st\u00f8vler, hue, handsker, halst\u00f8rkl\u00e6de. Eget gev\u00e6r kan tages med, og man s\u00f8rger selv for godkendelse fra myndighederne.<\/p>\n<p><b>Oplevelsen:<\/b> Man er ude p\u00e5 havet, ude t\u00e6t ved kysten til det \u00e5bne hav. Kan v\u00e6re meget kold oplevelse. Chance for at kunne skyde andre fuglearter, s\u00e5som edderfugle, forskellige arter af \u00e6nder, alke (alt efter s\u00e6son).<\/p>\n","protected":false},"excerpt":{"rendered":"<p>Oplev en jagt p\u00e5 kongeedderfuglejagt <\/p>\n","protected":false},"featured_media":24540,"comment_status":"open","ping_status":"closed","template":"","meta":{"_acf_changed":false},"product_brand":[],"product_cat":[170],"product_tag":[],"class_list":{"0":"post-24548","1":"product","2":"type-product","3":"status-publish","4":"has-post-thumbnail","6":"product_cat-udflugt","7":"pa_dato-1238","8":"pa_dato-1239","9":"pa_dato-1154","10":"pa_dato-1240","11":"pa_dato-1241","12":"pa_dato-1242","13":"pa_dato-1243","14":"pa_dato-1244","15":"pa_dato-1245","16":"pa_dato-1246","17":"pa_dato-1247","18":"pa_dato-1248","19":"pa_dato-1249","20":"pa_dato-1250","21":"pa_tidspunkt-40","22":"tour_location-qaqortoq-da","23":"tour_type-outdoor-da","24":"tour_tickettype-arctic_excursions","25":"tour_operator-hunters-eye-in-south-greenland","27":"first","28":"outofstock","29":"shipping-taxable","30":"product-type-variable"},"acf":[],"yoast_head":"<!-- This site is optimized with the Yoast SEO plugin v23.6 - https:\/\/yoast.com\/wordpress\/plugins\/seo\/ -->\n<title>Arctic Excursions<\/title>\n<meta name=\"robots\" content=\"index, follow, max-snippet:-1, max-image-preview:large, max-video-preview:-1\" \/>\n<link rel=\"canonical\" href=\"https:\/\/arcticexcursions.com\/udflugter\/kongeedderfugl-jagt\/\" \/>\n<meta property=\"og:locale\" content=\"da_DK\" \/>\n<meta property=\"og:type\" content=\"article\" \/>\n<meta property=\"og:title\" content=\"Kongeedderfuglejagt - Arctic Excursions\" \/>\n<meta property=\"og:description\" content=\"Oplev en jagt p\u00e5 kongeedderfuglejagt\" \/>\n<meta property=\"og:url\" content=\"https:\/\/arcticexcursions.com\/udflugter\/kongeedderfugl-jagt\/\" \/>\n<meta property=\"og:site_name\" content=\"Arctic Excursions\" \/>\n<meta property=\"article:modified_time\" content=\"2025-01-31T12:02:06+00:00\" \/>\n<meta property=\"og:image\" content=\"https:\/\/arcticexcursions.com\/wp-content\/uploads\/2023\/11\/Kongeedderfugl-2.jpg\" \/>\n\t<meta property=\"og:image:width\" content=\"1200\" \/>\n\t<meta property=\"og:image:height\" content=\"800\" \/>\n\t<meta property=\"og:image:type\" content=\"image\/jpeg\" \/>\n<meta name=\"twitter:card\" content=\"summary_large_image\" \/>\n<meta name=\"twitter:label1\" content=\"Estimeret l\u00e6setid\" \/>\n\t<meta name=\"twitter:data1\" content=\"1 minut\" \/>\n<script type=\"application\/ld+json\" class=\"yoast-schema-graph\">{\"@context\":\"https:\/\/schema.org\",\"@graph\":[{\"@type\":\"WebPage\",\"@id\":\"https:\/\/arcticexcursions.com\/udflugter\/kongeedderfugl-jagt\/\",\"url\":\"https:\/\/arcticexcursions.com\/udflugter\/kongeedderfugl-jagt\/\",\"name\":\"Kongeedderfuglejagt - Arctic Excursions\",\"isPartOf\":{\"@id\":\"https:\/\/arcticexcursions.com\/#website\"},\"primaryImageOfPage\":{\"@id\":\"https:\/\/arcticexcursions.com\/udflugter\/kongeedderfugl-jagt\/#primaryimage\"},\"image\":{\"@id\":\"https:\/\/arcticexcursions.com\/udflugter\/kongeedderfugl-jagt\/#primaryimage\"},\"thumbnailUrl\":\"https:\/\/arcticexcursions.com\/wp-content\/uploads\/2023\/11\/Kongeedderfugl-2.jpg\",\"datePublished\":\"2024-01-04T08:16:38+00:00\",\"dateModified\":\"2025-01-31T12:02:06+00:00\",\"breadcrumb\":{\"@id\":\"https:\/\/arcticexcursions.com\/udflugter\/kongeedderfugl-jagt\/#breadcrumb\"},\"inLanguage\":\"da-DK\",\"potentialAction\":[{\"@type\":\"ReadAction\",\"target\":[\"https:\/\/arcticexcursions.com\/udflugter\/kongeedderfugl-jagt\/\"]}]},{\"@type\":\"ImageObject\",\"inLanguage\":\"da-DK\",\"@id\":\"https:\/\/arcticexcursions.com\/udflugter\/kongeedderfugl-jagt\/#primaryimage\",\"url\":\"https:\/\/arcticexcursions.com\/wp-content\/uploads\/2023\/11\/Kongeedderfugl-2.jpg\",\"contentUrl\":\"https:\/\/arcticexcursions.com\/wp-content\/uploads\/2023\/11\/Kongeedderfugl-2.jpg\",\"width\":1200,\"height\":800},{\"@type\":\"BreadcrumbList\",\"@id\":\"https:\/\/arcticexcursions.com\/udflugter\/kongeedderfugl-jagt\/#breadcrumb\",\"itemListElement\":[{\"@type\":\"ListItem\",\"position\":1,\"name\":\"Home\",\"item\":\"https:\/\/arcticexcursions.com\/da\/\"},{\"@type\":\"ListItem\",\"position\":2,\"name\":\"Udflugter i Gr\u00f8nland\",\"item\":\"https:\/\/arcticexcursions.com\/da\/udflugter\/\"},{\"@type\":\"ListItem\",\"position\":3,\"name\":\"Kongeedderfuglejagt\"}]},{\"@type\":\"WebSite\",\"@id\":\"https:\/\/arcticexcursions.com\/#website\",\"url\":\"https:\/\/arcticexcursions.com\/\",\"name\":\"Arctic Excursions\",\"description\":\"New adventures. Every day.\",\"publisher\":{\"@id\":\"https:\/\/arcticexcursions.com\/#organization\"},\"potentialAction\":[{\"@type\":\"SearchAction\",\"target\":{\"@type\":\"EntryPoint\",\"urlTemplate\":\"https:\/\/arcticexcursions.com\/?s={search_term_string}\"},\"query-input\":{\"@type\":\"PropertyValueSpecification\",\"valueRequired\":true,\"valueName\":\"search_term_string\"}}],\"inLanguage\":\"da-DK\"},{\"@type\":\"Organization\",\"@id\":\"https:\/\/arcticexcursions.com\/#organization\",\"name\":\"Arctic Excursions\",\"url\":\"https:\/\/arcticexcursions.com\/\",\"logo\":{\"@type\":\"ImageObject\",\"inLanguage\":\"da-DK\",\"@id\":\"https:\/\/arcticexcursions.com\/#\/schema\/logo\/image\/\",\"url\":\"https:\/\/arcticexcursions.com\/wp-content\/uploads\/2022\/11\/fb-logo.png\",\"contentUrl\":\"https:\/\/arcticexcursions.com\/wp-content\/uploads\/2022\/11\/fb-logo.png\",\"width\":523,\"height\":523,\"caption\":\"Arctic Excursions\"},\"image\":{\"@id\":\"https:\/\/arcticexcursions.com\/#\/schema\/logo\/image\/\"}}]}<\/script>\n<!-- \/ Yoast SEO plugin. -->","yoast_head_json":{"title":"Arctic Excursions","robots":{"index":"index","follow":"follow","max-snippet":"max-snippet:-1","max-image-preview":"max-image-preview:large","max-video-preview":"max-video-preview:-1"},"canonical":"https:\/\/arcticexcursions.com\/udflugter\/kongeedderfugl-jagt\/","og_locale":"da_DK","og_type":"article","og_title":"Kongeedderfuglejagt - Arctic Excursions","og_description":"Oplev en jagt p\u00e5 kongeedderfuglejagt","og_url":"https:\/\/arcticexcursions.com\/udflugter\/kongeedderfugl-jagt\/","og_site_name":"Arctic Excursions","article_modified_time":"2025-01-31T12:02:06+00:00","og_image":[{"width":1200,"height":800,"url":"https:\/\/arcticexcursions.com\/wp-content\/uploads\/2023\/11\/Kongeedderfugl-2.jpg","type":"image\/jpeg"}],"twitter_card":"summary_large_image","twitter_misc":{"Estimeret l\u00e6setid":"1 minut"},"schema":{"@context":"https:\/\/schema.org","@graph":[{"@type":"WebPage","@id":"https:\/\/arcticexcursions.com\/udflugter\/kongeedderfugl-jagt\/","url":"https:\/\/arcticexcursions.com\/udflugter\/kongeedderfugl-jagt\/","name":"Kongeedderfuglejagt - Arctic Excursions","isPartOf":{"@id":"https:\/\/arcticexcursions.com\/#website"},"primaryImageOfPage":{"@id":"https:\/\/arcticexcursions.com\/udflugter\/kongeedderfugl-jagt\/#primaryimage"},"image":{"@id":"https:\/\/arcticexcursions.com\/udflugter\/kongeedderfugl-jagt\/#primaryimage"},"thumbnailUrl":"https:\/\/arcticexcursions.com\/wp-content\/uploads\/2023\/11\/Kongeedderfugl-2.jpg","datePublished":"2024-01-04T08:16:38+00:00","dateModified":"2025-01-31T12:02:06+00:00","breadcrumb":{"@id":"https:\/\/arcticexcursions.com\/udflugter\/kongeedderfugl-jagt\/#breadcrumb"},"inLanguage":"da-DK","potentialAction":[{"@type":"ReadAction","target":["https:\/\/arcticexcursions.com\/udflugter\/kongeedderfugl-jagt\/"]}]},{"@type":"ImageObject","inLanguage":"da-DK","@id":"https:\/\/arcticexcursions.com\/udflugter\/kongeedderfugl-jagt\/#primaryimage","url":"https:\/\/arcticexcursions.com\/wp-content\/uploads\/2023\/11\/Kongeedderfugl-2.jpg","contentUrl":"https:\/\/arcticexcursions.com\/wp-content\/uploads\/2023\/11\/Kongeedderfugl-2.jpg","width":1200,"height":800},{"@type":"BreadcrumbList","@id":"https:\/\/arcticexcursions.com\/udflugter\/kongeedderfugl-jagt\/#breadcrumb","itemListElement":[{"@type":"ListItem","position":1,"name":"Home","item":"https:\/\/arcticexcursions.com\/da\/"},{"@type":"ListItem","position":2,"name":"Udflugter i Gr\u00f8nland","item":"https:\/\/arcticexcursions.com\/da\/udflugter\/"},{"@type":"ListItem","position":3,"name":"Kongeedderfuglejagt"}]},{"@type":"WebSite","@id":"https:\/\/arcticexcursions.com\/#website","url":"https:\/\/arcticexcursions.com\/","name":"Arctic Excursions","description":"New adventures. Every day.","publisher":{"@id":"https:\/\/arcticexcursions.com\/#organization"},"potentialAction":[{"@type":"SearchAction","target":{"@type":"EntryPoint","urlTemplate":"https:\/\/arcticexcursions.com\/?s={search_term_string}"},"query-input":{"@type":"PropertyValueSpecification","valueRequired":true,"valueName":"search_term_string"}}],"inLanguage":"da-DK"},{"@type":"Organization","@id":"https:\/\/arcticexcursions.com\/#organization","name":"Arctic Excursions","url":"https:\/\/arcticexcursions.com\/","logo":{"@type":"ImageObject","inLanguage":"da-DK","@id":"https:\/\/arcticexcursions.com\/#\/schema\/logo\/image\/","url":"https:\/\/arcticexcursions.com\/wp-content\/uploads\/2022\/11\/fb-logo.png","contentUrl":"https:\/\/arcticexcursions.com\/wp-content\/uploads\/2022\/11\/fb-logo.png","width":523,"height":523,"caption":"Arctic Excursions"},"image":{"@id":"https:\/\/arcticexcursions.com\/#\/schema\/logo\/image\/"}}]}},"_links":{"self":[{"href":"https:\/\/arcticexcursions.com\/da\/wp-json\/wp\/v2\/product\/24548"}],"collection":[{"href":"https:\/\/arcticexcursions.com\/da\/wp-json\/wp\/v2\/product"}],"about":[{"href":"https:\/\/arcticexcursions.com\/da\/wp-json\/wp\/v2\/types\/product"}],"replies":[{"embeddable":true,"href":"https:\/\/arcticexcursions.com\/da\/wp-json\/wp\/v2\/comments?post=24548"}],"wp:featuredmedia":[{"embeddable":true,"href":"https:\/\/arcticexcursions.com\/da\/wp-json\/wp\/v2\/media\/24540"}],"wp:attachment":[{"href":"https:\/\/arcticexcursions.com\/da\/wp-json\/wp\/v2\/media?parent=24548"}],"wp:term":[{"taxonomy":"product_brand","embeddable":true,"href":"https:\/\/arcticexcursions.com\/da\/wp-json\/wp\/v2\/product_brand?post=24548"},{"taxonomy":"product_cat","embeddable":true,"href":"https:\/\/arcticexcursions.com\/da\/wp-json\/wp\/v2\/product_cat?post=24548"},{"taxonomy":"product_tag","embeddable":true,"href":"https:\/\/arcticexcursions.com\/da\/wp-json\/wp\/v2\/product_tag?post=24548"}],"curies":[{"name":"wp","href":"https:\/\/api.w.org\/{rel}","templated":true}]}}