{"id":25553,"date":"2023-12-02T21:26:07","date_gmt":"2023-12-02T19:26:07","guid":{"rendered":"https:\/\/arcticexcursions.com\/?post_type=product&#038;p=25553"},"modified":"2025-11-16T20:58:50","modified_gmt":"2025-11-16T18:58:50","slug":"whale-watching-4","status":"publish","type":"product","link":"https:\/\/arcticexcursions.com\/da\/udflugter\/whale-watching-4\/","title":{"rendered":"Hvalsafari"},"content":{"rendered":"<p>Tag p\u00e5 hvalsafari med Tarajoq Tours og oplev havets karismatiske k\u00e6mper fra en \u00e5ben b\u00e5d med 360 graders panoramaudsigt.<\/p>\n<p>I sommers\u00e6sonen er de mest talrige arter pukkelhvalen, v\u00e5gehvalen (sildepisker) og finhvalen. Pukkelhvalen er ubetinget den st\u00f8rste akrobat p\u00e5 trods af dens v\u00e6gt p\u00e5 op mod 30 tons. N\u00e5r den kommer op til overfladen, kan den let slynge hele sin krop op af vandet og den viser n\u00e6sten altid sin imponerede halefinne inden den dykker. Pukkelhvalen er nem at genkende med dens karakteristiske pukkel og sine lange hvide sidefinner. <\/p>\n<p>Vores skipper er altid opdateret p\u00e5 hvalernes opholdssteder rundt omkring i Diskobugten, s\u00e5 det tager sj\u00e6ldent lang tid f\u00f8r vi spotter de f\u00f8rste hvaler!<br \/>\nVi har en daglig afgang kl. 15:00.<\/p>\n<p>N\u00e5r du v\u00e6lger Tarajoq Tours er du garanteret en personlig og unik oplevelse fra vores b\u00e5d med kun 9 passagerer. Hvalsafari fra en mindre b\u00e5d tillader os at komme t\u00e6t p\u00e5 havets dyr uden un\u00f8dvendig forstyrrelse af deres naturlige milj\u00f8 \u2013 og p\u00e5 den m\u00e5de er du med til at st\u00f8tte b\u00e6redygtig og ansvarlig turisme. <\/p>\n<p>M\u00f8dested er ved Turistpontonen ved Tankeeraq (tankstationen ved havnen) 10 minutter f\u00f8r afgang.<br \/>\nHusk varmt t\u00f8j, handsker og hue. Varme drikke er inkluderet p\u00e5 denne tur.<\/p>\n<p><b>Varighed:<\/b> 2 timer<\/p>\n<p><b>Deltagere:<\/b> Bem\u00e6rk venligst, at udflugten kun gennemf\u00f8res, hvis der er mindst 2 bookede billetter i alt. Hvis du for eksempel booker 1 billetter, skal der s\u00e6lges mindst 1 yderligere billetter til andre kunder, f\u00f8r turen kan finde sted. Der vil deltage maksimalt 8 personer. <\/p>\n<p><b>Sprog:<\/b> Guiden\/kaptajnen taler dansk, engelsk og gr\u00f8nlandsk <\/p>\n<p><b>B\u00e5dtype:<\/b> \u00c5ben b\u00e5d <\/p>\n<p><b>Toiletforhold:<\/b> Der er ikke toilet p\u00e5 b\u00e5den <\/p>\n<p><b>Forplejning:<\/b> Kaffe og te serveres p\u00e5 b\u00e5den <\/p>\n<p><b>Anbefalet p\u00e5kl\u00e6dning:<\/b> Varmt t\u00f8j inkl. hue og handsker hele \u00e5ret. Solbriller. Solcreme om sommeren.<\/p>\n","protected":false},"excerpt":{"rendered":"<p>Tag p\u00e5 hvalsafari med Tarajoq Tours og oplev havets karismatiske k\u00e6mper<\/p>\n","protected":false},"featured_media":25549,"comment_status":"open","ping_status":"closed","template":"","meta":{"_acf_changed":false},"product_brand":[],"product_cat":[101,170],"product_tag":[],"class_list":{"0":"post-25553","1":"product","2":"type-product","3":"status-publish","4":"has-post-thumbnail","6":"product_cat-tour","7":"product_cat-udflugt","8":"pa_dato-537","9":"pa_dato-1026","10":"pa_dato-1027","11":"pa_dato-1028","12":"pa_dato-1029","13":"pa_dato-1030","14":"pa_dato-1031","15":"pa_dato-1032","16":"pa_dato-988","17":"pa_dato-990","18":"pa_dato-967","19":"pa_dato-1033","20":"pa_dato-993","21":"pa_dato-994","22":"pa_dato-995","23":"pa_dato-1034","24":"pa_dato-996","25":"pa_dato-997","26":"pa_dato-998","27":"pa_dato-999","28":"pa_dato-1000","29":"pa_dato-1001","30":"pa_dato-1002","31":"pa_dato-1003","32":"pa_dato-1004","33":"pa_dato-1005","34":"pa_dato-1006","35":"pa_dato-1007","36":"pa_dato-1036","37":"pa_dato-1037","38":"pa_dato-1038","39":"pa_dato-1015","40":"pa_dato-1016","41":"pa_dato-965","42":"pa_dato-1041","43":"pa_dato-1017","44":"pa_dato-1018","45":"pa_dato-1019","46":"pa_dato-1020","47":"pa_dato-1021","48":"pa_dato-1022","49":"pa_dato-1043","50":"pa_dato-1044","51":"pa_dato-1045","52":"pa_dato-899","53":"pa_dato-1046","54":"pa_dato-1047","55":"pa_dato-1048","56":"pa_dato-1050","57":"pa_dato-1051","58":"pa_dato-1052","59":"pa_dato-5951","60":"pa_dato-5879","61":"pa_dato-5933","62":"pa_dato-5949","63":"pa_dato-5966","64":"pa_dato-5983","65":"pa_dato-6000","66":"pa_dato-6021","67":"pa_dato-6051","68":"pa_dato-6046","69":"pa_dato-6030","70":"pa_dato-6087","71":"pa_dato-5954","72":"pa_dato-5880","73":"pa_dato-6022","74":"pa_dato-6058","75":"pa_dato-6059","76":"pa_dato-5937","77":"pa_dato-5964","78":"pa_dato-6006","79":"pa_dato-6062","80":"pa_dato-6025","81":"pa_dato-5888","82":"pa_dato-5958","83":"pa_dato-5938","84":"pa_dato-5963","85":"pa_dato-6156","86":"pa_dato-6277","87":"pa_tidspunkt-314","88":"pa_tidspunkt-61","89":"tour_location-ilulissat-da","90":"tour_type-hvalsafari","91":"tour_state-allowed_prebooking","92":"tour_state-show_always","93":"tour_tickettype-arctic_excursions","94":"tour_operator-tarajoq-tours","96":"first","97":"outofstock","98":"shipping-taxable","99":"product-type-variable"},"acf":[],"yoast_head":"<!-- This site is optimized with the Yoast SEO plugin v23.6 - https:\/\/yoast.com\/wordpress\/plugins\/seo\/ -->\n<title>Arctic Excursions<\/title>\n<meta name=\"robots\" content=\"index, follow, max-snippet:-1, max-image-preview:large, max-video-preview:-1\" \/>\n<link rel=\"canonical\" href=\"https:\/\/arcticexcursions.com\/udflugter\/whale-watching-4\/\" \/>\n<meta property=\"og:locale\" content=\"da_DK\" \/>\n<meta property=\"og:type\" content=\"article\" \/>\n<meta property=\"og:title\" content=\"Hvalsafari - Arctic Excursions\" \/>\n<meta property=\"og:description\" content=\"Tag p\u00e5 hvalsafari med Tarajoq Tours og oplev havets karismatiske k\u00e6mper\" \/>\n<meta property=\"og:url\" content=\"https:\/\/arcticexcursions.com\/udflugter\/whale-watching-4\/\" \/>\n<meta property=\"og:site_name\" content=\"Arctic Excursions\" \/>\n<meta property=\"article:modified_time\" content=\"2025-11-16T18:58:50+00:00\" \/>\n<meta property=\"og:image\" content=\"https:\/\/arcticexcursions.com\/wp-content\/uploads\/2023\/12\/937A1443-scaled.jpg\" \/>\n\t<meta property=\"og:image:width\" content=\"2560\" \/>\n\t<meta property=\"og:image:height\" content=\"1728\" \/>\n\t<meta property=\"og:image:type\" content=\"image\/jpeg\" \/>\n<meta name=\"twitter:card\" content=\"summary_large_image\" \/>\n<meta name=\"twitter:label1\" content=\"Estimeret l\u00e6setid\" \/>\n\t<meta name=\"twitter:data1\" content=\"2 minutter\" \/>\n<script type=\"application\/ld+json\" class=\"yoast-schema-graph\">{\"@context\":\"https:\/\/schema.org\",\"@graph\":[{\"@type\":\"WebPage\",\"@id\":\"https:\/\/arcticexcursions.com\/udflugter\/whale-watching-4\/\",\"url\":\"https:\/\/arcticexcursions.com\/udflugter\/whale-watching-4\/\",\"name\":\"Hvalsafari - Arctic Excursions\",\"isPartOf\":{\"@id\":\"https:\/\/arcticexcursions.com\/#website\"},\"primaryImageOfPage\":{\"@id\":\"https:\/\/arcticexcursions.com\/udflugter\/whale-watching-4\/#primaryimage\"},\"image\":{\"@id\":\"https:\/\/arcticexcursions.com\/udflugter\/whale-watching-4\/#primaryimage\"},\"thumbnailUrl\":\"https:\/\/arcticexcursions.com\/wp-content\/uploads\/2023\/12\/937A1443-scaled.jpg\",\"datePublished\":\"2023-12-02T19:26:07+00:00\",\"dateModified\":\"2025-11-16T18:58:50+00:00\",\"breadcrumb\":{\"@id\":\"https:\/\/arcticexcursions.com\/udflugter\/whale-watching-4\/#breadcrumb\"},\"inLanguage\":\"da-DK\",\"potentialAction\":[{\"@type\":\"ReadAction\",\"target\":[\"https:\/\/arcticexcursions.com\/udflugter\/whale-watching-4\/\"]}]},{\"@type\":\"ImageObject\",\"inLanguage\":\"da-DK\",\"@id\":\"https:\/\/arcticexcursions.com\/udflugter\/whale-watching-4\/#primaryimage\",\"url\":\"https:\/\/arcticexcursions.com\/wp-content\/uploads\/2023\/12\/937A1443-scaled.jpg\",\"contentUrl\":\"https:\/\/arcticexcursions.com\/wp-content\/uploads\/2023\/12\/937A1443-scaled.jpg\",\"width\":2560,\"height\":1728},{\"@type\":\"BreadcrumbList\",\"@id\":\"https:\/\/arcticexcursions.com\/udflugter\/whale-watching-4\/#breadcrumb\",\"itemListElement\":[{\"@type\":\"ListItem\",\"position\":1,\"name\":\"Home\",\"item\":\"https:\/\/arcticexcursions.com\/da\/\"},{\"@type\":\"ListItem\",\"position\":2,\"name\":\"Udflugter i Gr\u00f8nland\",\"item\":\"https:\/\/arcticexcursions.com\/da\/udflugter\/\"},{\"@type\":\"ListItem\",\"position\":3,\"name\":\"Hvalsafari\"}]},{\"@type\":\"WebSite\",\"@id\":\"https:\/\/arcticexcursions.com\/#website\",\"url\":\"https:\/\/arcticexcursions.com\/\",\"name\":\"Arctic Excursions\",\"description\":\"New adventures. Every day.\",\"publisher\":{\"@id\":\"https:\/\/arcticexcursions.com\/#organization\"},\"potentialAction\":[{\"@type\":\"SearchAction\",\"target\":{\"@type\":\"EntryPoint\",\"urlTemplate\":\"https:\/\/arcticexcursions.com\/?s={search_term_string}\"},\"query-input\":{\"@type\":\"PropertyValueSpecification\",\"valueRequired\":true,\"valueName\":\"search_term_string\"}}],\"inLanguage\":\"da-DK\"},{\"@type\":\"Organization\",\"@id\":\"https:\/\/arcticexcursions.com\/#organization\",\"name\":\"Arctic Excursions\",\"url\":\"https:\/\/arcticexcursions.com\/\",\"logo\":{\"@type\":\"ImageObject\",\"inLanguage\":\"da-DK\",\"@id\":\"https:\/\/arcticexcursions.com\/#\/schema\/logo\/image\/\",\"url\":\"https:\/\/arcticexcursions.com\/wp-content\/uploads\/2022\/11\/fb-logo.png\",\"contentUrl\":\"https:\/\/arcticexcursions.com\/wp-content\/uploads\/2022\/11\/fb-logo.png\",\"width\":523,\"height\":523,\"caption\":\"Arctic Excursions\"},\"image\":{\"@id\":\"https:\/\/arcticexcursions.com\/#\/schema\/logo\/image\/\"}}]}<\/script>\n<!-- \/ Yoast SEO plugin. -->","yoast_head_json":{"title":"Arctic Excursions","robots":{"index":"index","follow":"follow","max-snippet":"max-snippet:-1","max-image-preview":"max-image-preview:large","max-video-preview":"max-video-preview:-1"},"canonical":"https:\/\/arcticexcursions.com\/udflugter\/whale-watching-4\/","og_locale":"da_DK","og_type":"article","og_title":"Hvalsafari - Arctic Excursions","og_description":"Tag p\u00e5 hvalsafari med Tarajoq Tours og oplev havets karismatiske k\u00e6mper","og_url":"https:\/\/arcticexcursions.com\/udflugter\/whale-watching-4\/","og_site_name":"Arctic Excursions","article_modified_time":"2025-11-16T18:58:50+00:00","og_image":[{"width":2560,"height":1728,"url":"https:\/\/arcticexcursions.com\/wp-content\/uploads\/2023\/12\/937A1443-scaled.jpg","type":"image\/jpeg"}],"twitter_card":"summary_large_image","twitter_misc":{"Estimeret l\u00e6setid":"2 minutter"},"schema":{"@context":"https:\/\/schema.org","@graph":[{"@type":"WebPage","@id":"https:\/\/arcticexcursions.com\/udflugter\/whale-watching-4\/","url":"https:\/\/arcticexcursions.com\/udflugter\/whale-watching-4\/","name":"Hvalsafari - Arctic Excursions","isPartOf":{"@id":"https:\/\/arcticexcursions.com\/#website"},"primaryImageOfPage":{"@id":"https:\/\/arcticexcursions.com\/udflugter\/whale-watching-4\/#primaryimage"},"image":{"@id":"https:\/\/arcticexcursions.com\/udflugter\/whale-watching-4\/#primaryimage"},"thumbnailUrl":"https:\/\/arcticexcursions.com\/wp-content\/uploads\/2023\/12\/937A1443-scaled.jpg","datePublished":"2023-12-02T19:26:07+00:00","dateModified":"2025-11-16T18:58:50+00:00","breadcrumb":{"@id":"https:\/\/arcticexcursions.com\/udflugter\/whale-watching-4\/#breadcrumb"},"inLanguage":"da-DK","potentialAction":[{"@type":"ReadAction","target":["https:\/\/arcticexcursions.com\/udflugter\/whale-watching-4\/"]}]},{"@type":"ImageObject","inLanguage":"da-DK","@id":"https:\/\/arcticexcursions.com\/udflugter\/whale-watching-4\/#primaryimage","url":"https:\/\/arcticexcursions.com\/wp-content\/uploads\/2023\/12\/937A1443-scaled.jpg","contentUrl":"https:\/\/arcticexcursions.com\/wp-content\/uploads\/2023\/12\/937A1443-scaled.jpg","width":2560,"height":1728},{"@type":"BreadcrumbList","@id":"https:\/\/arcticexcursions.com\/udflugter\/whale-watching-4\/#breadcrumb","itemListElement":[{"@type":"ListItem","position":1,"name":"Home","item":"https:\/\/arcticexcursions.com\/da\/"},{"@type":"ListItem","position":2,"name":"Udflugter i Gr\u00f8nland","item":"https:\/\/arcticexcursions.com\/da\/udflugter\/"},{"@type":"ListItem","position":3,"name":"Hvalsafari"}]},{"@type":"WebSite","@id":"https:\/\/arcticexcursions.com\/#website","url":"https:\/\/arcticexcursions.com\/","name":"Arctic Excursions","description":"New adventures. Every day.","publisher":{"@id":"https:\/\/arcticexcursions.com\/#organization"},"potentialAction":[{"@type":"SearchAction","target":{"@type":"EntryPoint","urlTemplate":"https:\/\/arcticexcursions.com\/?s={search_term_string}"},"query-input":{"@type":"PropertyValueSpecification","valueRequired":true,"valueName":"search_term_string"}}],"inLanguage":"da-DK"},{"@type":"Organization","@id":"https:\/\/arcticexcursions.com\/#organization","name":"Arctic Excursions","url":"https:\/\/arcticexcursions.com\/","logo":{"@type":"ImageObject","inLanguage":"da-DK","@id":"https:\/\/arcticexcursions.com\/#\/schema\/logo\/image\/","url":"https:\/\/arcticexcursions.com\/wp-content\/uploads\/2022\/11\/fb-logo.png","contentUrl":"https:\/\/arcticexcursions.com\/wp-content\/uploads\/2022\/11\/fb-logo.png","width":523,"height":523,"caption":"Arctic Excursions"},"image":{"@id":"https:\/\/arcticexcursions.com\/#\/schema\/logo\/image\/"}}]}},"_links":{"self":[{"href":"https:\/\/arcticexcursions.com\/da\/wp-json\/wp\/v2\/product\/25553"}],"collection":[{"href":"https:\/\/arcticexcursions.com\/da\/wp-json\/wp\/v2\/product"}],"about":[{"href":"https:\/\/arcticexcursions.com\/da\/wp-json\/wp\/v2\/types\/product"}],"replies":[{"embeddable":true,"href":"https:\/\/arcticexcursions.com\/da\/wp-json\/wp\/v2\/comments?post=25553"}],"wp:featuredmedia":[{"embeddable":true,"href":"https:\/\/arcticexcursions.com\/da\/wp-json\/wp\/v2\/media\/25549"}],"wp:attachment":[{"href":"https:\/\/arcticexcursions.com\/da\/wp-json\/wp\/v2\/media?parent=25553"}],"wp:term":[{"taxonomy":"product_brand","embeddable":true,"href":"https:\/\/arcticexcursions.com\/da\/wp-json\/wp\/v2\/product_brand?post=25553"},{"taxonomy":"product_cat","embeddable":true,"href":"https:\/\/arcticexcursions.com\/da\/wp-json\/wp\/v2\/product_cat?post=25553"},{"taxonomy":"product_tag","embeddable":true,"href":"https:\/\/arcticexcursions.com\/da\/wp-json\/wp\/v2\/product_tag?post=25553"}],"curies":[{"name":"wp","href":"https:\/\/api.w.org\/{rel}","templated":true}]}}