{"id":25561,"date":"2023-12-03T20:21:29","date_gmt":"2023-12-03T18:21:29","guid":{"rendered":"https:\/\/arcticexcursions.com\/?post_type=product&#038;p=25561"},"modified":"2026-04-13T15:42:11","modified_gmt":"2026-04-13T13:42:11","slug":"paakitsoq-icecap-adventure","status":"publish","type":"product","link":"https:\/\/arcticexcursions.com\/da\/udflugter\/paakitsoq-icecap-adventure\/","title":{"rendered":"Paakitsoq Icecap Adventure"},"content":{"rendered":"<p>Hvis I leder efter et storsl\u00e5et heldagseventyr med indlandsisen som destination, s\u00e5 er det her turen for jer! <\/p>\n<p>P\u00e5 denne kombinerede b\u00e5d- og vandretur sejler vi nordp\u00e5 fra Ilulissat kl. 9 mod den imponerende Paakitsoq Fjord. P\u00e5 vejen passerer vi den charmerende bygd Oqaatsut f\u00f8r vi n\u00e5r fjordens munding. Her ser vi ofte pukkelhvaler travlt besk\u00e6ftiget med at m\u00e6ske sig i lodder (p\u00e5 gr\u00f8nlandsk kaldet ammassat).<\/p>\n<p>Ved f\u00f8rste \u00f8jekast ser det ud til, at fjorden ender blindt. Men bag en stor halv\u00f8 gemmer sig et smalt str\u00f8msted som er indgangen til en endnu st\u00f8rre, n\u00e6sten surrealistisk fjord der med p\u00e5 grund af smeltevis fra indlandsisen har et betagende turkisgr\u00f8nt vand. Efter omkring 1,5-2 timer fra vi forlod Ilulissat n\u00e5r vi bunden af fjorden, hvor vi er helt alene dybt inde i fjordsystemet. Denne sejltur er i sig selv en storsl\u00e5et oplevelse.<\/p>\n<p>Efter vi har fort\u00f8jet b\u00e5den, p\u00e5begynder vi en 4 kilometer trekking-tur der ender ved et udsigtspunkt 600 meter over havet. Herfra har vi en usammenlignelig bjergtagende 180 graders udsigt udover indlandsisen og en enorm gletsjertunge. Vi finder et passende sted og spiser frokost, som er inkluderet i denne tur. Der vil ogs\u00e5 v\u00e6re rigeligt med tid til at tage billeder. <\/p>\n<p>Herefter vandrer vi tilbage mod b\u00e5den mens vi nyder der flotte syn af fjorden. Vi sejler hjem og kigger selvf\u00f8lgelig efter hvaler p\u00e5 vejen. Vi ankommer til Ilulissat igen ved 17-tiden. <\/p>\n<p>Dette er en kr\u00e6vende tur og du skal kunne vandre i kuperet terr\u00e6n i 4 timer. Husk vandresko eller st\u00f8vler. Husk varmt t\u00f8j, handsker og hue. M\u00f8dested er ved Turistpontonen ved Tankeeraq (tankstationen ved havnen) 10 minutter f\u00f8r afgang. <\/p>\n<p><b>Varighed:<\/b> 8 timer <\/p>\n<p><b>Deltagere:<\/b> Bem\u00e6rk venligst, at udflugten kun gennemf\u00f8res, hvis der er mindst 3 bookede billetter i alt. Hvis du for eksempel booker 1 billetter, skal der s\u00e6lges mindst 2 yderligere billetter til andre kunder, f\u00f8r turen kan finde sted. Der vil deltage maksimalt 8 personer. <\/p>\n<p><b>Sprog:<\/b> Guiden\/kaptajnen taler dansk, engelsk og gr\u00f8nlandsk <\/p>\n<p><b>B\u00e5dtype:<\/b> \u00c5ben b\u00e5d <\/p>\n<p><b>Toiletforhold:<\/b> Der er ikke toilet p\u00e5 b\u00e5den <\/p>\n<p><b>Forplejning:<\/b> Kaffe og te serveres p\u00e5 b\u00e5den <\/p>\n<p><b>Anbefalet p\u00e5kl\u00e6dning:<\/b> Praktiske sko og varmt t\u00f8j hvis temperaturen er lav. Solbriller og solcreme om sommeren.<\/p>\n","protected":false},"excerpt":{"rendered":"<p>Heldagseventyr til indlandsisen!<\/p>\n","protected":false},"featured_media":25558,"comment_status":"open","ping_status":"closed","template":"","meta":{"_acf_changed":false},"product_brand":[],"product_cat":[101,170],"product_tag":[],"class_list":{"0":"post-25561","1":"product","2":"type-product","3":"status-publish","4":"has-post-thumbnail","6":"product_cat-tour","7":"product_cat-udflugt","8":"pa_dato-1026","9":"pa_dato-1031","10":"pa_dato-1032","11":"pa_dato-988","12":"pa_dato-990","13":"pa_dato-989","14":"pa_dato-991","15":"pa_dato-967","16":"pa_dato-994","17":"pa_dato-995","18":"pa_dato-1034","19":"pa_dato-996","20":"pa_dato-1035","21":"pa_dato-997","22":"pa_dato-998","23":"pa_dato-999","24":"pa_dato-1000","25":"pa_dato-1001","26":"pa_dato-1002","27":"pa_dato-1003","28":"pa_dato-1004","29":"pa_dato-1005","30":"pa_dato-1006","31":"pa_dato-1007","32":"pa_dato-1036","33":"pa_dato-1037","34":"pa_dato-1038","35":"pa_dato-1015","36":"pa_dato-1016","37":"pa_dato-965","38":"pa_dato-1041","39":"pa_dato-1017","40":"pa_dato-1018","41":"pa_dato-1019","42":"pa_dato-1020","43":"pa_dato-1021","44":"pa_dato-1022","45":"pa_dato-1042","46":"pa_dato-1043","47":"pa_dato-1044","48":"pa_dato-1045","49":"pa_dato-899","50":"pa_dato-1046","51":"pa_dato-1047","52":"pa_dato-1048","53":"pa_dato-1049","54":"pa_dato-1050","55":"pa_dato-1051","56":"pa_dato-5895","57":"pa_dato-1193","58":"pa_dato-6056","59":"pa_dato-5892","60":"pa_dato-5951","61":"pa_dato-5879","62":"pa_dato-5933","63":"pa_dato-5966","64":"pa_dato-5983","65":"pa_dato-5974","66":"pa_dato-6000","67":"pa_dato-5953","68":"pa_dato-5965","69":"pa_dato-5975","70":"pa_dato-5976","71":"pa_dato-6021","72":"pa_dato-6051","73":"pa_dato-6046","74":"pa_dato-5880","75":"pa_dato-6058","76":"pa_dato-6059","77":"pa_dato-5937","78":"pa_dato-5964","79":"pa_dato-6024","80":"pa_dato-6006","81":"pa_dato-5930","82":"pa_dato-6025","83":"pa_dato-5928","84":"pa_dato-5888","85":"pa_dato-5958","86":"pa_dato-5938","87":"pa_dato-5963","88":"pa_dato-6407","89":"pa_dato-6416","90":"pa_dato-6248","91":"pa_dato-6477","92":"pa_dato-6429","93":"pa_dato-6366","94":"pa_dato-6394","95":"pa_dato-6410","96":"pa_dato-6364","97":"pa_dato-6365","98":"pa_dato-6156","99":"pa_dato-6277","100":"pa_dato-6240","101":"pa_dato-6453","102":"pa_tidspunkt-187","103":"pa_tidspunkt-72","104":"tour_location-ilulissat-da","105":"tour_type-baadture","106":"tour_state-allowed_prebooking","107":"tour_state-show_always","108":"tour_tickettype-arctic_excursions","109":"tour_operator-tarajoq-tours","111":"first","112":"instock","113":"shipping-taxable","114":"purchasable","115":"product-type-variable"},"acf":[],"yoast_head":"<!-- This site is optimized with the Yoast SEO plugin v23.6 - https:\/\/yoast.com\/wordpress\/plugins\/seo\/ -->\n<title>Arctic Excursions<\/title>\n<meta name=\"robots\" content=\"index, follow, max-snippet:-1, max-image-preview:large, max-video-preview:-1\" \/>\n<link rel=\"canonical\" href=\"https:\/\/arcticexcursions.com\/udflugter\/paakitsoq-icecap-adventure\/\" \/>\n<meta property=\"og:locale\" content=\"da_DK\" \/>\n<meta property=\"og:type\" content=\"article\" \/>\n<meta property=\"og:title\" content=\"Paakitsoq Icecap Adventure - Arctic Excursions\" \/>\n<meta property=\"og:description\" content=\"Heldagseventyr til indlandsisen!\" \/>\n<meta property=\"og:url\" content=\"https:\/\/arcticexcursions.com\/udflugter\/paakitsoq-icecap-adventure\/\" \/>\n<meta property=\"og:site_name\" content=\"Arctic Excursions\" \/>\n<meta property=\"article:modified_time\" content=\"2026-04-13T13:42:11+00:00\" \/>\n<meta property=\"og:image\" content=\"https:\/\/arcticexcursions.com\/wp-content\/uploads\/2023\/12\/IMG_5214-scaled.jpg\" \/>\n\t<meta property=\"og:image:width\" content=\"2560\" \/>\n\t<meta property=\"og:image:height\" content=\"1707\" \/>\n\t<meta property=\"og:image:type\" content=\"image\/jpeg\" \/>\n<meta name=\"twitter:card\" content=\"summary_large_image\" \/>\n<meta name=\"twitter:label1\" content=\"Estimeret l\u00e6setid\" \/>\n\t<meta name=\"twitter:data1\" content=\"2 minutter\" \/>\n<script type=\"application\/ld+json\" class=\"yoast-schema-graph\">{\"@context\":\"https:\/\/schema.org\",\"@graph\":[{\"@type\":\"WebPage\",\"@id\":\"https:\/\/arcticexcursions.com\/udflugter\/paakitsoq-icecap-adventure\/\",\"url\":\"https:\/\/arcticexcursions.com\/udflugter\/paakitsoq-icecap-adventure\/\",\"name\":\"Paakitsoq Icecap Adventure - Arctic Excursions\",\"isPartOf\":{\"@id\":\"https:\/\/arcticexcursions.com\/#website\"},\"primaryImageOfPage\":{\"@id\":\"https:\/\/arcticexcursions.com\/udflugter\/paakitsoq-icecap-adventure\/#primaryimage\"},\"image\":{\"@id\":\"https:\/\/arcticexcursions.com\/udflugter\/paakitsoq-icecap-adventure\/#primaryimage\"},\"thumbnailUrl\":\"https:\/\/arcticexcursions.com\/wp-content\/uploads\/2023\/12\/IMG_5214-scaled.jpg\",\"datePublished\":\"2023-12-03T18:21:29+00:00\",\"dateModified\":\"2026-04-13T13:42:11+00:00\",\"breadcrumb\":{\"@id\":\"https:\/\/arcticexcursions.com\/udflugter\/paakitsoq-icecap-adventure\/#breadcrumb\"},\"inLanguage\":\"da-DK\",\"potentialAction\":[{\"@type\":\"ReadAction\",\"target\":[\"https:\/\/arcticexcursions.com\/udflugter\/paakitsoq-icecap-adventure\/\"]}]},{\"@type\":\"ImageObject\",\"inLanguage\":\"da-DK\",\"@id\":\"https:\/\/arcticexcursions.com\/udflugter\/paakitsoq-icecap-adventure\/#primaryimage\",\"url\":\"https:\/\/arcticexcursions.com\/wp-content\/uploads\/2023\/12\/IMG_5214-scaled.jpg\",\"contentUrl\":\"https:\/\/arcticexcursions.com\/wp-content\/uploads\/2023\/12\/IMG_5214-scaled.jpg\",\"width\":2560,\"height\":1707},{\"@type\":\"BreadcrumbList\",\"@id\":\"https:\/\/arcticexcursions.com\/udflugter\/paakitsoq-icecap-adventure\/#breadcrumb\",\"itemListElement\":[{\"@type\":\"ListItem\",\"position\":1,\"name\":\"Home\",\"item\":\"https:\/\/arcticexcursions.com\/da\/\"},{\"@type\":\"ListItem\",\"position\":2,\"name\":\"Udflugter i Gr\u00f8nland\",\"item\":\"https:\/\/arcticexcursions.com\/da\/udflugter\/\"},{\"@type\":\"ListItem\",\"position\":3,\"name\":\"Paakitsoq Icecap Adventure\"}]},{\"@type\":\"WebSite\",\"@id\":\"https:\/\/arcticexcursions.com\/#website\",\"url\":\"https:\/\/arcticexcursions.com\/\",\"name\":\"Arctic Excursions\",\"description\":\"New adventures. Every day.\",\"publisher\":{\"@id\":\"https:\/\/arcticexcursions.com\/#organization\"},\"potentialAction\":[{\"@type\":\"SearchAction\",\"target\":{\"@type\":\"EntryPoint\",\"urlTemplate\":\"https:\/\/arcticexcursions.com\/?s={search_term_string}\"},\"query-input\":{\"@type\":\"PropertyValueSpecification\",\"valueRequired\":true,\"valueName\":\"search_term_string\"}}],\"inLanguage\":\"da-DK\"},{\"@type\":\"Organization\",\"@id\":\"https:\/\/arcticexcursions.com\/#organization\",\"name\":\"Arctic Excursions\",\"url\":\"https:\/\/arcticexcursions.com\/\",\"logo\":{\"@type\":\"ImageObject\",\"inLanguage\":\"da-DK\",\"@id\":\"https:\/\/arcticexcursions.com\/#\/schema\/logo\/image\/\",\"url\":\"https:\/\/arcticexcursions.com\/wp-content\/uploads\/2022\/11\/fb-logo.png\",\"contentUrl\":\"https:\/\/arcticexcursions.com\/wp-content\/uploads\/2022\/11\/fb-logo.png\",\"width\":523,\"height\":523,\"caption\":\"Arctic Excursions\"},\"image\":{\"@id\":\"https:\/\/arcticexcursions.com\/#\/schema\/logo\/image\/\"}}]}<\/script>\n<!-- \/ Yoast SEO plugin. -->","yoast_head_json":{"title":"Arctic Excursions","robots":{"index":"index","follow":"follow","max-snippet":"max-snippet:-1","max-image-preview":"max-image-preview:large","max-video-preview":"max-video-preview:-1"},"canonical":"https:\/\/arcticexcursions.com\/udflugter\/paakitsoq-icecap-adventure\/","og_locale":"da_DK","og_type":"article","og_title":"Paakitsoq Icecap Adventure - Arctic Excursions","og_description":"Heldagseventyr til indlandsisen!","og_url":"https:\/\/arcticexcursions.com\/udflugter\/paakitsoq-icecap-adventure\/","og_site_name":"Arctic Excursions","article_modified_time":"2026-04-13T13:42:11+00:00","og_image":[{"width":2560,"height":1707,"url":"https:\/\/arcticexcursions.com\/wp-content\/uploads\/2023\/12\/IMG_5214-scaled.jpg","type":"image\/jpeg"}],"twitter_card":"summary_large_image","twitter_misc":{"Estimeret l\u00e6setid":"2 minutter"},"schema":{"@context":"https:\/\/schema.org","@graph":[{"@type":"WebPage","@id":"https:\/\/arcticexcursions.com\/udflugter\/paakitsoq-icecap-adventure\/","url":"https:\/\/arcticexcursions.com\/udflugter\/paakitsoq-icecap-adventure\/","name":"Paakitsoq Icecap Adventure - Arctic Excursions","isPartOf":{"@id":"https:\/\/arcticexcursions.com\/#website"},"primaryImageOfPage":{"@id":"https:\/\/arcticexcursions.com\/udflugter\/paakitsoq-icecap-adventure\/#primaryimage"},"image":{"@id":"https:\/\/arcticexcursions.com\/udflugter\/paakitsoq-icecap-adventure\/#primaryimage"},"thumbnailUrl":"https:\/\/arcticexcursions.com\/wp-content\/uploads\/2023\/12\/IMG_5214-scaled.jpg","datePublished":"2023-12-03T18:21:29+00:00","dateModified":"2026-04-13T13:42:11+00:00","breadcrumb":{"@id":"https:\/\/arcticexcursions.com\/udflugter\/paakitsoq-icecap-adventure\/#breadcrumb"},"inLanguage":"da-DK","potentialAction":[{"@type":"ReadAction","target":["https:\/\/arcticexcursions.com\/udflugter\/paakitsoq-icecap-adventure\/"]}]},{"@type":"ImageObject","inLanguage":"da-DK","@id":"https:\/\/arcticexcursions.com\/udflugter\/paakitsoq-icecap-adventure\/#primaryimage","url":"https:\/\/arcticexcursions.com\/wp-content\/uploads\/2023\/12\/IMG_5214-scaled.jpg","contentUrl":"https:\/\/arcticexcursions.com\/wp-content\/uploads\/2023\/12\/IMG_5214-scaled.jpg","width":2560,"height":1707},{"@type":"BreadcrumbList","@id":"https:\/\/arcticexcursions.com\/udflugter\/paakitsoq-icecap-adventure\/#breadcrumb","itemListElement":[{"@type":"ListItem","position":1,"name":"Home","item":"https:\/\/arcticexcursions.com\/da\/"},{"@type":"ListItem","position":2,"name":"Udflugter i Gr\u00f8nland","item":"https:\/\/arcticexcursions.com\/da\/udflugter\/"},{"@type":"ListItem","position":3,"name":"Paakitsoq Icecap Adventure"}]},{"@type":"WebSite","@id":"https:\/\/arcticexcursions.com\/#website","url":"https:\/\/arcticexcursions.com\/","name":"Arctic Excursions","description":"New adventures. Every day.","publisher":{"@id":"https:\/\/arcticexcursions.com\/#organization"},"potentialAction":[{"@type":"SearchAction","target":{"@type":"EntryPoint","urlTemplate":"https:\/\/arcticexcursions.com\/?s={search_term_string}"},"query-input":{"@type":"PropertyValueSpecification","valueRequired":true,"valueName":"search_term_string"}}],"inLanguage":"da-DK"},{"@type":"Organization","@id":"https:\/\/arcticexcursions.com\/#organization","name":"Arctic Excursions","url":"https:\/\/arcticexcursions.com\/","logo":{"@type":"ImageObject","inLanguage":"da-DK","@id":"https:\/\/arcticexcursions.com\/#\/schema\/logo\/image\/","url":"https:\/\/arcticexcursions.com\/wp-content\/uploads\/2022\/11\/fb-logo.png","contentUrl":"https:\/\/arcticexcursions.com\/wp-content\/uploads\/2022\/11\/fb-logo.png","width":523,"height":523,"caption":"Arctic Excursions"},"image":{"@id":"https:\/\/arcticexcursions.com\/#\/schema\/logo\/image\/"}}]}},"_links":{"self":[{"href":"https:\/\/arcticexcursions.com\/da\/wp-json\/wp\/v2\/product\/25561"}],"collection":[{"href":"https:\/\/arcticexcursions.com\/da\/wp-json\/wp\/v2\/product"}],"about":[{"href":"https:\/\/arcticexcursions.com\/da\/wp-json\/wp\/v2\/types\/product"}],"replies":[{"embeddable":true,"href":"https:\/\/arcticexcursions.com\/da\/wp-json\/wp\/v2\/comments?post=25561"}],"wp:featuredmedia":[{"embeddable":true,"href":"https:\/\/arcticexcursions.com\/da\/wp-json\/wp\/v2\/media\/25558"}],"wp:attachment":[{"href":"https:\/\/arcticexcursions.com\/da\/wp-json\/wp\/v2\/media?parent=25561"}],"wp:term":[{"taxonomy":"product_brand","embeddable":true,"href":"https:\/\/arcticexcursions.com\/da\/wp-json\/wp\/v2\/product_brand?post=25561"},{"taxonomy":"product_cat","embeddable":true,"href":"https:\/\/arcticexcursions.com\/da\/wp-json\/wp\/v2\/product_cat?post=25561"},{"taxonomy":"product_tag","embeddable":true,"href":"https:\/\/arcticexcursions.com\/da\/wp-json\/wp\/v2\/product_tag?post=25561"}],"curies":[{"name":"wp","href":"https:\/\/api.w.org\/{rel}","templated":true}]}}