{"id":27462,"date":"2023-12-18T10:45:39","date_gmt":"2023-12-18T08:45:39","guid":{"rendered":"https:\/\/arcticexcursions.com\/?post_type=product&#038;p=27462"},"modified":"2025-07-12T17:03:57","modified_gmt":"2025-07-12T15:03:57","slug":"igaliku-hotel-lodges","status":"publish","type":"product","link":"https:\/\/arcticexcursions.com\/da\/udflugter\/igaliku-hotel-lodges\/","title":{"rendered":"Igaliku Hotel &#038; Lodges"},"content":{"rendered":"<p>Igaliku Hotel &#038; Lodges tilbyder hyggelig og komfortabel indkvartering kombineret med l\u00e6kre m\u00e5ltider lavet af lokale produkter og serveret i vores restaurant.<\/p>\n<p>En af Gr\u00f8nlands mest maleriske landsbyer er Igaliku (Gardar). De pulserende boliger ligger ved siden af \u200b\u200ben fjord, der har en m\u00e6lkebl\u00e5 farve p\u00e5 frodige gr\u00e6sarealer.<\/p>\n<p>Det ber\u00f8mte Illerfissalik (Burfjeld) bjerg rejser sig over et stenet og goldt terr\u00e6n p\u00e5 den anden side af fjorden.<\/p>\n<p>Blandt de mest betydningsfulde bos\u00e6ttelser i den nordiske periode var Igaliku. Det tjente som placering af Gr\u00f8nlands nordiske parlament.<\/p>\n<p>Her blev retssager behandlet, love blev lavet, og efter kristendommen blev indf\u00f8rt, blev Igaliku hjemsted for det bispelige samfund.<\/p>\n<p>Du kan nu udforske de talrige nordiske ruiner ved at slentre rundt p\u00e5 UNESCO-stedet.<\/p>\n<p>Bem\u00e6rk at dette er for en enkelt overnatning i dobbeltv\u00e6relse i en af \u200b\u200bvores hytter. Book \u00e9n billet pr. nat.<\/p>\n<p>Hver hytte har el, varme og eget badev\u00e6relse med bruser, toilet og rindende koldt og varmt vand.<\/p>\n<p>En kedel og gratis te og kaffe er ogs\u00e5 tilg\u00e6ngelige. Der tilbydes morgenmad samt h\u00e5ndkl\u00e6der og senget\u00f8j.<\/p>\n","protected":false},"excerpt":{"rendered":"<p>Igaliku Hotel &#038; Lodges tilbyder hyggelig og komfortabel indkvartering kombineret med l\u00e6kre m\u00e5ltider lavet af lokale produkter og serveret i vores restaurant.<\/p>\n","protected":false},"featured_media":26869,"comment_status":"open","ping_status":"closed","template":"","meta":{"_acf_changed":false},"product_brand":[],"product_cat":[101,170],"product_tag":[],"class_list":{"0":"post-27462","1":"product","2":"type-product","3":"status-publish","4":"has-post-thumbnail","6":"product_cat-tour","7":"product_cat-udflugt","8":"pa_dato-1061","9":"pa_dato-5922","10":"pa_dato-5983","11":"pa_tidspunkt-187","12":"pa_tidspunkt-308","13":"tour_location-igaliku-da","14":"tour_type-ophold","15":"tour_state-allowed_prebooking","16":"tour_tickettype-arctic_excursions","17":"tour_operator-blue-ice-explorer","19":"first","20":"outofstock","21":"shipping-taxable","22":"product-type-variable"},"acf":[],"yoast_head":"<!-- This site is optimized with the Yoast SEO plugin v23.6 - https:\/\/yoast.com\/wordpress\/plugins\/seo\/ -->\n<title>Arctic Excursions<\/title>\n<meta name=\"robots\" content=\"index, follow, max-snippet:-1, max-image-preview:large, max-video-preview:-1\" \/>\n<link rel=\"canonical\" href=\"https:\/\/arcticexcursions.com\/da\/udflugter\/igaliku-hotel-lodges\/\" \/>\n<meta property=\"og:locale\" content=\"da_DK\" \/>\n<meta property=\"og:type\" content=\"article\" \/>\n<meta property=\"og:title\" content=\"Igaliku Hotel &amp; Lodges - Arctic Excursions\" \/>\n<meta property=\"og:description\" content=\"Igaliku Hotel &amp; Lodges tilbyder hyggelig og komfortabel indkvartering kombineret med l\u00e6kre m\u00e5ltider lavet af lokale produkter og serveret i vores restaurant.\" \/>\n<meta property=\"og:url\" content=\"https:\/\/arcticexcursions.com\/da\/udflugter\/igaliku-hotel-lodges\/\" \/>\n<meta property=\"og:site_name\" content=\"Arctic Excursions\" \/>\n<meta property=\"article:modified_time\" content=\"2025-07-12T15:03:57+00:00\" \/>\n<meta property=\"og:image\" content=\"https:\/\/arcticexcursions.com\/wp-content\/uploads\/2023\/12\/cabins-Igaliku4-scaled.jpg\" \/>\n\t<meta property=\"og:image:width\" content=\"2560\" \/>\n\t<meta property=\"og:image:height\" content=\"1920\" \/>\n\t<meta property=\"og:image:type\" content=\"image\/jpeg\" \/>\n<meta name=\"twitter:card\" content=\"summary_large_image\" \/>\n<meta name=\"twitter:label1\" content=\"Estimeret l\u00e6setid\" \/>\n\t<meta name=\"twitter:data1\" content=\"1 minut\" \/>\n<script type=\"application\/ld+json\" class=\"yoast-schema-graph\">{\"@context\":\"https:\/\/schema.org\",\"@graph\":[{\"@type\":\"WebPage\",\"@id\":\"https:\/\/arcticexcursions.com\/da\/udflugter\/igaliku-hotel-lodges\/\",\"url\":\"https:\/\/arcticexcursions.com\/da\/udflugter\/igaliku-hotel-lodges\/\",\"name\":\"Igaliku Hotel & Lodges - Arctic Excursions\",\"isPartOf\":{\"@id\":\"https:\/\/arcticexcursions.com\/#website\"},\"primaryImageOfPage\":{\"@id\":\"https:\/\/arcticexcursions.com\/da\/udflugter\/igaliku-hotel-lodges\/#primaryimage\"},\"image\":{\"@id\":\"https:\/\/arcticexcursions.com\/da\/udflugter\/igaliku-hotel-lodges\/#primaryimage\"},\"thumbnailUrl\":\"https:\/\/arcticexcursions.com\/wp-content\/uploads\/2023\/12\/cabins-Igaliku4-scaled.jpg\",\"datePublished\":\"2023-12-18T08:45:39+00:00\",\"dateModified\":\"2025-07-12T15:03:57+00:00\",\"breadcrumb\":{\"@id\":\"https:\/\/arcticexcursions.com\/da\/udflugter\/igaliku-hotel-lodges\/#breadcrumb\"},\"inLanguage\":\"da-DK\",\"potentialAction\":[{\"@type\":\"ReadAction\",\"target\":[\"https:\/\/arcticexcursions.com\/da\/udflugter\/igaliku-hotel-lodges\/\"]}]},{\"@type\":\"ImageObject\",\"inLanguage\":\"da-DK\",\"@id\":\"https:\/\/arcticexcursions.com\/da\/udflugter\/igaliku-hotel-lodges\/#primaryimage\",\"url\":\"https:\/\/arcticexcursions.com\/wp-content\/uploads\/2023\/12\/cabins-Igaliku4-scaled.jpg\",\"contentUrl\":\"https:\/\/arcticexcursions.com\/wp-content\/uploads\/2023\/12\/cabins-Igaliku4-scaled.jpg\",\"width\":2560,\"height\":1920},{\"@type\":\"BreadcrumbList\",\"@id\":\"https:\/\/arcticexcursions.com\/da\/udflugter\/igaliku-hotel-lodges\/#breadcrumb\",\"itemListElement\":[{\"@type\":\"ListItem\",\"position\":1,\"name\":\"Home\",\"item\":\"https:\/\/arcticexcursions.com\/da\/\"},{\"@type\":\"ListItem\",\"position\":2,\"name\":\"Udflugter i Gr\u00f8nland\",\"item\":\"https:\/\/arcticexcursions.com\/da\/udflugter\/\"},{\"@type\":\"ListItem\",\"position\":3,\"name\":\"Igaliku Hotel &#038; Lodges\"}]},{\"@type\":\"WebSite\",\"@id\":\"https:\/\/arcticexcursions.com\/#website\",\"url\":\"https:\/\/arcticexcursions.com\/\",\"name\":\"Arctic Excursions\",\"description\":\"New adventures. Every day.\",\"publisher\":{\"@id\":\"https:\/\/arcticexcursions.com\/#organization\"},\"potentialAction\":[{\"@type\":\"SearchAction\",\"target\":{\"@type\":\"EntryPoint\",\"urlTemplate\":\"https:\/\/arcticexcursions.com\/?s={search_term_string}\"},\"query-input\":{\"@type\":\"PropertyValueSpecification\",\"valueRequired\":true,\"valueName\":\"search_term_string\"}}],\"inLanguage\":\"da-DK\"},{\"@type\":\"Organization\",\"@id\":\"https:\/\/arcticexcursions.com\/#organization\",\"name\":\"Arctic Excursions\",\"url\":\"https:\/\/arcticexcursions.com\/\",\"logo\":{\"@type\":\"ImageObject\",\"inLanguage\":\"da-DK\",\"@id\":\"https:\/\/arcticexcursions.com\/#\/schema\/logo\/image\/\",\"url\":\"https:\/\/arcticexcursions.com\/wp-content\/uploads\/2022\/11\/fb-logo.png\",\"contentUrl\":\"https:\/\/arcticexcursions.com\/wp-content\/uploads\/2022\/11\/fb-logo.png\",\"width\":523,\"height\":523,\"caption\":\"Arctic Excursions\"},\"image\":{\"@id\":\"https:\/\/arcticexcursions.com\/#\/schema\/logo\/image\/\"}}]}<\/script>\n<!-- \/ Yoast SEO plugin. -->","yoast_head_json":{"title":"Arctic Excursions","robots":{"index":"index","follow":"follow","max-snippet":"max-snippet:-1","max-image-preview":"max-image-preview:large","max-video-preview":"max-video-preview:-1"},"canonical":"https:\/\/arcticexcursions.com\/da\/udflugter\/igaliku-hotel-lodges\/","og_locale":"da_DK","og_type":"article","og_title":"Igaliku Hotel & Lodges - Arctic Excursions","og_description":"Igaliku Hotel & Lodges tilbyder hyggelig og komfortabel indkvartering kombineret med l\u00e6kre m\u00e5ltider lavet af lokale produkter og serveret i vores restaurant.","og_url":"https:\/\/arcticexcursions.com\/da\/udflugter\/igaliku-hotel-lodges\/","og_site_name":"Arctic Excursions","article_modified_time":"2025-07-12T15:03:57+00:00","og_image":[{"width":2560,"height":1920,"url":"https:\/\/arcticexcursions.com\/wp-content\/uploads\/2023\/12\/cabins-Igaliku4-scaled.jpg","type":"image\/jpeg"}],"twitter_card":"summary_large_image","twitter_misc":{"Estimeret l\u00e6setid":"1 minut"},"schema":{"@context":"https:\/\/schema.org","@graph":[{"@type":"WebPage","@id":"https:\/\/arcticexcursions.com\/da\/udflugter\/igaliku-hotel-lodges\/","url":"https:\/\/arcticexcursions.com\/da\/udflugter\/igaliku-hotel-lodges\/","name":"Igaliku Hotel & Lodges - Arctic Excursions","isPartOf":{"@id":"https:\/\/arcticexcursions.com\/#website"},"primaryImageOfPage":{"@id":"https:\/\/arcticexcursions.com\/da\/udflugter\/igaliku-hotel-lodges\/#primaryimage"},"image":{"@id":"https:\/\/arcticexcursions.com\/da\/udflugter\/igaliku-hotel-lodges\/#primaryimage"},"thumbnailUrl":"https:\/\/arcticexcursions.com\/wp-content\/uploads\/2023\/12\/cabins-Igaliku4-scaled.jpg","datePublished":"2023-12-18T08:45:39+00:00","dateModified":"2025-07-12T15:03:57+00:00","breadcrumb":{"@id":"https:\/\/arcticexcursions.com\/da\/udflugter\/igaliku-hotel-lodges\/#breadcrumb"},"inLanguage":"da-DK","potentialAction":[{"@type":"ReadAction","target":["https:\/\/arcticexcursions.com\/da\/udflugter\/igaliku-hotel-lodges\/"]}]},{"@type":"ImageObject","inLanguage":"da-DK","@id":"https:\/\/arcticexcursions.com\/da\/udflugter\/igaliku-hotel-lodges\/#primaryimage","url":"https:\/\/arcticexcursions.com\/wp-content\/uploads\/2023\/12\/cabins-Igaliku4-scaled.jpg","contentUrl":"https:\/\/arcticexcursions.com\/wp-content\/uploads\/2023\/12\/cabins-Igaliku4-scaled.jpg","width":2560,"height":1920},{"@type":"BreadcrumbList","@id":"https:\/\/arcticexcursions.com\/da\/udflugter\/igaliku-hotel-lodges\/#breadcrumb","itemListElement":[{"@type":"ListItem","position":1,"name":"Home","item":"https:\/\/arcticexcursions.com\/da\/"},{"@type":"ListItem","position":2,"name":"Udflugter i Gr\u00f8nland","item":"https:\/\/arcticexcursions.com\/da\/udflugter\/"},{"@type":"ListItem","position":3,"name":"Igaliku Hotel &#038; Lodges"}]},{"@type":"WebSite","@id":"https:\/\/arcticexcursions.com\/#website","url":"https:\/\/arcticexcursions.com\/","name":"Arctic Excursions","description":"New adventures. Every day.","publisher":{"@id":"https:\/\/arcticexcursions.com\/#organization"},"potentialAction":[{"@type":"SearchAction","target":{"@type":"EntryPoint","urlTemplate":"https:\/\/arcticexcursions.com\/?s={search_term_string}"},"query-input":{"@type":"PropertyValueSpecification","valueRequired":true,"valueName":"search_term_string"}}],"inLanguage":"da-DK"},{"@type":"Organization","@id":"https:\/\/arcticexcursions.com\/#organization","name":"Arctic Excursions","url":"https:\/\/arcticexcursions.com\/","logo":{"@type":"ImageObject","inLanguage":"da-DK","@id":"https:\/\/arcticexcursions.com\/#\/schema\/logo\/image\/","url":"https:\/\/arcticexcursions.com\/wp-content\/uploads\/2022\/11\/fb-logo.png","contentUrl":"https:\/\/arcticexcursions.com\/wp-content\/uploads\/2022\/11\/fb-logo.png","width":523,"height":523,"caption":"Arctic Excursions"},"image":{"@id":"https:\/\/arcticexcursions.com\/#\/schema\/logo\/image\/"}}]}},"_links":{"self":[{"href":"https:\/\/arcticexcursions.com\/da\/wp-json\/wp\/v2\/product\/27462"}],"collection":[{"href":"https:\/\/arcticexcursions.com\/da\/wp-json\/wp\/v2\/product"}],"about":[{"href":"https:\/\/arcticexcursions.com\/da\/wp-json\/wp\/v2\/types\/product"}],"replies":[{"embeddable":true,"href":"https:\/\/arcticexcursions.com\/da\/wp-json\/wp\/v2\/comments?post=27462"}],"wp:featuredmedia":[{"embeddable":true,"href":"https:\/\/arcticexcursions.com\/da\/wp-json\/wp\/v2\/media\/26869"}],"wp:attachment":[{"href":"https:\/\/arcticexcursions.com\/da\/wp-json\/wp\/v2\/media?parent=27462"}],"wp:term":[{"taxonomy":"product_brand","embeddable":true,"href":"https:\/\/arcticexcursions.com\/da\/wp-json\/wp\/v2\/product_brand?post=27462"},{"taxonomy":"product_cat","embeddable":true,"href":"https:\/\/arcticexcursions.com\/da\/wp-json\/wp\/v2\/product_cat?post=27462"},{"taxonomy":"product_tag","embeddable":true,"href":"https:\/\/arcticexcursions.com\/da\/wp-json\/wp\/v2\/product_tag?post=27462"}],"curies":[{"name":"wp","href":"https:\/\/api.w.org\/{rel}","templated":true}]}}