{"id":27464,"date":"2023-12-18T10:54:07","date_gmt":"2023-12-18T08:54:07","guid":{"rendered":"https:\/\/arcticexcursions.com\/?post_type=product&#038;p=27464"},"modified":"2025-09-01T17:05:23","modified_gmt":"2025-09-01T15:05:23","slug":"narsarsuaq-hostel","status":"publish","type":"product","link":"https:\/\/arcticexcursions.com\/da\/udflugter\/narsarsuaq-hostel\/","title":{"rendered":"Narsarsuaq Hostel"},"content":{"rendered":"<p>Vores hostel ligger ved foden af \u200b\u200bet bjerg med udsigt over fjorden. Kun 600 meter fra lufthavnen.<\/p>\n<p>Vores hostel i Narsarsuaq er et stort tr\u00e6hus, der har en meget im\u00f8dekommende atmosf\u00e6re, en perfekt beliggenhed til vandreture og en fin udsigt til den anden side af fjorden.<\/p>\n<p>I l\u00f8bet af aftenen vil du se den smukkeste solnedgang fra spisepladsen og terrassen udenfor.<\/p>\n<p>Vandrerhjemmet er et godt sted at komme forbi, hvis du har sp\u00f8rgsm\u00e5l til vandreruter i omr\u00e5det eller leder efter en vandrekammerat.<\/p>\n<p>Om sommeren er der altid en behagelig atmosf\u00e6re, hvor vandrere og rejsende udveksler erfaringer og planl\u00e6gger ture.<\/p>\n<p>Vi transporterer din bagage gratis ved ankomst og afgang.<\/p>\n<p>Book \u00e9n billet pr. person pr. nat.<\/p>\n","protected":false},"excerpt":{"rendered":"<p>Vores hostel ligger ved foden af \u200b\u200bet bjerg med udsigt over fjorden. Kun 600 meter fra lufthavnen.<\/p>\n","protected":false},"featured_media":26888,"comment_status":"open","ping_status":"closed","template":"","meta":{"_acf_changed":false},"product_brand":[],"product_cat":[101,170],"product_tag":[],"class_list":{"0":"post-27464","1":"product","2":"type-product","3":"status-publish","4":"has-post-thumbnail","6":"product_cat-tour","7":"product_cat-udflugt","8":"pa_dato-1188","9":"pa_dato-6058","10":"pa_dato-6059","11":"pa_dato-6002","12":"pa_dato-5961","13":"pa_dato-6026","14":"pa_tidspunkt-308","15":"tour_location-narsarsuaq-da","16":"tour_type-ophold","17":"tour_state-allowed_prebooking","18":"tour_tickettype-arctic_excursions","19":"tour_operator-blue-ice-explorer","21":"first","22":"outofstock","23":"shipping-taxable","24":"product-type-variable"},"acf":[],"yoast_head":"<!-- This site is optimized with the Yoast SEO plugin v23.6 - https:\/\/yoast.com\/wordpress\/plugins\/seo\/ -->\n<title>Arctic Excursions<\/title>\n<meta name=\"robots\" content=\"index, follow, max-snippet:-1, max-image-preview:large, max-video-preview:-1\" \/>\n<link rel=\"canonical\" href=\"https:\/\/arcticexcursions.com\/da\/udflugter\/narsarsuaq-hostel\/\" \/>\n<meta property=\"og:locale\" content=\"da_DK\" \/>\n<meta property=\"og:type\" content=\"article\" \/>\n<meta property=\"og:title\" content=\"Narsarsuaq Hostel - Arctic Excursions\" \/>\n<meta property=\"og:description\" content=\"Vores hostel ligger ved foden af \u200b\u200bet bjerg med udsigt over fjorden. Kun 600 meter fra lufthavnen.\" \/>\n<meta property=\"og:url\" content=\"https:\/\/arcticexcursions.com\/da\/udflugter\/narsarsuaq-hostel\/\" \/>\n<meta property=\"og:site_name\" content=\"Arctic Excursions\" \/>\n<meta property=\"article:modified_time\" content=\"2025-09-01T15:05:23+00:00\" \/>\n<meta property=\"og:image\" content=\"https:\/\/arcticexcursions.com\/wp-content\/uploads\/2023\/12\/1-VandrehjemIM_--scaled.jpg\" \/>\n\t<meta property=\"og:image:width\" content=\"2560\" \/>\n\t<meta property=\"og:image:height\" content=\"1646\" \/>\n\t<meta property=\"og:image:type\" content=\"image\/jpeg\" \/>\n<meta name=\"twitter:card\" content=\"summary_large_image\" \/>\n<meta name=\"twitter:label1\" content=\"Estimeret l\u00e6setid\" \/>\n\t<meta name=\"twitter:data1\" content=\"1 minut\" \/>\n<script type=\"application\/ld+json\" class=\"yoast-schema-graph\">{\"@context\":\"https:\/\/schema.org\",\"@graph\":[{\"@type\":\"WebPage\",\"@id\":\"https:\/\/arcticexcursions.com\/da\/udflugter\/narsarsuaq-hostel\/\",\"url\":\"https:\/\/arcticexcursions.com\/da\/udflugter\/narsarsuaq-hostel\/\",\"name\":\"Narsarsuaq Hostel - Arctic Excursions\",\"isPartOf\":{\"@id\":\"https:\/\/arcticexcursions.com\/#website\"},\"primaryImageOfPage\":{\"@id\":\"https:\/\/arcticexcursions.com\/da\/udflugter\/narsarsuaq-hostel\/#primaryimage\"},\"image\":{\"@id\":\"https:\/\/arcticexcursions.com\/da\/udflugter\/narsarsuaq-hostel\/#primaryimage\"},\"thumbnailUrl\":\"https:\/\/arcticexcursions.com\/wp-content\/uploads\/2023\/12\/1-VandrehjemIM_--scaled.jpg\",\"datePublished\":\"2023-12-18T08:54:07+00:00\",\"dateModified\":\"2025-09-01T15:05:23+00:00\",\"breadcrumb\":{\"@id\":\"https:\/\/arcticexcursions.com\/da\/udflugter\/narsarsuaq-hostel\/#breadcrumb\"},\"inLanguage\":\"da-DK\",\"potentialAction\":[{\"@type\":\"ReadAction\",\"target\":[\"https:\/\/arcticexcursions.com\/da\/udflugter\/narsarsuaq-hostel\/\"]}]},{\"@type\":\"ImageObject\",\"inLanguage\":\"da-DK\",\"@id\":\"https:\/\/arcticexcursions.com\/da\/udflugter\/narsarsuaq-hostel\/#primaryimage\",\"url\":\"https:\/\/arcticexcursions.com\/wp-content\/uploads\/2023\/12\/1-VandrehjemIM_--scaled.jpg\",\"contentUrl\":\"https:\/\/arcticexcursions.com\/wp-content\/uploads\/2023\/12\/1-VandrehjemIM_--scaled.jpg\",\"width\":2560,\"height\":1646},{\"@type\":\"BreadcrumbList\",\"@id\":\"https:\/\/arcticexcursions.com\/da\/udflugter\/narsarsuaq-hostel\/#breadcrumb\",\"itemListElement\":[{\"@type\":\"ListItem\",\"position\":1,\"name\":\"Home\",\"item\":\"https:\/\/arcticexcursions.com\/da\/\"},{\"@type\":\"ListItem\",\"position\":2,\"name\":\"Udflugter i Gr\u00f8nland\",\"item\":\"https:\/\/arcticexcursions.com\/da\/udflugter\/\"},{\"@type\":\"ListItem\",\"position\":3,\"name\":\"Narsarsuaq Hostel\"}]},{\"@type\":\"WebSite\",\"@id\":\"https:\/\/arcticexcursions.com\/#website\",\"url\":\"https:\/\/arcticexcursions.com\/\",\"name\":\"Arctic Excursions\",\"description\":\"New adventures. Every day.\",\"publisher\":{\"@id\":\"https:\/\/arcticexcursions.com\/#organization\"},\"potentialAction\":[{\"@type\":\"SearchAction\",\"target\":{\"@type\":\"EntryPoint\",\"urlTemplate\":\"https:\/\/arcticexcursions.com\/?s={search_term_string}\"},\"query-input\":{\"@type\":\"PropertyValueSpecification\",\"valueRequired\":true,\"valueName\":\"search_term_string\"}}],\"inLanguage\":\"da-DK\"},{\"@type\":\"Organization\",\"@id\":\"https:\/\/arcticexcursions.com\/#organization\",\"name\":\"Arctic Excursions\",\"url\":\"https:\/\/arcticexcursions.com\/\",\"logo\":{\"@type\":\"ImageObject\",\"inLanguage\":\"da-DK\",\"@id\":\"https:\/\/arcticexcursions.com\/#\/schema\/logo\/image\/\",\"url\":\"https:\/\/arcticexcursions.com\/wp-content\/uploads\/2022\/11\/fb-logo.png\",\"contentUrl\":\"https:\/\/arcticexcursions.com\/wp-content\/uploads\/2022\/11\/fb-logo.png\",\"width\":523,\"height\":523,\"caption\":\"Arctic Excursions\"},\"image\":{\"@id\":\"https:\/\/arcticexcursions.com\/#\/schema\/logo\/image\/\"}}]}<\/script>\n<!-- \/ Yoast SEO plugin. -->","yoast_head_json":{"title":"Arctic Excursions","robots":{"index":"index","follow":"follow","max-snippet":"max-snippet:-1","max-image-preview":"max-image-preview:large","max-video-preview":"max-video-preview:-1"},"canonical":"https:\/\/arcticexcursions.com\/da\/udflugter\/narsarsuaq-hostel\/","og_locale":"da_DK","og_type":"article","og_title":"Narsarsuaq Hostel - Arctic Excursions","og_description":"Vores hostel ligger ved foden af \u200b\u200bet bjerg med udsigt over fjorden. Kun 600 meter fra lufthavnen.","og_url":"https:\/\/arcticexcursions.com\/da\/udflugter\/narsarsuaq-hostel\/","og_site_name":"Arctic Excursions","article_modified_time":"2025-09-01T15:05:23+00:00","og_image":[{"width":2560,"height":1646,"url":"https:\/\/arcticexcursions.com\/wp-content\/uploads\/2023\/12\/1-VandrehjemIM_--scaled.jpg","type":"image\/jpeg"}],"twitter_card":"summary_large_image","twitter_misc":{"Estimeret l\u00e6setid":"1 minut"},"schema":{"@context":"https:\/\/schema.org","@graph":[{"@type":"WebPage","@id":"https:\/\/arcticexcursions.com\/da\/udflugter\/narsarsuaq-hostel\/","url":"https:\/\/arcticexcursions.com\/da\/udflugter\/narsarsuaq-hostel\/","name":"Narsarsuaq Hostel - Arctic Excursions","isPartOf":{"@id":"https:\/\/arcticexcursions.com\/#website"},"primaryImageOfPage":{"@id":"https:\/\/arcticexcursions.com\/da\/udflugter\/narsarsuaq-hostel\/#primaryimage"},"image":{"@id":"https:\/\/arcticexcursions.com\/da\/udflugter\/narsarsuaq-hostel\/#primaryimage"},"thumbnailUrl":"https:\/\/arcticexcursions.com\/wp-content\/uploads\/2023\/12\/1-VandrehjemIM_--scaled.jpg","datePublished":"2023-12-18T08:54:07+00:00","dateModified":"2025-09-01T15:05:23+00:00","breadcrumb":{"@id":"https:\/\/arcticexcursions.com\/da\/udflugter\/narsarsuaq-hostel\/#breadcrumb"},"inLanguage":"da-DK","potentialAction":[{"@type":"ReadAction","target":["https:\/\/arcticexcursions.com\/da\/udflugter\/narsarsuaq-hostel\/"]}]},{"@type":"ImageObject","inLanguage":"da-DK","@id":"https:\/\/arcticexcursions.com\/da\/udflugter\/narsarsuaq-hostel\/#primaryimage","url":"https:\/\/arcticexcursions.com\/wp-content\/uploads\/2023\/12\/1-VandrehjemIM_--scaled.jpg","contentUrl":"https:\/\/arcticexcursions.com\/wp-content\/uploads\/2023\/12\/1-VandrehjemIM_--scaled.jpg","width":2560,"height":1646},{"@type":"BreadcrumbList","@id":"https:\/\/arcticexcursions.com\/da\/udflugter\/narsarsuaq-hostel\/#breadcrumb","itemListElement":[{"@type":"ListItem","position":1,"name":"Home","item":"https:\/\/arcticexcursions.com\/da\/"},{"@type":"ListItem","position":2,"name":"Udflugter i Gr\u00f8nland","item":"https:\/\/arcticexcursions.com\/da\/udflugter\/"},{"@type":"ListItem","position":3,"name":"Narsarsuaq Hostel"}]},{"@type":"WebSite","@id":"https:\/\/arcticexcursions.com\/#website","url":"https:\/\/arcticexcursions.com\/","name":"Arctic Excursions","description":"New adventures. Every day.","publisher":{"@id":"https:\/\/arcticexcursions.com\/#organization"},"potentialAction":[{"@type":"SearchAction","target":{"@type":"EntryPoint","urlTemplate":"https:\/\/arcticexcursions.com\/?s={search_term_string}"},"query-input":{"@type":"PropertyValueSpecification","valueRequired":true,"valueName":"search_term_string"}}],"inLanguage":"da-DK"},{"@type":"Organization","@id":"https:\/\/arcticexcursions.com\/#organization","name":"Arctic Excursions","url":"https:\/\/arcticexcursions.com\/","logo":{"@type":"ImageObject","inLanguage":"da-DK","@id":"https:\/\/arcticexcursions.com\/#\/schema\/logo\/image\/","url":"https:\/\/arcticexcursions.com\/wp-content\/uploads\/2022\/11\/fb-logo.png","contentUrl":"https:\/\/arcticexcursions.com\/wp-content\/uploads\/2022\/11\/fb-logo.png","width":523,"height":523,"caption":"Arctic Excursions"},"image":{"@id":"https:\/\/arcticexcursions.com\/#\/schema\/logo\/image\/"}}]}},"_links":{"self":[{"href":"https:\/\/arcticexcursions.com\/da\/wp-json\/wp\/v2\/product\/27464"}],"collection":[{"href":"https:\/\/arcticexcursions.com\/da\/wp-json\/wp\/v2\/product"}],"about":[{"href":"https:\/\/arcticexcursions.com\/da\/wp-json\/wp\/v2\/types\/product"}],"replies":[{"embeddable":true,"href":"https:\/\/arcticexcursions.com\/da\/wp-json\/wp\/v2\/comments?post=27464"}],"wp:featuredmedia":[{"embeddable":true,"href":"https:\/\/arcticexcursions.com\/da\/wp-json\/wp\/v2\/media\/26888"}],"wp:attachment":[{"href":"https:\/\/arcticexcursions.com\/da\/wp-json\/wp\/v2\/media?parent=27464"}],"wp:term":[{"taxonomy":"product_brand","embeddable":true,"href":"https:\/\/arcticexcursions.com\/da\/wp-json\/wp\/v2\/product_brand?post=27464"},{"taxonomy":"product_cat","embeddable":true,"href":"https:\/\/arcticexcursions.com\/da\/wp-json\/wp\/v2\/product_cat?post=27464"},{"taxonomy":"product_tag","embeddable":true,"href":"https:\/\/arcticexcursions.com\/da\/wp-json\/wp\/v2\/product_tag?post=27464"}],"curies":[{"name":"wp","href":"https:\/\/api.w.org\/{rel}","templated":true}]}}