{"id":27536,"date":"2024-01-09T13:39:38","date_gmt":"2024-01-09T11:39:38","guid":{"rendered":"https:\/\/arcticexcursions.com\/?post_type=product&#038;p=27536"},"modified":"2026-04-19T01:58:50","modified_gmt":"2026-04-18T23:58:50","slug":"dogsled-ride-to-the-glacier-with-ilulissat-escape","status":"publish","type":"product","link":"https:\/\/arcticexcursions.com\/da\/udflugter\/dogsled-ride-to-the-glacier-with-ilulissat-escape\/","title":{"rendered":"Hundesl\u00e6detur til gletsjeren p\u00e5 havisen i et beskyttet UNESCO-omr\u00e5de Inkluderer frokost p\u00e5 Ilulissat Icefiord Lodge Starter med 25 km tur p\u00e5 snescooter"},"content":{"rendered":"<p>Efter transporten med snescooter p\u00e5 25 km starter hundesl\u00e6deturen p\u00e5 havisen i det UNESCO-beskyttede omr\u00e5de. Dette er det samme sted, hvor lokale fiskere starter deres dag. Herfra tager vi dig med p\u00e5 en hundesl\u00e6detur til den fantastiske gletscher.<\/p>\n<p>N\u00e5r du ankommer til gletscherens forkant, vil du tilbringe tid p\u00e5 isen og nyde en kop kaffe.<\/p>\n<p>Efter hundesl\u00e6deturen p\u00e5 ca. 2,5 &#8211; 3 timer bringer vi dig tilbage til Ilulissat Icefiord Lodge. Lodgen ligger i fredelige omgivelser med en fantastisk udsigt til gletsjeren. Den ligger 25 km inde i fjorden i det UNESCO-beskyttede omr\u00e5de. Her nyder vi en let frokost med udsigt til gletsjeren. Efter frokosten bringer vi dig samme vej tilbage til Ilulissat p\u00e5 snescooter.<\/p>\n<p><b>Praktisk information<\/b><br \/>\nDu har to muligheder, som er angivet nedenfor.<br \/>\n1) Du kan v\u00e6re f\u00f8rer af snescooteren og vil sandsynligvis dele snescooteren med en anden person. Du har en guide med dig hele vejen.<br \/>\n2) Du kan nyde turen som passager p\u00e5 snescooteren. Informer os venligst via e-mail, hvis du ikke er i stand til at k\u00f8re snescooteren selv. Kontaktoplysninger findes i reservationsbekr\u00e6ftelsen.<\/p>\n<p><b>Varighed:<\/b> Tiden afh\u00e6nger af vejrforholdene, men i gennemsnit tager det 7 timer. <\/p>\n<p>Vi henter dig kl. 8.30.<br \/>\nDu er tilbage i byen inden kl. 15.30.<\/p>\n<p><b>Sprog:<\/b> Guiden taler dansk, engelsk og gr\u00f8nlandsk<\/p>\n<p><b>Praktisk info:<\/b> Anbefales ikke til personer med sv\u00e6re nakke &#038; rygproblemer<\/p>\n<p><b>Forplejning:<\/b> Frokost serveres<\/p>\n<p><b>Anbefalet p\u00e5kl\u00e6dning:<\/b> Praktiske sko og varmt t\u00f8j, inkl. hue og handsker<\/p>\n","protected":false},"excerpt":{"rendered":"<p>Oplev en dagstur p\u00e5 snescooter og hundesl\u00e6de til gletsjeren. Inkluderer frokost p\u00e5 Ilulissat Icefiord Lodge.<\/p>\n","protected":false},"featured_media":51460,"comment_status":"open","ping_status":"closed","template":"","meta":{"_acf_changed":false},"product_brand":[],"product_cat":[101,170],"product_tag":[],"class_list":{"0":"post-27536","1":"product","2":"type-product","3":"status-publish","4":"has-post-thumbnail","6":"product_cat-tour","7":"product_cat-udflugt","8":"pa_dato-930","9":"pa_dato-1170","10":"pa_dato-888","11":"pa_dato-1188","12":"pa_dato-890","13":"pa_dato-949","14":"pa_dato-1190","15":"pa_dato-891","16":"pa_dato-879","17":"pa_dato-1191","18":"pa_dato-1192","19":"pa_dato-892","20":"pa_dato-893","21":"pa_dato-1079","22":"pa_dato-1157","23":"pa_dato-894","24":"pa_dato-950","25":"pa_dato-862","26":"pa_dato-954","27":"pa_dato-866","28":"pa_dato-895","29":"pa_dato-881","30":"pa_dato-919","31":"pa_dato-867","32":"pa_dato-1090","33":"pa_dato-882","34":"pa_dato-896","35":"pa_dato-868","36":"pa_dato-1201","37":"pa_dato-1091","38":"pa_dato-1092","39":"pa_dato-1093","40":"pa_dato-1266","41":"pa_dato-1348","42":"pa_dato-1346","43":"pa_dato-1347","44":"pa_dato-1349","45":"pa_dato-1350","46":"pa_dato-1351","47":"pa_dato-1267","48":"pa_dato-1352","49":"pa_dato-1353","50":"pa_dato-1372","51":"pa_dato-1354","52":"pa_dato-5989","53":"pa_dato-5920","54":"pa_dato-1268","55":"pa_dato-1344","56":"pa_dato-5869","57":"pa_dato-5997","58":"pa_dato-1375","59":"pa_dato-5998","60":"pa_dato-5870","61":"pa_dato-1339","62":"pa_dato-5969","63":"pa_dato-1391","64":"pa_dato-6011","65":"pa_dato-5872","66":"pa_dato-1270","67":"pa_dato-5873","68":"pa_dato-6012","69":"pa_dato-6001","70":"pa_dato-5893","71":"pa_dato-6013","72":"pa_dato-6014","73":"pa_dato-1271","74":"pa_dato-6015","75":"pa_dato-5970","76":"pa_dato-6016","77":"pa_dato-5894","78":"pa_dato-5971","79":"pa_dato-5984","80":"pa_dato-1272","81":"pa_dato-5985","82":"pa_dato-5986","83":"pa_dato-1158","84":"pa_dato-1370","85":"pa_dato-1369","86":"pa_dato-1368","87":"pa_dato-1273","88":"pa_dato-1367","89":"pa_dato-1366","90":"pa_dato-1365","91":"pa_dato-1364","92":"pa_dato-1363","93":"pa_dato-1362","94":"pa_dato-1274","95":"pa_dato-1361","96":"pa_dato-1360","97":"pa_dato-1359","98":"pa_dato-1358","99":"pa_dato-1357","100":"pa_dato-1356","101":"pa_dato-1275","102":"pa_dato-1355","103":"pa_dato-1324","104":"pa_dato-1323","105":"pa_dato-6007","106":"pa_dato-6008","107":"pa_dato-5960","108":"pa_dato-1276","109":"pa_dato-5876","110":"pa_dato-6009","111":"pa_dato-6010","112":"pa_dato-5981","113":"pa_dato-6288","114":"pa_dato-6171","115":"pa_dato-6225","116":"pa_dato-6224","117":"pa_dato-6162","118":"pa_dato-6318","119":"pa_dato-6319","120":"pa_dato-6213","121":"pa_dato-6115","122":"pa_dato-6116","123":"pa_dato-6227","124":"pa_dato-6405","125":"pa_dato-6222","126":"pa_dato-6314","127":"pa_dato-6214","128":"pa_dato-6439","129":"pa_dato-6215","130":"pa_dato-6427","131":"pa_dato-6145","132":"pa_dato-6440","133":"pa_dato-6334","134":"pa_dato-6223","135":"pa_dato-6441","136":"pa_dato-6216","137":"pa_dato-6118","138":"pa_dato-6117","139":"pa_dato-6265","140":"pa_dato-6377","141":"pa_dato-6217","142":"pa_dato-6442","143":"pa_dato-6218","144":"pa_dato-6251","145":"pa_dato-6339","146":"pa_dato-6378","147":"pa_dato-6349","148":"pa_dato-6443","149":"pa_dato-6444","150":"pa_dato-6219","151":"pa_dato-6283","152":"pa_dato-6445","153":"pa_dato-6173","154":"pa_dato-6426","155":"pa_dato-6280","156":"pa_dato-6300","157":"pa_dato-6220","158":"pa_dato-6353","159":"pa_dato-6323","160":"pa_dato-6138","161":"pa_dato-6235","162":"pa_dato-6228","163":"pa_dato-6236","164":"pa_dato-6237","165":"pa_dato-6293","166":"pa_dato-6356","167":"pa_dato-6471","168":"pa_dato-6176","169":"pa_dato-6239","170":"pa_dato-6177","171":"pa_dato-6229","172":"pa_dato-6355","173":"pa_dato-6230","174":"pa_dato-6479","175":"pa_dato-6231","176":"pa_dato-6249","177":"pa_dato-6338","178":"pa_dato-6488","179":"pa_dato-6232","180":"pa_dato-6233","181":"pa_dato-6495","182":"pa_dato-6234","183":"pa_dato-6472","184":"pa_dato-6337","185":"pa_dato-6492","186":"pa_tidspunkt-35","187":"pa_tidspunkt-6352","188":"pa_tidspunkt-1322","189":"pa_tidspunkt-40","190":"pa_tidspunkt-177","191":"pa_tidspunkt-314","192":"tour_location-ilulissat-da","193":"tour_type-hundeslaede","194":"tour_tickettype-arctic_excursions","195":"tour_operator-ilulissat-escape","197":"first","198":"instock","199":"shipping-taxable","200":"purchasable","201":"product-type-variable"},"acf":[],"yoast_head":"<!-- This site is optimized with the Yoast SEO plugin v23.6 - https:\/\/yoast.com\/wordpress\/plugins\/seo\/ -->\n<title>Arctic Excursions<\/title>\n<meta name=\"robots\" content=\"index, follow, max-snippet:-1, max-image-preview:large, max-video-preview:-1\" \/>\n<link rel=\"canonical\" href=\"https:\/\/arcticexcursions.com\/da\/udflugter\/dogsled-ride-to-the-glacier-with-ilulissat-escape\/\" \/>\n<meta property=\"og:locale\" content=\"da_DK\" \/>\n<meta property=\"og:type\" content=\"article\" \/>\n<meta property=\"og:title\" content=\"Hundesl\u00e6detur til gletsjeren p\u00e5 havisen i et beskyttet UNESCO-omr\u00e5de Inkluderer frokost p\u00e5 Ilulissat Icefiord Lodge Starter med 25 km tur p\u00e5 snescooter - Arctic Excursions\" \/>\n<meta property=\"og:description\" content=\"Oplev en dagstur p\u00e5 snescooter og hundesl\u00e6de til gletsjeren. Inkluderer frokost p\u00e5 Ilulissat Icefiord Lodge.\" \/>\n<meta property=\"og:url\" content=\"https:\/\/arcticexcursions.com\/da\/udflugter\/dogsled-ride-to-the-glacier-with-ilulissat-escape\/\" \/>\n<meta property=\"og:site_name\" content=\"Arctic Excursions\" \/>\n<meta property=\"article:modified_time\" content=\"2026-04-18T23:58:50+00:00\" \/>\n<meta property=\"og:image\" content=\"https:\/\/arcticexcursions.com\/wp-content\/uploads\/2025\/04\/65a5a3bb-b7da-466e-baf1-508de8a5d7be.jpg\" \/>\n\t<meta property=\"og:image:width\" content=\"1024\" \/>\n\t<meta property=\"og:image:height\" content=\"768\" \/>\n\t<meta property=\"og:image:type\" content=\"image\/jpeg\" \/>\n<meta name=\"twitter:card\" content=\"summary_large_image\" \/>\n<meta name=\"twitter:label1\" content=\"Estimeret l\u00e6setid\" \/>\n\t<meta name=\"twitter:data1\" content=\"1 minut\" \/>\n<script type=\"application\/ld+json\" class=\"yoast-schema-graph\">{\"@context\":\"https:\/\/schema.org\",\"@graph\":[{\"@type\":\"WebPage\",\"@id\":\"https:\/\/arcticexcursions.com\/da\/udflugter\/dogsled-ride-to-the-glacier-with-ilulissat-escape\/\",\"url\":\"https:\/\/arcticexcursions.com\/da\/udflugter\/dogsled-ride-to-the-glacier-with-ilulissat-escape\/\",\"name\":\"Hundesl\u00e6detur til gletsjeren p\u00e5 havisen i et beskyttet UNESCO-omr\u00e5de Inkluderer frokost p\u00e5 Ilulissat Icefiord Lodge Starter med 25 km tur p\u00e5 snescooter - Arctic Excursions\",\"isPartOf\":{\"@id\":\"https:\/\/arcticexcursions.com\/#website\"},\"primaryImageOfPage\":{\"@id\":\"https:\/\/arcticexcursions.com\/da\/udflugter\/dogsled-ride-to-the-glacier-with-ilulissat-escape\/#primaryimage\"},\"image\":{\"@id\":\"https:\/\/arcticexcursions.com\/da\/udflugter\/dogsled-ride-to-the-glacier-with-ilulissat-escape\/#primaryimage\"},\"thumbnailUrl\":\"https:\/\/arcticexcursions.com\/wp-content\/uploads\/2025\/04\/65a5a3bb-b7da-466e-baf1-508de8a5d7be.jpg\",\"datePublished\":\"2024-01-09T11:39:38+00:00\",\"dateModified\":\"2026-04-18T23:58:50+00:00\",\"breadcrumb\":{\"@id\":\"https:\/\/arcticexcursions.com\/da\/udflugter\/dogsled-ride-to-the-glacier-with-ilulissat-escape\/#breadcrumb\"},\"inLanguage\":\"da-DK\",\"potentialAction\":[{\"@type\":\"ReadAction\",\"target\":[\"https:\/\/arcticexcursions.com\/da\/udflugter\/dogsled-ride-to-the-glacier-with-ilulissat-escape\/\"]}]},{\"@type\":\"ImageObject\",\"inLanguage\":\"da-DK\",\"@id\":\"https:\/\/arcticexcursions.com\/da\/udflugter\/dogsled-ride-to-the-glacier-with-ilulissat-escape\/#primaryimage\",\"url\":\"https:\/\/arcticexcursions.com\/wp-content\/uploads\/2025\/04\/65a5a3bb-b7da-466e-baf1-508de8a5d7be.jpg\",\"contentUrl\":\"https:\/\/arcticexcursions.com\/wp-content\/uploads\/2025\/04\/65a5a3bb-b7da-466e-baf1-508de8a5d7be.jpg\",\"width\":1024,\"height\":768},{\"@type\":\"BreadcrumbList\",\"@id\":\"https:\/\/arcticexcursions.com\/da\/udflugter\/dogsled-ride-to-the-glacier-with-ilulissat-escape\/#breadcrumb\",\"itemListElement\":[{\"@type\":\"ListItem\",\"position\":1,\"name\":\"Home\",\"item\":\"https:\/\/arcticexcursions.com\/da\/\"},{\"@type\":\"ListItem\",\"position\":2,\"name\":\"Udflugter i Gr\u00f8nland\",\"item\":\"https:\/\/arcticexcursions.com\/da\/udflugter\/\"},{\"@type\":\"ListItem\",\"position\":3,\"name\":\"Hundesl\u00e6detur til gletsjeren p\u00e5 havisen i et beskyttet UNESCO-omr\u00e5de Inkluderer frokost p\u00e5 Ilulissat Icefiord Lodge Starter med 25 km tur p\u00e5 snescooter\"}]},{\"@type\":\"WebSite\",\"@id\":\"https:\/\/arcticexcursions.com\/#website\",\"url\":\"https:\/\/arcticexcursions.com\/\",\"name\":\"Arctic Excursions\",\"description\":\"New adventures. Every day.\",\"publisher\":{\"@id\":\"https:\/\/arcticexcursions.com\/#organization\"},\"potentialAction\":[{\"@type\":\"SearchAction\",\"target\":{\"@type\":\"EntryPoint\",\"urlTemplate\":\"https:\/\/arcticexcursions.com\/?s={search_term_string}\"},\"query-input\":{\"@type\":\"PropertyValueSpecification\",\"valueRequired\":true,\"valueName\":\"search_term_string\"}}],\"inLanguage\":\"da-DK\"},{\"@type\":\"Organization\",\"@id\":\"https:\/\/arcticexcursions.com\/#organization\",\"name\":\"Arctic Excursions\",\"url\":\"https:\/\/arcticexcursions.com\/\",\"logo\":{\"@type\":\"ImageObject\",\"inLanguage\":\"da-DK\",\"@id\":\"https:\/\/arcticexcursions.com\/#\/schema\/logo\/image\/\",\"url\":\"https:\/\/arcticexcursions.com\/wp-content\/uploads\/2022\/11\/fb-logo.png\",\"contentUrl\":\"https:\/\/arcticexcursions.com\/wp-content\/uploads\/2022\/11\/fb-logo.png\",\"width\":523,\"height\":523,\"caption\":\"Arctic Excursions\"},\"image\":{\"@id\":\"https:\/\/arcticexcursions.com\/#\/schema\/logo\/image\/\"}}]}<\/script>\n<!-- \/ Yoast SEO plugin. -->","yoast_head_json":{"title":"Arctic Excursions","robots":{"index":"index","follow":"follow","max-snippet":"max-snippet:-1","max-image-preview":"max-image-preview:large","max-video-preview":"max-video-preview:-1"},"canonical":"https:\/\/arcticexcursions.com\/da\/udflugter\/dogsled-ride-to-the-glacier-with-ilulissat-escape\/","og_locale":"da_DK","og_type":"article","og_title":"Hundesl\u00e6detur til gletsjeren p\u00e5 havisen i et beskyttet UNESCO-omr\u00e5de Inkluderer frokost p\u00e5 Ilulissat Icefiord Lodge Starter med 25 km tur p\u00e5 snescooter - Arctic Excursions","og_description":"Oplev en dagstur p\u00e5 snescooter og hundesl\u00e6de til gletsjeren. Inkluderer frokost p\u00e5 Ilulissat Icefiord Lodge.","og_url":"https:\/\/arcticexcursions.com\/da\/udflugter\/dogsled-ride-to-the-glacier-with-ilulissat-escape\/","og_site_name":"Arctic Excursions","article_modified_time":"2026-04-18T23:58:50+00:00","og_image":[{"width":1024,"height":768,"url":"https:\/\/arcticexcursions.com\/wp-content\/uploads\/2025\/04\/65a5a3bb-b7da-466e-baf1-508de8a5d7be.jpg","type":"image\/jpeg"}],"twitter_card":"summary_large_image","twitter_misc":{"Estimeret l\u00e6setid":"1 minut"},"schema":{"@context":"https:\/\/schema.org","@graph":[{"@type":"WebPage","@id":"https:\/\/arcticexcursions.com\/da\/udflugter\/dogsled-ride-to-the-glacier-with-ilulissat-escape\/","url":"https:\/\/arcticexcursions.com\/da\/udflugter\/dogsled-ride-to-the-glacier-with-ilulissat-escape\/","name":"Hundesl\u00e6detur til gletsjeren p\u00e5 havisen i et beskyttet UNESCO-omr\u00e5de Inkluderer frokost p\u00e5 Ilulissat Icefiord Lodge Starter med 25 km tur p\u00e5 snescooter - Arctic Excursions","isPartOf":{"@id":"https:\/\/arcticexcursions.com\/#website"},"primaryImageOfPage":{"@id":"https:\/\/arcticexcursions.com\/da\/udflugter\/dogsled-ride-to-the-glacier-with-ilulissat-escape\/#primaryimage"},"image":{"@id":"https:\/\/arcticexcursions.com\/da\/udflugter\/dogsled-ride-to-the-glacier-with-ilulissat-escape\/#primaryimage"},"thumbnailUrl":"https:\/\/arcticexcursions.com\/wp-content\/uploads\/2025\/04\/65a5a3bb-b7da-466e-baf1-508de8a5d7be.jpg","datePublished":"2024-01-09T11:39:38+00:00","dateModified":"2026-04-18T23:58:50+00:00","breadcrumb":{"@id":"https:\/\/arcticexcursions.com\/da\/udflugter\/dogsled-ride-to-the-glacier-with-ilulissat-escape\/#breadcrumb"},"inLanguage":"da-DK","potentialAction":[{"@type":"ReadAction","target":["https:\/\/arcticexcursions.com\/da\/udflugter\/dogsled-ride-to-the-glacier-with-ilulissat-escape\/"]}]},{"@type":"ImageObject","inLanguage":"da-DK","@id":"https:\/\/arcticexcursions.com\/da\/udflugter\/dogsled-ride-to-the-glacier-with-ilulissat-escape\/#primaryimage","url":"https:\/\/arcticexcursions.com\/wp-content\/uploads\/2025\/04\/65a5a3bb-b7da-466e-baf1-508de8a5d7be.jpg","contentUrl":"https:\/\/arcticexcursions.com\/wp-content\/uploads\/2025\/04\/65a5a3bb-b7da-466e-baf1-508de8a5d7be.jpg","width":1024,"height":768},{"@type":"BreadcrumbList","@id":"https:\/\/arcticexcursions.com\/da\/udflugter\/dogsled-ride-to-the-glacier-with-ilulissat-escape\/#breadcrumb","itemListElement":[{"@type":"ListItem","position":1,"name":"Home","item":"https:\/\/arcticexcursions.com\/da\/"},{"@type":"ListItem","position":2,"name":"Udflugter i Gr\u00f8nland","item":"https:\/\/arcticexcursions.com\/da\/udflugter\/"},{"@type":"ListItem","position":3,"name":"Hundesl\u00e6detur til gletsjeren p\u00e5 havisen i et beskyttet UNESCO-omr\u00e5de Inkluderer frokost p\u00e5 Ilulissat Icefiord Lodge Starter med 25 km tur p\u00e5 snescooter"}]},{"@type":"WebSite","@id":"https:\/\/arcticexcursions.com\/#website","url":"https:\/\/arcticexcursions.com\/","name":"Arctic Excursions","description":"New adventures. Every day.","publisher":{"@id":"https:\/\/arcticexcursions.com\/#organization"},"potentialAction":[{"@type":"SearchAction","target":{"@type":"EntryPoint","urlTemplate":"https:\/\/arcticexcursions.com\/?s={search_term_string}"},"query-input":{"@type":"PropertyValueSpecification","valueRequired":true,"valueName":"search_term_string"}}],"inLanguage":"da-DK"},{"@type":"Organization","@id":"https:\/\/arcticexcursions.com\/#organization","name":"Arctic Excursions","url":"https:\/\/arcticexcursions.com\/","logo":{"@type":"ImageObject","inLanguage":"da-DK","@id":"https:\/\/arcticexcursions.com\/#\/schema\/logo\/image\/","url":"https:\/\/arcticexcursions.com\/wp-content\/uploads\/2022\/11\/fb-logo.png","contentUrl":"https:\/\/arcticexcursions.com\/wp-content\/uploads\/2022\/11\/fb-logo.png","width":523,"height":523,"caption":"Arctic Excursions"},"image":{"@id":"https:\/\/arcticexcursions.com\/#\/schema\/logo\/image\/"}}]}},"_links":{"self":[{"href":"https:\/\/arcticexcursions.com\/da\/wp-json\/wp\/v2\/product\/27536"}],"collection":[{"href":"https:\/\/arcticexcursions.com\/da\/wp-json\/wp\/v2\/product"}],"about":[{"href":"https:\/\/arcticexcursions.com\/da\/wp-json\/wp\/v2\/types\/product"}],"replies":[{"embeddable":true,"href":"https:\/\/arcticexcursions.com\/da\/wp-json\/wp\/v2\/comments?post=27536"}],"wp:featuredmedia":[{"embeddable":true,"href":"https:\/\/arcticexcursions.com\/da\/wp-json\/wp\/v2\/media\/51460"}],"wp:attachment":[{"href":"https:\/\/arcticexcursions.com\/da\/wp-json\/wp\/v2\/media?parent=27536"}],"wp:term":[{"taxonomy":"product_brand","embeddable":true,"href":"https:\/\/arcticexcursions.com\/da\/wp-json\/wp\/v2\/product_brand?post=27536"},{"taxonomy":"product_cat","embeddable":true,"href":"https:\/\/arcticexcursions.com\/da\/wp-json\/wp\/v2\/product_cat?post=27536"},{"taxonomy":"product_tag","embeddable":true,"href":"https:\/\/arcticexcursions.com\/da\/wp-json\/wp\/v2\/product_tag?post=27536"}],"curies":[{"name":"wp","href":"https:\/\/api.w.org\/{rel}","templated":true}]}}