{"id":27539,"date":"2024-01-11T15:17:35","date_gmt":"2024-01-11T13:17:35","guid":{"rendered":"https:\/\/arcticexcursions.com\/?post_type=product&#038;p=27539"},"modified":"2024-08-12T13:04:32","modified_gmt":"2024-08-12T11:04:32","slug":"polar-bear-safari","status":"publish","type":"product","link":"https:\/\/arcticexcursions.com\/da\/udflugter\/polar-bear-safari\/","title":{"rendered":"Isbj\u00f8rnesafari"},"content":{"rendered":"<p>En ti-dages udflugt for at unders\u00f8ge inuitkulturen n\u00f8je, mens du passerer gennem en karakteristisk, uber\u00f8rt naturlig verden.<\/p>\n<p>Rejsen er under vejledning af lokale j\u00e6gere. Vores m\u00e5l for turen er at finde isbj\u00f8rnene. Turens st\u00f8rste h\u00f8jdepunkt er nemlig at se denne storsl\u00e5ede arktiske beboer.<\/p>\n<p>Turen starter i lufthavnen i Kulusuk, hvor du lander, hvis du rejser fra Nuuk International Airport i Vestgr\u00f8nland eller Keflavik International Airport i Reykjavik.<\/p>\n<p>N\u00e5r du ankommer, vil vi byde dig velkommen og vejlede dig gennem hele turen. P\u00e5 den sidste dag tilbringer du den sidste nat p\u00e5 Kulusuk Hotel, inden du rejser videre med fly.<\/p>\n<p>I l\u00f8bet af de ni dage og otte n\u00e6tter, du rejser, overnatter du i telt med en hyggelig sovepose og hyggelig madras.<\/p>\n<p>Til hvert m\u00e5ltid vil vi tilbyde enkle, l\u00e6kre kontinentale retter. At spise hvad du fanger er en fantastisk oplevelse! Vi vil ogs\u00e5 tilberede fisk, fugle og s\u00e6ler, som vi fanger, mens vi rejser!<\/p>\n<p>I kommer til at bruge meget tid sammen p\u00e5 b\u00e5den, s\u00e5 du b\u00f8r pakke varmt t\u00f8j, nysgerrighed, et optimistisk syn og st\u00e6rke sociale f\u00e6rdigheder.<\/p>\n<p>Efter vores 200 til 300 km sydlige rejse fra Kulusuk kan vi se s\u00e6ler, hvaler og fugle. Vi kan v\u00e6re i en polarr\u00e6ve-habitat p\u00e5 jorden ved lejrpladserne, og da r\u00e6ve er nysgerrige og konstant p\u00e5 udkig efter mad, kan vi se dem t\u00e6t p\u00e5.<\/p>\n<p>Af sikkerhedsm\u00e6ssige \u00e5rsager rejser vi med to b\u00e5de, hvilket ogs\u00e5 giver os dobbelt s\u00e5 stor mulighed for at spejde efter isbj\u00f8rne og andre vilde dyr.<\/p>\n<p><b>Inkluderet:<\/b><br \/>\nCampingudstyr, mad, b\u00e5dtur, guidning, ekstra varmt t\u00f8j.<\/p>\n<p><b>Ekskluderet:<\/b><br \/>\nAt komme hertil \/ fly (inkl. mulige mellemlandinger)<br \/>\nPersonlig rejseforsikring. Alt hvad der ikke er n\u00e6vnt i medf\u00f8lger.<\/p>\n","protected":false},"excerpt":{"rendered":"<p>Oplev 10 dage med det arktiske dyreliv.<\/p>\n","protected":false},"featured_media":27544,"comment_status":"open","ping_status":"closed","template":"","meta":{"_acf_changed":false},"product_brand":[],"product_cat":[101,170],"product_tag":[],"class_list":{"0":"post-27539","1":"product","2":"type-product","3":"status-publish","4":"has-post-thumbnail","6":"product_cat-tour","7":"product_cat-udflugt","8":"pa_dato-1035","9":"pa_dato-997","10":"pa_dato-998","11":"pa_dato-999","12":"pa_dato-1000","13":"pa_dato-1001","14":"pa_dato-1002","15":"pa_dato-1003","16":"pa_dato-1011","17":"pa_dato-1012","18":"pa_dato-1013","19":"pa_dato-1014","20":"pa_dato-1015","21":"pa_dato-1016","22":"pa_dato-965","23":"pa_tidspunkt-40","24":"tour_location-tasiilaq","25":"tour_location-tasiilaq-da","26":"tour_location-kulusuk-da","27":"tour_type-outdoor-da","28":"tour_tickettype-arctic_excursions","29":"tour_operator-sermilik-adventures","31":"first","32":"outofstock","33":"shipping-taxable","34":"product-type-variable"},"acf":[],"yoast_head":"<!-- This site is optimized with the Yoast SEO plugin v23.6 - https:\/\/yoast.com\/wordpress\/plugins\/seo\/ -->\n<title>Arctic Excursions<\/title>\n<meta name=\"robots\" content=\"index, follow, max-snippet:-1, max-image-preview:large, max-video-preview:-1\" \/>\n<link rel=\"canonical\" href=\"https:\/\/arcticexcursions.com\/da\/udflugter\/polar-bear-safari\/\" \/>\n<meta property=\"og:locale\" content=\"da_DK\" \/>\n<meta property=\"og:type\" content=\"article\" \/>\n<meta property=\"og:title\" content=\"Isbj\u00f8rnesafari - Arctic Excursions\" \/>\n<meta property=\"og:description\" content=\"Oplev 10 dage med det arktiske dyreliv.\" \/>\n<meta property=\"og:url\" content=\"https:\/\/arcticexcursions.com\/da\/udflugter\/polar-bear-safari\/\" \/>\n<meta property=\"og:site_name\" content=\"Arctic Excursions\" \/>\n<meta property=\"article:modified_time\" content=\"2024-08-12T11:04:32+00:00\" \/>\n<meta property=\"og:image\" content=\"https:\/\/arcticexcursions.com\/wp-content\/uploads\/2024\/01\/MicrosoftTeams-image-55-scaled.jpg\" \/>\n\t<meta property=\"og:image:width\" content=\"2560\" \/>\n\t<meta property=\"og:image:height\" content=\"1707\" \/>\n\t<meta property=\"og:image:type\" content=\"image\/jpeg\" \/>\n<meta name=\"twitter:card\" content=\"summary_large_image\" \/>\n<meta name=\"twitter:label1\" content=\"Estimeret l\u00e6setid\" \/>\n\t<meta name=\"twitter:data1\" content=\"2 minutter\" \/>\n<script type=\"application\/ld+json\" class=\"yoast-schema-graph\">{\"@context\":\"https:\/\/schema.org\",\"@graph\":[{\"@type\":\"WebPage\",\"@id\":\"https:\/\/arcticexcursions.com\/da\/udflugter\/polar-bear-safari\/\",\"url\":\"https:\/\/arcticexcursions.com\/da\/udflugter\/polar-bear-safari\/\",\"name\":\"Isbj\u00f8rnesafari - Arctic Excursions\",\"isPartOf\":{\"@id\":\"https:\/\/arcticexcursions.com\/#website\"},\"primaryImageOfPage\":{\"@id\":\"https:\/\/arcticexcursions.com\/da\/udflugter\/polar-bear-safari\/#primaryimage\"},\"image\":{\"@id\":\"https:\/\/arcticexcursions.com\/da\/udflugter\/polar-bear-safari\/#primaryimage\"},\"thumbnailUrl\":\"https:\/\/arcticexcursions.com\/wp-content\/uploads\/2024\/01\/MicrosoftTeams-image-55-scaled.jpg\",\"datePublished\":\"2024-01-11T13:17:35+00:00\",\"dateModified\":\"2024-08-12T11:04:32+00:00\",\"breadcrumb\":{\"@id\":\"https:\/\/arcticexcursions.com\/da\/udflugter\/polar-bear-safari\/#breadcrumb\"},\"inLanguage\":\"da-DK\",\"potentialAction\":[{\"@type\":\"ReadAction\",\"target\":[\"https:\/\/arcticexcursions.com\/da\/udflugter\/polar-bear-safari\/\"]}]},{\"@type\":\"ImageObject\",\"inLanguage\":\"da-DK\",\"@id\":\"https:\/\/arcticexcursions.com\/da\/udflugter\/polar-bear-safari\/#primaryimage\",\"url\":\"https:\/\/arcticexcursions.com\/wp-content\/uploads\/2024\/01\/MicrosoftTeams-image-55-scaled.jpg\",\"contentUrl\":\"https:\/\/arcticexcursions.com\/wp-content\/uploads\/2024\/01\/MicrosoftTeams-image-55-scaled.jpg\",\"width\":2560,\"height\":1707},{\"@type\":\"BreadcrumbList\",\"@id\":\"https:\/\/arcticexcursions.com\/da\/udflugter\/polar-bear-safari\/#breadcrumb\",\"itemListElement\":[{\"@type\":\"ListItem\",\"position\":1,\"name\":\"Home\",\"item\":\"https:\/\/arcticexcursions.com\/da\/\"},{\"@type\":\"ListItem\",\"position\":2,\"name\":\"Udflugter i Gr\u00f8nland\",\"item\":\"https:\/\/arcticexcursions.com\/da\/udflugter\/\"},{\"@type\":\"ListItem\",\"position\":3,\"name\":\"Isbj\u00f8rnesafari\"}]},{\"@type\":\"WebSite\",\"@id\":\"https:\/\/arcticexcursions.com\/#website\",\"url\":\"https:\/\/arcticexcursions.com\/\",\"name\":\"Arctic Excursions\",\"description\":\"New adventures. Every day.\",\"publisher\":{\"@id\":\"https:\/\/arcticexcursions.com\/#organization\"},\"potentialAction\":[{\"@type\":\"SearchAction\",\"target\":{\"@type\":\"EntryPoint\",\"urlTemplate\":\"https:\/\/arcticexcursions.com\/?s={search_term_string}\"},\"query-input\":{\"@type\":\"PropertyValueSpecification\",\"valueRequired\":true,\"valueName\":\"search_term_string\"}}],\"inLanguage\":\"da-DK\"},{\"@type\":\"Organization\",\"@id\":\"https:\/\/arcticexcursions.com\/#organization\",\"name\":\"Arctic Excursions\",\"url\":\"https:\/\/arcticexcursions.com\/\",\"logo\":{\"@type\":\"ImageObject\",\"inLanguage\":\"da-DK\",\"@id\":\"https:\/\/arcticexcursions.com\/#\/schema\/logo\/image\/\",\"url\":\"https:\/\/arcticexcursions.com\/wp-content\/uploads\/2022\/11\/fb-logo.png\",\"contentUrl\":\"https:\/\/arcticexcursions.com\/wp-content\/uploads\/2022\/11\/fb-logo.png\",\"width\":523,\"height\":523,\"caption\":\"Arctic Excursions\"},\"image\":{\"@id\":\"https:\/\/arcticexcursions.com\/#\/schema\/logo\/image\/\"}}]}<\/script>\n<!-- \/ Yoast SEO plugin. -->","yoast_head_json":{"title":"Arctic Excursions","robots":{"index":"index","follow":"follow","max-snippet":"max-snippet:-1","max-image-preview":"max-image-preview:large","max-video-preview":"max-video-preview:-1"},"canonical":"https:\/\/arcticexcursions.com\/da\/udflugter\/polar-bear-safari\/","og_locale":"da_DK","og_type":"article","og_title":"Isbj\u00f8rnesafari - Arctic Excursions","og_description":"Oplev 10 dage med det arktiske dyreliv.","og_url":"https:\/\/arcticexcursions.com\/da\/udflugter\/polar-bear-safari\/","og_site_name":"Arctic Excursions","article_modified_time":"2024-08-12T11:04:32+00:00","og_image":[{"width":2560,"height":1707,"url":"https:\/\/arcticexcursions.com\/wp-content\/uploads\/2024\/01\/MicrosoftTeams-image-55-scaled.jpg","type":"image\/jpeg"}],"twitter_card":"summary_large_image","twitter_misc":{"Estimeret l\u00e6setid":"2 minutter"},"schema":{"@context":"https:\/\/schema.org","@graph":[{"@type":"WebPage","@id":"https:\/\/arcticexcursions.com\/da\/udflugter\/polar-bear-safari\/","url":"https:\/\/arcticexcursions.com\/da\/udflugter\/polar-bear-safari\/","name":"Isbj\u00f8rnesafari - Arctic Excursions","isPartOf":{"@id":"https:\/\/arcticexcursions.com\/#website"},"primaryImageOfPage":{"@id":"https:\/\/arcticexcursions.com\/da\/udflugter\/polar-bear-safari\/#primaryimage"},"image":{"@id":"https:\/\/arcticexcursions.com\/da\/udflugter\/polar-bear-safari\/#primaryimage"},"thumbnailUrl":"https:\/\/arcticexcursions.com\/wp-content\/uploads\/2024\/01\/MicrosoftTeams-image-55-scaled.jpg","datePublished":"2024-01-11T13:17:35+00:00","dateModified":"2024-08-12T11:04:32+00:00","breadcrumb":{"@id":"https:\/\/arcticexcursions.com\/da\/udflugter\/polar-bear-safari\/#breadcrumb"},"inLanguage":"da-DK","potentialAction":[{"@type":"ReadAction","target":["https:\/\/arcticexcursions.com\/da\/udflugter\/polar-bear-safari\/"]}]},{"@type":"ImageObject","inLanguage":"da-DK","@id":"https:\/\/arcticexcursions.com\/da\/udflugter\/polar-bear-safari\/#primaryimage","url":"https:\/\/arcticexcursions.com\/wp-content\/uploads\/2024\/01\/MicrosoftTeams-image-55-scaled.jpg","contentUrl":"https:\/\/arcticexcursions.com\/wp-content\/uploads\/2024\/01\/MicrosoftTeams-image-55-scaled.jpg","width":2560,"height":1707},{"@type":"BreadcrumbList","@id":"https:\/\/arcticexcursions.com\/da\/udflugter\/polar-bear-safari\/#breadcrumb","itemListElement":[{"@type":"ListItem","position":1,"name":"Home","item":"https:\/\/arcticexcursions.com\/da\/"},{"@type":"ListItem","position":2,"name":"Udflugter i Gr\u00f8nland","item":"https:\/\/arcticexcursions.com\/da\/udflugter\/"},{"@type":"ListItem","position":3,"name":"Isbj\u00f8rnesafari"}]},{"@type":"WebSite","@id":"https:\/\/arcticexcursions.com\/#website","url":"https:\/\/arcticexcursions.com\/","name":"Arctic Excursions","description":"New adventures. Every day.","publisher":{"@id":"https:\/\/arcticexcursions.com\/#organization"},"potentialAction":[{"@type":"SearchAction","target":{"@type":"EntryPoint","urlTemplate":"https:\/\/arcticexcursions.com\/?s={search_term_string}"},"query-input":{"@type":"PropertyValueSpecification","valueRequired":true,"valueName":"search_term_string"}}],"inLanguage":"da-DK"},{"@type":"Organization","@id":"https:\/\/arcticexcursions.com\/#organization","name":"Arctic Excursions","url":"https:\/\/arcticexcursions.com\/","logo":{"@type":"ImageObject","inLanguage":"da-DK","@id":"https:\/\/arcticexcursions.com\/#\/schema\/logo\/image\/","url":"https:\/\/arcticexcursions.com\/wp-content\/uploads\/2022\/11\/fb-logo.png","contentUrl":"https:\/\/arcticexcursions.com\/wp-content\/uploads\/2022\/11\/fb-logo.png","width":523,"height":523,"caption":"Arctic Excursions"},"image":{"@id":"https:\/\/arcticexcursions.com\/#\/schema\/logo\/image\/"}}]}},"_links":{"self":[{"href":"https:\/\/arcticexcursions.com\/da\/wp-json\/wp\/v2\/product\/27539"}],"collection":[{"href":"https:\/\/arcticexcursions.com\/da\/wp-json\/wp\/v2\/product"}],"about":[{"href":"https:\/\/arcticexcursions.com\/da\/wp-json\/wp\/v2\/types\/product"}],"replies":[{"embeddable":true,"href":"https:\/\/arcticexcursions.com\/da\/wp-json\/wp\/v2\/comments?post=27539"}],"wp:featuredmedia":[{"embeddable":true,"href":"https:\/\/arcticexcursions.com\/da\/wp-json\/wp\/v2\/media\/27544"}],"wp:attachment":[{"href":"https:\/\/arcticexcursions.com\/da\/wp-json\/wp\/v2\/media?parent=27539"}],"wp:term":[{"taxonomy":"product_brand","embeddable":true,"href":"https:\/\/arcticexcursions.com\/da\/wp-json\/wp\/v2\/product_brand?post=27539"},{"taxonomy":"product_cat","embeddable":true,"href":"https:\/\/arcticexcursions.com\/da\/wp-json\/wp\/v2\/product_cat?post=27539"},{"taxonomy":"product_tag","embeddable":true,"href":"https:\/\/arcticexcursions.com\/da\/wp-json\/wp\/v2\/product_tag?post=27539"}],"curies":[{"name":"wp","href":"https:\/\/api.w.org\/{rel}","templated":true}]}}