{"id":2916,"date":"2022-09-13T14:23:01","date_gmt":"2022-09-13T12:23:01","guid":{"rendered":"https:\/\/arcticexcursions.com\/?post_type=product&#038;p=2916"},"modified":"2026-04-22T13:28:59","modified_gmt":"2026-04-22T11:28:59","slug":"isfjordstur","status":"publish","type":"product","link":"https:\/\/arcticexcursions.com\/da\/udflugter\/isfjordstur\/","title":{"rendered":"Isfjordstur"},"content":{"rendered":"<p>Tag med p\u00e5 denne isfjordskrydstogt p\u00e5 Godth\u00e5bsfjorden, som er den n\u00e6stst\u00f8rste fjord i verden.<\/p>\n<p>Isfjordskrydstogtet bringer dig dybt ind i fjordsystemet nord for Nuuk, hvor der er mange smukke bjerge.<\/p>\n<p>Kaptajnen vil bringe dig s\u00e5 t\u00e6t p\u00e5 Narsap Sermia (gletsjeren) som muligt \u2013 men selvf\u00f8lgelig kommer sikkerheden f\u00f8rst. Og kaptajnen vil p\u00e5 stedet beslutte, hvor t\u00e6t det er sikkert at sejle. <\/p>\n<p>P\u00e5 vej tilbage f\u00e5r du mulighed for at bes\u00f8ge den forladte bos\u00e6ttelse Qoornoq.<\/p>\n<p>Hvis du gerne vil opleve h\u00f8je bjerge, isbjerge og bes\u00f8ge en forladt bos\u00e6ttelse, er dette turen for dig.<\/p>\n<p>Vi sejler med en opvarmet, lukket b\u00e5d. Der er plads til 5 personer og en ekstra klapstol. <\/p>\n<p>Du skal medbringe dine egne drikkevarer og snacks. Men der vil v\u00e6re kaffe\/varmt vand til kakao og te om bord p\u00e5 b\u00e5den.<\/p>\n<p><b>Varighed:<\/b> 6 timer<\/p>\n<p><b>B\u00e5de:<\/b> Targa 25 (med toilet) og Arronet 24,5 (uden toilet)<br \/>\n<b>B\u00e5dtype:<\/b> lukket b\u00e5d<\/p>\n<p><b>Deltagere:<\/b> Bem\u00e6rk, at udflugten kun finder sted, hvis der i alt er reserveret mindst 4 billetter. Hvis du f.eks. reserverer 2 billetter, skal der s\u00e6lges mindst 2 yderligere billetter til andre kunder, for at turen kan gennemf\u00f8res. Der kan maksimalt deltage 6 personer.<\/p>\n<p><b>Sprog:<\/b> Guiden\/kaptajnen taler engelsk, dansk og gr\u00f8nlandsk.<\/p>\n<p><b>Forplejning:<\/b> Der serveres kaffe og te om bord.<\/p>\n<p><b>Anbefalet p\u00e5kl\u00e6dning:<\/b> Varmt t\u00f8j, inkl. hue og handsker, hele \u00e5ret. Solbriller. Solcreme om sommeren.<\/p>\n","protected":false},"excerpt":{"rendered":"<p>Vi sejler dybt ind i Godth\u00e5bsfjorden.<\/p>\n","protected":false},"featured_media":49751,"comment_status":"open","ping_status":"closed","template":"","meta":{"_acf_changed":false},"product_brand":[],"product_cat":[170],"product_tag":[159],"class_list":{"0":"post-2916","1":"product","2":"type-product","3":"status-publish","4":"has-post-thumbnail","6":"product_cat-udflugt","7":"product_tag-1-da","8":"pa_dato-234","9":"pa_dato-236","10":"pa_dato-263","11":"pa_dato-655","12":"pa_dato-547","13":"pa_dato-559","14":"pa_dato-687","15":"pa_dato-738","16":"pa_dato-745","17":"pa_dato-746","18":"pa_dato-846","19":"pa_dato-1102","20":"pa_dato-1103","21":"pa_dato-1104","22":"pa_dato-923","23":"pa_dato-1105","24":"pa_dato-1106","25":"pa_dato-1108","26":"pa_dato-1110","27":"pa_dato-1111","28":"pa_dato-1112","29":"pa_dato-1114","30":"pa_dato-1116","31":"pa_dato-1117","32":"pa_dato-1118","33":"pa_dato-1120","34":"pa_dato-1121","35":"pa_dato-1122","36":"pa_dato-1123","37":"pa_dato-1061","38":"pa_dato-1066","39":"pa_dato-898","40":"pa_dato-1125","41":"pa_dato-1173","42":"pa_dato-1128","43":"pa_dato-1130","44":"pa_dato-1023","45":"pa_dato-1025","46":"pa_dato-1029","47":"pa_dato-990","48":"pa_dato-991","49":"pa_dato-1033","50":"pa_dato-994","51":"pa_dato-1034","52":"pa_dato-1003","53":"pa_dato-1007","54":"pa_dato-1040","55":"pa_dato-1009","56":"pa_dato-1013","57":"pa_dato-1015","58":"pa_dato-1041","59":"pa_dato-1042","60":"pa_dato-1044","61":"pa_dato-899","62":"pa_dato-1048","63":"pa_dato-1052","64":"pa_dato-1055","65":"pa_dato-5927","66":"pa_dato-6085","67":"pa_dato-6086","68":"pa_dato-6031","69":"pa_dato-5950","70":"pa_dato-6103","71":"pa_dato-6048","72":"pa_dato-6049","73":"pa_dato-6092","74":"pa_dato-6104","75":"pa_dato-6039","76":"pa_dato-6040","77":"pa_dato-6029","78":"pa_dato-5917","79":"pa_dato-5919","80":"pa_dato-5881","81":"pa_dato-5923","82":"pa_dato-5921","83":"pa_dato-5891","84":"pa_dato-5890","85":"pa_dato-5916","86":"pa_dato-5934","87":"pa_dato-6065","88":"pa_dato-6071","89":"pa_dato-5993","90":"pa_dato-6070","91":"pa_dato-6019","92":"pa_dato-5947","93":"pa_dato-6064","94":"pa_dato-6047","95":"pa_dato-5999","96":"pa_dato-5895","97":"pa_dato-5952","98":"pa_dato-5879","99":"pa_dato-6020","100":"pa_dato-5948","101":"pa_dato-5933","102":"pa_dato-5949","103":"pa_dato-5983","104":"pa_dato-6000","105":"pa_dato-5882","106":"pa_dato-6051","107":"pa_dato-6046","108":"pa_dato-6030","109":"pa_dato-6058","110":"pa_dato-6059","111":"pa_dato-5964","112":"pa_dato-6067","113":"pa_dato-6024","114":"pa_dato-5931","115":"pa_dato-5926","116":"pa_dato-6062","117":"pa_dato-6025","118":"pa_dato-5883","119":"pa_dato-5929","120":"pa_dato-5988","121":"pa_dato-5889","122":"pa_dato-5958","123":"pa_dato-5938","124":"pa_dato-5980","125":"pa_dato-5977","126":"pa_dato-6002","127":"pa_dato-5961","128":"pa_dato-6060","129":"pa_dato-5918","130":"pa_dato-5978","131":"pa_dato-6026","132":"pa_dato-5990","133":"pa_dato-6061","134":"pa_dato-5940","135":"pa_dato-6003","136":"pa_dato-6074","137":"pa_dato-6081","138":"pa_dato-5942","139":"pa_dato-6078","140":"pa_dato-5982","141":"pa_dato-6028","142":"pa_dato-6088","143":"pa_dato-6094","144":"pa_dato-5992","145":"pa_dato-6091","146":"pa_dato-6080","147":"pa_dato-6089","148":"pa_dato-6073","149":"pa_dato-5944","150":"pa_dato-5945","151":"pa_dato-6106","152":"pa_dato-6105","153":"pa_dato-6119","154":"pa_dato-6235","155":"pa_dato-6293","156":"pa_dato-6176","157":"pa_dato-6355","158":"pa_dato-6231","159":"pa_dato-6232","160":"pa_dato-6234","161":"pa_dato-6496","162":"pa_dato-6454","163":"pa_dato-6473","164":"pa_dato-6480","165":"pa_dato-6456","166":"pa_dato-6418","167":"pa_dato-6470","168":"pa_dato-6287","169":"pa_dato-6242","170":"pa_dato-6357","171":"pa_dato-6416","172":"pa_dato-6477","173":"pa_dato-6412","174":"pa_dato-6417","175":"pa_dato-6276","176":"pa_dato-6346","177":"pa_dato-6469","178":"pa_dato-6467","179":"pa_tidspunkt-187","180":"pa_tidspunkt-72","181":"pa_tidspunkt-6266","182":"pa_tidspunkt-38","183":"pa_tidspunkt-40","184":"pa_tidspunkt-177","185":"pa_tidspunkt-110","186":"tour_location-nuuk-da","187":"tour_type-baadture","188":"tour_tickettype-arctic_excursions","189":"tour_operator-kang-tourism","191":"first","192":"instock","193":"shipping-taxable","194":"purchasable","195":"product-type-variable"},"acf":[],"yoast_head":"<!-- This site is optimized with the Yoast SEO plugin v23.6 - https:\/\/yoast.com\/wordpress\/plugins\/seo\/ -->\n<title>Arctic Excursions<\/title>\n<meta name=\"robots\" content=\"index, follow, max-snippet:-1, max-image-preview:large, max-video-preview:-1\" \/>\n<link rel=\"canonical\" href=\"https:\/\/arcticexcursions.com\/udflugter\/isfjordstur\/\" \/>\n<meta property=\"og:locale\" content=\"da_DK\" \/>\n<meta property=\"og:type\" content=\"article\" \/>\n<meta property=\"og:title\" content=\"Isfjordstur - Arctic Excursions\" \/>\n<meta property=\"og:description\" content=\"Vi sejler dybt ind i Godth\u00e5bsfjorden.\" \/>\n<meta property=\"og:url\" content=\"https:\/\/arcticexcursions.com\/udflugter\/isfjordstur\/\" \/>\n<meta property=\"og:site_name\" content=\"Arctic Excursions\" \/>\n<meta property=\"article:modified_time\" content=\"2026-04-22T11:28:59+00:00\" \/>\n<meta property=\"og:image\" content=\"https:\/\/arcticexcursions.com\/wp-content\/uploads\/2025\/04\/434526713_951321229942667_1936768682378308945_n.jpg\" \/>\n\t<meta property=\"og:image:width\" content=\"2040\" \/>\n\t<meta property=\"og:image:height\" content=\"918\" \/>\n\t<meta property=\"og:image:type\" content=\"image\/jpeg\" \/>\n<meta name=\"twitter:card\" content=\"summary_large_image\" \/>\n<meta name=\"twitter:label1\" content=\"Estimeret l\u00e6setid\" \/>\n\t<meta name=\"twitter:data1\" content=\"1 minut\" \/>\n<script type=\"application\/ld+json\" class=\"yoast-schema-graph\">{\"@context\":\"https:\/\/schema.org\",\"@graph\":[{\"@type\":\"WebPage\",\"@id\":\"https:\/\/arcticexcursions.com\/udflugter\/isfjordstur\/\",\"url\":\"https:\/\/arcticexcursions.com\/udflugter\/isfjordstur\/\",\"name\":\"Isfjordstur - Arctic Excursions\",\"isPartOf\":{\"@id\":\"https:\/\/arcticexcursions.com\/#website\"},\"primaryImageOfPage\":{\"@id\":\"https:\/\/arcticexcursions.com\/udflugter\/isfjordstur\/#primaryimage\"},\"image\":{\"@id\":\"https:\/\/arcticexcursions.com\/udflugter\/isfjordstur\/#primaryimage\"},\"thumbnailUrl\":\"https:\/\/arcticexcursions.com\/wp-content\/uploads\/2025\/04\/434526713_951321229942667_1936768682378308945_n.jpg\",\"datePublished\":\"2022-09-13T12:23:01+00:00\",\"dateModified\":\"2026-04-22T11:28:59+00:00\",\"breadcrumb\":{\"@id\":\"https:\/\/arcticexcursions.com\/udflugter\/isfjordstur\/#breadcrumb\"},\"inLanguage\":\"da-DK\",\"potentialAction\":[{\"@type\":\"ReadAction\",\"target\":[\"https:\/\/arcticexcursions.com\/udflugter\/isfjordstur\/\"]}]},{\"@type\":\"ImageObject\",\"inLanguage\":\"da-DK\",\"@id\":\"https:\/\/arcticexcursions.com\/udflugter\/isfjordstur\/#primaryimage\",\"url\":\"https:\/\/arcticexcursions.com\/wp-content\/uploads\/2025\/04\/434526713_951321229942667_1936768682378308945_n.jpg\",\"contentUrl\":\"https:\/\/arcticexcursions.com\/wp-content\/uploads\/2025\/04\/434526713_951321229942667_1936768682378308945_n.jpg\",\"width\":2040,\"height\":918},{\"@type\":\"BreadcrumbList\",\"@id\":\"https:\/\/arcticexcursions.com\/udflugter\/isfjordstur\/#breadcrumb\",\"itemListElement\":[{\"@type\":\"ListItem\",\"position\":1,\"name\":\"Home\",\"item\":\"https:\/\/arcticexcursions.com\/da\/\"},{\"@type\":\"ListItem\",\"position\":2,\"name\":\"Udflugter i Gr\u00f8nland\",\"item\":\"https:\/\/arcticexcursions.com\/da\/udflugter\/\"},{\"@type\":\"ListItem\",\"position\":3,\"name\":\"Isfjordstur\"}]},{\"@type\":\"WebSite\",\"@id\":\"https:\/\/arcticexcursions.com\/#website\",\"url\":\"https:\/\/arcticexcursions.com\/\",\"name\":\"Arctic Excursions\",\"description\":\"New adventures. Every day.\",\"publisher\":{\"@id\":\"https:\/\/arcticexcursions.com\/#organization\"},\"potentialAction\":[{\"@type\":\"SearchAction\",\"target\":{\"@type\":\"EntryPoint\",\"urlTemplate\":\"https:\/\/arcticexcursions.com\/?s={search_term_string}\"},\"query-input\":{\"@type\":\"PropertyValueSpecification\",\"valueRequired\":true,\"valueName\":\"search_term_string\"}}],\"inLanguage\":\"da-DK\"},{\"@type\":\"Organization\",\"@id\":\"https:\/\/arcticexcursions.com\/#organization\",\"name\":\"Arctic Excursions\",\"url\":\"https:\/\/arcticexcursions.com\/\",\"logo\":{\"@type\":\"ImageObject\",\"inLanguage\":\"da-DK\",\"@id\":\"https:\/\/arcticexcursions.com\/#\/schema\/logo\/image\/\",\"url\":\"https:\/\/arcticexcursions.com\/wp-content\/uploads\/2022\/11\/fb-logo.png\",\"contentUrl\":\"https:\/\/arcticexcursions.com\/wp-content\/uploads\/2022\/11\/fb-logo.png\",\"width\":523,\"height\":523,\"caption\":\"Arctic Excursions\"},\"image\":{\"@id\":\"https:\/\/arcticexcursions.com\/#\/schema\/logo\/image\/\"}}]}<\/script>\n<!-- \/ Yoast SEO plugin. -->","yoast_head_json":{"title":"Arctic Excursions","robots":{"index":"index","follow":"follow","max-snippet":"max-snippet:-1","max-image-preview":"max-image-preview:large","max-video-preview":"max-video-preview:-1"},"canonical":"https:\/\/arcticexcursions.com\/udflugter\/isfjordstur\/","og_locale":"da_DK","og_type":"article","og_title":"Isfjordstur - Arctic Excursions","og_description":"Vi sejler dybt ind i Godth\u00e5bsfjorden.","og_url":"https:\/\/arcticexcursions.com\/udflugter\/isfjordstur\/","og_site_name":"Arctic Excursions","article_modified_time":"2026-04-22T11:28:59+00:00","og_image":[{"width":2040,"height":918,"url":"https:\/\/arcticexcursions.com\/wp-content\/uploads\/2025\/04\/434526713_951321229942667_1936768682378308945_n.jpg","type":"image\/jpeg"}],"twitter_card":"summary_large_image","twitter_misc":{"Estimeret l\u00e6setid":"1 minut"},"schema":{"@context":"https:\/\/schema.org","@graph":[{"@type":"WebPage","@id":"https:\/\/arcticexcursions.com\/udflugter\/isfjordstur\/","url":"https:\/\/arcticexcursions.com\/udflugter\/isfjordstur\/","name":"Isfjordstur - Arctic Excursions","isPartOf":{"@id":"https:\/\/arcticexcursions.com\/#website"},"primaryImageOfPage":{"@id":"https:\/\/arcticexcursions.com\/udflugter\/isfjordstur\/#primaryimage"},"image":{"@id":"https:\/\/arcticexcursions.com\/udflugter\/isfjordstur\/#primaryimage"},"thumbnailUrl":"https:\/\/arcticexcursions.com\/wp-content\/uploads\/2025\/04\/434526713_951321229942667_1936768682378308945_n.jpg","datePublished":"2022-09-13T12:23:01+00:00","dateModified":"2026-04-22T11:28:59+00:00","breadcrumb":{"@id":"https:\/\/arcticexcursions.com\/udflugter\/isfjordstur\/#breadcrumb"},"inLanguage":"da-DK","potentialAction":[{"@type":"ReadAction","target":["https:\/\/arcticexcursions.com\/udflugter\/isfjordstur\/"]}]},{"@type":"ImageObject","inLanguage":"da-DK","@id":"https:\/\/arcticexcursions.com\/udflugter\/isfjordstur\/#primaryimage","url":"https:\/\/arcticexcursions.com\/wp-content\/uploads\/2025\/04\/434526713_951321229942667_1936768682378308945_n.jpg","contentUrl":"https:\/\/arcticexcursions.com\/wp-content\/uploads\/2025\/04\/434526713_951321229942667_1936768682378308945_n.jpg","width":2040,"height":918},{"@type":"BreadcrumbList","@id":"https:\/\/arcticexcursions.com\/udflugter\/isfjordstur\/#breadcrumb","itemListElement":[{"@type":"ListItem","position":1,"name":"Home","item":"https:\/\/arcticexcursions.com\/da\/"},{"@type":"ListItem","position":2,"name":"Udflugter i Gr\u00f8nland","item":"https:\/\/arcticexcursions.com\/da\/udflugter\/"},{"@type":"ListItem","position":3,"name":"Isfjordstur"}]},{"@type":"WebSite","@id":"https:\/\/arcticexcursions.com\/#website","url":"https:\/\/arcticexcursions.com\/","name":"Arctic Excursions","description":"New adventures. Every day.","publisher":{"@id":"https:\/\/arcticexcursions.com\/#organization"},"potentialAction":[{"@type":"SearchAction","target":{"@type":"EntryPoint","urlTemplate":"https:\/\/arcticexcursions.com\/?s={search_term_string}"},"query-input":{"@type":"PropertyValueSpecification","valueRequired":true,"valueName":"search_term_string"}}],"inLanguage":"da-DK"},{"@type":"Organization","@id":"https:\/\/arcticexcursions.com\/#organization","name":"Arctic Excursions","url":"https:\/\/arcticexcursions.com\/","logo":{"@type":"ImageObject","inLanguage":"da-DK","@id":"https:\/\/arcticexcursions.com\/#\/schema\/logo\/image\/","url":"https:\/\/arcticexcursions.com\/wp-content\/uploads\/2022\/11\/fb-logo.png","contentUrl":"https:\/\/arcticexcursions.com\/wp-content\/uploads\/2022\/11\/fb-logo.png","width":523,"height":523,"caption":"Arctic Excursions"},"image":{"@id":"https:\/\/arcticexcursions.com\/#\/schema\/logo\/image\/"}}]}},"_links":{"self":[{"href":"https:\/\/arcticexcursions.com\/da\/wp-json\/wp\/v2\/product\/2916"}],"collection":[{"href":"https:\/\/arcticexcursions.com\/da\/wp-json\/wp\/v2\/product"}],"about":[{"href":"https:\/\/arcticexcursions.com\/da\/wp-json\/wp\/v2\/types\/product"}],"replies":[{"embeddable":true,"href":"https:\/\/arcticexcursions.com\/da\/wp-json\/wp\/v2\/comments?post=2916"}],"wp:featuredmedia":[{"embeddable":true,"href":"https:\/\/arcticexcursions.com\/da\/wp-json\/wp\/v2\/media\/49751"}],"wp:attachment":[{"href":"https:\/\/arcticexcursions.com\/da\/wp-json\/wp\/v2\/media?parent=2916"}],"wp:term":[{"taxonomy":"product_brand","embeddable":true,"href":"https:\/\/arcticexcursions.com\/da\/wp-json\/wp\/v2\/product_brand?post=2916"},{"taxonomy":"product_cat","embeddable":true,"href":"https:\/\/arcticexcursions.com\/da\/wp-json\/wp\/v2\/product_cat?post=2916"},{"taxonomy":"product_tag","embeddable":true,"href":"https:\/\/arcticexcursions.com\/da\/wp-json\/wp\/v2\/product_tag?post=2916"}],"curies":[{"name":"wp","href":"https:\/\/api.w.org\/{rel}","templated":true}]}}