{"id":2958,"date":"2022-09-15T16:12:48","date_gmt":"2022-09-15T14:12:48","guid":{"rendered":"https:\/\/arcticexcursions.com\/?post_type=product&#038;p=2958"},"modified":"2026-03-27T14:42:29","modified_gmt":"2026-03-27T12:42:29","slug":"trip-to-the-greenland-ice-sheet-point-660","status":"publish","type":"product","link":"https:\/\/arcticexcursions.com\/da\/udflugter\/trip-to-the-greenland-ice-sheet-point-660\/","title":{"rendered":"Tur til Indlandsisen &#8211; Punkt 660"},"content":{"rendered":"<p>Kraftige 4WD-k\u00f8ret\u00f8jer vil tage os gennem et utroligt smukt landskab, gennem bjerge, sletter og semi-\u00f8rkendale. N\u00e6r Indlandsisen vandrer vi gennem det fantastiske mor\u00e6nelandskab.<\/p>\n<p>For enden af vejen g\u00e5r vi til Gr\u00f8nlands Indlandsis og ind p\u00e5 den store indlandsis. Vi bruger lidt tid p\u00e5 at udforske denne isverden, f\u00f8r vi vender tilbage til vores k\u00f8ret\u00f8j.<\/p>\n<p>Der er gode chancer for at f\u00e5 \u00f8je p\u00e5 rensdyr, moskusokser og mange fugle- og blomsterarter.<\/p>\n<p><b>Varighed:<\/b> 5 timer<\/p>\n<p><b>Deltagere:<\/b> Bem\u00e6rk venligst, at udflugten kun gennemf\u00f8res, hvis der er mindst 4 bookede billetter i alt. Hvis du for eksempel booker 2 billetter, skal der s\u00e6lges mindst 2 yderligere billetter til andre kunder, f\u00f8r turen kan finde sted. Der vil deltage maksimalt 8 personer.<\/p>\n<p><b>Sprog:<\/b> Guiden taler dansk, engelsk og gr\u00f8nlandsk<\/p>\n<p><b>Forplejning:<\/b> Kaffe og te serveres<\/p>\n<p><b>Anbefalet p\u00e5kl\u00e6dning:<\/b> Varmt, praktisk t\u00f8j og vandresko. Sikkerhedsudstyr er inkluderet. Andet udstyr kan lejes.<\/p>\n<p>Sv\u00e6rhedsgrad: 2 ud af 5<\/p>\n","protected":false},"excerpt":{"rendered":"<p>Meget f\u00e5 steder tilbyder en s\u00e5 f\u00e6nomenal udsigt over Gr\u00f8nlands Indlandsis som Punkt 660, der ligger ved indlandsisens kant. Derfor er dette en af \u200b\u200bde mest popul\u00e6re udflugter i Gr\u00f8nland!<\/p>\n","protected":false},"featured_media":2955,"comment_status":"open","ping_status":"closed","template":"","meta":{"_acf_changed":false},"product_brand":[],"product_cat":[170],"product_tag":[160],"class_list":{"0":"post-2958","1":"product","2":"type-product","3":"status-publish","4":"has-post-thumbnail","6":"product_cat-udflugt","7":"product_tag-2-da","8":"pa_dato-256","9":"pa_dato-475","10":"pa_dato-220","11":"pa_dato-265","12":"pa_dato-529","13":"pa_dato-401","14":"pa_dato-530","15":"pa_dato-403","16":"pa_dato-509","17":"pa_dato-531","18":"pa_dato-332","19":"pa_dato-319","20":"pa_dato-320","21":"pa_dato-327","22":"pa_dato-331","23":"pa_dato-408","24":"pa_dato-334","25":"pa_dato-360","26":"pa_dato-361","27":"pa_dato-362","28":"pa_dato-336","29":"pa_dato-409","30":"pa_dato-337","31":"pa_dato-363","32":"pa_dato-364","33":"pa_dato-365","34":"pa_dato-339","35":"pa_dato-410","36":"pa_dato-340","37":"pa_dato-366","38":"pa_dato-367","39":"pa_dato-368","40":"pa_dato-342","41":"pa_dato-411","42":"pa_dato-391","43":"pa_dato-536","44":"pa_dato-543","45":"pa_dato-465","46":"pa_dato-614","47":"pa_dato-843","48":"pa_dato-1099","49":"pa_dato-1101","50":"pa_dato-1107","51":"pa_dato-1109","52":"pa_dato-1124","53":"pa_dato-899","54":"pa_dato-1279","55":"pa_dato-5953","56":"pa_dato-6087","57":"pa_dato-6022","58":"pa_dato-6024","59":"pa_dato-5889","60":"pa_dato-5958","61":"pa_dato-5938","62":"pa_dato-5977","63":"pa_dato-6002","64":"pa_dato-6060","65":"pa_dato-5944","66":"pa_dato-6105","67":"pa_dato-6187","68":"pa_dato-6158","69":"pa_dato-6174","70":"pa_dato-6302","71":"pa_dato-6301","72":"pa_dato-6463","73":"pa_dato-6344","74":"pa_dato-6453","75":"pa_tidspunkt-40","76":"pa_tidspunkt-304","77":"pa_tidspunkt-177","78":"pa_tidspunkt-314","79":"pa_tidspunkt-308","80":"pa_tidspunkt-61","81":"pa_tidspunkt-255","82":"tour_location-kangerlussuaq-da","83":"tour_type-isbjerge","84":"tour_tickettype-arctic_excursions","85":"tour_operator-albatros-arctic-circle-kangerlussuaq","87":"first","88":"instock","89":"shipping-taxable","90":"purchasable","91":"product-type-variable"},"acf":[],"yoast_head":"<!-- This site is optimized with the Yoast SEO plugin v23.6 - https:\/\/yoast.com\/wordpress\/plugins\/seo\/ -->\n<title>Arctic Excursions<\/title>\n<meta name=\"robots\" content=\"index, follow, max-snippet:-1, max-image-preview:large, max-video-preview:-1\" \/>\n<link rel=\"canonical\" href=\"https:\/\/arcticexcursions.com\/udflugter\/trip-to-the-greenland-ice-sheet-point-660\/\" \/>\n<meta property=\"og:locale\" content=\"da_DK\" \/>\n<meta property=\"og:type\" content=\"article\" \/>\n<meta property=\"og:title\" content=\"Tur til Indlandsisen - Punkt 660 - Arctic Excursions\" \/>\n<meta property=\"og:description\" content=\"Meget f\u00e5 steder tilbyder en s\u00e5 f\u00e6nomenal udsigt over Gr\u00f8nlands Indlandsis som Punkt 660, der ligger ved indlandsisens kant. Derfor er dette en af \u200b\u200bde mest popul\u00e6re udflugter i Gr\u00f8nland!\" \/>\n<meta property=\"og:url\" content=\"https:\/\/arcticexcursions.com\/udflugter\/trip-to-the-greenland-ice-sheet-point-660\/\" \/>\n<meta property=\"og:site_name\" content=\"Arctic Excursions\" \/>\n<meta property=\"article:modified_time\" content=\"2026-03-27T12:42:29+00:00\" \/>\n<meta property=\"og:image\" content=\"https:\/\/arcticexcursions.com\/wp-content\/uploads\/2022\/09\/ALBATROS-ARCTIC-CIRCLE-Point-660-scaled.jpg\" \/>\n\t<meta property=\"og:image:width\" content=\"2560\" \/>\n\t<meta property=\"og:image:height\" content=\"1702\" \/>\n\t<meta property=\"og:image:type\" content=\"image\/jpeg\" \/>\n<meta name=\"twitter:card\" content=\"summary_large_image\" \/>\n<meta name=\"twitter:label1\" content=\"Estimeret l\u00e6setid\" \/>\n\t<meta name=\"twitter:data1\" content=\"2 minutter\" \/>\n<script type=\"application\/ld+json\" class=\"yoast-schema-graph\">{\"@context\":\"https:\/\/schema.org\",\"@graph\":[{\"@type\":\"WebPage\",\"@id\":\"https:\/\/arcticexcursions.com\/udflugter\/trip-to-the-greenland-ice-sheet-point-660\/\",\"url\":\"https:\/\/arcticexcursions.com\/udflugter\/trip-to-the-greenland-ice-sheet-point-660\/\",\"name\":\"Tur til Indlandsisen - Punkt 660 - Arctic Excursions\",\"isPartOf\":{\"@id\":\"https:\/\/arcticexcursions.com\/#website\"},\"primaryImageOfPage\":{\"@id\":\"https:\/\/arcticexcursions.com\/udflugter\/trip-to-the-greenland-ice-sheet-point-660\/#primaryimage\"},\"image\":{\"@id\":\"https:\/\/arcticexcursions.com\/udflugter\/trip-to-the-greenland-ice-sheet-point-660\/#primaryimage\"},\"thumbnailUrl\":\"https:\/\/arcticexcursions.com\/wp-content\/uploads\/2022\/09\/ALBATROS-ARCTIC-CIRCLE-Point-660-scaled.jpg\",\"datePublished\":\"2022-09-15T14:12:48+00:00\",\"dateModified\":\"2026-03-27T12:42:29+00:00\",\"breadcrumb\":{\"@id\":\"https:\/\/arcticexcursions.com\/udflugter\/trip-to-the-greenland-ice-sheet-point-660\/#breadcrumb\"},\"inLanguage\":\"da-DK\",\"potentialAction\":[{\"@type\":\"ReadAction\",\"target\":[\"https:\/\/arcticexcursions.com\/udflugter\/trip-to-the-greenland-ice-sheet-point-660\/\"]}]},{\"@type\":\"ImageObject\",\"inLanguage\":\"da-DK\",\"@id\":\"https:\/\/arcticexcursions.com\/udflugter\/trip-to-the-greenland-ice-sheet-point-660\/#primaryimage\",\"url\":\"https:\/\/arcticexcursions.com\/wp-content\/uploads\/2022\/09\/ALBATROS-ARCTIC-CIRCLE-Point-660-scaled.jpg\",\"contentUrl\":\"https:\/\/arcticexcursions.com\/wp-content\/uploads\/2022\/09\/ALBATROS-ARCTIC-CIRCLE-Point-660-scaled.jpg\",\"width\":2560,\"height\":1702},{\"@type\":\"BreadcrumbList\",\"@id\":\"https:\/\/arcticexcursions.com\/udflugter\/trip-to-the-greenland-ice-sheet-point-660\/#breadcrumb\",\"itemListElement\":[{\"@type\":\"ListItem\",\"position\":1,\"name\":\"Home\",\"item\":\"https:\/\/arcticexcursions.com\/da\/\"},{\"@type\":\"ListItem\",\"position\":2,\"name\":\"Udflugter i Gr\u00f8nland\",\"item\":\"https:\/\/arcticexcursions.com\/da\/udflugter\/\"},{\"@type\":\"ListItem\",\"position\":3,\"name\":\"Tur til Indlandsisen &#8211; Punkt 660\"}]},{\"@type\":\"WebSite\",\"@id\":\"https:\/\/arcticexcursions.com\/#website\",\"url\":\"https:\/\/arcticexcursions.com\/\",\"name\":\"Arctic Excursions\",\"description\":\"New adventures. Every day.\",\"publisher\":{\"@id\":\"https:\/\/arcticexcursions.com\/#organization\"},\"potentialAction\":[{\"@type\":\"SearchAction\",\"target\":{\"@type\":\"EntryPoint\",\"urlTemplate\":\"https:\/\/arcticexcursions.com\/?s={search_term_string}\"},\"query-input\":{\"@type\":\"PropertyValueSpecification\",\"valueRequired\":true,\"valueName\":\"search_term_string\"}}],\"inLanguage\":\"da-DK\"},{\"@type\":\"Organization\",\"@id\":\"https:\/\/arcticexcursions.com\/#organization\",\"name\":\"Arctic Excursions\",\"url\":\"https:\/\/arcticexcursions.com\/\",\"logo\":{\"@type\":\"ImageObject\",\"inLanguage\":\"da-DK\",\"@id\":\"https:\/\/arcticexcursions.com\/#\/schema\/logo\/image\/\",\"url\":\"https:\/\/arcticexcursions.com\/wp-content\/uploads\/2022\/11\/fb-logo.png\",\"contentUrl\":\"https:\/\/arcticexcursions.com\/wp-content\/uploads\/2022\/11\/fb-logo.png\",\"width\":523,\"height\":523,\"caption\":\"Arctic Excursions\"},\"image\":{\"@id\":\"https:\/\/arcticexcursions.com\/#\/schema\/logo\/image\/\"}}]}<\/script>\n<!-- \/ Yoast SEO plugin. -->","yoast_head_json":{"title":"Arctic Excursions","robots":{"index":"index","follow":"follow","max-snippet":"max-snippet:-1","max-image-preview":"max-image-preview:large","max-video-preview":"max-video-preview:-1"},"canonical":"https:\/\/arcticexcursions.com\/udflugter\/trip-to-the-greenland-ice-sheet-point-660\/","og_locale":"da_DK","og_type":"article","og_title":"Tur til Indlandsisen - Punkt 660 - Arctic Excursions","og_description":"Meget f\u00e5 steder tilbyder en s\u00e5 f\u00e6nomenal udsigt over Gr\u00f8nlands Indlandsis som Punkt 660, der ligger ved indlandsisens kant. Derfor er dette en af \u200b\u200bde mest popul\u00e6re udflugter i Gr\u00f8nland!","og_url":"https:\/\/arcticexcursions.com\/udflugter\/trip-to-the-greenland-ice-sheet-point-660\/","og_site_name":"Arctic Excursions","article_modified_time":"2026-03-27T12:42:29+00:00","og_image":[{"width":2560,"height":1702,"url":"https:\/\/arcticexcursions.com\/wp-content\/uploads\/2022\/09\/ALBATROS-ARCTIC-CIRCLE-Point-660-scaled.jpg","type":"image\/jpeg"}],"twitter_card":"summary_large_image","twitter_misc":{"Estimeret l\u00e6setid":"2 minutter"},"schema":{"@context":"https:\/\/schema.org","@graph":[{"@type":"WebPage","@id":"https:\/\/arcticexcursions.com\/udflugter\/trip-to-the-greenland-ice-sheet-point-660\/","url":"https:\/\/arcticexcursions.com\/udflugter\/trip-to-the-greenland-ice-sheet-point-660\/","name":"Tur til Indlandsisen - Punkt 660 - Arctic Excursions","isPartOf":{"@id":"https:\/\/arcticexcursions.com\/#website"},"primaryImageOfPage":{"@id":"https:\/\/arcticexcursions.com\/udflugter\/trip-to-the-greenland-ice-sheet-point-660\/#primaryimage"},"image":{"@id":"https:\/\/arcticexcursions.com\/udflugter\/trip-to-the-greenland-ice-sheet-point-660\/#primaryimage"},"thumbnailUrl":"https:\/\/arcticexcursions.com\/wp-content\/uploads\/2022\/09\/ALBATROS-ARCTIC-CIRCLE-Point-660-scaled.jpg","datePublished":"2022-09-15T14:12:48+00:00","dateModified":"2026-03-27T12:42:29+00:00","breadcrumb":{"@id":"https:\/\/arcticexcursions.com\/udflugter\/trip-to-the-greenland-ice-sheet-point-660\/#breadcrumb"},"inLanguage":"da-DK","potentialAction":[{"@type":"ReadAction","target":["https:\/\/arcticexcursions.com\/udflugter\/trip-to-the-greenland-ice-sheet-point-660\/"]}]},{"@type":"ImageObject","inLanguage":"da-DK","@id":"https:\/\/arcticexcursions.com\/udflugter\/trip-to-the-greenland-ice-sheet-point-660\/#primaryimage","url":"https:\/\/arcticexcursions.com\/wp-content\/uploads\/2022\/09\/ALBATROS-ARCTIC-CIRCLE-Point-660-scaled.jpg","contentUrl":"https:\/\/arcticexcursions.com\/wp-content\/uploads\/2022\/09\/ALBATROS-ARCTIC-CIRCLE-Point-660-scaled.jpg","width":2560,"height":1702},{"@type":"BreadcrumbList","@id":"https:\/\/arcticexcursions.com\/udflugter\/trip-to-the-greenland-ice-sheet-point-660\/#breadcrumb","itemListElement":[{"@type":"ListItem","position":1,"name":"Home","item":"https:\/\/arcticexcursions.com\/da\/"},{"@type":"ListItem","position":2,"name":"Udflugter i Gr\u00f8nland","item":"https:\/\/arcticexcursions.com\/da\/udflugter\/"},{"@type":"ListItem","position":3,"name":"Tur til Indlandsisen &#8211; Punkt 660"}]},{"@type":"WebSite","@id":"https:\/\/arcticexcursions.com\/#website","url":"https:\/\/arcticexcursions.com\/","name":"Arctic Excursions","description":"New adventures. Every day.","publisher":{"@id":"https:\/\/arcticexcursions.com\/#organization"},"potentialAction":[{"@type":"SearchAction","target":{"@type":"EntryPoint","urlTemplate":"https:\/\/arcticexcursions.com\/?s={search_term_string}"},"query-input":{"@type":"PropertyValueSpecification","valueRequired":true,"valueName":"search_term_string"}}],"inLanguage":"da-DK"},{"@type":"Organization","@id":"https:\/\/arcticexcursions.com\/#organization","name":"Arctic Excursions","url":"https:\/\/arcticexcursions.com\/","logo":{"@type":"ImageObject","inLanguage":"da-DK","@id":"https:\/\/arcticexcursions.com\/#\/schema\/logo\/image\/","url":"https:\/\/arcticexcursions.com\/wp-content\/uploads\/2022\/11\/fb-logo.png","contentUrl":"https:\/\/arcticexcursions.com\/wp-content\/uploads\/2022\/11\/fb-logo.png","width":523,"height":523,"caption":"Arctic Excursions"},"image":{"@id":"https:\/\/arcticexcursions.com\/#\/schema\/logo\/image\/"}}]}},"_links":{"self":[{"href":"https:\/\/arcticexcursions.com\/da\/wp-json\/wp\/v2\/product\/2958"}],"collection":[{"href":"https:\/\/arcticexcursions.com\/da\/wp-json\/wp\/v2\/product"}],"about":[{"href":"https:\/\/arcticexcursions.com\/da\/wp-json\/wp\/v2\/types\/product"}],"replies":[{"embeddable":true,"href":"https:\/\/arcticexcursions.com\/da\/wp-json\/wp\/v2\/comments?post=2958"}],"wp:featuredmedia":[{"embeddable":true,"href":"https:\/\/arcticexcursions.com\/da\/wp-json\/wp\/v2\/media\/2955"}],"wp:attachment":[{"href":"https:\/\/arcticexcursions.com\/da\/wp-json\/wp\/v2\/media?parent=2958"}],"wp:term":[{"taxonomy":"product_brand","embeddable":true,"href":"https:\/\/arcticexcursions.com\/da\/wp-json\/wp\/v2\/product_brand?post=2958"},{"taxonomy":"product_cat","embeddable":true,"href":"https:\/\/arcticexcursions.com\/da\/wp-json\/wp\/v2\/product_cat?post=2958"},{"taxonomy":"product_tag","embeddable":true,"href":"https:\/\/arcticexcursions.com\/da\/wp-json\/wp\/v2\/product_tag?post=2958"}],"curies":[{"name":"wp","href":"https:\/\/api.w.org\/{rel}","templated":true}]}}