{"id":3121,"date":"2022-09-26T09:33:11","date_gmt":"2022-09-26T07:33:11","guid":{"rendered":"https:\/\/arcticexcursions.com\/?post_type=product&#038;p=3121"},"modified":"2025-09-30T12:05:18","modified_gmt":"2025-09-30T10:05:18","slug":"kapisillit","status":"publish","type":"product","link":"https:\/\/arcticexcursions.com\/da\/udflugter\/kapisillit\/","title":{"rendered":"B\u00e5dtur til bygden Kapisillit"},"content":{"rendered":"<p>P\u00e5 denne b\u00e5dtur handler det om at bes\u00f8ge landsbyen Kapisillit, der er hjemsted for cirka 60 mennesker og befolkningen lever for det meste p\u00e5 fiskeri. <\/p>\n<p>Det fascinerende ved dette sted er, at det kombinerer den gamle m\u00e5de at leve p\u00e5 med mere moderne bekvemmeligheder s\u00e5som en lille butik og skole for b\u00f8rnene. <\/p>\n<p>Landsbyen har et servicehus, hvor indbyggerne har muligheden for at se en sygeplejerske eller endda f\u00e5 et varmt brusebad.<\/p>\n<p>Det er en opvarmet lukket b\u00e5d vi sejler med. Siddeplads til 5 personer, og en ekstra klapstol. <\/p>\n<p>Drikkevarer og snacks skal selv medbringes. <\/p>\n<p>Der er toilet ombord i Targa (KASSOQ) b\u00e5den, og ingen toilet i Arronet (LILJA)<\/p>\n<p><b>BEM\u00c6RK:<\/b> Der skal v\u00e6re mindst 4 tilmeldte i alt for at turen gennemf\u00f8res.<\/p>\n","protected":false},"excerpt":{"rendered":"<p>B\u00e5dtur til Kapisillit<\/p>\n","protected":false},"featured_media":53470,"comment_status":"open","ping_status":"closed","template":"","meta":{"_acf_changed":false},"product_brand":[],"product_cat":[170],"product_tag":[159],"class_list":{"0":"post-3121","1":"product","2":"type-product","3":"status-publish","4":"has-post-thumbnail","6":"product_cat-udflugt","7":"product_tag-1-da","8":"pa_dato-310","9":"pa_dato-772","10":"pa_dato-882","11":"pa_dato-962","12":"pa_dato-1061","13":"pa_dato-898","14":"pa_dato-6055","15":"pa_dato-6079","16":"pa_dato-6101","17":"pa_dato-6102","18":"pa_dato-5877","19":"pa_dato-6085","20":"pa_dato-6086","21":"pa_dato-6031","22":"pa_dato-5950","23":"pa_dato-6103","24":"pa_dato-6048","25":"pa_dato-6049","26":"pa_dato-6092","27":"pa_dato-6104","28":"pa_dato-6038","29":"pa_dato-6039","30":"pa_dato-6040","31":"pa_dato-6029","32":"pa_dato-6041","33":"pa_dato-5881","34":"pa_dato-5923","35":"pa_dato-5921","36":"pa_dato-5891","37":"pa_dato-5890","38":"pa_dato-5916","39":"pa_dato-5934","40":"pa_dato-6065","41":"pa_dato-6017","42":"pa_dato-6071","43":"pa_dato-5993","44":"pa_dato-6070","45":"pa_dato-6019","46":"pa_dato-5947","47":"pa_dato-6064","48":"pa_dato-6047","49":"pa_dato-5999","50":"pa_dato-5895","51":"pa_dato-5952","52":"pa_dato-6020","53":"pa_dato-5948","54":"pa_dato-5933","55":"pa_dato-5949","56":"pa_dato-5983","57":"pa_dato-5882","58":"pa_dato-6051","59":"pa_dato-6046","60":"pa_dato-6030","61":"pa_dato-6022","62":"pa_dato-6058","63":"pa_dato-6067","64":"pa_dato-6024","65":"pa_dato-5931","66":"pa_dato-5926","67":"pa_dato-6025","68":"pa_dato-5883","69":"pa_dato-5929","70":"pa_dato-5988","71":"pa_dato-5958","72":"pa_dato-5938","73":"pa_dato-5977","74":"pa_dato-6002","75":"pa_dato-5961","76":"pa_dato-6060","77":"pa_dato-5918","78":"pa_dato-5978","79":"pa_dato-6003","80":"pa_dato-5957","81":"pa_dato-6078","82":"pa_dato-5982","83":"pa_dato-6028","84":"pa_dato-6088","85":"pa_dato-6094","86":"pa_dato-5992","87":"pa_dato-6090","88":"pa_dato-6091","89":"pa_dato-6148","90":"pa_dato-6080","91":"pa_dato-6089","92":"pa_dato-6073","93":"pa_dato-5944","94":"pa_dato-5945","95":"pa_dato-6106","96":"pa_dato-6084","97":"pa_dato-6105","98":"pa_dato-6119","99":"pa_tidspunkt-72","100":"pa_tidspunkt-40","101":"tour_location-nuuk-da","102":"tour_type-baadture","103":"tour_tickettype-arctic_excursions","104":"tour_operator-kang-tourism","106":"first","107":"outofstock","108":"shipping-taxable","109":"product-type-variable"},"acf":[],"yoast_head":"<!-- This site is optimized with the Yoast SEO plugin v23.6 - https:\/\/yoast.com\/wordpress\/plugins\/seo\/ -->\n<title>Arctic Excursions<\/title>\n<meta name=\"robots\" content=\"index, follow, max-snippet:-1, max-image-preview:large, max-video-preview:-1\" \/>\n<link rel=\"canonical\" href=\"https:\/\/arcticexcursions.com\/da\/udflugter\/kapisillit\/\" \/>\n<meta property=\"og:locale\" content=\"da_DK\" \/>\n<meta property=\"og:type\" content=\"article\" \/>\n<meta property=\"og:title\" content=\"B\u00e5dtur til bygden Kapisillit - Arctic Excursions\" \/>\n<meta property=\"og:description\" content=\"B\u00e5dtur til Kapisillit\" \/>\n<meta property=\"og:url\" content=\"https:\/\/arcticexcursions.com\/da\/udflugter\/kapisillit\/\" \/>\n<meta property=\"og:site_name\" content=\"Arctic Excursions\" \/>\n<meta property=\"article:modified_time\" content=\"2025-09-30T10:05:18+00:00\" \/>\n<meta property=\"og:image\" content=\"https:\/\/arcticexcursions.com\/wp-content\/uploads\/2025\/05\/cc9cb797-1e9a-4545-beeb-a92727014d72.jpeg\" \/>\n\t<meta property=\"og:image:width\" content=\"768\" \/>\n\t<meta property=\"og:image:height\" content=\"1024\" \/>\n\t<meta property=\"og:image:type\" content=\"image\/jpeg\" \/>\n<meta name=\"twitter:card\" content=\"summary_large_image\" \/>\n<meta name=\"twitter:label1\" content=\"Estimeret l\u00e6setid\" \/>\n\t<meta name=\"twitter:data1\" content=\"1 minut\" \/>\n<script type=\"application\/ld+json\" class=\"yoast-schema-graph\">{\"@context\":\"https:\/\/schema.org\",\"@graph\":[{\"@type\":\"WebPage\",\"@id\":\"https:\/\/arcticexcursions.com\/da\/udflugter\/kapisillit\/\",\"url\":\"https:\/\/arcticexcursions.com\/da\/udflugter\/kapisillit\/\",\"name\":\"B\u00e5dtur til bygden Kapisillit - Arctic Excursions\",\"isPartOf\":{\"@id\":\"https:\/\/arcticexcursions.com\/#website\"},\"primaryImageOfPage\":{\"@id\":\"https:\/\/arcticexcursions.com\/da\/udflugter\/kapisillit\/#primaryimage\"},\"image\":{\"@id\":\"https:\/\/arcticexcursions.com\/da\/udflugter\/kapisillit\/#primaryimage\"},\"thumbnailUrl\":\"https:\/\/arcticexcursions.com\/wp-content\/uploads\/2025\/05\/cc9cb797-1e9a-4545-beeb-a92727014d72.jpeg\",\"datePublished\":\"2022-09-26T07:33:11+00:00\",\"dateModified\":\"2025-09-30T10:05:18+00:00\",\"breadcrumb\":{\"@id\":\"https:\/\/arcticexcursions.com\/da\/udflugter\/kapisillit\/#breadcrumb\"},\"inLanguage\":\"da-DK\",\"potentialAction\":[{\"@type\":\"ReadAction\",\"target\":[\"https:\/\/arcticexcursions.com\/da\/udflugter\/kapisillit\/\"]}]},{\"@type\":\"ImageObject\",\"inLanguage\":\"da-DK\",\"@id\":\"https:\/\/arcticexcursions.com\/da\/udflugter\/kapisillit\/#primaryimage\",\"url\":\"https:\/\/arcticexcursions.com\/wp-content\/uploads\/2025\/05\/cc9cb797-1e9a-4545-beeb-a92727014d72.jpeg\",\"contentUrl\":\"https:\/\/arcticexcursions.com\/wp-content\/uploads\/2025\/05\/cc9cb797-1e9a-4545-beeb-a92727014d72.jpeg\",\"width\":768,\"height\":1024},{\"@type\":\"BreadcrumbList\",\"@id\":\"https:\/\/arcticexcursions.com\/da\/udflugter\/kapisillit\/#breadcrumb\",\"itemListElement\":[{\"@type\":\"ListItem\",\"position\":1,\"name\":\"Home\",\"item\":\"https:\/\/arcticexcursions.com\/da\/\"},{\"@type\":\"ListItem\",\"position\":2,\"name\":\"Udflugter i Gr\u00f8nland\",\"item\":\"https:\/\/arcticexcursions.com\/da\/udflugter\/\"},{\"@type\":\"ListItem\",\"position\":3,\"name\":\"B\u00e5dtur til bygden Kapisillit\"}]},{\"@type\":\"WebSite\",\"@id\":\"https:\/\/arcticexcursions.com\/#website\",\"url\":\"https:\/\/arcticexcursions.com\/\",\"name\":\"Arctic Excursions\",\"description\":\"New adventures. Every day.\",\"publisher\":{\"@id\":\"https:\/\/arcticexcursions.com\/#organization\"},\"potentialAction\":[{\"@type\":\"SearchAction\",\"target\":{\"@type\":\"EntryPoint\",\"urlTemplate\":\"https:\/\/arcticexcursions.com\/?s={search_term_string}\"},\"query-input\":{\"@type\":\"PropertyValueSpecification\",\"valueRequired\":true,\"valueName\":\"search_term_string\"}}],\"inLanguage\":\"da-DK\"},{\"@type\":\"Organization\",\"@id\":\"https:\/\/arcticexcursions.com\/#organization\",\"name\":\"Arctic Excursions\",\"url\":\"https:\/\/arcticexcursions.com\/\",\"logo\":{\"@type\":\"ImageObject\",\"inLanguage\":\"da-DK\",\"@id\":\"https:\/\/arcticexcursions.com\/#\/schema\/logo\/image\/\",\"url\":\"https:\/\/arcticexcursions.com\/wp-content\/uploads\/2022\/11\/fb-logo.png\",\"contentUrl\":\"https:\/\/arcticexcursions.com\/wp-content\/uploads\/2022\/11\/fb-logo.png\",\"width\":523,\"height\":523,\"caption\":\"Arctic Excursions\"},\"image\":{\"@id\":\"https:\/\/arcticexcursions.com\/#\/schema\/logo\/image\/\"}}]}<\/script>\n<!-- \/ Yoast SEO plugin. -->","yoast_head_json":{"title":"Arctic Excursions","robots":{"index":"index","follow":"follow","max-snippet":"max-snippet:-1","max-image-preview":"max-image-preview:large","max-video-preview":"max-video-preview:-1"},"canonical":"https:\/\/arcticexcursions.com\/da\/udflugter\/kapisillit\/","og_locale":"da_DK","og_type":"article","og_title":"B\u00e5dtur til bygden Kapisillit - Arctic Excursions","og_description":"B\u00e5dtur til Kapisillit","og_url":"https:\/\/arcticexcursions.com\/da\/udflugter\/kapisillit\/","og_site_name":"Arctic Excursions","article_modified_time":"2025-09-30T10:05:18+00:00","og_image":[{"width":768,"height":1024,"url":"https:\/\/arcticexcursions.com\/wp-content\/uploads\/2025\/05\/cc9cb797-1e9a-4545-beeb-a92727014d72.jpeg","type":"image\/jpeg"}],"twitter_card":"summary_large_image","twitter_misc":{"Estimeret l\u00e6setid":"1 minut"},"schema":{"@context":"https:\/\/schema.org","@graph":[{"@type":"WebPage","@id":"https:\/\/arcticexcursions.com\/da\/udflugter\/kapisillit\/","url":"https:\/\/arcticexcursions.com\/da\/udflugter\/kapisillit\/","name":"B\u00e5dtur til bygden Kapisillit - Arctic Excursions","isPartOf":{"@id":"https:\/\/arcticexcursions.com\/#website"},"primaryImageOfPage":{"@id":"https:\/\/arcticexcursions.com\/da\/udflugter\/kapisillit\/#primaryimage"},"image":{"@id":"https:\/\/arcticexcursions.com\/da\/udflugter\/kapisillit\/#primaryimage"},"thumbnailUrl":"https:\/\/arcticexcursions.com\/wp-content\/uploads\/2025\/05\/cc9cb797-1e9a-4545-beeb-a92727014d72.jpeg","datePublished":"2022-09-26T07:33:11+00:00","dateModified":"2025-09-30T10:05:18+00:00","breadcrumb":{"@id":"https:\/\/arcticexcursions.com\/da\/udflugter\/kapisillit\/#breadcrumb"},"inLanguage":"da-DK","potentialAction":[{"@type":"ReadAction","target":["https:\/\/arcticexcursions.com\/da\/udflugter\/kapisillit\/"]}]},{"@type":"ImageObject","inLanguage":"da-DK","@id":"https:\/\/arcticexcursions.com\/da\/udflugter\/kapisillit\/#primaryimage","url":"https:\/\/arcticexcursions.com\/wp-content\/uploads\/2025\/05\/cc9cb797-1e9a-4545-beeb-a92727014d72.jpeg","contentUrl":"https:\/\/arcticexcursions.com\/wp-content\/uploads\/2025\/05\/cc9cb797-1e9a-4545-beeb-a92727014d72.jpeg","width":768,"height":1024},{"@type":"BreadcrumbList","@id":"https:\/\/arcticexcursions.com\/da\/udflugter\/kapisillit\/#breadcrumb","itemListElement":[{"@type":"ListItem","position":1,"name":"Home","item":"https:\/\/arcticexcursions.com\/da\/"},{"@type":"ListItem","position":2,"name":"Udflugter i Gr\u00f8nland","item":"https:\/\/arcticexcursions.com\/da\/udflugter\/"},{"@type":"ListItem","position":3,"name":"B\u00e5dtur til bygden Kapisillit"}]},{"@type":"WebSite","@id":"https:\/\/arcticexcursions.com\/#website","url":"https:\/\/arcticexcursions.com\/","name":"Arctic Excursions","description":"New adventures. Every day.","publisher":{"@id":"https:\/\/arcticexcursions.com\/#organization"},"potentialAction":[{"@type":"SearchAction","target":{"@type":"EntryPoint","urlTemplate":"https:\/\/arcticexcursions.com\/?s={search_term_string}"},"query-input":{"@type":"PropertyValueSpecification","valueRequired":true,"valueName":"search_term_string"}}],"inLanguage":"da-DK"},{"@type":"Organization","@id":"https:\/\/arcticexcursions.com\/#organization","name":"Arctic Excursions","url":"https:\/\/arcticexcursions.com\/","logo":{"@type":"ImageObject","inLanguage":"da-DK","@id":"https:\/\/arcticexcursions.com\/#\/schema\/logo\/image\/","url":"https:\/\/arcticexcursions.com\/wp-content\/uploads\/2022\/11\/fb-logo.png","contentUrl":"https:\/\/arcticexcursions.com\/wp-content\/uploads\/2022\/11\/fb-logo.png","width":523,"height":523,"caption":"Arctic Excursions"},"image":{"@id":"https:\/\/arcticexcursions.com\/#\/schema\/logo\/image\/"}}]}},"_links":{"self":[{"href":"https:\/\/arcticexcursions.com\/da\/wp-json\/wp\/v2\/product\/3121"}],"collection":[{"href":"https:\/\/arcticexcursions.com\/da\/wp-json\/wp\/v2\/product"}],"about":[{"href":"https:\/\/arcticexcursions.com\/da\/wp-json\/wp\/v2\/types\/product"}],"replies":[{"embeddable":true,"href":"https:\/\/arcticexcursions.com\/da\/wp-json\/wp\/v2\/comments?post=3121"}],"wp:featuredmedia":[{"embeddable":true,"href":"https:\/\/arcticexcursions.com\/da\/wp-json\/wp\/v2\/media\/53470"}],"wp:attachment":[{"href":"https:\/\/arcticexcursions.com\/da\/wp-json\/wp\/v2\/media?parent=3121"}],"wp:term":[{"taxonomy":"product_brand","embeddable":true,"href":"https:\/\/arcticexcursions.com\/da\/wp-json\/wp\/v2\/product_brand?post=3121"},{"taxonomy":"product_cat","embeddable":true,"href":"https:\/\/arcticexcursions.com\/da\/wp-json\/wp\/v2\/product_cat?post=3121"},{"taxonomy":"product_tag","embeddable":true,"href":"https:\/\/arcticexcursions.com\/da\/wp-json\/wp\/v2\/product_tag?post=3121"}],"curies":[{"name":"wp","href":"https:\/\/api.w.org\/{rel}","templated":true}]}}