{"id":3165,"date":"2022-10-07T10:27:59","date_gmt":"2022-10-07T08:27:59","guid":{"rendered":"https:\/\/arcticexcursions.com\/?post_type=product&#038;p=3165"},"modified":"2026-01-10T15:00:58","modified_gmt":"2026-01-10T13:00:58","slug":"isfjorden-qoornoq","status":"publish","type":"product","link":"https:\/\/arcticexcursions.com\/da\/udflugter\/isfjorden-qoornoq\/","title":{"rendered":"Isfjordstur til Qoornoq"},"content":{"rendered":"<p>Vi sejler ind mod isfjorden, hvor der tit ligger en masse is!<br \/>\nP\u00e5 vejen tilbage sejler vi forbi den nedlagte bygd Qoornoq \u2013 60km inde i Godth\u00e5bsfjorden, som er den anden st\u00f8rste fjord i verden.<\/p>\n<p>Qoornoq var f\u00f8rhen beboet af torskefiskere og deres familier. Der blev anlagt en torskefabrik\/indhandlingssted, en fin kirke og alt hvad man ellers f\u00f8r i tiden havde behov for.<\/p>\n<p>Desv\u00e6rre oplevede man stor nedgang i torskebestanden, og Qoornoq blev nedlagt som bygd i 1972. I dag er bygden et popul\u00e6rt sommerhusomr\u00e5de, og rigtig mange af Nuuks borgere har v\u00e6ret p\u00e5 sommerkoloni her i barndommen.<\/p>\n<p>Sejlturen derind er rigtig flot, og fra Qoornoq er der en sk\u00f8n udsigt mod Isfjorden.<\/p>\n<p>G\u00e5 en tur i den nedlagte bygd, og se de efterladte huse, samt den gamle fiskefabrik.<\/p>\n<p><b>Varighed:<\/b> 4 timer<\/p>\n<p><b>Deltagere:<\/b> Bem\u00e6rk venligst, at udflugten kun gennemf\u00f8res, hvis der er mindst 4 bookede billetter i alt. Hvis du for eksempel booker 2 billetter, skal der s\u00e6lges mindst 2 yderligere billetter til andre kunder, f\u00f8r turen kan finde sted. Der vil deltage maksimalt 12 personer.<\/p>\n<p><b>Sprog:<\/b> Guiden\/kaptajnen taler dansk, engelsk og gr\u00f8nlandsk<\/p>\n<p><b>B\u00e5dtype:<\/b> lukket b\u00e5d<\/p>\n<p><b>Toiletforhold:<\/b> Der er toilet p\u00e5 b\u00e5den<\/p>\n<p><b>Forplejning:<\/b> Kaffe og te serveres p\u00e5 b\u00e5den<\/p>\n<p><b>Anbefalet p\u00e5kl\u00e6dning:<\/b> Varmt t\u00f8j inkl. hue og handsker hele \u00e5ret. Solbriller. Solcreme om sommeren.<\/p>\n","protected":false},"excerpt":{"rendered":"<p>Bes\u00f8g den forladte bygd, Qoornoq<\/p>\n","protected":false},"featured_media":23429,"comment_status":"open","ping_status":"closed","template":"","meta":{"_acf_changed":false},"product_brand":[],"product_cat":[170],"product_tag":[159],"class_list":{"0":"post-3165","1":"product","2":"type-product","3":"status-publish","4":"has-post-thumbnail","6":"product_cat-udflugt","7":"product_tag-1-da","8":"pa_dato-318","9":"pa_dato-256","10":"pa_dato-475","11":"pa_dato-428","12":"pa_dato-485","13":"pa_dato-479","14":"pa_dato-445","15":"pa_dato-482","16":"pa_dato-446","17":"pa_dato-483","18":"pa_dato-484","19":"pa_dato-524","20":"pa_dato-526","21":"pa_dato-330","22":"pa_dato-523","23":"pa_dato-569","24":"pa_dato-450","25":"pa_dato-327","26":"pa_dato-362","27":"pa_dato-364","28":"pa_dato-365","29":"pa_dato-368","30":"pa_dato-371","31":"pa_dato-374","32":"pa_dato-377","33":"pa_dato-380","34":"pa_dato-383","35":"pa_dato-398","36":"pa_dato-733","37":"pa_dato-780","38":"pa_dato-783","39":"pa_dato-913","40":"pa_dato-786","41":"pa_dato-789","42":"pa_dato-792","43":"pa_dato-914","44":"pa_dato-795","45":"pa_dato-798","46":"pa_dato-801","47":"pa_dato-1071","48":"pa_dato-1072","49":"pa_dato-807","50":"pa_dato-985","51":"pa_dato-1077","52":"pa_dato-903","53":"pa_dato-854","54":"pa_dato-870","55":"pa_dato-884","56":"pa_dato-858","57":"pa_dato-860","58":"pa_dato-888","59":"pa_dato-876","60":"pa_dato-1078","61":"pa_dato-879","62":"pa_dato-1079","63":"pa_dato-1357","64":"pa_dato-1275","65":"pa_dato-6175","66":"pa_dato-6257","67":"pa_dato-6253","68":"pa_dato-6259","69":"pa_dato-6264","70":"pa_dato-6180","71":"pa_dato-6133","72":"pa_dato-6157","73":"pa_dato-6158","74":"pa_dato-6160","75":"pa_dato-6360","76":"pa_dato-6361","77":"pa_dato-6402","78":"pa_dato-6298","79":"pa_dato-6206","80":"pa_tidspunkt-40","81":"pa_tidspunkt-304","82":"pa_tidspunkt-6324","83":"tour_location-nuuk-da","84":"tour_type-baadture","85":"tour_tickettype-arctic_excursions","86":"tour_operator-kang-tourism","88":"first","89":"outofstock","90":"shipping-taxable","91":"product-type-variable"},"acf":[],"yoast_head":"<!-- This site is optimized with the Yoast SEO plugin v23.6 - https:\/\/yoast.com\/wordpress\/plugins\/seo\/ -->\n<title>Arctic Excursions<\/title>\n<meta name=\"robots\" content=\"index, follow, max-snippet:-1, max-image-preview:large, max-video-preview:-1\" \/>\n<link rel=\"canonical\" href=\"https:\/\/arcticexcursions.com\/udflugter\/isfjorden-qoornoq\/\" \/>\n<meta property=\"og:locale\" content=\"da_DK\" \/>\n<meta property=\"og:type\" content=\"article\" \/>\n<meta property=\"og:title\" content=\"Isfjordstur til Qoornoq - Arctic Excursions\" \/>\n<meta property=\"og:description\" content=\"Bes\u00f8g den forladte bygd, Qoornoq\" \/>\n<meta property=\"og:url\" content=\"https:\/\/arcticexcursions.com\/udflugter\/isfjorden-qoornoq\/\" \/>\n<meta property=\"og:site_name\" content=\"Arctic Excursions\" \/>\n<meta property=\"article:modified_time\" content=\"2026-01-10T13:00:58+00:00\" \/>\n<meta property=\"og:image\" content=\"https:\/\/arcticexcursions.com\/wp-content\/uploads\/2023\/11\/Aerial-of-old-fish-factory-Qoornoq.-Photo-Elia-Locardi-Visit-Greenland-1-1.jpg\" \/>\n\t<meta property=\"og:image:width\" content=\"1200\" \/>\n\t<meta property=\"og:image:height\" content=\"900\" \/>\n\t<meta property=\"og:image:type\" content=\"image\/jpeg\" \/>\n<meta name=\"twitter:card\" content=\"summary_large_image\" \/>\n<meta name=\"twitter:label1\" content=\"Estimeret l\u00e6setid\" \/>\n\t<meta name=\"twitter:data1\" content=\"1 minut\" \/>\n<script type=\"application\/ld+json\" class=\"yoast-schema-graph\">{\"@context\":\"https:\/\/schema.org\",\"@graph\":[{\"@type\":\"WebPage\",\"@id\":\"https:\/\/arcticexcursions.com\/udflugter\/isfjorden-qoornoq\/\",\"url\":\"https:\/\/arcticexcursions.com\/udflugter\/isfjorden-qoornoq\/\",\"name\":\"Isfjordstur til Qoornoq - Arctic Excursions\",\"isPartOf\":{\"@id\":\"https:\/\/arcticexcursions.com\/#website\"},\"primaryImageOfPage\":{\"@id\":\"https:\/\/arcticexcursions.com\/udflugter\/isfjorden-qoornoq\/#primaryimage\"},\"image\":{\"@id\":\"https:\/\/arcticexcursions.com\/udflugter\/isfjorden-qoornoq\/#primaryimage\"},\"thumbnailUrl\":\"https:\/\/arcticexcursions.com\/wp-content\/uploads\/2023\/11\/Aerial-of-old-fish-factory-Qoornoq.-Photo-Elia-Locardi-Visit-Greenland-1-1.jpg\",\"datePublished\":\"2022-10-07T08:27:59+00:00\",\"dateModified\":\"2026-01-10T13:00:58+00:00\",\"breadcrumb\":{\"@id\":\"https:\/\/arcticexcursions.com\/udflugter\/isfjorden-qoornoq\/#breadcrumb\"},\"inLanguage\":\"da-DK\",\"potentialAction\":[{\"@type\":\"ReadAction\",\"target\":[\"https:\/\/arcticexcursions.com\/udflugter\/isfjorden-qoornoq\/\"]}]},{\"@type\":\"ImageObject\",\"inLanguage\":\"da-DK\",\"@id\":\"https:\/\/arcticexcursions.com\/udflugter\/isfjorden-qoornoq\/#primaryimage\",\"url\":\"https:\/\/arcticexcursions.com\/wp-content\/uploads\/2023\/11\/Aerial-of-old-fish-factory-Qoornoq.-Photo-Elia-Locardi-Visit-Greenland-1-1.jpg\",\"contentUrl\":\"https:\/\/arcticexcursions.com\/wp-content\/uploads\/2023\/11\/Aerial-of-old-fish-factory-Qoornoq.-Photo-Elia-Locardi-Visit-Greenland-1-1.jpg\",\"width\":1200,\"height\":900},{\"@type\":\"BreadcrumbList\",\"@id\":\"https:\/\/arcticexcursions.com\/udflugter\/isfjorden-qoornoq\/#breadcrumb\",\"itemListElement\":[{\"@type\":\"ListItem\",\"position\":1,\"name\":\"Home\",\"item\":\"https:\/\/arcticexcursions.com\/da\/\"},{\"@type\":\"ListItem\",\"position\":2,\"name\":\"Udflugter i Gr\u00f8nland\",\"item\":\"https:\/\/arcticexcursions.com\/da\/udflugter\/\"},{\"@type\":\"ListItem\",\"position\":3,\"name\":\"Isfjordstur til Qoornoq\"}]},{\"@type\":\"WebSite\",\"@id\":\"https:\/\/arcticexcursions.com\/#website\",\"url\":\"https:\/\/arcticexcursions.com\/\",\"name\":\"Arctic Excursions\",\"description\":\"New adventures. Every day.\",\"publisher\":{\"@id\":\"https:\/\/arcticexcursions.com\/#organization\"},\"potentialAction\":[{\"@type\":\"SearchAction\",\"target\":{\"@type\":\"EntryPoint\",\"urlTemplate\":\"https:\/\/arcticexcursions.com\/?s={search_term_string}\"},\"query-input\":{\"@type\":\"PropertyValueSpecification\",\"valueRequired\":true,\"valueName\":\"search_term_string\"}}],\"inLanguage\":\"da-DK\"},{\"@type\":\"Organization\",\"@id\":\"https:\/\/arcticexcursions.com\/#organization\",\"name\":\"Arctic Excursions\",\"url\":\"https:\/\/arcticexcursions.com\/\",\"logo\":{\"@type\":\"ImageObject\",\"inLanguage\":\"da-DK\",\"@id\":\"https:\/\/arcticexcursions.com\/#\/schema\/logo\/image\/\",\"url\":\"https:\/\/arcticexcursions.com\/wp-content\/uploads\/2022\/11\/fb-logo.png\",\"contentUrl\":\"https:\/\/arcticexcursions.com\/wp-content\/uploads\/2022\/11\/fb-logo.png\",\"width\":523,\"height\":523,\"caption\":\"Arctic Excursions\"},\"image\":{\"@id\":\"https:\/\/arcticexcursions.com\/#\/schema\/logo\/image\/\"}}]}<\/script>\n<!-- \/ Yoast SEO plugin. -->","yoast_head_json":{"title":"Arctic Excursions","robots":{"index":"index","follow":"follow","max-snippet":"max-snippet:-1","max-image-preview":"max-image-preview:large","max-video-preview":"max-video-preview:-1"},"canonical":"https:\/\/arcticexcursions.com\/udflugter\/isfjorden-qoornoq\/","og_locale":"da_DK","og_type":"article","og_title":"Isfjordstur til Qoornoq - Arctic Excursions","og_description":"Bes\u00f8g den forladte bygd, Qoornoq","og_url":"https:\/\/arcticexcursions.com\/udflugter\/isfjorden-qoornoq\/","og_site_name":"Arctic Excursions","article_modified_time":"2026-01-10T13:00:58+00:00","og_image":[{"width":1200,"height":900,"url":"https:\/\/arcticexcursions.com\/wp-content\/uploads\/2023\/11\/Aerial-of-old-fish-factory-Qoornoq.-Photo-Elia-Locardi-Visit-Greenland-1-1.jpg","type":"image\/jpeg"}],"twitter_card":"summary_large_image","twitter_misc":{"Estimeret l\u00e6setid":"1 minut"},"schema":{"@context":"https:\/\/schema.org","@graph":[{"@type":"WebPage","@id":"https:\/\/arcticexcursions.com\/udflugter\/isfjorden-qoornoq\/","url":"https:\/\/arcticexcursions.com\/udflugter\/isfjorden-qoornoq\/","name":"Isfjordstur til Qoornoq - Arctic Excursions","isPartOf":{"@id":"https:\/\/arcticexcursions.com\/#website"},"primaryImageOfPage":{"@id":"https:\/\/arcticexcursions.com\/udflugter\/isfjorden-qoornoq\/#primaryimage"},"image":{"@id":"https:\/\/arcticexcursions.com\/udflugter\/isfjorden-qoornoq\/#primaryimage"},"thumbnailUrl":"https:\/\/arcticexcursions.com\/wp-content\/uploads\/2023\/11\/Aerial-of-old-fish-factory-Qoornoq.-Photo-Elia-Locardi-Visit-Greenland-1-1.jpg","datePublished":"2022-10-07T08:27:59+00:00","dateModified":"2026-01-10T13:00:58+00:00","breadcrumb":{"@id":"https:\/\/arcticexcursions.com\/udflugter\/isfjorden-qoornoq\/#breadcrumb"},"inLanguage":"da-DK","potentialAction":[{"@type":"ReadAction","target":["https:\/\/arcticexcursions.com\/udflugter\/isfjorden-qoornoq\/"]}]},{"@type":"ImageObject","inLanguage":"da-DK","@id":"https:\/\/arcticexcursions.com\/udflugter\/isfjorden-qoornoq\/#primaryimage","url":"https:\/\/arcticexcursions.com\/wp-content\/uploads\/2023\/11\/Aerial-of-old-fish-factory-Qoornoq.-Photo-Elia-Locardi-Visit-Greenland-1-1.jpg","contentUrl":"https:\/\/arcticexcursions.com\/wp-content\/uploads\/2023\/11\/Aerial-of-old-fish-factory-Qoornoq.-Photo-Elia-Locardi-Visit-Greenland-1-1.jpg","width":1200,"height":900},{"@type":"BreadcrumbList","@id":"https:\/\/arcticexcursions.com\/udflugter\/isfjorden-qoornoq\/#breadcrumb","itemListElement":[{"@type":"ListItem","position":1,"name":"Home","item":"https:\/\/arcticexcursions.com\/da\/"},{"@type":"ListItem","position":2,"name":"Udflugter i Gr\u00f8nland","item":"https:\/\/arcticexcursions.com\/da\/udflugter\/"},{"@type":"ListItem","position":3,"name":"Isfjordstur til Qoornoq"}]},{"@type":"WebSite","@id":"https:\/\/arcticexcursions.com\/#website","url":"https:\/\/arcticexcursions.com\/","name":"Arctic Excursions","description":"New adventures. Every day.","publisher":{"@id":"https:\/\/arcticexcursions.com\/#organization"},"potentialAction":[{"@type":"SearchAction","target":{"@type":"EntryPoint","urlTemplate":"https:\/\/arcticexcursions.com\/?s={search_term_string}"},"query-input":{"@type":"PropertyValueSpecification","valueRequired":true,"valueName":"search_term_string"}}],"inLanguage":"da-DK"},{"@type":"Organization","@id":"https:\/\/arcticexcursions.com\/#organization","name":"Arctic Excursions","url":"https:\/\/arcticexcursions.com\/","logo":{"@type":"ImageObject","inLanguage":"da-DK","@id":"https:\/\/arcticexcursions.com\/#\/schema\/logo\/image\/","url":"https:\/\/arcticexcursions.com\/wp-content\/uploads\/2022\/11\/fb-logo.png","contentUrl":"https:\/\/arcticexcursions.com\/wp-content\/uploads\/2022\/11\/fb-logo.png","width":523,"height":523,"caption":"Arctic Excursions"},"image":{"@id":"https:\/\/arcticexcursions.com\/#\/schema\/logo\/image\/"}}]}},"_links":{"self":[{"href":"https:\/\/arcticexcursions.com\/da\/wp-json\/wp\/v2\/product\/3165"}],"collection":[{"href":"https:\/\/arcticexcursions.com\/da\/wp-json\/wp\/v2\/product"}],"about":[{"href":"https:\/\/arcticexcursions.com\/da\/wp-json\/wp\/v2\/types\/product"}],"replies":[{"embeddable":true,"href":"https:\/\/arcticexcursions.com\/da\/wp-json\/wp\/v2\/comments?post=3165"}],"wp:featuredmedia":[{"embeddable":true,"href":"https:\/\/arcticexcursions.com\/da\/wp-json\/wp\/v2\/media\/23429"}],"wp:attachment":[{"href":"https:\/\/arcticexcursions.com\/da\/wp-json\/wp\/v2\/media?parent=3165"}],"wp:term":[{"taxonomy":"product_brand","embeddable":true,"href":"https:\/\/arcticexcursions.com\/da\/wp-json\/wp\/v2\/product_brand?post=3165"},{"taxonomy":"product_cat","embeddable":true,"href":"https:\/\/arcticexcursions.com\/da\/wp-json\/wp\/v2\/product_cat?post=3165"},{"taxonomy":"product_tag","embeddable":true,"href":"https:\/\/arcticexcursions.com\/da\/wp-json\/wp\/v2\/product_tag?post=3165"}],"curies":[{"name":"wp","href":"https:\/\/api.w.org\/{rel}","templated":true}]}}